{"id":6246,"date":"2019-02-07T16:57:21","date_gmt":"2019-02-07T16:57:21","guid":{"rendered":"https:\/\/cancerfertilityandme.org.uk\/korzystanie-z-tej-strony-internetowej\/"},"modified":"2025-11-17T10:53:50","modified_gmt":"2025-11-17T10:53:50","slug":"korzystanie-z-tej-strony-internetowej","status":"publish","type":"page","link":"https:\/\/cancerfertilityandme.org.uk\/pl\/dorosle-kobiety\/o-stronie\/korzystanie-z-tej-strony-internetowej\/","title":{"rendered":"Korzystanie z tej strony internetowej"},"content":{"rendered":"\t\t<div data-elementor-type=\"wp-page\" data-elementor-id=\"6246\" class=\"elementor elementor-6246 elementor-5603\" data-elementor-post-type=\"page\">\n\t\t\t\t<main class=\"elementor-element elementor-element-2122ebfc e-flex e-con-boxed e-con e-parent\" data-id=\"2122ebfc\" data-element_type=\"container\" data-e-type=\"container\">\n\t\t\t\t\t<div class=\"e-con-inner\">\n\t\t<div class=\"elementor-element elementor-element-70263d2a e-con-full e-flex e-con e-child\" data-id=\"70263d2a\" data-element_type=\"container\" data-e-type=\"container\">\n\t\t\t\t<div class=\"elementor-element elementor-element-4e959baf elementor-widget elementor-widget-text-editor\" data-id=\"4e959baf\" data-element_type=\"widget\" data-e-type=\"widget\" data-widget_type=\"text-editor.default\">\n\t\t\t\t<div class=\"elementor-widget-container\">\n\t\t\t\t\t\t\t\t\t<h2>Korzystanie z tej witryny internetowej pomo\u017ce Ci podj\u0105\u0107 decyzj\u0119<\/h2><p>Niekt\u00f3re kobiety rozpoczynaj\u0105ce leczenie raka b\u0119d\u0105 wiedzia\u0142y na pewno, czy chc\u0105 rozwa\u017cy\u0107 zachowanie p\u0142odno\u015bci. Niekt\u00f3re kobiety nie maj\u0105 pewno\u015bci co do decyzji o ochronie p\u0142odno\u015bci i tego, kt\u00f3ra opcja jest dla nich najlepsza. <\/p><p>Aby wesprze\u0107 Pani\u0105 w podj\u0119ciu tej decyzji, niniejsza strona internetowa zawiera informacje, kt\u00f3re mog\u0105 Pani pom\u00f3c:<\/p><ul><li>Dowiedzie\u0107 si\u0119 wi\u0119cej o r\u00f3\u017cnych opcjach zachowania p\u0142odno\u015bci.<\/li><li>Zastanowi\u0107 si\u0119, czy zachowanie p\u0142odno\u015bci by\u0142oby dla Pani odpowiedni\u0105 opcj\u0105.<\/li><li>Pomy\u015ble\u0107 o tym, co jest wa\u017cne dla Pani \u017cycia teraz i w przysz\u0142o\u015bci.<\/li><li>Rozmawia\u0107 ze swoim zespo\u0142em opieki onkologicznej i zespo\u0142em opieki nad p\u0142odno\u015bci\u0105 podczas podejmowania decyzji.<\/li><li>Dzi\u0119ki temu lepiej zrozumia\u0142em moje leczenie i dost\u0119pne opcje.<\/li><\/ul><p>Mo\u017ce Pani korzysta\u0107 z tej strony na r\u00f3\u017cne sposoby. Przydatne mo\u017ce okaza\u0107 si\u0119 kilkukrotne przejrzenie tej strony lub zag\u0142\u0119bienie si\u0119 w jej poszczeg\u00f3lne sekcje. Mo\u017ce Pani chcie\u0107 przeczyta\u0107 j\u0105 samodzielnie lub podzieli\u0107 si\u0119 ni\u0105 ze swoim zespo\u0142em opieki onkologicznej i zespo\u0142em opieki nad p\u0142odno\u015bci\u0105, partnerem, rodzin\u0105 i przyjaci\u00f3\u0142mi, gdy b\u0119dzie Pani zastanawia\u0107 si\u0119 nad swoj\u0105 decyzj\u0105.  <\/p><p>Witryna zosta\u0142a zaprojektowana w celu zapewnienia jasnych informacji i oferuje nast\u0119puj\u0105ce mo\u017cliwo\u015bci:<\/p><ul><li>Prosta nawigacja z podzia\u0142em na sekcje dotycz\u0105ce leczenia raka, problem\u00f3w z p\u0142odno\u015bci\u0105, decyzji o zachowaniu p\u0142odno\u015bci i planowania rodziny.<\/li><li>Ilustracje przedstawiaj\u0105ce decyzje dotycz\u0105ce p\u0142odno\u015bci kobiet <u>przed<\/u>, <u>w trakcie<\/u> i <u>po<\/u> leczeniu raka.<\/li><li>Tabele opisuj\u0105ce w\u0142a\u015bciwo\u015bci r\u00f3\u017cnych sposob\u00f3w ochrony p\u0142odno\u015bci u\u0142o\u017cone tak by \u0142atwiej by\u0142o por\u00f3wna\u0107 w czym s\u0105 podobne, a w czym si\u0119 r\u00f3\u017cni\u0105.<\/li><li>Pytania, kt\u00f3re mo\u017ce Pani chcie\u0107 zada\u0107 swojemu zespo\u0142owi opieki onkologicznej i zespo\u0142owi opieki nad p\u0142odno\u015bci\u0105.<\/li><li>Wskaz\u00f3wki do zapisywania notatek lub wa\u017cnych dla Pani pyta\u0144 dotycz\u0105cych Pani \u017cycia, diagnozy raka i przysz\u0142ej p\u0142odno\u015bci.<\/li><li>S\u0142owniczek podaj\u0105cy znaczenie termin\u00f3w u\u017cywanych do omawiania raka i jego leczenia, p\u0142odno\u015bci i zachowania p\u0142odno\u015bci.<\/li><\/ul>\t\t\t\t\t\t\t\t<\/div>\n\t\t\t\t<\/div>\n\t\t<div class=\"elementor-element elementor-element-338bd4e9 e-con-full e-flex e-con e-child\" data-id=\"338bd4e9\" data-element_type=\"container\" data-e-type=\"container\" data-settings=\"{&quot;background_background&quot;:&quot;classic&quot;}\">\n\t\t\t\t<div class=\"elementor-element elementor-element-15254727 elementor-widget elementor-widget-text-editor\" data-id=\"15254727\" data-element_type=\"widget\" data-e-type=\"widget\" data-widget_type=\"text-editor.default\">\n\t\t\t\t<div class=\"elementor-widget-container\">\n\t\t\t\t\t\t\t\t\t<h3>Informacja<\/h3>\n<p>Ta strona internetowa podkre\u015bla znaczenie rozmowy z zespo\u0142em opieki onkologicznej i zespo\u0142em opieki nad p\u0142odno\u015bci\u0105 <b>przed<\/b> rozpocz\u0119ciem leczenia raka. Pomo\u017ce ona Pani zastanowi\u0107 si\u0119, jakie pytania nale\u017ca\u0142oby zada\u0107 i jak nawigowa\u0107 rozmowy, kt\u00f3re mo\u017ce Pani zechcie\u0107 z nimi przeprowadzi\u0107. <\/p>\n<ul>\n<li>Nie wszystkie procedury zachowania p\u0142odno\u015bci opisane na tej stronie s\u0105 odpowiednie dla ka\u017cdej kobiety.<\/li>\n<li>Nie wszystkie kobiety b\u0119d\u0105 mog\u0142y podda\u0107 si\u0119 procedurom zachowania p\u0142odno\u015bci opisanym na tej stronie.<\/li>\n<li>Nie wszystkie kobiety leczone z powodu raka b\u0119d\u0105 mia\u0142y problemy z p\u0142odno\u015bci\u0105 w przysz\u0142o\u015bci.<\/li>\n<li>Niekt\u00f3re procedury zachowania p\u0142odno\u015bci opisane na tej stronie mog\u0105 nie by\u0107 dost\u0119pne we wszystkich klinikach opieki nad p\u0142odno\u015bci\u0105.<\/li>\n<\/ul>\t\t\t\t\t\t\t\t<\/div>\n\t\t\t\t<\/div>\n\t\t\t\t<\/div>\n\t\t\t\t<\/div>\n\t\t<div class=\"elementor-element elementor-element-4c45813a e-con-full e-flex e-con e-child\" data-id=\"4c45813a\" data-element_type=\"container\" data-e-type=\"container\">\n\t\t<div class=\"elementor-element elementor-element-74317676 e-con-full e-flex e-con e-child\" data-id=\"74317676\" data-element_type=\"container\" data-e-type=\"container\">\n\t\t\t\t<div class=\"elementor-element elementor-element-13a82141 elementor-widget elementor-widget-image\" data-id=\"13a82141\" data-element_type=\"widget\" data-e-type=\"widget\" data-widget_type=\"image.default\">\n\t\t\t\t<div class=\"elementor-widget-container\">\n\t\t\t\t\t\t\t\t\t\t\t\t\t\t\t\t<a href=\"http:\/\/.\/\">\n\t\t\t\t\t\t\t<img fetchpriority=\"high\" decoding=\"async\" width=\"400\" height=\"440\" src=\"https:\/\/cancerfertilityandme.org.uk\/wp-content\/uploads\/cancerfertilityandme-logo-column-adult-women.png\" class=\"attachment-full size-full wp-image-2283\" alt=\"\" srcset=\"https:\/\/cancerfertilityandme.org.uk\/wp-content\/uploads\/cancerfertilityandme-logo-column-adult-women.png 400w, https:\/\/cancerfertilityandme.org.uk\/wp-content\/uploads\/cancerfertilityandme-logo-column-adult-women-273x300.png 273w\" sizes=\"(max-width: 400px) 100vw, 400px\" \/>\t\t\t\t\t\t\t\t<\/a>\n\t\t\t\t\t\t\t\t\t\t\t\t\t\t\t<\/div>\n\t\t\t\t<\/div>\n\t\t\t\t<\/div>\n\t\t<div class=\"elementor-element elementor-element-49f00865 e-con-full e-flex e-con e-child\" data-id=\"49f00865\" data-element_type=\"container\" data-e-type=\"container\">\n\t\t\t\t<div class=\"elementor-element elementor-element-3815a980 elementor-widget elementor-widget-heading\" data-id=\"3815a980\" data-element_type=\"widget\" data-e-type=\"widget\" data-widget_type=\"heading.default\">\n\t\t\t\t<div class=\"elementor-widget-container\">\n\t\t\t\t\t<h3 class=\"elementor-heading-title elementor-size-default\">Aby uzyska\u0107 wi\u0119cej informacji, skorzystaj z tych \u0142\u0105czy<\/h3>\t\t\t\t<\/div>\n\t\t\t\t<\/div>\n\t\t\t\t<div class=\"elementor-element elementor-element-6332b58a elementor-nav-menu--dropdown-none elementor-widget elementor-widget-nav-menu\" data-id=\"6332b58a\" data-element_type=\"widget\" data-e-type=\"widget\" data-settings=\"{&quot;layout&quot;:&quot;vertical&quot;,&quot;submenu_icon&quot;:{&quot;value&quot;:&quot;&lt;svg aria-hidden=\\&quot;true\\&quot; class=\\&quot;e-font-icon-svg e-fas-caret-down\\&quot; viewBox=\\&quot;0 0 320 512\\&quot; xmlns=\\&quot;http:\\\/\\\/www.w3.org\\\/2000\\\/svg\\&quot;&gt;&lt;path d=\\&quot;M31.3 192h257.3c17.8 0 26.7 21.5 14.1 34.1L174.1 354.8c-7.8 7.8-20.5 7.8-28.3 0L17.2 226.1C4.6 213.5 13.5 192 31.3 192z\\&quot;&gt;&lt;\\\/path&gt;&lt;\\\/svg&gt;&quot;,&quot;library&quot;:&quot;fa-solid&quot;}}\" data-widget_type=\"nav-menu.default\">\n\t\t\t\t<div class=\"elementor-widget-container\">\n\t\t\t\t\t\t\t\t<nav aria-label=\"Menu\" class=\"elementor-nav-menu--main elementor-nav-menu__container elementor-nav-menu--layout-vertical e--pointer-none\">\n\t\t\t\t<ul id=\"menu-1-6332b58a\" class=\"elementor-nav-menu sm-vertical\"><li class=\"menu-item menu-item-type-post_type menu-item-object-page menu-item-6817\"><a href=\"https:\/\/cancerfertilityandme.org.uk\/adult-women\/about-this-project\/\" class=\"elementor-item\">O tym projekcie<\/a><\/li>\n<li class=\"menu-item menu-item-type-post_type menu-item-object-page menu-item-6818\"><a href=\"https:\/\/cancerfertilityandme.org.uk\/adult-women\/about-this-project\/decisions-before-during-and-after-treatment\/\" class=\"elementor-item\">Decyzje przed, w trakcie i po leczeniu<\/a><\/li>\n<li class=\"menu-item menu-item-type-post_type menu-item-object-page menu-item-6820\"><a href=\"https:\/\/cancerfertilityandme.org.uk\/adult-women\/about-this-project\/using-this-website\/\" class=\"elementor-item\">Korzystanie z tej strony internetowej<\/a><\/li>\n<li class=\"menu-item menu-item-type-post_type menu-item-object-page menu-item-6819\"><a href=\"https:\/\/cancerfertilityandme.org.uk\/glossary\/\" class=\"elementor-item\">S\u0142owniczek<\/a><\/li>\n<\/ul>\t\t\t<\/nav>\n\t\t\t\t\t\t<nav class=\"elementor-nav-menu--dropdown elementor-nav-menu__container\" aria-hidden=\"true\">\n\t\t\t\t<ul id=\"menu-2-6332b58a\" class=\"elementor-nav-menu sm-vertical\"><li class=\"menu-item menu-item-type-post_type menu-item-object-page menu-item-6817\"><a href=\"https:\/\/cancerfertilityandme.org.uk\/adult-women\/about-this-project\/\" class=\"elementor-item\" tabindex=\"-1\">O tym projekcie<\/a><\/li>\n<li class=\"menu-item menu-item-type-post_type menu-item-object-page menu-item-6818\"><a href=\"https:\/\/cancerfertilityandme.org.uk\/adult-women\/about-this-project\/decisions-before-during-and-after-treatment\/\" class=\"elementor-item\" tabindex=\"-1\">Decyzje przed, w trakcie i po leczeniu<\/a><\/li>\n<li class=\"menu-item menu-item-type-post_type menu-item-object-page menu-item-6820\"><a href=\"https:\/\/cancerfertilityandme.org.uk\/adult-women\/about-this-project\/using-this-website\/\" class=\"elementor-item\" tabindex=\"-1\">Korzystanie z tej strony internetowej<\/a><\/li>\n<li class=\"menu-item menu-item-type-post_type menu-item-object-page menu-item-6819\"><a href=\"https:\/\/cancerfertilityandme.org.uk\/glossary\/\" class=\"elementor-item\" tabindex=\"-1\">S\u0142owniczek<\/a><\/li>\n<\/ul>\t\t\t<\/nav>\n\t\t\t\t\t\t<\/div>\n\t\t\t\t<\/div>\n\t\t\t\t<\/div>\n\t\t\t\t<\/div>\n\t\t\t\t\t<\/div>\n\t\t\t\t<\/main>\n\t\t\t\t<\/div>\n\t\t","protected":false},"excerpt":{"rendered":"<p>Korzystanie z tej witryny internetowej pomo\u017ce Ci podj\u0105\u0107 decyzj\u0119 Niekt\u00f3re kobiety rozpoczynaj\u0105ce leczenie raka b\u0119d\u0105 wiedzia\u0142y na pewno, czy chc\u0105 rozwa\u017cy\u0107 zachowanie p\u0142odno\u015bci. Niekt\u00f3re kobiety nie maj\u0105 pewno\u015bci co do decyzji o ochronie p\u0142odno\u015bci i tego, kt\u00f3ra opcja jest dla nich najlepsza. Aby wesprze\u0107 Pani\u0105 w podj\u0119ciu tej decyzji, niniejsza strona internetowa zawiera informacje, kt\u00f3re [&hellip;]<\/p>\n","protected":false},"author":1,"featured_media":0,"parent":6242,"menu_order":0,"comment_status":"closed","ping_status":"open","template":"","meta":{"footnotes":""},"class_list":["post-6246","page","type-page","status-publish","hentry"],"_links":{"self":[{"href":"https:\/\/cancerfertilityandme.org.uk\/pl\/wp-json\/wp\/v2\/pages\/6246","targetHints":{"allow":["GET"]}}],"collection":[{"href":"https:\/\/cancerfertilityandme.org.uk\/pl\/wp-json\/wp\/v2\/pages"}],"about":[{"href":"https:\/\/cancerfertilityandme.org.uk\/pl\/wp-json\/wp\/v2\/types\/page"}],"author":[{"embeddable":true,"href":"https:\/\/cancerfertilityandme.org.uk\/pl\/wp-json\/wp\/v2\/users\/1"}],"replies":[{"embeddable":true,"href":"https:\/\/cancerfertilityandme.org.uk\/pl\/wp-json\/wp\/v2\/comments?post=6246"}],"version-history":[{"count":3,"href":"https:\/\/cancerfertilityandme.org.uk\/pl\/wp-json\/wp\/v2\/pages\/6246\/revisions"}],"predecessor-version":[{"id":9335,"href":"https:\/\/cancerfertilityandme.org.uk\/pl\/wp-json\/wp\/v2\/pages\/6246\/revisions\/9335"}],"up":[{"embeddable":true,"href":"https:\/\/cancerfertilityandme.org.uk\/pl\/wp-json\/wp\/v2\/pages\/6242"}],"wp:attachment":[{"href":"https:\/\/cancerfertilityandme.org.uk\/pl\/wp-json\/wp\/v2\/media?parent=6246"}],"curies":[{"name":"wp","href":"https:\/\/api.w.org\/{rel}","templated":true}]}}