{"id":6238,"date":"2018-11-07T09:47:33","date_gmt":"2018-11-07T09:47:33","guid":{"rendered":"https:\/\/cancerfertilityandme.org.uk\/przydatne-kontakty\/"},"modified":"2026-03-19T15:30:10","modified_gmt":"2026-03-19T15:30:10","slug":"przydatne-kontakty","status":"publish","type":"page","link":"https:\/\/cancerfertilityandme.org.uk\/pl\/dorosle-kobiety\/przydatne-kontakty\/","title":{"rendered":"Inne informacje i przydatne kontakty"},"content":{"rendered":"\t\t<div data-elementor-type=\"wp-page\" data-elementor-id=\"6238\" class=\"elementor elementor-6238 elementor-5591\" data-elementor-post-type=\"page\">\n\t\t\t\t<main class=\"elementor-element elementor-element-70d042b e-flex e-con-boxed e-con e-parent\" data-id=\"70d042b\" data-element_type=\"container\" data-e-type=\"container\">\n\t\t\t\t\t<div class=\"e-con-inner\">\n\t\t<div class=\"elementor-element elementor-element-7605f646 e-con-full e-flex e-con e-child\" data-id=\"7605f646\" data-element_type=\"container\" data-e-type=\"container\">\n\t\t\t\t<div class=\"elementor-element elementor-element-145815f0 elementor-widget elementor-widget-text-editor\" data-id=\"145815f0\" data-element_type=\"widget\" data-e-type=\"widget\" data-widget_type=\"text-editor.default\">\n\t\t\t\t<div class=\"elementor-widget-container\">\n\t\t\t\t\t\t\t\t\t<h2>Przydatne kontakty<\/h2><p>Aby pom\u00f3c Pani podj\u0105\u0107 w\u0142a\u015bciw\u0105 dla Pani decyzj\u0119, poni\u017cej podajemy kilka u\u017cytecznych organizacji, stron internetowych, for\u00f3w i wskaz\u00f3wek. Mo\u017ce to Pani pom\u00f3c w rozmowie z innymi profesjonalistami i kobietami, kt\u00f3re mog\u0105 udzieli\u0107 Pani wsparcia i przesz\u0142y przez podobne do\u015bwiadczenia. <\/p>\t\t\t\t\t\t\t\t<\/div>\n\t\t\t\t<\/div>\n\t\t<div class=\"elementor-element elementor-element-fa1de4d e-grid e-con-full e-con e-child\" data-id=\"fa1de4d\" data-element_type=\"container\" data-e-type=\"container\">\n\t\t\t\t<div class=\"elementor-element elementor-element-0c37906 elementor-widget elementor-widget-text-editor\" data-id=\"0c37906\" data-element_type=\"widget\" data-e-type=\"widget\" data-widget_type=\"text-editor.default\">\n\t\t\t\t<div class=\"elementor-widget-container\">\n\t\t\t\t\t\t\t\t\t<hr>\n<h3>Og\u00f3lne wsparcie w walce z rakiem<\/h3>\n<p><strong>Bloodwise<\/strong><br>Tel: 0808 2080 888<br><a href=\"http:\/\/www.bloodwise.org.uk\/\" target=\"_blank\" rel=\"noopener noreferrer\">www.bloodwise.org.uk<\/a><\/p>\n<p><strong>Breast Cancer&nbsp;Care<\/strong><br>Helpline: 0808 800 6000<br><a href=\"https:\/\/www.bloodwise.org.uk\/\" target=\"_blank\" rel=\"noopener noreferrer\">www.breastcancercare.org.uk<\/a><\/p>\n<p><strong>Macmillan Cancer Support<\/strong><br>Tel: 0808 808 0000<br><a href=\"https:\/\/www.macmillan.org.uk\/\" target=\"_blank\" rel=\"noopener noreferrer\">www.macmillan.org.uk<\/a><\/p>\n<p><strong>Teenage Cancer Trust<\/strong><br>Tel: 020 7612 0370<br><a href=\"https:\/\/www.teenagecancertrust.org\/\" target=\"_blank\" rel=\"noopener noreferrer\">www.teenagecancertrust.org<\/a><\/p>\n<p><strong>Yorkshire Cancer Research<\/strong><br>Tel: 01423 501 269<br><a href=\"https:\/\/www.yorkshirecancerresearch.org.uk\/\" target=\"_blank\" rel=\"noopener noreferrer\">www.yorkshirecancerresearch.org.uk<\/a><\/p>\n<p><strong>CLIC Sargent<\/strong><br>(Young Lives vs Cancer)<br>Tel: 0300 330 0803<br><a href=\"http:\/\/www.%C2%A0clicsargent.org.uk\" data-wplink-url-error=\"true\" target=\"_blank\" rel=\"noopener\">www.&nbsp;clicsargent.org.uk<\/a><\/p>\n<hr>\n<h3><strong>Organizacje zajmuj\u0105ce si\u0119 p\u0142odno\u015bci\u0105<\/strong><\/h3>\n<p><b>British Infertility Counselling Association<\/b><br><a href=\"http:\/\/www.bica.net\" target=\"_blank\" rel=\"noopener\">www.bica.net<\/a><\/p>\n<p><strong>Donor Conception Network<\/strong><br><a href=\"http:\/\/www.dcnetwork.org\" target=\"_blank\" rel=\"noopener\">www.dcnetwork.org<\/a><\/p>\n<p><strong>The Daisy Network<\/strong><br><a href=\"http:\/\/www.daisynetwork.org.uk\" target=\"_blank\" rel=\"noopener\">www.daisynetwork.org.uk<\/a><\/p>\n<p><strong>Fertility Friends<\/strong><br><a href=\"http:\/\/www.fertilityfriends.co.uk\" target=\"_blank\" rel=\"noopener\">www.fertilityfriends.co.uk<\/a><\/p>\n<p><strong>Fertility Network UK<\/strong><br>Tel: 01424 732 361<br><a href=\"http:\/\/www.fertilitynetworkuk.org\" target=\"_blank\" rel=\"noopener\">www.fertilitynetworkuk.org<\/a><\/p>\n<p><strong>Future Fertility Trust<\/strong><br><a href=\"http:\/\/www.futurefertilitytrustuk.org\" target=\"_blank\" rel=\"noopener\">www.futurefertilitytrustuk.org<\/a><\/p>\n<p><strong>Human Fertilisation and Embryology Authority<\/strong><br>Tel: 020 7291 8200<br><a href=\"http:\/\/www.hfea.gov.uk\" target=\"_blank\" rel=\"noopener\">www.hfea.gov.uk<\/a><\/p>\n<p><strong>National Gamete Donation<\/strong> Trust<br><a href=\"http:\/\/www.ngdt.co.uk\" target=\"_blank\" rel=\"noopener\">www.ngdt.co.uk<\/a><\/p>\n<p><strong>British Fertility Society<\/strong><br><a href=\"http:\/\/www.britishfertilitysociety.org.uk\/\" target=\"_blank\" rel=\"noopener\">www.britishfertilitysociety.org.uk\/<\/a><\/p>\n<p><strong>Fertility Preservation UK<\/strong><br><a href=\"http:\/\/britishfertilitysociety.org.uk\/special-interest-groups\/fertility-preservation-uk\/\" target=\"_blank\" rel=\"noopener\">britishfertilitysociety.org.uk\/special-interest-groups\/fertility-preservation-uk\/<\/a><\/p>\t\t\t\t\t\t\t\t<\/div>\n\t\t\t\t<\/div>\n\t\t\t\t<div class=\"elementor-element elementor-element-5137990 elementor-widget elementor-widget-text-editor\" data-id=\"5137990\" data-element_type=\"widget\" data-e-type=\"widget\" data-widget_type=\"text-editor.default\">\n\t\t\t\t<div class=\"elementor-widget-container\">\n\t\t\t\t\t\t\t\t\t<hr><h3>Adopcja i opieka zast\u0119pcza<\/h3><p><strong>Adoption UK<\/strong><br>Tel: 0844 848 7900<br><a href=\"http:\/\/www.adoptionuk.org\" target=\"_blank\" rel=\"noopener\">www.adoptionuk.org<\/a><\/p><p><strong>Coram<\/strong><br><a href=\"http:\/\/corambaaf.org.uk\" target=\"_blank\" rel=\"noopener\">corambaaf.org.uk<\/a><\/p><h3>Poradnictwo i wsparcie emocjonalne<\/h3><p><strong>British Association for Counselling and Psychotherapy (BACP)<\/strong><br>Tel: 01455 883 300<br><a href=\"https:\/\/www.bacp.co.uk\" target=\"_blank\" rel=\"noopener\">https:\/\/www.bacp.co.uk<\/a><br><a href=\"http:\/\/itsgoodtotalk.org.uk\" target=\"_blank\" rel=\"noopener\">itsgoodtotalk.org.uk<\/a><\/p><p><strong>UK Council for Psychotherapy (UKCP)<\/strong><br>Tel: 020 7014 9955<br><a href=\"http:\/\/www.psychotherapy.org.uk\" target=\"_blank\" rel=\"noopener\">www.psychotherapy.org.uk<\/a><\/p><p><strong>Youth Access<\/strong><br>Tel: 020 8772 9900<br><a href=\"http:\/\/www.youthaccess.org.uk\" target=\"_blank\" rel=\"noopener\">www.youthaccess.org.uk<\/a><\/p><h3>Wytyczne dotycz\u0105ce \u015bwiadczenia us\u0142ug<\/h3><p><strong>National Institute for Health and Care Excellence (NICE)<\/strong><br><a href=\"http:\/\/www.nice.org.uk\" target=\"_blank\" rel=\"noopener\">www.nice.org.uk<\/a><\/p><p><strong>British Fertility Society<\/strong><br><a href=\"http:\/\/www.britishfertilitysociety.org.uk\/\" target=\"_blank\" rel=\"noopener\">www.britishfertilitysociety.org.uk\/<\/a><\/p><p><strong>Fertility Preservation UK<\/strong><br><a href=\"http:\/\/britishfertilitysociety.org.uk\/special-interest-groups\/fertility-preservation-uk\/\" target=\"_blank\" rel=\"noopener\">britishfertilitysociety.org.uk\/special-interest-groups\/fertility-preservation-uk\/<\/a><\/p>\t\t\t\t\t\t\t\t<\/div>\n\t\t\t\t<\/div>\n\t\t\t\t<div class=\"elementor-element elementor-element-3a31ecd elementor-widget elementor-widget-text-editor\" data-id=\"3a31ecd\" data-element_type=\"widget\" data-e-type=\"widget\" data-widget_type=\"text-editor.default\">\n\t\t\t\t<div class=\"elementor-widget-container\">\n\t\t\t\t\t\t\t\t\t<hr><h3>Przewodnictwo<\/h3><p><strong>NICE<\/strong> (2013) Fertility problems: assessment<br>and treatment [<a href=\"https:\/\/www.nice.org.uk\/guidance\/cg156\" target=\"_blank\" rel=\"noopener\">CG156<\/a>]<\/p><p><strong>NICE<\/strong> (2014) Cancer services for children<br>and young adults: fertility support [<a href=\"https:\/\/www.nice.org.uk\/guidance\/qs55\" target=\"_blank\" rel=\"noopener\">QS55<\/a>]<\/p><h3>\u015acie\u017cki opieki<\/h3><p><strong>NICE<\/strong> (2016) Cryopreservation to preserve fertility in people diagnosed with cancer<\/p><p><strong>Human Tissue Authority<\/strong><br><a href=\"http:\/\/www.hta.gov.uk\" target=\"_blank\" rel=\"noopener\">www.hta.gov.uk<\/a><\/p><p><strong>Human Fertilisation and Embryology Authority (HFEA)<\/strong><br><a href=\"http:\/\/www.hfea.gov.uk\" target=\"_blank\" rel=\"noopener\">www.hfea.gov.uk<\/a><\/p>\t\t\t\t\t\t\t\t<\/div>\n\t\t\t\t<\/div>\n\t\t\t\t<\/div>\n\t\t\t\t<\/div>\n\t\t<div class=\"elementor-element elementor-element-3c7be317 e-con-full e-flex e-con e-child\" data-id=\"3c7be317\" data-element_type=\"container\" data-e-type=\"container\">\n\t\t<div class=\"elementor-element elementor-element-1881bf2b e-con-full e-flex e-con e-child\" data-id=\"1881bf2b\" data-element_type=\"container\" data-e-type=\"container\">\n\t\t\t\t<div class=\"elementor-element elementor-element-3b42f369 elementor-widget elementor-widget-image\" data-id=\"3b42f369\" data-element_type=\"widget\" data-e-type=\"widget\" data-widget_type=\"image.default\">\n\t\t\t\t<div class=\"elementor-widget-container\">\n\t\t\t\t\t\t\t\t\t\t\t\t\t\t\t\t<a href=\"http:\/\/.\/\">\n\t\t\t\t\t\t\t<img fetchpriority=\"high\" decoding=\"async\" width=\"400\" height=\"440\" src=\"https:\/\/cancerfertilityandme.org.uk\/wp-content\/uploads\/cancerfertilityandme-logo-column-adult-women.png\" class=\"attachment-full size-full wp-image-2283\" alt=\"\" srcset=\"https:\/\/cancerfertilityandme.org.uk\/wp-content\/uploads\/cancerfertilityandme-logo-column-adult-women.png 400w, https:\/\/cancerfertilityandme.org.uk\/wp-content\/uploads\/cancerfertilityandme-logo-column-adult-women-273x300.png 273w\" sizes=\"(max-width: 400px) 100vw, 400px\" \/>\t\t\t\t\t\t\t\t<\/a>\n\t\t\t\t\t\t\t\t\t\t\t\t\t\t\t<\/div>\n\t\t\t\t<\/div>\n\t\t\t\t<\/div>\n\t\t<div class=\"elementor-element elementor-element-1aa98b0b e-con-full e-flex e-con e-child\" data-id=\"1aa98b0b\" data-element_type=\"container\" data-e-type=\"container\">\n\t\t\t\t<div class=\"elementor-element elementor-element-61c4ae48 elementor-widget elementor-widget-heading\" data-id=\"61c4ae48\" data-element_type=\"widget\" data-e-type=\"widget\" data-widget_type=\"heading.default\">\n\t\t\t\t<div class=\"elementor-widget-container\">\n\t\t\t\t\t<h3 class=\"elementor-heading-title elementor-size-default\">Aby uzyska\u0107 wi\u0119cej informacji, skorzystaj z tych \u0142\u0105czy<\/h3>\t\t\t\t<\/div>\n\t\t\t\t<\/div>\n\t\t\t\t<div class=\"elementor-element elementor-element-3fae8f21 elementor-nav-menu--dropdown-none elementor-widget elementor-widget-nav-menu\" data-id=\"3fae8f21\" data-element_type=\"widget\" data-e-type=\"widget\" data-settings=\"{&quot;layout&quot;:&quot;vertical&quot;,&quot;submenu_icon&quot;:{&quot;value&quot;:&quot;&lt;svg aria-hidden=\\&quot;true\\&quot; class=\\&quot;e-font-icon-svg e-fas-caret-down\\&quot; viewBox=\\&quot;0 0 320 512\\&quot; xmlns=\\&quot;http:\\\/\\\/www.w3.org\\\/2000\\\/svg\\&quot;&gt;&lt;path d=\\&quot;M31.3 192h257.3c17.8 0 26.7 21.5 14.1 34.1L174.1 354.8c-7.8 7.8-20.5 7.8-28.3 0L17.2 226.1C4.6 213.5 13.5 192 31.3 192z\\&quot;&gt;&lt;\\\/path&gt;&lt;\\\/svg&gt;&quot;,&quot;library&quot;:&quot;fa-solid&quot;}}\" data-widget_type=\"nav-menu.default\">\n\t\t\t\t<div class=\"elementor-widget-container\">\n\t\t\t\t\t\t\t\t<nav aria-label=\"Menu\" class=\"elementor-nav-menu--main elementor-nav-menu__container elementor-nav-menu--layout-vertical e--pointer-none\">\n\t\t\t\t<ul id=\"menu-1-3fae8f21\" class=\"elementor-nav-menu sm-vertical\"><li class=\"menu-item menu-item-type-post_type menu-item-object-page menu-item-11519\"><a href=\"https:\/\/cancerfertilityandme.org.uk\/adult-women\/other-information-and-contacts\/\" class=\"elementor-item\">Inne informacje i przydatne kontakty<\/a><\/li>\n<li class=\"menu-item menu-item-type-post_type menu-item-object-page menu-item-7181\"><a href=\"https:\/\/cancerfertilityandme.org.uk\/adult-women\/the-cfm-team\/\" class=\"elementor-item\">Zesp\u00f3\u0142 CFM<\/a><\/li>\n<li class=\"menu-item menu-item-type-post_type menu-item-object-page menu-item-7180\"><a href=\"https:\/\/cancerfertilityandme.org.uk\/adult-women\/other-information-and-contacts\/our-external-partners\/\" class=\"elementor-item\">Partnerzy zewn\u0119trzni<\/a><\/li>\n<li class=\"menu-item menu-item-type-post_type menu-item-object-page menu-item-7179\"><a href=\"https:\/\/cancerfertilityandme.org.uk\/adult-women\/other-information-and-contacts\/download-the-cfm-booklet\/\" class=\"elementor-item\">Broszura CFM do pobrania (w j\u0119zyku angielskim)<\/a><\/li>\n<li class=\"menu-item menu-item-type-post_type menu-item-object-page menu-item-7455\"><a href=\"https:\/\/cancerfertilityandme.org.uk\/contact-us\/\" class=\"elementor-item\">Skontaktuj si\u0119 z nami<\/a><\/li>\n<\/ul>\t\t\t<\/nav>\n\t\t\t\t\t\t<nav class=\"elementor-nav-menu--dropdown elementor-nav-menu__container\" aria-hidden=\"true\">\n\t\t\t\t<ul id=\"menu-2-3fae8f21\" class=\"elementor-nav-menu sm-vertical\"><li class=\"menu-item menu-item-type-post_type menu-item-object-page menu-item-11519\"><a href=\"https:\/\/cancerfertilityandme.org.uk\/adult-women\/other-information-and-contacts\/\" class=\"elementor-item\" tabindex=\"-1\">Inne informacje i przydatne kontakty<\/a><\/li>\n<li class=\"menu-item menu-item-type-post_type menu-item-object-page menu-item-7181\"><a href=\"https:\/\/cancerfertilityandme.org.uk\/adult-women\/the-cfm-team\/\" class=\"elementor-item\" tabindex=\"-1\">Zesp\u00f3\u0142 CFM<\/a><\/li>\n<li class=\"menu-item menu-item-type-post_type menu-item-object-page menu-item-7180\"><a href=\"https:\/\/cancerfertilityandme.org.uk\/adult-women\/other-information-and-contacts\/our-external-partners\/\" class=\"elementor-item\" tabindex=\"-1\">Partnerzy zewn\u0119trzni<\/a><\/li>\n<li class=\"menu-item menu-item-type-post_type menu-item-object-page menu-item-7179\"><a href=\"https:\/\/cancerfertilityandme.org.uk\/adult-women\/other-information-and-contacts\/download-the-cfm-booklet\/\" class=\"elementor-item\" tabindex=\"-1\">Broszura CFM do pobrania (w j\u0119zyku angielskim)<\/a><\/li>\n<li class=\"menu-item menu-item-type-post_type menu-item-object-page menu-item-7455\"><a href=\"https:\/\/cancerfertilityandme.org.uk\/contact-us\/\" class=\"elementor-item\" tabindex=\"-1\">Skontaktuj si\u0119 z nami<\/a><\/li>\n<\/ul>\t\t\t<\/nav>\n\t\t\t\t\t\t<\/div>\n\t\t\t\t<\/div>\n\t\t\t\t<\/div>\n\t\t\t\t<\/div>\n\t\t\t\t\t<\/div>\n\t\t\t\t<\/main>\n\t\t\t\t<\/div>\n\t\t","protected":false},"excerpt":{"rendered":"<p>Przydatne kontakty Aby pom\u00f3c Pani podj\u0105\u0107 w\u0142a\u015bciw\u0105 dla Pani decyzj\u0119, poni\u017cej podajemy kilka u\u017cytecznych organizacji, stron internetowych, for\u00f3w i wskaz\u00f3wek. Mo\u017ce to Pani pom\u00f3c w rozmowie z innymi profesjonalistami i kobietami, kt\u00f3re mog\u0105 udzieli\u0107 Pani wsparcia i przesz\u0142y przez podobne do\u015bwiadczenia. Og\u00f3lne wsparcie w walce z rakiem BloodwiseTel: 0808 2080 888www.bloodwise.org.uk Breast Cancer&nbsp;CareHelpline: 0808 800 [&hellip;]<\/p>\n","protected":false},"author":1,"featured_media":0,"parent":6764,"menu_order":0,"comment_status":"closed","ping_status":"closed","template":"","meta":{"footnotes":""},"class_list":["post-6238","page","type-page","status-publish","hentry"],"_links":{"self":[{"href":"https:\/\/cancerfertilityandme.org.uk\/pl\/wp-json\/wp\/v2\/pages\/6238","targetHints":{"allow":["GET"]}}],"collection":[{"href":"https:\/\/cancerfertilityandme.org.uk\/pl\/wp-json\/wp\/v2\/pages"}],"about":[{"href":"https:\/\/cancerfertilityandme.org.uk\/pl\/wp-json\/wp\/v2\/types\/page"}],"author":[{"embeddable":true,"href":"https:\/\/cancerfertilityandme.org.uk\/pl\/wp-json\/wp\/v2\/users\/1"}],"replies":[{"embeddable":true,"href":"https:\/\/cancerfertilityandme.org.uk\/pl\/wp-json\/wp\/v2\/comments?post=6238"}],"version-history":[{"count":11,"href":"https:\/\/cancerfertilityandme.org.uk\/pl\/wp-json\/wp\/v2\/pages\/6238\/revisions"}],"predecessor-version":[{"id":11552,"href":"https:\/\/cancerfertilityandme.org.uk\/pl\/wp-json\/wp\/v2\/pages\/6238\/revisions\/11552"}],"up":[{"embeddable":true,"href":"https:\/\/cancerfertilityandme.org.uk\/pl\/wp-json\/wp\/v2\/pages\/6764"}],"wp:attachment":[{"href":"https:\/\/cancerfertilityandme.org.uk\/pl\/wp-json\/wp\/v2\/media?parent=6238"}],"curies":[{"name":"wp","href":"https:\/\/api.w.org\/{rel}","templated":true}]}}