{"id":5244,"date":"2018-11-21T11:18:56","date_gmt":"2018-11-21T11:18:56","guid":{"rendered":"https:\/\/cancerfertilityandme.org.uk\/cfm-strona-glowna\/opcje-zachowania-plodnosci\/opcje-zachowania-plodnosci\/"},"modified":"2025-06-25T12:19:01","modified_gmt":"2025-06-25T12:19:01","slug":"opcje-zachowania-plodnosci","status":"publish","type":"page","link":"https:\/\/cancerfertilityandme.org.uk\/pl\/opcje-zachowania-plodnosci\/","title":{"rendered":"Opcje zachowania p\u0142odno\u015bci"},"content":{"rendered":"\t\t<div data-elementor-type=\"wp-page\" data-elementor-id=\"5244\" class=\"elementor elementor-5244\" data-elementor-post-type=\"page\">\n\t\t\t\t<div class=\"elementor-element elementor-element-436f109f e-flex e-con-boxed e-con e-parent\" data-id=\"436f109f\" data-element_type=\"container\" data-e-type=\"container\">\n\t\t\t\t\t<div class=\"e-con-inner\">\n\t\t<div class=\"elementor-element elementor-element-69971277 e-con-full e-flex e-con e-child\" data-id=\"69971277\" data-element_type=\"container\" data-e-type=\"container\">\n\t\t\t\t<div class=\"elementor-element elementor-element-30a47eaa elementor-widget elementor-widget-text-editor\" data-id=\"30a47eaa\" data-element_type=\"widget\" data-e-type=\"widget\" data-widget_type=\"text-editor.default\">\n\t\t\t\t<div class=\"elementor-widget-container\">\n\t\t\t\t\t\t\t\t\t<h2>Pytania, kt\u00f3re nale\u017cy zada\u0107 zespo\u0142om zajmuj\u0105cym si\u0119 leczeniem raka i p\u0142odno\u015bci\u0105<\/h2><h3>Poni\u017csze pytania mog\u0105 pom\u00f3c Pani zastanowi\u0107 si\u0119 nad tym, co jest dla Pani wa\u017cne w odniesieniu do tych opcji zachowania p\u0142odno\u015bci.<\/h3><h3>Zapisanie swoich przemy\u015ble\u0144 pomo\u017ce Pani porozmawia\u0107 z zespo\u0142em opieki onkologicznej i zespo\u0142em opieki nad p\u0142odno\u015bci\u0105 w celu zaplanowania opieki <span style=\"font-weight: normal;\">przed<\/span> rozpocz\u0119ciem leczenia raka.<\/h3><ul><li><p>Czy m\u00f3j typ nowotworu lub leczenie ma wp\u0142yw na rodzaj opcji zachowania p\u0142odno\u015bci, z kt\u00f3rej mog\u0119 skorzysta\u0107?<\/p><\/li><li><p>Czy mog\u0119 sprawdzi\u0107, czy jestem p\u0142odna przed rozpocz\u0119ciem leczenia raka?<\/p><\/li><li><p>Dlaczego powinnam podj\u0105\u0107 decyzj\u0119 o zachowaniu p\u0142odno\u015bci w\u0142a\u015bnie teraz?<\/p><\/li><li><p>Czy mam czas na zastosowanie procedury zachowania p\u0142odno\u015bci przed rozpocz\u0119ciem leczenia raka?<\/p><\/li><li><p>Czy jest co\u015b, co mo\u017cna zrobi\u0107 podczas leczenia raka, aby chroni\u0107 moj\u0105 p\u0142odno\u015b\u0107?<\/p><\/li><li><p>Jak d\u0142ugo mo\u017cna bezpiecznie op\u00f3\u017ani\u0107 leczenie raka?<\/p><\/li><li><p>Czy b\u0119d\u0119 musia\u0142 zap\u0142aci\u0107 za leczenie maj\u0105ce na celu zachowanie p\u0142odno\u015bci? Czy b\u0119d\u0119 musia\u0142a zap\u0142aci\u0107 za przechowywanie i wykorzystanie moich kom\u00f3rek jajowych, zarodk\u00f3w lub tkanek w przysz\u0142o\u015bci? <\/p><\/li><li><p>Czy b\u0119d\u0119 musia\u0142 zap\u0142aci\u0107 za leczenie maj\u0105ce na celu zachowanie p\u0142odno\u015bci? Czy b\u0119d\u0119 musia\u0142a zap\u0142aci\u0107 za przechowywanie i wykorzystanie moich kom\u00f3rek jajowych, zarodk\u00f3w lub tkanek w przysz\u0142o\u015bci? <\/p><\/li><\/ul>\t\t\t\t\t\t\t\t<\/div>\n\t\t\t\t<\/div>\n\t\t\t\t<\/div>\n\t\t<div class=\"elementor-element elementor-element-58f4b5c4 e-con-full e-flex e-con e-child\" data-id=\"58f4b5c4\" data-element_type=\"container\" data-e-type=\"container\">\n\t\t<div class=\"elementor-element elementor-element-63ab339d e-con-full e-flex e-con e-child\" data-id=\"63ab339d\" data-element_type=\"container\" data-e-type=\"container\">\n\t\t\t\t<div class=\"elementor-element elementor-element-4a975781 elementor-widget elementor-widget-image\" data-id=\"4a975781\" data-element_type=\"widget\" data-e-type=\"widget\" data-widget_type=\"image.default\">\n\t\t\t\t<div class=\"elementor-widget-container\">\n\t\t\t\t\t\t\t\t\t\t\t\t\t\t\t\t<a href=\"http:\/\/.\/\">\n\t\t\t\t\t\t\t<img fetchpriority=\"high\" decoding=\"async\" width=\"400\" height=\"440\" src=\"https:\/\/cancerfertilityandme.org.uk\/wp-content\/uploads\/cancerfertilityandme-logo-column-adult-women.png\" class=\"attachment-full size-full wp-image-2283\" alt=\"\" srcset=\"https:\/\/cancerfertilityandme.org.uk\/wp-content\/uploads\/cancerfertilityandme-logo-column-adult-women.png 400w, https:\/\/cancerfertilityandme.org.uk\/wp-content\/uploads\/cancerfertilityandme-logo-column-adult-women-273x300.png 273w\" sizes=\"(max-width: 400px) 100vw, 400px\" \/>\t\t\t\t\t\t\t\t<\/a>\n\t\t\t\t\t\t\t\t\t\t\t\t\t\t\t<\/div>\n\t\t\t\t<\/div>\n\t\t\t\t<\/div>\n\t\t<div class=\"elementor-element elementor-element-62de3a06 e-con-full e-flex e-con e-child\" data-id=\"62de3a06\" data-element_type=\"container\" data-e-type=\"container\">\n\t\t\t\t<div class=\"elementor-element elementor-element-43e039d2 elementor-widget elementor-widget-heading\" data-id=\"43e039d2\" data-element_type=\"widget\" data-e-type=\"widget\" data-widget_type=\"heading.default\">\n\t\t\t\t<div class=\"elementor-widget-container\">\n\t\t\t\t\t<h3 class=\"elementor-heading-title elementor-size-default\">Aby uzyska\u0107 wi\u0119cej informacji, skorzystaj z tych \u0142\u0105czy<\/h3>\t\t\t\t<\/div>\n\t\t\t\t<\/div>\n\t\t\t\t<div class=\"elementor-element elementor-element-7cfe22ac elementor-nav-menu--dropdown-none elementor-widget elementor-widget-nav-menu\" data-id=\"7cfe22ac\" data-element_type=\"widget\" data-e-type=\"widget\" data-settings=\"{&quot;layout&quot;:&quot;vertical&quot;,&quot;submenu_icon&quot;:{&quot;value&quot;:&quot;&lt;svg aria-hidden=\\&quot;true\\&quot; class=\\&quot;e-font-icon-svg e-fas-caret-down\\&quot; viewBox=\\&quot;0 0 320 512\\&quot; xmlns=\\&quot;http:\\\/\\\/www.w3.org\\\/2000\\\/svg\\&quot;&gt;&lt;path d=\\&quot;M31.3 192h257.3c17.8 0 26.7 21.5 14.1 34.1L174.1 354.8c-7.8 7.8-20.5 7.8-28.3 0L17.2 226.1C4.6 213.5 13.5 192 31.3 192z\\&quot;&gt;&lt;\\\/path&gt;&lt;\\\/svg&gt;&quot;,&quot;library&quot;:&quot;fa-solid&quot;}}\" data-widget_type=\"nav-menu.default\">\n\t\t\t\t<div class=\"elementor-widget-container\">\n\t\t\t\t\t\t\t\t<nav aria-label=\"Menu\" class=\"elementor-nav-menu--main elementor-nav-menu__container elementor-nav-menu--layout-vertical e--pointer-none\">\n\t\t\t\t<ul id=\"menu-1-7cfe22ac\" class=\"elementor-nav-menu sm-vertical\"><li class=\"menu-item menu-item-type-post_type menu-item-object-page menu-item-6985\"><a href=\"https:\/\/cancerfertilityandme.org.uk\/adult-women\/fertility-preservation-options\/\" class=\"elementor-item\">Opcje zachowania p\u0142odno\u015bci<\/a><\/li>\n<li class=\"menu-item menu-item-type-post_type menu-item-object-page menu-item-6994\"><a href=\"https:\/\/cancerfertilityandme.org.uk\/adult-women\/fertility-preservation-options\/summary-of-fertility-preservation-options\/\" class=\"elementor-item\">Podsumowanie opcji zachowania p\u0142odno\u015bci<\/a><\/li>\n<li class=\"menu-item menu-item-type-post_type menu-item-object-page menu-item-6990\"><a href=\"https:\/\/cancerfertilityandme.org.uk\/adult-women\/fertility-preservation-options\/no-fertility-preservation\/\" class=\"elementor-item\">Brak zachowania p\u0142odno\u015bci<\/a><\/li>\n<li class=\"menu-item menu-item-type-post_type menu-item-object-page menu-item-6987\"><a href=\"https:\/\/cancerfertilityandme.org.uk\/adult-women\/fertility-preservation-options\/egg-freezing\/\" class=\"elementor-item\">Zamra\u017canie kom\u00f3rek jajowych<\/a><\/li>\n<li class=\"menu-item menu-item-type-post_type menu-item-object-page menu-item-6988\"><a href=\"https:\/\/cancerfertilityandme.org.uk\/adult-women\/fertility-preservation-options\/embryo-freezing\/\" class=\"elementor-item\">Zamra\u017canie zarodk\u00f3w<\/a><\/li>\n<li class=\"menu-item menu-item-type-post_type menu-item-object-page menu-item-6992\"><a href=\"https:\/\/cancerfertilityandme.org.uk\/adult-women\/fertility-preservation-options\/ovarian-tissue-freezing\/\" class=\"elementor-item\">Zamra\u017canie tkanki jajnika<\/a><\/li>\n<li class=\"menu-item menu-item-type-post_type menu-item-object-page menu-item-6991\"><a href=\"https:\/\/cancerfertilityandme.org.uk\/adult-women\/fertility-preservation-options\/ovarian-suppression\/\" class=\"elementor-item\">T\u0142umienie czynno\u015bci jajnik\u00f3w<\/a><\/li>\n<li class=\"menu-item menu-item-type-post_type menu-item-object-page menu-item-6986\"><a href=\"https:\/\/cancerfertilityandme.org.uk\/adult-women\/fertility-preservation-options\/cancer-specific-fertility-sparing-options\/\" class=\"elementor-item\">Opcje oszcz\u0119dzaj\u0105ce p\u0142odno\u015b\u0107 w wybranych nowotworach<\/a><\/li>\n<li class=\"menu-item menu-item-type-post_type menu-item-object-page menu-item-11368\"><a href=\"https:\/\/cancerfertilityandme.org.uk\/adult-women\/fertility-preservation-options\/other-cancer-treatments\/\" class=\"elementor-item\">Inne metody leczenia raka<\/a><\/li>\n<li class=\"menu-item menu-item-type-post_type menu-item-object-page menu-item-6993\"><a href=\"https:\/\/cancerfertilityandme.org.uk\/adult-women\/fertility-preservation-options\/questions-to-ask-your-cancer-fertility-care-teams\/\" class=\"elementor-item\">Pytania, kt\u00f3re nale\u017cy zada\u0107 zespo\u0142om zajmuj\u0105cym si\u0119 leczeniem raka i opiek\u0105 nad p\u0142odno\u015bci\u0105<\/a><\/li>\n<\/ul>\t\t\t<\/nav>\n\t\t\t\t\t\t<nav class=\"elementor-nav-menu--dropdown elementor-nav-menu__container\" aria-hidden=\"true\">\n\t\t\t\t<ul id=\"menu-2-7cfe22ac\" class=\"elementor-nav-menu sm-vertical\"><li class=\"menu-item menu-item-type-post_type menu-item-object-page menu-item-6985\"><a href=\"https:\/\/cancerfertilityandme.org.uk\/adult-women\/fertility-preservation-options\/\" class=\"elementor-item\" tabindex=\"-1\">Opcje zachowania p\u0142odno\u015bci<\/a><\/li>\n<li class=\"menu-item menu-item-type-post_type menu-item-object-page menu-item-6994\"><a href=\"https:\/\/cancerfertilityandme.org.uk\/adult-women\/fertility-preservation-options\/summary-of-fertility-preservation-options\/\" class=\"elementor-item\" tabindex=\"-1\">Podsumowanie opcji zachowania p\u0142odno\u015bci<\/a><\/li>\n<li class=\"menu-item menu-item-type-post_type menu-item-object-page menu-item-6990\"><a href=\"https:\/\/cancerfertilityandme.org.uk\/adult-women\/fertility-preservation-options\/no-fertility-preservation\/\" class=\"elementor-item\" tabindex=\"-1\">Brak zachowania p\u0142odno\u015bci<\/a><\/li>\n<li class=\"menu-item menu-item-type-post_type menu-item-object-page menu-item-6987\"><a href=\"https:\/\/cancerfertilityandme.org.uk\/adult-women\/fertility-preservation-options\/egg-freezing\/\" class=\"elementor-item\" tabindex=\"-1\">Zamra\u017canie kom\u00f3rek jajowych<\/a><\/li>\n<li class=\"menu-item menu-item-type-post_type menu-item-object-page menu-item-6988\"><a href=\"https:\/\/cancerfertilityandme.org.uk\/adult-women\/fertility-preservation-options\/embryo-freezing\/\" class=\"elementor-item\" tabindex=\"-1\">Zamra\u017canie zarodk\u00f3w<\/a><\/li>\n<li class=\"menu-item menu-item-type-post_type menu-item-object-page menu-item-6992\"><a href=\"https:\/\/cancerfertilityandme.org.uk\/adult-women\/fertility-preservation-options\/ovarian-tissue-freezing\/\" class=\"elementor-item\" tabindex=\"-1\">Zamra\u017canie tkanki jajnika<\/a><\/li>\n<li class=\"menu-item menu-item-type-post_type menu-item-object-page menu-item-6991\"><a href=\"https:\/\/cancerfertilityandme.org.uk\/adult-women\/fertility-preservation-options\/ovarian-suppression\/\" class=\"elementor-item\" tabindex=\"-1\">T\u0142umienie czynno\u015bci jajnik\u00f3w<\/a><\/li>\n<li class=\"menu-item menu-item-type-post_type menu-item-object-page menu-item-6986\"><a href=\"https:\/\/cancerfertilityandme.org.uk\/adult-women\/fertility-preservation-options\/cancer-specific-fertility-sparing-options\/\" class=\"elementor-item\" tabindex=\"-1\">Opcje oszcz\u0119dzaj\u0105ce p\u0142odno\u015b\u0107 w wybranych nowotworach<\/a><\/li>\n<li class=\"menu-item menu-item-type-post_type menu-item-object-page menu-item-11368\"><a href=\"https:\/\/cancerfertilityandme.org.uk\/adult-women\/fertility-preservation-options\/other-cancer-treatments\/\" class=\"elementor-item\" tabindex=\"-1\">Inne metody leczenia raka<\/a><\/li>\n<li class=\"menu-item menu-item-type-post_type menu-item-object-page menu-item-6993\"><a href=\"https:\/\/cancerfertilityandme.org.uk\/adult-women\/fertility-preservation-options\/questions-to-ask-your-cancer-fertility-care-teams\/\" class=\"elementor-item\" tabindex=\"-1\">Pytania, kt\u00f3re nale\u017cy zada\u0107 zespo\u0142om zajmuj\u0105cym si\u0119 leczeniem raka i opiek\u0105 nad p\u0142odno\u015bci\u0105<\/a><\/li>\n<\/ul>\t\t\t<\/nav>\n\t\t\t\t\t\t<\/div>\n\t\t\t\t<\/div>\n\t\t\t\t<\/div>\n\t\t\t\t<\/div>\n\t\t\t\t\t<\/div>\n\t\t\t\t<\/div>\n\t\t\t\t<\/div>\n\t\t","protected":false},"excerpt":{"rendered":"<p>Pytania, kt\u00f3re nale\u017cy zada\u0107 zespo\u0142om zajmuj\u0105cym si\u0119 leczeniem raka i p\u0142odno\u015bci\u0105 Poni\u017csze pytania mog\u0105 pom\u00f3c Pani zastanowi\u0107 si\u0119 nad tym, co jest dla Pani wa\u017cne w odniesieniu do tych opcji zachowania p\u0142odno\u015bci. Zapisanie swoich przemy\u015ble\u0144 pomo\u017ce Pani porozmawia\u0107 z zespo\u0142em opieki onkologicznej i zespo\u0142em opieki nad p\u0142odno\u015bci\u0105 w celu zaplanowania opieki przed rozpocz\u0119ciem leczenia raka. [&hellip;]<\/p>\n","protected":false},"author":1,"featured_media":0,"parent":0,"menu_order":0,"comment_status":"closed","ping_status":"closed","template":"","meta":{"footnotes":""},"class_list":["post-5244","page","type-page","status-publish","hentry"],"_links":{"self":[{"href":"https:\/\/cancerfertilityandme.org.uk\/pl\/wp-json\/wp\/v2\/pages\/5244","targetHints":{"allow":["GET"]}}],"collection":[{"href":"https:\/\/cancerfertilityandme.org.uk\/pl\/wp-json\/wp\/v2\/pages"}],"about":[{"href":"https:\/\/cancerfertilityandme.org.uk\/pl\/wp-json\/wp\/v2\/types\/page"}],"author":[{"embeddable":true,"href":"https:\/\/cancerfertilityandme.org.uk\/pl\/wp-json\/wp\/v2\/users\/1"}],"replies":[{"embeddable":true,"href":"https:\/\/cancerfertilityandme.org.uk\/pl\/wp-json\/wp\/v2\/comments?post=5244"}],"version-history":[{"count":2,"href":"https:\/\/cancerfertilityandme.org.uk\/pl\/wp-json\/wp\/v2\/pages\/5244\/revisions"}],"predecessor-version":[{"id":5246,"href":"https:\/\/cancerfertilityandme.org.uk\/pl\/wp-json\/wp\/v2\/pages\/5244\/revisions\/5246"}],"wp:attachment":[{"href":"https:\/\/cancerfertilityandme.org.uk\/pl\/wp-json\/wp\/v2\/media?parent=5244"}],"curies":[{"name":"wp","href":"https:\/\/api.w.org\/{rel}","templated":true}]}}