{"id":3413,"date":"2023-08-07T09:35:20","date_gmt":"2023-08-07T09:35:20","guid":{"rendered":"https:\/\/cancerfertilityandme.org.uk\/mlodzi-mezczyzni\/"},"modified":"2023-08-07T09:35:20","modified_gmt":"2023-08-07T09:35:20","slug":"mlodzi-mezczyzni","status":"publish","type":"page","link":"https:\/\/cancerfertilityandme.org.uk\/pl\/mlodzi-mezczyzni\/","title":{"rendered":"M\u0142odzi m\u0119\u017cczy\u017ani"},"content":{"rendered":"<h2>Rak, p\u0142odno\u015b\u0107 i ja dla m\u0142odych m\u0119\u017cczyzn<\/h2>\n<p>Ten przewodnik jest nadal w produkcji.<\/p>\n<p>Je\u015bli chcesz otrzyma\u0107 powiadomienie o dost\u0119pno\u015bci, <a href=\"\/contact\">skontaktuj si\u0119 z nami.<\/a><\/p>\n<p>\u203a Powr\u00f3t do <a href=\"\/\">Portalu CFM<\/a><\/p>\n<p><img decoding=\"async\" class=\"alignleft size-full wp-image-4437\" src=\"\/wp-content\/uploads\/2019\/04\/cfm-sumbenu-leaves.png\" alt=\"section menu\" width=\"126\" height=\"127\"><\/p>\n","protected":false},"excerpt":{"rendered":"<p>Rak, p\u0142odno\u015b\u0107 i ja dla m\u0142odych m\u0119\u017cczyzn Ten przewodnik jest nadal w produkcji. Je\u015bli chcesz otrzyma\u0107 powiadomienie o dost\u0119pno\u015bci, skontaktuj si\u0119 z nami. \u203a Powr\u00f3t do Portalu CFM<\/p>\n","protected":false},"author":1,"featured_media":0,"parent":0,"menu_order":0,"comment_status":"closed","ping_status":"closed","template":"","meta":{"footnotes":""},"class_list":["post-3413","page","type-page","status-publish","hentry"],"_links":{"self":[{"href":"https:\/\/cancerfertilityandme.org.uk\/pl\/wp-json\/wp\/v2\/pages\/3413","targetHints":{"allow":["GET"]}}],"collection":[{"href":"https:\/\/cancerfertilityandme.org.uk\/pl\/wp-json\/wp\/v2\/pages"}],"about":[{"href":"https:\/\/cancerfertilityandme.org.uk\/pl\/wp-json\/wp\/v2\/types\/page"}],"author":[{"embeddable":true,"href":"https:\/\/cancerfertilityandme.org.uk\/pl\/wp-json\/wp\/v2\/users\/1"}],"replies":[{"embeddable":true,"href":"https:\/\/cancerfertilityandme.org.uk\/pl\/wp-json\/wp\/v2\/comments?post=3413"}],"version-history":[{"count":0,"href":"https:\/\/cancerfertilityandme.org.uk\/pl\/wp-json\/wp\/v2\/pages\/3413\/revisions"}],"wp:attachment":[{"href":"https:\/\/cancerfertilityandme.org.uk\/pl\/wp-json\/wp\/v2\/media?parent=3413"}],"curies":[{"name":"wp","href":"https:\/\/api.w.org\/{rel}","templated":true}]}}