{"id":11680,"date":"2023-04-06T13:56:01","date_gmt":"2023-04-06T13:56:01","guid":{"rendered":"https:\/\/cancerfertilityandme.org.uk\/home\/podejmowanie-decyzji-o-zachowaniu-plodnosci\/inne-decyzje-dotyczace-plodnosci-do-rozwazenia\/"},"modified":"2026-03-27T14:34:21","modified_gmt":"2026-03-27T14:34:21","slug":"inne-decyzje-dotyczace-plodnosci-do-rozwazenia","status":"publish","type":"page","link":"https:\/\/cancerfertilityandme.org.uk\/pl\/mlode-kobiety\/podejmowanie-decyzji-o-zachowaniu-plodnosci\/inne-decyzje-dotyczace-plodnosci-do-rozwazenia\/","title":{"rendered":"Inne decyzje dotycz\u0105ce p\u0142odno\u015bci do rozwa\u017cenia"},"content":{"rendered":"\t\t<div data-elementor-type=\"wp-page\" data-elementor-id=\"11680\" class=\"elementor elementor-11680\" data-elementor-post-type=\"page\">\n\t\t\t\t<main class=\"elementor-element elementor-element-3ff4da75 e-flex e-con-boxed e-con e-parent\" data-id=\"3ff4da75\" data-element_type=\"container\" data-e-type=\"container\">\n\t\t\t\t\t<div class=\"e-con-inner\">\n\t\t<div class=\"elementor-element elementor-element-2ab9ba32 e-con-full e-flex e-con e-child\" data-id=\"2ab9ba32\" data-element_type=\"container\" data-e-type=\"container\">\n\t\t\t\t<div class=\"elementor-element elementor-element-5bac70ef elementor-widget elementor-widget-text-editor\" data-id=\"5bac70ef\" data-element_type=\"widget\" data-e-type=\"widget\" data-widget_type=\"text-editor.default\">\n\t\t\t\t<div class=\"elementor-widget-container\">\n\t\t\t\t\t\t\t\t\t<h2>Inne decyzje dotycz\u0105ce p\u0142odno\u015bci do rozwa\u017cenia<\/h2><p>Dotychczas celem tej witryny internetowej by\u0142o udzielenie Ci pomocy w podj\u0119ciu w\u0142a\u015bciwych decyzji dotycz\u0105cych zachowania p\u0142odno\u015bci przed rozpocz\u0119ciem leczenia raka. Ta sekcja zawiera informacje zwi\u0105zane z decyzjami na temat antykoncepcji i planowania rodziny kt\u00f3re mo\u017ce Pani chcie\u0107 podj\u0105\u0107 w trakcie i po leczeniu raka.<\/p><p><strong>\u2022 W trakcie leczenia raka:<\/strong><\/p><p>Decyzje te mog\u0105 obejmowa\u0107 rodzaj stosowanej antykoncepcji.<\/p><p><strong>\u2022 Po leczeniu onkologicznym i obserwacji kontrolnej:<\/strong><\/p><p>Decyzje te mog\u0105 obejmowa\u0107 rodzaj stosowanych \u015brodk\u00f3w antykoncepcyjnych, metody badania p\u0142odno\u015bci i planowanie przysz\u0142ej rodziny.<\/p><p><strong>Antykoncepcja w trakcie leczenia raka<\/strong><\/p><p>Kobietom zdecydowanie odradza si\u0119 zachodzenie w ci\u0105\u017c\u0119 podczas leczenia raka. Wynika to z faktu, \u017ce leczenie raka mo\u017ce uszkodzi\u0107 nienarodzone dziecko na wczesnych etapach rozwoju. Nawet je\u015bli miesi\u0105czka ustanie podczas leczenia, nie oznacza to, \u017ce nie mo\u017ce Pani zaj\u015b\u0107 w ci\u0105\u017c\u0119.  <\/p><p>Je\u015bli jest Pani aktywna seksualnie, powinna Pani stosowa\u0107 niezawodn\u0105 metod\u0119 antykoncepcji przez ca\u0142y okres leczenia raka.<\/p><p>Diagram poni\u017cszy przedstawia r\u00f3\u017cne rodzaje antykoncepcji, kt\u00f3re nale\u017cy rozwa\u017cy\u0107.<\/p>\t\t\t\t\t\t\t\t<\/div>\n\t\t\t\t<\/div>\n\t\t\t\t<div class=\"elementor-element elementor-element-5c3347f elementor-widget elementor-widget-image\" data-id=\"5c3347f\" data-element_type=\"widget\" data-e-type=\"widget\" data-widget_type=\"image.default\">\n\t\t\t\t<div class=\"elementor-widget-container\">\n\t\t\t\t\t\t\t\t\t\t\t\t\t\t\t<img fetchpriority=\"high\" decoding=\"async\" width=\"800\" height=\"323\" src=\"https:\/\/cancerfertilityandme.org.uk\/wp-content\/uploads\/PO-05-4-1024x413.png\" class=\"attachment-large size-large wp-image-11696\" alt=\"\" srcset=\"https:\/\/cancerfertilityandme.org.uk\/wp-content\/uploads\/PO-05-4-1024x413.png 1024w, https:\/\/cancerfertilityandme.org.uk\/wp-content\/uploads\/PO-05-4-300x121.png 300w, https:\/\/cancerfertilityandme.org.uk\/wp-content\/uploads\/PO-05-4-768x310.png 768w, https:\/\/cancerfertilityandme.org.uk\/wp-content\/uploads\/PO-05-4.png 1028w\" sizes=\"(max-width: 800px) 100vw, 800px\" \/>\t\t\t\t\t\t\t\t\t\t\t\t\t\t\t<\/div>\n\t\t\t\t<\/div>\n\t\t\t\t<div class=\"elementor-element elementor-element-f4cf6e9 elementor-widget elementor-widget-text-editor\" data-id=\"f4cf6e9\" data-element_type=\"widget\" data-e-type=\"widget\" data-widget_type=\"text-editor.default\">\n\t\t\t\t<div class=\"elementor-widget-container\">\n\t\t\t\t\t\t\t\t\t<p>Zaleca si\u0119, aby kobiety poddawane leczeniu hormonalnemu stosowa\u0142y niehormonalne metody antykoncepcji. Nale\u017c\u0105 do nich prezerwatywy, prezerwatywy dla kobiet i diafragmy. Pigu\u0142ki antykoncepcyjne s\u0105 rzadziej zalecane kobietom z nowotworami wra\u017cliwymi na hormony. Dzieje si\u0119 tak, poniewa\u017c istnieje ryzyko, \u017ce hormony zawarte w pigu\u0142ce antykoncepcyjnej mog\u0105 stymulowa\u0107 pozosta\u0142e kom\u00f3rki nowotworowe.   Zaleca si\u0119 om\u00f3wienie tych r\u00f3\u017cnych metod antykoncepcji z zespo\u0142em opieki onkologicznej. Zesp\u00f3\u0142 mo\u017ce skierowa\u0107 Pani\u0105 do kliniki planowania rodziny lub lekarza rodzinnego, kt\u00f3ry mo\u017ce udzieli\u0107 dalszych porad.<\/p><p><strong>Poni\u017csze pytania mog\u0105 pom\u00f3c Pani w rozmowie z zespo\u0142em opieki onkologicznej lub lekarzem rodzinnym na temat antykoncepcji:<\/strong><\/p><p>Poni\u017csze pytania mog\u0105 pom\u00f3c Ci porozmawia\u0107 z zespo\u0142em opieki onkologicznej lub lekarzem rodzinnym na temat antykoncepcji.<\/p><ul><li>Jaki \u015brodek antykoncepcyjny b\u0119dzie dla mnie najlepszy podczas leczenia raka?<\/li><li>Jak d\u0142ugo b\u0119d\u0119 musia\u0142a stosowa\u0107 ten \u015brodek antykoncepcyjny?<\/li><li>Czy w przypadku mojego typu nowotworu musz\u0119 stosowa\u0107 niehormonalne metody antykoncepcji?<\/li><li>Je\u015bli nie mam miesi\u0105czki podczas leczenia raka, czy nadal powinnam stosowa\u0107 \u015brodki antykoncepcyjne?<\/li><li>Czy niestosowanie antykoncepcji i zaj\u015bcie w ci\u0105\u017c\u0119 podczas leczenia raka b\u0119dzie mia\u0142o wp\u0142yw na mnie lub moje nienarodzone dziecko?<\/li><\/ul><h2>Decyzje dotycz\u0105ce planowania rodziny po leczeniu raka<\/h2><p>Dla wielu kobiet podj\u0119cie decyzji o zaj\u015bciu w ci\u0105\u017c\u0119 po zdiagnozowaniu raka jest trudne. W tym czasie kobiety podejmuj\u0105 decyzje dotycz\u0105ce zarz\u0105dzania p\u0142odno\u015bci\u0105, kt\u00f3re najlepiej pasuj\u0105 do ich \u017cycia.. Nale\u017c\u0105 do nich badania sprawdzaj\u0105ce p\u0142odno\u015b\u0107, wyb\u00f3r metody antykoncepcji i planowanie przysz\u0142ej rodziny.   Pokazano to na rysunku 3 poni\u017cej.<\/p>\t\t\t\t\t\t\t\t<\/div>\n\t\t\t\t<\/div>\n\t\t\t\t<div class=\"elementor-element elementor-element-53f8b8f elementor-widget elementor-widget-image\" data-id=\"53f8b8f\" data-element_type=\"widget\" data-e-type=\"widget\" data-widget_type=\"image.default\">\n\t\t\t\t<div class=\"elementor-widget-container\">\n\t\t\t\t\t\t\t\t\t\t\t\t\t\t\t<img decoding=\"async\" width=\"800\" height=\"405\" src=\"https:\/\/cancerfertilityandme.org.uk\/wp-content\/uploads\/PO-06-4-1024x518.png\" class=\"attachment-large size-large wp-image-11709\" alt=\"\" srcset=\"https:\/\/cancerfertilityandme.org.uk\/wp-content\/uploads\/PO-06-4-1024x518.png 1024w, https:\/\/cancerfertilityandme.org.uk\/wp-content\/uploads\/PO-06-4-300x152.png 300w, https:\/\/cancerfertilityandme.org.uk\/wp-content\/uploads\/PO-06-4-768x389.png 768w, https:\/\/cancerfertilityandme.org.uk\/wp-content\/uploads\/PO-06-4.png 1045w\" sizes=\"(max-width: 800px) 100vw, 800px\" \/>\t\t\t\t\t\t\t\t\t\t\t\t\t\t\t<\/div>\n\t\t\t\t<\/div>\n\t\t\t\t<div class=\"elementor-element elementor-element-e5aac46 elementor-widget elementor-widget-text-editor\" data-id=\"e5aac46\" data-element_type=\"widget\" data-e-type=\"widget\" data-widget_type=\"text-editor.default\">\n\t\t\t\t<div class=\"elementor-widget-container\">\n\t\t\t\t\t\t\t\t\t<p>Trudno jest dok\u0142adnie przewidzie\u0107, w jaki spos\u00f3b leczenie raka wp\u0142ynie na Pani p\u0142odno\u015b\u0107. Zesp\u00f3\u0142 opieki nad p\u0142odno\u015bci\u0105 mo\u017ce sprawdzi\u0107 Pani p\u0142odno\u015b\u0107 za pomoc\u0105 serii test\u00f3w. Obejmuj\u0105 one badania krwi w celu sprawdzenia poziomu hormon\u00f3w lub badanie ultrasonograficzne jajnik\u00f3w. Mo\u017ce Pani poprosi\u0107 zesp\u00f3\u0142 opieki onkologicznej lub lekarza rodzinnego o skierowanie do kliniki leczenia niep\u0142odno\u015bci.  <\/p><p>Pani p\u0142odno\u015b\u0107 mo\u017ce powr\u00f3ci\u0107 w spos\u00f3b naturalny po leczeniu raka. Nawet je\u015bli miesi\u0105czki nie powr\u00f3ci\u0142y, mo\u017ce Pani nadal produkowa\u0107 kom\u00f3rki jajowe i zaj\u015b\u0107 w ci\u0105\u017c\u0119. Zaleca si\u0119 om\u00f3wienie metod antykoncepcji z zespo\u0142em opieki onkologicznej lub lekarzem rodzinnym. B\u0119d\u0105 oni mogli doradzi\u0107 Pani w zakresie dost\u0119pnych opcji i odpowiedniego dla Pani rodzaju antykoncepcji. Zaleca si\u0119 odczekanie dw\u00f3ch lat po zako\u0144czeniu leczenia raka przed rozpocz\u0119ciem stara\u0144 o dziecko.   <\/p><p>Nie ma danych sugeruj\u0105cych, \u017ce ci\u0105\u017ca wp\u0142ywa na ryzyko nawrotu raka. Nie ma danych sugeruj\u0105cych, \u017ce ci\u0105\u017ca ma wp\u0142yw na zdrowie dzieci urodzonych po leczeniu raka. Je\u015bli my\u015bli Pani o zaj\u015bciu w ci\u0105\u017c\u0119, prosz\u0119 porozmawia\u0107 ze swoim zespo\u0142em opieki onkologicznej.  <\/p><p>Nie wszystkie kobiety po leczeniu raka b\u0119d\u0105 mia\u0142y problem z p\u0142odno\u015bci\u0105, a w rzeczywisto\u015bci wi\u0119kszo\u015b\u0107 m\u0142odych kobiet, kt\u00f3re chc\u0105 mie\u0107 dziecko po leczeniu raka, b\u0119dzie w stanie mie\u0107 dzieci.<\/p><p>Niekt\u00f3re kobiety mog\u0105 do\u015bwiadczy\u0107 trwa\u0142ej utraty p\u0142odno\u015bci po leczeniu raka. Mo\u017ce to by\u0107 przykre i trudne do zaakceptowania. Wsparcie i pomoc s\u0105 oferowane przez Pa\u0144stwa zesp\u00f3\u0142 ds. leczenia niep\u0142odno\u015bci. Opr\u00f3cz oferowania wsparcia emocjonalnego, b\u0119d\u0105 oni w stanie udzieli\u0107 informacji na temat innych opcji. Obejmuj\u0105 one macierzy\u0144stwo zast\u0119pcze, adopcj\u0119 i opiek\u0119 zast\u0119pcz\u0105. Mog\u0105 udzieli\u0107 porady w kwestii innych metod wspomaganego zaj\u015bcia w ci\u0105\u017c\u0119, takich jak: kom\u00f3rki jajowe i zarodki od dawc\u00f3w lub wykorzystanie w\u0142asnych zachowanych kom\u00f3rek jajowych , zarodk\u00f3w czy tkanki jajnikowej    <\/p><p>Na stronie internetowej <a href=\"https:\/\/www.hfea.gov.uk\/\" target=\"_blank\" rel=\"noopener\">www.hfea.gov.uk<\/a> znajdzie Pani wi\u0119cej informacji na temat dawstwa kom\u00f3rek jajowych lub zarodk\u00f3w oraz macierzy\u0144stwa zast\u0119pczego.<\/p><p>Wymienione <a href=\"https:\/\/cancerfertilityandme.org.uk\/pl\/home\/inne-informacje-i-przydatne-kontakty\/\">tutaj <\/a>organizacje udzielaj\u0105 informacji i wsparcia osobom zainteresowanym opiek\u0105 zast\u0119pcz\u0105 i adopcj\u0105.<\/p><p><strong>Poni\u017csze pytania mog\u0105 pom\u00f3c Pani w rozmowie z zespo\u0142em opieki onkologicznej lub lekarzem rodzinnym na temat planowania rodziny po leczeniu raka:<\/strong><\/p><ul><li>Sk\u0105d b\u0119d\u0119 wiedzie\u0107, czy jestem p\u0142odna po leczeniu raka?<\/li><li>Po jakim czasie dowiem si\u0119, czy jestem p\u0142odna?<\/li><li>Czy s\u0105 jakie\u015b testy, kt\u00f3re mog\u0119 wykona\u0107, aby sprawdzi\u0107, czy nadal jestem p\u0142odna po leczeniu raka?<\/li><li>Czy przysz\u0142a ci\u0105\u017ca wp\u0142ynie na ryzyko nawrotu raka?<\/li><li>Zak\u0142adaj\u0105c, \u017ce nadal mog\u0119 mie\u0107 dzieci, jak d\u0142ugo po leczeniu powinnam czeka\u0107?<\/li><li>Je\u015bli zajd\u0119 w ci\u0105\u017c\u0119 po leczeniu raka, czy moje dziecko b\u0119dzie mia\u0142o zwi\u0119kszone ryzyko zachorowania na raka?<\/li><li>Je\u015bli nie uda\u0142o mi si\u0119 zachowa\u0107 p\u0142odno\u015bci przed leczeniem, czy mam jeszcze jakie\u015b mo\u017cliwo\u015bci?<\/li><\/ul>\t\t\t\t\t\t\t\t<\/div>\n\t\t\t\t<\/div>\n\t\t\t\t<\/div>\n\t\t<div class=\"elementor-element elementor-element-70a0f153 e-con-full e-flex e-con e-child\" data-id=\"70a0f153\" data-element_type=\"container\" data-e-type=\"container\">\n\t\t<div class=\"elementor-element elementor-element-2958a1d3 e-con-full e-flex e-con e-child\" data-id=\"2958a1d3\" data-element_type=\"container\" data-e-type=\"container\">\n\t\t\t\t<div class=\"elementor-element elementor-element-591329c4 elementor-widget elementor-widget-image\" data-id=\"591329c4\" data-element_type=\"widget\" data-e-type=\"widget\" data-widget_type=\"image.default\">\n\t\t\t\t<div class=\"elementor-widget-container\">\n\t\t\t\t\t\t\t\t\t\t\t\t\t\t\t\t<a href=\"http:\/\/.\/\">\n\t\t\t\t\t\t\t<img decoding=\"async\" width=\"200\" height=\"200\" src=\"https:\/\/cancerfertilityandme.org.uk\/wp-content\/uploads\/cancerfertilityandme-logo-header-young-women.png\" class=\"attachment-full size-full wp-image-330\" alt=\"\" srcset=\"https:\/\/cancerfertilityandme.org.uk\/wp-content\/uploads\/cancerfertilityandme-logo-header-young-women.png 200w, https:\/\/cancerfertilityandme.org.uk\/wp-content\/uploads\/cancerfertilityandme-logo-header-young-women-150x150.png 150w, https:\/\/cancerfertilityandme.org.uk\/wp-content\/uploads\/elementor\/thumbs\/cancerfertilityandme-logo-header-young-women-r4vfcv1ro149or8nkxzol3x986uodd6lq6no4gpb6w.png 100w\" sizes=\"(max-width: 200px) 100vw, 200px\" \/>\t\t\t\t\t\t\t\t<\/a>\n\t\t\t\t\t\t\t\t\t\t\t\t\t\t\t<\/div>\n\t\t\t\t<\/div>\n\t\t\t\t<\/div>\n\t\t<div class=\"elementor-element elementor-element-817e9ca e-con-full e-flex e-con e-child\" data-id=\"817e9ca\" data-element_type=\"container\" data-e-type=\"container\">\n\t\t\t\t<div class=\"elementor-element elementor-element-562636c3 elementor-widget elementor-widget-heading\" data-id=\"562636c3\" data-element_type=\"widget\" data-e-type=\"widget\" data-widget_type=\"heading.default\">\n\t\t\t\t<div class=\"elementor-widget-container\">\n\t\t\t\t\t<h3 class=\"elementor-heading-title elementor-size-default\">Aby uzyska\u0107 wi\u0119cej informacji, skorzystaj z tych \u0142\u0105czy<\/h3>\t\t\t\t<\/div>\n\t\t\t\t<\/div>\n\t\t\t\t<div class=\"elementor-element elementor-element-44a325b5 elementor-nav-menu--dropdown-none elementor-widget elementor-widget-nav-menu\" data-id=\"44a325b5\" data-element_type=\"widget\" data-e-type=\"widget\" data-settings=\"{&quot;layout&quot;:&quot;vertical&quot;,&quot;submenu_icon&quot;:{&quot;value&quot;:&quot;&lt;svg aria-hidden=\\&quot;true\\&quot; class=\\&quot;e-font-icon-svg e-fas-caret-down\\&quot; viewBox=\\&quot;0 0 320 512\\&quot; xmlns=\\&quot;http:\\\/\\\/www.w3.org\\\/2000\\\/svg\\&quot;&gt;&lt;path d=\\&quot;M31.3 192h257.3c17.8 0 26.7 21.5 14.1 34.1L174.1 354.8c-7.8 7.8-20.5 7.8-28.3 0L17.2 226.1C4.6 213.5 13.5 192 31.3 192z\\&quot;&gt;&lt;\\\/path&gt;&lt;\\\/svg&gt;&quot;,&quot;library&quot;:&quot;fa-solid&quot;}}\" data-widget_type=\"nav-menu.default\">\n\t\t\t\t<div class=\"elementor-widget-container\">\n\t\t\t\t\t\t\t\t<nav aria-label=\"Menu\" class=\"elementor-nav-menu--main elementor-nav-menu__container elementor-nav-menu--layout-vertical e--pointer-none\">\n\t\t\t\t<ul id=\"menu-1-44a325b5\" class=\"elementor-nav-menu sm-vertical\"><li class=\"menu-item menu-item-type-post_type menu-item-object-page menu-item-8524\"><a href=\"https:\/\/cancerfertilityandme.org.uk\/young-women\/making-your-decision\/\" class=\"elementor-item\">Podejmowanie decyzji o zachowaniu p\u0142odno\u015bci<\/a><\/li>\n<li class=\"menu-item menu-item-type-post_type menu-item-object-page menu-item-8525\"><a href=\"https:\/\/cancerfertilityandme.org.uk\/young-women\/making-your-decision\/talking-about-fertility-preservation\/\" class=\"elementor-item\">M\u00f3wimy o zachowaniu p\u0142odno\u015bci<\/a><\/li>\n<li class=\"menu-item menu-item-type-post_type menu-item-object-page menu-item-8526\"><a href=\"https:\/\/cancerfertilityandme.org.uk\/young-women\/making-your-decision\/talking-about-fertility-preservation-decision-with-others\/\" class=\"elementor-item\">Rozmowy z innymi o decyzji dotycz\u0105cej zachowania p\u0142odno\u015bci<\/a><\/li>\n<\/ul>\t\t\t<\/nav>\n\t\t\t\t\t\t<nav class=\"elementor-nav-menu--dropdown elementor-nav-menu__container\" aria-hidden=\"true\">\n\t\t\t\t<ul id=\"menu-2-44a325b5\" class=\"elementor-nav-menu sm-vertical\"><li class=\"menu-item menu-item-type-post_type menu-item-object-page menu-item-8524\"><a href=\"https:\/\/cancerfertilityandme.org.uk\/young-women\/making-your-decision\/\" class=\"elementor-item\" tabindex=\"-1\">Podejmowanie decyzji o zachowaniu p\u0142odno\u015bci<\/a><\/li>\n<li class=\"menu-item menu-item-type-post_type menu-item-object-page menu-item-8525\"><a href=\"https:\/\/cancerfertilityandme.org.uk\/young-women\/making-your-decision\/talking-about-fertility-preservation\/\" class=\"elementor-item\" tabindex=\"-1\">M\u00f3wimy o zachowaniu p\u0142odno\u015bci<\/a><\/li>\n<li class=\"menu-item menu-item-type-post_type menu-item-object-page menu-item-8526\"><a href=\"https:\/\/cancerfertilityandme.org.uk\/young-women\/making-your-decision\/talking-about-fertility-preservation-decision-with-others\/\" class=\"elementor-item\" tabindex=\"-1\">Rozmowy z innymi o decyzji dotycz\u0105cej zachowania p\u0142odno\u015bci<\/a><\/li>\n<\/ul>\t\t\t<\/nav>\n\t\t\t\t\t\t<\/div>\n\t\t\t\t<\/div>\n\t\t\t\t<\/div>\n\t\t\t\t<\/div>\n\t\t\t\t\t<\/div>\n\t\t\t\t<\/main>\n\t\t\t\t<\/div>\n\t\t","protected":false},"excerpt":{"rendered":"<p>Inne decyzje dotycz\u0105ce p\u0142odno\u015bci do rozwa\u017cenia Dotychczas celem tej witryny internetowej by\u0142o udzielenie Ci pomocy w podj\u0119ciu w\u0142a\u015bciwych decyzji dotycz\u0105cych zachowania p\u0142odno\u015bci przed rozpocz\u0119ciem leczenia raka. Ta sekcja zawiera informacje zwi\u0105zane z decyzjami na temat antykoncepcji i planowania rodziny kt\u00f3re mo\u017ce Pani chcie\u0107 podj\u0105\u0107 w trakcie i po leczeniu raka. \u2022 W trakcie leczenia raka: [&hellip;]<\/p>\n","protected":false},"author":1,"featured_media":0,"parent":8170,"menu_order":0,"comment_status":"open","ping_status":"closed","template":"","meta":{"footnotes":""},"class_list":["post-11680","page","type-page","status-publish","hentry"],"_links":{"self":[{"href":"https:\/\/cancerfertilityandme.org.uk\/pl\/wp-json\/wp\/v2\/pages\/11680","targetHints":{"allow":["GET"]}}],"collection":[{"href":"https:\/\/cancerfertilityandme.org.uk\/pl\/wp-json\/wp\/v2\/pages"}],"about":[{"href":"https:\/\/cancerfertilityandme.org.uk\/pl\/wp-json\/wp\/v2\/types\/page"}],"author":[{"embeddable":true,"href":"https:\/\/cancerfertilityandme.org.uk\/pl\/wp-json\/wp\/v2\/users\/1"}],"replies":[{"embeddable":true,"href":"https:\/\/cancerfertilityandme.org.uk\/pl\/wp-json\/wp\/v2\/comments?post=11680"}],"version-history":[{"count":5,"href":"https:\/\/cancerfertilityandme.org.uk\/pl\/wp-json\/wp\/v2\/pages\/11680\/revisions"}],"predecessor-version":[{"id":11728,"href":"https:\/\/cancerfertilityandme.org.uk\/pl\/wp-json\/wp\/v2\/pages\/11680\/revisions\/11728"}],"up":[{"embeddable":true,"href":"https:\/\/cancerfertilityandme.org.uk\/pl\/wp-json\/wp\/v2\/pages\/8170"}],"wp:attachment":[{"href":"https:\/\/cancerfertilityandme.org.uk\/pl\/wp-json\/wp\/v2\/media?parent=11680"}],"curies":[{"name":"wp","href":"https:\/\/api.w.org\/{rel}","templated":true}]}}