{"id":8117,"date":"2023-04-02T16:34:20","date_gmt":"2023-04-02T16:34:20","guid":{"rendered":"https:\/\/cancerfertilityandme.org.uk\/discutere-la-tutela-della-fertilita\/"},"modified":"2026-02-06T08:37:12","modified_gmt":"2026-02-06T08:37:12","slug":"discutere-la-tutela-della-fertilita","status":"publish","type":"page","link":"https:\/\/cancerfertilityandme.org.uk\/it\/giovani-donne\/decidere-sulla-conservazione-della-fertilita\/discutere-la-tutela-della-fertilita\/","title":{"rendered":"Discutere la tutela della fertilit\u00e0"},"content":{"rendered":"\t\t<div data-elementor-type=\"wp-page\" data-elementor-id=\"8117\" class=\"elementor elementor-8117 elementor-7761\" data-elementor-post-type=\"page\">\n\t\t\t\t<main class=\"elementor-element elementor-element-33337609 e-flex e-con-boxed e-con e-parent\" data-id=\"33337609\" data-element_type=\"container\" data-e-type=\"container\">\n\t\t\t\t\t<div class=\"e-con-inner\">\n\t\t<div class=\"elementor-element elementor-element-2ec8e3ed e-con-full e-flex e-con e-child\" data-id=\"2ec8e3ed\" data-element_type=\"container\" data-e-type=\"container\">\n\t\t\t\t<div class=\"elementor-element elementor-element-2d95895a elementor-widget elementor-widget-text-editor\" data-id=\"2d95895a\" data-element_type=\"widget\" data-e-type=\"widget\" data-widget_type=\"text-editor.default\">\n\t\t\t\t<div class=\"elementor-widget-container\">\n\t\t\t\t\t\t\t\t\t<h2>Discutere la tutela della fertilit\u00e0 con il tuo team medico<\/h2><p>Il team di cura della fertilit\u00e0 esegue procedure di conservazione della fertilit\u00e0 per donne a cui \u00e8 stato diagnosticato un cancro. Il team di cura della fertilit\u00e0, pu\u00f2 discutere con te della tua decisione di avere o meno procedure di conservazione della fertilit\u00e0. <\/p><p>La consulenza sulla fertilit\u00e0 dipende dalla clinica che stai frequentando, dalla diagnosi del cancro e dal trattamento antitumorale che hai pianificato. Il team di cura della fertilit\u00e0 esaminer\u00e0 la tua storia clinica per assicurarsi che il trattamento di conservazione della fertilit\u00e0 sia appropriato per te. Il team spiegher\u00e0 cosa comporta, le probabilit\u00e0 di successo e gli effetti collaterali del trattamento della fertilit\u00e0. Se hai bisogno di ulteriori test, questi verranno eseguiti prima dell\u2019inizio del trattamento per la fertilit\u00e0. Avrai anche la probabilit\u00e0 di discutere con il team, le diverse opzioni di conservazione della fertilit\u00e0 disponibili presso la clinica.    <\/p><p>Se scegli un trattamento di conservazione della fertilit\u00e0, verranno effettuati diversi test. Questi includeranno esami del sangue per misurare i livelli ormonali e altri test di screening. Il team di cura della fertilit\u00e0 discuter\u00e0 anche le questioni relative al consenso del trattamento come raccomandato dall\u2019 HFEA. <\/p><p>Un membro del tuo team di assistenza oncologica, sar\u00e0 in grado di indirizzarti ad una clinica per la fertilit\u00e0. Il team potr\u00e0 chiedere loro di inserirti il prima possibile, per prevenire eventuali ritardi nel trattamento antitumorale.<\/p>\t\t\t\t\t\t\t\t<\/div>\n\t\t\t\t<\/div>\n\t\t<div class=\"elementor-element elementor-element-30000985 e-con-full e-flex e-con e-child\" data-id=\"30000985\" data-element_type=\"container\" data-e-type=\"container\" data-settings=\"{&quot;background_background&quot;:&quot;classic&quot;}\">\n\t\t\t\t<div class=\"elementor-element elementor-element-5606b1a3 elementor-widget elementor-widget-text-editor\" data-id=\"5606b1a3\" data-element_type=\"widget\" data-e-type=\"widget\" data-widget_type=\"text-editor.default\">\n\t\t\t\t<div class=\"elementor-widget-container\">\n\t\t\t\t\t\t\t\t\t<h2>Se desideri essere indirizzata ad una clinica per la fertilit\u00e0, ci sono alcune cose da chiedersi<\/h2><ul><li>Un membro del mio team di cura del cancro mi ha indirizzato ad una clinica per la fertilit\u00e0?<\/li><li>\u00c8 stata fissata un appuntamento per vedere il team di cura della fertilit\u00e0?<\/li><\/ul><p>Se la tua risposta \u00e8 no o non sei sicura, potrai chiedere al tuo team di cura del cancro, di contattare la clinica per la fertilit\u00e0 per tuo conto il prima possibile.<\/p><p>Potresti dover fare delle domande alla clinica della fertilit\u00e0. Le domande qui possono aiutarti a prepararti per la consulenza sulla fertilit\u00e0. <\/p>\t\t\t\t\t\t\t\t<\/div>\n\t\t\t\t<\/div>\n\t\t\t\t<\/div>\n\t\t<div class=\"elementor-element elementor-element-ff8e1ab e-con-full e-flex e-con e-child\" data-id=\"ff8e1ab\" data-element_type=\"container\" data-e-type=\"container\" data-settings=\"{&quot;background_background&quot;:&quot;classic&quot;}\">\n\t\t\t\t<div class=\"elementor-element elementor-element-8eb63b9 elementor-widget elementor-widget-text-editor\" data-id=\"8eb63b9\" data-element_type=\"widget\" data-e-type=\"widget\" data-widget_type=\"text-editor.default\">\n\t\t\t\t<div class=\"elementor-widget-container\">\n\t\t\t\t\t\t\t\t\t<h2>Domande da porre al team di cura della fertilit\u00e0<\/h2><h3>Le domande qui possono aiutarti a prepararti per la consulenza sulla fertilit\u00e0.<\/h3><ul><li>Quanto tempo richieder\u00e0 la preservazione della fertilit\u00e0?<\/li><li>Per quanto tempo potrebbe essere ritardato il mio trattamento contro il cancro?<\/li><li>Quali sono le mie possibilit\u00e0 di poter avere figli miei in futuro?<\/li><li>Un\u2019eventuale preservazione della fertilit\u00e0 influenzerebbe le possibilit\u00e0 di recidiva del cancro?<\/li><\/ul><ul><li>Un membro del mio team di cura del cancro mi ha indirizzato ad una clinica per la fertilit\u00e0?<\/li><li>\u00c8 stata fissata un appuntamento per vedere il team di cura della fertilit\u00e0?<\/li><\/ul><p>Se la tua risposta \u00e8 no o non sei sicura, potrai chiedere al tuo team di cura del cancro, di contattare la clinica per la fertilit\u00e0 per tuo conto il prima possibile.<\/p><p>Potresti dover fare delle domande alla clinica della fertilit\u00e0. Le domande qui possono aiutarti a prepararti per la consulenza sulla fertilit\u00e0. <\/p>\t\t\t\t\t\t\t\t<\/div>\n\t\t\t\t<\/div>\n\t\t\t\t<\/div>\n\t\t\t\t<\/div>\n\t\t<div class=\"elementor-element elementor-element-1de02523 e-con-full e-flex e-con e-child\" data-id=\"1de02523\" data-element_type=\"container\" data-e-type=\"container\">\n\t\t<div class=\"elementor-element elementor-element-22d6fda7 e-con-full e-flex e-con e-child\" data-id=\"22d6fda7\" data-element_type=\"container\" data-e-type=\"container\">\n\t\t\t\t<div class=\"elementor-element elementor-element-21e88bb elementor-widget elementor-widget-image\" data-id=\"21e88bb\" data-element_type=\"widget\" data-e-type=\"widget\" data-widget_type=\"image.default\">\n\t\t\t\t<div class=\"elementor-widget-container\">\n\t\t\t\t\t\t\t\t\t\t\t\t\t\t\t\t<a href=\"http:\/\/.\/\">\n\t\t\t\t\t\t\t<img decoding=\"async\" width=\"200\" height=\"200\" src=\"https:\/\/cancerfertilityandme.org.uk\/wp-content\/uploads\/cancerfertilityandme-logo-header-young-women.png\" class=\"attachment-full size-full wp-image-329\" alt=\"\" srcset=\"https:\/\/cancerfertilityandme.org.uk\/wp-content\/uploads\/cancerfertilityandme-logo-header-young-women.png 200w, https:\/\/cancerfertilityandme.org.uk\/wp-content\/uploads\/cancerfertilityandme-logo-header-young-women-150x150.png 150w, https:\/\/cancerfertilityandme.org.uk\/wp-content\/uploads\/elementor\/thumbs\/cancerfertilityandme-logo-header-young-women-r4vfcv1ro149or8nkxzol3x986uodd6lq6no4gpb6w.png 100w\" sizes=\"(max-width: 200px) 100vw, 200px\" \/>\t\t\t\t\t\t\t\t<\/a>\n\t\t\t\t\t\t\t\t\t\t\t\t\t\t\t<\/div>\n\t\t\t\t<\/div>\n\t\t\t\t<\/div>\n\t\t<div class=\"elementor-element elementor-element-585463e6 e-con-full e-flex e-con e-child\" data-id=\"585463e6\" data-element_type=\"container\" data-e-type=\"container\">\n\t\t\t\t<div class=\"elementor-element elementor-element-1253d3e9 elementor-widget elementor-widget-heading\" data-id=\"1253d3e9\" data-element_type=\"widget\" data-e-type=\"widget\" data-widget_type=\"heading.default\">\n\t\t\t\t<div class=\"elementor-widget-container\">\n\t\t\t\t\t<h3 class=\"elementor-heading-title elementor-size-default\">Segui questi link per ulteriori informazioni<\/h3>\t\t\t\t<\/div>\n\t\t\t\t<\/div>\n\t\t\t\t<div class=\"elementor-element elementor-element-74a47d0f elementor-nav-menu--dropdown-none elementor-widget elementor-widget-nav-menu\" data-id=\"74a47d0f\" data-element_type=\"widget\" data-e-type=\"widget\" data-settings=\"{&quot;layout&quot;:&quot;vertical&quot;,&quot;submenu_icon&quot;:{&quot;value&quot;:&quot;&lt;svg aria-hidden=\\&quot;true\\&quot; class=\\&quot;e-font-icon-svg e-fas-caret-down\\&quot; viewBox=\\&quot;0 0 320 512\\&quot; xmlns=\\&quot;http:\\\/\\\/www.w3.org\\\/2000\\\/svg\\&quot;&gt;&lt;path d=\\&quot;M31.3 192h257.3c17.8 0 26.7 21.5 14.1 34.1L174.1 354.8c-7.8 7.8-20.5 7.8-28.3 0L17.2 226.1C4.6 213.5 13.5 192 31.3 192z\\&quot;&gt;&lt;\\\/path&gt;&lt;\\\/svg&gt;&quot;,&quot;library&quot;:&quot;fa-solid&quot;}}\" data-widget_type=\"nav-menu.default\">\n\t\t\t\t<div class=\"elementor-widget-container\">\n\t\t\t\t\t\t\t\t<nav aria-label=\"Menu\" class=\"elementor-nav-menu--main elementor-nav-menu__container elementor-nav-menu--layout-vertical e--pointer-none\">\n\t\t\t\t<ul id=\"menu-1-74a47d0f\" class=\"elementor-nav-menu sm-vertical\"><li class=\"menu-item menu-item-type-post_type menu-item-object-page menu-item-8524\"><a href=\"https:\/\/cancerfertilityandme.org.uk\/young-women\/making-your-decision\/\" class=\"elementor-item\">Decidere sulla conservazione della fertilit\u00e0<\/a><\/li>\n<li class=\"menu-item menu-item-type-post_type menu-item-object-page menu-item-8525\"><a href=\"https:\/\/cancerfertilityandme.org.uk\/young-women\/making-your-decision\/talking-about-fertility-preservation\/\" class=\"elementor-item\">Discutere la tutela della fertilit\u00e0<\/a><\/li>\n<li class=\"menu-item menu-item-type-post_type menu-item-object-page menu-item-8526\"><a href=\"https:\/\/cancerfertilityandme.org.uk\/young-women\/making-your-decision\/talking-about-fertility-preservation-decision-with-others\/\" class=\"elementor-item\">Discutere decisioni sulla tutela della fertilit\u00e0 con altri<\/a><\/li>\n<\/ul>\t\t\t<\/nav>\n\t\t\t\t\t\t<nav class=\"elementor-nav-menu--dropdown elementor-nav-menu__container\" aria-hidden=\"true\">\n\t\t\t\t<ul id=\"menu-2-74a47d0f\" class=\"elementor-nav-menu sm-vertical\"><li class=\"menu-item menu-item-type-post_type menu-item-object-page menu-item-8524\"><a href=\"https:\/\/cancerfertilityandme.org.uk\/young-women\/making-your-decision\/\" class=\"elementor-item\" tabindex=\"-1\">Decidere sulla conservazione della fertilit\u00e0<\/a><\/li>\n<li class=\"menu-item menu-item-type-post_type menu-item-object-page menu-item-8525\"><a href=\"https:\/\/cancerfertilityandme.org.uk\/young-women\/making-your-decision\/talking-about-fertility-preservation\/\" class=\"elementor-item\" tabindex=\"-1\">Discutere la tutela della fertilit\u00e0<\/a><\/li>\n<li class=\"menu-item menu-item-type-post_type menu-item-object-page menu-item-8526\"><a href=\"https:\/\/cancerfertilityandme.org.uk\/young-women\/making-your-decision\/talking-about-fertility-preservation-decision-with-others\/\" class=\"elementor-item\" tabindex=\"-1\">Discutere decisioni sulla tutela della fertilit\u00e0 con altri<\/a><\/li>\n<\/ul>\t\t\t<\/nav>\n\t\t\t\t\t\t<\/div>\n\t\t\t\t<\/div>\n\t\t\t\t<\/div>\n\t\t\t\t<\/div>\n\t\t\t\t\t<\/div>\n\t\t\t\t<\/main>\n\t\t<div class=\"elementor-element elementor-element-1dfbebc e-flex e-con-boxed e-con e-parent\" data-id=\"1dfbebc\" data-element_type=\"container\" data-e-type=\"container\">\n\t\t\t\t\t<div class=\"e-con-inner\">\n\t\t\t\t\t<\/div>\n\t\t\t\t<\/div>\n\t\t\t\t<\/div>\n\t\t","protected":false},"excerpt":{"rendered":"<p>Discutere la tutela della fertilit\u00e0 con il tuo team medico Il team di cura della fertilit\u00e0 esegue procedure di conservazione della fertilit\u00e0 per donne a cui \u00e8 stato diagnosticato un cancro. Il team di cura della fertilit\u00e0, pu\u00f2 discutere con te della tua decisione di avere o meno procedure di conservazione della fertilit\u00e0. La consulenza [&hellip;]<\/p>\n","protected":false},"author":1,"featured_media":7766,"parent":8099,"menu_order":0,"comment_status":"open","ping_status":"closed","template":"","meta":{"footnotes":""},"class_list":["post-8117","page","type-page","status-publish","has-post-thumbnail","hentry"],"_links":{"self":[{"href":"https:\/\/cancerfertilityandme.org.uk\/it\/wp-json\/wp\/v2\/pages\/8117","targetHints":{"allow":["GET"]}}],"collection":[{"href":"https:\/\/cancerfertilityandme.org.uk\/it\/wp-json\/wp\/v2\/pages"}],"about":[{"href":"https:\/\/cancerfertilityandme.org.uk\/it\/wp-json\/wp\/v2\/types\/page"}],"author":[{"embeddable":true,"href":"https:\/\/cancerfertilityandme.org.uk\/it\/wp-json\/wp\/v2\/users\/1"}],"replies":[{"embeddable":true,"href":"https:\/\/cancerfertilityandme.org.uk\/it\/wp-json\/wp\/v2\/comments?post=8117"}],"version-history":[{"count":2,"href":"https:\/\/cancerfertilityandme.org.uk\/it\/wp-json\/wp\/v2\/pages\/8117\/revisions"}],"predecessor-version":[{"id":10275,"href":"https:\/\/cancerfertilityandme.org.uk\/it\/wp-json\/wp\/v2\/pages\/8117\/revisions\/10275"}],"up":[{"embeddable":true,"href":"https:\/\/cancerfertilityandme.org.uk\/it\/wp-json\/wp\/v2\/pages\/8099"}],"wp:featuredmedia":[{"embeddable":true,"href":"https:\/\/cancerfertilityandme.org.uk\/it\/wp-json\/wp\/v2\/media\/7766"}],"wp:attachment":[{"href":"https:\/\/cancerfertilityandme.org.uk\/it\/wp-json\/wp\/v2\/media?parent=8117"}],"curies":[{"name":"wp","href":"https:\/\/api.w.org\/{rel}","templated":true}]}}