{"id":8099,"date":"2023-04-03T09:45:46","date_gmt":"2023-04-03T09:45:46","guid":{"rendered":"https:\/\/cancerfertilityandme.org.uk\/decidere-sulla-conservazione-della-fertilita\/"},"modified":"2026-03-16T15:54:55","modified_gmt":"2026-03-16T15:54:55","slug":"decidere-sulla-conservazione-della-fertilita","status":"publish","type":"page","link":"https:\/\/cancerfertilityandme.org.uk\/it\/giovani-donne\/decidere-sulla-conservazione-della-fertilita\/","title":{"rendered":"Decidere sulla conservazione della fertilit\u00e0"},"content":{"rendered":"\t\t<div data-elementor-type=\"wp-page\" data-elementor-id=\"8099\" class=\"elementor elementor-8099 elementor-7791\" data-elementor-post-type=\"page\">\n\t\t\t\t<main class=\"elementor-element elementor-element-30930076 e-flex e-con-boxed e-con e-parent\" data-id=\"30930076\" data-element_type=\"container\" data-e-type=\"container\">\n\t\t\t\t\t<div class=\"e-con-inner\">\n\t\t<div class=\"elementor-element elementor-element-18d27f5a e-con-full e-flex e-con e-child\" data-id=\"18d27f5a\" data-element_type=\"container\" data-e-type=\"container\">\n\t\t\t\t<div class=\"elementor-element elementor-element-5f0b992d elementor-widget elementor-widget-text-editor\" data-id=\"5f0b992d\" data-element_type=\"widget\" data-e-type=\"widget\" data-widget_type=\"text-editor.default\">\n\t\t\t\t<div class=\"elementor-widget-container\">\n\t\t\t\t\t\t\t\t\t<h2>Decidere sulla conservazione della fertilit\u00e0 prima di iniziare il trattamento antitumorale<\/h2>\n<p>Questa sezione dell\u2018sito web ha lo scopo di aiutarti a decidere se vuoi:<\/p>\n<ul>\n<li>Avere una procedura di tutela della fertilit\u00e0 prima di iniziare il trattamento antitumorale<\/li>\n<li>Iniziare il trattamento antitumorale senza avere un trattamento di conservazione della fertilit\u00e0.<\/li>\n<\/ul>\n<p>Alcune donne sanno per certo se vogliono intraprendere la conservazione della fertilit\u00e0. Altre donne trovano pi\u00f9 difficile prendere questa decisione. Non esiste una decisione \u201cgiusta\u201d o \u201csbagliata\u201d. La decisione dipende da cosa \u00e8 pi\u00f9 importante per te in questo momento. Dipende dai piani che hai per la tua vita, dopo il trattamento antitumorale.   <\/p>\n<h2>Decidere di avere o non avere la preservazione della fertilit\u00e0 prima del trattamento antitumorale<\/h2>\n<p>Per aiutarti a pensare a ci\u00f2 che \u00e8 importante per te ora, guarda le affermazioni nella tabella seguente. Potrebbe esserti utile scrivere le ragioni delle tue risposte negli spazi sottostanti ogni affermazione. Potresti anche trovare utile completare questa attivit\u00e0 con il tuo team di cura del cancro e il team di cura della fertilit\u00e0, il tuo partner, la tua famiglia e i tuoi amici.  <\/p>\n<h2>Cosa \u00e8 pi\u00f9 importante per te?<\/h2>\t\t\t\t\t\t\t\t<\/div>\n\t\t\t\t<\/div>\n\t\t\t\t<div class=\"elementor-element elementor-element-f9c6435 elementor-widget elementor-widget-image\" data-id=\"f9c6435\" data-element_type=\"widget\" data-e-type=\"widget\" data-widget_type=\"image.default\">\n\t\t\t\t<div class=\"elementor-widget-container\">\n\t\t\t\t\t\t\t\t\t\t\t\t\t\t\t<img fetchpriority=\"high\" decoding=\"async\" width=\"800\" height=\"456\" src=\"https:\/\/cancerfertilityandme.org.uk\/wp-content\/uploads\/IT-07-2.png\" class=\"attachment-large size-large wp-image-11281\" alt=\"\" srcset=\"https:\/\/cancerfertilityandme.org.uk\/wp-content\/uploads\/IT-07-2.png 1000w, https:\/\/cancerfertilityandme.org.uk\/wp-content\/uploads\/IT-07-2-300x171.png 300w, https:\/\/cancerfertilityandme.org.uk\/wp-content\/uploads\/IT-07-2-768x438.png 768w\" sizes=\"(max-width: 800px) 100vw, 800px\" \/>\t\t\t\t\t\t\t\t\t\t\t\t\t\t\t<\/div>\n\t\t\t\t<\/div>\n\t\t\t\t<div class=\"elementor-element elementor-element-3b4e473 elementor-widget elementor-widget-text-editor\" data-id=\"3b4e473\" data-element_type=\"widget\" data-e-type=\"widget\" data-widget_type=\"text-editor.default\">\n\t\t\t\t<div class=\"elementor-widget-container\">\n\t\t\t\t\t\t\t\t\t<h2>Decidere quale opzione di conservazione della fertilit\u00e0 \u00e8 la migliore per me<\/h2><p>Nelle sezioni precedenti sono state descritte le decisioni sulla conservazione della fertilit\u00e0.<\/p><p>Le opzioni di conservazione della fertilit\u00e0 sono:<\/p><ul><li>Nessuna tutela della fertilit\u00e0<\/li><li>Congelamento<\/li><li>Soppressione ovarica<\/li><\/ul><p>La <a href=\"https:\/\/cancerfertilityandme.org.uk\/it\/home\/preservazione-della-fertilita\/riepilogo-delle-opzioni\/\">tabella riassuntiva di questa pagina<\/a> mette a confronto le diverse opzioni di conservazione della fertilit\u00e0.<\/p><p>Di seguito \u00e8 riportato un elenco delle diverse opzioni di conservazione della fertilit\u00e0. Pensa alla tua risposta per ciascuna opzione. <\/p><p>Il completamento di questa attivit\u00e0 pu\u00f2 aiutarti a pensare a quale opzione di conservazione della fertilit\u00e0 si adatta meglio a te e al tuo stile di vita in questo momento. Potrebbe essere utile parlare delle tue scelte con il tuo team di cura del cancro e il team di cura della fertilit\u00e0, il tuo partner, la tua amiglia e i tuoi amici. <\/p><p>\u201cSono soddisfatta della decisione che ho preso. Ovviamente ho dei \u2018e se\u2019 nella mia testa se avessi scelto un\u2019altra opzione\u2026 \u00e8 solo perch\u00e9 ogni decisione che prendi hai un \u2018e se avessi scelto un\u2019altra opzione?\u201d. Una giovane donna di 23 anni con un cancro alle ovaie <\/p><h2>Quanto \u00e8 plausibile per te considerare ciascuna di queste opzioni di trattamento per la conservazione della fertilit\u00e0?<\/h2>\t\t\t\t\t\t\t\t<\/div>\n\t\t\t\t<\/div>\n\t\t\t\t<div class=\"elementor-element elementor-element-d3a8d17 elementor-widget elementor-widget-image\" data-id=\"d3a8d17\" data-element_type=\"widget\" data-e-type=\"widget\" data-widget_type=\"image.default\">\n\t\t\t\t<div class=\"elementor-widget-container\">\n\t\t\t\t\t\t\t\t\t\t\t\t\t\t\t<img decoding=\"async\" width=\"800\" height=\"570\" src=\"https:\/\/cancerfertilityandme.org.uk\/wp-content\/uploads\/IT-08-1.png\" class=\"attachment-large size-large wp-image-11292\" alt=\"\" srcset=\"https:\/\/cancerfertilityandme.org.uk\/wp-content\/uploads\/IT-08-1.png 1000w, https:\/\/cancerfertilityandme.org.uk\/wp-content\/uploads\/IT-08-1-300x214.png 300w, https:\/\/cancerfertilityandme.org.uk\/wp-content\/uploads\/IT-08-1-768x548.png 768w\" sizes=\"(max-width: 800px) 100vw, 800px\" \/>\t\t\t\t\t\t\t\t\t\t\t\t\t\t\t<\/div>\n\t\t\t\t<\/div>\n\t\t\t\t<\/div>\n\t\t<div class=\"elementor-element elementor-element-7211a6f2 e-con-full e-flex e-con e-child\" data-id=\"7211a6f2\" data-element_type=\"container\" data-e-type=\"container\">\n\t\t<div class=\"elementor-element elementor-element-1f31f5ae e-con-full e-flex e-con e-child\" data-id=\"1f31f5ae\" data-element_type=\"container\" data-e-type=\"container\">\n\t\t\t\t<div class=\"elementor-element elementor-element-16597f95 elementor-widget elementor-widget-image\" data-id=\"16597f95\" data-element_type=\"widget\" data-e-type=\"widget\" data-widget_type=\"image.default\">\n\t\t\t\t<div class=\"elementor-widget-container\">\n\t\t\t\t\t\t\t\t\t\t\t\t\t\t\t\t<a href=\"http:\/\/.\/\">\n\t\t\t\t\t\t\t<img decoding=\"async\" width=\"200\" height=\"200\" src=\"https:\/\/cancerfertilityandme.org.uk\/wp-content\/uploads\/cancerfertilityandme-logo-header-young-women.png\" class=\"attachment-full size-full wp-image-329\" alt=\"\" srcset=\"https:\/\/cancerfertilityandme.org.uk\/wp-content\/uploads\/cancerfertilityandme-logo-header-young-women.png 200w, https:\/\/cancerfertilityandme.org.uk\/wp-content\/uploads\/cancerfertilityandme-logo-header-young-women-150x150.png 150w, https:\/\/cancerfertilityandme.org.uk\/wp-content\/uploads\/elementor\/thumbs\/cancerfertilityandme-logo-header-young-women-r4vfcv1ro149or8nkxzol3x986uodd6lq6no4gpb6w.png 100w\" sizes=\"(max-width: 200px) 100vw, 200px\" \/>\t\t\t\t\t\t\t\t<\/a>\n\t\t\t\t\t\t\t\t\t\t\t\t\t\t\t<\/div>\n\t\t\t\t<\/div>\n\t\t\t\t<\/div>\n\t\t<div class=\"elementor-element elementor-element-56263ecb e-con-full e-flex e-con e-child\" data-id=\"56263ecb\" data-element_type=\"container\" data-e-type=\"container\">\n\t\t\t\t<div class=\"elementor-element elementor-element-67f41f3c elementor-widget elementor-widget-heading\" data-id=\"67f41f3c\" data-element_type=\"widget\" data-e-type=\"widget\" data-widget_type=\"heading.default\">\n\t\t\t\t<div class=\"elementor-widget-container\">\n\t\t\t\t\t<h3 class=\"elementor-heading-title elementor-size-default\">Segui questi link per ulteriori informazioni<\/h3>\t\t\t\t<\/div>\n\t\t\t\t<\/div>\n\t\t\t\t<div class=\"elementor-element elementor-element-13c3a37b elementor-nav-menu--dropdown-none elementor-widget elementor-widget-nav-menu\" data-id=\"13c3a37b\" data-element_type=\"widget\" data-e-type=\"widget\" data-settings=\"{&quot;layout&quot;:&quot;vertical&quot;,&quot;submenu_icon&quot;:{&quot;value&quot;:&quot;&lt;svg aria-hidden=\\&quot;true\\&quot; class=\\&quot;e-font-icon-svg e-fas-caret-down\\&quot; viewBox=\\&quot;0 0 320 512\\&quot; xmlns=\\&quot;http:\\\/\\\/www.w3.org\\\/2000\\\/svg\\&quot;&gt;&lt;path d=\\&quot;M31.3 192h257.3c17.8 0 26.7 21.5 14.1 34.1L174.1 354.8c-7.8 7.8-20.5 7.8-28.3 0L17.2 226.1C4.6 213.5 13.5 192 31.3 192z\\&quot;&gt;&lt;\\\/path&gt;&lt;\\\/svg&gt;&quot;,&quot;library&quot;:&quot;fa-solid&quot;}}\" data-widget_type=\"nav-menu.default\">\n\t\t\t\t<div class=\"elementor-widget-container\">\n\t\t\t\t\t\t\t\t<nav aria-label=\"Menu\" class=\"elementor-nav-menu--main elementor-nav-menu__container elementor-nav-menu--layout-vertical e--pointer-none\">\n\t\t\t\t<ul id=\"menu-1-13c3a37b\" class=\"elementor-nav-menu sm-vertical\"><li class=\"menu-item menu-item-type-post_type menu-item-object-page menu-item-8524\"><a href=\"https:\/\/cancerfertilityandme.org.uk\/young-women\/making-your-decision\/\" class=\"elementor-item\">Decidere sulla conservazione della fertilit\u00e0<\/a><\/li>\n<li class=\"menu-item menu-item-type-post_type menu-item-object-page menu-item-8525\"><a href=\"https:\/\/cancerfertilityandme.org.uk\/young-women\/making-your-decision\/talking-about-fertility-preservation\/\" class=\"elementor-item\">Discutere la tutela della fertilit\u00e0<\/a><\/li>\n<li class=\"menu-item menu-item-type-post_type menu-item-object-page menu-item-8526\"><a href=\"https:\/\/cancerfertilityandme.org.uk\/young-women\/making-your-decision\/talking-about-fertility-preservation-decision-with-others\/\" class=\"elementor-item\">Discutere decisioni sulla tutela della fertilit\u00e0 con altri<\/a><\/li>\n<\/ul>\t\t\t<\/nav>\n\t\t\t\t\t\t<nav class=\"elementor-nav-menu--dropdown elementor-nav-menu__container\" aria-hidden=\"true\">\n\t\t\t\t<ul id=\"menu-2-13c3a37b\" class=\"elementor-nav-menu sm-vertical\"><li class=\"menu-item menu-item-type-post_type menu-item-object-page menu-item-8524\"><a href=\"https:\/\/cancerfertilityandme.org.uk\/young-women\/making-your-decision\/\" class=\"elementor-item\" tabindex=\"-1\">Decidere sulla conservazione della fertilit\u00e0<\/a><\/li>\n<li class=\"menu-item menu-item-type-post_type menu-item-object-page menu-item-8525\"><a href=\"https:\/\/cancerfertilityandme.org.uk\/young-women\/making-your-decision\/talking-about-fertility-preservation\/\" class=\"elementor-item\" tabindex=\"-1\">Discutere la tutela della fertilit\u00e0<\/a><\/li>\n<li class=\"menu-item menu-item-type-post_type menu-item-object-page menu-item-8526\"><a href=\"https:\/\/cancerfertilityandme.org.uk\/young-women\/making-your-decision\/talking-about-fertility-preservation-decision-with-others\/\" class=\"elementor-item\" tabindex=\"-1\">Discutere decisioni sulla tutela della fertilit\u00e0 con altri<\/a><\/li>\n<\/ul>\t\t\t<\/nav>\n\t\t\t\t\t\t<\/div>\n\t\t\t\t<\/div>\n\t\t\t\t<\/div>\n\t\t\t\t<\/div>\n\t\t\t\t\t<\/div>\n\t\t\t\t<\/main>\n\t\t\t\t<\/div>\n\t\t","protected":false},"excerpt":{"rendered":"<p>Decidere sulla conservazione della fertilit\u00e0 prima di iniziare il trattamento antitumorale Questa sezione dell\u2018sito web ha lo scopo di aiutarti a decidere se vuoi: Avere una procedura di tutela della fertilit\u00e0 prima di iniziare il trattamento antitumorale Iniziare il trattamento antitumorale senza avere un trattamento di conservazione della fertilit\u00e0. Alcune donne sanno per certo se [&hellip;]<\/p>\n","protected":false},"author":1,"featured_media":11291,"parent":8048,"menu_order":0,"comment_status":"open","ping_status":"closed","template":"","meta":{"footnotes":""},"class_list":["post-8099","page","type-page","status-publish","has-post-thumbnail","hentry"],"_links":{"self":[{"href":"https:\/\/cancerfertilityandme.org.uk\/it\/wp-json\/wp\/v2\/pages\/8099","targetHints":{"allow":["GET"]}}],"collection":[{"href":"https:\/\/cancerfertilityandme.org.uk\/it\/wp-json\/wp\/v2\/pages"}],"about":[{"href":"https:\/\/cancerfertilityandme.org.uk\/it\/wp-json\/wp\/v2\/types\/page"}],"author":[{"embeddable":true,"href":"https:\/\/cancerfertilityandme.org.uk\/it\/wp-json\/wp\/v2\/users\/1"}],"replies":[{"embeddable":true,"href":"https:\/\/cancerfertilityandme.org.uk\/it\/wp-json\/wp\/v2\/comments?post=8099"}],"version-history":[{"count":8,"href":"https:\/\/cancerfertilityandme.org.uk\/it\/wp-json\/wp\/v2\/pages\/8099\/revisions"}],"predecessor-version":[{"id":11397,"href":"https:\/\/cancerfertilityandme.org.uk\/it\/wp-json\/wp\/v2\/pages\/8099\/revisions\/11397"}],"up":[{"embeddable":true,"href":"https:\/\/cancerfertilityandme.org.uk\/it\/wp-json\/wp\/v2\/pages\/8048"}],"wp:featuredmedia":[{"embeddable":true,"href":"https:\/\/cancerfertilityandme.org.uk\/it\/wp-json\/wp\/v2\/media\/11291"}],"wp:attachment":[{"href":"https:\/\/cancerfertilityandme.org.uk\/it\/wp-json\/wp\/v2\/media?parent=8099"}],"curies":[{"name":"wp","href":"https:\/\/api.w.org\/{rel}","templated":true}]}}