{"id":8092,"date":"2023-04-03T09:44:15","date_gmt":"2023-04-03T09:44:15","guid":{"rendered":"https:\/\/cancerfertilityandme.org.uk\/decisioni-sulla-pianificazione-familiare-dopo-il-trattamento-antitumorale\/"},"modified":"2026-03-10T16:40:13","modified_gmt":"2026-03-10T16:40:13","slug":"decisioni-sulla-pianificazione-familiare-dopo-il-trattamento-antitumorale","status":"publish","type":"page","link":"https:\/\/cancerfertilityandme.org.uk\/it\/giovani-donne\/contraccezione-e-pianificazione-familiare\/decisioni-sulla-pianificazione-familiare-dopo-il-trattamento-antitumorale\/","title":{"rendered":"Decisioni sulla pianificazione familiare dopo il trattamento antitumorale"},"content":{"rendered":"\t\t<div data-elementor-type=\"wp-page\" data-elementor-id=\"8092\" class=\"elementor elementor-8092 elementor-7790\" data-elementor-post-type=\"page\">\n\t\t\t\t<main class=\"elementor-element elementor-element-23a515be e-flex e-con-boxed e-con e-parent\" data-id=\"23a515be\" data-element_type=\"container\" data-e-type=\"container\">\n\t\t\t\t\t<div class=\"e-con-inner\">\n\t\t<div class=\"elementor-element elementor-element-2324c290 e-con-full e-flex e-con e-child\" data-id=\"2324c290\" data-element_type=\"container\" data-e-type=\"container\">\n\t\t\t\t<div class=\"elementor-element elementor-element-65cf739e elementor-widget elementor-widget-text-editor\" data-id=\"65cf739e\" data-element_type=\"widget\" data-e-type=\"widget\" data-widget_type=\"text-editor.default\">\n\t\t\t\t<div class=\"elementor-widget-container\">\n\t\t\t\t\t\t\t\t\t<h2>Decisioni sulla pianificazione familiare dopo il trattamento antitumorale<\/h2><p><strong>Per molte donne, decidere se tentare una gravidanza dopo una diagnosi di cancro \u00e8 difficile. Durante questo periodo, le donne prendono decisioni sulla gestione della fertilit\u00e0 che meglio si adattano alle loro vite. Questi includono i test per controllare la fertilit\u00e0, la scelta di un metodo contraccettivo e la pianificazione della tua futura famiglia.  <\/strong><\/p><p>\u00c8 difficile prevedere come la tua fertilit\u00e0 sar\u00e0 influenzata dal trattamento antitumorale. Il team di cura della fertilit\u00e0 pu\u00f2 controllare la tua fertilit\u00e0 attraverso una serie di test. Questi includono esami del sangue per controllare i livelli di un ormone o un\u2019ecografia delle ovaie. Puoi chiedere al tuo team di cura del cancro o al tuo medico di famiglia di indirizzarti a una clinica per la fertilit\u00e0.  <\/p><p>La tua fertilit\u00e0 pu\u00f2 tornare naturalmente in seguito. Anche se le tue mestruazioni non sono ricominciate, potresti ancora produrre ovuli e potresti rimanere incinta. Si consiglia di discutere questi vari metodi di contraccezione con il team di cura del cancro o il medico di famiglia. Loro sono in grado di consigliarti sulle opzioni e sul tipo di contraccezione appropriato per te. Si consiglia di attendere due anni dopo aver completato il trattamento antitumorale, prima di provare ad avere un bambino.   <\/p><p>Non ci sono dati che suggeriscano che una gravidanza influisca sulle probabilit\u00e0 che un cancro ritorni. Non ci sono dati che suggeriscano che la salute dei bambini nati dopo il trattamento antitumorale sia influenzata. Se stai pensando di rimanere incinta, parla con il tuo team di cura del cancro.  <\/p>\t\t\t\t\t\t\t\t<\/div>\n\t\t\t\t<\/div>\n\t\t\t\t<div class=\"elementor-element elementor-element-c5e0094 elementor-widget elementor-widget-image\" data-id=\"c5e0094\" data-element_type=\"widget\" data-e-type=\"widget\" data-widget_type=\"image.default\">\n\t\t\t\t<div class=\"elementor-widget-container\">\n\t\t\t\t\t\t\t\t\t\t\t\t\t\t\t<img fetchpriority=\"high\" decoding=\"async\" width=\"800\" height=\"405\" src=\"https:\/\/cancerfertilityandme.org.uk\/wp-content\/uploads\/IT-06-3-1024x518.png\" class=\"attachment-large size-large wp-image-11347\" alt=\"\" srcset=\"https:\/\/cancerfertilityandme.org.uk\/wp-content\/uploads\/IT-06-3-1024x518.png 1024w, https:\/\/cancerfertilityandme.org.uk\/wp-content\/uploads\/IT-06-3-300x152.png 300w, https:\/\/cancerfertilityandme.org.uk\/wp-content\/uploads\/IT-06-3-768x389.png 768w, https:\/\/cancerfertilityandme.org.uk\/wp-content\/uploads\/IT-06-3.png 1045w\" sizes=\"(max-width: 800px) 100vw, 800px\" \/>\t\t\t\t\t\t\t\t\t\t\t\t\t\t\t<\/div>\n\t\t\t\t<\/div>\n\t\t\t\t<div class=\"elementor-element elementor-element-76b7d0a elementor-widget elementor-widget-text-editor\" data-id=\"76b7d0a\" data-element_type=\"widget\" data-e-type=\"widget\" data-widget_type=\"text-editor.default\">\n\t\t\t\t<div class=\"elementor-widget-container\">\n\t\t\t\t\t\t\t\t\t<p>Non tutte le giovani donne sottoposte a cure per il cancro avranno un problema di fertilit\u00e0, infatti la maggior parte delle giovani donne che vogliono avere un bambino dopo il trattamento per il cancro sono in grado di farlo.<\/p><p>Alcune donne possono affrontare una perdita permanente di fertilit\u00e0 dopo il trattamento antitumorale. Questo pu\u00f2 essere sconcertante e difficile da accettare. Se questo fosse il tuo caso, potresti trovare utile cercare una consulenza professionale. Oltre a offrire supporto emotivo, saranno in grado di offrire informazioni su altre opzioni. Questi includono la maternit\u00e0 surrogata, l\u2019adozione e l\u2019affidamento. Possono anche consigliare metodi di gravidanze assistite come ovuli ed embrioni di donatori o utilizzando i propri ovuli, embrioni e tessuto ovarico conservati.    <\/p><blockquote><p>Il sito Web HFEA <a href=\"http:\/\/www.hfea.gov.uk\" target=\"_blank\" rel=\"noopener\">www.hfea.gov.uk<\/a> contiene ulteriori informazioni sulla donazione di ovuli o embrioni e sulla maternit\u00e0 surrogata. Le organizzazioni qui elencate includono informazioni e supporto per le persone interessate all\u2019affidamento e all\u2019adozione. Le organizzazioni <a href=\"https:\/\/cancerfertilityandme.org.uk\/it\/home\/contatti-utili\/\">qui <\/a>elencate includono informazioni e supporto per le persone interessate all\u2019affido e all\u2019adozione.<br><\/p><\/blockquote><p><strong>Le seguenti domande possono aiutarti a parlare con il tuo team di cura del cancro con il tuo medico di famiglia della pianificazione familiare dopo il trattamento antitumorale:<\/strong><\/p><ul><li>Come faccio a sapere se sono fertile dopo il trattamento antitumorale?<\/li><li>Quanto tempo prima di sapere se sono fertile?<\/li><li>Ci sono dei test che posso fare per verificare se sono ancora fertile dopo il trattamento antitumorale?<\/li><li>Una futura gravidanza potrebbe influire sulle probabilit\u00e0 di ricomparsa del cancro?<\/li><li>Supponendo di poter ancora avere figli, quanto tempo dovrei aspettare dopo il trattamento?<\/li><li>Se rimango incinta dopo il trattamento antitumorale, mio figlio avr\u00e0 maggiori probabilit\u00e0 di ammalarsi di cancro?<\/li><li>Se non ho preservato la mia fertilit\u00e0 prima del trattamento, ho ancora delle opzioni?<\/li><\/ul>\t\t\t\t\t\t\t\t<\/div>\n\t\t\t\t<\/div>\n\t\t\t\t<\/div>\n\t\t<div class=\"elementor-element elementor-element-4d93295f e-con-full e-flex e-con e-child\" data-id=\"4d93295f\" data-element_type=\"container\" data-e-type=\"container\">\n\t\t<div class=\"elementor-element elementor-element-46ea5028 e-con-full e-flex e-con e-child\" data-id=\"46ea5028\" data-element_type=\"container\" data-e-type=\"container\">\n\t\t\t\t<div class=\"elementor-element elementor-element-194397a8 elementor-widget elementor-widget-image\" data-id=\"194397a8\" data-element_type=\"widget\" data-e-type=\"widget\" data-widget_type=\"image.default\">\n\t\t\t\t<div class=\"elementor-widget-container\">\n\t\t\t\t\t\t\t\t\t\t\t\t\t\t\t\t<a href=\"http:\/\/.\/\">\n\t\t\t\t\t\t\t<img decoding=\"async\" width=\"200\" height=\"200\" src=\"https:\/\/cancerfertilityandme.org.uk\/wp-content\/uploads\/cancerfertilityandme-logo-header-young-women.png\" class=\"attachment-full size-full wp-image-329\" alt=\"\" srcset=\"https:\/\/cancerfertilityandme.org.uk\/wp-content\/uploads\/cancerfertilityandme-logo-header-young-women.png 200w, https:\/\/cancerfertilityandme.org.uk\/wp-content\/uploads\/cancerfertilityandme-logo-header-young-women-150x150.png 150w, https:\/\/cancerfertilityandme.org.uk\/wp-content\/uploads\/elementor\/thumbs\/cancerfertilityandme-logo-header-young-women-r4vfcv1ro149or8nkxzol3x986uodd6lq6no4gpb6w.png 100w\" sizes=\"(max-width: 200px) 100vw, 200px\" \/>\t\t\t\t\t\t\t\t<\/a>\n\t\t\t\t\t\t\t\t\t\t\t\t\t\t\t<\/div>\n\t\t\t\t<\/div>\n\t\t\t\t<\/div>\n\t\t<div class=\"elementor-element elementor-element-4dd0c88d e-con-full e-flex e-con e-child\" data-id=\"4dd0c88d\" data-element_type=\"container\" data-e-type=\"container\">\n\t\t\t\t<div class=\"elementor-element elementor-element-6cb4eb49 elementor-widget elementor-widget-heading\" data-id=\"6cb4eb49\" data-element_type=\"widget\" data-e-type=\"widget\" data-widget_type=\"heading.default\">\n\t\t\t\t<div class=\"elementor-widget-container\">\n\t\t\t\t\t<h3 class=\"elementor-heading-title elementor-size-default\">Segui questi link per ulteriori informazioni<\/h3>\t\t\t\t<\/div>\n\t\t\t\t<\/div>\n\t\t\t\t<div class=\"elementor-element elementor-element-738cc706 elementor-nav-menu--dropdown-none elementor-widget elementor-widget-nav-menu\" data-id=\"738cc706\" data-element_type=\"widget\" data-e-type=\"widget\" data-settings=\"{&quot;layout&quot;:&quot;vertical&quot;,&quot;submenu_icon&quot;:{&quot;value&quot;:&quot;&lt;svg aria-hidden=\\&quot;true\\&quot; class=\\&quot;e-font-icon-svg e-fas-caret-down\\&quot; viewBox=\\&quot;0 0 320 512\\&quot; xmlns=\\&quot;http:\\\/\\\/www.w3.org\\\/2000\\\/svg\\&quot;&gt;&lt;path d=\\&quot;M31.3 192h257.3c17.8 0 26.7 21.5 14.1 34.1L174.1 354.8c-7.8 7.8-20.5 7.8-28.3 0L17.2 226.1C4.6 213.5 13.5 192 31.3 192z\\&quot;&gt;&lt;\\\/path&gt;&lt;\\\/svg&gt;&quot;,&quot;library&quot;:&quot;fa-solid&quot;}}\" data-widget_type=\"nav-menu.default\">\n\t\t\t\t<div class=\"elementor-widget-container\">\n\t\t\t\t\t\t\t\t<nav aria-label=\"Menu\" class=\"elementor-nav-menu--main elementor-nav-menu__container elementor-nav-menu--layout-vertical e--pointer-none\">\n\t\t\t\t<ul id=\"menu-1-738cc706\" class=\"elementor-nav-menu sm-vertical\"><li class=\"menu-item menu-item-type-post_type menu-item-object-page menu-item-8508\"><a href=\"https:\/\/cancerfertilityandme.org.uk\/young-women\/contraception-and-family-planning\/\" class=\"elementor-item\">Contraccezione e pianificazione familiare<\/a><\/li>\n<li class=\"menu-item menu-item-type-post_type menu-item-object-page menu-item-8509\"><a href=\"https:\/\/cancerfertilityandme.org.uk\/young-women\/contraception-and-family-planning\/contraception-during-cancer-treatment\/\" class=\"elementor-item\">Contraccezione durante il trattamento antitumorale<\/a><\/li>\n<li class=\"menu-item menu-item-type-post_type menu-item-object-page menu-item-8510\"><a href=\"https:\/\/cancerfertilityandme.org.uk\/young-women\/contraception-and-family-planning\/family-planning-decisions-after-cancer-treatment\/\" class=\"elementor-item\">Decisioni sulla pianificazione familiare dopo il trattamento antitumorale<\/a><\/li>\n<\/ul>\t\t\t<\/nav>\n\t\t\t\t\t\t<nav class=\"elementor-nav-menu--dropdown elementor-nav-menu__container\" aria-hidden=\"true\">\n\t\t\t\t<ul id=\"menu-2-738cc706\" class=\"elementor-nav-menu sm-vertical\"><li class=\"menu-item menu-item-type-post_type menu-item-object-page menu-item-8508\"><a href=\"https:\/\/cancerfertilityandme.org.uk\/young-women\/contraception-and-family-planning\/\" class=\"elementor-item\" tabindex=\"-1\">Contraccezione e pianificazione familiare<\/a><\/li>\n<li class=\"menu-item menu-item-type-post_type menu-item-object-page menu-item-8509\"><a href=\"https:\/\/cancerfertilityandme.org.uk\/young-women\/contraception-and-family-planning\/contraception-during-cancer-treatment\/\" class=\"elementor-item\" tabindex=\"-1\">Contraccezione durante il trattamento antitumorale<\/a><\/li>\n<li class=\"menu-item menu-item-type-post_type menu-item-object-page menu-item-8510\"><a href=\"https:\/\/cancerfertilityandme.org.uk\/young-women\/contraception-and-family-planning\/family-planning-decisions-after-cancer-treatment\/\" class=\"elementor-item\" tabindex=\"-1\">Decisioni sulla pianificazione familiare dopo il trattamento antitumorale<\/a><\/li>\n<\/ul>\t\t\t<\/nav>\n\t\t\t\t\t\t<\/div>\n\t\t\t\t<\/div>\n\t\t\t\t<\/div>\n\t\t\t\t<\/div>\n\t\t\t\t\t<\/div>\n\t\t\t\t<\/main>\n\t\t\t\t<\/div>\n\t\t","protected":false},"excerpt":{"rendered":"<p>Decisioni sulla pianificazione familiare dopo il trattamento antitumorale Per molte donne, decidere se tentare una gravidanza dopo una diagnosi di cancro \u00e8 difficile. Durante questo periodo, le donne prendono decisioni sulla gestione della fertilit\u00e0 che meglio si adattano alle loro vite. Questi includono i test per controllare la fertilit\u00e0, la scelta di un metodo contraccettivo [&hellip;]<\/p>\n","protected":false},"author":1,"featured_media":0,"parent":8090,"menu_order":0,"comment_status":"open","ping_status":"closed","template":"","meta":{"footnotes":""},"class_list":["post-8092","page","type-page","status-publish","hentry"],"_links":{"self":[{"href":"https:\/\/cancerfertilityandme.org.uk\/it\/wp-json\/wp\/v2\/pages\/8092","targetHints":{"allow":["GET"]}}],"collection":[{"href":"https:\/\/cancerfertilityandme.org.uk\/it\/wp-json\/wp\/v2\/pages"}],"about":[{"href":"https:\/\/cancerfertilityandme.org.uk\/it\/wp-json\/wp\/v2\/types\/page"}],"author":[{"embeddable":true,"href":"https:\/\/cancerfertilityandme.org.uk\/it\/wp-json\/wp\/v2\/users\/1"}],"replies":[{"embeddable":true,"href":"https:\/\/cancerfertilityandme.org.uk\/it\/wp-json\/wp\/v2\/comments?post=8092"}],"version-history":[{"count":4,"href":"https:\/\/cancerfertilityandme.org.uk\/it\/wp-json\/wp\/v2\/pages\/8092\/revisions"}],"predecessor-version":[{"id":11363,"href":"https:\/\/cancerfertilityandme.org.uk\/it\/wp-json\/wp\/v2\/pages\/8092\/revisions\/11363"}],"up":[{"embeddable":true,"href":"https:\/\/cancerfertilityandme.org.uk\/it\/wp-json\/wp\/v2\/pages\/8090"}],"wp:attachment":[{"href":"https:\/\/cancerfertilityandme.org.uk\/it\/wp-json\/wp\/v2\/media?parent=8092"}],"curies":[{"name":"wp","href":"https:\/\/api.w.org\/{rel}","templated":true}]}}