{"id":8081,"date":"2023-04-02T16:28:37","date_gmt":"2023-04-02T16:28:37","guid":{"rendered":"https:\/\/cancerfertilityandme.org.uk\/congelamento-del-tessuto-ovarico\/"},"modified":"2026-02-03T15:14:22","modified_gmt":"2026-02-03T15:14:22","slug":"congelamento-del-tessuto-ovarico","status":"publish","type":"page","link":"https:\/\/cancerfertilityandme.org.uk\/it\/giovani-donne\/preservazione-della-fertilita\/congelamento-del-tessuto-ovarico\/","title":{"rendered":"Congelamento del tessuto ovarico"},"content":{"rendered":"\t\t<div data-elementor-type=\"wp-page\" data-elementor-id=\"8081\" class=\"elementor elementor-8081 elementor-7755\" data-elementor-post-type=\"page\">\n\t\t\t\t<main class=\"elementor-element elementor-element-2c043234 e-flex e-con-boxed e-con e-parent\" data-id=\"2c043234\" data-element_type=\"container\" data-e-type=\"container\">\n\t\t\t\t\t<div class=\"e-con-inner\">\n\t\t<div class=\"elementor-element elementor-element-7e729515 e-con-full e-flex e-con e-child\" data-id=\"7e729515\" data-element_type=\"container\" data-e-type=\"container\">\n\t\t\t\t<div class=\"elementor-element elementor-element-74f6a54a elementor-widget elementor-widget-text-editor\" data-id=\"74f6a54a\" data-element_type=\"widget\" data-e-type=\"widget\" data-widget_type=\"text-editor.default\">\n\t\t\t\t<div class=\"elementor-widget-container\">\n\t\t\t\t\t\t\t\t\t<h2>Congelamento del tessuto ovarico<\/h2><p><strong>Il tessuto ovarico che contiene un gran numero di ovuli immaturi, viene estratto e congelato. Dopo il trattamento antitumorale, il tessuto pu\u00f2 essere reinserito nel corpo per consentire lo sviluppo degli ovuli. Pu\u00f2 essere utilizzato immediatamente prima e durante la chemioterapia.  <\/strong><\/p><p><strong>A chi \u00e8 destinato?<\/strong><\/p><p>Donne che desiderano preservare la loro fertilit\u00e0 e:<\/p><ul><li>Non hai tempo per congelare uova o embrioni<\/li><li>Non possono usare farmaci per la fertilit\u00e0.<\/li><\/ul><p>Dopo che il tessuto ovarico \u00e8 stato sostituito, questo pu\u00f2 essere in grado di ripristinare la normale produzione e i cicli ormonali e pu\u00f2 consentire la probabilit\u00e0 di rimanere incinta in modo naturale.<\/p><p>Questo metodo \u00e8 adatto anche per le ragazze che non hanno raggiunto la pubert\u00e0. Before tissue is replaced it will need to be carefully screened to ensure that the tissue does not contain any cells from the original cancer. \u00c8 necessaria un\u2019attenta considerazione nelle donne con un cancro del sangue come la leucemia.  <\/p><p><strong>Che cosa richiede?<\/strong><\/p><p>Avrai bisogno di chirurgia mininvasiva in anestesia generale. Un\u2019ovaia o parte di un\u2019ovaia verr\u00e0 rimossa, in modo che lo strato esterno (la corteccia), che contiene gli ovuli immaturi, possa essere congelato. Le pazienti possono essere dimesse dall\u2019ospedale lo stesso giorno della procedura.  <\/p><p>Poich\u00e9 il congelamento del tessuto ovarico coinvolge solo la donna, non \u00e8 necessario il consenso del partner o dei genitori, per utilizzare il tessuto immagazzinato in futuro. Il tessuto ovarico congelato, pu\u00f2 essere conservato per un massimo di 55 anni. <\/p><p><strong>Qual \u00e8 la probabilit\u00e0 di avere un bambino dopo il congelamento del tessuto ovarico?<\/strong><\/p><p>\u00c8 difficile essere certi di quanto sia probabile che il congelamento del tessuto ovarico si traduca in un parto di successo.<\/p><p>Poich\u00e9 si tratta di un trattamento pi\u00f9 recente, il numero di malati di cancro che hanno utilizzato il loro tessuto congelato per avere un bambino \u00e8 basso. Tuttavia, i dati mostrano che il congelamento del tessuto ovarico dar\u00e0 a una giovane donna una probabilit\u00e0 di 25 su 100 (25%) di avere un bambino. Per ulteriori informazioni sui casi di successo medi nazionali, e sul numero di nati vivi con successo per ciascuna clinica per la fertilit\u00e0 autorizzata, visitare il sito Web dell\u2019Autorit\u00e0 per la fecondazione e l\u2019embriologia umana (HFEA) <a href=\"https:\/\/www.hfea.gov.uk\/\" target=\"_blank\" rel=\"noopener\">www.hfea.gov.uk<\/a> The HFEA do not regulate tissue storage and have no information on tissue storage on their website.   <\/p><p><strong>Questa opzione influenzer\u00e0 la salute del bambino?<\/strong><\/p><p>No, i dati suggeriscono che l\u2019uso del congelamento del tessuto ovarico non danneggia la salute del nascituro.<\/p><p><strong>Ci sono effetti collaterali del trattamento utilizzato nel congelamento del tessuto ovarico?<\/strong><\/p><p>Potrebbe esserci la probabilit\u00e0 di sanguinamento e infezione, e di danni alla vescica e all\u2019intestino durante l\u2019intervento chirurgico per rimuovere il tessuto ovarico.<\/p><p><strong>Questa opzione ritarder\u00e0 l\u2019inizio del mio trattamento antitumorale?<\/strong><\/p><p>La procedura viene eseguita nel giro di un giorno (senza pernottamento in ospedale), e non causer\u00e0 alcun ritardo nel trattamento antitumorale. However, in some cases it can take up to a few days. <\/p><p><strong>Questa opzione influir\u00e0 sulle mie possibilit\u00e0 che il mio cancro ritorni?<\/strong><\/p><p>In alcuni tipi di cancro, come la leucemia, potrebbe esserci la probabilit\u00e0 che il tessuto ovarico venga contaminato da cellule tumorali. Non ci sono casi noti di cancro che sia ricomparso dopo l\u2019uso del tessuto ovarico congelato. <\/p>\t\t\t\t\t\t\t\t<\/div>\n\t\t\t\t<\/div>\n\t\t\t\t<\/div>\n\t\t<div class=\"elementor-element elementor-element-1a0e4f9d e-con-full e-flex e-con e-child\" data-id=\"1a0e4f9d\" data-element_type=\"container\" data-e-type=\"container\">\n\t\t<div class=\"elementor-element elementor-element-2781ca4d e-con-full e-flex e-con e-child\" data-id=\"2781ca4d\" data-element_type=\"container\" data-e-type=\"container\">\n\t\t\t\t<div class=\"elementor-element elementor-element-4aaae53f elementor-widget elementor-widget-image\" data-id=\"4aaae53f\" data-element_type=\"widget\" data-e-type=\"widget\" data-widget_type=\"image.default\">\n\t\t\t\t<div class=\"elementor-widget-container\">\n\t\t\t\t\t\t\t\t\t\t\t\t\t\t\t\t<a href=\"http:\/\/.\/\">\n\t\t\t\t\t\t\t<img decoding=\"async\" width=\"200\" height=\"200\" src=\"https:\/\/cancerfertilityandme.org.uk\/wp-content\/uploads\/cancerfertilityandme-logo-header-young-women.png\" class=\"attachment-full size-full wp-image-329\" alt=\"\" srcset=\"https:\/\/cancerfertilityandme.org.uk\/wp-content\/uploads\/cancerfertilityandme-logo-header-young-women.png 200w, https:\/\/cancerfertilityandme.org.uk\/wp-content\/uploads\/cancerfertilityandme-logo-header-young-women-150x150.png 150w, https:\/\/cancerfertilityandme.org.uk\/wp-content\/uploads\/elementor\/thumbs\/cancerfertilityandme-logo-header-young-women-r4vfcv1ro149or8nkxzol3x986uodd6lq6no4gpb6w.png 100w\" sizes=\"(max-width: 200px) 100vw, 200px\" \/>\t\t\t\t\t\t\t\t<\/a>\n\t\t\t\t\t\t\t\t\t\t\t\t\t\t\t<\/div>\n\t\t\t\t<\/div>\n\t\t\t\t<\/div>\n\t\t<div class=\"elementor-element elementor-element-3c3efc5 e-con-full e-flex e-con e-child\" data-id=\"3c3efc5\" data-element_type=\"container\" data-e-type=\"container\">\n\t\t\t\t<div class=\"elementor-element elementor-element-3a9941c elementor-widget elementor-widget-heading\" data-id=\"3a9941c\" data-element_type=\"widget\" data-e-type=\"widget\" data-widget_type=\"heading.default\">\n\t\t\t\t<div class=\"elementor-widget-container\">\n\t\t\t\t\t<h3 class=\"elementor-heading-title elementor-size-default\">Segui questi link per ulteriori informazioni<\/h3>\t\t\t\t<\/div>\n\t\t\t\t<\/div>\n\t\t\t\t<div class=\"elementor-element elementor-element-6812e43a elementor-nav-menu--dropdown-none elementor-widget elementor-widget-nav-menu\" data-id=\"6812e43a\" data-element_type=\"widget\" data-e-type=\"widget\" data-settings=\"{&quot;layout&quot;:&quot;vertical&quot;,&quot;submenu_icon&quot;:{&quot;value&quot;:&quot;&lt;svg aria-hidden=\\&quot;true\\&quot; class=\\&quot;e-font-icon-svg e-fas-caret-down\\&quot; viewBox=\\&quot;0 0 320 512\\&quot; xmlns=\\&quot;http:\\\/\\\/www.w3.org\\\/2000\\\/svg\\&quot;&gt;&lt;path d=\\&quot;M31.3 192h257.3c17.8 0 26.7 21.5 14.1 34.1L174.1 354.8c-7.8 7.8-20.5 7.8-28.3 0L17.2 226.1C4.6 213.5 13.5 192 31.3 192z\\&quot;&gt;&lt;\\\/path&gt;&lt;\\\/svg&gt;&quot;,&quot;library&quot;:&quot;fa-solid&quot;}}\" data-widget_type=\"nav-menu.default\">\n\t\t\t\t<div class=\"elementor-widget-container\">\n\t\t\t\t\t\t\t\t<nav aria-label=\"Menu\" class=\"elementor-nav-menu--main elementor-nav-menu__container elementor-nav-menu--layout-vertical e--pointer-none\">\n\t\t\t\t<ul id=\"menu-1-6812e43a\" class=\"elementor-nav-menu sm-vertical\"><li class=\"menu-item menu-item-type-post_type menu-item-object-page menu-item-8511\"><a href=\"https:\/\/cancerfertilityandme.org.uk\/young-women\/fertility-preservation\/\" class=\"elementor-item\">Conservazione della fertilit\u00e0<\/a><\/li>\n<li class=\"menu-item menu-item-type-post_type menu-item-object-page menu-item-8514\"><a href=\"https:\/\/cancerfertilityandme.org.uk\/young-women\/fertility-preservation\/no-fertility-preservation\/\" class=\"elementor-item\">Nessuna tutela della fertilit\u00e0<\/a><\/li>\n<li class=\"menu-item menu-item-type-post_type menu-item-object-page menu-item-8512\"><a href=\"https:\/\/cancerfertilityandme.org.uk\/young-women\/fertility-preservation\/egg-freezing\/\" class=\"elementor-item\">Congelamento degli ovuli<\/a><\/li>\n<li class=\"menu-item menu-item-type-post_type menu-item-object-page menu-item-8513\"><a href=\"https:\/\/cancerfertilityandme.org.uk\/young-women\/fertility-preservation\/embryo-freezing\/\" class=\"elementor-item\">Congelamento degli embrioni<\/a><\/li>\n<li class=\"menu-item menu-item-type-post_type menu-item-object-page menu-item-8518\"><a href=\"https:\/\/cancerfertilityandme.org.uk\/young-women\/fertility-preservation\/ovarian-tissue-freezing\/\" class=\"elementor-item\">Congelamento del tessuto ovarico<\/a><\/li>\n<li class=\"menu-item menu-item-type-post_type menu-item-object-page menu-item-8515\"><a href=\"https:\/\/cancerfertilityandme.org.uk\/young-women\/fertility-preservation\/ovarian-suppression\/\" class=\"elementor-item\">Soppressione ovarica<\/a><\/li>\n<li class=\"menu-item menu-item-type-post_type menu-item-object-page menu-item-8519\"><a href=\"https:\/\/cancerfertilityandme.org.uk\/young-women\/fertility-preservation\/fertility-sparing-procedures\/\" class=\"elementor-item\">Procedure di conservazione di fertilit\u00e0 specifiche per alcuni tumori<\/a><\/li>\n<li class=\"menu-item menu-item-type-post_type menu-item-object-page menu-item-8520\"><a href=\"https:\/\/cancerfertilityandme.org.uk\/young-women\/fertility-preservation\/financial-costs\/\" class=\"elementor-item\">Costi finanziari<\/a><\/li>\n<li class=\"menu-item menu-item-type-post_type menu-item-object-page menu-item-8521\"><a href=\"https:\/\/cancerfertilityandme.org.uk\/young-women\/fertility-preservation\/summary-of-options\/\" class=\"elementor-item\">Riepilogo delle opzioni<\/a><\/li>\n<li class=\"menu-item menu-item-type-post_type menu-item-object-page menu-item-8522\"><a href=\"https:\/\/cancerfertilityandme.org.uk\/young-women\/fertility-preservation\/questions-to-ask-about-fertility-preservation\/\" class=\"elementor-item\">Domande da porre ai team di cura del cancro e della fertilit\u00e0<\/a><\/li>\n<\/ul>\t\t\t<\/nav>\n\t\t\t\t\t\t<nav class=\"elementor-nav-menu--dropdown elementor-nav-menu__container\" aria-hidden=\"true\">\n\t\t\t\t<ul id=\"menu-2-6812e43a\" class=\"elementor-nav-menu sm-vertical\"><li class=\"menu-item menu-item-type-post_type menu-item-object-page menu-item-8511\"><a href=\"https:\/\/cancerfertilityandme.org.uk\/young-women\/fertility-preservation\/\" class=\"elementor-item\" tabindex=\"-1\">Conservazione della fertilit\u00e0<\/a><\/li>\n<li class=\"menu-item menu-item-type-post_type menu-item-object-page menu-item-8514\"><a href=\"https:\/\/cancerfertilityandme.org.uk\/young-women\/fertility-preservation\/no-fertility-preservation\/\" class=\"elementor-item\" tabindex=\"-1\">Nessuna tutela della fertilit\u00e0<\/a><\/li>\n<li class=\"menu-item menu-item-type-post_type menu-item-object-page menu-item-8512\"><a href=\"https:\/\/cancerfertilityandme.org.uk\/young-women\/fertility-preservation\/egg-freezing\/\" class=\"elementor-item\" tabindex=\"-1\">Congelamento degli ovuli<\/a><\/li>\n<li class=\"menu-item menu-item-type-post_type menu-item-object-page menu-item-8513\"><a href=\"https:\/\/cancerfertilityandme.org.uk\/young-women\/fertility-preservation\/embryo-freezing\/\" class=\"elementor-item\" tabindex=\"-1\">Congelamento degli embrioni<\/a><\/li>\n<li class=\"menu-item menu-item-type-post_type menu-item-object-page menu-item-8518\"><a href=\"https:\/\/cancerfertilityandme.org.uk\/young-women\/fertility-preservation\/ovarian-tissue-freezing\/\" class=\"elementor-item\" tabindex=\"-1\">Congelamento del tessuto ovarico<\/a><\/li>\n<li class=\"menu-item menu-item-type-post_type menu-item-object-page menu-item-8515\"><a href=\"https:\/\/cancerfertilityandme.org.uk\/young-women\/fertility-preservation\/ovarian-suppression\/\" class=\"elementor-item\" tabindex=\"-1\">Soppressione ovarica<\/a><\/li>\n<li class=\"menu-item menu-item-type-post_type menu-item-object-page menu-item-8519\"><a href=\"https:\/\/cancerfertilityandme.org.uk\/young-women\/fertility-preservation\/fertility-sparing-procedures\/\" class=\"elementor-item\" tabindex=\"-1\">Procedure di conservazione di fertilit\u00e0 specifiche per alcuni tumori<\/a><\/li>\n<li class=\"menu-item menu-item-type-post_type menu-item-object-page menu-item-8520\"><a href=\"https:\/\/cancerfertilityandme.org.uk\/young-women\/fertility-preservation\/financial-costs\/\" class=\"elementor-item\" tabindex=\"-1\">Costi finanziari<\/a><\/li>\n<li class=\"menu-item menu-item-type-post_type menu-item-object-page menu-item-8521\"><a href=\"https:\/\/cancerfertilityandme.org.uk\/young-women\/fertility-preservation\/summary-of-options\/\" class=\"elementor-item\" tabindex=\"-1\">Riepilogo delle opzioni<\/a><\/li>\n<li class=\"menu-item menu-item-type-post_type menu-item-object-page menu-item-8522\"><a href=\"https:\/\/cancerfertilityandme.org.uk\/young-women\/fertility-preservation\/questions-to-ask-about-fertility-preservation\/\" class=\"elementor-item\" tabindex=\"-1\">Domande da porre ai team di cura del cancro e della fertilit\u00e0<\/a><\/li>\n<\/ul>\t\t\t<\/nav>\n\t\t\t\t\t\t<\/div>\n\t\t\t\t<\/div>\n\t\t\t\t<\/div>\n\t\t\t\t<\/div>\n\t\t\t\t\t<\/div>\n\t\t\t\t<\/main>\n\t\t\t\t<\/div>\n\t\t","protected":false},"excerpt":{"rendered":"<p>Congelamento del tessuto ovarico Il tessuto ovarico che contiene un gran numero di ovuli immaturi, viene estratto e congelato. Dopo il trattamento antitumorale, il tessuto pu\u00f2 essere reinserito nel corpo per consentire lo sviluppo degli ovuli. Pu\u00f2 essere utilizzato immediatamente prima e durante la chemioterapia. A chi \u00e8 destinato? Donne che desiderano preservare la loro [&hellip;]<\/p>\n","protected":false},"author":1,"featured_media":0,"parent":8065,"menu_order":0,"comment_status":"open","ping_status":"closed","template":"","meta":{"footnotes":""},"class_list":["post-8081","page","type-page","status-publish","hentry"],"_links":{"self":[{"href":"https:\/\/cancerfertilityandme.org.uk\/it\/wp-json\/wp\/v2\/pages\/8081","targetHints":{"allow":["GET"]}}],"collection":[{"href":"https:\/\/cancerfertilityandme.org.uk\/it\/wp-json\/wp\/v2\/pages"}],"about":[{"href":"https:\/\/cancerfertilityandme.org.uk\/it\/wp-json\/wp\/v2\/types\/page"}],"author":[{"embeddable":true,"href":"https:\/\/cancerfertilityandme.org.uk\/it\/wp-json\/wp\/v2\/users\/1"}],"replies":[{"embeddable":true,"href":"https:\/\/cancerfertilityandme.org.uk\/it\/wp-json\/wp\/v2\/comments?post=8081"}],"version-history":[{"count":2,"href":"https:\/\/cancerfertilityandme.org.uk\/it\/wp-json\/wp\/v2\/pages\/8081\/revisions"}],"predecessor-version":[{"id":10167,"href":"https:\/\/cancerfertilityandme.org.uk\/it\/wp-json\/wp\/v2\/pages\/8081\/revisions\/10167"}],"up":[{"embeddable":true,"href":"https:\/\/cancerfertilityandme.org.uk\/it\/wp-json\/wp\/v2\/pages\/8065"}],"wp:attachment":[{"href":"https:\/\/cancerfertilityandme.org.uk\/it\/wp-json\/wp\/v2\/media?parent=8081"}],"curies":[{"name":"wp","href":"https:\/\/api.w.org\/{rel}","templated":true}]}}