{"id":8079,"date":"2023-04-02T16:26:55","date_gmt":"2023-04-02T16:26:55","guid":{"rendered":"https:\/\/cancerfertilityandme.org.uk\/congelamento-degli-embrioni\/"},"modified":"2026-02-03T11:21:55","modified_gmt":"2026-02-03T11:21:55","slug":"congelamento-degli-embrioni","status":"publish","type":"page","link":"https:\/\/cancerfertilityandme.org.uk\/it\/giovani-donne\/preservazione-della-fertilita\/congelamento-degli-embrioni\/","title":{"rendered":"Congelamento degli embrioni"},"content":{"rendered":"\t\t<div data-elementor-type=\"wp-page\" data-elementor-id=\"8079\" class=\"elementor elementor-8079 elementor-7753\" data-elementor-post-type=\"page\">\n\t\t\t\t<main class=\"elementor-element elementor-element-3921228b e-flex e-con-boxed e-con e-parent\" data-id=\"3921228b\" data-element_type=\"container\" data-e-type=\"container\">\n\t\t\t\t\t<div class=\"e-con-inner\">\n\t\t<div class=\"elementor-element elementor-element-64c428c e-con-full e-flex e-con e-child\" data-id=\"64c428c\" data-element_type=\"container\" data-e-type=\"container\">\n\t\t\t\t<div class=\"elementor-element elementor-element-68b74dc8 elementor-widget elementor-widget-text-editor\" data-id=\"68b74dc8\" data-element_type=\"widget\" data-e-type=\"widget\" data-widget_type=\"text-editor.default\">\n\t\t\t\t<div class=\"elementor-widget-container\">\n\t\t\t\t\t\t\t\t\t<h2>Congelamento degli embrioni<\/h2><p>Questa opzione significa che gli ovuli maturi vengono prelevati dall\u2019ovaio di una donna e fecondati con lo sperma attraverso la fecondazione in vitro (FIV). Questo viene fatto in un laboratorio. Gli ovuli fecondati (embrioni) vengono quindi congelati e conservati per un uso futuro. Quando una donna \u00e8 pronta per una gravidanza, gli embrioni immagazzinati vengono reimmessi nell\u2019utero.   <\/p><p><strong>A chi \u00e8 destinato?<\/strong><\/p><p>Donne che hanno attraversato la pubert\u00e0 e:<\/p><ul><li>Hanno sufficiente tempo a disposizione per passare attraverso un ciclo di trattamento della fertilit\u00e0 prima di iniziare il trattamento antitumorale<\/li><li>Hanno un partner di sesso maschile, poich\u00e9, per fecondare l\u2019ovulo sono necessari sia gli ovuli che lo sperma.<\/li><\/ul><p><strong>Che cosa richiede?<\/strong><\/p><p>Avrai bisogno di iniezioni di ormoni per stimolare le ovaie (stimolazione ovarica) per circa 2 settimane. Gli ovuli vengono quindi raccolti attraverso un ago sottile passato attraverso la parete della vagina fino alle ovaie. Questo viene fatto sotto anestesia e potresti essere dimessa dall\u2019ospedale entro qualche ora.  <\/p><p>Se hai una relazione e crei e conservi un embrione con il tuo partner maschile, avrai bisogno del consenso del tuo partner prima che gli embrioni possano essere utilizzati. Questo \u00e8 importante, perch\u00e9 se in seguito vi separaste, il partner potrebbe non volere che tu usi gli embrioni immagazzinati. <\/p><p>Se non hai un partner maschile, l\u2019uso del seme di un donatore \u00e8 un\u2019opzione. If you choose this option, it is important to know that the donor can change their mind, and not allow use of any embryos made using their sperm. Gli embrioni congelati possono essere conservati per 10 anni e questo pu\u00f2 essere aumentato di periodi di 10 anni (fino a 55 anni in totale) in alcune situazioni.  <\/p><p><strong>Qual \u00e8 la probabilit\u00e0 di avere un bambino dopo il congelamento degli embrioni?<\/strong><\/p><p>Il numero di malati di cancro, che hanno usato embrioni congelati \u00e8 basso quindi \u00e9 difficile essere certi di quanto sia probabile che il congelamento degli embrioni si traduca in un parto di successo.<\/p><p>La maggior parte dei dati proviene da donne senza cancro, che hanno utilizzato un embrione congelato per avere un bambino.<\/p><p>La probabilit\u00e0 di avere un bambino dopo il congelamento degli ovuli, dipende da una serie di fattori. Se una giovane donna sotto i 35 anni ha dieci ovuli ottenuti e fecondati per formare embrioni, questi le daranno 5 probabilit\u00e0 su 10 (50%) di avere un bambino. La probabilit\u00e0 di avere un bambino dopo il congelamento degli ovuli, dipende da una serie di fattori.  <\/p><p>La tua et\u00e0 al momento della raccolta degli ovuli. Le donne di et\u00e0 inferiore ai 35 anni hanno maggiori possibilit\u00e0.<\/p><ul><li>Il numero di ovuli raccolti.<\/li><li>Il numero e la qualit\u00e0 degli embrioni congelati.<\/li><li>La salute dello sperma del tuo partner.<\/li><li>La clinica della fertilit\u00e0 dove \u00e8 stato effettuato il congelamento degli ovuli.<\/li><\/ul><p>Per ulteriori informazioni sui casi di successo medi nazionali, e sul numero di nati vivi con successo per ciascuna clinica per la fertilit\u00e0 autorizzata, visitare il sito Web dell\u2019Autorit\u00e0 per la fecondazione e l\u2019embriologia umana (HFEA <a href=\"https:\/\/www.hfea.gov.uk\/\" target=\"_blank\" rel=\"noopener\">www.hfea.gov.uk<\/a>)<\/p><p><strong>Questa opzione influenzer\u00e0 la salute del bambino?<\/strong><\/p><p>No, i dati suggeriscono che l\u2019uso del congelamento degli ovuli non danneggia la salute del nascituro.<\/p><p><strong>Ci sono effetti collaterali del trattamento della fertilit\u00e0 utilizzato nel congelamento degli ovuli?<\/strong><\/p><p>I farmaci per la fertilit\u00e0 usati per stimolare le ovaie, possono causare effetti collaterali, come mal di testa, cambiamenti di umore, vampate di calore e irritazioni della pelle. I farmaci per la fertilit\u00e0 possono anche indurre una stimolazione eccessiva delle ovaie e questo pu\u00f2 causare a una condizione chiamata OHSS. Una volta iniziato il trattamento, chiedi al tuo team di assistenza per la fertilit\u00e0 dei sintomi di questa condizione e come contattarli se necessario.  <\/p><p>Quando le ovaie sono stimolate a produrre molti ovuli, i livelli dell\u2019ormone estrogeno aumentano. Questo potrebbe essere un rischio per le donne che hanno un cancro al seno sensibile agli estrogeni. A queste donne pu\u00f2 essere somministrato un farmaco chiamato Letrozolo (Femara).  <\/p><p>Al momento della raccolta degli ovuli c\u2019\u00e8 la probabilit\u00e0 di sanguinamento, infezioni e perforazione dell\u2019intestino, ma questa eventualit\u00e0 \u00e8 rara.<\/p><p>Questa procedura potrebbe risultare rischiosa per donne con tumori in zona pelvica, nel caso in cui l\u2019operazione causi una fuoriuscita di cellule tumorali dall\u2019ovaio nell\u2019addome dopo la raccolta degli ovuli.<\/p><p>Se viene sostituito pi\u00f9 di un embrione, c\u2019\u00e8 la probabilit\u00e0 di nascite multiple (p. es., gemelli, triplette). Tutte le gravidanze comportano il rischio di aborto spontaneo e gravidanza ectopica (una gravidanza al di fuori dell\u2019utero). <\/p><p>La fecondazione in vitro pu\u00f2 essere fisicamente ed emotivamente estenuante e la gravidanza potrebbe non avvenire.<\/p><p><strong>Questa opzione ritarder\u00e0 l\u2019inizio del mio trattamento antitumorale?<\/strong><\/p><p>Ci vogliono circa due settimane dall\u2019inizio della stimolazione ovarica fino al momento della raccolta degli ovuli. Questo potrebbe comportare un ritardo nell\u2019inizio del trattamento antitumorale. <\/p><p>Questa opzione potrebbe non essere adatta per le donne con tumori come la leucemia, alcuni linfomi e sarcomi che potrebbero aver bisogno di un trattamento immediato.<br>Se si verifica l\u2019OHSS, ci\u00f2 pu\u00f2 causare un ritardo ulteriore all\u2019inizio del trattamento antitumorale.<\/p><p><strong>Questa opzione influenzer\u00e0 le mie probabilit\u00e0 che il cancro si sviluppi di nuovo?<\/strong><\/p><p>Non ci sono dati che suggeriscano che il congelamento di embrioni, influisca sulle probabilit\u00e0 che i tumori crescano o ritornino.<\/p>\t\t\t\t\t\t\t\t<\/div>\n\t\t\t\t<\/div>\n\t\t\t\t<\/div>\n\t\t<div class=\"elementor-element elementor-element-1a21ec4f e-con-full e-flex e-con e-child\" data-id=\"1a21ec4f\" data-element_type=\"container\" data-e-type=\"container\">\n\t\t<div class=\"elementor-element elementor-element-1530b0ac e-con-full e-flex e-con e-child\" data-id=\"1530b0ac\" data-element_type=\"container\" data-e-type=\"container\">\n\t\t\t\t<div class=\"elementor-element elementor-element-66dbd65d elementor-widget elementor-widget-image\" data-id=\"66dbd65d\" data-element_type=\"widget\" data-e-type=\"widget\" data-widget_type=\"image.default\">\n\t\t\t\t<div class=\"elementor-widget-container\">\n\t\t\t\t\t\t\t\t\t\t\t\t\t\t\t\t<a href=\"http:\/\/.\/\">\n\t\t\t\t\t\t\t<img decoding=\"async\" width=\"200\" height=\"200\" src=\"https:\/\/cancerfertilityandme.org.uk\/wp-content\/uploads\/cancerfertilityandme-logo-header-young-women.png\" class=\"attachment-full size-full wp-image-329\" alt=\"\" srcset=\"https:\/\/cancerfertilityandme.org.uk\/wp-content\/uploads\/cancerfertilityandme-logo-header-young-women.png 200w, https:\/\/cancerfertilityandme.org.uk\/wp-content\/uploads\/cancerfertilityandme-logo-header-young-women-150x150.png 150w, https:\/\/cancerfertilityandme.org.uk\/wp-content\/uploads\/elementor\/thumbs\/cancerfertilityandme-logo-header-young-women-r4vfcv1ro149or8nkxzol3x986uodd6lq6no4gpb6w.png 100w\" sizes=\"(max-width: 200px) 100vw, 200px\" \/>\t\t\t\t\t\t\t\t<\/a>\n\t\t\t\t\t\t\t\t\t\t\t\t\t\t\t<\/div>\n\t\t\t\t<\/div>\n\t\t\t\t<\/div>\n\t\t<div class=\"elementor-element elementor-element-757e1ba6 e-con-full e-flex e-con e-child\" data-id=\"757e1ba6\" data-element_type=\"container\" data-e-type=\"container\">\n\t\t\t\t<div class=\"elementor-element elementor-element-33e9af33 elementor-widget elementor-widget-heading\" data-id=\"33e9af33\" data-element_type=\"widget\" data-e-type=\"widget\" data-widget_type=\"heading.default\">\n\t\t\t\t<div class=\"elementor-widget-container\">\n\t\t\t\t\t<h3 class=\"elementor-heading-title elementor-size-default\">Segui questi link per ulteriori informazioni<\/h3>\t\t\t\t<\/div>\n\t\t\t\t<\/div>\n\t\t\t\t<div class=\"elementor-element elementor-element-485aaf1f elementor-nav-menu--dropdown-none elementor-widget elementor-widget-nav-menu\" data-id=\"485aaf1f\" data-element_type=\"widget\" data-e-type=\"widget\" data-settings=\"{&quot;layout&quot;:&quot;vertical&quot;,&quot;submenu_icon&quot;:{&quot;value&quot;:&quot;&lt;svg aria-hidden=\\&quot;true\\&quot; class=\\&quot;e-font-icon-svg e-fas-caret-down\\&quot; viewBox=\\&quot;0 0 320 512\\&quot; xmlns=\\&quot;http:\\\/\\\/www.w3.org\\\/2000\\\/svg\\&quot;&gt;&lt;path d=\\&quot;M31.3 192h257.3c17.8 0 26.7 21.5 14.1 34.1L174.1 354.8c-7.8 7.8-20.5 7.8-28.3 0L17.2 226.1C4.6 213.5 13.5 192 31.3 192z\\&quot;&gt;&lt;\\\/path&gt;&lt;\\\/svg&gt;&quot;,&quot;library&quot;:&quot;fa-solid&quot;}}\" data-widget_type=\"nav-menu.default\">\n\t\t\t\t<div class=\"elementor-widget-container\">\n\t\t\t\t\t\t\t\t<nav aria-label=\"Menu\" class=\"elementor-nav-menu--main elementor-nav-menu__container elementor-nav-menu--layout-vertical e--pointer-none\">\n\t\t\t\t<ul id=\"menu-1-485aaf1f\" class=\"elementor-nav-menu sm-vertical\"><li class=\"menu-item menu-item-type-post_type menu-item-object-page menu-item-8511\"><a href=\"https:\/\/cancerfertilityandme.org.uk\/young-women\/fertility-preservation\/\" class=\"elementor-item\">Conservazione della fertilit\u00e0<\/a><\/li>\n<li class=\"menu-item menu-item-type-post_type menu-item-object-page menu-item-8514\"><a href=\"https:\/\/cancerfertilityandme.org.uk\/young-women\/fertility-preservation\/no-fertility-preservation\/\" class=\"elementor-item\">Nessuna tutela della fertilit\u00e0<\/a><\/li>\n<li class=\"menu-item menu-item-type-post_type menu-item-object-page menu-item-8512\"><a href=\"https:\/\/cancerfertilityandme.org.uk\/young-women\/fertility-preservation\/egg-freezing\/\" class=\"elementor-item\">Congelamento degli ovuli<\/a><\/li>\n<li class=\"menu-item menu-item-type-post_type menu-item-object-page menu-item-8513\"><a href=\"https:\/\/cancerfertilityandme.org.uk\/young-women\/fertility-preservation\/embryo-freezing\/\" class=\"elementor-item\">Congelamento degli embrioni<\/a><\/li>\n<li class=\"menu-item menu-item-type-post_type menu-item-object-page menu-item-8518\"><a href=\"https:\/\/cancerfertilityandme.org.uk\/young-women\/fertility-preservation\/ovarian-tissue-freezing\/\" class=\"elementor-item\">Congelamento del tessuto ovarico<\/a><\/li>\n<li class=\"menu-item menu-item-type-post_type menu-item-object-page menu-item-8515\"><a href=\"https:\/\/cancerfertilityandme.org.uk\/young-women\/fertility-preservation\/ovarian-suppression\/\" class=\"elementor-item\">Soppressione ovarica<\/a><\/li>\n<li class=\"menu-item menu-item-type-post_type menu-item-object-page menu-item-8519\"><a href=\"https:\/\/cancerfertilityandme.org.uk\/young-women\/fertility-preservation\/fertility-sparing-procedures\/\" class=\"elementor-item\">Procedure di conservazione di fertilit\u00e0 specifiche per alcuni tumori<\/a><\/li>\n<li class=\"menu-item menu-item-type-post_type menu-item-object-page menu-item-8520\"><a href=\"https:\/\/cancerfertilityandme.org.uk\/young-women\/fertility-preservation\/financial-costs\/\" class=\"elementor-item\">Costi finanziari<\/a><\/li>\n<li class=\"menu-item menu-item-type-post_type menu-item-object-page menu-item-8521\"><a href=\"https:\/\/cancerfertilityandme.org.uk\/young-women\/fertility-preservation\/summary-of-options\/\" class=\"elementor-item\">Riepilogo delle opzioni<\/a><\/li>\n<li class=\"menu-item menu-item-type-post_type menu-item-object-page menu-item-8522\"><a href=\"https:\/\/cancerfertilityandme.org.uk\/young-women\/fertility-preservation\/questions-to-ask-about-fertility-preservation\/\" class=\"elementor-item\">Domande da porre ai team di cura del cancro e della fertilit\u00e0<\/a><\/li>\n<\/ul>\t\t\t<\/nav>\n\t\t\t\t\t\t<nav class=\"elementor-nav-menu--dropdown elementor-nav-menu__container\" aria-hidden=\"true\">\n\t\t\t\t<ul id=\"menu-2-485aaf1f\" class=\"elementor-nav-menu sm-vertical\"><li class=\"menu-item menu-item-type-post_type menu-item-object-page menu-item-8511\"><a href=\"https:\/\/cancerfertilityandme.org.uk\/young-women\/fertility-preservation\/\" class=\"elementor-item\" tabindex=\"-1\">Conservazione della fertilit\u00e0<\/a><\/li>\n<li class=\"menu-item menu-item-type-post_type menu-item-object-page menu-item-8514\"><a href=\"https:\/\/cancerfertilityandme.org.uk\/young-women\/fertility-preservation\/no-fertility-preservation\/\" class=\"elementor-item\" tabindex=\"-1\">Nessuna tutela della fertilit\u00e0<\/a><\/li>\n<li class=\"menu-item menu-item-type-post_type menu-item-object-page menu-item-8512\"><a href=\"https:\/\/cancerfertilityandme.org.uk\/young-women\/fertility-preservation\/egg-freezing\/\" class=\"elementor-item\" tabindex=\"-1\">Congelamento degli ovuli<\/a><\/li>\n<li class=\"menu-item menu-item-type-post_type menu-item-object-page menu-item-8513\"><a href=\"https:\/\/cancerfertilityandme.org.uk\/young-women\/fertility-preservation\/embryo-freezing\/\" class=\"elementor-item\" tabindex=\"-1\">Congelamento degli embrioni<\/a><\/li>\n<li class=\"menu-item menu-item-type-post_type menu-item-object-page menu-item-8518\"><a href=\"https:\/\/cancerfertilityandme.org.uk\/young-women\/fertility-preservation\/ovarian-tissue-freezing\/\" class=\"elementor-item\" tabindex=\"-1\">Congelamento del tessuto ovarico<\/a><\/li>\n<li class=\"menu-item menu-item-type-post_type menu-item-object-page menu-item-8515\"><a href=\"https:\/\/cancerfertilityandme.org.uk\/young-women\/fertility-preservation\/ovarian-suppression\/\" class=\"elementor-item\" tabindex=\"-1\">Soppressione ovarica<\/a><\/li>\n<li class=\"menu-item menu-item-type-post_type menu-item-object-page menu-item-8519\"><a href=\"https:\/\/cancerfertilityandme.org.uk\/young-women\/fertility-preservation\/fertility-sparing-procedures\/\" class=\"elementor-item\" tabindex=\"-1\">Procedure di conservazione di fertilit\u00e0 specifiche per alcuni tumori<\/a><\/li>\n<li class=\"menu-item menu-item-type-post_type menu-item-object-page menu-item-8520\"><a href=\"https:\/\/cancerfertilityandme.org.uk\/young-women\/fertility-preservation\/financial-costs\/\" class=\"elementor-item\" tabindex=\"-1\">Costi finanziari<\/a><\/li>\n<li class=\"menu-item menu-item-type-post_type menu-item-object-page menu-item-8521\"><a href=\"https:\/\/cancerfertilityandme.org.uk\/young-women\/fertility-preservation\/summary-of-options\/\" class=\"elementor-item\" tabindex=\"-1\">Riepilogo delle opzioni<\/a><\/li>\n<li class=\"menu-item menu-item-type-post_type menu-item-object-page menu-item-8522\"><a href=\"https:\/\/cancerfertilityandme.org.uk\/young-women\/fertility-preservation\/questions-to-ask-about-fertility-preservation\/\" class=\"elementor-item\" tabindex=\"-1\">Domande da porre ai team di cura del cancro e della fertilit\u00e0<\/a><\/li>\n<\/ul>\t\t\t<\/nav>\n\t\t\t\t\t\t<\/div>\n\t\t\t\t<\/div>\n\t\t\t\t<\/div>\n\t\t\t\t<\/div>\n\t\t\t\t\t<\/div>\n\t\t\t\t<\/main>\n\t\t\t\t<\/div>\n\t\t","protected":false},"excerpt":{"rendered":"<p>Congelamento degli embrioni Questa opzione significa che gli ovuli maturi vengono prelevati dall\u2019ovaio di una donna e fecondati con lo sperma attraverso la fecondazione in vitro (FIV). Questo viene fatto in un laboratorio. Gli ovuli fecondati (embrioni) vengono quindi congelati e conservati per un uso futuro. Quando una donna \u00e8 pronta per una gravidanza, gli [&hellip;]<\/p>\n","protected":false},"author":1,"featured_media":0,"parent":8065,"menu_order":0,"comment_status":"open","ping_status":"closed","template":"","meta":{"footnotes":""},"class_list":["post-8079","page","type-page","status-publish","hentry"],"_links":{"self":[{"href":"https:\/\/cancerfertilityandme.org.uk\/it\/wp-json\/wp\/v2\/pages\/8079","targetHints":{"allow":["GET"]}}],"collection":[{"href":"https:\/\/cancerfertilityandme.org.uk\/it\/wp-json\/wp\/v2\/pages"}],"about":[{"href":"https:\/\/cancerfertilityandme.org.uk\/it\/wp-json\/wp\/v2\/types\/page"}],"author":[{"embeddable":true,"href":"https:\/\/cancerfertilityandme.org.uk\/it\/wp-json\/wp\/v2\/users\/1"}],"replies":[{"embeddable":true,"href":"https:\/\/cancerfertilityandme.org.uk\/it\/wp-json\/wp\/v2\/comments?post=8079"}],"version-history":[{"count":2,"href":"https:\/\/cancerfertilityandme.org.uk\/it\/wp-json\/wp\/v2\/pages\/8079\/revisions"}],"predecessor-version":[{"id":10133,"href":"https:\/\/cancerfertilityandme.org.uk\/it\/wp-json\/wp\/v2\/pages\/8079\/revisions\/10133"}],"up":[{"embeddable":true,"href":"https:\/\/cancerfertilityandme.org.uk\/it\/wp-json\/wp\/v2\/pages\/8065"}],"wp:attachment":[{"href":"https:\/\/cancerfertilityandme.org.uk\/it\/wp-json\/wp\/v2\/media?parent=8079"}],"curies":[{"name":"wp","href":"https:\/\/api.w.org\/{rel}","templated":true}]}}