{"id":8077,"date":"2023-04-02T16:26:01","date_gmt":"2023-04-02T16:26:01","guid":{"rendered":"https:\/\/cancerfertilityandme.org.uk\/congelamento-degli-ovuli\/"},"modified":"2026-01-30T15:06:38","modified_gmt":"2026-01-30T15:06:38","slug":"congelamento-degli-ovuli","status":"publish","type":"page","link":"https:\/\/cancerfertilityandme.org.uk\/it\/giovani-donne\/preservazione-della-fertilita\/congelamento-degli-ovuli\/","title":{"rendered":"Congelamento degli ovuli"},"content":{"rendered":"\t\t<div data-elementor-type=\"wp-page\" data-elementor-id=\"8077\" class=\"elementor elementor-8077 elementor-7751\" data-elementor-post-type=\"page\">\n\t\t\t\t<main class=\"elementor-element elementor-element-5d1c6a0f e-flex e-con-boxed e-con e-parent\" data-id=\"5d1c6a0f\" data-element_type=\"container\" data-e-type=\"container\">\n\t\t\t\t\t<div class=\"e-con-inner\">\n\t\t<div class=\"elementor-element elementor-element-3e5f9a8a e-con-full e-flex e-con e-child\" data-id=\"3e5f9a8a\" data-element_type=\"container\" data-e-type=\"container\">\n\t\t\t\t<div class=\"elementor-element elementor-element-23ff4d9e elementor-widget elementor-widget-text-editor\" data-id=\"23ff4d9e\" data-element_type=\"widget\" data-e-type=\"widget\" data-widget_type=\"text-editor.default\">\n\t\t\t\t<div class=\"elementor-widget-container\">\n\t\t\t\t\t\t\t\t\t<h2>Congelamento degli ovuli<\/h2><p><strong>Questa opzione \u00e8 quando gli ovuli maturi vengono rimossi dalle ovaie e congelati. A volte ci si riferisce a questo processo come alla creazione di una \u201cbanca di ovuli\u201d. Quando la donna \u00e8 pronta per una gravidanza, gli ovuli immagazzinati vengono fecondati con lo sperma e ritrasferiti nell\u2019utero.  <\/strong><\/p><p><strong>A chi \u00e8 destinato?<\/strong><\/p><p>Donne che vogliono preservare la loro fertilit\u00e0 e che hanno attraversato la pubert\u00e0 e che: They may also: <\/p><ul><li>Non hanno un partner e non vogliono usare lo sperma di un donatore<\/li><li>Preferiscono evitare il congelamento degli embrioni a causa delle loro convinzioni<\/li><li>Hanno sufficiente tempo a disposizione per passare attraverso un ciclo di trattamento della fertilit\u00e0 prima di iniziare il trattamento antitumorale<\/li><\/ul><p>Per alcune donne che hanno cancro in zona pelvica, il congelamento degli ovuli potrebbe essere un metodo rischioso, in quanto potrebbe comportare il reinserimento di cellule cancerogene.<\/p><p><strong>Che cosa richiede?<\/strong><\/p><p>Avrai bisogno di iniezioni di ormoni per stimolare le ovaie (stimolazione ovarica) per circa 2 settimane. Gli ovuli vengono quindi raccolti attraverso un ago sottile passato attraverso la parete della vagina fino alle ovaie. Questo viene fatto sotto anestesia e potresti essere dimessa dall\u2019ospedale entro qualche ora.  <\/p><p>Poich\u00e9 il congelamento degli ovuli coinvolge solo la donna, non \u00e8 necessario il consenso del partner per utilizzare gli ovuli conservati in futuro. Gli ovuli congelati possono essere conservati per 10 anni e pi\u00f9 di 10 anni (fino a 55 anni in totale) in alcune situazioni. <\/p><p><strong>Qual \u00e8 la probabilit\u00e0 di avere un bambino dopo il congelamento degli ovuli?<\/strong><\/p><p>Il numero di malati di cancro che hanno usato ovuli congelati \u00e8 piccolo, quindi \u00e9 difficile essere certi di quanto sia probabile che il congelamento degli ovuli si traduca in un parto di successo. \u00c8 difficile essere certi di quanto sia probabile che il congelamento degli ovuli si traduca in un parto di successo. <\/p><p>La probabilit\u00e0 di avere un bambino dopo il congelamento dell\u2019ovulo dipende da una serie di fattori:<\/p><ul><li>La tua et\u00e0 al momento della raccolta degli ovuli. Le donne di et\u00e0 inferiore ai 35 anni hanno maggiori possibilit\u00e0.<\/li><li>Il numero di ovuli raccolti. Le donne che hanno raccolto pi\u00f9 ovuli hanno maggiori probabilit\u00e0.<\/li><li>La clinica della fertilit\u00e0 dove \u00e8 stato effettuato il congelamento degli ovuli.<\/li><li>La vetrificazione ha una probabilit\u00e0 di successo pi\u00f9 elevata.<\/li><\/ul><p>In generale, se una giovane donna sotto i 35 anni ha conservato 10 ovuli, questi le daranno una probabilit\u00e0 di avere un bambino di 4 su 10 (40%). Alcune giovani donne potrebbero non essere in grado di congelare fino a 10 ovuli, il che ridurrebbe le possibilit\u00e0 di avere un bambino. Potresti anche vedere tassi di successo altrove che sembrano essere pi\u00f9 bassi. Queste percentuali di successo pi\u00f9 basse possono basarsi su un ciclo di trattamento FIV utilizzando un numero inferiore di ovuli congelati.   <\/p><p>Per ulteriori informazioni sui casi di successo medi nazionali e sul numero di nati vivi con successo per ciascuna clinica per la fertilit\u00e0 autorizzata, visita il sito Web dell\u2019Autorit\u00e0 per la fecondazione e l\u2019embriologia umana (HFEA) <a href=\"https:\/\/www.hfea.gov.uk\/\" target=\"_blank\" rel=\"noopener\">www.hfea.gov.uk<\/a><\/p><p><strong>Questa opzione influenzer\u00e0 la salute del bambino?<\/strong><\/p><p>No, i dati suggeriscono che l\u2019uso del congelamento degli ovuli non danneggia la salute del nascituro.<\/p><p><strong>Ci sono effetti collaterali dopo il trattamento della fertilit\u00e0 utilizzato per il congelamento degli ovuli?<\/strong><\/p><p>I farmaci per la fertilit\u00e0 usati per stimolare le ovaie, possono causare effetti collaterali, come mal di testa, cambiamenti di umore, vampate di calore e irritazioni della pelle. I farmaci per la fertilit\u00e0 possono anche causare una stimolazione eccessiva delle ovaie e questo pu\u00f2 indurre una condizione chiamata sindrome da iperstimolazione ovarica . (OHSS). Una volta iniziato il trattamento, chiedi al tuo team di assistenza per la fertilit\u00e0, informazioni sui sintomi di questa condizione e su come contattarli se necessario.  <\/p><p>Quando le ovaie sono stimolate a produrre molti ovuli, i livelli dell\u2019ormone estrogeno aumentano. Questo potrebbe essere un rischio per le donne che hanno un cancro al seno sensibile agli estrogeni. A queste donne pu\u00f2 essere somministrato un farmaco chiamato Letrozolo (Femara).  <\/p><p>Al momento della raccolta degli ovuli c\u2019\u00e8 la probabilit\u00e0 di sanguinamento, infezioni e perforazione dell\u2019intestino, ma questa eventualit\u00e0 \u00e8 rara.<br>Questa procedura potrebbe risultare rischiosa per donne con tumori in zona pelvica, nel caso in cui l\u2019operazione causi una fuoriuscita di cellule tumorali dall\u2019ovaio nell\u2019addome dopo la raccolta degli ovuli.<\/p><p><strong>Questa opzione ritarder\u00e0 l\u2019inizio del mio trattamento antitumorale?<\/strong><\/p><p>Ci vogliono circa due settimane dall\u2019inizio della stimolazione ovarica fino al momento della raccolta degli ovuli. Questo potrebbe comportare un ritardo nell\u2019inizio del trattamento antitumorale. <\/p><p>Il congelamento di ovuli potrebbe non essere un\u2019opzione per le donne con tumori come la leucemia, alcuni linfomi e sarcomi in quanto potrebbero aver bisogno di un trattamento immediato. Se si verifica l\u2019OHSS, ci\u00f2 pu\u00f2 causare un ritardo ulteriore all\u2019inizio del trattamento antitumorale. <\/p><p><strong>Questa opzione influenzer\u00e0 le mie probabilit\u00e0 che il cancro si sviluppi di nuovo?<\/strong><\/p><p>Non ci sono dati che suggeriscono che il congelamento di ovuli influisca sulle probabilit\u00e0 di crescita o del ritorno dei tumori.<\/p>\t\t\t\t\t\t\t\t<\/div>\n\t\t\t\t<\/div>\n\t\t\t\t<\/div>\n\t\t<div class=\"elementor-element elementor-element-e43bed7 e-con-full e-flex e-con e-child\" data-id=\"e43bed7\" data-element_type=\"container\" data-e-type=\"container\">\n\t\t<div class=\"elementor-element elementor-element-16240a94 e-con-full e-flex e-con e-child\" data-id=\"16240a94\" data-element_type=\"container\" data-e-type=\"container\">\n\t\t\t\t<div class=\"elementor-element elementor-element-12f97895 elementor-widget elementor-widget-image\" data-id=\"12f97895\" data-element_type=\"widget\" data-e-type=\"widget\" data-widget_type=\"image.default\">\n\t\t\t\t<div class=\"elementor-widget-container\">\n\t\t\t\t\t\t\t\t\t\t\t\t\t\t\t\t<a href=\"http:\/\/.\/\">\n\t\t\t\t\t\t\t<img decoding=\"async\" width=\"200\" height=\"200\" src=\"https:\/\/cancerfertilityandme.org.uk\/wp-content\/uploads\/cancerfertilityandme-logo-header-young-women.png\" class=\"attachment-full size-full wp-image-329\" alt=\"\" srcset=\"https:\/\/cancerfertilityandme.org.uk\/wp-content\/uploads\/cancerfertilityandme-logo-header-young-women.png 200w, https:\/\/cancerfertilityandme.org.uk\/wp-content\/uploads\/cancerfertilityandme-logo-header-young-women-150x150.png 150w, https:\/\/cancerfertilityandme.org.uk\/wp-content\/uploads\/elementor\/thumbs\/cancerfertilityandme-logo-header-young-women-r4vfcv1ro149or8nkxzol3x986uodd6lq6no4gpb6w.png 100w\" sizes=\"(max-width: 200px) 100vw, 200px\" \/>\t\t\t\t\t\t\t\t<\/a>\n\t\t\t\t\t\t\t\t\t\t\t\t\t\t\t<\/div>\n\t\t\t\t<\/div>\n\t\t\t\t<\/div>\n\t\t<div class=\"elementor-element elementor-element-439b1874 e-con-full e-flex e-con e-child\" data-id=\"439b1874\" data-element_type=\"container\" data-e-type=\"container\">\n\t\t\t\t<div class=\"elementor-element elementor-element-4cb143 elementor-widget elementor-widget-heading\" data-id=\"4cb143\" data-element_type=\"widget\" data-e-type=\"widget\" data-widget_type=\"heading.default\">\n\t\t\t\t<div class=\"elementor-widget-container\">\n\t\t\t\t\t<h3 class=\"elementor-heading-title elementor-size-default\">Segui questi link per ulteriori informazioni<\/h3>\t\t\t\t<\/div>\n\t\t\t\t<\/div>\n\t\t\t\t<div class=\"elementor-element elementor-element-1d9006c8 elementor-nav-menu--dropdown-none elementor-widget elementor-widget-nav-menu\" data-id=\"1d9006c8\" data-element_type=\"widget\" data-e-type=\"widget\" data-settings=\"{&quot;layout&quot;:&quot;vertical&quot;,&quot;submenu_icon&quot;:{&quot;value&quot;:&quot;&lt;svg aria-hidden=\\&quot;true\\&quot; class=\\&quot;e-font-icon-svg e-fas-caret-down\\&quot; viewBox=\\&quot;0 0 320 512\\&quot; xmlns=\\&quot;http:\\\/\\\/www.w3.org\\\/2000\\\/svg\\&quot;&gt;&lt;path d=\\&quot;M31.3 192h257.3c17.8 0 26.7 21.5 14.1 34.1L174.1 354.8c-7.8 7.8-20.5 7.8-28.3 0L17.2 226.1C4.6 213.5 13.5 192 31.3 192z\\&quot;&gt;&lt;\\\/path&gt;&lt;\\\/svg&gt;&quot;,&quot;library&quot;:&quot;fa-solid&quot;}}\" data-widget_type=\"nav-menu.default\">\n\t\t\t\t<div class=\"elementor-widget-container\">\n\t\t\t\t\t\t\t\t<nav aria-label=\"Menu\" class=\"elementor-nav-menu--main elementor-nav-menu__container elementor-nav-menu--layout-vertical e--pointer-none\">\n\t\t\t\t<ul id=\"menu-1-1d9006c8\" class=\"elementor-nav-menu sm-vertical\"><li class=\"menu-item menu-item-type-post_type menu-item-object-page menu-item-8511\"><a href=\"https:\/\/cancerfertilityandme.org.uk\/young-women\/fertility-preservation\/\" class=\"elementor-item\">Conservazione della fertilit\u00e0<\/a><\/li>\n<li class=\"menu-item menu-item-type-post_type menu-item-object-page menu-item-8514\"><a href=\"https:\/\/cancerfertilityandme.org.uk\/young-women\/fertility-preservation\/no-fertility-preservation\/\" class=\"elementor-item\">Nessuna tutela della fertilit\u00e0<\/a><\/li>\n<li class=\"menu-item menu-item-type-post_type menu-item-object-page menu-item-8512\"><a href=\"https:\/\/cancerfertilityandme.org.uk\/young-women\/fertility-preservation\/egg-freezing\/\" class=\"elementor-item\">Congelamento degli ovuli<\/a><\/li>\n<li class=\"menu-item menu-item-type-post_type menu-item-object-page menu-item-8513\"><a href=\"https:\/\/cancerfertilityandme.org.uk\/young-women\/fertility-preservation\/embryo-freezing\/\" class=\"elementor-item\">Congelamento degli embrioni<\/a><\/li>\n<li class=\"menu-item menu-item-type-post_type menu-item-object-page menu-item-8518\"><a href=\"https:\/\/cancerfertilityandme.org.uk\/young-women\/fertility-preservation\/ovarian-tissue-freezing\/\" class=\"elementor-item\">Congelamento del tessuto ovarico<\/a><\/li>\n<li class=\"menu-item menu-item-type-post_type menu-item-object-page menu-item-8515\"><a href=\"https:\/\/cancerfertilityandme.org.uk\/young-women\/fertility-preservation\/ovarian-suppression\/\" class=\"elementor-item\">Soppressione ovarica<\/a><\/li>\n<li class=\"menu-item menu-item-type-post_type menu-item-object-page menu-item-8519\"><a href=\"https:\/\/cancerfertilityandme.org.uk\/young-women\/fertility-preservation\/fertility-sparing-procedures\/\" class=\"elementor-item\">Procedure di conservazione di fertilit\u00e0 specifiche per alcuni tumori<\/a><\/li>\n<li class=\"menu-item menu-item-type-post_type menu-item-object-page menu-item-8520\"><a href=\"https:\/\/cancerfertilityandme.org.uk\/young-women\/fertility-preservation\/financial-costs\/\" class=\"elementor-item\">Costi finanziari<\/a><\/li>\n<li class=\"menu-item menu-item-type-post_type menu-item-object-page menu-item-8521\"><a href=\"https:\/\/cancerfertilityandme.org.uk\/young-women\/fertility-preservation\/summary-of-options\/\" class=\"elementor-item\">Riepilogo delle opzioni<\/a><\/li>\n<li class=\"menu-item menu-item-type-post_type menu-item-object-page menu-item-8522\"><a href=\"https:\/\/cancerfertilityandme.org.uk\/young-women\/fertility-preservation\/questions-to-ask-about-fertility-preservation\/\" class=\"elementor-item\">Domande da porre ai team di cura del cancro e della fertilit\u00e0<\/a><\/li>\n<\/ul>\t\t\t<\/nav>\n\t\t\t\t\t\t<nav class=\"elementor-nav-menu--dropdown elementor-nav-menu__container\" aria-hidden=\"true\">\n\t\t\t\t<ul id=\"menu-2-1d9006c8\" class=\"elementor-nav-menu sm-vertical\"><li class=\"menu-item menu-item-type-post_type menu-item-object-page menu-item-8511\"><a href=\"https:\/\/cancerfertilityandme.org.uk\/young-women\/fertility-preservation\/\" class=\"elementor-item\" tabindex=\"-1\">Conservazione della fertilit\u00e0<\/a><\/li>\n<li class=\"menu-item menu-item-type-post_type menu-item-object-page menu-item-8514\"><a href=\"https:\/\/cancerfertilityandme.org.uk\/young-women\/fertility-preservation\/no-fertility-preservation\/\" class=\"elementor-item\" tabindex=\"-1\">Nessuna tutela della fertilit\u00e0<\/a><\/li>\n<li class=\"menu-item menu-item-type-post_type menu-item-object-page menu-item-8512\"><a href=\"https:\/\/cancerfertilityandme.org.uk\/young-women\/fertility-preservation\/egg-freezing\/\" class=\"elementor-item\" tabindex=\"-1\">Congelamento degli ovuli<\/a><\/li>\n<li class=\"menu-item menu-item-type-post_type menu-item-object-page menu-item-8513\"><a href=\"https:\/\/cancerfertilityandme.org.uk\/young-women\/fertility-preservation\/embryo-freezing\/\" class=\"elementor-item\" tabindex=\"-1\">Congelamento degli embrioni<\/a><\/li>\n<li class=\"menu-item menu-item-type-post_type menu-item-object-page menu-item-8518\"><a href=\"https:\/\/cancerfertilityandme.org.uk\/young-women\/fertility-preservation\/ovarian-tissue-freezing\/\" class=\"elementor-item\" tabindex=\"-1\">Congelamento del tessuto ovarico<\/a><\/li>\n<li class=\"menu-item menu-item-type-post_type menu-item-object-page menu-item-8515\"><a href=\"https:\/\/cancerfertilityandme.org.uk\/young-women\/fertility-preservation\/ovarian-suppression\/\" class=\"elementor-item\" tabindex=\"-1\">Soppressione ovarica<\/a><\/li>\n<li class=\"menu-item menu-item-type-post_type menu-item-object-page menu-item-8519\"><a href=\"https:\/\/cancerfertilityandme.org.uk\/young-women\/fertility-preservation\/fertility-sparing-procedures\/\" class=\"elementor-item\" tabindex=\"-1\">Procedure di conservazione di fertilit\u00e0 specifiche per alcuni tumori<\/a><\/li>\n<li class=\"menu-item menu-item-type-post_type menu-item-object-page menu-item-8520\"><a href=\"https:\/\/cancerfertilityandme.org.uk\/young-women\/fertility-preservation\/financial-costs\/\" class=\"elementor-item\" tabindex=\"-1\">Costi finanziari<\/a><\/li>\n<li class=\"menu-item menu-item-type-post_type menu-item-object-page menu-item-8521\"><a href=\"https:\/\/cancerfertilityandme.org.uk\/young-women\/fertility-preservation\/summary-of-options\/\" class=\"elementor-item\" tabindex=\"-1\">Riepilogo delle opzioni<\/a><\/li>\n<li class=\"menu-item menu-item-type-post_type menu-item-object-page menu-item-8522\"><a href=\"https:\/\/cancerfertilityandme.org.uk\/young-women\/fertility-preservation\/questions-to-ask-about-fertility-preservation\/\" class=\"elementor-item\" tabindex=\"-1\">Domande da porre ai team di cura del cancro e della fertilit\u00e0<\/a><\/li>\n<\/ul>\t\t\t<\/nav>\n\t\t\t\t\t\t<\/div>\n\t\t\t\t<\/div>\n\t\t\t\t<\/div>\n\t\t\t\t<\/div>\n\t\t\t\t\t<\/div>\n\t\t\t\t<\/main>\n\t\t\t\t<\/div>\n\t\t","protected":false},"excerpt":{"rendered":"<p>Congelamento degli ovuli Questa opzione \u00e8 quando gli ovuli maturi vengono rimossi dalle ovaie e congelati. A volte ci si riferisce a questo processo come alla creazione di una \u201cbanca di ovuli\u201d. Quando la donna \u00e8 pronta per una gravidanza, gli ovuli immagazzinati vengono fecondati con lo sperma e ritrasferiti nell\u2019utero. A chi \u00e8 destinato? [&hellip;]<\/p>\n","protected":false},"author":1,"featured_media":0,"parent":8065,"menu_order":0,"comment_status":"open","ping_status":"closed","template":"","meta":{"footnotes":""},"class_list":["post-8077","page","type-page","status-publish","hentry"],"_links":{"self":[{"href":"https:\/\/cancerfertilityandme.org.uk\/it\/wp-json\/wp\/v2\/pages\/8077","targetHints":{"allow":["GET"]}}],"collection":[{"href":"https:\/\/cancerfertilityandme.org.uk\/it\/wp-json\/wp\/v2\/pages"}],"about":[{"href":"https:\/\/cancerfertilityandme.org.uk\/it\/wp-json\/wp\/v2\/types\/page"}],"author":[{"embeddable":true,"href":"https:\/\/cancerfertilityandme.org.uk\/it\/wp-json\/wp\/v2\/users\/1"}],"replies":[{"embeddable":true,"href":"https:\/\/cancerfertilityandme.org.uk\/it\/wp-json\/wp\/v2\/comments?post=8077"}],"version-history":[{"count":2,"href":"https:\/\/cancerfertilityandme.org.uk\/it\/wp-json\/wp\/v2\/pages\/8077\/revisions"}],"predecessor-version":[{"id":10124,"href":"https:\/\/cancerfertilityandme.org.uk\/it\/wp-json\/wp\/v2\/pages\/8077\/revisions\/10124"}],"up":[{"embeddable":true,"href":"https:\/\/cancerfertilityandme.org.uk\/it\/wp-json\/wp\/v2\/pages\/8065"}],"wp:attachment":[{"href":"https:\/\/cancerfertilityandme.org.uk\/it\/wp-json\/wp\/v2\/media?parent=8077"}],"curies":[{"name":"wp","href":"https:\/\/api.w.org\/{rel}","templated":true}]}}