{"id":8053,"date":"2023-04-02T15:37:15","date_gmt":"2023-04-02T15:37:15","guid":{"rendered":"https:\/\/cancerfertilityandme.org.uk\/chemioterapia\/"},"modified":"2025-11-20T16:25:10","modified_gmt":"2025-11-20T16:25:10","slug":"chemioterapia","status":"publish","type":"page","link":"https:\/\/cancerfertilityandme.org.uk\/it\/giovani-donne\/il-cancro-e-la-fertilita\/chemioterapia\/","title":{"rendered":"Chemotherapy"},"content":{"rendered":"\t\t<div data-elementor-type=\"wp-page\" data-elementor-id=\"8053\" class=\"elementor elementor-8053 elementor-7738\" data-elementor-post-type=\"page\">\n\t\t\t\t<main class=\"elementor-element elementor-element-31a191a0 e-flex e-con-boxed e-con e-parent\" data-id=\"31a191a0\" data-element_type=\"container\" data-e-type=\"container\">\n\t\t\t\t\t<div class=\"e-con-inner\">\n\t\t<div class=\"elementor-element elementor-element-59def74 e-con-full e-flex e-con e-child\" data-id=\"59def74\" data-element_type=\"container\" data-e-type=\"container\">\n\t\t\t\t<div class=\"elementor-element elementor-element-77cc0cc3 elementor-widget elementor-widget-text-editor\" data-id=\"77cc0cc3\" data-element_type=\"widget\" data-e-type=\"widget\" data-widget_type=\"text-editor.default\">\n\t\t\t\t<div class=\"elementor-widget-container\">\n\t\t\t\t\t\t\t\t\t<h2>Chemotherapy<\/h2><p><strong>La chemioterapia<\/strong> \u00e8 l&#8217;uso di farmaci per uccidere o rallentare la crescita delle cellule tumorali. Spesso provoca effetti collaterali sulle cellule sane del corpo e pu\u00f2 influenzare la fertilit\u00e0 di una donna. Ci\u00f2 pu\u00f2 danneggiare le ovaie e ridurre il numero di ovuli (riserva ovarica).<\/p><p>L&#8217;effetto della chemioterapia sulla fertilit\u00e0 dipende da:<\/p><ul><li>Il tipo di farmaci che verranno somministrati.<\/li><li>Per quanto tempo si assumono i farmaci<\/li><li>Quali altri farmaci ti vengono somministrati<\/li><li>La tua et\u00e0<\/li><li>Il tuo livello di fertilit\u00e0 prima del trattamento antitumorale<\/li><\/ul>\t\t\t\t\t\t\t\t<\/div>\n\t\t\t\t<\/div>\n\t\t\t\t<\/div>\n\t\t<div class=\"elementor-element elementor-element-7d89ce62 e-con-full e-flex e-con e-child\" data-id=\"7d89ce62\" data-element_type=\"container\" data-e-type=\"container\">\n\t\t<div class=\"elementor-element elementor-element-59c2a059 e-con-full e-flex e-con e-child\" data-id=\"59c2a059\" data-element_type=\"container\" data-e-type=\"container\">\n\t\t\t\t<div class=\"elementor-element elementor-element-437bb4ff elementor-widget elementor-widget-image\" data-id=\"437bb4ff\" data-element_type=\"widget\" data-e-type=\"widget\" data-widget_type=\"image.default\">\n\t\t\t\t<div class=\"elementor-widget-container\">\n\t\t\t\t\t\t\t\t\t\t\t\t\t\t\t\t<a href=\"http:\/\/.\/\">\n\t\t\t\t\t\t\t<img decoding=\"async\" width=\"200\" height=\"200\" src=\"https:\/\/cancerfertilityandme.org.uk\/wp-content\/uploads\/cancerfertilityandme-logo-header-young-women.png\" class=\"attachment-full size-full wp-image-329\" alt=\"\" srcset=\"https:\/\/cancerfertilityandme.org.uk\/wp-content\/uploads\/cancerfertilityandme-logo-header-young-women.png 200w, https:\/\/cancerfertilityandme.org.uk\/wp-content\/uploads\/cancerfertilityandme-logo-header-young-women-150x150.png 150w, https:\/\/cancerfertilityandme.org.uk\/wp-content\/uploads\/elementor\/thumbs\/cancerfertilityandme-logo-header-young-women-r4vfcv1ro149or8nkxzol3x986uodd6lq6no4gpb6w.png 100w\" sizes=\"(max-width: 200px) 100vw, 200px\" \/>\t\t\t\t\t\t\t\t<\/a>\n\t\t\t\t\t\t\t\t\t\t\t\t\t\t\t<\/div>\n\t\t\t\t<\/div>\n\t\t\t\t<\/div>\n\t\t<div class=\"elementor-element elementor-element-61a936da e-con-full e-flex e-con e-child\" data-id=\"61a936da\" data-element_type=\"container\" data-e-type=\"container\">\n\t\t\t\t<div class=\"elementor-element elementor-element-71ac05fc elementor-widget elementor-widget-heading\" data-id=\"71ac05fc\" data-element_type=\"widget\" data-e-type=\"widget\" data-widget_type=\"heading.default\">\n\t\t\t\t<div class=\"elementor-widget-container\">\n\t\t\t\t\t<h3 class=\"elementor-heading-title elementor-size-default\">Segui questi link per ulteriori informazioni<\/h3>\t\t\t\t<\/div>\n\t\t\t\t<\/div>\n\t\t\t\t<div class=\"elementor-element elementor-element-5414d12b elementor-nav-menu--dropdown-none elementor-widget elementor-widget-nav-menu\" data-id=\"5414d12b\" data-element_type=\"widget\" data-e-type=\"widget\" data-settings=\"{&quot;layout&quot;:&quot;vertical&quot;,&quot;submenu_icon&quot;:{&quot;value&quot;:&quot;&lt;svg aria-hidden=\\&quot;true\\&quot; class=\\&quot;e-font-icon-svg e-fas-caret-down\\&quot; viewBox=\\&quot;0 0 320 512\\&quot; xmlns=\\&quot;http:\\\/\\\/www.w3.org\\\/2000\\\/svg\\&quot;&gt;&lt;path d=\\&quot;M31.3 192h257.3c17.8 0 26.7 21.5 14.1 34.1L174.1 354.8c-7.8 7.8-20.5 7.8-28.3 0L17.2 226.1C4.6 213.5 13.5 192 31.3 192z\\&quot;&gt;&lt;\\\/path&gt;&lt;\\\/svg&gt;&quot;,&quot;library&quot;:&quot;fa-solid&quot;}}\" data-widget_type=\"nav-menu.default\">\n\t\t\t\t<div class=\"elementor-widget-container\">\n\t\t\t\t\t\t\t\t<nav aria-label=\"Menu\" class=\"elementor-nav-menu--main elementor-nav-menu__container elementor-nav-menu--layout-vertical e--pointer-none\">\n\t\t\t\t<ul id=\"menu-1-5414d12b\" class=\"elementor-nav-menu sm-vertical\"><li class=\"menu-item menu-item-type-post_type menu-item-object-page menu-item-8491\"><a href=\"https:\/\/cancerfertilityandme.org.uk\/young-women\/cancer-and-fertility\/\" class=\"elementor-item\">Il cancro e la fertilit\u00e0<\/a><\/li>\n<li class=\"menu-item menu-item-type-post_type menu-item-object-page menu-item-8494\"><a href=\"https:\/\/cancerfertilityandme.org.uk\/young-women\/cancer-and-fertility\/introduction\/\" class=\"elementor-item\">introduzione<\/a><\/li>\n<li class=\"menu-item menu-item-type-post_type menu-item-object-page menu-item-8492\"><a href=\"https:\/\/cancerfertilityandme.org.uk\/young-women\/cancer-and-fertility\/chemotherapy\/\" class=\"elementor-item\">Chemotherapy<\/a><\/li>\n<li class=\"menu-item menu-item-type-post_type menu-item-object-page menu-item-8495\"><a href=\"https:\/\/cancerfertilityandme.org.uk\/young-women\/cancer-and-fertility\/radiotherapy\/\" class=\"elementor-item\">Radioterapia<\/a><\/li>\n<li class=\"menu-item menu-item-type-post_type menu-item-object-page menu-item-8496\"><a href=\"https:\/\/cancerfertilityandme.org.uk\/young-women\/cancer-and-fertility\/surgery\/\" class=\"elementor-item\">Chirurgia<\/a><\/li>\n<li class=\"menu-item menu-item-type-post_type menu-item-object-page menu-item-8493\"><a href=\"https:\/\/cancerfertilityandme.org.uk\/young-women\/cancer-and-fertility\/hormone-therapy\/\" class=\"elementor-item\">Terapia ormonale<\/a><\/li>\n<li class=\"menu-item menu-item-type-post_type menu-item-object-page menu-item-8497\"><a href=\"https:\/\/cancerfertilityandme.org.uk\/young-women\/cancer-and-fertility\/targeted-drug-therapies\/\" class=\"elementor-item\">Terapie farmacologiche mirate<\/a><\/li>\n<li class=\"menu-item menu-item-type-post_type menu-item-object-page menu-item-8499\"><a href=\"https:\/\/cancerfertilityandme.org.uk\/young-women\/cancer-and-fertility\/other-cancer-treatments\/\" class=\"elementor-item\">Altri trattamenti antitumorali<\/a><\/li>\n<li class=\"menu-item menu-item-type-post_type menu-item-object-page menu-item-8498\"><a href=\"https:\/\/cancerfertilityandme.org.uk\/young-women\/cancer-and-fertility\/questions-to-ask-about-cancer-and-fertility\/\" class=\"elementor-item\">Domande da porre al tuo team di cura del cancro<\/a><\/li>\n<\/ul>\t\t\t<\/nav>\n\t\t\t\t\t\t<nav class=\"elementor-nav-menu--dropdown elementor-nav-menu__container\" aria-hidden=\"true\">\n\t\t\t\t<ul id=\"menu-2-5414d12b\" class=\"elementor-nav-menu sm-vertical\"><li class=\"menu-item menu-item-type-post_type menu-item-object-page menu-item-8491\"><a href=\"https:\/\/cancerfertilityandme.org.uk\/young-women\/cancer-and-fertility\/\" class=\"elementor-item\" tabindex=\"-1\">Il cancro e la fertilit\u00e0<\/a><\/li>\n<li class=\"menu-item menu-item-type-post_type menu-item-object-page menu-item-8494\"><a href=\"https:\/\/cancerfertilityandme.org.uk\/young-women\/cancer-and-fertility\/introduction\/\" class=\"elementor-item\" tabindex=\"-1\">introduzione<\/a><\/li>\n<li class=\"menu-item menu-item-type-post_type menu-item-object-page menu-item-8492\"><a href=\"https:\/\/cancerfertilityandme.org.uk\/young-women\/cancer-and-fertility\/chemotherapy\/\" class=\"elementor-item\" tabindex=\"-1\">Chemotherapy<\/a><\/li>\n<li class=\"menu-item menu-item-type-post_type menu-item-object-page menu-item-8495\"><a href=\"https:\/\/cancerfertilityandme.org.uk\/young-women\/cancer-and-fertility\/radiotherapy\/\" class=\"elementor-item\" tabindex=\"-1\">Radioterapia<\/a><\/li>\n<li class=\"menu-item menu-item-type-post_type menu-item-object-page menu-item-8496\"><a href=\"https:\/\/cancerfertilityandme.org.uk\/young-women\/cancer-and-fertility\/surgery\/\" class=\"elementor-item\" tabindex=\"-1\">Chirurgia<\/a><\/li>\n<li class=\"menu-item menu-item-type-post_type menu-item-object-page menu-item-8493\"><a href=\"https:\/\/cancerfertilityandme.org.uk\/young-women\/cancer-and-fertility\/hormone-therapy\/\" class=\"elementor-item\" tabindex=\"-1\">Terapia ormonale<\/a><\/li>\n<li class=\"menu-item menu-item-type-post_type menu-item-object-page menu-item-8497\"><a href=\"https:\/\/cancerfertilityandme.org.uk\/young-women\/cancer-and-fertility\/targeted-drug-therapies\/\" class=\"elementor-item\" tabindex=\"-1\">Terapie farmacologiche mirate<\/a><\/li>\n<li class=\"menu-item menu-item-type-post_type menu-item-object-page menu-item-8499\"><a href=\"https:\/\/cancerfertilityandme.org.uk\/young-women\/cancer-and-fertility\/other-cancer-treatments\/\" class=\"elementor-item\" tabindex=\"-1\">Altri trattamenti antitumorali<\/a><\/li>\n<li class=\"menu-item menu-item-type-post_type menu-item-object-page menu-item-8498\"><a href=\"https:\/\/cancerfertilityandme.org.uk\/young-women\/cancer-and-fertility\/questions-to-ask-about-cancer-and-fertility\/\" class=\"elementor-item\" tabindex=\"-1\">Domande da porre al tuo team di cura del cancro<\/a><\/li>\n<\/ul>\t\t\t<\/nav>\n\t\t\t\t\t\t<\/div>\n\t\t\t\t<\/div>\n\t\t\t\t<\/div>\n\t\t\t\t<\/div>\n\t\t\t\t\t<\/div>\n\t\t\t\t<\/main>\n\t\t\t\t<\/div>\n\t\t","protected":false},"excerpt":{"rendered":"<p>Chemotherapy La chemioterapia \u00e8 l&#8217;uso di farmaci per uccidere o rallentare la crescita delle cellule tumorali. Spesso provoca effetti collaterali sulle cellule sane del corpo e pu\u00f2 influenzare la fertilit\u00e0 di una donna. Ci\u00f2 pu\u00f2 danneggiare le ovaie e ridurre il numero di ovuli (riserva ovarica). L&#8217;effetto della chemioterapia sulla fertilit\u00e0 dipende da: Il tipo [&hellip;]<\/p>\n","protected":false},"author":1,"featured_media":0,"parent":8052,"menu_order":0,"comment_status":"open","ping_status":"closed","template":"","meta":{"footnotes":""},"class_list":["post-8053","page","type-page","status-publish","hentry"],"_links":{"self":[{"href":"https:\/\/cancerfertilityandme.org.uk\/it\/wp-json\/wp\/v2\/pages\/8053","targetHints":{"allow":["GET"]}}],"collection":[{"href":"https:\/\/cancerfertilityandme.org.uk\/it\/wp-json\/wp\/v2\/pages"}],"about":[{"href":"https:\/\/cancerfertilityandme.org.uk\/it\/wp-json\/wp\/v2\/types\/page"}],"author":[{"embeddable":true,"href":"https:\/\/cancerfertilityandme.org.uk\/it\/wp-json\/wp\/v2\/users\/1"}],"replies":[{"embeddable":true,"href":"https:\/\/cancerfertilityandme.org.uk\/it\/wp-json\/wp\/v2\/comments?post=8053"}],"version-history":[{"count":3,"href":"https:\/\/cancerfertilityandme.org.uk\/it\/wp-json\/wp\/v2\/pages\/8053\/revisions"}],"predecessor-version":[{"id":9963,"href":"https:\/\/cancerfertilityandme.org.uk\/it\/wp-json\/wp\/v2\/pages\/8053\/revisions\/9963"}],"up":[{"embeddable":true,"href":"https:\/\/cancerfertilityandme.org.uk\/it\/wp-json\/wp\/v2\/pages\/8052"}],"wp:attachment":[{"href":"https:\/\/cancerfertilityandme.org.uk\/it\/wp-json\/wp\/v2\/media?parent=8053"}],"curies":[{"name":"wp","href":"https:\/\/api.w.org\/{rel}","templated":true}]}}