{"id":8051,"date":"2023-04-03T09:24:33","date_gmt":"2023-04-03T09:24:33","guid":{"rendered":"https:\/\/cancerfertilityandme.org.uk\/usare-questo-sito-web\/"},"modified":"2025-11-17T11:04:52","modified_gmt":"2025-11-17T11:04:52","slug":"usare-questo-sito-web","status":"publish","type":"page","link":"https:\/\/cancerfertilityandme.org.uk\/it\/giovani-donne\/a-proposito-di-questo-sito-web\/usare-questo-sito-web\/","title":{"rendered":"Usare questo sito web"},"content":{"rendered":"\t\t<div data-elementor-type=\"wp-page\" data-elementor-id=\"8051\" class=\"elementor elementor-8051 elementor-7775\" data-elementor-post-type=\"page\">\n\t\t\t\t<main class=\"elementor-element elementor-element-30e26b6c e-flex e-con-boxed e-con e-parent\" data-id=\"30e26b6c\" data-element_type=\"container\" data-e-type=\"container\">\n\t\t\t\t\t<div class=\"e-con-inner\">\n\t\t<div class=\"elementor-element elementor-element-65df7344 e-con-full e-flex e-con e-child\" data-id=\"65df7344\" data-element_type=\"container\" data-e-type=\"container\">\n\t\t\t\t<div class=\"elementor-element elementor-element-1f35ebad elementor-widget elementor-widget-text-editor\" data-id=\"1f35ebad\" data-element_type=\"widget\" data-e-type=\"widget\" data-widget_type=\"text-editor.default\">\n\t\t\t\t<div class=\"elementor-widget-container\">\n\t\t\t\t\t\t\t\t\t<h2>Usare questo sito Web per aiutarti a prendere la tua decisione<\/h2><p>\u201c\u201cSto pensando fra cinque anni, e tra dieci anni? Che cosa accadr\u00e0?\u201d<br>Una giovane donna di 25 anni con cancro ovarico<\/p><p><strong>Per supportarti nel prendere decisioni sulla conservazione della fertilit\u00e0 prima di iniziare il trattamento del cancro, questo sito Web contiene informazioni per aiutarti:<\/strong><\/p><ul><li><strong>Scoprire <\/strong>di pi\u00f9 sulle diverse opzioni di conservazione della fertilit\u00e0.<\/li><li><strong>Considerare <\/strong>se la conservazione della fertilit\u00e0 pu\u00f2 essere un&#8217;opzione per te.<\/li><li><strong>Pensare <\/strong>a ci\u00f2 che \u00e8 importante per la tua vita ora e in futuro.<\/li><li><strong>Discutere <\/strong>con il tuo team di cura del cancro e il team di cura della fertilit\u00e0 mentre prendi la tua decisione.<\/li><li><strong>Discutere <\/strong>con il tuo team di cura del cancro e il team di cura della fertilit\u00e0, le conseguenze e i benefici di qualsiasi decisione tu possa prendere.<\/li><\/ul><p>\u201cHa risposto a molte delle mie domande. Mi ha fatto capire di pi\u00f9 sul mio trattamento e sulle mie opzioni. Rispondeva a domande che non avrei necessariamente fatto, mi dava informazioni che non pensavo di dover conoscere\u201d\u2026 Non mi stava spingendo in nessuna direzione. Era molto obiettivo, era chiaro con quello che stava dicendo e non stava dicendo che nessuna di loro fosse un\u2019opzione migliore dell\u2019altra. Stava solo affermando i fatti e spiegando cosa significava e mi ha permesso di prendere una decisione se mi piacesse o no.\u201d<br>Una giovane donna di 20 anni con linfoma<\/p><p><strong>Ci sono istruzioni per aiutarti a guidare l\u2019utente attraverso l\u2019sito web:<\/strong><\/p><ul><li>Le pagine dei contenuti ti dicono dove puoi trovare sezioni sul trattamento del cancro, problemi di fertilit\u00e0, decisioni sulla conservazione della fertilit\u00e0 e pianificazione familiare.<\/li><li>Le immagini decisionali aiutano a mostrare quali decisioni sulla fertilit\u00e0 possono prendere le giovani donne, prima, durante e dopo il trattamento del cancro.<\/li><li>Le tabelle confrontano diverse opzioni di conservazione della fertilit\u00e0, mostrando quali caratteristiche sono uguali o simili e in che modo differiscono.<\/li><li>Le domande ti aiutano a pensare alle domande che potresti voler porre ai tuoi team di cura del cancro e della fertilit\u00e0 prima di iniziare il trattamento del cancro.<\/li><li>Fornisci idee sul tipo di cose che potresti voler chiedere al tuo team di cura del cancro e\/o al tuo team di cura della fertilit\u00e0.<\/li><li>Le mie domande sui valori per aiutarti a pensare a quale opzione di conservazione della fertilit\u00e0 si adatta meglio alla tua vita in questo momento.<\/li><li>Il glossario d\u00e0 il significato dei termini usati per parlare di cancro e del suo trattamento, fertilit\u00e0 e preservazione della fertilit\u00e0.<\/li><\/ul><p><strong>Notare che :<\/strong><\/p><ol><li>Non tutte le donne che vengono curate per il cancro avranno problemi di fertilit\u00e0 in futuro.<\/li><li>Non tutte le procedure di conservazione della fertilit\u00e0 descritte in questo sito web sono adatte a ogni donna.<\/li><li>Alcune delle procedure di conservazione della fertilit\u00e0 descritte in questo sito web potrebbero non essere disponibili in tutte le cliniche per la fertilit\u00e0.<\/li><\/ol>\t\t\t\t\t\t\t\t<\/div>\n\t\t\t\t<\/div>\n\t\t\t\t<\/div>\n\t\t<div class=\"elementor-element elementor-element-b1afa93 e-con-full e-flex e-con e-child\" data-id=\"b1afa93\" data-element_type=\"container\" data-e-type=\"container\">\n\t\t<div class=\"elementor-element elementor-element-6a4613ad e-con-full e-flex e-con e-child\" data-id=\"6a4613ad\" data-element_type=\"container\" data-e-type=\"container\">\n\t\t\t\t<div class=\"elementor-element elementor-element-14f5e2a8 elementor-widget elementor-widget-image\" data-id=\"14f5e2a8\" data-element_type=\"widget\" data-e-type=\"widget\" data-widget_type=\"image.default\">\n\t\t\t\t<div class=\"elementor-widget-container\">\n\t\t\t\t\t\t\t\t\t\t\t\t\t\t\t\t<a href=\"http:\/\/.\/\">\n\t\t\t\t\t\t\t<img decoding=\"async\" width=\"200\" height=\"200\" src=\"https:\/\/cancerfertilityandme.org.uk\/wp-content\/uploads\/cancerfertilityandme-logo-header-young-women.png\" class=\"attachment-full size-full wp-image-329\" alt=\"\" srcset=\"https:\/\/cancerfertilityandme.org.uk\/wp-content\/uploads\/cancerfertilityandme-logo-header-young-women.png 200w, https:\/\/cancerfertilityandme.org.uk\/wp-content\/uploads\/cancerfertilityandme-logo-header-young-women-150x150.png 150w, https:\/\/cancerfertilityandme.org.uk\/wp-content\/uploads\/elementor\/thumbs\/cancerfertilityandme-logo-header-young-women-r4vfcv1ro149or8nkxzol3x986uodd6lq6no4gpb6w.png 100w\" sizes=\"(max-width: 200px) 100vw, 200px\" \/>\t\t\t\t\t\t\t\t<\/a>\n\t\t\t\t\t\t\t\t\t\t\t\t\t\t\t<\/div>\n\t\t\t\t<\/div>\n\t\t\t\t<\/div>\n\t\t<div class=\"elementor-element elementor-element-55791adf e-con-full e-flex e-con e-child\" data-id=\"55791adf\" data-element_type=\"container\" data-e-type=\"container\">\n\t\t\t\t<div class=\"elementor-element elementor-element-6a885291 elementor-widget elementor-widget-heading\" data-id=\"6a885291\" data-element_type=\"widget\" data-e-type=\"widget\" data-widget_type=\"heading.default\">\n\t\t\t\t<div class=\"elementor-widget-container\">\n\t\t\t\t\t<h3 class=\"elementor-heading-title elementor-size-default\">Segui questi link per ulteriori informazioni<\/h3>\t\t\t\t<\/div>\n\t\t\t\t<\/div>\n\t\t\t\t<div class=\"elementor-element elementor-element-17ab66f5 elementor-nav-menu--dropdown-none elementor-widget elementor-widget-nav-menu\" data-id=\"17ab66f5\" data-element_type=\"widget\" data-e-type=\"widget\" data-settings=\"{&quot;layout&quot;:&quot;vertical&quot;,&quot;submenu_icon&quot;:{&quot;value&quot;:&quot;&lt;svg aria-hidden=\\&quot;true\\&quot; class=\\&quot;e-font-icon-svg e-fas-caret-down\\&quot; viewBox=\\&quot;0 0 320 512\\&quot; xmlns=\\&quot;http:\\\/\\\/www.w3.org\\\/2000\\\/svg\\&quot;&gt;&lt;path d=\\&quot;M31.3 192h257.3c17.8 0 26.7 21.5 14.1 34.1L174.1 354.8c-7.8 7.8-20.5 7.8-28.3 0L17.2 226.1C4.6 213.5 13.5 192 31.3 192z\\&quot;&gt;&lt;\\\/path&gt;&lt;\\\/svg&gt;&quot;,&quot;library&quot;:&quot;fa-solid&quot;}}\" data-widget_type=\"nav-menu.default\">\n\t\t\t\t<div class=\"elementor-widget-container\">\n\t\t\t\t\t\t\t\t<nav aria-label=\"Menu\" class=\"elementor-nav-menu--main elementor-nav-menu__container elementor-nav-menu--layout-vertical e--pointer-none\">\n\t\t\t\t<ul id=\"menu-1-17ab66f5\" class=\"elementor-nav-menu sm-vertical\"><li class=\"menu-item menu-item-type-post_type menu-item-object-page menu-item-8474\"><a href=\"https:\/\/cancerfertilityandme.org.uk\/young-women\/about-this-project\/\" class=\"elementor-item\">A proposito di questo progetto<\/a><\/li>\n<li class=\"menu-item menu-item-type-post_type menu-item-object-page menu-item-8477\"><a href=\"https:\/\/cancerfertilityandme.org.uk\/young-women\/about-this-project\/using-this-website\/\" class=\"elementor-item\">Usare questo sito web<\/a><\/li>\n<li class=\"menu-item menu-item-type-post_type menu-item-object-page menu-item-8476\"><a href=\"https:\/\/cancerfertilityandme.org.uk\/young-women\/about-this-project\/linking-fertility-options\/\" class=\"elementor-item\">Collegamento delle opzioni di fertilit\u00e0<\/a><\/li>\n<li class=\"menu-item menu-item-type-post_type menu-item-object-page menu-item-10564\"><a href=\"https:\/\/cancerfertilityandme.org.uk\/glossary\/\" class=\"elementor-item\">Glossario<\/a><\/li>\n<\/ul>\t\t\t<\/nav>\n\t\t\t\t\t\t<nav class=\"elementor-nav-menu--dropdown elementor-nav-menu__container\" aria-hidden=\"true\">\n\t\t\t\t<ul id=\"menu-2-17ab66f5\" class=\"elementor-nav-menu sm-vertical\"><li class=\"menu-item menu-item-type-post_type menu-item-object-page menu-item-8474\"><a href=\"https:\/\/cancerfertilityandme.org.uk\/young-women\/about-this-project\/\" class=\"elementor-item\" tabindex=\"-1\">A proposito di questo progetto<\/a><\/li>\n<li class=\"menu-item menu-item-type-post_type menu-item-object-page menu-item-8477\"><a href=\"https:\/\/cancerfertilityandme.org.uk\/young-women\/about-this-project\/using-this-website\/\" class=\"elementor-item\" tabindex=\"-1\">Usare questo sito web<\/a><\/li>\n<li class=\"menu-item menu-item-type-post_type menu-item-object-page menu-item-8476\"><a href=\"https:\/\/cancerfertilityandme.org.uk\/young-women\/about-this-project\/linking-fertility-options\/\" class=\"elementor-item\" tabindex=\"-1\">Collegamento delle opzioni di fertilit\u00e0<\/a><\/li>\n<li class=\"menu-item menu-item-type-post_type menu-item-object-page menu-item-10564\"><a href=\"https:\/\/cancerfertilityandme.org.uk\/glossary\/\" class=\"elementor-item\" tabindex=\"-1\">Glossario<\/a><\/li>\n<\/ul>\t\t\t<\/nav>\n\t\t\t\t\t\t<\/div>\n\t\t\t\t<\/div>\n\t\t\t\t<\/div>\n\t\t\t\t<\/div>\n\t\t\t\t\t<\/div>\n\t\t\t\t<\/main>\n\t\t\t\t<\/div>\n\t\t","protected":false},"excerpt":{"rendered":"<p>Usare questo sito Web per aiutarti a prendere la tua decisione \u201c\u201cSto pensando fra cinque anni, e tra dieci anni? Che cosa accadr\u00e0?\u201dUna giovane donna di 25 anni con cancro ovarico Per supportarti nel prendere decisioni sulla conservazione della fertilit\u00e0 prima di iniziare il trattamento del cancro, questo sito Web contiene informazioni per aiutarti: Scoprire [&hellip;]<\/p>\n","protected":false},"author":1,"featured_media":0,"parent":8050,"menu_order":0,"comment_status":"open","ping_status":"closed","template":"","meta":{"footnotes":""},"class_list":["post-8051","page","type-page","status-publish","hentry"],"_links":{"self":[{"href":"https:\/\/cancerfertilityandme.org.uk\/it\/wp-json\/wp\/v2\/pages\/8051","targetHints":{"allow":["GET"]}}],"collection":[{"href":"https:\/\/cancerfertilityandme.org.uk\/it\/wp-json\/wp\/v2\/pages"}],"about":[{"href":"https:\/\/cancerfertilityandme.org.uk\/it\/wp-json\/wp\/v2\/types\/page"}],"author":[{"embeddable":true,"href":"https:\/\/cancerfertilityandme.org.uk\/it\/wp-json\/wp\/v2\/users\/1"}],"replies":[{"embeddable":true,"href":"https:\/\/cancerfertilityandme.org.uk\/it\/wp-json\/wp\/v2\/comments?post=8051"}],"version-history":[{"count":3,"href":"https:\/\/cancerfertilityandme.org.uk\/it\/wp-json\/wp\/v2\/pages\/8051\/revisions"}],"predecessor-version":[{"id":9673,"href":"https:\/\/cancerfertilityandme.org.uk\/it\/wp-json\/wp\/v2\/pages\/8051\/revisions\/9673"}],"up":[{"embeddable":true,"href":"https:\/\/cancerfertilityandme.org.uk\/it\/wp-json\/wp\/v2\/pages\/8050"}],"wp:attachment":[{"href":"https:\/\/cancerfertilityandme.org.uk\/it\/wp-json\/wp\/v2\/media?parent=8051"}],"curies":[{"name":"wp","href":"https:\/\/api.w.org\/{rel}","templated":true}]}}