{"id":8050,"date":"2023-04-03T09:01:57","date_gmt":"2023-04-03T09:01:57","guid":{"rendered":"https:\/\/cancerfertilityandme.org.uk\/a-proposito-di-questo-sito-web\/"},"modified":"2026-03-10T11:50:25","modified_gmt":"2026-03-10T11:50:25","slug":"a-proposito-di-questo-sito-web","status":"publish","type":"page","link":"https:\/\/cancerfertilityandme.org.uk\/it\/giovani-donne\/a-proposito-di-questo-sito-web\/","title":{"rendered":"A proposito di questo progetto"},"content":{"rendered":"\t\t<div data-elementor-type=\"wp-page\" data-elementor-id=\"8050\" class=\"elementor elementor-8050 elementor-7774\" data-elementor-post-type=\"page\">\n\t\t\t\t<main class=\"elementor-element elementor-element-4a68a2b7 e-flex e-con-boxed e-con e-parent\" data-id=\"4a68a2b7\" data-element_type=\"container\" data-e-type=\"container\">\n\t\t\t\t\t<div class=\"e-con-inner\">\n\t\t<div class=\"elementor-element elementor-element-bf63f4d e-con-full e-flex e-con e-child\" data-id=\"bf63f4d\" data-element_type=\"container\" data-e-type=\"container\">\n\t\t\t\t<div class=\"elementor-element elementor-element-437ce504 elementor-widget elementor-widget-text-editor\" data-id=\"437ce504\" data-element_type=\"widget\" data-e-type=\"widget\" data-widget_type=\"text-editor.default\">\n\t\t\t\t<div class=\"elementor-widget-container\">\n\t\t\t\t\t\t\t\t\t<h2>A proposito del sito web \u2018Il Cancro, la Fertilit\u00e0 ed Io\u2019<\/h2>\n<strong>Se ti \u00e8 stato diagnosticato un cancro, avrai molte cose per la testa. \u00c8 probabile che tu attraversi tutta una serie di sentimenti ed emozioni dal momento della diagnosi in poi, e probabilmente avrai molte domande. <\/strong>\n\n<strong>I trattamenti antitumorali possono influenzare la fertilit\u00e0 e le possibilit\u00e0 di rimanere incinta in futuro<\/strong>\n\nQueste informazioni potrebbero essere nuove per te. Oppure potresti gi\u00e0 esserne consapevole e chiederti se sarai ancora in grado di avere una famiglia in futuro. Se avere figli \u00e8 sicuramente nei tuoi piani, o se tutto sembra troppo lontano per sapere davvero in entrambi i modi, questo sito web fornisce informazioni per aiutarti a pensare alla conservazione della fertilit\u00e0. I trattamenti per la conservazione della fertilit\u00e0 sono modi per aiutare le donne malate di cancro ad avere maggiori possibilit\u00e0 di rimanere incinta e di avere un figlio in futuro dopo il trattamento antitumorale. Speriamo che questo sito web ti aiuti a capire di pi\u00f9 sulla conservazione della fertilit\u00e0. Sebbene le decisioni che hai sono personali e le scelte che fai sono interamente tue, speriamo che questo sito web ti aiuti a sapere quali opzioni sono disponibili e ti aiuti a prendere la decisione migliore per te.     \n\n<blockquote>\u201c\u201cNon mi sentiva sicura per una parte, ma quando ho preso la decisione ero sicura che era quello che volevo fare. E sono contenta di averlo fatto, \u00e8 stata la decisione giusta da prendere\u201d.\u201d<br><br>Una giovane donna di 20 anni con linfoma<\/blockquote>\n\n<b>Questo sito Web contiene informazioni per aiutarti:<\/b>\n<ul>\n \t<li>Capire di pi\u00f9 su come i trattamenti antitumorali possono causare problemi di fertilit\u00e0 nelle donne.<\/li>\n \t<li>Capire di pi\u00f9 su come le donne con il cancro possono preservare la loro fertilit\u00e0, prima di iniziare il trattamento antitumorale.<\/li>\n \t<li>Comprendere quali opzioni possono adattarsi meglio alla tua vita, per preservare la fertilit\u00e0.<\/li>\n \t<li>Comprendere le decisioni di pianificazione familiare durante e dopo il trattamento antitumorale.<\/li>\n<\/ul>\n<strong>Questo sito web pu\u00f2 esserti utile se:<\/strong>\n<ul>\n \t<li>Ti \u00e8 stato recentemente diagnosticato un cancro.<\/li>\n \t<li>Potresti voler rimanere incinta e provare ad avere figli in futuro dopo aver completato il trattamento antitumorale.<\/li>\n \t<li>Vorresti saperne di pi\u00f9 sul trattamento di preservazione della fertilit\u00e0.<\/li>\n \t<li>Desideri maggiori informazioni per aiutarti a prendere una decisione sulla conservazione della fertilit\u00e0.<\/li>\n<\/ul>\t\t\t\t\t\t\t\t<\/div>\n\t\t\t\t<\/div>\n\t\t\t\t<\/div>\n\t\t<div class=\"elementor-element elementor-element-4c2a2e61 e-con-full e-flex e-con e-child\" data-id=\"4c2a2e61\" data-element_type=\"container\" data-e-type=\"container\">\n\t\t<div class=\"elementor-element elementor-element-4cf1ed17 e-con-full e-flex e-con e-child\" data-id=\"4cf1ed17\" data-element_type=\"container\" data-e-type=\"container\">\n\t\t\t\t<div class=\"elementor-element elementor-element-4147e412 elementor-widget elementor-widget-image\" data-id=\"4147e412\" data-element_type=\"widget\" data-e-type=\"widget\" data-widget_type=\"image.default\">\n\t\t\t\t<div class=\"elementor-widget-container\">\n\t\t\t\t\t\t\t\t\t\t\t\t\t\t\t\t<a href=\"http:\/\/.\/\">\n\t\t\t\t\t\t\t<img decoding=\"async\" width=\"200\" height=\"200\" src=\"https:\/\/cancerfertilityandme.org.uk\/wp-content\/uploads\/cancerfertilityandme-logo-header-young-women.png\" class=\"attachment-full size-full wp-image-329\" alt=\"\" srcset=\"https:\/\/cancerfertilityandme.org.uk\/wp-content\/uploads\/cancerfertilityandme-logo-header-young-women.png 200w, https:\/\/cancerfertilityandme.org.uk\/wp-content\/uploads\/cancerfertilityandme-logo-header-young-women-150x150.png 150w, https:\/\/cancerfertilityandme.org.uk\/wp-content\/uploads\/elementor\/thumbs\/cancerfertilityandme-logo-header-young-women-r4vfcv1ro149or8nkxzol3x986uodd6lq6no4gpb6w.png 100w\" sizes=\"(max-width: 200px) 100vw, 200px\" \/>\t\t\t\t\t\t\t\t<\/a>\n\t\t\t\t\t\t\t\t\t\t\t\t\t\t\t<\/div>\n\t\t\t\t<\/div>\n\t\t\t\t<\/div>\n\t\t<div class=\"elementor-element elementor-element-429ad59f e-con-full e-flex e-con e-child\" data-id=\"429ad59f\" data-element_type=\"container\" data-e-type=\"container\">\n\t\t\t\t<div class=\"elementor-element elementor-element-68253d98 elementor-widget elementor-widget-heading\" data-id=\"68253d98\" data-element_type=\"widget\" data-e-type=\"widget\" data-widget_type=\"heading.default\">\n\t\t\t\t<div class=\"elementor-widget-container\">\n\t\t\t\t\t<h3 class=\"elementor-heading-title elementor-size-default\">Segui questi link per ulteriori informazioni<\/h3>\t\t\t\t<\/div>\n\t\t\t\t<\/div>\n\t\t\t\t<div class=\"elementor-element elementor-element-4eaf61a0 elementor-nav-menu--dropdown-none elementor-widget elementor-widget-nav-menu\" data-id=\"4eaf61a0\" data-element_type=\"widget\" data-e-type=\"widget\" data-settings=\"{&quot;layout&quot;:&quot;vertical&quot;,&quot;submenu_icon&quot;:{&quot;value&quot;:&quot;&lt;svg aria-hidden=\\&quot;true\\&quot; class=\\&quot;e-font-icon-svg e-fas-caret-down\\&quot; viewBox=\\&quot;0 0 320 512\\&quot; xmlns=\\&quot;http:\\\/\\\/www.w3.org\\\/2000\\\/svg\\&quot;&gt;&lt;path d=\\&quot;M31.3 192h257.3c17.8 0 26.7 21.5 14.1 34.1L174.1 354.8c-7.8 7.8-20.5 7.8-28.3 0L17.2 226.1C4.6 213.5 13.5 192 31.3 192z\\&quot;&gt;&lt;\\\/path&gt;&lt;\\\/svg&gt;&quot;,&quot;library&quot;:&quot;fa-solid&quot;}}\" data-widget_type=\"nav-menu.default\">\n\t\t\t\t<div class=\"elementor-widget-container\">\n\t\t\t\t\t\t\t\t<nav aria-label=\"Menu\" class=\"elementor-nav-menu--main elementor-nav-menu__container elementor-nav-menu--layout-vertical e--pointer-none\">\n\t\t\t\t<ul id=\"menu-1-4eaf61a0\" class=\"elementor-nav-menu sm-vertical\"><li class=\"menu-item menu-item-type-post_type menu-item-object-page menu-item-8474\"><a href=\"https:\/\/cancerfertilityandme.org.uk\/young-women\/about-this-project\/\" class=\"elementor-item\">A proposito di questo progetto<\/a><\/li>\n<li class=\"menu-item menu-item-type-post_type menu-item-object-page menu-item-8477\"><a href=\"https:\/\/cancerfertilityandme.org.uk\/young-women\/about-this-project\/using-this-website\/\" class=\"elementor-item\">Usare questo sito web<\/a><\/li>\n<li class=\"menu-item menu-item-type-post_type menu-item-object-page menu-item-8476\"><a href=\"https:\/\/cancerfertilityandme.org.uk\/young-women\/about-this-project\/linking-fertility-options\/\" class=\"elementor-item\">Collegamento delle opzioni di fertilit\u00e0<\/a><\/li>\n<li class=\"menu-item menu-item-type-post_type menu-item-object-page menu-item-10564\"><a href=\"https:\/\/cancerfertilityandme.org.uk\/glossary\/\" class=\"elementor-item\">Glossario<\/a><\/li>\n<\/ul>\t\t\t<\/nav>\n\t\t\t\t\t\t<nav class=\"elementor-nav-menu--dropdown elementor-nav-menu__container\" aria-hidden=\"true\">\n\t\t\t\t<ul id=\"menu-2-4eaf61a0\" class=\"elementor-nav-menu sm-vertical\"><li class=\"menu-item menu-item-type-post_type menu-item-object-page menu-item-8474\"><a href=\"https:\/\/cancerfertilityandme.org.uk\/young-women\/about-this-project\/\" class=\"elementor-item\" tabindex=\"-1\">A proposito di questo progetto<\/a><\/li>\n<li class=\"menu-item menu-item-type-post_type menu-item-object-page menu-item-8477\"><a href=\"https:\/\/cancerfertilityandme.org.uk\/young-women\/about-this-project\/using-this-website\/\" class=\"elementor-item\" tabindex=\"-1\">Usare questo sito web<\/a><\/li>\n<li class=\"menu-item menu-item-type-post_type menu-item-object-page menu-item-8476\"><a href=\"https:\/\/cancerfertilityandme.org.uk\/young-women\/about-this-project\/linking-fertility-options\/\" class=\"elementor-item\" tabindex=\"-1\">Collegamento delle opzioni di fertilit\u00e0<\/a><\/li>\n<li class=\"menu-item menu-item-type-post_type menu-item-object-page menu-item-10564\"><a href=\"https:\/\/cancerfertilityandme.org.uk\/glossary\/\" class=\"elementor-item\" tabindex=\"-1\">Glossario<\/a><\/li>\n<\/ul>\t\t\t<\/nav>\n\t\t\t\t\t\t<\/div>\n\t\t\t\t<\/div>\n\t\t\t\t<\/div>\n\t\t\t\t<\/div>\n\t\t\t\t\t<\/div>\n\t\t\t\t<\/main>\n\t\t\t\t<\/div>\n\t\t","protected":false},"excerpt":{"rendered":"<p>A proposito del sito web \u2018Il Cancro, la Fertilit\u00e0 ed Io\u2019 Se ti \u00e8 stato diagnosticato un cancro, avrai molte cose per la testa. \u00c8 probabile che tu attraversi tutta una serie di sentimenti ed emozioni dal momento della diagnosi in poi, e probabilmente avrai molte domande. I trattamenti antitumorali possono influenzare la fertilit\u00e0 e [&hellip;]<\/p>\n","protected":false},"author":1,"featured_media":0,"parent":8048,"menu_order":0,"comment_status":"open","ping_status":"closed","template":"","meta":{"footnotes":""},"class_list":["post-8050","page","type-page","status-publish","hentry"],"_links":{"self":[{"href":"https:\/\/cancerfertilityandme.org.uk\/it\/wp-json\/wp\/v2\/pages\/8050","targetHints":{"allow":["GET"]}}],"collection":[{"href":"https:\/\/cancerfertilityandme.org.uk\/it\/wp-json\/wp\/v2\/pages"}],"about":[{"href":"https:\/\/cancerfertilityandme.org.uk\/it\/wp-json\/wp\/v2\/types\/page"}],"author":[{"embeddable":true,"href":"https:\/\/cancerfertilityandme.org.uk\/it\/wp-json\/wp\/v2\/users\/1"}],"replies":[{"embeddable":true,"href":"https:\/\/cancerfertilityandme.org.uk\/it\/wp-json\/wp\/v2\/comments?post=8050"}],"version-history":[{"count":6,"href":"https:\/\/cancerfertilityandme.org.uk\/it\/wp-json\/wp\/v2\/pages\/8050\/revisions"}],"predecessor-version":[{"id":11201,"href":"https:\/\/cancerfertilityandme.org.uk\/it\/wp-json\/wp\/v2\/pages\/8050\/revisions\/11201"}],"up":[{"embeddable":true,"href":"https:\/\/cancerfertilityandme.org.uk\/it\/wp-json\/wp\/v2\/pages\/8048"}],"wp:attachment":[{"href":"https:\/\/cancerfertilityandme.org.uk\/it\/wp-json\/wp\/v2\/media?parent=8050"}],"curies":[{"name":"wp","href":"https:\/\/api.w.org\/{rel}","templated":true}]}}