{"id":6479,"date":"2018-11-07T09:42:59","date_gmt":"2018-11-07T09:42:59","guid":{"rendered":"https:\/\/cancerfertilityandme.org.uk\/falar-sobre-a-decisao-de-preservacao-da-fertilidade\/"},"modified":"2025-11-17T11:01:05","modified_gmt":"2025-11-17T11:01:05","slug":"falar-sobre-a-decisao-de-preservacao-da-fertilidade","status":"publish","type":"page","link":"https:\/\/cancerfertilityandme.org.uk\/pt-pt\/mulheres-adultas\/tomar-a-sua-decisao\/falar-sobre-a-decisao-de-preservacao-da-fertilidade\/","title":{"rendered":"Falar sobre a decis\u00e3o de preserva\u00e7\u00e3o da fertilidade"},"content":{"rendered":"\t\t<div data-elementor-type=\"wp-page\" data-elementor-id=\"6479\" class=\"elementor elementor-6479 elementor-5463\" data-elementor-post-type=\"page\">\n\t\t\t\t<main class=\"elementor-element elementor-element-37eaef39 e-flex e-con-boxed e-con e-parent\" data-id=\"37eaef39\" data-element_type=\"container\" data-e-type=\"container\">\n\t\t\t\t\t<div class=\"e-con-inner\">\n\t\t<div class=\"elementor-element elementor-element-66976cb0 e-con-full e-flex e-con e-child\" data-id=\"66976cb0\" data-element_type=\"container\" data-e-type=\"container\">\n\t\t\t\t<div class=\"elementor-element elementor-element-2607e22d elementor-widget elementor-widget-text-editor\" data-id=\"2607e22d\" data-element_type=\"widget\" data-e-type=\"widget\" data-widget_type=\"text-editor.default\">\n\t\t\t\t<div class=\"elementor-widget-container\">\n\t\t\t\t\t\t\t\t\t<h2>Falar sobre a decis\u00e3o de preserva\u00e7\u00e3o da fertilidade com outras pessoas<\/h2><p>Algumas mulheres consideram que \u00e9 \u00fatil conversar sobre o seu diagn\u00f3stico de cancro e sobre a preserva\u00e7\u00e3o da fertilidade com outras pessoas.<\/p><p>Poder\u00e1 achar \u00fatil falar sobre quest\u00f5es como:<\/p><ul><li>Tomar decis\u00f5es dif\u00edceis.<\/li><li>Exprimir os seus sentimentos aos seus entes queridos.<\/li><li>O impacto do cancro e da fertilidade nas suas rela\u00e7\u00f5es.<\/li><li>A ansiedade e o stress.<\/li><li>Preocupa\u00e7\u00f5es morais, religiosas ou \u00e9ticas.<\/li><li>Enfrentar o seu cancro e os tratamentos de fertilidade.<\/li><li>Formas de gerir os seus pr\u00f3prios sentimentos.<\/li><\/ul><p>Encontrar o melhor apoio para si pode significar que \u00e9 capaz de lidar melhor com a sua situa\u00e7\u00e3o. Isto pode ajud\u00e1-lo a gerir alguns destes desafios emocionais. As pessoas escolhem diferentes formas de ajud\u00e1-las a sentirem-se apoiadas. Estes podem incluir:   <\/p><ul><li>Informar-se sobre todas as op\u00e7\u00f5es dispon\u00edveis.<\/li><li>Manter um di\u00e1rio ou tomar notas sobre as suas d\u00favidas e as raz\u00f5es das suas decis\u00f5es.<\/li><li>Pensar em quem pode querer envolver na sua tomada de decis\u00f5es \u2013 um parceiro, familiares e amigos ou um enfermeiro ou m\u00e9dico.<\/li><li>Procurar aconselhamento. Pode faz\u00ea-la sozinha, com o seu parceiro ou com outra pessoa que lhe seja pr\u00f3xima. Os conselheiros profissionais, que n\u00e3o est\u00e3o directamente envolvidos nos seus cuidados de fertilidade ou de cancro, podem estar dispon\u00edveis nas cl\u00ednicas de fertilidade e de cancro. Outras organiza\u00e7\u00f5es de aconselhamento que podem fornecer esse suporte de aconselhamento dedicado foram listadas. <a href=\"\/more-information\/useful-contacts\">aqui<\/a>.   <\/li><li>Falar com pessoas que passaram por experi\u00eancias semelhantes. Existem organiza\u00e7\u00f5es de apoio dispon\u00edveis. Apresentamos-lhe <a href=\"\/more-information\/useful-contacts\">aqui<\/a> algumas delas. Tamb\u00e9m pode optar por falar com um membro da sua equipa de cuidados oncol\u00f3gicos e da equipa de cuidados de fertilidade.  <\/li><li>Pode haver momentos em que n\u00e3o queira falar sobre fertilidade e cancro. Se for uma pessoa reservada, anote num di\u00e1rio ou se expresse de forma criativa pode lhe ser \u00fatil. <\/li><\/ul>\t\t\t\t\t\t\t\t<\/div>\n\t\t\t\t<\/div>\n\t\t<div class=\"elementor-element elementor-element-d051220 e-con-full e-flex e-con e-child\" data-id=\"d051220\" data-element_type=\"container\" data-e-type=\"container\" data-settings=\"{&quot;background_background&quot;:&quot;classic&quot;}\">\n\t\t\t\t<div class=\"elementor-element elementor-element-70473906 elementor-widget elementor-widget-text-editor\" data-id=\"70473906\" data-element_type=\"widget\" data-e-type=\"widget\" data-widget_type=\"text-editor.default\">\n\t\t\t\t<div class=\"elementor-widget-container\">\n\t\t\t\t\t\t\t\t\t<h3>Fontes de informa\u00e7\u00e3o recomendadas<\/h3><p>A HFEA \u00e9 a entidade reguladora independente do Reino Unido que supervisiona a utiliza\u00e7\u00e3o de g\u00e2metas (\u00f3vulos e esperma) e embri\u00f5es no tratamento e investiga\u00e7\u00e3o da fertilidade. O seu s\u00edtio Web cont\u00e9m conselhos sobre como pode tirar o m\u00e1ximo partido das suas consultas de fertilidade. Pode faz\u00ea-lo por:  <\/p><ul><li>Fa\u00e7a perguntas.<\/li><li>Tire algum tempo para reflectir sobre as coisas \u2013 pode haver muitas quest\u00f5es dif\u00edceis a serem consideraradas.<\/li><li>Lembrar-se de que a equipa de cuidados de fertilidade est\u00e1 l\u00e1 para a ajudar a fazer a escolha certa para si. O s\u00edtio Web da HFEA <a href=\"http:\/\/www.hfea.gov.uk\" target=\"_blank\" rel=\"noopener noreferrer\">www.hfea.gov.uk<\/a> tem mais informa\u00e7\u00f5es sobre cl\u00ednicas de fertilidade, tratamentos de preserva\u00e7\u00e3o da fertilidade e taxas de sucesso da fertilidade na sua \u00e1rea. <\/li><\/ul>\t\t\t\t\t\t\t\t<\/div>\n\t\t\t\t<\/div>\n\t\t\t\t<\/div>\n\t\t\t\t<\/div>\n\t\t<div class=\"elementor-element elementor-element-6e94314e e-con-full e-flex e-con e-child\" data-id=\"6e94314e\" data-element_type=\"container\" data-e-type=\"container\">\n\t\t<div class=\"elementor-element elementor-element-63a54493 e-con-full e-flex e-con e-child\" data-id=\"63a54493\" data-element_type=\"container\" data-e-type=\"container\">\n\t\t\t\t<div class=\"elementor-element elementor-element-59decdf0 elementor-widget elementor-widget-image\" data-id=\"59decdf0\" data-element_type=\"widget\" data-e-type=\"widget\" data-widget_type=\"image.default\">\n\t\t\t\t<div class=\"elementor-widget-container\">\n\t\t\t\t\t\t\t\t\t\t\t\t\t\t\t\t<a href=\"http:\/\/.\/\">\n\t\t\t\t\t\t\t<img fetchpriority=\"high\" decoding=\"async\" width=\"400\" height=\"440\" src=\"https:\/\/cancerfertilityandme.org.uk\/wp-content\/uploads\/cancerfertilityandme-logo-column-adult-women.png\" class=\"attachment-full size-full wp-image-2284\" alt=\"\" srcset=\"https:\/\/cancerfertilityandme.org.uk\/wp-content\/uploads\/cancerfertilityandme-logo-column-adult-women.png 400w, https:\/\/cancerfertilityandme.org.uk\/wp-content\/uploads\/cancerfertilityandme-logo-column-adult-women-273x300.png 273w\" sizes=\"(max-width: 400px) 100vw, 400px\" \/>\t\t\t\t\t\t\t\t<\/a>\n\t\t\t\t\t\t\t\t\t\t\t\t\t\t\t<\/div>\n\t\t\t\t<\/div>\n\t\t\t\t<\/div>\n\t\t<div class=\"elementor-element elementor-element-1858e519 e-con-full e-flex e-con e-child\" data-id=\"1858e519\" data-element_type=\"container\" data-e-type=\"container\">\n\t\t\t\t<div class=\"elementor-element elementor-element-38e24f3c elementor-widget elementor-widget-heading\" data-id=\"38e24f3c\" data-element_type=\"widget\" data-e-type=\"widget\" data-widget_type=\"heading.default\">\n\t\t\t\t<div class=\"elementor-widget-container\">\n\t\t\t\t\t<h3 class=\"elementor-heading-title elementor-size-default\">Para mais informa\u00e7\u00f5es, siga estes links<\/h3>\t\t\t\t<\/div>\n\t\t\t\t<\/div>\n\t\t\t\t<div class=\"elementor-element elementor-element-74328f39 elementor-nav-menu--dropdown-none elementor-widget elementor-widget-nav-menu\" data-id=\"74328f39\" data-element_type=\"widget\" data-e-type=\"widget\" data-settings=\"{&quot;layout&quot;:&quot;vertical&quot;,&quot;submenu_icon&quot;:{&quot;value&quot;:&quot;&lt;svg aria-hidden=\\&quot;true\\&quot; class=\\&quot;e-font-icon-svg e-fas-caret-down\\&quot; viewBox=\\&quot;0 0 320 512\\&quot; xmlns=\\&quot;http:\\\/\\\/www.w3.org\\\/2000\\\/svg\\&quot;&gt;&lt;path d=\\&quot;M31.3 192h257.3c17.8 0 26.7 21.5 14.1 34.1L174.1 354.8c-7.8 7.8-20.5 7.8-28.3 0L17.2 226.1C4.6 213.5 13.5 192 31.3 192z\\&quot;&gt;&lt;\\\/path&gt;&lt;\\\/svg&gt;&quot;,&quot;library&quot;:&quot;fa-solid&quot;}}\" data-widget_type=\"nav-menu.default\">\n\t\t\t\t<div class=\"elementor-widget-container\">\n\t\t\t\t\t\t\t\t<nav aria-label=\"Menu\" class=\"elementor-nav-menu--main elementor-nav-menu__container elementor-nav-menu--layout-vertical e--pointer-none\">\n\t\t\t\t<ul id=\"menu-1-74328f39\" class=\"elementor-nav-menu sm-vertical\"><li class=\"menu-item menu-item-type-post_type menu-item-object-page menu-item-7141\"><a href=\"https:\/\/cancerfertilityandme.org.uk\/adult-women\/making-your-fertility-preservation-decision\/\" class=\"elementor-item\">Decidere sulla conservazione della fertilit\u00e0<\/a><\/li>\n<li class=\"menu-item menu-item-type-post_type menu-item-object-page menu-item-7144\"><a href=\"https:\/\/cancerfertilityandme.org.uk\/adult-women\/making-your-fertility-preservation-decision\/talking-with-your-fertility-care-team-about-fertility-preservation\/\" class=\"elementor-item\">Discutere la tutela della fertilit\u00e0 con il tuo team medico<\/a><\/li>\n<li class=\"menu-item menu-item-type-post_type menu-item-object-page menu-item-7143\"><a href=\"https:\/\/cancerfertilityandme.org.uk\/adult-women\/making-your-fertility-preservation-decision\/talking-about-the-fertility-preservation-decision\/\" class=\"elementor-item\">Parlare della decisione sulla conservazione della fertilit\u00e0<\/a><\/li>\n<li class=\"menu-item menu-item-type-post_type menu-item-object-page menu-item-2133\"><a href=\"https:\/\/cancerfertilityandme.org.uk\/adult-women\/contraception-family-planning\/questions-to-ask-your-cancer-care-team-or-gp\/\" class=\"elementor-item\">Domande da porre al team di cura del cancro o al medico di famiglia<\/a><\/li>\n<li class=\"menu-item menu-item-type-post_type menu-item-object-page menu-item-7142\"><a href=\"https:\/\/cancerfertilityandme.org.uk\/adult-women\/making-your-fertility-preservation-decision\/financial-costs-associated-with-undergoing-fertility-preservation\/\" class=\"elementor-item\">Costi finanziari associati al trattamento per la preservazione della fertilit\u00e0<\/a><\/li>\n<li class=\"menu-item menu-item-type-post_type menu-item-object-page menu-item-7145\"><a href=\"https:\/\/cancerfertilityandme.org.uk\/adult-women\/fertility-preservation-options\/summary-of-fertility-preservation-options\/\" class=\"elementor-item\">Riepilogo delle opzioni di conservazione della fertilit\u00e0<\/a><\/li>\n<\/ul>\t\t\t<\/nav>\n\t\t\t\t\t\t<nav class=\"elementor-nav-menu--dropdown elementor-nav-menu__container\" aria-hidden=\"true\">\n\t\t\t\t<ul id=\"menu-2-74328f39\" class=\"elementor-nav-menu sm-vertical\"><li class=\"menu-item menu-item-type-post_type menu-item-object-page menu-item-7141\"><a href=\"https:\/\/cancerfertilityandme.org.uk\/adult-women\/making-your-fertility-preservation-decision\/\" class=\"elementor-item\" tabindex=\"-1\">Decidere sulla conservazione della fertilit\u00e0<\/a><\/li>\n<li class=\"menu-item menu-item-type-post_type menu-item-object-page menu-item-7144\"><a href=\"https:\/\/cancerfertilityandme.org.uk\/adult-women\/making-your-fertility-preservation-decision\/talking-with-your-fertility-care-team-about-fertility-preservation\/\" class=\"elementor-item\" tabindex=\"-1\">Discutere la tutela della fertilit\u00e0 con il tuo team medico<\/a><\/li>\n<li class=\"menu-item menu-item-type-post_type menu-item-object-page menu-item-7143\"><a href=\"https:\/\/cancerfertilityandme.org.uk\/adult-women\/making-your-fertility-preservation-decision\/talking-about-the-fertility-preservation-decision\/\" class=\"elementor-item\" tabindex=\"-1\">Parlare della decisione sulla conservazione della fertilit\u00e0<\/a><\/li>\n<li class=\"menu-item menu-item-type-post_type menu-item-object-page menu-item-2133\"><a href=\"https:\/\/cancerfertilityandme.org.uk\/adult-women\/contraception-family-planning\/questions-to-ask-your-cancer-care-team-or-gp\/\" class=\"elementor-item\" tabindex=\"-1\">Domande da porre al team di cura del cancro o al medico di famiglia<\/a><\/li>\n<li class=\"menu-item menu-item-type-post_type menu-item-object-page menu-item-7142\"><a href=\"https:\/\/cancerfertilityandme.org.uk\/adult-women\/making-your-fertility-preservation-decision\/financial-costs-associated-with-undergoing-fertility-preservation\/\" class=\"elementor-item\" tabindex=\"-1\">Costi finanziari associati al trattamento per la preservazione della fertilit\u00e0<\/a><\/li>\n<li class=\"menu-item menu-item-type-post_type menu-item-object-page menu-item-7145\"><a href=\"https:\/\/cancerfertilityandme.org.uk\/adult-women\/fertility-preservation-options\/summary-of-fertility-preservation-options\/\" class=\"elementor-item\" tabindex=\"-1\">Riepilogo delle opzioni di conservazione della fertilit\u00e0<\/a><\/li>\n<\/ul>\t\t\t<\/nav>\n\t\t\t\t\t\t<\/div>\n\t\t\t\t<\/div>\n\t\t\t\t<\/div>\n\t\t\t\t<\/div>\n\t\t\t\t\t<\/div>\n\t\t\t\t<\/main>\n\t\t\t\t<\/div>\n\t\t","protected":false},"excerpt":{"rendered":"<p>Falar sobre a decis\u00e3o de preserva\u00e7\u00e3o da fertilidade com outras pessoas Algumas mulheres consideram que \u00e9 \u00fatil conversar sobre o seu diagn\u00f3stico de cancro e sobre a preserva\u00e7\u00e3o da fertilidade com outras pessoas. Poder\u00e1 achar \u00fatil falar sobre quest\u00f5es como: Tomar decis\u00f5es dif\u00edceis. Exprimir os seus sentimentos aos seus entes queridos. O impacto do cancro [&hellip;]<\/p>\n","protected":false},"author":1,"featured_media":0,"parent":6459,"menu_order":0,"comment_status":"closed","ping_status":"open","template":"","meta":{"footnotes":""},"class_list":["post-6479","page","type-page","status-publish","hentry"],"_links":{"self":[{"href":"https:\/\/cancerfertilityandme.org.uk\/it\/wp-json\/wp\/v2\/pages\/6479","targetHints":{"allow":["GET"]}}],"collection":[{"href":"https:\/\/cancerfertilityandme.org.uk\/it\/wp-json\/wp\/v2\/pages"}],"about":[{"href":"https:\/\/cancerfertilityandme.org.uk\/it\/wp-json\/wp\/v2\/types\/page"}],"author":[{"embeddable":true,"href":"https:\/\/cancerfertilityandme.org.uk\/it\/wp-json\/wp\/v2\/users\/1"}],"replies":[{"embeddable":true,"href":"https:\/\/cancerfertilityandme.org.uk\/it\/wp-json\/wp\/v2\/comments?post=6479"}],"version-history":[{"count":3,"href":"https:\/\/cancerfertilityandme.org.uk\/it\/wp-json\/wp\/v2\/pages\/6479\/revisions"}],"predecessor-version":[{"id":9567,"href":"https:\/\/cancerfertilityandme.org.uk\/it\/wp-json\/wp\/v2\/pages\/6479\/revisions\/9567"}],"up":[{"embeddable":true,"href":"https:\/\/cancerfertilityandme.org.uk\/it\/wp-json\/wp\/v2\/pages\/6459"}],"wp:attachment":[{"href":"https:\/\/cancerfertilityandme.org.uk\/it\/wp-json\/wp\/v2\/media?parent=6479"}],"curies":[{"name":"wp","href":"https:\/\/api.w.org\/{rel}","templated":true}]}}