{"id":6227,"date":"2018-11-07T09:47:04","date_gmt":"2018-11-07T09:47:04","guid":{"rendered":"https:\/\/cancerfertilityandme.org.uk\/riepilogo-delle-opzioni-di-conservazione-della-fertilita\/"},"modified":"2025-11-17T11:00:15","modified_gmt":"2025-11-17T11:00:15","slug":"riepilogo-delle-opzioni-di-conservazione-della-fertilita","status":"publish","type":"page","link":"https:\/\/cancerfertilityandme.org.uk\/it\/donne-adulte\/le-opzioni-di-conservazione-della-fertilita-2\/riepilogo-delle-opzioni-di-conservazione-della-fertilita\/","title":{"rendered":"Riepilogo delle opzioni di conservazione della fertilit\u00e0"},"content":{"rendered":"\t\t<div data-elementor-type=\"wp-page\" data-elementor-id=\"6227\" class=\"elementor elementor-6227 elementor-5589\" data-elementor-post-type=\"page\">\n\t\t\t\t<main class=\"elementor-element elementor-element-25a182d e-flex e-con-boxed e-con e-parent\" data-id=\"25a182d\" data-element_type=\"container\" data-e-type=\"container\">\n\t\t\t\t\t<div class=\"e-con-inner\">\n\t\t<div class=\"elementor-element elementor-element-3204df80 e-con-full e-flex e-con e-child\" data-id=\"3204df80\" data-element_type=\"container\" data-e-type=\"container\">\n\t\t\t\t<div class=\"elementor-element elementor-element-370f079b elementor-widget elementor-widget-text-editor\" data-id=\"370f079b\" data-element_type=\"widget\" data-e-type=\"widget\" data-widget_type=\"text-editor.default\">\n\t\t\t\t<div class=\"elementor-widget-container\">\n\t\t\t\t\t\t\t\t\t<h2>Riepilogo delle opzioni di conservazione della fertilit\u00e0<\/h2>\t\t\t\t\t\t\t\t<\/div>\n\t\t\t\t<\/div>\n\t\t<div class=\"elementor-element elementor-element-781f8b5e e-con-full e-flex e-con e-child\" data-id=\"781f8b5e\" data-element_type=\"container\" data-e-type=\"container\" data-settings=\"{&quot;background_background&quot;:&quot;classic&quot;}\">\n\t\t\t\t<div class=\"elementor-element elementor-element-7f12b723 elementor-widget elementor-widget-text-editor\" data-id=\"7f12b723\" data-element_type=\"widget\" data-e-type=\"widget\" data-widget_type=\"text-editor.default\">\n\t\t\t\t<div class=\"elementor-widget-container\">\n\t\t\t\t\t\t\t\t\t<h3 style=\"text-align: center;\">Nessuna tutela della fertilit\u00e0<\/h3><hr><h3>A chi \u00e8 destinato ?<\/h3><p>Per le donne che vogliono aspettare e vedere; che hanno gi\u00e0 una famiglia; che devono iniziare subito il trattamento antitumorale; che non desiderano avere una gravidanza dopo il trattamento antitumorale; che non hanno a disposizione opzioni di conservazione della fertilit\u00e0.<\/p><h3>Probabilit\u00e0 di avere un bambino<\/h3><p>Variabile. Dipende da come le tue ovaie sono state colpite dal trattamento antitumorale. <\/p><h3>Effetti collaterali del trattamento della fertilit\u00e0<\/h3><p>Nessun effetto collaterale del trattamento della fertilit\u00e0.<\/p><h3>Ritardo per iniziare il trattamento antitumorale<\/h3><p>Nessun ritardo.<\/p><h3>Effetto sul ritorno del cancro<\/h3><p>Nessun effetto.<\/p>\t\t\t\t\t\t\t\t<\/div>\n\t\t\t\t<\/div>\n\t\t\t\t<\/div>\n\t\t<div class=\"elementor-element elementor-element-a6abaa5 e-con-full e-flex e-con e-child\" data-id=\"a6abaa5\" data-element_type=\"container\" data-e-type=\"container\" data-settings=\"{&quot;background_background&quot;:&quot;classic&quot;}\">\n\t\t\t\t<div class=\"elementor-element elementor-element-babb161 elementor-widget elementor-widget-text-editor\" data-id=\"babb161\" data-element_type=\"widget\" data-e-type=\"widget\" data-widget_type=\"text-editor.default\">\n\t\t\t\t<div class=\"elementor-widget-container\">\n\t\t\t\t\t\t\t\t\t<h3 style=\"text-align: center;\">Congelamento degli ovuli.<\/h3><hr><h3>A chi \u00e8 destinato ?<\/h3><p>Per le donne che non hanno un partner; che non vogliono utilizzare lo sperma di un donatore; che non scelgono il congelamento degli embrioni a causa delle loro convinzioni; che hanno il tempo di sottoporsi a un ciclo di trattamento della fertilit\u00e0 prima di iniziare il trattamento antitumorale.<\/p><h3>Probabilit\u00e0 di avere un bambino<\/h3><p>Variabile. Le donne sotto i 35 anni che conservano 10 ovuli hanno circa 4 probabilit\u00e0 su 10 (40%) di avere un bambino. Le donne sopra i 35 anni avranno meno probabilit\u00e0. Le donne sotto i 35 anni potrebbero avere buone possibilit\u00e0 se \u00e8 possibile conservare un numero sufficiente di ovuli.   <\/p><h3>Effetti collaterali del trattamento della fertilit\u00e0<\/h3><p>Mal di testa, cambiamenti di umore, vampate di calore e irritazioni della pelle; i livelli dell\u2019ormone estrogeno salgono (rischioso per le donne che hanno un cancro al seno sensibile agli estrogeni); probabilit\u00e0 di infezione o sanguinamento; danno ad altre strutture pelviche (rischioso per le donne con cancro pelvico).<\/p><h3>Ritardo per iniziare il trattamento antitumorale<\/h3><p>Due settimane.<\/p><h3>Effetto sul ritorno del cancro<\/h3><p>Nessun dato suggerisce che questa opzione influenzer\u00e0 le probabilit\u00e0 che il cancro ritorni.<\/p>\t\t\t\t\t\t\t\t<\/div>\n\t\t\t\t<\/div>\n\t\t\t\t<\/div>\n\t\t<div class=\"elementor-element elementor-element-79c9e2a e-con-full e-flex e-con e-child\" data-id=\"79c9e2a\" data-element_type=\"container\" data-e-type=\"container\" data-settings=\"{&quot;background_background&quot;:&quot;classic&quot;}\">\n\t\t\t\t<div class=\"elementor-element elementor-element-f8413c2 elementor-widget elementor-widget-text-editor\" data-id=\"f8413c2\" data-element_type=\"widget\" data-e-type=\"widget\" data-widget_type=\"text-editor.default\">\n\t\t\t\t<div class=\"elementor-widget-container\">\n\t\t\t\t\t\t\t\t\t<h3 style=\"text-align: center;\">Congelamento degli embrioni<\/h3><hr><h3>A chi \u00e8 destinato ?<\/h3><p>Per le donne che hanno il tempo di sottoporsi a un ciclo di trattamenti per la fertilit\u00e0 prima di iniziare il trattamento antitumorale; per le donne con un partner maschile, poich\u00e9 per la fecondazione sono necessari sia gli ovuli che gli spermatozoi.<\/p><h3>Probabilit\u00e0 di avere un bambino<\/h3><p>Variabile. La probabilit\u00e0 che il congelamento degli embrioni aiuti una donna ad avere un figlio dopo il trattamento antitumorale \u00e8 di circa 30 su 100 (circa il 30%). Le donne di et\u00e0 inferiore ai 35 anni hanno maggiori possibilit\u00e0. Le donne sopra i 35 anni avranno meno probabilit\u00e0.   <\/p><h3>Effetti collaterali del trattamento della fertilit\u00e0<\/h3><p>Mal di testa, cambiamenti di umore, vampate di calore e irritazioni della pelle; i livelli dell\u2019ormone estrogeno salgono (rischioso per le donne che hanno un cancro al seno sensibile agli estrogeni); probabilit\u00e0 di infezione o sanguinamento; danno ad altre strutture pelviche (rischioso per le donne con cancro pelvico).<\/p><h3>Ritardo per iniziare il trattamento antitumorale<\/h3><p>Due settimane.<\/p><h3>Effetto sul ritorno del cancro<\/h3><p>Nessun dato suggerisce che questa opzione influenzer\u00e0 le probabilit\u00e0 che il cancro ritorni.<\/p>\t\t\t\t\t\t\t\t<\/div>\n\t\t\t\t<\/div>\n\t\t\t\t<\/div>\n\t\t<div class=\"elementor-element elementor-element-d2e018f e-con-full e-flex e-con e-child\" data-id=\"d2e018f\" data-element_type=\"container\" data-e-type=\"container\" data-settings=\"{&quot;background_background&quot;:&quot;classic&quot;}\">\n\t\t\t\t<div class=\"elementor-element elementor-element-9a7f7c3 elementor-widget elementor-widget-text-editor\" data-id=\"9a7f7c3\" data-element_type=\"widget\" data-e-type=\"widget\" data-widget_type=\"text-editor.default\">\n\t\t\t\t<div class=\"elementor-widget-container\">\n\t\t\t\t\t\t\t\t\t<h3 style=\"text-align: center;\">Congelamento del tessuto ovarico<\/h3><hr><h3>A chi \u00e8 destinato ?<\/h3><p>Per le donne che non hanno il tempo di congelare gli embrioni o gli ovuli; che non possono usare farmaci per la fertilit\u00e0; che preferiscono la possibilit\u00e0 di un concepimento naturale pi\u00f9 tardi; per le ragazze che non hanno raggiunto la pubert\u00e0.<\/p><h3>Probabilit\u00e0 di avere un bambino<\/h3><p>Nuovo metodo di conservazione della fertilit\u00e0. Tassi di natalit\u00e0 di circa 30 su 100 (30%) in tutto il mondo. <\/p><h3>Effetti collaterali del trattamento della fertilit\u00e0<\/h3><p>Implica un intervento chirurgico, quindi danni alla vescica o all\u2019intestino; probabilit\u00e0 di infezione o sanguinamento. Una probabilit\u00e0 di reinserire le cellule tumorali nel corpo con il tessuto ovarico congelato (rischioso per le donne con un tumore del sangue come la leucemia). <\/p><h3>Ritardo per iniziare il trattamento antitumorale<\/h3><p>Probabilmente nessuno, o solo pochi giorni.<\/p><h3>Effetto sul ritorno del cancro<\/h3><p>Nessun dato suggerisce che questa opzione influenzer\u00e0 le probabilit\u00e0 che il cancro ritorni.<\/p>\t\t\t\t\t\t\t\t<\/div>\n\t\t\t\t<\/div>\n\t\t\t\t<\/div>\n\t\t<div class=\"elementor-element elementor-element-5013e21 e-con-full e-flex e-con e-child\" data-id=\"5013e21\" data-element_type=\"container\" data-e-type=\"container\" data-settings=\"{&quot;background_background&quot;:&quot;classic&quot;}\">\n\t\t\t\t<div class=\"elementor-element elementor-element-c3b7da8 elementor-widget elementor-widget-text-editor\" data-id=\"c3b7da8\" data-element_type=\"widget\" data-e-type=\"widget\" data-widget_type=\"text-editor.default\">\n\t\t\t\t<div class=\"elementor-widget-container\">\n\t\t\t\t\t\t\t\t\t<h3 style=\"text-align: center;\">Soppressione ovarica<\/h3><hr><h3>A chi \u00e8 destinato ?<\/h3><p>Per le donne sottoposte a chemioterapia; per le ragazze che hanno raggiunto la pubert\u00e0.<\/p><h3>Probabilit\u00e0 di avere un bambino<\/h3><p>Non \u00e8 chiaro se questo metodo renda pi\u00f9 probabile la probabilit\u00e0 di avere un bambino dopo il trattamento.<\/p><h3>Effetti collaterali del trattamento della fertilit\u00e0<\/h3><p>Vampate di calore; cambiamenti di umore; difficolt\u00e0 a dormire; secchezza vaginale.<\/p><h3>Ritardo per iniziare il trattamento antitumorale<\/h3><p>Improbabile.<\/p><h3>Effetto sul ritorno del cancro<\/h3><p>Nessun effetto.<\/p>\t\t\t\t\t\t\t\t<\/div>\n\t\t\t\t<\/div>\n\t\t\t\t<\/div>\n\t\t\t\t<\/div>\n\t\t<div class=\"elementor-element elementor-element-78fd630d e-con-full e-flex e-con e-child\" data-id=\"78fd630d\" data-element_type=\"container\" data-e-type=\"container\">\n\t\t<div class=\"elementor-element elementor-element-1ec77f10 e-con-full e-flex e-con e-child\" data-id=\"1ec77f10\" data-element_type=\"container\" data-e-type=\"container\">\n\t\t\t\t<div class=\"elementor-element elementor-element-76a85363 elementor-widget elementor-widget-image\" data-id=\"76a85363\" data-element_type=\"widget\" data-e-type=\"widget\" data-widget_type=\"image.default\">\n\t\t\t\t<div class=\"elementor-widget-container\">\n\t\t\t\t\t\t\t\t\t\t\t\t\t\t\t\t<a href=\"http:\/\/.\/\">\n\t\t\t\t\t\t\t<img fetchpriority=\"high\" decoding=\"async\" width=\"400\" height=\"440\" src=\"https:\/\/cancerfertilityandme.org.uk\/wp-content\/uploads\/cancerfertilityandme-logo-column-adult-women.png\" class=\"attachment-full size-full wp-image-2282\" alt=\"\" srcset=\"https:\/\/cancerfertilityandme.org.uk\/wp-content\/uploads\/cancerfertilityandme-logo-column-adult-women.png 400w, https:\/\/cancerfertilityandme.org.uk\/wp-content\/uploads\/cancerfertilityandme-logo-column-adult-women-273x300.png 273w\" sizes=\"(max-width: 400px) 100vw, 400px\" \/>\t\t\t\t\t\t\t\t<\/a>\n\t\t\t\t\t\t\t\t\t\t\t\t\t\t\t<\/div>\n\t\t\t\t<\/div>\n\t\t\t\t<\/div>\n\t\t<div class=\"elementor-element elementor-element-643b0697 e-con-full e-flex e-con e-child\" data-id=\"643b0697\" data-element_type=\"container\" data-e-type=\"container\">\n\t\t\t\t<div class=\"elementor-element elementor-element-773233c4 elementor-widget elementor-widget-heading\" data-id=\"773233c4\" data-element_type=\"widget\" data-e-type=\"widget\" data-widget_type=\"heading.default\">\n\t\t\t\t<div class=\"elementor-widget-container\">\n\t\t\t\t\t<h3 class=\"elementor-heading-title elementor-size-default\">Segui questi link per ulteriori informazioni<\/h3>\t\t\t\t<\/div>\n\t\t\t\t<\/div>\n\t\t\t\t<div class=\"elementor-element elementor-element-30636de4 elementor-nav-menu--dropdown-none elementor-widget elementor-widget-nav-menu\" data-id=\"30636de4\" data-element_type=\"widget\" data-e-type=\"widget\" data-settings=\"{&quot;layout&quot;:&quot;vertical&quot;,&quot;submenu_icon&quot;:{&quot;value&quot;:&quot;&lt;svg aria-hidden=\\&quot;true\\&quot; class=\\&quot;e-font-icon-svg e-fas-caret-down\\&quot; viewBox=\\&quot;0 0 320 512\\&quot; xmlns=\\&quot;http:\\\/\\\/www.w3.org\\\/2000\\\/svg\\&quot;&gt;&lt;path d=\\&quot;M31.3 192h257.3c17.8 0 26.7 21.5 14.1 34.1L174.1 354.8c-7.8 7.8-20.5 7.8-28.3 0L17.2 226.1C4.6 213.5 13.5 192 31.3 192z\\&quot;&gt;&lt;\\\/path&gt;&lt;\\\/svg&gt;&quot;,&quot;library&quot;:&quot;fa-solid&quot;}}\" data-widget_type=\"nav-menu.default\">\n\t\t\t\t<div class=\"elementor-widget-container\">\n\t\t\t\t\t\t\t\t<nav aria-label=\"Menu\" class=\"elementor-nav-menu--main elementor-nav-menu__container elementor-nav-menu--layout-vertical e--pointer-none\">\n\t\t\t\t<ul id=\"menu-1-30636de4\" class=\"elementor-nav-menu sm-vertical\"><li class=\"menu-item menu-item-type-post_type menu-item-object-page menu-item-6985\"><a href=\"https:\/\/cancerfertilityandme.org.uk\/adult-women\/fertility-preservation-options\/\" class=\"elementor-item\">Le opzioni di conservazione della fertilit\u00e0<\/a><\/li>\n<li class=\"menu-item menu-item-type-post_type menu-item-object-page menu-item-6994\"><a href=\"https:\/\/cancerfertilityandme.org.uk\/adult-women\/fertility-preservation-options\/summary-of-fertility-preservation-options\/\" class=\"elementor-item\">Riepilogo delle opzioni di conservazione della fertilit\u00e0<\/a><\/li>\n<li class=\"menu-item menu-item-type-post_type menu-item-object-page menu-item-6990\"><a href=\"https:\/\/cancerfertilityandme.org.uk\/adult-women\/fertility-preservation-options\/no-fertility-preservation\/\" class=\"elementor-item\">Nessuna tutela della fertilit\u00e0<\/a><\/li>\n<li class=\"menu-item menu-item-type-post_type menu-item-object-page menu-item-6987\"><a href=\"https:\/\/cancerfertilityandme.org.uk\/adult-women\/fertility-preservation-options\/egg-freezing\/\" class=\"elementor-item\">Congelamento degli ovuli<\/a><\/li>\n<li class=\"menu-item menu-item-type-post_type menu-item-object-page menu-item-6988\"><a href=\"https:\/\/cancerfertilityandme.org.uk\/adult-women\/fertility-preservation-options\/embryo-freezing\/\" class=\"elementor-item\">Congelamento degli embrioni<\/a><\/li>\n<li class=\"menu-item menu-item-type-post_type menu-item-object-page menu-item-6992\"><a href=\"https:\/\/cancerfertilityandme.org.uk\/adult-women\/fertility-preservation-options\/ovarian-tissue-freezing\/\" class=\"elementor-item\">Congelamento del tessuto ovarico<\/a><\/li>\n<li class=\"menu-item menu-item-type-post_type menu-item-object-page menu-item-6991\"><a href=\"https:\/\/cancerfertilityandme.org.uk\/adult-women\/fertility-preservation-options\/ovarian-suppression\/\" class=\"elementor-item\">Soppressione ovarica<\/a><\/li>\n<li class=\"menu-item menu-item-type-post_type menu-item-object-page menu-item-6986\"><a href=\"https:\/\/cancerfertilityandme.org.uk\/adult-women\/fertility-preservation-options\/cancer-specific-fertility-sparing-options\/\" class=\"elementor-item\">Procedure di conservazione di fertilit\u00e0 specifiche per alcuni tumori<\/a><\/li>\n<li class=\"menu-item menu-item-type-post_type menu-item-object-page menu-item-11368\"><a href=\"https:\/\/cancerfertilityandme.org.uk\/adult-women\/fertility-preservation-options\/other-cancer-treatments\/\" class=\"elementor-item\">Altri trattamenti antitumorali<\/a><\/li>\n<li class=\"menu-item menu-item-type-post_type menu-item-object-page menu-item-6993\"><a href=\"https:\/\/cancerfertilityandme.org.uk\/adult-women\/fertility-preservation-options\/questions-to-ask-your-cancer-fertility-care-teams\/\" class=\"elementor-item\">Domande da porre ai team di cura del cancro e della fertilit\u00e0<\/a><\/li>\n<\/ul>\t\t\t<\/nav>\n\t\t\t\t\t\t<nav class=\"elementor-nav-menu--dropdown elementor-nav-menu__container\" aria-hidden=\"true\">\n\t\t\t\t<ul id=\"menu-2-30636de4\" class=\"elementor-nav-menu sm-vertical\"><li class=\"menu-item menu-item-type-post_type menu-item-object-page menu-item-6985\"><a href=\"https:\/\/cancerfertilityandme.org.uk\/adult-women\/fertility-preservation-options\/\" class=\"elementor-item\" tabindex=\"-1\">Le opzioni di conservazione della fertilit\u00e0<\/a><\/li>\n<li class=\"menu-item menu-item-type-post_type menu-item-object-page menu-item-6994\"><a href=\"https:\/\/cancerfertilityandme.org.uk\/adult-women\/fertility-preservation-options\/summary-of-fertility-preservation-options\/\" class=\"elementor-item\" tabindex=\"-1\">Riepilogo delle opzioni di conservazione della fertilit\u00e0<\/a><\/li>\n<li class=\"menu-item menu-item-type-post_type menu-item-object-page menu-item-6990\"><a href=\"https:\/\/cancerfertilityandme.org.uk\/adult-women\/fertility-preservation-options\/no-fertility-preservation\/\" class=\"elementor-item\" tabindex=\"-1\">Nessuna tutela della fertilit\u00e0<\/a><\/li>\n<li class=\"menu-item menu-item-type-post_type menu-item-object-page menu-item-6987\"><a href=\"https:\/\/cancerfertilityandme.org.uk\/adult-women\/fertility-preservation-options\/egg-freezing\/\" class=\"elementor-item\" tabindex=\"-1\">Congelamento degli ovuli<\/a><\/li>\n<li class=\"menu-item menu-item-type-post_type menu-item-object-page menu-item-6988\"><a href=\"https:\/\/cancerfertilityandme.org.uk\/adult-women\/fertility-preservation-options\/embryo-freezing\/\" class=\"elementor-item\" tabindex=\"-1\">Congelamento degli embrioni<\/a><\/li>\n<li class=\"menu-item menu-item-type-post_type menu-item-object-page menu-item-6992\"><a href=\"https:\/\/cancerfertilityandme.org.uk\/adult-women\/fertility-preservation-options\/ovarian-tissue-freezing\/\" class=\"elementor-item\" tabindex=\"-1\">Congelamento del tessuto ovarico<\/a><\/li>\n<li class=\"menu-item menu-item-type-post_type menu-item-object-page menu-item-6991\"><a href=\"https:\/\/cancerfertilityandme.org.uk\/adult-women\/fertility-preservation-options\/ovarian-suppression\/\" class=\"elementor-item\" tabindex=\"-1\">Soppressione ovarica<\/a><\/li>\n<li class=\"menu-item menu-item-type-post_type menu-item-object-page menu-item-6986\"><a href=\"https:\/\/cancerfertilityandme.org.uk\/adult-women\/fertility-preservation-options\/cancer-specific-fertility-sparing-options\/\" class=\"elementor-item\" tabindex=\"-1\">Procedure di conservazione di fertilit\u00e0 specifiche per alcuni tumori<\/a><\/li>\n<li class=\"menu-item menu-item-type-post_type menu-item-object-page menu-item-11368\"><a href=\"https:\/\/cancerfertilityandme.org.uk\/adult-women\/fertility-preservation-options\/other-cancer-treatments\/\" class=\"elementor-item\" tabindex=\"-1\">Altri trattamenti antitumorali<\/a><\/li>\n<li class=\"menu-item menu-item-type-post_type menu-item-object-page menu-item-6993\"><a href=\"https:\/\/cancerfertilityandme.org.uk\/adult-women\/fertility-preservation-options\/questions-to-ask-your-cancer-fertility-care-teams\/\" class=\"elementor-item\" tabindex=\"-1\">Domande da porre ai team di cura del cancro e della fertilit\u00e0<\/a><\/li>\n<\/ul>\t\t\t<\/nav>\n\t\t\t\t\t\t<\/div>\n\t\t\t\t<\/div>\n\t\t\t\t<\/div>\n\t\t\t\t<\/div>\n\t\t\t\t\t<\/div>\n\t\t\t\t<\/main>\n\t\t\t\t<\/div>\n\t\t","protected":false},"excerpt":{"rendered":"<p>Riepilogo delle opzioni di conservazione della fertilit\u00e0 Nessuna tutela della fertilit\u00e0 A chi \u00e8 destinato ? Per le donne che vogliono aspettare e vedere; che hanno gi\u00e0 una famiglia; che devono iniziare subito il trattamento antitumorale; che non desiderano avere una gravidanza dopo il trattamento antitumorale; che non hanno a disposizione opzioni di conservazione della [&hellip;]<\/p>\n","protected":false},"author":1,"featured_media":0,"parent":6171,"menu_order":0,"comment_status":"closed","ping_status":"open","template":"","meta":{"footnotes":""},"class_list":["post-6227","page","type-page","status-publish","hentry"],"_links":{"self":[{"href":"https:\/\/cancerfertilityandme.org.uk\/it\/wp-json\/wp\/v2\/pages\/6227","targetHints":{"allow":["GET"]}}],"collection":[{"href":"https:\/\/cancerfertilityandme.org.uk\/it\/wp-json\/wp\/v2\/pages"}],"about":[{"href":"https:\/\/cancerfertilityandme.org.uk\/it\/wp-json\/wp\/v2\/types\/page"}],"author":[{"embeddable":true,"href":"https:\/\/cancerfertilityandme.org.uk\/it\/wp-json\/wp\/v2\/users\/1"}],"replies":[{"embeddable":true,"href":"https:\/\/cancerfertilityandme.org.uk\/it\/wp-json\/wp\/v2\/comments?post=6227"}],"version-history":[{"count":3,"href":"https:\/\/cancerfertilityandme.org.uk\/it\/wp-json\/wp\/v2\/pages\/6227\/revisions"}],"predecessor-version":[{"id":9539,"href":"https:\/\/cancerfertilityandme.org.uk\/it\/wp-json\/wp\/v2\/pages\/6227\/revisions\/9539"}],"up":[{"embeddable":true,"href":"https:\/\/cancerfertilityandme.org.uk\/it\/wp-json\/wp\/v2\/pages\/6171"}],"wp:attachment":[{"href":"https:\/\/cancerfertilityandme.org.uk\/it\/wp-json\/wp\/v2\/media?parent=6227"}],"curies":[{"name":"wp","href":"https:\/\/api.w.org\/{rel}","templated":true}]}}