{"id":6223,"date":"2018-11-07T09:38:13","date_gmt":"2018-11-07T09:38:13","guid":{"rendered":"https:\/\/cancerfertilityandme.org.uk\/terapia-ormonale\/"},"modified":"2025-11-17T10:55:14","modified_gmt":"2025-11-17T10:55:14","slug":"terapia-ormonale","status":"publish","type":"page","link":"https:\/\/cancerfertilityandme.org.uk\/it\/donne-adulte\/cancro-fertilita-e-la-sistema-riproduttivo\/terapia-ormonale\/","title":{"rendered":"Terapia ormonale"},"content":{"rendered":"\t\t<div data-elementor-type=\"wp-page\" data-elementor-id=\"6223\" class=\"elementor elementor-6223 elementor-5409\" data-elementor-post-type=\"page\">\n\t\t\t\t<main class=\"elementor-element elementor-element-15013d8a e-flex e-con-boxed e-con e-parent\" data-id=\"15013d8a\" data-element_type=\"container\" data-e-type=\"container\">\n\t\t\t\t\t<div class=\"e-con-inner\">\n\t\t<div class=\"elementor-element elementor-element-a1d2e0c e-con-full e-flex e-con e-child\" data-id=\"a1d2e0c\" data-element_type=\"container\" data-e-type=\"container\">\n\t\t\t\t<div class=\"elementor-element elementor-element-1b69158f elementor-widget elementor-widget-text-editor\" data-id=\"1b69158f\" data-element_type=\"widget\" data-e-type=\"widget\" data-widget_type=\"text-editor.default\">\n\t\t\t\t<div class=\"elementor-widget-container\">\n\t\t\t\t\t\t\t\t\t<h2>Terapia Ormonale<\/h2><p>Terapia ormonale utilizza farmaci per modificare il modo in cui gli ormoni funzionano nel corpo. Viene somministrata per aiutare a ridurre la probabilit\u00e0 che il cancro si sviluppi di nuovo. Pu\u00f2 anche essere usata per trattare un cancro che \u00e8 tornato dopo il trattamento, o che si \u00e8 diffuso.  <\/p><p>La terapia ormonale viene somministrata alle donne con tumori sensibili agli ormoni o dipendenti dagli ormoni e questo trattamento pu\u00f2 rallentare o arrestare la crescita del cancro. Questo avviene a) abbassando i livelli di ormoni nel tuo corpo o b) abbassando la capacit\u00e0 delle cellule tumorali di rispondere agli ormoni e fermandone la crescita. La terapia ormonale viene utilizzata principalmente nel cancro al seno per un lungo periodo di tempo, tra i 5 e i 10 anni.    <\/p><p>Alcuni degli ormoni regolati da questo tipo di terapia sono gli stessi che svolgono un ruolo nella fertilit\u00e0; quindi, il trattamento pu\u00f2 influenzare la tua capacit\u00e0 di rimanere incinta e avere un bambino.<\/p><p>Alcune terapie ormonali comuni sono Tamoxifen, Goserelin (Zoladex) o Leuprorelin (Prostap), Anastrozolo (Arimidex), Letrozolo (Femara) ed Exemestane (Aromasin).<\/p><p>Gli ormoni di cui sopra, possono rendere i tuoi cicli irregolari o interromperli. I cicli mestruali possono ricominciare alcuni mesi dopo aver finito di assumere il trattamento, a condizione che tu non abbia attraversato la menopausa naturalmente durante l\u2019assunzione del farmaco. A causa della durata dell\u2019assunzione degli ormoni, potrebbe essere difficile capire se hai iniziato la menopausa mentre li prendi. Potrebbe essere solo quando finisci di prendere i trattamenti ormonali che ti rendi conto che la tua menopausa \u00e8 iniziata.   <\/p><p>La terapia ormonale in s\u00e9 non \u00e8 dannosa per le ovaie, quindi le mestruazioni dovrebbero tornare alcuni mesi dopo che l\u2019hai interrotta. Se le mestruazioni non ritornano dopo la terapia ormonale, ci\u00f2 potrebbe essere dovuto agli effetti di altri trattamenti come la chemioterapia che potresti aver avuto. <\/p><p>Se parte del trattamento prevede una terapia ormonale, ti verr\u00e0 consigliato di non rimanere incinta durante il trattamento e per un po\u2019 di tempo dopo. Alcune donne possono scegliere di prendersi una pausa dalla terapia ormonale per avere un bambino. Parlane con il tuo team di cura del cancro.  <\/p>\t\t\t\t\t\t\t\t<\/div>\n\t\t\t\t<\/div>\n\t\t<div class=\"elementor-element elementor-element-389efaba e-con-full e-flex e-con e-child\" data-id=\"389efaba\" data-element_type=\"container\" data-e-type=\"container\" data-settings=\"{&quot;background_background&quot;:&quot;classic&quot;}\">\n\t\t\t\t<div class=\"elementor-element elementor-element-213f02f1 elementor-widget elementor-widget-text-editor\" data-id=\"213f02f1\" data-element_type=\"widget\" data-e-type=\"widget\" data-widget_type=\"text-editor.default\">\n\t\t\t\t<div class=\"elementor-widget-container\">\n\t\t\t\t\t\t\t\t\t<h3>I trattamenti antitumorali possono influenzare la fertilit\u00e0:<\/h3><ul><li>Danneggiando o riducendo il numero di ovuli immagazzinati nelle ovaie.<\/li><li>Danneggiando una parte del corpo che controlla gli ormoni della fertilit\u00e0.<\/li><li>Danneggiando o rimuovendo una parte del sistema riproduttivo femminile.<\/li><\/ul><p>I modi in cui i trattamenti antitumorali influenzano la fertilit\u00e0, dipendono dal tipo di cancro e dal trattamento che potresti avere.<\/p><p>Tuttavia, non tutte le donne che hanno un trattamento antitumorale avranno problemi di fertilit\u00e0 in futuro.<\/p>\t\t\t\t\t\t\t\t<\/div>\n\t\t\t\t<\/div>\n\t\t\t\t<\/div>\n\t\t\t\t<\/div>\n\t\t<div class=\"elementor-element elementor-element-19bfa29 e-con-full e-flex e-con e-child\" data-id=\"19bfa29\" data-element_type=\"container\" data-e-type=\"container\">\n\t\t<div class=\"elementor-element elementor-element-133a0102 e-con-full e-flex e-con e-child\" data-id=\"133a0102\" data-element_type=\"container\" data-e-type=\"container\">\n\t\t\t\t<div class=\"elementor-element elementor-element-38534fc9 elementor-widget elementor-widget-image\" data-id=\"38534fc9\" data-element_type=\"widget\" data-e-type=\"widget\" data-widget_type=\"image.default\">\n\t\t\t\t<div class=\"elementor-widget-container\">\n\t\t\t\t\t\t\t\t\t\t\t\t\t\t\t\t<a href=\"http:\/\/.\/\">\n\t\t\t\t\t\t\t<img fetchpriority=\"high\" decoding=\"async\" width=\"400\" height=\"440\" src=\"https:\/\/cancerfertilityandme.org.uk\/wp-content\/uploads\/cancerfertilityandme-logo-column-adult-women.png\" class=\"attachment-full size-full wp-image-2282\" alt=\"\" srcset=\"https:\/\/cancerfertilityandme.org.uk\/wp-content\/uploads\/cancerfertilityandme-logo-column-adult-women.png 400w, https:\/\/cancerfertilityandme.org.uk\/wp-content\/uploads\/cancerfertilityandme-logo-column-adult-women-273x300.png 273w\" sizes=\"(max-width: 400px) 100vw, 400px\" \/>\t\t\t\t\t\t\t\t<\/a>\n\t\t\t\t\t\t\t\t\t\t\t\t\t\t\t<\/div>\n\t\t\t\t<\/div>\n\t\t\t\t<\/div>\n\t\t<div class=\"elementor-element elementor-element-2450a12b e-con-full e-flex e-con e-child\" data-id=\"2450a12b\" data-element_type=\"container\" data-e-type=\"container\">\n\t\t\t\t<div class=\"elementor-element elementor-element-52b3e8b4 elementor-widget elementor-widget-heading\" data-id=\"52b3e8b4\" data-element_type=\"widget\" data-e-type=\"widget\" data-widget_type=\"heading.default\">\n\t\t\t\t<div class=\"elementor-widget-container\">\n\t\t\t\t\t<h3 class=\"elementor-heading-title elementor-size-default\">Segui questi link per ulteriori informazioni<\/h3>\t\t\t\t<\/div>\n\t\t\t\t<\/div>\n\t\t\t\t<div class=\"elementor-element elementor-element-322240e8 elementor-nav-menu--dropdown-none elementor-widget elementor-widget-nav-menu\" data-id=\"322240e8\" data-element_type=\"widget\" data-e-type=\"widget\" data-settings=\"{&quot;layout&quot;:&quot;vertical&quot;,&quot;submenu_icon&quot;:{&quot;value&quot;:&quot;&lt;svg aria-hidden=\\&quot;true\\&quot; class=\\&quot;e-font-icon-svg e-fas-caret-down\\&quot; viewBox=\\&quot;0 0 320 512\\&quot; xmlns=\\&quot;http:\\\/\\\/www.w3.org\\\/2000\\\/svg\\&quot;&gt;&lt;path d=\\&quot;M31.3 192h257.3c17.8 0 26.7 21.5 14.1 34.1L174.1 354.8c-7.8 7.8-20.5 7.8-28.3 0L17.2 226.1C4.6 213.5 13.5 192 31.3 192z\\&quot;&gt;&lt;\\\/path&gt;&lt;\\\/svg&gt;&quot;,&quot;library&quot;:&quot;fa-solid&quot;}}\" data-widget_type=\"nav-menu.default\">\n\t\t\t\t<div class=\"elementor-widget-container\">\n\t\t\t\t\t\t\t\t<nav aria-label=\"Menu\" class=\"elementor-nav-menu--main elementor-nav-menu__container elementor-nav-menu--layout-vertical e--pointer-none\">\n\t\t\t\t<ul id=\"menu-1-322240e8\" class=\"elementor-nav-menu sm-vertical\"><li class=\"menu-item menu-item-type-post_type menu-item-object-page menu-item-6859\"><a href=\"https:\/\/cancerfertilityandme.org.uk\/adult-women\/cancer-fertility-and-the-reproductive-system\/\" class=\"elementor-item\">Cancro, fertilit\u00e0 e la sistema riproduttivo<\/a><\/li>\n<li class=\"menu-item menu-item-type-post_type menu-item-object-page menu-item-6853\"><a href=\"https:\/\/cancerfertilityandme.org.uk\/adult-women\/cancer-fertility-and-the-reproductive-system\/how-cancer-treatments-affect-fertility\/\" class=\"elementor-item\">In che modo i trattamenti antitumorali influenzano la fertilit\u00e0<\/a><\/li>\n<li class=\"menu-item menu-item-type-post_type menu-item-object-page menu-item-6851\"><a href=\"https:\/\/cancerfertilityandme.org.uk\/adult-women\/cancer-fertility-and-the-reproductive-system\/chemotherapy\/\" class=\"elementor-item\">Chemotherapy<\/a><\/li>\n<li class=\"menu-item menu-item-type-post_type menu-item-object-page menu-item-6856\"><a href=\"https:\/\/cancerfertilityandme.org.uk\/adult-women\/cancer-fertility-and-the-reproductive-system\/radiotherapy\/\" class=\"elementor-item\">Radioterapia<\/a><\/li>\n<li class=\"menu-item menu-item-type-post_type menu-item-object-page menu-item-6857\"><a href=\"https:\/\/cancerfertilityandme.org.uk\/adult-women\/cancer-fertility-and-the-reproductive-system\/surgery\/\" class=\"elementor-item\">Chirurgia<\/a><\/li>\n<li class=\"menu-item menu-item-type-post_type menu-item-object-page menu-item-6852\"><a href=\"https:\/\/cancerfertilityandme.org.uk\/adult-women\/cancer-fertility-and-the-reproductive-system\/hormone-therapy\/\" class=\"elementor-item\">Terapia ormonale<\/a><\/li>\n<li class=\"menu-item menu-item-type-post_type menu-item-object-page menu-item-6858\"><a href=\"https:\/\/cancerfertilityandme.org.uk\/adult-women\/cancer-fertility-and-the-reproductive-system\/targeted-drug-therapies\/\" class=\"elementor-item\">Terapie farmacologiche mirate<\/a><\/li>\n<li class=\"menu-item menu-item-type-post_type menu-item-object-page menu-item-6855\"><a href=\"https:\/\/cancerfertilityandme.org.uk\/adult-women\/cancer-fertility-and-the-reproductive-system\/questions-to-ask\/\" class=\"elementor-item\">Domande da porre<\/a><\/li>\n<\/ul>\t\t\t<\/nav>\n\t\t\t\t\t\t<nav class=\"elementor-nav-menu--dropdown elementor-nav-menu__container\" aria-hidden=\"true\">\n\t\t\t\t<ul id=\"menu-2-322240e8\" class=\"elementor-nav-menu sm-vertical\"><li class=\"menu-item menu-item-type-post_type menu-item-object-page menu-item-6859\"><a href=\"https:\/\/cancerfertilityandme.org.uk\/adult-women\/cancer-fertility-and-the-reproductive-system\/\" class=\"elementor-item\" tabindex=\"-1\">Cancro, fertilit\u00e0 e la sistema riproduttivo<\/a><\/li>\n<li class=\"menu-item menu-item-type-post_type menu-item-object-page menu-item-6853\"><a href=\"https:\/\/cancerfertilityandme.org.uk\/adult-women\/cancer-fertility-and-the-reproductive-system\/how-cancer-treatments-affect-fertility\/\" class=\"elementor-item\" tabindex=\"-1\">In che modo i trattamenti antitumorali influenzano la fertilit\u00e0<\/a><\/li>\n<li class=\"menu-item menu-item-type-post_type menu-item-object-page menu-item-6851\"><a href=\"https:\/\/cancerfertilityandme.org.uk\/adult-women\/cancer-fertility-and-the-reproductive-system\/chemotherapy\/\" class=\"elementor-item\" tabindex=\"-1\">Chemotherapy<\/a><\/li>\n<li class=\"menu-item menu-item-type-post_type menu-item-object-page menu-item-6856\"><a href=\"https:\/\/cancerfertilityandme.org.uk\/adult-women\/cancer-fertility-and-the-reproductive-system\/radiotherapy\/\" class=\"elementor-item\" tabindex=\"-1\">Radioterapia<\/a><\/li>\n<li class=\"menu-item menu-item-type-post_type menu-item-object-page menu-item-6857\"><a href=\"https:\/\/cancerfertilityandme.org.uk\/adult-women\/cancer-fertility-and-the-reproductive-system\/surgery\/\" class=\"elementor-item\" tabindex=\"-1\">Chirurgia<\/a><\/li>\n<li class=\"menu-item menu-item-type-post_type menu-item-object-page menu-item-6852\"><a href=\"https:\/\/cancerfertilityandme.org.uk\/adult-women\/cancer-fertility-and-the-reproductive-system\/hormone-therapy\/\" class=\"elementor-item\" tabindex=\"-1\">Terapia ormonale<\/a><\/li>\n<li class=\"menu-item menu-item-type-post_type menu-item-object-page menu-item-6858\"><a href=\"https:\/\/cancerfertilityandme.org.uk\/adult-women\/cancer-fertility-and-the-reproductive-system\/targeted-drug-therapies\/\" class=\"elementor-item\" tabindex=\"-1\">Terapie farmacologiche mirate<\/a><\/li>\n<li class=\"menu-item menu-item-type-post_type menu-item-object-page menu-item-6855\"><a href=\"https:\/\/cancerfertilityandme.org.uk\/adult-women\/cancer-fertility-and-the-reproductive-system\/questions-to-ask\/\" class=\"elementor-item\" tabindex=\"-1\">Domande da porre<\/a><\/li>\n<\/ul>\t\t\t<\/nav>\n\t\t\t\t\t\t<\/div>\n\t\t\t\t<\/div>\n\t\t\t\t<\/div>\n\t\t\t\t<\/div>\n\t\t\t\t\t<\/div>\n\t\t\t\t<\/main>\n\t\t\t\t<\/div>\n\t\t","protected":false},"excerpt":{"rendered":"<p>Terapia Ormonale Terapia ormonale utilizza farmaci per modificare il modo in cui gli ormoni funzionano nel corpo. Viene somministrata per aiutare a ridurre la probabilit\u00e0 che il cancro si sviluppi di nuovo. Pu\u00f2 anche essere usata per trattare un cancro che \u00e8 tornato dopo il trattamento, o che si \u00e8 diffuso. La terapia ormonale viene [&hellip;]<\/p>\n","protected":false},"author":1,"featured_media":0,"parent":6149,"menu_order":0,"comment_status":"closed","ping_status":"open","template":"","meta":{"footnotes":""},"class_list":["post-6223","page","type-page","status-publish","hentry"],"_links":{"self":[{"href":"https:\/\/cancerfertilityandme.org.uk\/it\/wp-json\/wp\/v2\/pages\/6223","targetHints":{"allow":["GET"]}}],"collection":[{"href":"https:\/\/cancerfertilityandme.org.uk\/it\/wp-json\/wp\/v2\/pages"}],"about":[{"href":"https:\/\/cancerfertilityandme.org.uk\/it\/wp-json\/wp\/v2\/types\/page"}],"author":[{"embeddable":true,"href":"https:\/\/cancerfertilityandme.org.uk\/it\/wp-json\/wp\/v2\/users\/1"}],"replies":[{"embeddable":true,"href":"https:\/\/cancerfertilityandme.org.uk\/it\/wp-json\/wp\/v2\/comments?post=6223"}],"version-history":[{"count":3,"href":"https:\/\/cancerfertilityandme.org.uk\/it\/wp-json\/wp\/v2\/pages\/6223\/revisions"}],"predecessor-version":[{"id":9360,"href":"https:\/\/cancerfertilityandme.org.uk\/it\/wp-json\/wp\/v2\/pages\/6223\/revisions\/9360"}],"up":[{"embeddable":true,"href":"https:\/\/cancerfertilityandme.org.uk\/it\/wp-json\/wp\/v2\/pages\/6149"}],"wp:attachment":[{"href":"https:\/\/cancerfertilityandme.org.uk\/it\/wp-json\/wp\/v2\/media?parent=6223"}],"curies":[{"name":"wp","href":"https:\/\/api.w.org\/{rel}","templated":true}]}}