{"id":6205,"date":"2018-11-07T09:42:21","date_gmt":"2018-11-07T09:42:21","guid":{"rendered":"https:\/\/cancerfertilityandme.org.uk\/discutere-la-tutela-della-fertilita-con-il-tuo-team-medico\/"},"modified":"2025-11-17T11:01:26","modified_gmt":"2025-11-17T11:01:26","slug":"discutere-la-tutela-della-fertilita-con-il-tuo-team-medico","status":"publish","type":"page","link":"https:\/\/cancerfertilityandme.org.uk\/it\/donne-adulte\/decidere-sulla-conservazione-della-fertilita\/discutere-la-tutela-della-fertilita-con-il-tuo-team-medico\/","title":{"rendered":"Discutere la tutela della fertilit\u00e0 con il tuo team medico"},"content":{"rendered":"\t\t<div data-elementor-type=\"wp-page\" data-elementor-id=\"6205\" class=\"elementor elementor-6205 elementor-5461\" data-elementor-post-type=\"page\">\n\t\t\t\t<main class=\"elementor-element elementor-element-2d2b26be e-flex e-con-boxed e-con e-parent\" data-id=\"2d2b26be\" data-element_type=\"container\" data-e-type=\"container\">\n\t\t\t\t\t<div class=\"e-con-inner\">\n\t\t<div class=\"elementor-element elementor-element-25c07501 e-con-full e-flex e-con e-child\" data-id=\"25c07501\" data-element_type=\"container\" data-e-type=\"container\">\n\t\t\t\t<div class=\"elementor-element elementor-element-28545ea8 elementor-widget elementor-widget-text-editor\" data-id=\"28545ea8\" data-element_type=\"widget\" data-e-type=\"widget\" data-widget_type=\"text-editor.default\">\n\t\t\t\t<div class=\"elementor-widget-container\">\n\t\t\t\t\t\t\t\t\t<h2>Discutere la tutela della fertilit\u00e0 con il tuo team medico<\/h2><p>Il team di cura della fertilit\u00e0 esegue procedure di conservazione della fertilit\u00e0 per donne a cui \u00e8 stato diagnosticato un cancro. Il team di cura della fertilit\u00e0, pu\u00f2 discutere con te della tua decisione di avere o meno procedure di conservazione della fertilit\u00e0. <\/p><p>La consulenza sulla fertilit\u00e0 dipende dalla clinica che stai frequentando, dalla diagnosi del cancro e dal trattamento antitumorale che hai pianificato. Il team di cura della fertilit\u00e0 esaminer\u00e0 la tua storia clinica per assicurarsi che il trattamento di conservazione della fertilit\u00e0 sia appropriato per te. Il team spiegher\u00e0 cosa comporta, le probabilit\u00e0 di successo e gli effetti collaterali del trattamento della fertilit\u00e0. Se hai bisogno di ulteriori test, questi verranno eseguiti prima dell\u2019inizio del trattamento per la fertilit\u00e0. Avrai anche la probabilit\u00e0 di discutere con il team, le diverse opzioni di conservazione della fertilit\u00e0 disponibili presso la clinica.    <\/p><p>Se scegli un trattamento di conservazione della fertilit\u00e0, verranno effettuati diversi test. Questi includeranno esami del sangue per misurare i livelli ormonali e altri test di screening. Il team di cura della fertilit\u00e0 discuter\u00e0 anche le questioni relative al consenso del trattamento come raccomandato dall\u2019 HFEA.  <\/p><h3>Invio ad una clinica per la fertilit\u00e0<\/h3><p>Un membro del tuo team di assistenza oncologica, sar\u00e0 in grado di indirizzarti ad una clinica per la fertilit\u00e0. Il team potr\u00e0 chiedere loro di inserirti il prima possibile, per prevenire eventuali ritardi nel trattamento antitumorale. <\/p><p>Se desideri essere indirizzata ad una clinica per la fertilit\u00e0, ci sono alcune cose da chiedersi<\/p><ul><li>Un membro del mio team di cura del cancro mi ha indirizzato ad una clinica per la fertilit\u00e0?<\/li><li>\u00c8 stata fissata un appuntamento per vedere il team di cura della fertilit\u00e0?<\/li><\/ul><p>Se la tua risposta \u00e8 no o non sei sicura, potrai chiedere al tuo team di cura del cancro, di contattare la clinica per la fertilit\u00e0 per tuo conto il prima possibile. Le domande <a href=\"\/making-my-fertility-preservation-decision\/questions-to-ask-your-cancer-care-team-or-gp\">qui <\/a>possono aiutarti a prepararti per la consulenza sulla fertilit\u00e0. <\/p><h2>Domande da porre al team di cura del cancro e al team di cura della fertilit\u00e0<\/h2><p>Le seguenti domande possono aiutarti a pensare a ci\u00f2 che \u00e8 importante per te, in queste opzioni di conservazione della fertilit\u00e0.<br>Annotare i tuoi pensieri ti aiuter\u00e0 a parlare con il tuo team di cura del cancro e con il team di cura della fertilit\u00e0 per pianificare le tue cure prima di iniziare il trattamento antitumorale.<\/p><ul><li>Il mio tipo di cancro o il trattamento antitumorale influiscono sull&#8217;opzione di conservazione della fertilit\u00e0 che posso avere in futuro?<\/li><li>Posso controllare se sono fertile prima di iniziare il mio trattamento antitumorale?<\/li><li>Perch\u00e9 dovrei prendere una decisione sulla conservazione della fertilit\u00e0 proprio in questo momento?<\/li><li>Ho tempo di sottopormi alla conservazione della fertilit\u00e0 prima di iniziare il trattamento antitumorale?<\/li><li>C&#8217;\u00e8 qualcosa che si pu\u00f2 fare durante il mio trattamento antitumorale per aiutare a proteggere la mia fertilit\u00e0?<\/li><li>Per quanto tempo si pu\u00f2 ritardare il mio trattamento antitumorale senza comprometterne l\u2019efficacia?<\/li><li>Avere un trattamento per preservare la mia fertilit\u00e0, ritarder\u00e0 il mio trattamento antitumorale? Se s\u00ec, che effetto potrebbe avere sulla mia probabilit\u00e0 di guarire dal cancro? <\/li><li>Dovr\u00f2 pagare per il mio trattamento di conservazione della fertilit\u00e0? Dovr\u00f2 pagare per conservare e utilizzare i miei ovuli, embrioni o tessuto ovarico in futuro? <\/li><\/ul>\t\t\t\t\t\t\t\t<\/div>\n\t\t\t\t<\/div>\n\t\t<div class=\"elementor-element elementor-element-5107acc0 e-con-full e-flex e-con e-child\" data-id=\"5107acc0\" data-element_type=\"container\" data-e-type=\"container\" data-settings=\"{&quot;background_background&quot;:&quot;classic&quot;}\">\n\t\t\t\t<div class=\"elementor-element elementor-element-5c36640b elementor-widget elementor-widget-text-editor\" data-id=\"5c36640b\" data-element_type=\"widget\" data-e-type=\"widget\" data-widget_type=\"text-editor.default\">\n\t\t\t\t<div class=\"elementor-widget-container\">\n\t\t\t\t\t\t\t\t\t<h3>Fonti di informazione consigliate<\/h3><p>L\u2019HFEA \u00e8 l\u2019autorit\u00e0 di regolamentazione indipendente del Regno Unito che supervisiona l\u2019uso dei gameti (ovuli e sperma) e degli embrioni nel trattamento e nella ricerca sulla fertilit\u00e0. Ci sono consigli sul loro sito web su come ottenere il massimo dalle tue consultazioni sulla fertilit\u00e0. Puoi farlo:  <\/p><ul><li>Fare domande.<\/li><li>Prendersi del tempo per riflettere: possono esserci molte questioni difficili da considerare.<\/li><li>Ricordando che il team di assistenza alla fertilit\u00e0 \u00e8 l\u00ec per aiutarti a fare la scelta giusta per te. Il sito web dell\u2019HFEA <a href=\"http:\/\/www.hfea.gov.uk\" target=\"_blank\" rel=\"noopener noreferrer\">www.hfea.gov.uk<\/a> contiene maggiori informazioni sulle cliniche per la fertilit\u00e0, sui trattamenti di conservazione della fertilit\u00e0 e sui tassi di successo della fertilit\u00e0 nella tua zona. <\/li><\/ul>\t\t\t\t\t\t\t\t<\/div>\n\t\t\t\t<\/div>\n\t\t\t\t<\/div>\n\t\t\t\t<\/div>\n\t\t<div class=\"elementor-element elementor-element-c41ec26 e-con-full e-flex e-con e-child\" data-id=\"c41ec26\" data-element_type=\"container\" data-e-type=\"container\">\n\t\t<div class=\"elementor-element elementor-element-5e999f3e e-con-full e-flex e-con e-child\" data-id=\"5e999f3e\" data-element_type=\"container\" data-e-type=\"container\">\n\t\t\t\t<div class=\"elementor-element elementor-element-796ca63b elementor-widget elementor-widget-image\" data-id=\"796ca63b\" data-element_type=\"widget\" data-e-type=\"widget\" data-widget_type=\"image.default\">\n\t\t\t\t<div class=\"elementor-widget-container\">\n\t\t\t\t\t\t\t\t\t\t\t\t\t\t\t\t<a href=\"http:\/\/.\/\">\n\t\t\t\t\t\t\t<img fetchpriority=\"high\" decoding=\"async\" width=\"400\" height=\"440\" src=\"https:\/\/cancerfertilityandme.org.uk\/wp-content\/uploads\/cancerfertilityandme-logo-column-adult-women.png\" class=\"attachment-full size-full wp-image-2282\" alt=\"\" srcset=\"https:\/\/cancerfertilityandme.org.uk\/wp-content\/uploads\/cancerfertilityandme-logo-column-adult-women.png 400w, https:\/\/cancerfertilityandme.org.uk\/wp-content\/uploads\/cancerfertilityandme-logo-column-adult-women-273x300.png 273w\" sizes=\"(max-width: 400px) 100vw, 400px\" \/>\t\t\t\t\t\t\t\t<\/a>\n\t\t\t\t\t\t\t\t\t\t\t\t\t\t\t<\/div>\n\t\t\t\t<\/div>\n\t\t\t\t<\/div>\n\t\t<div class=\"elementor-element elementor-element-6e0e960c e-con-full e-flex e-con e-child\" data-id=\"6e0e960c\" data-element_type=\"container\" data-e-type=\"container\">\n\t\t\t\t<div class=\"elementor-element elementor-element-20aecb7a elementor-widget elementor-widget-heading\" data-id=\"20aecb7a\" data-element_type=\"widget\" data-e-type=\"widget\" data-widget_type=\"heading.default\">\n\t\t\t\t<div class=\"elementor-widget-container\">\n\t\t\t\t\t<h3 class=\"elementor-heading-title elementor-size-default\">Segui questi link per ulteriori informazioni<\/h3>\t\t\t\t<\/div>\n\t\t\t\t<\/div>\n\t\t\t\t<div class=\"elementor-element elementor-element-60f85b6b elementor-nav-menu--dropdown-none elementor-widget elementor-widget-nav-menu\" data-id=\"60f85b6b\" data-element_type=\"widget\" data-e-type=\"widget\" data-settings=\"{&quot;layout&quot;:&quot;vertical&quot;,&quot;submenu_icon&quot;:{&quot;value&quot;:&quot;&lt;svg aria-hidden=\\&quot;true\\&quot; class=\\&quot;e-font-icon-svg e-fas-caret-down\\&quot; viewBox=\\&quot;0 0 320 512\\&quot; xmlns=\\&quot;http:\\\/\\\/www.w3.org\\\/2000\\\/svg\\&quot;&gt;&lt;path d=\\&quot;M31.3 192h257.3c17.8 0 26.7 21.5 14.1 34.1L174.1 354.8c-7.8 7.8-20.5 7.8-28.3 0L17.2 226.1C4.6 213.5 13.5 192 31.3 192z\\&quot;&gt;&lt;\\\/path&gt;&lt;\\\/svg&gt;&quot;,&quot;library&quot;:&quot;fa-solid&quot;}}\" data-widget_type=\"nav-menu.default\">\n\t\t\t\t<div class=\"elementor-widget-container\">\n\t\t\t\t\t\t\t\t<nav aria-label=\"Menu\" class=\"elementor-nav-menu--main elementor-nav-menu__container elementor-nav-menu--layout-vertical e--pointer-none\">\n\t\t\t\t<ul id=\"menu-1-60f85b6b\" class=\"elementor-nav-menu sm-vertical\"><li class=\"menu-item menu-item-type-post_type menu-item-object-page menu-item-7141\"><a href=\"https:\/\/cancerfertilityandme.org.uk\/adult-women\/making-your-fertility-preservation-decision\/\" class=\"elementor-item\">Decidere sulla conservazione della fertilit\u00e0<\/a><\/li>\n<li class=\"menu-item menu-item-type-post_type menu-item-object-page menu-item-7144\"><a href=\"https:\/\/cancerfertilityandme.org.uk\/adult-women\/making-your-fertility-preservation-decision\/talking-with-your-fertility-care-team-about-fertility-preservation\/\" class=\"elementor-item\">Discutere la tutela della fertilit\u00e0 con il tuo team medico<\/a><\/li>\n<li class=\"menu-item menu-item-type-post_type menu-item-object-page menu-item-7143\"><a href=\"https:\/\/cancerfertilityandme.org.uk\/adult-women\/making-your-fertility-preservation-decision\/talking-about-the-fertility-preservation-decision\/\" class=\"elementor-item\">Parlare della decisione sulla conservazione della fertilit\u00e0<\/a><\/li>\n<li class=\"menu-item menu-item-type-post_type menu-item-object-page menu-item-2133\"><a href=\"https:\/\/cancerfertilityandme.org.uk\/adult-women\/contraception-family-planning\/questions-to-ask-your-cancer-care-team-or-gp\/\" class=\"elementor-item\">Domande da porre al team di cura del cancro o al medico di famiglia<\/a><\/li>\n<li class=\"menu-item menu-item-type-post_type menu-item-object-page menu-item-7142\"><a href=\"https:\/\/cancerfertilityandme.org.uk\/adult-women\/making-your-fertility-preservation-decision\/financial-costs-associated-with-undergoing-fertility-preservation\/\" class=\"elementor-item\">Costi finanziari associati al trattamento per la preservazione della fertilit\u00e0<\/a><\/li>\n<li class=\"menu-item menu-item-type-post_type menu-item-object-page menu-item-7145\"><a href=\"https:\/\/cancerfertilityandme.org.uk\/adult-women\/fertility-preservation-options\/summary-of-fertility-preservation-options\/\" class=\"elementor-item\">Riepilogo delle opzioni di conservazione della fertilit\u00e0<\/a><\/li>\n<\/ul>\t\t\t<\/nav>\n\t\t\t\t\t\t<nav class=\"elementor-nav-menu--dropdown elementor-nav-menu__container\" aria-hidden=\"true\">\n\t\t\t\t<ul id=\"menu-2-60f85b6b\" class=\"elementor-nav-menu sm-vertical\"><li class=\"menu-item menu-item-type-post_type menu-item-object-page menu-item-7141\"><a href=\"https:\/\/cancerfertilityandme.org.uk\/adult-women\/making-your-fertility-preservation-decision\/\" class=\"elementor-item\" tabindex=\"-1\">Decidere sulla conservazione della fertilit\u00e0<\/a><\/li>\n<li class=\"menu-item menu-item-type-post_type menu-item-object-page menu-item-7144\"><a href=\"https:\/\/cancerfertilityandme.org.uk\/adult-women\/making-your-fertility-preservation-decision\/talking-with-your-fertility-care-team-about-fertility-preservation\/\" class=\"elementor-item\" tabindex=\"-1\">Discutere la tutela della fertilit\u00e0 con il tuo team medico<\/a><\/li>\n<li class=\"menu-item menu-item-type-post_type menu-item-object-page menu-item-7143\"><a href=\"https:\/\/cancerfertilityandme.org.uk\/adult-women\/making-your-fertility-preservation-decision\/talking-about-the-fertility-preservation-decision\/\" class=\"elementor-item\" tabindex=\"-1\">Parlare della decisione sulla conservazione della fertilit\u00e0<\/a><\/li>\n<li class=\"menu-item menu-item-type-post_type menu-item-object-page menu-item-2133\"><a href=\"https:\/\/cancerfertilityandme.org.uk\/adult-women\/contraception-family-planning\/questions-to-ask-your-cancer-care-team-or-gp\/\" class=\"elementor-item\" tabindex=\"-1\">Domande da porre al team di cura del cancro o al medico di famiglia<\/a><\/li>\n<li class=\"menu-item menu-item-type-post_type menu-item-object-page menu-item-7142\"><a href=\"https:\/\/cancerfertilityandme.org.uk\/adult-women\/making-your-fertility-preservation-decision\/financial-costs-associated-with-undergoing-fertility-preservation\/\" class=\"elementor-item\" tabindex=\"-1\">Costi finanziari associati al trattamento per la preservazione della fertilit\u00e0<\/a><\/li>\n<li class=\"menu-item menu-item-type-post_type menu-item-object-page menu-item-7145\"><a href=\"https:\/\/cancerfertilityandme.org.uk\/adult-women\/fertility-preservation-options\/summary-of-fertility-preservation-options\/\" class=\"elementor-item\" tabindex=\"-1\">Riepilogo delle opzioni di conservazione della fertilit\u00e0<\/a><\/li>\n<\/ul>\t\t\t<\/nav>\n\t\t\t\t\t\t<\/div>\n\t\t\t\t<\/div>\n\t\t\t\t<\/div>\n\t\t\t\t<\/div>\n\t\t\t\t\t<\/div>\n\t\t\t\t<\/main>\n\t\t\t\t<\/div>\n\t\t","protected":false},"excerpt":{"rendered":"<p>Discutere la tutela della fertilit\u00e0 con il tuo team medico Il team di cura della fertilit\u00e0 esegue procedure di conservazione della fertilit\u00e0 per donne a cui \u00e8 stato diagnosticato un cancro. Il team di cura della fertilit\u00e0, pu\u00f2 discutere con te della tua decisione di avere o meno procedure di conservazione della fertilit\u00e0. La consulenza [&hellip;]<\/p>\n","protected":false},"author":1,"featured_media":0,"parent":6203,"menu_order":0,"comment_status":"closed","ping_status":"open","template":"","meta":{"footnotes":""},"class_list":["post-6205","page","type-page","status-publish","hentry"],"_links":{"self":[{"href":"https:\/\/cancerfertilityandme.org.uk\/it\/wp-json\/wp\/v2\/pages\/6205","targetHints":{"allow":["GET"]}}],"collection":[{"href":"https:\/\/cancerfertilityandme.org.uk\/it\/wp-json\/wp\/v2\/pages"}],"about":[{"href":"https:\/\/cancerfertilityandme.org.uk\/it\/wp-json\/wp\/v2\/types\/page"}],"author":[{"embeddable":true,"href":"https:\/\/cancerfertilityandme.org.uk\/it\/wp-json\/wp\/v2\/users\/1"}],"replies":[{"embeddable":true,"href":"https:\/\/cancerfertilityandme.org.uk\/it\/wp-json\/wp\/v2\/comments?post=6205"}],"version-history":[{"count":3,"href":"https:\/\/cancerfertilityandme.org.uk\/it\/wp-json\/wp\/v2\/pages\/6205\/revisions"}],"predecessor-version":[{"id":9575,"href":"https:\/\/cancerfertilityandme.org.uk\/it\/wp-json\/wp\/v2\/pages\/6205\/revisions\/9575"}],"up":[{"embeddable":true,"href":"https:\/\/cancerfertilityandme.org.uk\/it\/wp-json\/wp\/v2\/pages\/6203"}],"wp:attachment":[{"href":"https:\/\/cancerfertilityandme.org.uk\/it\/wp-json\/wp\/v2\/media?parent=6205"}],"curies":[{"name":"wp","href":"https:\/\/api.w.org\/{rel}","templated":true}]}}