{"id":6203,"date":"2018-11-07T09:43:36","date_gmt":"2018-11-07T09:43:36","guid":{"rendered":"https:\/\/cancerfertilityandme.org.uk\/decidere-sulla-conservazione-della-fertilita\/"},"modified":"2026-03-30T09:55:29","modified_gmt":"2026-03-30T09:55:29","slug":"decidere-sulla-conservazione-della-fertilita","status":"publish","type":"page","link":"https:\/\/cancerfertilityandme.org.uk\/it\/donne-adulte\/decidere-sulla-conservazione-della-fertilita\/","title":{"rendered":"Decidere sulla conservazione della fertilit\u00e0"},"content":{"rendered":"\t\t<div data-elementor-type=\"wp-page\" data-elementor-id=\"6203\" class=\"elementor elementor-6203 elementor-5465\" data-elementor-post-type=\"page\">\n\t\t\t\t<main class=\"elementor-element elementor-element-62f1e19 e-flex e-con-boxed e-con e-parent\" data-id=\"62f1e19\" data-element_type=\"container\" data-e-type=\"container\">\n\t\t\t\t\t<div class=\"e-con-inner\">\n\t\t<div class=\"elementor-element elementor-element-6f7e053a e-con-full e-flex e-con e-child\" data-id=\"6f7e053a\" data-element_type=\"container\" data-e-type=\"container\">\n\t\t\t\t<div class=\"elementor-element elementor-element-4916e973 elementor-widget elementor-widget-text-editor\" data-id=\"4916e973\" data-element_type=\"widget\" data-e-type=\"widget\" data-widget_type=\"text-editor.default\">\n\t\t\t\t<div class=\"elementor-widget-container\">\n\t\t\t\t\t\t\t\t\t<h2>Decidere sulla conservazione della fertilit\u00e0 prima di iniziare il trattamento antitumorale<\/h2><h3>Questa sezione dell\u2018sito web ha lo scopo di aiutarti a decidere se vuoi:<\/h3><p><strong>\u2022 Avere una procedura di tutela della fertilit\u00e0 prima di iniziare il trattamento antitumorale, o<\/strong><\/p><p><strong>\u2022 Iniziare il trattamento antitumorale senza avere un trattamento di conservazione della fertilit\u00e0.<\/strong><\/p><p>Alcune donne sanno per certo se vogliono intraprendere la conservazione della fertilit\u00e0. Altre donne trovano pi\u00f9 difficile prendere questa decisione. Non esiste una decisione \u201cgiusta\u201d o \u201csbagliata\u201d. La decisione dipende da cosa \u00e8 pi\u00f9 importante per te in questo momento. Dipende dai piani che hai per la tua vita, dopo il trattamento antitumorale.    <\/p><h3>Decidere di avere o non avere la preservazione della fertilit\u00e0 prima del trattamento antitumorale<\/h3><p>Per aiutarti a pensare a ci\u00f2 che \u00e8 importante per te ora, guarda le affermazioni nella tabella seguente. Assegna a ciascuno, un valore da 1 a 4, dove Per esempio: <\/p><ol><li><strong>Non \u00e8 importante per te<\/strong><\/li><li><strong>\u00c9 poco importante per te<\/strong><\/li><li><strong>\u00c9 abbastanza importante per te<\/strong><\/li><li><strong>Molto importanteper te<\/strong><\/li><\/ol>\t\t\t\t\t\t\t\t<\/div>\n\t\t\t\t<\/div>\n\t\t\t\t<div class=\"elementor-element elementor-element-fbac137 elementor-widget elementor-widget-image\" data-id=\"fbac137\" data-element_type=\"widget\" data-e-type=\"widget\" data-widget_type=\"image.default\">\n\t\t\t\t<div class=\"elementor-widget-container\">\n\t\t\t\t\t\t\t\t\t\t\t\t\t\t\t<img fetchpriority=\"high\" decoding=\"async\" width=\"800\" height=\"456\" src=\"https:\/\/cancerfertilityandme.org.uk\/wp-content\/uploads\/IT-07-1.png\" class=\"attachment-large size-large wp-image-10938\" alt=\"\" srcset=\"https:\/\/cancerfertilityandme.org.uk\/wp-content\/uploads\/IT-07-1.png 1000w, https:\/\/cancerfertilityandme.org.uk\/wp-content\/uploads\/IT-07-1-300x171.png 300w, https:\/\/cancerfertilityandme.org.uk\/wp-content\/uploads\/IT-07-1-768x438.png 768w\" sizes=\"(max-width: 800px) 100vw, 800px\" \/>\t\t\t\t\t\t\t\t\t\t\t\t\t\t\t<\/div>\n\t\t\t\t<\/div>\n\t\t\t\t<div class=\"elementor-element elementor-element-3bc50ee elementor-widget elementor-widget-text-editor\" data-id=\"3bc50ee\" data-element_type=\"widget\" data-e-type=\"widget\" data-widget_type=\"text-editor.default\">\n\t\t\t\t<div class=\"elementor-widget-container\">\n\t\t\t\t\t\t\t\t\tPotresti anche trovare utile completare questa attivit\u00e0 con il tuo team di cura del cancro e il team di cura della fertilit\u00e0, il tuo partner, la tua famiglia e i tuoi amici.\n\n<hr>\n\n<strong>Nota<\/strong>: se desideri annotare le tue risposte su una versione stampata, puoi <a href=\"\/wp-content\/uploads\/p25-CFM-Decision-Aid-12Sept19a.pdf\" target=\"_blank\" rel=\"noopener noreferrer\">scaricarla come PDF qui<\/a>. Per una versione stampata dell\u2019aiuto decisionale completo per le pazienti <strong>Cancro, Fertilit\u00e0 e Me<\/strong>, puoi anche <a href=\"https:\/\/cancerfertilityandme.org.uk\/it\/donne-adulte\/contatti-utili\/scarica-lopuscolo-cfm-in-inglese\/\" rel=\"noopener noreferrer\">scaricarlo qui<\/a>.\u200b\n\n<hr>\n\n<h3>Decidere quale opzione di conservazione della fertilit\u00e0 \u00e8 la migliore per me<\/h3>\nLe opzioni di conservazione della fertilit\u00e0 sono:\n<ul>\n \t<li>Nessuna tutela della fertilit\u00e0<\/li>\n \t<li>Congelamento<\/li>\n \t<li>Soppressione ovarica<\/li>\n \t<li>Chirurgia di conervazione della fertilit\u00e0 specifica per il cancro<\/li>\n<\/ul>\nPuoi scoprire di pi\u00f9 su <a href=\"https:\/\/cancerfertilityandme.org.uk\/it\/donne-adulte\/le-opzioni-di-conservazione-della-fertilita-2\/\">queste opzioni qui<\/a>. Questa <a href=\"\/summary\">tabella riassuntiva<\/a> mette a confronto le diverse opzioni di conservazione della fertilit\u00e0. \n\nDi seguito \u00e8 riportato un elenco delle diverse opzioni di conservazione della fertilit\u00e0. \n\nIl completamento di questa attivit\u00e0 pu\u00f2 aiutarti a pensare a quale opzione di conservazione della fertilit\u00e0 si adatta meglio a te e al tuo stile di vita in questo momento. Potrebbe essere utile parlare delle tue scelte con il tuo team di cura del cancro e il team di cura della fertilit\u00e0, il tuo partner, la tua amiglia e i tuoi amici. \n\n<strong>Quanto \u00e8 plausibile per te considerare ciascuna di queste opzioni di trattamento per la conservazione della fertilit\u00e0?<\/strong>\t\t\t\t\t\t\t\t<\/div>\n\t\t\t\t<\/div>\n\t\t\t\t<div class=\"elementor-element elementor-element-90f840d elementor-widget elementor-widget-image\" data-id=\"90f840d\" data-element_type=\"widget\" data-e-type=\"widget\" data-widget_type=\"image.default\">\n\t\t\t\t<div class=\"elementor-widget-container\">\n\t\t\t\t\t\t\t\t\t\t\t\t\t\t\t<img decoding=\"async\" width=\"800\" height=\"411\" src=\"https:\/\/cancerfertilityandme.org.uk\/wp-content\/uploads\/IT-10-1024x526.png\" class=\"attachment-large size-large wp-image-10945\" alt=\"\" srcset=\"https:\/\/cancerfertilityandme.org.uk\/wp-content\/uploads\/IT-10-1024x526.png 1024w, https:\/\/cancerfertilityandme.org.uk\/wp-content\/uploads\/IT-10-300x154.png 300w, https:\/\/cancerfertilityandme.org.uk\/wp-content\/uploads\/IT-10-768x395.png 768w, https:\/\/cancerfertilityandme.org.uk\/wp-content\/uploads\/IT-10.png 1167w\" sizes=\"(max-width: 800px) 100vw, 800px\" \/>\t\t\t\t\t\t\t\t\t\t\t\t\t\t\t<\/div>\n\t\t\t\t<\/div>\n\t\t\t\t<div class=\"elementor-element elementor-element-16a2016 elementor-widget elementor-widget-text-editor\" data-id=\"16a2016\" data-element_type=\"widget\" data-e-type=\"widget\" data-widget_type=\"text-editor.default\">\n\t\t\t\t<div class=\"elementor-widget-container\">\n\t\t\t\t\t\t\t\t\t<hr><p><strong>Nota<\/strong>: se desideri annotare le tue risposte su una versione stampata, puoi <a href=\"\/wp-content\/uploads\/2019\/08\/CFM-Decision-Aid-p26.pdf\" target=\"_blank\" rel=\"noopener noreferrer\">scaricarla come PDF qui<\/a>. Per una versione stampata dell\u2019aiuto decisionale completo per le pazienti <strong>Cancro, Fertilit\u00e0 e Me<\/strong>, puoi anche <a href=\"\/wp-content\/uploads\/2019\/09\/CFM-Decision-Aid-12Sept19-WEB.pdf\" target=\"_blank\" rel=\"noopener noreferrer\">scaricarlo qui<\/a>.\u200b<\/p><hr>\t\t\t\t\t\t\t\t<\/div>\n\t\t\t\t<\/div>\n\t\t\t\t<\/div>\n\t\t<div class=\"elementor-element elementor-element-b8f2663 e-con-full e-flex e-con e-child\" data-id=\"b8f2663\" data-element_type=\"container\" data-e-type=\"container\">\n\t\t<div class=\"elementor-element elementor-element-42e60fb4 e-con-full e-flex e-con e-child\" data-id=\"42e60fb4\" data-element_type=\"container\" data-e-type=\"container\">\n\t\t\t\t<div class=\"elementor-element elementor-element-20c053d6 elementor-widget elementor-widget-image\" data-id=\"20c053d6\" data-element_type=\"widget\" data-e-type=\"widget\" data-widget_type=\"image.default\">\n\t\t\t\t<div class=\"elementor-widget-container\">\n\t\t\t\t\t\t\t\t\t\t\t\t\t\t\t\t<a href=\"http:\/\/.\/\">\n\t\t\t\t\t\t\t<img decoding=\"async\" width=\"400\" height=\"440\" src=\"https:\/\/cancerfertilityandme.org.uk\/wp-content\/uploads\/cancerfertilityandme-logo-column-adult-women.png\" class=\"attachment-full size-full wp-image-2282\" alt=\"\" srcset=\"https:\/\/cancerfertilityandme.org.uk\/wp-content\/uploads\/cancerfertilityandme-logo-column-adult-women.png 400w, https:\/\/cancerfertilityandme.org.uk\/wp-content\/uploads\/cancerfertilityandme-logo-column-adult-women-273x300.png 273w\" sizes=\"(max-width: 400px) 100vw, 400px\" \/>\t\t\t\t\t\t\t\t<\/a>\n\t\t\t\t\t\t\t\t\t\t\t\t\t\t\t<\/div>\n\t\t\t\t<\/div>\n\t\t\t\t<\/div>\n\t\t<div class=\"elementor-element elementor-element-6c8c8587 e-con-full e-flex e-con e-child\" data-id=\"6c8c8587\" data-element_type=\"container\" data-e-type=\"container\">\n\t\t\t\t<div class=\"elementor-element elementor-element-461ba2dd elementor-widget elementor-widget-heading\" data-id=\"461ba2dd\" data-element_type=\"widget\" data-e-type=\"widget\" data-widget_type=\"heading.default\">\n\t\t\t\t<div class=\"elementor-widget-container\">\n\t\t\t\t\t<h3 class=\"elementor-heading-title elementor-size-default\">Segui questi link per ulteriori informazioni<\/h3>\t\t\t\t<\/div>\n\t\t\t\t<\/div>\n\t\t\t\t<div class=\"elementor-element elementor-element-6b5002db elementor-nav-menu--dropdown-none elementor-widget elementor-widget-nav-menu\" data-id=\"6b5002db\" data-element_type=\"widget\" data-e-type=\"widget\" data-settings=\"{&quot;layout&quot;:&quot;vertical&quot;,&quot;submenu_icon&quot;:{&quot;value&quot;:&quot;&lt;svg aria-hidden=\\&quot;true\\&quot; class=\\&quot;e-font-icon-svg e-fas-caret-down\\&quot; viewBox=\\&quot;0 0 320 512\\&quot; xmlns=\\&quot;http:\\\/\\\/www.w3.org\\\/2000\\\/svg\\&quot;&gt;&lt;path d=\\&quot;M31.3 192h257.3c17.8 0 26.7 21.5 14.1 34.1L174.1 354.8c-7.8 7.8-20.5 7.8-28.3 0L17.2 226.1C4.6 213.5 13.5 192 31.3 192z\\&quot;&gt;&lt;\\\/path&gt;&lt;\\\/svg&gt;&quot;,&quot;library&quot;:&quot;fa-solid&quot;}}\" data-widget_type=\"nav-menu.default\">\n\t\t\t\t<div class=\"elementor-widget-container\">\n\t\t\t\t\t\t\t\t<nav aria-label=\"Menu\" class=\"elementor-nav-menu--main elementor-nav-menu__container elementor-nav-menu--layout-vertical e--pointer-none\">\n\t\t\t\t<ul id=\"menu-1-6b5002db\" class=\"elementor-nav-menu sm-vertical\"><li class=\"menu-item menu-item-type-post_type menu-item-object-page menu-item-7141\"><a href=\"https:\/\/cancerfertilityandme.org.uk\/adult-women\/making-your-fertility-preservation-decision\/\" class=\"elementor-item\">Decidere sulla conservazione della fertilit\u00e0<\/a><\/li>\n<li class=\"menu-item menu-item-type-post_type menu-item-object-page menu-item-7144\"><a href=\"https:\/\/cancerfertilityandme.org.uk\/adult-women\/making-your-fertility-preservation-decision\/talking-with-your-fertility-care-team-about-fertility-preservation\/\" class=\"elementor-item\">Discutere la tutela della fertilit\u00e0 con il tuo team medico<\/a><\/li>\n<li class=\"menu-item menu-item-type-post_type menu-item-object-page menu-item-7143\"><a href=\"https:\/\/cancerfertilityandme.org.uk\/adult-women\/making-your-fertility-preservation-decision\/talking-about-the-fertility-preservation-decision\/\" class=\"elementor-item\">Parlare della decisione sulla conservazione della fertilit\u00e0<\/a><\/li>\n<li class=\"menu-item menu-item-type-post_type menu-item-object-page menu-item-2133\"><a href=\"https:\/\/cancerfertilityandme.org.uk\/adult-women\/contraception-family-planning\/questions-to-ask-your-cancer-care-team-or-gp\/\" class=\"elementor-item\">Domande da porre al team di cura del cancro o al medico di famiglia<\/a><\/li>\n<li class=\"menu-item menu-item-type-post_type menu-item-object-page menu-item-7142\"><a href=\"https:\/\/cancerfertilityandme.org.uk\/adult-women\/making-your-fertility-preservation-decision\/financial-costs-associated-with-undergoing-fertility-preservation\/\" class=\"elementor-item\">Costi finanziari associati al trattamento per la preservazione della fertilit\u00e0<\/a><\/li>\n<li class=\"menu-item menu-item-type-post_type menu-item-object-page menu-item-7145\"><a href=\"https:\/\/cancerfertilityandme.org.uk\/adult-women\/fertility-preservation-options\/summary-of-fertility-preservation-options\/\" class=\"elementor-item\">Riepilogo delle opzioni di conservazione della fertilit\u00e0<\/a><\/li>\n<\/ul>\t\t\t<\/nav>\n\t\t\t\t\t\t<nav class=\"elementor-nav-menu--dropdown elementor-nav-menu__container\" aria-hidden=\"true\">\n\t\t\t\t<ul id=\"menu-2-6b5002db\" class=\"elementor-nav-menu sm-vertical\"><li class=\"menu-item menu-item-type-post_type menu-item-object-page menu-item-7141\"><a href=\"https:\/\/cancerfertilityandme.org.uk\/adult-women\/making-your-fertility-preservation-decision\/\" class=\"elementor-item\" tabindex=\"-1\">Decidere sulla conservazione della fertilit\u00e0<\/a><\/li>\n<li class=\"menu-item menu-item-type-post_type menu-item-object-page menu-item-7144\"><a href=\"https:\/\/cancerfertilityandme.org.uk\/adult-women\/making-your-fertility-preservation-decision\/talking-with-your-fertility-care-team-about-fertility-preservation\/\" class=\"elementor-item\" tabindex=\"-1\">Discutere la tutela della fertilit\u00e0 con il tuo team medico<\/a><\/li>\n<li class=\"menu-item menu-item-type-post_type menu-item-object-page menu-item-7143\"><a href=\"https:\/\/cancerfertilityandme.org.uk\/adult-women\/making-your-fertility-preservation-decision\/talking-about-the-fertility-preservation-decision\/\" class=\"elementor-item\" tabindex=\"-1\">Parlare della decisione sulla conservazione della fertilit\u00e0<\/a><\/li>\n<li class=\"menu-item menu-item-type-post_type menu-item-object-page menu-item-2133\"><a href=\"https:\/\/cancerfertilityandme.org.uk\/adult-women\/contraception-family-planning\/questions-to-ask-your-cancer-care-team-or-gp\/\" class=\"elementor-item\" tabindex=\"-1\">Domande da porre al team di cura del cancro o al medico di famiglia<\/a><\/li>\n<li class=\"menu-item menu-item-type-post_type menu-item-object-page menu-item-7142\"><a href=\"https:\/\/cancerfertilityandme.org.uk\/adult-women\/making-your-fertility-preservation-decision\/financial-costs-associated-with-undergoing-fertility-preservation\/\" class=\"elementor-item\" tabindex=\"-1\">Costi finanziari associati al trattamento per la preservazione della fertilit\u00e0<\/a><\/li>\n<li class=\"menu-item menu-item-type-post_type menu-item-object-page menu-item-7145\"><a href=\"https:\/\/cancerfertilityandme.org.uk\/adult-women\/fertility-preservation-options\/summary-of-fertility-preservation-options\/\" class=\"elementor-item\" tabindex=\"-1\">Riepilogo delle opzioni di conservazione della fertilit\u00e0<\/a><\/li>\n<\/ul>\t\t\t<\/nav>\n\t\t\t\t\t\t<\/div>\n\t\t\t\t<\/div>\n\t\t\t\t<\/div>\n\t\t\t\t<\/div>\n\t\t\t\t\t<\/div>\n\t\t\t\t<\/main>\n\t\t\t\t<\/div>\n\t\t","protected":false},"excerpt":{"rendered":"<p>Decidere sulla conservazione della fertilit\u00e0 prima di iniziare il trattamento antitumorale Questa sezione dell\u2018sito web ha lo scopo di aiutarti a decidere se vuoi: \u2022 Avere una procedura di tutela della fertilit\u00e0 prima di iniziare il trattamento antitumorale, o \u2022 Iniziare il trattamento antitumorale senza avere un trattamento di conservazione della fertilit\u00e0. Alcune donne sanno [&hellip;]<\/p>\n","protected":false},"author":1,"featured_media":5470,"parent":6762,"menu_order":0,"comment_status":"closed","ping_status":"open","template":"","meta":{"footnotes":""},"class_list":["post-6203","page","type-page","status-publish","has-post-thumbnail","hentry"],"_links":{"self":[{"href":"https:\/\/cancerfertilityandme.org.uk\/it\/wp-json\/wp\/v2\/pages\/6203","targetHints":{"allow":["GET"]}}],"collection":[{"href":"https:\/\/cancerfertilityandme.org.uk\/it\/wp-json\/wp\/v2\/pages"}],"about":[{"href":"https:\/\/cancerfertilityandme.org.uk\/it\/wp-json\/wp\/v2\/types\/page"}],"author":[{"embeddable":true,"href":"https:\/\/cancerfertilityandme.org.uk\/it\/wp-json\/wp\/v2\/users\/1"}],"replies":[{"embeddable":true,"href":"https:\/\/cancerfertilityandme.org.uk\/it\/wp-json\/wp\/v2\/comments?post=6203"}],"version-history":[{"count":13,"href":"https:\/\/cancerfertilityandme.org.uk\/it\/wp-json\/wp\/v2\/pages\/6203\/revisions"}],"predecessor-version":[{"id":12898,"href":"https:\/\/cancerfertilityandme.org.uk\/it\/wp-json\/wp\/v2\/pages\/6203\/revisions\/12898"}],"up":[{"embeddable":true,"href":"https:\/\/cancerfertilityandme.org.uk\/it\/wp-json\/wp\/v2\/pages\/6762"}],"wp:featuredmedia":[{"embeddable":true,"href":"https:\/\/cancerfertilityandme.org.uk\/it\/wp-json\/wp\/v2\/media\/5470"}],"wp:attachment":[{"href":"https:\/\/cancerfertilityandme.org.uk\/it\/wp-json\/wp\/v2\/media?parent=6203"}],"curies":[{"name":"wp","href":"https:\/\/api.w.org\/{rel}","templated":true}]}}