{"id":6191,"date":"2018-11-07T09:45:43","date_gmt":"2018-11-07T09:45:43","guid":{"rendered":"https:\/\/cancerfertilityandme.org.uk\/decisioni-sulla-pianificazione-familiare-dopo-il-trattamento-antitumorale\/"},"modified":"2026-03-06T14:19:48","modified_gmt":"2026-03-06T14:19:48","slug":"decisioni-sulla-pianificazione-familiare-dopo-il-trattamento-antitumorale","status":"publish","type":"page","link":"https:\/\/cancerfertilityandme.org.uk\/it\/donne-adulte\/contraccezione-e-pianificazione-familiare\/decisioni-sulla-pianificazione-familiare-dopo-il-trattamento-antitumorale\/","title":{"rendered":"Decisioni sulla pianificazione familiare dopo il trattamento antitumorale"},"content":{"rendered":"\t\t<div data-elementor-type=\"wp-page\" data-elementor-id=\"6191\" class=\"elementor elementor-6191 elementor-5547\" data-elementor-post-type=\"page\">\n\t\t\t\t<main class=\"elementor-element elementor-element-1b5f8afe e-flex e-con-boxed e-con e-parent\" data-id=\"1b5f8afe\" data-element_type=\"container\" data-e-type=\"container\">\n\t\t\t\t\t<div class=\"e-con-inner\">\n\t\t<div class=\"elementor-element elementor-element-66cad302 e-con-full e-flex e-con e-child\" data-id=\"66cad302\" data-element_type=\"container\" data-e-type=\"container\">\n\t\t\t\t<div class=\"elementor-element elementor-element-6fc219e elementor-widget elementor-widget-text-editor\" data-id=\"6fc219e\" data-element_type=\"widget\" data-e-type=\"widget\" data-widget_type=\"text-editor.default\">\n\t\t\t\t<div class=\"elementor-widget-container\">\n\t\t\t\t\t\t\t\t\t<h2>Decisioni sulla pianificazione familiare dopo il trattamento antitumorale<\/h2><p>Per molte donne, decidere se tentare una gravidanza dopo una diagnosi di cancro \u00e8 difficile. Durante questo periodo, le donne prendono decisioni sulla gestione della fertilit\u00e0 che meglio si adattano alle loro vite. Questi includono i test per controllare la fertilit\u00e0, la scelta di un metodo contraccettivo e la pianificazione della tua futura famiglia. Questo \u00e8 illustrato nel diagramma sottostante.   <\/p><p>\u00c8 difficile prevedere come la tua fertilit\u00e0 sar\u00e0 influenzata dal trattamento antitumorale. Puoi chiedere al tuo team di cura del cancro o al tuo medico di famiglia di indirizzarti a una clinica per la fertilit\u00e0. Il team di cura della fertilit\u00e0 pu\u00f2 controllare la tua fertilit\u00e0 attraverso una serie di test. Questi includono esami del sangue per controllare i livelli di un ormone o un\u2019ecografia delle ovaie.   <\/p><p>Alcune donne possono decidere che la loro famiglia \u00e8 completa o scelgono di non avere figli dopo aver terminato il trattamento antitumorale. La tua fertilit\u00e0 pu\u00f2 tornare naturalmente in seguito. Non tutte le donne che hanno un trattamento antitumorale avranno problemi di fertilit\u00e0 in futuro. Anche se le tue mestruazioni non sono ricominciate, potresti ancora produrre ovuli e potresti rimanere incinta. Si consiglia di discutere questi vari metodi di contraccezione con il team di cura del cancro o il medico di famiglia. Loro sono in grado di consigliarti sulle opzioni e sul tipo di contraccezione appropriato per te. Si consiglia di attendere due anni dopo aver completato il trattamento antitumorale, prima di provare ad avere un bambino.      <\/p><p>Non ci sono dati che suggeriscano che una gravidanza influisca sulle probabilit\u00e0 che un cancro ritorni. Non ci sono dati che suggeriscano che la salute dei bambini nati dopo il trattamento antitumorale sia influenzata. Se stai pensando di rimanere incinta, parla con il tuo team di cura del cancro.  <\/p>\t\t\t\t\t\t\t\t<\/div>\n\t\t\t\t<\/div>\n\t\t\t\t<div class=\"elementor-element elementor-element-6f05f21 elementor-widget elementor-widget-image\" data-id=\"6f05f21\" data-element_type=\"widget\" data-e-type=\"widget\" data-widget_type=\"image.default\">\n\t\t\t\t<div class=\"elementor-widget-container\">\n\t\t\t\t\t\t\t\t\t\t\t\t\t\t\t<img fetchpriority=\"high\" decoding=\"async\" width=\"800\" height=\"405\" src=\"https:\/\/cancerfertilityandme.org.uk\/wp-content\/uploads\/IT-06-2-1024x518.png\" class=\"attachment-large size-large wp-image-5584\" alt=\"Decisioni sulla pianificazione familiare dopo il trattamento antitumorale\" srcset=\"https:\/\/cancerfertilityandme.org.uk\/wp-content\/uploads\/IT-06-2-1024x518.png 1024w, https:\/\/cancerfertilityandme.org.uk\/wp-content\/uploads\/IT-06-2-300x152.png 300w, https:\/\/cancerfertilityandme.org.uk\/wp-content\/uploads\/IT-06-2-768x389.png 768w, https:\/\/cancerfertilityandme.org.uk\/wp-content\/uploads\/IT-06-2.png 1045w\" sizes=\"(max-width: 800px) 100vw, 800px\" \/>\t\t\t\t\t\t\t\t\t\t\t\t\t\t\t<\/div>\n\t\t\t\t<\/div>\n\t\t<div class=\"elementor-element elementor-element-2a6a4012 e-con-full e-flex e-con e-child\" data-id=\"2a6a4012\" data-element_type=\"container\" data-e-type=\"container\" data-settings=\"{&quot;background_background&quot;:&quot;classic&quot;}\">\n\t\t\t\t<div class=\"elementor-element elementor-element-1e7ea23e elementor-widget elementor-widget-text-editor\" data-id=\"1e7ea23e\" data-element_type=\"widget\" data-e-type=\"widget\" data-widget_type=\"text-editor.default\">\n\t\t\t\t<div class=\"elementor-widget-container\">\n\t\t\t\t\t\t\t\t\t<p>Non tutte le donne che hanno un trattamento antitumorale avranno un problema di fertilit\u00e0; infatti, la maggior parte delle donne che vogliono avere un bambino dopo il trattamento antitumorale sono in grado di farlo. Alcune donne possono affrontare una perdita permanente di fertilit\u00e0 dopo il trattamento antitumorale. Questo pu\u00f2 essere sconcertante e difficile da accettare. Potrebbe arrivare in un momento in cui una donna sta pianificando di iniziare una famiglia o prima che la famiglia di una donna sia completa.   <\/p><p>Se questo fosse il tuo caso, potresti trovare utile cercare una consulenza professionale. Oltre a offrire supporto emotivo, saranno in grado di offrire informazioni su altre opzioni. Questi includono la maternit\u00e0 surrogata, l\u2019adozione e l\u2019affidamento. Possono anche consigliare metodi di gravidanze assistite come ovuli ed embrioni di donatori o utilizzando i propri ovuli, embrioni e tessuto ovarico conservati.   <\/p><p>Il sito Web HFEA <a href=\"http:\/\/www.hfea.gov.uk\" target=\"_blank\" rel=\"noopener\">www.hfea.gov.uk<\/a> contiene ulteriori informazioni sulla donazione di ovuli o embrioni e sulla maternit\u00e0 surrogata.<\/p><p>Le organizzazioni <a href=\"\/more-information\/useful-contacts\">qui <\/a>elencate includono informazioni e supporto per le persone interessate all\u2019affido e all\u2019adozione.<br><\/p>\t\t\t\t\t\t\t\t<\/div>\n\t\t\t\t<\/div>\n\t\t\t\t<\/div>\n\t\t\t\t<\/div>\n\t\t<div class=\"elementor-element elementor-element-1e61a2ee e-con-full e-flex e-con e-child\" data-id=\"1e61a2ee\" data-element_type=\"container\" data-e-type=\"container\">\n\t\t<div class=\"elementor-element elementor-element-b3d86be e-con-full e-flex e-con e-child\" data-id=\"b3d86be\" data-element_type=\"container\" data-e-type=\"container\">\n\t\t\t\t<div class=\"elementor-element elementor-element-55e6f149 elementor-widget elementor-widget-image\" data-id=\"55e6f149\" data-element_type=\"widget\" data-e-type=\"widget\" data-widget_type=\"image.default\">\n\t\t\t\t<div class=\"elementor-widget-container\">\n\t\t\t\t\t\t\t\t\t\t\t\t\t\t\t\t<a href=\"http:\/\/.\/\">\n\t\t\t\t\t\t\t<img decoding=\"async\" width=\"400\" height=\"440\" src=\"https:\/\/cancerfertilityandme.org.uk\/wp-content\/uploads\/cancerfertilityandme-logo-column-adult-women.png\" class=\"attachment-full size-full wp-image-2282\" alt=\"\" srcset=\"https:\/\/cancerfertilityandme.org.uk\/wp-content\/uploads\/cancerfertilityandme-logo-column-adult-women.png 400w, https:\/\/cancerfertilityandme.org.uk\/wp-content\/uploads\/cancerfertilityandme-logo-column-adult-women-273x300.png 273w\" sizes=\"(max-width: 400px) 100vw, 400px\" \/>\t\t\t\t\t\t\t\t<\/a>\n\t\t\t\t\t\t\t\t\t\t\t\t\t\t\t<\/div>\n\t\t\t\t<\/div>\n\t\t\t\t<\/div>\n\t\t<div class=\"elementor-element elementor-element-6a74b93f e-con-full e-flex e-con e-child\" data-id=\"6a74b93f\" data-element_type=\"container\" data-e-type=\"container\">\n\t\t\t\t<div class=\"elementor-element elementor-element-35d6e3bd elementor-widget elementor-widget-heading\" data-id=\"35d6e3bd\" data-element_type=\"widget\" data-e-type=\"widget\" data-widget_type=\"heading.default\">\n\t\t\t\t<div class=\"elementor-widget-container\">\n\t\t\t\t\t<h3 class=\"elementor-heading-title elementor-size-default\">Segui questi link per ulteriori informazioni<\/h3>\t\t\t\t<\/div>\n\t\t\t\t<\/div>\n\t\t\t\t<div class=\"elementor-element elementor-element-40d6bd8b elementor-nav-menu--dropdown-none elementor-widget elementor-widget-nav-menu\" data-id=\"40d6bd8b\" data-element_type=\"widget\" data-e-type=\"widget\" data-settings=\"{&quot;layout&quot;:&quot;vertical&quot;,&quot;submenu_icon&quot;:{&quot;value&quot;:&quot;&lt;svg aria-hidden=\\&quot;true\\&quot; class=\\&quot;e-font-icon-svg e-fas-caret-down\\&quot; viewBox=\\&quot;0 0 320 512\\&quot; xmlns=\\&quot;http:\\\/\\\/www.w3.org\\\/2000\\\/svg\\&quot;&gt;&lt;path d=\\&quot;M31.3 192h257.3c17.8 0 26.7 21.5 14.1 34.1L174.1 354.8c-7.8 7.8-20.5 7.8-28.3 0L17.2 226.1C4.6 213.5 13.5 192 31.3 192z\\&quot;&gt;&lt;\\\/path&gt;&lt;\\\/svg&gt;&quot;,&quot;library&quot;:&quot;fa-solid&quot;}}\" data-widget_type=\"nav-menu.default\">\n\t\t\t\t<div class=\"elementor-widget-container\">\n\t\t\t\t\t\t\t\t<nav aria-label=\"Menu\" class=\"elementor-nav-menu--main elementor-nav-menu__container elementor-nav-menu--layout-vertical e--pointer-none\">\n\t\t\t\t<ul id=\"menu-1-40d6bd8b\" class=\"elementor-nav-menu sm-vertical\"><li class=\"menu-item menu-item-type-post_type menu-item-object-page menu-item-6971\"><a href=\"https:\/\/cancerfertilityandme.org.uk\/adult-women\/contraception-family-planning\/\" class=\"elementor-item\">Contraccezione e pianificazione familiare<\/a><\/li>\n<li class=\"menu-item menu-item-type-post_type menu-item-object-page menu-item-6972\"><a href=\"https:\/\/cancerfertilityandme.org.uk\/adult-women\/contraception-family-planning\/contraception-during-cancer-treatment\/\" class=\"elementor-item\">Contraccezione durante il trattamento antitumorale<\/a><\/li>\n<li class=\"menu-item menu-item-type-post_type menu-item-object-page menu-item-6973\"><a href=\"https:\/\/cancerfertilityandme.org.uk\/adult-women\/contraception-family-planning\/family-planning-decisions-after-cancer-treatment\/\" class=\"elementor-item\">Decisioni sulla pianificazione familiare dopo il trattamento antitumorale<\/a><\/li>\n<li class=\"menu-item menu-item-type-post_type menu-item-object-page menu-item-8692\"><a href=\"https:\/\/cancerfertilityandme.org.uk\/adult-women\/making-your-fertility-preservation-decision\/questions-to-ask-your-cancer-care-team-or-gp\/\" class=\"elementor-item\">Domande da porre al team di cura del cancro o al medico di famiglia<\/a><\/li>\n<\/ul>\t\t\t<\/nav>\n\t\t\t\t\t\t<nav class=\"elementor-nav-menu--dropdown elementor-nav-menu__container\" aria-hidden=\"true\">\n\t\t\t\t<ul id=\"menu-2-40d6bd8b\" class=\"elementor-nav-menu sm-vertical\"><li class=\"menu-item menu-item-type-post_type menu-item-object-page menu-item-6971\"><a href=\"https:\/\/cancerfertilityandme.org.uk\/adult-women\/contraception-family-planning\/\" class=\"elementor-item\" tabindex=\"-1\">Contraccezione e pianificazione familiare<\/a><\/li>\n<li class=\"menu-item menu-item-type-post_type menu-item-object-page menu-item-6972\"><a href=\"https:\/\/cancerfertilityandme.org.uk\/adult-women\/contraception-family-planning\/contraception-during-cancer-treatment\/\" class=\"elementor-item\" tabindex=\"-1\">Contraccezione durante il trattamento antitumorale<\/a><\/li>\n<li class=\"menu-item menu-item-type-post_type menu-item-object-page menu-item-6973\"><a href=\"https:\/\/cancerfertilityandme.org.uk\/adult-women\/contraception-family-planning\/family-planning-decisions-after-cancer-treatment\/\" class=\"elementor-item\" tabindex=\"-1\">Decisioni sulla pianificazione familiare dopo il trattamento antitumorale<\/a><\/li>\n<li class=\"menu-item menu-item-type-post_type menu-item-object-page menu-item-8692\"><a href=\"https:\/\/cancerfertilityandme.org.uk\/adult-women\/making-your-fertility-preservation-decision\/questions-to-ask-your-cancer-care-team-or-gp\/\" class=\"elementor-item\" tabindex=\"-1\">Domande da porre al team di cura del cancro o al medico di famiglia<\/a><\/li>\n<\/ul>\t\t\t<\/nav>\n\t\t\t\t\t\t<\/div>\n\t\t\t\t<\/div>\n\t\t\t\t<\/div>\n\t\t\t\t<\/div>\n\t\t\t\t\t<\/div>\n\t\t\t\t<\/main>\n\t\t\t\t<\/div>\n\t\t","protected":false},"excerpt":{"rendered":"<p>Decisioni sulla pianificazione familiare dopo il trattamento antitumorale Per molte donne, decidere se tentare una gravidanza dopo una diagnosi di cancro \u00e8 difficile. Durante questo periodo, le donne prendono decisioni sulla gestione della fertilit\u00e0 che meglio si adattano alle loro vite. Questi includono i test per controllare la fertilit\u00e0, la scelta di un metodo contraccettivo [&hellip;]<\/p>\n","protected":false},"author":1,"featured_media":5552,"parent":6187,"menu_order":0,"comment_status":"closed","ping_status":"open","template":"","meta":{"footnotes":""},"class_list":["post-6191","page","type-page","status-publish","has-post-thumbnail","hentry"],"_links":{"self":[{"href":"https:\/\/cancerfertilityandme.org.uk\/it\/wp-json\/wp\/v2\/pages\/6191","targetHints":{"allow":["GET"]}}],"collection":[{"href":"https:\/\/cancerfertilityandme.org.uk\/it\/wp-json\/wp\/v2\/pages"}],"about":[{"href":"https:\/\/cancerfertilityandme.org.uk\/it\/wp-json\/wp\/v2\/types\/page"}],"author":[{"embeddable":true,"href":"https:\/\/cancerfertilityandme.org.uk\/it\/wp-json\/wp\/v2\/users\/1"}],"replies":[{"embeddable":true,"href":"https:\/\/cancerfertilityandme.org.uk\/it\/wp-json\/wp\/v2\/comments?post=6191"}],"version-history":[{"count":6,"href":"https:\/\/cancerfertilityandme.org.uk\/it\/wp-json\/wp\/v2\/pages\/6191\/revisions"}],"predecessor-version":[{"id":11091,"href":"https:\/\/cancerfertilityandme.org.uk\/it\/wp-json\/wp\/v2\/pages\/6191\/revisions\/11091"}],"up":[{"embeddable":true,"href":"https:\/\/cancerfertilityandme.org.uk\/it\/wp-json\/wp\/v2\/pages\/6187"}],"wp:featuredmedia":[{"embeddable":true,"href":"https:\/\/cancerfertilityandme.org.uk\/it\/wp-json\/wp\/v2\/media\/5552"}],"wp:attachment":[{"href":"https:\/\/cancerfertilityandme.org.uk\/it\/wp-json\/wp\/v2\/media?parent=6191"}],"curies":[{"name":"wp","href":"https:\/\/api.w.org\/{rel}","templated":true}]}}