{"id":6189,"date":"2019-04-30T10:53:56","date_gmt":"2019-04-30T10:53:56","guid":{"rendered":"https:\/\/cancerfertilityandme.org.uk\/contraccezione-durante-il-trattamento-antitumorale\/"},"modified":"2026-03-05T15:58:02","modified_gmt":"2026-03-05T15:58:02","slug":"contraccezione-durante-il-trattamento-antitumorale","status":"publish","type":"page","link":"https:\/\/cancerfertilityandme.org.uk\/it\/donne-adulte\/contraccezione-e-pianificazione-familiare\/contraccezione-durante-il-trattamento-antitumorale\/","title":{"rendered":"Contraccezione durante il trattamento antitumorale"},"content":{"rendered":"\t\t<div data-elementor-type=\"wp-page\" data-elementor-id=\"6189\" class=\"elementor elementor-6189 elementor-5713\" data-elementor-post-type=\"page\">\n\t\t\t\t<main class=\"elementor-element elementor-element-43c0269a e-flex e-con-boxed e-con e-parent\" data-id=\"43c0269a\" data-element_type=\"container\" data-e-type=\"container\">\n\t\t\t\t\t<div class=\"e-con-inner\">\n\t\t<div class=\"elementor-element elementor-element-475ec412 e-con-full e-flex e-con e-child\" data-id=\"475ec412\" data-element_type=\"container\" data-e-type=\"container\">\n\t\t\t\t<div class=\"elementor-element elementor-element-7fac20b9 elementor-widget elementor-widget-text-editor\" data-id=\"7fac20b9\" data-element_type=\"widget\" data-e-type=\"widget\" data-widget_type=\"text-editor.default\">\n\t\t\t\t<div class=\"elementor-widget-container\">\n\t\t\t\t\t\t\t\t\t<h2>Contraccezione durante il trattamento antitumorale<\/h2>\n<p>Si consiglia vivamente alle donne, di non rimanere incinte durante il trattamento antitumorale. Questo perch\u00e9 i trattamenti antitumorali possono danneggiare un nascituro nelle prime fasi dello sviluppo. Anche se il ciclo si interrompe durante il trattamento, ci\u00f2 non significa che non puoi rimanere incinta.  <\/p>\n<p>Se sei sessualmente attivo, dovresti usare un metodo contraccettivo affidabile durante il trattamento antitumorale L\u2019immagine seguente mostra i diversi tipi di contraccezione da prendere in considerazione.<\/p>\n<p>Si raccomanda che le donne sottoposte a trattamenti ormonali, utilizzino metodi contraccettivi non ormonali. Questi includono preservativi, preservativi femminili e diaframmi. La pillola contraccettiva \u00e8 meno comunemente consigliata per le donne con tumori sensibili agli ormoni. Questo perch\u00e9 c\u2019\u00e8 la probabilit\u00e0 che gli ormoni nella pillola contraccettiva, possano stimolare le cellule tumorali rimanenti.   <\/p>\n<p>Si consiglia di discutere questi vari metodi di contraccezione con il team di cura del cancro. Potrebbero indirizzarti a una clinica di pianificazione familiare, o al tuo medico di famiglia che pu\u00f2 consigliarti ulteriormente. <\/p>\n<p>Le seguenti domande possono aiutarti a parlare con il tuo team di cura del cancro o con il tuo medico di famiglia sulla contraccezione:<\/p>\n<ul>\n<li>Quale contraccettivo sarebbe meglio per me durante il trattamento antitumorale?<\/li>\n<li>Per quanto tempo dovr\u00f2 usare questo contraccettivo?<\/li>\n<li>Devo usare metodi contraccettivi non ormonali per il mio tipo di cancro?<\/li>\n<li>Se non ho le mestruazioni durante il trattamento antitumorale, dovrei comunque usare i contraccettivi?<\/li>\n<li>Influir\u00e0 su di me o sul mio nascituro, se scelgo di non usare la contraccezione e rimango incinta durante il trattamento antitumorale?<\/li>\n<\/ul>\t\t\t\t\t\t\t\t<\/div>\n\t\t\t\t<\/div>\n\t\t\t\t<div class=\"elementor-element elementor-element-0a2317e elementor-widget elementor-widget-image\" data-id=\"0a2317e\" data-element_type=\"widget\" data-e-type=\"widget\" data-widget_type=\"image.default\">\n\t\t\t\t<div class=\"elementor-widget-container\">\n\t\t\t\t\t\t\t\t\t\t\t\t\t\t\t<img fetchpriority=\"high\" decoding=\"async\" width=\"800\" height=\"323\" src=\"https:\/\/cancerfertilityandme.org.uk\/wp-content\/uploads\/IT-05-1-1024x413-1.png\" class=\"attachment-large size-large wp-image-5734\" alt=\"Contraccezione durante il trattamento antitumorale\" srcset=\"https:\/\/cancerfertilityandme.org.uk\/wp-content\/uploads\/IT-05-1-1024x413-1.png 1024w, https:\/\/cancerfertilityandme.org.uk\/wp-content\/uploads\/IT-05-1-1024x413-1-300x121.png 300w, https:\/\/cancerfertilityandme.org.uk\/wp-content\/uploads\/IT-05-1-1024x413-1-768x310.png 768w\" sizes=\"(max-width: 800px) 100vw, 800px\" \/>\t\t\t\t\t\t\t\t\t\t\t\t\t\t\t<\/div>\n\t\t\t\t<\/div>\n\t\t<div class=\"elementor-element elementor-element-fc74772 e-con-full e-flex e-con e-child\" data-id=\"fc74772\" data-element_type=\"container\" data-e-type=\"container\" data-settings=\"{&quot;background_background&quot;:&quot;classic&quot;}\">\n\t\t\t\t<div class=\"elementor-element elementor-element-7e37a2fd elementor-widget elementor-widget-text-editor\" data-id=\"7e37a2fd\" data-element_type=\"widget\" data-e-type=\"widget\" data-widget_type=\"text-editor.default\">\n\t\t\t\t<div class=\"elementor-widget-container\">\n\t\t\t\t\t\t\t\t\t<p>Non tutte le donne che hanno un trattamento per il cancro avranno un problema di fertilit\u00e0. Alcune donne possono affrontare una perdita permanente di fertilit\u00e0 dopo il trattamento antitumorale. Questo pu\u00f2 essere sconcertante e difficile da accettare. Potrebbe arrivare in un momento in cui una donna sta pianificando di iniziare una famiglia o prima che la famiglia di una donna sia completa.   <\/p><p>Se questo fosse il tuo caso, potresti trovare utile cercare una consulenza professionale. Questa pu\u00f2 essere disponibile nei servizi di fertilit\u00e0 da qualcuno che non \u00e8 direttamente coinvolto nel trattamento della fertilit\u00e0. Altre organizzazioni di consulenza che potrebbero essere in grado di fornire questo supporto di consulenza dedicato sono state elencate <a href=\"https:\/\/en.cancerfertilityandme.org.uk\/more-information\/useful-contacts\">qui<\/a>. Oltre a offrire supporto emotivo, saranno in grado di offrire informazioni su altre opzioni. Questi includono la maternit\u00e0 surrogata, l\u2019adozione e l\u2019affidamento. Possono anche consigliare metodi di gravidanze assistite come ovuli ed embrioni di donatori o utilizzando i propri ovuli, embrioni e tessuto ovarico conservati.     <\/p><p>Il sito Web HFEA <a href=\"http:\/\/www.hfea.gov.uk\" target=\"_blank\" rel=\"noopener\">www.hfea.gov.uk<\/a> contiene ulteriori informazioni sulla donazione di ovuli o embrioni e sulla maternit\u00e0 surrogata.<\/p><p>Le organizzazioni <a href=\"#\">qui <\/a>elencate includono informazioni e supporto per le persone interessate all\u2019affido e all\u2019adozione.<br><\/p>\t\t\t\t\t\t\t\t<\/div>\n\t\t\t\t<\/div>\n\t\t\t\t<\/div>\n\t\t\t\t<\/div>\n\t\t<div class=\"elementor-element elementor-element-6dd782a2 e-con-full e-flex e-con e-child\" data-id=\"6dd782a2\" data-element_type=\"container\" data-e-type=\"container\">\n\t\t<div class=\"elementor-element elementor-element-b9ecefe e-con-full e-flex e-con e-child\" data-id=\"b9ecefe\" data-element_type=\"container\" data-e-type=\"container\">\n\t\t\t\t<div class=\"elementor-element elementor-element-503b5a03 elementor-widget elementor-widget-image\" data-id=\"503b5a03\" data-element_type=\"widget\" data-e-type=\"widget\" data-widget_type=\"image.default\">\n\t\t\t\t<div class=\"elementor-widget-container\">\n\t\t\t\t\t\t\t\t\t\t\t\t\t\t\t\t<a href=\"http:\/\/.\/\">\n\t\t\t\t\t\t\t<img decoding=\"async\" width=\"400\" height=\"440\" src=\"https:\/\/cancerfertilityandme.org.uk\/wp-content\/uploads\/cancerfertilityandme-logo-column-adult-women.png\" class=\"attachment-full size-full wp-image-2282\" alt=\"\" srcset=\"https:\/\/cancerfertilityandme.org.uk\/wp-content\/uploads\/cancerfertilityandme-logo-column-adult-women.png 400w, https:\/\/cancerfertilityandme.org.uk\/wp-content\/uploads\/cancerfertilityandme-logo-column-adult-women-273x300.png 273w\" sizes=\"(max-width: 400px) 100vw, 400px\" \/>\t\t\t\t\t\t\t\t<\/a>\n\t\t\t\t\t\t\t\t\t\t\t\t\t\t\t<\/div>\n\t\t\t\t<\/div>\n\t\t\t\t<\/div>\n\t\t<div class=\"elementor-element elementor-element-24f8d263 e-con-full e-flex e-con e-child\" data-id=\"24f8d263\" data-element_type=\"container\" data-e-type=\"container\">\n\t\t\t\t<div class=\"elementor-element elementor-element-56b68a21 elementor-widget elementor-widget-heading\" data-id=\"56b68a21\" data-element_type=\"widget\" data-e-type=\"widget\" data-widget_type=\"heading.default\">\n\t\t\t\t<div class=\"elementor-widget-container\">\n\t\t\t\t\t<h3 class=\"elementor-heading-title elementor-size-default\">Segui questi link per ulteriori informazioni<\/h3>\t\t\t\t<\/div>\n\t\t\t\t<\/div>\n\t\t\t\t<div class=\"elementor-element elementor-element-27951d47 elementor-nav-menu--dropdown-none elementor-widget elementor-widget-nav-menu\" data-id=\"27951d47\" data-element_type=\"widget\" data-e-type=\"widget\" data-settings=\"{&quot;layout&quot;:&quot;vertical&quot;,&quot;submenu_icon&quot;:{&quot;value&quot;:&quot;&lt;svg aria-hidden=\\&quot;true\\&quot; class=\\&quot;e-font-icon-svg e-fas-caret-down\\&quot; viewBox=\\&quot;0 0 320 512\\&quot; xmlns=\\&quot;http:\\\/\\\/www.w3.org\\\/2000\\\/svg\\&quot;&gt;&lt;path d=\\&quot;M31.3 192h257.3c17.8 0 26.7 21.5 14.1 34.1L174.1 354.8c-7.8 7.8-20.5 7.8-28.3 0L17.2 226.1C4.6 213.5 13.5 192 31.3 192z\\&quot;&gt;&lt;\\\/path&gt;&lt;\\\/svg&gt;&quot;,&quot;library&quot;:&quot;fa-solid&quot;}}\" data-widget_type=\"nav-menu.default\">\n\t\t\t\t<div class=\"elementor-widget-container\">\n\t\t\t\t\t\t\t\t<nav aria-label=\"Menu\" class=\"elementor-nav-menu--main elementor-nav-menu__container elementor-nav-menu--layout-vertical e--pointer-none\">\n\t\t\t\t<ul id=\"menu-1-27951d47\" class=\"elementor-nav-menu sm-vertical\"><li class=\"menu-item menu-item-type-post_type menu-item-object-page menu-item-6971\"><a href=\"https:\/\/cancerfertilityandme.org.uk\/adult-women\/contraception-family-planning\/\" class=\"elementor-item\">Contraccezione e pianificazione familiare<\/a><\/li>\n<li class=\"menu-item menu-item-type-post_type menu-item-object-page menu-item-6972\"><a href=\"https:\/\/cancerfertilityandme.org.uk\/adult-women\/contraception-family-planning\/contraception-during-cancer-treatment\/\" class=\"elementor-item\">Contraccezione durante il trattamento antitumorale<\/a><\/li>\n<li class=\"menu-item menu-item-type-post_type menu-item-object-page menu-item-6973\"><a href=\"https:\/\/cancerfertilityandme.org.uk\/adult-women\/contraception-family-planning\/family-planning-decisions-after-cancer-treatment\/\" class=\"elementor-item\">Decisioni sulla pianificazione familiare dopo il trattamento antitumorale<\/a><\/li>\n<li class=\"menu-item menu-item-type-post_type menu-item-object-page menu-item-8692\"><a href=\"https:\/\/cancerfertilityandme.org.uk\/adult-women\/making-your-fertility-preservation-decision\/questions-to-ask-your-cancer-care-team-or-gp\/\" class=\"elementor-item\">Domande da porre al team di cura del cancro o al medico di famiglia<\/a><\/li>\n<\/ul>\t\t\t<\/nav>\n\t\t\t\t\t\t<nav class=\"elementor-nav-menu--dropdown elementor-nav-menu__container\" aria-hidden=\"true\">\n\t\t\t\t<ul id=\"menu-2-27951d47\" class=\"elementor-nav-menu sm-vertical\"><li class=\"menu-item menu-item-type-post_type menu-item-object-page menu-item-6971\"><a href=\"https:\/\/cancerfertilityandme.org.uk\/adult-women\/contraception-family-planning\/\" class=\"elementor-item\" tabindex=\"-1\">Contraccezione e pianificazione familiare<\/a><\/li>\n<li class=\"menu-item menu-item-type-post_type menu-item-object-page menu-item-6972\"><a href=\"https:\/\/cancerfertilityandme.org.uk\/adult-women\/contraception-family-planning\/contraception-during-cancer-treatment\/\" class=\"elementor-item\" tabindex=\"-1\">Contraccezione durante il trattamento antitumorale<\/a><\/li>\n<li class=\"menu-item menu-item-type-post_type menu-item-object-page menu-item-6973\"><a href=\"https:\/\/cancerfertilityandme.org.uk\/adult-women\/contraception-family-planning\/family-planning-decisions-after-cancer-treatment\/\" class=\"elementor-item\" tabindex=\"-1\">Decisioni sulla pianificazione familiare dopo il trattamento antitumorale<\/a><\/li>\n<li class=\"menu-item menu-item-type-post_type menu-item-object-page menu-item-8692\"><a href=\"https:\/\/cancerfertilityandme.org.uk\/adult-women\/making-your-fertility-preservation-decision\/questions-to-ask-your-cancer-care-team-or-gp\/\" class=\"elementor-item\" tabindex=\"-1\">Domande da porre al team di cura del cancro o al medico di famiglia<\/a><\/li>\n<\/ul>\t\t\t<\/nav>\n\t\t\t\t\t\t<\/div>\n\t\t\t\t<\/div>\n\t\t\t\t<\/div>\n\t\t\t\t<\/div>\n\t\t\t\t\t<\/div>\n\t\t\t\t<\/main>\n\t\t\t\t<\/div>\n\t\t","protected":false},"excerpt":{"rendered":"<p>Contraccezione durante il trattamento antitumorale Si consiglia vivamente alle donne, di non rimanere incinte durante il trattamento antitumorale. Questo perch\u00e9 i trattamenti antitumorali possono danneggiare un nascituro nelle prime fasi dello sviluppo. Anche se il ciclo si interrompe durante il trattamento, ci\u00f2 non significa che non puoi rimanere incinta. Se sei sessualmente attivo, dovresti usare [&hellip;]<\/p>\n","protected":false},"author":1,"featured_media":5718,"parent":6187,"menu_order":0,"comment_status":"closed","ping_status":"open","template":"","meta":{"footnotes":""},"class_list":["post-6189","page","type-page","status-publish","has-post-thumbnail","hentry"],"_links":{"self":[{"href":"https:\/\/cancerfertilityandme.org.uk\/it\/wp-json\/wp\/v2\/pages\/6189","targetHints":{"allow":["GET"]}}],"collection":[{"href":"https:\/\/cancerfertilityandme.org.uk\/it\/wp-json\/wp\/v2\/pages"}],"about":[{"href":"https:\/\/cancerfertilityandme.org.uk\/it\/wp-json\/wp\/v2\/types\/page"}],"author":[{"embeddable":true,"href":"https:\/\/cancerfertilityandme.org.uk\/it\/wp-json\/wp\/v2\/users\/1"}],"replies":[{"embeddable":true,"href":"https:\/\/cancerfertilityandme.org.uk\/it\/wp-json\/wp\/v2\/comments?post=6189"}],"version-history":[{"count":10,"href":"https:\/\/cancerfertilityandme.org.uk\/it\/wp-json\/wp\/v2\/pages\/6189\/revisions"}],"predecessor-version":[{"id":11033,"href":"https:\/\/cancerfertilityandme.org.uk\/it\/wp-json\/wp\/v2\/pages\/6189\/revisions\/11033"}],"up":[{"embeddable":true,"href":"https:\/\/cancerfertilityandme.org.uk\/it\/wp-json\/wp\/v2\/pages\/6187"}],"wp:featuredmedia":[{"embeddable":true,"href":"https:\/\/cancerfertilityandme.org.uk\/it\/wp-json\/wp\/v2\/media\/5718"}],"wp:attachment":[{"href":"https:\/\/cancerfertilityandme.org.uk\/it\/wp-json\/wp\/v2\/media?parent=6189"}],"curies":[{"name":"wp","href":"https:\/\/api.w.org\/{rel}","templated":true}]}}