{"id":6183,"date":"2018-11-07T09:40:51","date_gmt":"2018-11-07T09:40:51","guid":{"rendered":"https:\/\/cancerfertilityandme.org.uk\/procedure-di-conservazione-di-fertilita-specifiche-per-alcuni-tumori\/"},"modified":"2025-11-17T10:58:12","modified_gmt":"2025-11-17T10:58:12","slug":"procedure-di-conservazione-di-fertilita-specifiche-per-alcuni-tumori","status":"publish","type":"page","link":"https:\/\/cancerfertilityandme.org.uk\/it\/donne-adulte\/le-opzioni-di-conservazione-della-fertilita-2\/procedure-di-conservazione-di-fertilita-specifiche-per-alcuni-tumori\/","title":{"rendered":"Procedure di conservazione di fertilit\u00e0 specifiche per alcuni tumori"},"content":{"rendered":"\t\t<div data-elementor-type=\"wp-page\" data-elementor-id=\"6183\" class=\"elementor elementor-6183 elementor-5459\" data-elementor-post-type=\"page\">\n\t\t\t\t<main class=\"elementor-element elementor-element-3ef24d e-flex e-con-boxed e-con e-parent\" data-id=\"3ef24d\" data-element_type=\"container\" data-e-type=\"container\">\n\t\t\t\t\t<div class=\"e-con-inner\">\n\t\t<div class=\"elementor-element elementor-element-2ea7d24c e-con-full e-flex e-con e-child\" data-id=\"2ea7d24c\" data-element_type=\"container\" data-e-type=\"container\">\n\t\t\t\t<div class=\"elementor-element elementor-element-38fe551c elementor-widget elementor-widget-text-editor\" data-id=\"38fe551c\" data-element_type=\"widget\" data-e-type=\"widget\" data-widget_type=\"text-editor.default\">\n\t\t\t\t<div class=\"elementor-widget-container\">\n\t\t\t\t\t\t\t\t\t<h2>Procedure di conservazione di fertilit\u00e0 specifiche per alcuni tumori<\/h2><p>Se ti \u00e8 stato diagnosticato un cancro del collo dell\u2019utero, o sei in trattamento con radioterapia in zona pelvica, potrebbero esserci alcuni trattamenti di conservazione della fertilit\u00e0 adatti a te. Questi sono forniti dal tuo team di cura del cancro e possono anche aiutare a preservare la tua fertilit\u00e0. Il team di cura del cancro, discute con le paziente, la probabilit\u00e0 di ricevere queste procedure di tutela delle fertilit\u00e0, come parte del loro piano di trattamento antitumorale.  <\/p><h3>Trachelectomy<\/h3><p>La trachelectomia \u00e8 una procedura chirurgica per rimuovere il cancro dalla cervice. La cervice, la parte superiore della vagina e i linfonodi (nelle pelvi) sono rimossi. L\u2019utero \u00e8 lasciato al suo posto. Questa potrebbe essere un\u2019opzione a tua disposizione, se ti \u00e8 stato diagnosticato un cancro della cervice in fase iniziale. Gli effetti collaterali possono includere sanguinamento, infezione e coaguli di sangue nelle vene (trombosi). Gli effetti collaterali chirurgici possono essere una ferita post-chirurgica nell\u2019intestino o nella vescica, che pu\u00f2 causare ulteriori problemi alla vescica e problemi con le mestruazioni. Questa \u00e8 una procedura di chirurgia diurna e non causa ritardi nel trattamento antitumorale. Una trachelectomia offre a una donna con tumore precoce della cervice la possibilit\u00e0 di avere un bambino dopo il trattamento del cancro. C\u2019\u00e8 una probabilit\u00e0 di aborto spontaneo e parto prematuro per le donne che rimangono incinte dopo l\u2019intervento. Il bambino dovr\u00e0 nascere con taglio cesareo (taglio cesareo). Gli studi hanno dimostrato che una trachelectomia non influisce sulla probabilit\u00e0 che il cancro si ripresenti.          <\/p><h3>Trasposizione ovarica<\/h3><p>La trasposizione ovarica, \u00e8 una procedura chirurgica che allontana le ovaie dal campo del trattamento radioterapico. Questa pu\u00f2 essere un\u2019opzione, se stai ricevendo un trattamento di radioterapia in zona pelvica. Gli effetti collaterali possono includere lesioni agli organi interni. Questa \u00e8 una procedura di chirurgia diurna e non causa ritardi nel trattamento antitumorale. La probabilit\u00e0 che una trachelectomia possa aiutare una donna ad avere un figlio dopo il trattamento antitumorale, non \u00e8 nota. Gli studi hanno dimostrato che la soppressione ovarica, non influisce sulla probabilit\u00e0 che il cancro si ripresenti. La trasposizione ovarica non protegge le ovaie dagli effetti della chemioterapia      <\/p><h3>Schermatura ovarica<\/h3><p>La schermatura ovarica agisce proteggendo le ovaie durante il trattamento radioterapico. Questa pu\u00f2 essere un\u2019opzione a tua disposizione se stai ricevendo un trattamento di radioterapia in zona pelvica. Durante il trattamento con radiazioni, viene applicata una copertura protettiva all\u2019esterno del corpo, sopra l\u2019area delle ovaie. Potrai essere dimessa dall\u2019ospedale subito dopo il trattamento con le radiazioni.   <\/p><p>La schermatura ovarica non ritarda il trattamento antitumorale. Sebbene questa opzione possa facilmente esserti offerta, i dati suggeriscono che la schermatura ovarica offre una scarsa protezione delle ovaie durante il trattamento di radioterapia. Le probabilit\u00e0 di avere un figlio dopo il trattamento antitumorale, non sono note. Non \u00e8 ancora accertato se la schermatura ovarica influisca sulle probabilit\u00e0 che i tumori crescano o ritornino. La trasposizione ovarica non protegge le ovaie dagli effetti della chemioterapia    <\/p><p>Potresti trovare utile annotare cosa ti piace di questa opzione e cosa ti preoccupa di questa opzione.<\/p><p>Questi appunti potrebbero aiutarti a valutare se questa opzione \u00e8 la migliore per te con il tuo team di cura del cancro, il team di cura della fertilit\u00e0, il tuo partner, la tua famiglia e i tuoi amici:<\/p>\t\t\t\t\t\t\t\t<\/div>\n\t\t\t\t<\/div>\n\t\t<div class=\"elementor-element elementor-element-2ca0357c e-con-full e-flex e-con e-child\" data-id=\"2ca0357c\" data-element_type=\"container\" data-e-type=\"container\" data-settings=\"{&quot;background_background&quot;:&quot;classic&quot;}\">\n\t\t\t\t<div class=\"elementor-element elementor-element-2fcc4574 elementor-widget elementor-widget-text-editor\" data-id=\"2fcc4574\" data-element_type=\"widget\" data-e-type=\"widget\" data-widget_type=\"text-editor.default\">\n\t\t\t\t<div class=\"elementor-widget-container\">\n\t\t\t\t\t\t\t\t\t<p><strong>Potresti trovare utile annotare cosa ti piace di questa opzione e cosa ti preoccupa di questa opzione.<\/strong><\/p><p>Questi appunti potrebbero aiutarti a valutare se questa opzione \u00e8 la migliore per te con il tuo team di cura del cancro, il team di cura della fertilit\u00e0, il tuo partner, la tua famiglia e i tuoi amici:<\/p>\t\t\t\t\t\t\t\t<\/div>\n\t\t\t\t<\/div>\n\t\t\t\t<\/div>\n\t\t\t\t<\/div>\n\t\t<div class=\"elementor-element elementor-element-273f5b94 e-con-full e-flex e-con e-child\" data-id=\"273f5b94\" data-element_type=\"container\" data-e-type=\"container\">\n\t\t<div class=\"elementor-element elementor-element-abd1727 e-con-full e-flex e-con e-child\" data-id=\"abd1727\" data-element_type=\"container\" data-e-type=\"container\">\n\t\t\t\t<div class=\"elementor-element elementor-element-e5e2951 elementor-widget elementor-widget-image\" data-id=\"e5e2951\" data-element_type=\"widget\" data-e-type=\"widget\" data-widget_type=\"image.default\">\n\t\t\t\t<div class=\"elementor-widget-container\">\n\t\t\t\t\t\t\t\t\t\t\t\t\t\t\t\t<a href=\"http:\/\/.\/\">\n\t\t\t\t\t\t\t<img fetchpriority=\"high\" decoding=\"async\" width=\"400\" height=\"440\" src=\"https:\/\/cancerfertilityandme.org.uk\/wp-content\/uploads\/cancerfertilityandme-logo-column-adult-women.png\" class=\"attachment-full size-full wp-image-2282\" alt=\"\" srcset=\"https:\/\/cancerfertilityandme.org.uk\/wp-content\/uploads\/cancerfertilityandme-logo-column-adult-women.png 400w, https:\/\/cancerfertilityandme.org.uk\/wp-content\/uploads\/cancerfertilityandme-logo-column-adult-women-273x300.png 273w\" sizes=\"(max-width: 400px) 100vw, 400px\" \/>\t\t\t\t\t\t\t\t<\/a>\n\t\t\t\t\t\t\t\t\t\t\t\t\t\t\t<\/div>\n\t\t\t\t<\/div>\n\t\t\t\t<\/div>\n\t\t<div class=\"elementor-element elementor-element-717e5239 e-con-full e-flex e-con e-child\" data-id=\"717e5239\" data-element_type=\"container\" data-e-type=\"container\">\n\t\t\t\t<div class=\"elementor-element elementor-element-7e5ce8d6 elementor-widget elementor-widget-heading\" data-id=\"7e5ce8d6\" data-element_type=\"widget\" data-e-type=\"widget\" data-widget_type=\"heading.default\">\n\t\t\t\t<div class=\"elementor-widget-container\">\n\t\t\t\t\t<h3 class=\"elementor-heading-title elementor-size-default\">Segui questi link per ulteriori informazioni<\/h3>\t\t\t\t<\/div>\n\t\t\t\t<\/div>\n\t\t\t\t<div class=\"elementor-element elementor-element-506af5cf elementor-nav-menu--dropdown-none elementor-widget elementor-widget-nav-menu\" data-id=\"506af5cf\" data-element_type=\"widget\" data-e-type=\"widget\" data-settings=\"{&quot;layout&quot;:&quot;vertical&quot;,&quot;submenu_icon&quot;:{&quot;value&quot;:&quot;&lt;svg aria-hidden=\\&quot;true\\&quot; class=\\&quot;e-font-icon-svg e-fas-caret-down\\&quot; viewBox=\\&quot;0 0 320 512\\&quot; xmlns=\\&quot;http:\\\/\\\/www.w3.org\\\/2000\\\/svg\\&quot;&gt;&lt;path d=\\&quot;M31.3 192h257.3c17.8 0 26.7 21.5 14.1 34.1L174.1 354.8c-7.8 7.8-20.5 7.8-28.3 0L17.2 226.1C4.6 213.5 13.5 192 31.3 192z\\&quot;&gt;&lt;\\\/path&gt;&lt;\\\/svg&gt;&quot;,&quot;library&quot;:&quot;fa-solid&quot;}}\" data-widget_type=\"nav-menu.default\">\n\t\t\t\t<div class=\"elementor-widget-container\">\n\t\t\t\t\t\t\t\t<nav aria-label=\"Menu\" class=\"elementor-nav-menu--main elementor-nav-menu__container elementor-nav-menu--layout-vertical e--pointer-none\">\n\t\t\t\t<ul id=\"menu-1-506af5cf\" class=\"elementor-nav-menu sm-vertical\"><li class=\"menu-item menu-item-type-post_type menu-item-object-page menu-item-6985\"><a href=\"https:\/\/cancerfertilityandme.org.uk\/adult-women\/fertility-preservation-options\/\" class=\"elementor-item\">Le opzioni di conservazione della fertilit\u00e0<\/a><\/li>\n<li class=\"menu-item menu-item-type-post_type menu-item-object-page menu-item-6994\"><a href=\"https:\/\/cancerfertilityandme.org.uk\/adult-women\/fertility-preservation-options\/summary-of-fertility-preservation-options\/\" class=\"elementor-item\">Riepilogo delle opzioni di conservazione della fertilit\u00e0<\/a><\/li>\n<li class=\"menu-item menu-item-type-post_type menu-item-object-page menu-item-6990\"><a href=\"https:\/\/cancerfertilityandme.org.uk\/adult-women\/fertility-preservation-options\/no-fertility-preservation\/\" class=\"elementor-item\">Nessuna tutela della fertilit\u00e0<\/a><\/li>\n<li class=\"menu-item menu-item-type-post_type menu-item-object-page menu-item-6987\"><a href=\"https:\/\/cancerfertilityandme.org.uk\/adult-women\/fertility-preservation-options\/egg-freezing\/\" class=\"elementor-item\">Congelamento degli ovuli<\/a><\/li>\n<li class=\"menu-item menu-item-type-post_type menu-item-object-page menu-item-6988\"><a href=\"https:\/\/cancerfertilityandme.org.uk\/adult-women\/fertility-preservation-options\/embryo-freezing\/\" class=\"elementor-item\">Congelamento degli embrioni<\/a><\/li>\n<li class=\"menu-item menu-item-type-post_type menu-item-object-page menu-item-6992\"><a href=\"https:\/\/cancerfertilityandme.org.uk\/adult-women\/fertility-preservation-options\/ovarian-tissue-freezing\/\" class=\"elementor-item\">Congelamento del tessuto ovarico<\/a><\/li>\n<li class=\"menu-item menu-item-type-post_type menu-item-object-page menu-item-6991\"><a href=\"https:\/\/cancerfertilityandme.org.uk\/adult-women\/fertility-preservation-options\/ovarian-suppression\/\" class=\"elementor-item\">Soppressione ovarica<\/a><\/li>\n<li class=\"menu-item menu-item-type-post_type menu-item-object-page menu-item-6986\"><a href=\"https:\/\/cancerfertilityandme.org.uk\/adult-women\/fertility-preservation-options\/cancer-specific-fertility-sparing-options\/\" class=\"elementor-item\">Procedure di conservazione di fertilit\u00e0 specifiche per alcuni tumori<\/a><\/li>\n<li class=\"menu-item menu-item-type-post_type menu-item-object-page menu-item-11368\"><a href=\"https:\/\/cancerfertilityandme.org.uk\/adult-women\/fertility-preservation-options\/other-cancer-treatments\/\" class=\"elementor-item\">Altri trattamenti antitumorali<\/a><\/li>\n<li class=\"menu-item menu-item-type-post_type menu-item-object-page menu-item-6993\"><a href=\"https:\/\/cancerfertilityandme.org.uk\/adult-women\/fertility-preservation-options\/questions-to-ask-your-cancer-fertility-care-teams\/\" class=\"elementor-item\">Domande da porre ai team di cura del cancro e della fertilit\u00e0<\/a><\/li>\n<\/ul>\t\t\t<\/nav>\n\t\t\t\t\t\t<nav class=\"elementor-nav-menu--dropdown elementor-nav-menu__container\" aria-hidden=\"true\">\n\t\t\t\t<ul id=\"menu-2-506af5cf\" class=\"elementor-nav-menu sm-vertical\"><li class=\"menu-item menu-item-type-post_type menu-item-object-page menu-item-6985\"><a href=\"https:\/\/cancerfertilityandme.org.uk\/adult-women\/fertility-preservation-options\/\" class=\"elementor-item\" tabindex=\"-1\">Le opzioni di conservazione della fertilit\u00e0<\/a><\/li>\n<li class=\"menu-item menu-item-type-post_type menu-item-object-page menu-item-6994\"><a href=\"https:\/\/cancerfertilityandme.org.uk\/adult-women\/fertility-preservation-options\/summary-of-fertility-preservation-options\/\" class=\"elementor-item\" tabindex=\"-1\">Riepilogo delle opzioni di conservazione della fertilit\u00e0<\/a><\/li>\n<li class=\"menu-item menu-item-type-post_type menu-item-object-page menu-item-6990\"><a href=\"https:\/\/cancerfertilityandme.org.uk\/adult-women\/fertility-preservation-options\/no-fertility-preservation\/\" class=\"elementor-item\" tabindex=\"-1\">Nessuna tutela della fertilit\u00e0<\/a><\/li>\n<li class=\"menu-item menu-item-type-post_type menu-item-object-page menu-item-6987\"><a href=\"https:\/\/cancerfertilityandme.org.uk\/adult-women\/fertility-preservation-options\/egg-freezing\/\" class=\"elementor-item\" tabindex=\"-1\">Congelamento degli ovuli<\/a><\/li>\n<li class=\"menu-item menu-item-type-post_type menu-item-object-page menu-item-6988\"><a href=\"https:\/\/cancerfertilityandme.org.uk\/adult-women\/fertility-preservation-options\/embryo-freezing\/\" class=\"elementor-item\" tabindex=\"-1\">Congelamento degli embrioni<\/a><\/li>\n<li class=\"menu-item menu-item-type-post_type menu-item-object-page menu-item-6992\"><a href=\"https:\/\/cancerfertilityandme.org.uk\/adult-women\/fertility-preservation-options\/ovarian-tissue-freezing\/\" class=\"elementor-item\" tabindex=\"-1\">Congelamento del tessuto ovarico<\/a><\/li>\n<li class=\"menu-item menu-item-type-post_type menu-item-object-page menu-item-6991\"><a href=\"https:\/\/cancerfertilityandme.org.uk\/adult-women\/fertility-preservation-options\/ovarian-suppression\/\" class=\"elementor-item\" tabindex=\"-1\">Soppressione ovarica<\/a><\/li>\n<li class=\"menu-item menu-item-type-post_type menu-item-object-page menu-item-6986\"><a href=\"https:\/\/cancerfertilityandme.org.uk\/adult-women\/fertility-preservation-options\/cancer-specific-fertility-sparing-options\/\" class=\"elementor-item\" tabindex=\"-1\">Procedure di conservazione di fertilit\u00e0 specifiche per alcuni tumori<\/a><\/li>\n<li class=\"menu-item menu-item-type-post_type menu-item-object-page menu-item-11368\"><a href=\"https:\/\/cancerfertilityandme.org.uk\/adult-women\/fertility-preservation-options\/other-cancer-treatments\/\" class=\"elementor-item\" tabindex=\"-1\">Altri trattamenti antitumorali<\/a><\/li>\n<li class=\"menu-item menu-item-type-post_type menu-item-object-page menu-item-6993\"><a href=\"https:\/\/cancerfertilityandme.org.uk\/adult-women\/fertility-preservation-options\/questions-to-ask-your-cancer-fertility-care-teams\/\" class=\"elementor-item\" tabindex=\"-1\">Domande da porre ai team di cura del cancro e della fertilit\u00e0<\/a><\/li>\n<\/ul>\t\t\t<\/nav>\n\t\t\t\t\t\t<\/div>\n\t\t\t\t<\/div>\n\t\t\t\t<\/div>\n\t\t\t\t<\/div>\n\t\t\t\t\t<\/div>\n\t\t\t\t<\/main>\n\t\t\t\t<\/div>\n\t\t","protected":false},"excerpt":{"rendered":"<p>Procedure di conservazione di fertilit\u00e0 specifiche per alcuni tumori Se ti \u00e8 stato diagnosticato un cancro del collo dell\u2019utero, o sei in trattamento con radioterapia in zona pelvica, potrebbero esserci alcuni trattamenti di conservazione della fertilit\u00e0 adatti a te. Questi sono forniti dal tuo team di cura del cancro e possono anche aiutare a preservare [&hellip;]<\/p>\n","protected":false},"author":1,"featured_media":0,"parent":6171,"menu_order":0,"comment_status":"closed","ping_status":"open","template":"","meta":{"footnotes":""},"class_list":["post-6183","page","type-page","status-publish","hentry"],"_links":{"self":[{"href":"https:\/\/cancerfertilityandme.org.uk\/it\/wp-json\/wp\/v2\/pages\/6183","targetHints":{"allow":["GET"]}}],"collection":[{"href":"https:\/\/cancerfertilityandme.org.uk\/it\/wp-json\/wp\/v2\/pages"}],"about":[{"href":"https:\/\/cancerfertilityandme.org.uk\/it\/wp-json\/wp\/v2\/types\/page"}],"author":[{"embeddable":true,"href":"https:\/\/cancerfertilityandme.org.uk\/it\/wp-json\/wp\/v2\/users\/1"}],"replies":[{"embeddable":true,"href":"https:\/\/cancerfertilityandme.org.uk\/it\/wp-json\/wp\/v2\/comments?post=6183"}],"version-history":[{"count":3,"href":"https:\/\/cancerfertilityandme.org.uk\/it\/wp-json\/wp\/v2\/pages\/6183\/revisions"}],"predecessor-version":[{"id":9473,"href":"https:\/\/cancerfertilityandme.org.uk\/it\/wp-json\/wp\/v2\/pages\/6183\/revisions\/9473"}],"up":[{"embeddable":true,"href":"https:\/\/cancerfertilityandme.org.uk\/it\/wp-json\/wp\/v2\/pages\/6171"}],"wp:attachment":[{"href":"https:\/\/cancerfertilityandme.org.uk\/it\/wp-json\/wp\/v2\/media?parent=6183"}],"curies":[{"name":"wp","href":"https:\/\/api.w.org\/{rel}","templated":true}]}}