{"id":6177,"date":"2018-11-21T09:23:31","date_gmt":"2018-11-21T09:23:31","guid":{"rendered":"https:\/\/cancerfertilityandme.org.uk\/congelamento-degli-embrioni\/"},"modified":"2025-11-17T10:58:28","modified_gmt":"2025-11-17T10:58:28","slug":"congelamento-degli-embrioni","status":"publish","type":"page","link":"https:\/\/cancerfertilityandme.org.uk\/it\/donne-adulte\/le-opzioni-di-conservazione-della-fertilita-2\/congelamento-degli-embrioni\/","title":{"rendered":"Congelamento degli embrioni"},"content":{"rendered":"\t\t<div data-elementor-type=\"wp-page\" data-elementor-id=\"6177\" class=\"elementor elementor-6177 elementor-5595\" data-elementor-post-type=\"page\">\n\t\t\t\t<main class=\"elementor-element elementor-element-7efa637e e-flex e-con-boxed e-con e-parent\" data-id=\"7efa637e\" data-element_type=\"container\" data-e-type=\"container\">\n\t\t\t\t\t<div class=\"e-con-inner\">\n\t\t<div class=\"elementor-element elementor-element-378bc36a e-con-full e-flex e-con e-child\" data-id=\"378bc36a\" data-element_type=\"container\" data-e-type=\"container\">\n\t\t\t\t<div class=\"elementor-element elementor-element-795788c4 elementor-widget elementor-widget-n-accordion\" data-id=\"795788c4\" data-element_type=\"widget\" data-e-type=\"widget\" data-settings=\"{&quot;default_state&quot;:&quot;all_collapsed&quot;,&quot;max_items_expended&quot;:&quot;one&quot;,&quot;n_accordion_animation_duration&quot;:{&quot;unit&quot;:&quot;ms&quot;,&quot;size&quot;:400,&quot;sizes&quot;:[]}}\" data-widget_type=\"nested-accordion.default\">\n\t\t\t\t<div class=\"elementor-widget-container\">\n\t\t\t\t\t\t\t<div class=\"e-n-accordion\" aria-label=\"Accordion. Open links with Enter or Space, close with Escape, and navigate with Arrow Keys\">\n\t\t\t\t\t\t<details id=\"e-n-accordion-item-2030\" class=\"e-n-accordion-item\" >\n\t\t\t\t<summary class=\"e-n-accordion-item-title\" data-accordion-index=\"1\" tabindex=\"0\" aria-expanded=\"false\" aria-controls=\"e-n-accordion-item-2030\" >\n\t\t\t\t\t<span class='e-n-accordion-item-title-header'><div class=\"e-n-accordion-item-title-text\"> Congelamento - introduzione <\/div><\/span>\n\t\t\t\t\t\t\t<span class='e-n-accordion-item-title-icon'>\n\t\t\t<span class='e-opened' ><svg aria-hidden=\"true\" class=\"e-font-icon-svg e-fas-minus\" viewBox=\"0 0 448 512\" xmlns=\"http:\/\/www.w3.org\/2000\/svg\"><path d=\"M416 208H32c-17.67 0-32 14.33-32 32v32c0 17.67 14.33 32 32 32h384c17.67 0 32-14.33 32-32v-32c0-17.67-14.33-32-32-32z\"><\/path><\/svg><\/span>\n\t\t\t<span class='e-closed'><svg aria-hidden=\"true\" class=\"e-font-icon-svg e-fas-plus\" viewBox=\"0 0 448 512\" xmlns=\"http:\/\/www.w3.org\/2000\/svg\"><path d=\"M416 208H272V64c0-17.67-14.33-32-32-32h-32c-17.67 0-32 14.33-32 32v144H32c-17.67 0-32 14.33-32 32v32c0 17.67 14.33 32 32 32h144v144c0 17.67 14.33 32 32 32h32c17.67 0 32-14.33 32-32V304h144c17.67 0 32-14.33 32-32v-32c0-17.67-14.33-32-32-32z\"><\/path><\/svg><\/span>\n\t\t<\/span>\n\n\t\t\t\t\t\t<\/summary>\n\t\t\t\t<div role=\"region\" aria-labelledby=\"e-n-accordion-item-2030\" class=\"elementor-element elementor-element-5516ae83 e-con-full e-flex e-con e-child\" data-id=\"5516ae83\" data-element_type=\"container\" data-e-type=\"container\" data-settings=\"{&quot;background_background&quot;:&quot;classic&quot;}\">\n\t\t\t\t<div class=\"elementor-element elementor-element-527e22d4 elementor-widget elementor-widget-text-editor\" data-id=\"527e22d4\" data-element_type=\"widget\" data-e-type=\"widget\" data-widget_type=\"text-editor.default\">\n\t\t\t\t<div class=\"elementor-widget-container\">\n\t\t\t\t\t\t\t\t\t<h3>Freezing<\/h3><p><strong>Esistono tre opzioni di congelamento che possono aiutare a preservare la fertilit\u00e0 di una donna:<\/strong><\/p><ul><li>Congelamento degli ovuli<\/li><li>Congelamento degli embrioni<\/li><li>Congelamento del tessuto ovarico<\/li><\/ul><p>Uova, embrioni e tessuti ovarici possono essere congelati e conservati per molti anni. Quando \u00e8 il momento giusto, possono quindi essere scongelati e utilizzati per una gravidanza dopo che il trattamento antitumorale \u00e8 stato completato. <\/p><p>Sono disponibili diversi metodi di congelamento per preservare ovuli, embrioni e tessuto ovarico. La crioconservazione \u00e8 un metodo di \u201ccongelamento lento\u201d. La vetrificazione \u00e8 un metodo pi\u00f9 recente di \u201ccongelamento rapido o flash\u201d. Questo metodo ha dimostrato di migliorare le possibilit\u00e0 che ovuli ed embrioni sopravvivano al processo di scongelamento e aumentare il tasso di successo della gravidanza.   <\/p><p>Alcune donne, se hanno un partner maschio, potrebbero essere in grado di congelare sia gli ovuli che gli embrioni. Potrebbero avere pi\u00f9 opzioni di fertilit\u00e0 a loro disposizione in futuro dopo il trattamento antitumorale. <\/p><p>Il congelamento del tessuto ovarico \u00e8 un nuovo metodo di conservazione della fertilit\u00e0. Questa potrebbe essere un\u2019altra opzione per le donne senza partner maschio. <\/p>\t\t\t\t\t\t\t\t<\/div>\n\t\t\t\t<\/div>\n\t\t\t\t<\/div>\n\t\t\t\t\t<\/details>\n\t\t\t\t\t<\/div>\n\t\t\t\t\t\t<\/div>\n\t\t\t\t<\/div>\n\t\t\t\t<div class=\"elementor-element elementor-element-7fab3355 elementor-widget elementor-widget-text-editor\" data-id=\"7fab3355\" data-element_type=\"widget\" data-e-type=\"widget\" data-widget_type=\"text-editor.default\">\n\t\t\t\t<div class=\"elementor-widget-container\">\n\t\t\t\t\t\t\t\t\t<h2>Congelamento degli embrioni<\/h2><p><strong>Questa opzione significa che gli ovuli maturi vengono prelevati dall\u2019ovaio di una donna e fecondati con lo sperma attraverso la fecondazione in vitro (FIV). Questo viene fatto in un laboratorio. Gli ovuli fecondati (embrioni) vengono quindi congelati e conservati per un uso futuro. Quando una donna \u00e8 pronta per una gravidanza, gli embrioni immagazzinati vengono reimmessi nell\u2019utero.   <\/strong><\/p><h3>A chi \u00e8 destinato?<\/h3><p>Donne che hanno attraversato la pubert\u00e0 e:<\/p><ul><li>Hanno sufficiente tempo a disposizione per passare attraverso un ciclo di trattamento della fertilit\u00e0, prima di iniziare il trattamento antitumorale<\/li><li>Hanno un partner di sesso maschile, poich\u00e9, per fecondare l\u2019ovulo sono necessari sia gli ovuli che lo sperma.<\/li><\/ul><h3>Che cosa richiede?<\/h3><p>Avrai bisogno di iniezioni di ormoni per stimolare le ovaie (stimolazione ovarica) per circa 2 settimane. Gli ovuli vengono quindi raccolti attraverso un ago sottile, passato attraverso la parete della vagina fino alle ovaie. Questo viene fatto sotto anestesia. Potresti essere dimessa dall\u2019ospedale entro qualche ora.   <\/p><p>Se hai una relazione e crei e conservi un embrione con il tuo partner maschile, avrai bisogno del consenso del tuo partner prima che gli embrioni possano essere utilizzati. Questo \u00e8 importante, perch\u00e9 se in seguito vi separaste, il partner potrebbe non volere che tu usi gli embrioni immagazzinati. <\/p><p> Se non hai un partner maschile, l\u2019uso del seme di un donatore \u00e8 un\u2019opzione. Se scegli questa opzione, \u00e8 importante sapere che il donatore pu\u00f2 cambiare idea e non consentire l\u2019uso di embrioni realizzati con il suo seme. <\/p><p>Gli embrioni congelati possono essere conservati per 10 anni. Questo pu\u00f2 essere aumentato di periodi di 10 anni (fino a 55 anni in totale) in alcune situazioni. <\/p><h3>Qual \u00e8 la probabilit\u00e0 di avere un bambino dopo il congelamento degli embrioni?<\/h3><p>\u00c8 difficile essere certi di quanto sia probabile che il congelamento degli embrioni si traduca in un parto di successo. Il numero di malati di cancro, che hanno usato embrioni congelati \u00e8 basso. La maggior parte dei dati proviene da donne senza cancro, che hanno utilizzato un embrione congelato per avere un bambino.  <\/p><p>Questi dati mostrano che la probabilit\u00e0 che il congelamento degli embrioni aiuti una donna ad avere un bambino, dopo il trattamento antitumorale \u00e8 di circa 30 su 100 (circa il 30%).<\/p><p>La probabilit\u00e0 di avere un bambino dopo il congelamento degli ovuli, dipende da una serie di fattori. Questi sono: <\/p><ul><li>La tua et\u00e0 al momento della raccolta degli ovuli. Le donne di et\u00e0 inferiore ai 35 anni hanno maggiori possibilit\u00e0. Si tratta di circa 40 su 100 (40%). Le donne sopra i 35 anni avranno meno probabilit\u00e0. Si tratta di circa 20 su 100 (20%).    <\/li><li>Il numero di ovuli raccolti.<\/li><li>Il numero e la qualit\u00e0 degli embrioni congelati.<\/li><li>La salute dello sperma del tuo partner.<\/li><li>La clinica della fertilit\u00e0 dove \u00e8 stato effettuato il congelamento degli ovuli.<\/li><\/ul><p>Per ulteriori informazioni sui casi di successo medi nazionali, e sul numero di nati vivi con successo per ciascuna clinica per la fertilit\u00e0 autorizzata, visitare il sito Web dell\u2019Autorit\u00e0 per la fecondazione e l\u2019embriologia umana (HFEA <a href=\"http:\/\/www.hfea.gov.uk\" target=\"_blank\" rel=\"noopener\">www.hfea.gov.uk.<\/a><\/p><h3>Questa opzione influenzer\u00e0 la salute del bambino?<\/h3><p>No, i dati suggeriscono che l\u2019uso del congelamento degli embrioni non danneggia la salute del nascituro.<\/p><h3>Ci sono effetti collaterali del trattamento della fertilit\u00e0 utilizzato nel congelamento degli ovuli?<\/h3><p>I farmaci per la fertilit\u00e0 usati per stimolare le ovaie possono causare effetti collaterali, come mal di testa, cambiamenti di umore, vampate di calore e irritazioni della pelle. I farmaci per la fertilit\u00e0 possono anche indurre una stimolazione eccessiva delle ovaie e questo pu\u00f2 causare a una condizione chiamata OHSS. Una volta iniziato il trattamento, chiedi al tuo team di assistenza per la fertilit\u00e0 dei sintomi di questa condizione e come contattarli se necessario.  <\/p><p>Quando le ovaie sono stimolate a produrre molti ovuli, i livelli dell\u2019ormone estrogeno aumentano. Questo potrebbe essere un rischio per le donne che hanno un cancro al seno sensibile agli estrogeni. A queste donne pu\u00f2 essere somministrato un farmaco chiamato Letrozolo (Femara). Questo abbassa i livelli di estrogeni nel flusso sanguigno.   <\/p><p>Nel tentativo di ottenere ovociti c\u2019\u00e8 la probabilit\u00e0 di sanguinamento, infezioni e perforazione dell\u2019intestino, ma questa eventualit\u00e0 \u00e8 rara.<\/p><p>Questa procedura potrebbe risultare rischiosa per donne con tumori in zona pelvica, nel caso in cui l\u2019operazione causi una fuoriuscita di cellule tumorali dall\u2019ovaio nell\u2019addome dopo la raccolta degli ovuli.<\/p><p>Se viene sostituito pi\u00f9 di un embrione, c\u2019\u00e8 la probabilit\u00e0 di nascite multiple (p. es., gemelli, triplette). Tutte le gravidanze comportano il rischio di aborto spontaneo e gravidanza ectopica (una gravidanza al di fuori dell\u2019utero). <\/p><p>La fecondazione in vitro pu\u00f2 essere fisicamente ed emotivamente estenuante e la gravidanza potrebbe non avvenire.<\/p><h3>Questa opzione ritarder\u00e0 l\u2019inizio del mio trattamento antitumorale?<\/h3><p>Ci vogliono circa due settimane dall\u2019inizio della stimolazione ovarica, fino al momento della raccolta degli ovuli. Il tempo precedente all\u2019inizio della stimolazione pu\u00f2 variare. Dipende da cose come, a che punto \u00e8 una donna nel suo ciclo mestruale. Questa opzione potrebbe non essere adatta per le donne con tumori come la leucemia, alcuni linfomi e sarcomi che potrebbero aver bisogno di un trattamento immediato. Se si verifica l\u2019OHSS, ci\u00f2 pu\u00f2 causare un ritardo ulteriore all\u2019inizio del trattamento antitumorale.    <\/p><h3>Questa opzione influenzer\u00e0 le mie probabilit\u00e0 che il cancro si sviluppi di nuovo?<\/h3><p>Non ci sono dati che suggeriscano che il congelamento degli ovuli, influisca sulle probabilit\u00e0 che i tumori crescano o ritornino.<\/p>\t\t\t\t\t\t\t\t<\/div>\n\t\t\t\t<\/div>\n\t\t<div class=\"elementor-element elementor-element-43614ce8 e-con-full e-flex e-con e-child\" data-id=\"43614ce8\" data-element_type=\"container\" data-e-type=\"container\" data-settings=\"{&quot;background_background&quot;:&quot;classic&quot;}\">\n\t\t\t\t<div class=\"elementor-element elementor-element-70da4ea4 elementor-widget elementor-widget-text-editor\" data-id=\"70da4ea4\" data-element_type=\"widget\" data-e-type=\"widget\" data-widget_type=\"text-editor.default\">\n\t\t\t\t<div class=\"elementor-widget-container\">\n\t\t\t\t\t\t\t\t\t<p><strong>Potresti trovare utile annotare cosa ti piace di questa opzione e cosa ti preoccupa di questa opzione.<\/strong><\/p><p>Questi appunti potrebbero aiutarti a valutare se questa opzione \u00e8 la migliore per te con il tuo team di cura del cancro, il team di cura della fertilit\u00e0, il tuo partner, la tua famiglia e i tuoi amici:<\/p>\t\t\t\t\t\t\t\t<\/div>\n\t\t\t\t<\/div>\n\t\t\t\t<\/div>\n\t\t\t\t<\/div>\n\t\t<div class=\"elementor-element elementor-element-3afc403 e-con-full e-flex e-con e-child\" data-id=\"3afc403\" data-element_type=\"container\" data-e-type=\"container\">\n\t\t<div class=\"elementor-element elementor-element-48d7c580 e-con-full e-flex e-con e-child\" data-id=\"48d7c580\" data-element_type=\"container\" data-e-type=\"container\">\n\t\t\t\t<div class=\"elementor-element elementor-element-1873bc03 elementor-widget elementor-widget-image\" data-id=\"1873bc03\" data-element_type=\"widget\" data-e-type=\"widget\" data-widget_type=\"image.default\">\n\t\t\t\t<div class=\"elementor-widget-container\">\n\t\t\t\t\t\t\t\t\t\t\t\t\t\t\t\t<a href=\"http:\/\/.\/\">\n\t\t\t\t\t\t\t<img fetchpriority=\"high\" decoding=\"async\" width=\"400\" height=\"440\" src=\"https:\/\/cancerfertilityandme.org.uk\/wp-content\/uploads\/cancerfertilityandme-logo-column-adult-women.png\" class=\"attachment-full size-full wp-image-2282\" alt=\"\" srcset=\"https:\/\/cancerfertilityandme.org.uk\/wp-content\/uploads\/cancerfertilityandme-logo-column-adult-women.png 400w, https:\/\/cancerfertilityandme.org.uk\/wp-content\/uploads\/cancerfertilityandme-logo-column-adult-women-273x300.png 273w\" sizes=\"(max-width: 400px) 100vw, 400px\" \/>\t\t\t\t\t\t\t\t<\/a>\n\t\t\t\t\t\t\t\t\t\t\t\t\t\t\t<\/div>\n\t\t\t\t<\/div>\n\t\t\t\t<\/div>\n\t\t<div class=\"elementor-element elementor-element-14059c76 e-con-full e-flex e-con e-child\" data-id=\"14059c76\" data-element_type=\"container\" data-e-type=\"container\">\n\t\t\t\t<div class=\"elementor-element elementor-element-122ede8b elementor-widget elementor-widget-heading\" data-id=\"122ede8b\" data-element_type=\"widget\" data-e-type=\"widget\" data-widget_type=\"heading.default\">\n\t\t\t\t<div class=\"elementor-widget-container\">\n\t\t\t\t\t<h3 class=\"elementor-heading-title elementor-size-default\">Segui questi link per ulteriori informazioni<\/h3>\t\t\t\t<\/div>\n\t\t\t\t<\/div>\n\t\t\t\t<div class=\"elementor-element elementor-element-4ebc2425 elementor-nav-menu--dropdown-none elementor-widget elementor-widget-nav-menu\" data-id=\"4ebc2425\" data-element_type=\"widget\" data-e-type=\"widget\" data-settings=\"{&quot;layout&quot;:&quot;vertical&quot;,&quot;submenu_icon&quot;:{&quot;value&quot;:&quot;&lt;svg aria-hidden=\\&quot;true\\&quot; class=\\&quot;e-font-icon-svg e-fas-caret-down\\&quot; viewBox=\\&quot;0 0 320 512\\&quot; xmlns=\\&quot;http:\\\/\\\/www.w3.org\\\/2000\\\/svg\\&quot;&gt;&lt;path d=\\&quot;M31.3 192h257.3c17.8 0 26.7 21.5 14.1 34.1L174.1 354.8c-7.8 7.8-20.5 7.8-28.3 0L17.2 226.1C4.6 213.5 13.5 192 31.3 192z\\&quot;&gt;&lt;\\\/path&gt;&lt;\\\/svg&gt;&quot;,&quot;library&quot;:&quot;fa-solid&quot;}}\" data-widget_type=\"nav-menu.default\">\n\t\t\t\t<div class=\"elementor-widget-container\">\n\t\t\t\t\t\t\t\t<nav aria-label=\"Menu\" class=\"elementor-nav-menu--main elementor-nav-menu__container elementor-nav-menu--layout-vertical e--pointer-none\">\n\t\t\t\t<ul id=\"menu-1-4ebc2425\" class=\"elementor-nav-menu sm-vertical\"><li class=\"menu-item menu-item-type-post_type menu-item-object-page menu-item-6985\"><a href=\"https:\/\/cancerfertilityandme.org.uk\/adult-women\/fertility-preservation-options\/\" class=\"elementor-item\">Le opzioni di conservazione della fertilit\u00e0<\/a><\/li>\n<li class=\"menu-item menu-item-type-post_type menu-item-object-page menu-item-6994\"><a href=\"https:\/\/cancerfertilityandme.org.uk\/adult-women\/fertility-preservation-options\/summary-of-fertility-preservation-options\/\" class=\"elementor-item\">Riepilogo delle opzioni di conservazione della fertilit\u00e0<\/a><\/li>\n<li class=\"menu-item menu-item-type-post_type menu-item-object-page menu-item-6990\"><a href=\"https:\/\/cancerfertilityandme.org.uk\/adult-women\/fertility-preservation-options\/no-fertility-preservation\/\" class=\"elementor-item\">Nessuna tutela della fertilit\u00e0<\/a><\/li>\n<li class=\"menu-item menu-item-type-post_type menu-item-object-page menu-item-6987\"><a href=\"https:\/\/cancerfertilityandme.org.uk\/adult-women\/fertility-preservation-options\/egg-freezing\/\" class=\"elementor-item\">Congelamento degli ovuli<\/a><\/li>\n<li class=\"menu-item menu-item-type-post_type menu-item-object-page menu-item-6988\"><a href=\"https:\/\/cancerfertilityandme.org.uk\/adult-women\/fertility-preservation-options\/embryo-freezing\/\" class=\"elementor-item\">Congelamento degli embrioni<\/a><\/li>\n<li class=\"menu-item menu-item-type-post_type menu-item-object-page menu-item-6992\"><a href=\"https:\/\/cancerfertilityandme.org.uk\/adult-women\/fertility-preservation-options\/ovarian-tissue-freezing\/\" class=\"elementor-item\">Congelamento del tessuto ovarico<\/a><\/li>\n<li class=\"menu-item menu-item-type-post_type menu-item-object-page menu-item-6991\"><a href=\"https:\/\/cancerfertilityandme.org.uk\/adult-women\/fertility-preservation-options\/ovarian-suppression\/\" class=\"elementor-item\">Soppressione ovarica<\/a><\/li>\n<li class=\"menu-item menu-item-type-post_type menu-item-object-page menu-item-6986\"><a href=\"https:\/\/cancerfertilityandme.org.uk\/adult-women\/fertility-preservation-options\/cancer-specific-fertility-sparing-options\/\" class=\"elementor-item\">Procedure di conservazione di fertilit\u00e0 specifiche per alcuni tumori<\/a><\/li>\n<li class=\"menu-item menu-item-type-post_type menu-item-object-page menu-item-11368\"><a href=\"https:\/\/cancerfertilityandme.org.uk\/adult-women\/fertility-preservation-options\/other-cancer-treatments\/\" class=\"elementor-item\">Altri trattamenti antitumorali<\/a><\/li>\n<li class=\"menu-item menu-item-type-post_type menu-item-object-page menu-item-6993\"><a href=\"https:\/\/cancerfertilityandme.org.uk\/adult-women\/fertility-preservation-options\/questions-to-ask-your-cancer-fertility-care-teams\/\" class=\"elementor-item\">Domande da porre ai team di cura del cancro e della fertilit\u00e0<\/a><\/li>\n<\/ul>\t\t\t<\/nav>\n\t\t\t\t\t\t<nav class=\"elementor-nav-menu--dropdown elementor-nav-menu__container\" aria-hidden=\"true\">\n\t\t\t\t<ul id=\"menu-2-4ebc2425\" class=\"elementor-nav-menu sm-vertical\"><li class=\"menu-item menu-item-type-post_type menu-item-object-page menu-item-6985\"><a href=\"https:\/\/cancerfertilityandme.org.uk\/adult-women\/fertility-preservation-options\/\" class=\"elementor-item\" tabindex=\"-1\">Le opzioni di conservazione della fertilit\u00e0<\/a><\/li>\n<li class=\"menu-item menu-item-type-post_type menu-item-object-page menu-item-6994\"><a href=\"https:\/\/cancerfertilityandme.org.uk\/adult-women\/fertility-preservation-options\/summary-of-fertility-preservation-options\/\" class=\"elementor-item\" tabindex=\"-1\">Riepilogo delle opzioni di conservazione della fertilit\u00e0<\/a><\/li>\n<li class=\"menu-item menu-item-type-post_type menu-item-object-page menu-item-6990\"><a href=\"https:\/\/cancerfertilityandme.org.uk\/adult-women\/fertility-preservation-options\/no-fertility-preservation\/\" class=\"elementor-item\" tabindex=\"-1\">Nessuna tutela della fertilit\u00e0<\/a><\/li>\n<li class=\"menu-item menu-item-type-post_type menu-item-object-page menu-item-6987\"><a href=\"https:\/\/cancerfertilityandme.org.uk\/adult-women\/fertility-preservation-options\/egg-freezing\/\" class=\"elementor-item\" tabindex=\"-1\">Congelamento degli ovuli<\/a><\/li>\n<li class=\"menu-item menu-item-type-post_type menu-item-object-page menu-item-6988\"><a href=\"https:\/\/cancerfertilityandme.org.uk\/adult-women\/fertility-preservation-options\/embryo-freezing\/\" class=\"elementor-item\" tabindex=\"-1\">Congelamento degli embrioni<\/a><\/li>\n<li class=\"menu-item menu-item-type-post_type menu-item-object-page menu-item-6992\"><a href=\"https:\/\/cancerfertilityandme.org.uk\/adult-women\/fertility-preservation-options\/ovarian-tissue-freezing\/\" class=\"elementor-item\" tabindex=\"-1\">Congelamento del tessuto ovarico<\/a><\/li>\n<li class=\"menu-item menu-item-type-post_type menu-item-object-page menu-item-6991\"><a href=\"https:\/\/cancerfertilityandme.org.uk\/adult-women\/fertility-preservation-options\/ovarian-suppression\/\" class=\"elementor-item\" tabindex=\"-1\">Soppressione ovarica<\/a><\/li>\n<li class=\"menu-item menu-item-type-post_type menu-item-object-page menu-item-6986\"><a href=\"https:\/\/cancerfertilityandme.org.uk\/adult-women\/fertility-preservation-options\/cancer-specific-fertility-sparing-options\/\" class=\"elementor-item\" tabindex=\"-1\">Procedure di conservazione di fertilit\u00e0 specifiche per alcuni tumori<\/a><\/li>\n<li class=\"menu-item menu-item-type-post_type menu-item-object-page menu-item-11368\"><a href=\"https:\/\/cancerfertilityandme.org.uk\/adult-women\/fertility-preservation-options\/other-cancer-treatments\/\" class=\"elementor-item\" tabindex=\"-1\">Altri trattamenti antitumorali<\/a><\/li>\n<li class=\"menu-item menu-item-type-post_type menu-item-object-page menu-item-6993\"><a href=\"https:\/\/cancerfertilityandme.org.uk\/adult-women\/fertility-preservation-options\/questions-to-ask-your-cancer-fertility-care-teams\/\" class=\"elementor-item\" tabindex=\"-1\">Domande da porre ai team di cura del cancro e della fertilit\u00e0<\/a><\/li>\n<\/ul>\t\t\t<\/nav>\n\t\t\t\t\t\t<\/div>\n\t\t\t\t<\/div>\n\t\t\t\t<\/div>\n\t\t\t\t<\/div>\n\t\t\t\t\t<\/div>\n\t\t\t\t<\/main>\n\t\t\t\t<\/div>\n\t\t","protected":false},"excerpt":{"rendered":"<p>Congelamento &#8211; introduzione Freezing Esistono tre opzioni di congelamento che possono aiutare a preservare la fertilit\u00e0 di una donna: Congelamento degli ovuli Congelamento degli embrioni Congelamento del tessuto ovarico Uova, embrioni e tessuti ovarici possono essere congelati e conservati per molti anni. Quando \u00e8 il momento giusto, possono quindi essere scongelati e utilizzati per una [&hellip;]<\/p>\n","protected":false},"author":1,"featured_media":0,"parent":6171,"menu_order":0,"comment_status":"closed","ping_status":"open","template":"","meta":{"footnotes":""},"class_list":["post-6177","page","type-page","status-publish","hentry"],"_links":{"self":[{"href":"https:\/\/cancerfertilityandme.org.uk\/it\/wp-json\/wp\/v2\/pages\/6177","targetHints":{"allow":["GET"]}}],"collection":[{"href":"https:\/\/cancerfertilityandme.org.uk\/it\/wp-json\/wp\/v2\/pages"}],"about":[{"href":"https:\/\/cancerfertilityandme.org.uk\/it\/wp-json\/wp\/v2\/types\/page"}],"author":[{"embeddable":true,"href":"https:\/\/cancerfertilityandme.org.uk\/it\/wp-json\/wp\/v2\/users\/1"}],"replies":[{"embeddable":true,"href":"https:\/\/cancerfertilityandme.org.uk\/it\/wp-json\/wp\/v2\/comments?post=6177"}],"version-history":[{"count":3,"href":"https:\/\/cancerfertilityandme.org.uk\/it\/wp-json\/wp\/v2\/pages\/6177\/revisions"}],"predecessor-version":[{"id":9493,"href":"https:\/\/cancerfertilityandme.org.uk\/it\/wp-json\/wp\/v2\/pages\/6177\/revisions\/9493"}],"up":[{"embeddable":true,"href":"https:\/\/cancerfertilityandme.org.uk\/it\/wp-json\/wp\/v2\/pages\/6171"}],"wp:attachment":[{"href":"https:\/\/cancerfertilityandme.org.uk\/it\/wp-json\/wp\/v2\/media?parent=6177"}],"curies":[{"name":"wp","href":"https:\/\/api.w.org\/{rel}","templated":true}]}}