{"id":6151,"date":"2018-11-07T09:36:40","date_gmt":"2018-11-07T09:36:40","guid":{"rendered":"https:\/\/cancerfertilityandme.org.uk\/in-che-modo-i-trattamenti-antitumorali-influenzano-la-fertilita\/"},"modified":"2026-03-03T16:00:44","modified_gmt":"2026-03-03T16:00:44","slug":"in-che-modo-i-trattamenti-antitumorali-influenzano-la-fertilita","status":"publish","type":"page","link":"https:\/\/cancerfertilityandme.org.uk\/it\/donne-adulte\/cancro-fertilita-e-la-sistema-riproduttivo\/in-che-modo-i-trattamenti-antitumorali-influenzano-la-fertilita\/","title":{"rendered":"In che modo i trattamenti antitumorali influenzano la fertilit\u00e0"},"content":{"rendered":"\t\t<div data-elementor-type=\"wp-page\" data-elementor-id=\"6151\" class=\"elementor elementor-6151 elementor-5393\" data-elementor-post-type=\"page\">\n\t\t\t\t<main class=\"elementor-element elementor-element-78156deb e-flex e-con-boxed e-con e-parent\" data-id=\"78156deb\" data-element_type=\"container\" data-e-type=\"container\">\n\t\t\t\t\t<div class=\"e-con-inner\">\n\t\t<div class=\"elementor-element elementor-element-4290a5d9 e-con-full e-flex e-con e-child\" data-id=\"4290a5d9\" data-element_type=\"container\" data-e-type=\"container\">\n\t\t\t\t<div class=\"elementor-element elementor-element-62c0ba8d elementor-widget elementor-widget-text-editor\" data-id=\"62c0ba8d\" data-element_type=\"widget\" data-e-type=\"widget\" data-widget_type=\"text-editor.default\">\n\t\t\t\t<div class=\"elementor-widget-container\">\n\t\t\t\t\t\t\t\t\t<h2>In che modo i trattamenti antitumorali influenzano la fertilit\u00e0<\/h2><p>La probabilit\u00e0 che una donna contragga un problema di fertilit\u00e0 dal suo trattamento antitumorale dipende da molte cose.<\/p><p>Questi includono la sua et\u00e0, fertilit\u00e0 e salute prima del cancro, il tipo di cancro e il tipo di trattamento antitumorale che riceve.<\/p><p>A causa delle molte cose che possono avere un effetto sulla fertilit\u00e0, \u00e8 difficile sapere con certezza come sar\u00e0 influenzata la fertilit\u00e0 di una donna. Tuttavia, non tutte le donne che hanno un trattamento antitumorale avranno problemi di fertilit\u00e0 in futuro.  \u00c8 difficile sapere se il problema della fertilit\u00e0 durer\u00e0 oltre la fine del completamento del trattamento antitumorale. <\/p><p>Per questi motivi potresti voler discutere della probabilit\u00e0 di futuri problemi di fertilit\u00e0 con il tuo team di cura del cancro e il team di cura della fertilit\u00e0, prima di iniziare il trattamento antitumorale.<\/p><p>Sia il team per la cura del cancro che il team per la cura della fertilit\u00e0 parlano con le donne del loro tipo di cancro, e il loro trattamento antitumorale. Cercano di capire come il trattamento antitumorale pu\u00f2 avere un impatto sulla loro fertilit\u00e0. <\/p><p>I principali tipi di trattamenti antitumorali sono la chemioterapia, la radioterapia, la chirurgia, la terapia ormonale e la terapia mirata e funzionano tutti in modi diversi. Dovrai chiedere al tuo team di assistenza oncologica quali sono le probabilit\u00e0 di infertilit\u00e0 indotte da ciascuna opzione di trattamento antitumorale che ti viene offerta. <\/p><p><b>Il grafico seguente<\/b> mostra come il trattamento antitumorale possa influire sulla fertilit\u00e0. Mostra come il numero di ovuli che una donna ha (la sua riserva ovarica), possa essere ridotto dopo il trattamento antitumorale. L\u2019area ombreggiata nel grafico, illustra che la fertilit\u00e0 di una donna pu\u00f2 essere compromessa a seconda della sua et\u00e0 e del trattamento antitumorale che le \u00e8 stato somministrato.  <\/p><p>La fertilit\u00e0 nelle donne pu\u00f2 essere una delle 3 opzione come da l\u2019immagine. Parla con il tuo team di assistenza oncologica per saperne di pi\u00f9 su come il trattamento antitumorale e la tua et\u00e0 possono influenzare la tua fertilit\u00e0. <\/p>\t\t\t\t\t\t\t\t<\/div>\n\t\t\t\t<\/div>\n\t\t\t\t<div class=\"elementor-element elementor-element-0be0d05 elementor-widget elementor-widget-image\" data-id=\"0be0d05\" data-element_type=\"widget\" data-e-type=\"widget\" data-widget_type=\"image.default\">\n\t\t\t\t<div class=\"elementor-widget-container\">\n\t\t\t\t\t\t\t\t\t\t\t\t\t\t\t<img fetchpriority=\"high\" decoding=\"async\" width=\"800\" height=\"319\" src=\"https:\/\/cancerfertilityandme.org.uk\/wp-content\/uploads\/IT-01-1-2-1024x408.png\" class=\"attachment-large size-large wp-image-10886\" alt=\"Come il trattamento antitumorale pu\u00f2 influenzare la fertilit\u00e0\" srcset=\"https:\/\/cancerfertilityandme.org.uk\/wp-content\/uploads\/IT-01-1-2-1024x408.png 1024w, https:\/\/cancerfertilityandme.org.uk\/wp-content\/uploads\/IT-01-1-2-300x120.png 300w, https:\/\/cancerfertilityandme.org.uk\/wp-content\/uploads\/IT-01-1-2-768x306.png 768w, https:\/\/cancerfertilityandme.org.uk\/wp-content\/uploads\/IT-01-1-2.png 1301w\" sizes=\"(max-width: 800px) 100vw, 800px\" \/>\t\t\t\t\t\t\t\t\t\t\t\t\t\t\t<\/div>\n\t\t\t\t<\/div>\n\t\t\t\t<div class=\"elementor-element elementor-element-aaf87e5 elementor-widget elementor-widget-text-editor\" data-id=\"aaf87e5\" data-element_type=\"widget\" data-e-type=\"widget\" data-widget_type=\"text-editor.default\">\n\t\t\t\t<div class=\"elementor-widget-container\">\n\t\t\t\t\t\t\t\t\t<p>Durante il trattamento antitumorale, \u00e8 possibile che le mestruazioni si interrompano o diventino irregolari. Questi cambiamenti possono essere temporanei o permanenti. <\/p><p><strong>Temporaneo <\/strong>: Se le modifiche al ciclo mestruale sono temporanee, le mestruazioni torneranno dopo il trattamento antitumorale. Ci\u00f2 potrebbe accadere entro pochi mesi o potrebbe richiedere fino ad un anno o pi\u00f9. Pi\u00f9 sei giovane durante il trattamento chemioterapico specialmente se hai meno di 35 anni, pi\u00f9 \u00e8 probabile che le mestruazioni ritornino. Il numero di anni in cui sei fertile potrebbe, per\u00f2, diminuire. Anche se le tue mestruazioni tornano, questo non significa necessariamente che sarai in grado di rimanere incinta in futuro.    <\/p><p><strong>Permanente <\/strong>: Se le modifiche al ciclo mestruale sono permanenti, significa che i tuoi cicli non torneranno dopo il trattamento antitumorale e invece avr\u00e0 inizio la menopausa. Le donne di et\u00e0 superiore ai 35 anni hanno maggiori probabilit\u00e0 di essere sterili dopo il trattamento antitumorale. <\/p><p>Se le mestruazioni si fermano durante il trattamento antitumorale, potresti comunque rimanere incinta. Tuttavia, si consiglia vivamente di non programmare di concepire durante il trattamento antitumorale. <\/p>\t\t\t\t\t\t\t\t<\/div>\n\t\t\t\t<\/div>\n\t\t\t\t<\/div>\n\t\t<div class=\"elementor-element elementor-element-1eca450f e-con-full e-flex e-con e-child\" data-id=\"1eca450f\" data-element_type=\"container\" data-e-type=\"container\">\n\t\t<div class=\"elementor-element elementor-element-48025207 e-con-full e-flex e-con e-child\" data-id=\"48025207\" data-element_type=\"container\" data-e-type=\"container\">\n\t\t\t\t<div class=\"elementor-element elementor-element-214191e5 elementor-widget elementor-widget-image\" data-id=\"214191e5\" data-element_type=\"widget\" data-e-type=\"widget\" data-widget_type=\"image.default\">\n\t\t\t\t<div class=\"elementor-widget-container\">\n\t\t\t\t\t\t\t\t\t\t\t\t\t\t\t\t<a href=\"http:\/\/.\/\">\n\t\t\t\t\t\t\t<img decoding=\"async\" width=\"400\" height=\"440\" src=\"https:\/\/cancerfertilityandme.org.uk\/wp-content\/uploads\/cancerfertilityandme-logo-column-adult-women.png\" class=\"attachment-full size-full wp-image-2282\" alt=\"\" srcset=\"https:\/\/cancerfertilityandme.org.uk\/wp-content\/uploads\/cancerfertilityandme-logo-column-adult-women.png 400w, https:\/\/cancerfertilityandme.org.uk\/wp-content\/uploads\/cancerfertilityandme-logo-column-adult-women-273x300.png 273w\" sizes=\"(max-width: 400px) 100vw, 400px\" \/>\t\t\t\t\t\t\t\t<\/a>\n\t\t\t\t\t\t\t\t\t\t\t\t\t\t\t<\/div>\n\t\t\t\t<\/div>\n\t\t\t\t<\/div>\n\t\t<div class=\"elementor-element elementor-element-214bcecf e-con-full e-flex e-con e-child\" data-id=\"214bcecf\" data-element_type=\"container\" data-e-type=\"container\">\n\t\t\t\t<div class=\"elementor-element elementor-element-43339a39 elementor-widget elementor-widget-heading\" data-id=\"43339a39\" data-element_type=\"widget\" data-e-type=\"widget\" data-widget_type=\"heading.default\">\n\t\t\t\t<div class=\"elementor-widget-container\">\n\t\t\t\t\t<h3 class=\"elementor-heading-title elementor-size-default\">Segui questi link per ulteriori informazioni<\/h3>\t\t\t\t<\/div>\n\t\t\t\t<\/div>\n\t\t\t\t<div class=\"elementor-element elementor-element-6ae8ee76 elementor-nav-menu--dropdown-none elementor-widget elementor-widget-nav-menu\" data-id=\"6ae8ee76\" data-element_type=\"widget\" data-e-type=\"widget\" data-settings=\"{&quot;layout&quot;:&quot;vertical&quot;,&quot;submenu_icon&quot;:{&quot;value&quot;:&quot;&lt;svg aria-hidden=\\&quot;true\\&quot; class=\\&quot;e-font-icon-svg e-fas-caret-down\\&quot; viewBox=\\&quot;0 0 320 512\\&quot; xmlns=\\&quot;http:\\\/\\\/www.w3.org\\\/2000\\\/svg\\&quot;&gt;&lt;path d=\\&quot;M31.3 192h257.3c17.8 0 26.7 21.5 14.1 34.1L174.1 354.8c-7.8 7.8-20.5 7.8-28.3 0L17.2 226.1C4.6 213.5 13.5 192 31.3 192z\\&quot;&gt;&lt;\\\/path&gt;&lt;\\\/svg&gt;&quot;,&quot;library&quot;:&quot;fa-solid&quot;}}\" data-widget_type=\"nav-menu.default\">\n\t\t\t\t<div class=\"elementor-widget-container\">\n\t\t\t\t\t\t\t\t<nav aria-label=\"Menu\" class=\"elementor-nav-menu--main elementor-nav-menu__container elementor-nav-menu--layout-vertical e--pointer-none\">\n\t\t\t\t<ul id=\"menu-1-6ae8ee76\" class=\"elementor-nav-menu sm-vertical\"><li class=\"menu-item menu-item-type-post_type menu-item-object-page menu-item-6859\"><a href=\"https:\/\/cancerfertilityandme.org.uk\/adult-women\/cancer-fertility-and-the-reproductive-system\/\" class=\"elementor-item\">Cancro, fertilit\u00e0 e la sistema riproduttivo<\/a><\/li>\n<li class=\"menu-item menu-item-type-post_type menu-item-object-page menu-item-6853\"><a href=\"https:\/\/cancerfertilityandme.org.uk\/adult-women\/cancer-fertility-and-the-reproductive-system\/how-cancer-treatments-affect-fertility\/\" class=\"elementor-item\">In che modo i trattamenti antitumorali influenzano la fertilit\u00e0<\/a><\/li>\n<li class=\"menu-item menu-item-type-post_type menu-item-object-page menu-item-6851\"><a href=\"https:\/\/cancerfertilityandme.org.uk\/adult-women\/cancer-fertility-and-the-reproductive-system\/chemotherapy\/\" class=\"elementor-item\">Chemotherapy<\/a><\/li>\n<li class=\"menu-item menu-item-type-post_type menu-item-object-page menu-item-6856\"><a href=\"https:\/\/cancerfertilityandme.org.uk\/adult-women\/cancer-fertility-and-the-reproductive-system\/radiotherapy\/\" class=\"elementor-item\">Radioterapia<\/a><\/li>\n<li class=\"menu-item menu-item-type-post_type menu-item-object-page menu-item-6857\"><a href=\"https:\/\/cancerfertilityandme.org.uk\/adult-women\/cancer-fertility-and-the-reproductive-system\/surgery\/\" class=\"elementor-item\">Chirurgia<\/a><\/li>\n<li class=\"menu-item menu-item-type-post_type menu-item-object-page menu-item-6852\"><a href=\"https:\/\/cancerfertilityandme.org.uk\/adult-women\/cancer-fertility-and-the-reproductive-system\/hormone-therapy\/\" class=\"elementor-item\">Terapia ormonale<\/a><\/li>\n<li class=\"menu-item menu-item-type-post_type menu-item-object-page menu-item-6858\"><a href=\"https:\/\/cancerfertilityandme.org.uk\/adult-women\/cancer-fertility-and-the-reproductive-system\/targeted-drug-therapies\/\" class=\"elementor-item\">Terapie farmacologiche mirate<\/a><\/li>\n<li class=\"menu-item menu-item-type-post_type menu-item-object-page menu-item-6855\"><a href=\"https:\/\/cancerfertilityandme.org.uk\/adult-women\/cancer-fertility-and-the-reproductive-system\/questions-to-ask\/\" class=\"elementor-item\">Domande da porre<\/a><\/li>\n<\/ul>\t\t\t<\/nav>\n\t\t\t\t\t\t<nav class=\"elementor-nav-menu--dropdown elementor-nav-menu__container\" aria-hidden=\"true\">\n\t\t\t\t<ul id=\"menu-2-6ae8ee76\" class=\"elementor-nav-menu sm-vertical\"><li class=\"menu-item menu-item-type-post_type menu-item-object-page menu-item-6859\"><a href=\"https:\/\/cancerfertilityandme.org.uk\/adult-women\/cancer-fertility-and-the-reproductive-system\/\" class=\"elementor-item\" tabindex=\"-1\">Cancro, fertilit\u00e0 e la sistema riproduttivo<\/a><\/li>\n<li class=\"menu-item menu-item-type-post_type menu-item-object-page menu-item-6853\"><a href=\"https:\/\/cancerfertilityandme.org.uk\/adult-women\/cancer-fertility-and-the-reproductive-system\/how-cancer-treatments-affect-fertility\/\" class=\"elementor-item\" tabindex=\"-1\">In che modo i trattamenti antitumorali influenzano la fertilit\u00e0<\/a><\/li>\n<li class=\"menu-item menu-item-type-post_type menu-item-object-page menu-item-6851\"><a href=\"https:\/\/cancerfertilityandme.org.uk\/adult-women\/cancer-fertility-and-the-reproductive-system\/chemotherapy\/\" class=\"elementor-item\" tabindex=\"-1\">Chemotherapy<\/a><\/li>\n<li class=\"menu-item menu-item-type-post_type menu-item-object-page menu-item-6856\"><a href=\"https:\/\/cancerfertilityandme.org.uk\/adult-women\/cancer-fertility-and-the-reproductive-system\/radiotherapy\/\" class=\"elementor-item\" tabindex=\"-1\">Radioterapia<\/a><\/li>\n<li class=\"menu-item menu-item-type-post_type menu-item-object-page menu-item-6857\"><a href=\"https:\/\/cancerfertilityandme.org.uk\/adult-women\/cancer-fertility-and-the-reproductive-system\/surgery\/\" class=\"elementor-item\" tabindex=\"-1\">Chirurgia<\/a><\/li>\n<li class=\"menu-item menu-item-type-post_type menu-item-object-page menu-item-6852\"><a href=\"https:\/\/cancerfertilityandme.org.uk\/adult-women\/cancer-fertility-and-the-reproductive-system\/hormone-therapy\/\" class=\"elementor-item\" tabindex=\"-1\">Terapia ormonale<\/a><\/li>\n<li class=\"menu-item menu-item-type-post_type menu-item-object-page menu-item-6858\"><a href=\"https:\/\/cancerfertilityandme.org.uk\/adult-women\/cancer-fertility-and-the-reproductive-system\/targeted-drug-therapies\/\" class=\"elementor-item\" tabindex=\"-1\">Terapie farmacologiche mirate<\/a><\/li>\n<li class=\"menu-item menu-item-type-post_type menu-item-object-page menu-item-6855\"><a href=\"https:\/\/cancerfertilityandme.org.uk\/adult-women\/cancer-fertility-and-the-reproductive-system\/questions-to-ask\/\" class=\"elementor-item\" tabindex=\"-1\">Domande da porre<\/a><\/li>\n<\/ul>\t\t\t<\/nav>\n\t\t\t\t\t\t<\/div>\n\t\t\t\t<\/div>\n\t\t\t\t<\/div>\n\t\t\t\t<\/div>\n\t\t\t\t\t<\/div>\n\t\t\t\t<\/main>\n\t\t\t\t<\/div>\n\t\t","protected":false},"excerpt":{"rendered":"<p>In che modo i trattamenti antitumorali influenzano la fertilit\u00e0 La probabilit\u00e0 che una donna contragga un problema di fertilit\u00e0 dal suo trattamento antitumorale dipende da molte cose. Questi includono la sua et\u00e0, fertilit\u00e0 e salute prima del cancro, il tipo di cancro e il tipo di trattamento antitumorale che riceve. A causa delle molte cose [&hellip;]<\/p>\n","protected":false},"author":1,"featured_media":10886,"parent":6149,"menu_order":0,"comment_status":"closed","ping_status":"open","template":"","meta":{"footnotes":""},"class_list":["post-6151","page","type-page","status-publish","has-post-thumbnail","hentry"],"_links":{"self":[{"href":"https:\/\/cancerfertilityandme.org.uk\/it\/wp-json\/wp\/v2\/pages\/6151","targetHints":{"allow":["GET"]}}],"collection":[{"href":"https:\/\/cancerfertilityandme.org.uk\/it\/wp-json\/wp\/v2\/pages"}],"about":[{"href":"https:\/\/cancerfertilityandme.org.uk\/it\/wp-json\/wp\/v2\/types\/page"}],"author":[{"embeddable":true,"href":"https:\/\/cancerfertilityandme.org.uk\/it\/wp-json\/wp\/v2\/users\/1"}],"replies":[{"embeddable":true,"href":"https:\/\/cancerfertilityandme.org.uk\/it\/wp-json\/wp\/v2\/comments?post=6151"}],"version-history":[{"count":5,"href":"https:\/\/cancerfertilityandme.org.uk\/it\/wp-json\/wp\/v2\/pages\/6151\/revisions"}],"predecessor-version":[{"id":10895,"href":"https:\/\/cancerfertilityandme.org.uk\/it\/wp-json\/wp\/v2\/pages\/6151\/revisions\/10895"}],"up":[{"embeddable":true,"href":"https:\/\/cancerfertilityandme.org.uk\/it\/wp-json\/wp\/v2\/pages\/6149"}],"wp:featuredmedia":[{"embeddable":true,"href":"https:\/\/cancerfertilityandme.org.uk\/it\/wp-json\/wp\/v2\/media\/10886"}],"wp:attachment":[{"href":"https:\/\/cancerfertilityandme.org.uk\/it\/wp-json\/wp\/v2\/media?parent=6151"}],"curies":[{"name":"wp","href":"https:\/\/api.w.org\/{rel}","templated":true}]}}