{"id":6149,"date":"2018-11-06T11:08:33","date_gmt":"2018-11-06T11:08:33","guid":{"rendered":"https:\/\/cancerfertilityandme.org.uk\/cancro-fertilita-e-la-sistema-riproduttivo\/"},"modified":"2026-03-03T14:21:07","modified_gmt":"2026-03-03T14:21:07","slug":"cancro-fertilita-e-la-sistema-riproduttivo","status":"publish","type":"page","link":"https:\/\/cancerfertilityandme.org.uk\/it\/donne-adulte\/cancro-fertilita-e-la-sistema-riproduttivo\/","title":{"rendered":"Cancro, fertilit\u00e0 e la sistema riproduttivo"},"content":{"rendered":"\t\t<div data-elementor-type=\"wp-page\" data-elementor-id=\"6149\" class=\"elementor elementor-6149 elementor-5367\" data-elementor-post-type=\"page\">\n\t\t\t\t<main class=\"elementor-element elementor-element-694ba709 e-flex e-con-boxed e-con e-parent\" data-id=\"694ba709\" data-element_type=\"container\" data-e-type=\"container\">\n\t\t\t\t\t<div class=\"e-con-inner\">\n\t\t<div class=\"elementor-element elementor-element-5d579206 e-con-full e-flex e-con e-child\" data-id=\"5d579206\" data-element_type=\"container\" data-e-type=\"container\">\n\t\t\t\t<div class=\"elementor-element elementor-element-2420152 elementor-widget elementor-widget-text-editor\" data-id=\"2420152\" data-element_type=\"widget\" data-e-type=\"widget\" data-widget_type=\"text-editor.default\">\n\t\t\t\t<div class=\"elementor-widget-container\">\n\t\t\t\t\t\t\t\t\t<h2>Introduzione al cancro, alla fertilit\u00e0 ed al sistema riproduttivo<\/h2><h3>Questa sezione contiene informazioni per aiutarti a capire come i trattamenti antitumorali possano influenzare la fertilit\u00e0.<\/h3><p><b>Il cancro \u00e8 il nome dato alle malattie causate quando le cellule del corpo iniziano a dividersi senza fermarsi, formando escrescenze e spostandosi in parti del corpo dove non sono necessarie.<\/b> Di conseguenza, le persone con il cancro hanno bisogno di cure. <\/p><p><b>I trattamenti antitumorali provano a rimuovere il cancro ed impedire che si sviluppi di nuovo.<\/b> I principali trattamenti sono la chemioterapia, la radioterapia, la chirurgia, la terapia ormonale e la terapia farmacologica mirata. Molte persone avranno due o pi\u00f9 di queste opzioni di trattamento come parte della loro cura.  <\/p><p>La maggior parte dei trattamenti antitumorali ha <b>effetti collaterali<\/b>,causati dal fatto che i trattamenti possono colpire anche i tessuti sani. Molti effetti collaterali durano per un breve periodo durante e dopo il trattamento. Alcuni effetti collaterali durano pi\u00f9 a lungo e possono influire sulla salute di una persona per il resto della sua vita. Nelle donne, uno di questi effetti collaterali pu\u00f2 essere la riduzione della fertilit\u00e0, il che significa che una donna potrebbe non essere in grado di rimanere incinta in futuro.   <\/p><p><b>La fertilit\u00e0<\/b> significa poter rimanere incinta (concepire). Le parti del corpo di una donna che sono coinvolte nella fertilit\u00e0 fanno parte del \u201csistema riproduttivo\u201d (vedi immagine). <\/p><h3>Il sistema riproduttivo femminile<\/h3>\t\t\t\t\t\t\t\t<\/div>\n\t\t\t\t<\/div>\n\t\t\t\t<div class=\"elementor-element elementor-element-c79fd79 elementor-widget elementor-widget-image\" data-id=\"c79fd79\" data-element_type=\"widget\" data-e-type=\"widget\" data-widget_type=\"image.default\">\n\t\t\t\t<div class=\"elementor-widget-container\">\n\t\t\t\t\t\t\t\t\t\t\t\t\t\t\t<img fetchpriority=\"high\" decoding=\"async\" width=\"500\" height=\"400\" src=\"https:\/\/cancerfertilityandme.org.uk\/wp-content\/uploads\/female-reproductive-system-1.jpg\" class=\"attachment-large size-large wp-image-5372\" alt=\"Il sistema riproduttivo femminile\" srcset=\"https:\/\/cancerfertilityandme.org.uk\/wp-content\/uploads\/female-reproductive-system-1.jpg 500w, https:\/\/cancerfertilityandme.org.uk\/wp-content\/uploads\/female-reproductive-system-1-300x240.jpg 300w\" sizes=\"(max-width: 500px) 100vw, 500px\" \/>\t\t\t\t\t\t\t\t\t\t\t\t\t\t\t<\/div>\n\t\t\t\t<\/div>\n\t\t\t\t<div class=\"elementor-element elementor-element-16c622d elementor-widget elementor-widget-text-editor\" data-id=\"16c622d\" data-element_type=\"widget\" data-e-type=\"widget\" data-widget_type=\"text-editor.default\">\n\t\t\t\t<div class=\"elementor-widget-container\">\n\t\t\t\t\t\t\t\t\t<p><b>Le parti fondamentali del sistema riproduttivo sono:<\/b><\/p><ol><li><strong>Le ovaie :<\/strong> questi due organi sono situati su entrambi i lati dell\u2019utero all\u2019interno del corpo di una donna tra i suoi fianchi (bacino) Le ovaie producono di ovuli e gli ormoni necessari per avere un bambino. Questi ovuli viaggiano lungo le tube di Falloppio fino all\u2019utero.  <\/li><li><strong>L\u2019ovulo<\/strong> (ovocita) \u2013 la cellula riproduttiva femminile, che dopo la fecondazione con lo sperma \u00e8 in grado di svilupparsi in un bambino.<\/li><li><strong>Le tube di Falloppio<\/strong> \u2013 i due canali che collegano ciascuna ovaia all\u2019utero ed \u00e8 qui che l\u2019ovulo viene fecondato dallo sperma dell\u2019uomo.<\/li><li><strong>Il grembo<\/strong> (utero) \u2013 questo si trova all\u2019interno del bacino ed \u00e8 dove si sviluppa la gravidanza.<\/li><li><strong>La cervice<\/strong> \u2013 l\u2019apertura all\u2019utero che permette al sangue mestruale di lasciare il corpo (cicli mestruali), e alla donna di dare un bambino alla luce.<\/li><li><strong>La vagina<\/strong> (canale del parto) \u2013 l\u2019apertura tra la parte inferiore della cervice e l\u2019esterno del corpo.<\/li><li><strong>La vulva<\/strong> \u2013 l\u2019area esterna della vagina.<\/li><\/ol><p>Le donne nascono gi\u00e0 con un gran numero di ovuli nelle ovaie. Le donne non possono produrre o creare nuovi ovuli. Il numero di ovuli che una donna ha in qualsiasi momento si chiama la riserva ovarica.  <\/p><p>Il numero di ovuli che una donna ha \u00e8 in costante calo. Prima della pubert\u00e0 questo \u00e8 dovuto al fatto che molti degli ovuli smettono di svilupparsi e vengono assorbiti dal corpo. <\/p><p>Quando una donna raggiunge la pubert\u00e0, un ovulo viene rilasciato ogni mese dall\u2019ovaio (processo chiamato ovulazione) e viaggia verso l\u2019utero. Gli altri ovuli che hanno iniziato a maturare durante questo ciclo, si rompono e vengono assorbiti dal corpo. <\/p><p>La gravidanza si verifica se l\u2019ovulo viene fecondato da uno spermatozoo e quindi si impianta nell\u2019utero. Se un ovulo fecondato non si impianta nell\u2019utero, il rivestimento dell\u2019utero si stacca e lascia il corpo. Ci\u00f2 si traduce in sanguinamento noto come mestruazione o ciclo.  <\/p><p>L\u2019et\u00e0 \u00e8 uno dei fattori pi\u00f9 importanti che influenzano la probabilit\u00e0 di rimanere incinta. Il numero e la qualit\u00e0 degli ovuli diminuiscono man mano che le donne invecchiano. <\/p><p>Questa diminuzione del numero e della qualit\u00e0 degli ovuli, riduce la fertilit\u00e0 e pu\u00f2 rendere pi\u00f9 difficile una gravidanza. Con il passare del tempo, ci saranno cos\u00ec pochi ovuli, che le donne diventano sterili (incapaci di rimanere incinta), i cicli mestruali mensili si fermano e inizia la menopausa. La menopausa segna la fine naturale degli anni riproduttivi di una donna.  <\/p><p>La fertilit\u00e0 femminile varia da persona a persona. L\u2019et\u00e0 esatta in cui una donna non potr\u00e0 pi\u00f9 avere figli pu\u00f2 essere diversa per ogni individuo. <\/p><p>Come illustra il grafico, una donna di 22 anni ha circa 30 probabilit\u00e0 su 100 (30%) di rimanere incinta ogni mese in cui tenta di concepire un bambino; mentre una donna di 43 anni ha circa 3 probabilit\u00e0 su 100 (3%) di rimanere incinta al mese.<\/p><p>La maggior parte delle donne raggiunge la menopausa verso i 50 anni; intorno a questa et\u00e0 le donne smettono di avere il ciclo e non sono in grado di avere figli in modo naturale.<\/p>\t\t\t\t\t\t\t\t<\/div>\n\t\t\t\t<\/div>\n\t\t\t\t<div class=\"elementor-element elementor-element-9cb3412 elementor-widget elementor-widget-image\" data-id=\"9cb3412\" data-element_type=\"widget\" data-e-type=\"widget\" data-widget_type=\"image.default\">\n\t\t\t\t<div class=\"elementor-widget-container\">\n\t\t\t\t\t\t\t\t\t\t\t\t\t\t\t<img decoding=\"async\" width=\"800\" height=\"535\" src=\"https:\/\/cancerfertilityandme.org.uk\/wp-content\/uploads\/IT-02-1-1024x685-1.png\" class=\"attachment-large size-large wp-image-5380\" alt=\"female fertility vs age graph\" srcset=\"https:\/\/cancerfertilityandme.org.uk\/wp-content\/uploads\/IT-02-1-1024x685-1.png 1024w, https:\/\/cancerfertilityandme.org.uk\/wp-content\/uploads\/IT-02-1-1024x685-1-300x201.png 300w, https:\/\/cancerfertilityandme.org.uk\/wp-content\/uploads\/IT-02-1-1024x685-1-768x514.png 768w\" sizes=\"(max-width: 800px) 100vw, 800px\" \/>\t\t\t\t\t\t\t\t\t\t\t\t\t\t\t<\/div>\n\t\t\t\t<\/div>\n\t\t\t\t<div class=\"elementor-element elementor-element-475aee3 elementor-widget elementor-widget-text-editor\" data-id=\"475aee3\" data-element_type=\"widget\" data-e-type=\"widget\" data-widget_type=\"text-editor.default\">\n\t\t\t\t<div class=\"elementor-widget-container\">\n\t\t\t\t\t\t\t\t\t<p>Oltre all&#8217;et\u00e0, la fertilit\u00e0 nelle donne pu\u00f2 essere influenzata anche da:<\/p><ul><li>Problemi all\u2019utero. Ad esempio, fibromi. <\/li><li>Malattie che causano cicatrici nella zona pelvica. Ad esempio, malattia infiammatoria pelvica, endometriosi. <\/li><li>Malattie che colpiscono l\u2019ovulazione. Ad esempio, la sindrome dell\u2019ovaio policistico. <\/li><li>Un basso numero di spermatozoi nel partner maschile.<\/li><li>Medicinali e cure. Ad esempio, chemioterapia, radioterapia o chirurgia per il cancro, alcuni farmaci per il trattamento di malattie mentali e l\u2019uso regolare e a lungo termine di farmaci antinfiammatori non steroidei. <\/li><li>Stile di vita. Ad esempio, sovrappeso o sottopeso, droghe ricreative, alcol e fumo. <\/li><\/ul><p>In media, circa 16 coppie su 100 (16%) senza cancro avranno problemi di fertilit\u00e0. Se avere figli in futuro \u00e8 importante per te, parla con il tuo team di cura del cancro e il team di cura della fertilit\u00e0 prima di iniziare il trattamento antitumorale. <\/p>\t\t\t\t\t\t\t\t<\/div>\n\t\t\t\t<\/div>\n\t\t<div class=\"elementor-element elementor-element-2a3976f3 e-con-full e-flex e-con e-child\" data-id=\"2a3976f3\" data-element_type=\"container\" data-e-type=\"container\" data-settings=\"{&quot;background_background&quot;:&quot;classic&quot;}\">\n\t\t\t\t<div class=\"elementor-element elementor-element-2252f12a elementor-widget elementor-widget-text-editor\" data-id=\"2252f12a\" data-element_type=\"widget\" data-e-type=\"widget\" data-widget_type=\"text-editor.default\">\n\t\t\t\t<div class=\"elementor-widget-container\">\n\t\t\t\t\t\t\t\t\t<h3> Fonte di informazioni consigliata<\/h3><p>Il NICE (National Institute for Health and Care Excellence) \u00e8 un\u2019organizzazione separata dal NHS. NICE crea linee guida basate sulla ricerca svolta per curare le malattie e fornire assistenza agli operatori sanitari in Inghilterra e nel Galles. <\/p><p>NICE ha creato linee guida sulla conservazione della fertilit\u00e0 per le donne con diagnosi di cancro (CG156- Problemi di fertilit\u00e0: valutazione e trattamento); e linee guida sulla conservazione della fertilit\u00e0 per adolescenti e giovani adulti (QS55- Servizi oncologici per bambini e giovani adulti: sostegno alla fertilit\u00e0).<\/p><p>Per maggiori informazioni visitate il sito NICE: <a href=\"https:\/\/www.nice.org.uk\/\" target=\"_blank\" rel=\"noopener noreferrer\">www.nice.org.uk<\/a><\/p>\t\t\t\t\t\t\t\t<\/div>\n\t\t\t\t<\/div>\n\t\t\t\t<\/div>\n\t\t\t\t<\/div>\n\t\t<div class=\"elementor-element elementor-element-48ac27a3 e-con-full e-flex e-con e-child\" data-id=\"48ac27a3\" data-element_type=\"container\" data-e-type=\"container\">\n\t\t<div class=\"elementor-element elementor-element-15df5156 e-con-full e-flex e-con e-child\" data-id=\"15df5156\" data-element_type=\"container\" data-e-type=\"container\">\n\t\t\t\t<div class=\"elementor-element elementor-element-2b6718ca elementor-widget elementor-widget-image\" data-id=\"2b6718ca\" data-element_type=\"widget\" data-e-type=\"widget\" data-widget_type=\"image.default\">\n\t\t\t\t<div class=\"elementor-widget-container\">\n\t\t\t\t\t\t\t\t\t\t\t\t\t\t\t\t<a href=\"http:\/\/.\/\">\n\t\t\t\t\t\t\t<img decoding=\"async\" width=\"400\" height=\"440\" src=\"https:\/\/cancerfertilityandme.org.uk\/wp-content\/uploads\/cancerfertilityandme-logo-column-adult-women.png\" class=\"attachment-full size-full wp-image-2282\" alt=\"\" srcset=\"https:\/\/cancerfertilityandme.org.uk\/wp-content\/uploads\/cancerfertilityandme-logo-column-adult-women.png 400w, https:\/\/cancerfertilityandme.org.uk\/wp-content\/uploads\/cancerfertilityandme-logo-column-adult-women-273x300.png 273w\" sizes=\"(max-width: 400px) 100vw, 400px\" \/>\t\t\t\t\t\t\t\t<\/a>\n\t\t\t\t\t\t\t\t\t\t\t\t\t\t\t<\/div>\n\t\t\t\t<\/div>\n\t\t\t\t<\/div>\n\t\t<div class=\"elementor-element elementor-element-7f8c3660 e-con-full e-flex e-con e-child\" data-id=\"7f8c3660\" data-element_type=\"container\" data-e-type=\"container\">\n\t\t\t\t<div class=\"elementor-element elementor-element-4b69ee29 elementor-widget elementor-widget-heading\" data-id=\"4b69ee29\" data-element_type=\"widget\" data-e-type=\"widget\" data-widget_type=\"heading.default\">\n\t\t\t\t<div class=\"elementor-widget-container\">\n\t\t\t\t\t<h3 class=\"elementor-heading-title elementor-size-default\">Segui questi link per ulteriori informazioni<\/h3>\t\t\t\t<\/div>\n\t\t\t\t<\/div>\n\t\t\t\t<div class=\"elementor-element elementor-element-37188788 elementor-nav-menu--dropdown-none elementor-widget elementor-widget-nav-menu\" data-id=\"37188788\" data-element_type=\"widget\" data-e-type=\"widget\" data-settings=\"{&quot;layout&quot;:&quot;vertical&quot;,&quot;submenu_icon&quot;:{&quot;value&quot;:&quot;&lt;svg aria-hidden=\\&quot;true\\&quot; class=\\&quot;e-font-icon-svg e-fas-caret-down\\&quot; viewBox=\\&quot;0 0 320 512\\&quot; xmlns=\\&quot;http:\\\/\\\/www.w3.org\\\/2000\\\/svg\\&quot;&gt;&lt;path d=\\&quot;M31.3 192h257.3c17.8 0 26.7 21.5 14.1 34.1L174.1 354.8c-7.8 7.8-20.5 7.8-28.3 0L17.2 226.1C4.6 213.5 13.5 192 31.3 192z\\&quot;&gt;&lt;\\\/path&gt;&lt;\\\/svg&gt;&quot;,&quot;library&quot;:&quot;fa-solid&quot;}}\" data-widget_type=\"nav-menu.default\">\n\t\t\t\t<div class=\"elementor-widget-container\">\n\t\t\t\t\t\t\t\t<nav aria-label=\"Menu\" class=\"elementor-nav-menu--main elementor-nav-menu__container elementor-nav-menu--layout-vertical e--pointer-none\">\n\t\t\t\t<ul id=\"menu-1-37188788\" class=\"elementor-nav-menu sm-vertical\"><li class=\"menu-item menu-item-type-post_type menu-item-object-page menu-item-6859\"><a href=\"https:\/\/cancerfertilityandme.org.uk\/adult-women\/cancer-fertility-and-the-reproductive-system\/\" class=\"elementor-item\">Cancro, fertilit\u00e0 e la sistema riproduttivo<\/a><\/li>\n<li class=\"menu-item menu-item-type-post_type menu-item-object-page menu-item-6853\"><a href=\"https:\/\/cancerfertilityandme.org.uk\/adult-women\/cancer-fertility-and-the-reproductive-system\/how-cancer-treatments-affect-fertility\/\" class=\"elementor-item\">In che modo i trattamenti antitumorali influenzano la fertilit\u00e0<\/a><\/li>\n<li class=\"menu-item menu-item-type-post_type menu-item-object-page menu-item-6851\"><a href=\"https:\/\/cancerfertilityandme.org.uk\/adult-women\/cancer-fertility-and-the-reproductive-system\/chemotherapy\/\" class=\"elementor-item\">Chemotherapy<\/a><\/li>\n<li class=\"menu-item menu-item-type-post_type menu-item-object-page menu-item-6856\"><a href=\"https:\/\/cancerfertilityandme.org.uk\/adult-women\/cancer-fertility-and-the-reproductive-system\/radiotherapy\/\" class=\"elementor-item\">Radioterapia<\/a><\/li>\n<li class=\"menu-item menu-item-type-post_type menu-item-object-page menu-item-6857\"><a href=\"https:\/\/cancerfertilityandme.org.uk\/adult-women\/cancer-fertility-and-the-reproductive-system\/surgery\/\" class=\"elementor-item\">Chirurgia<\/a><\/li>\n<li class=\"menu-item menu-item-type-post_type menu-item-object-page menu-item-6852\"><a href=\"https:\/\/cancerfertilityandme.org.uk\/adult-women\/cancer-fertility-and-the-reproductive-system\/hormone-therapy\/\" class=\"elementor-item\">Terapia ormonale<\/a><\/li>\n<li class=\"menu-item menu-item-type-post_type menu-item-object-page menu-item-6858\"><a href=\"https:\/\/cancerfertilityandme.org.uk\/adult-women\/cancer-fertility-and-the-reproductive-system\/targeted-drug-therapies\/\" class=\"elementor-item\">Terapie farmacologiche mirate<\/a><\/li>\n<li class=\"menu-item menu-item-type-post_type menu-item-object-page menu-item-6855\"><a href=\"https:\/\/cancerfertilityandme.org.uk\/adult-women\/cancer-fertility-and-the-reproductive-system\/questions-to-ask\/\" class=\"elementor-item\">Domande da porre<\/a><\/li>\n<\/ul>\t\t\t<\/nav>\n\t\t\t\t\t\t<nav class=\"elementor-nav-menu--dropdown elementor-nav-menu__container\" aria-hidden=\"true\">\n\t\t\t\t<ul id=\"menu-2-37188788\" class=\"elementor-nav-menu sm-vertical\"><li class=\"menu-item menu-item-type-post_type menu-item-object-page menu-item-6859\"><a href=\"https:\/\/cancerfertilityandme.org.uk\/adult-women\/cancer-fertility-and-the-reproductive-system\/\" class=\"elementor-item\" tabindex=\"-1\">Cancro, fertilit\u00e0 e la sistema riproduttivo<\/a><\/li>\n<li class=\"menu-item menu-item-type-post_type menu-item-object-page menu-item-6853\"><a href=\"https:\/\/cancerfertilityandme.org.uk\/adult-women\/cancer-fertility-and-the-reproductive-system\/how-cancer-treatments-affect-fertility\/\" class=\"elementor-item\" tabindex=\"-1\">In che modo i trattamenti antitumorali influenzano la fertilit\u00e0<\/a><\/li>\n<li class=\"menu-item menu-item-type-post_type menu-item-object-page menu-item-6851\"><a href=\"https:\/\/cancerfertilityandme.org.uk\/adult-women\/cancer-fertility-and-the-reproductive-system\/chemotherapy\/\" class=\"elementor-item\" tabindex=\"-1\">Chemotherapy<\/a><\/li>\n<li class=\"menu-item menu-item-type-post_type menu-item-object-page menu-item-6856\"><a href=\"https:\/\/cancerfertilityandme.org.uk\/adult-women\/cancer-fertility-and-the-reproductive-system\/radiotherapy\/\" class=\"elementor-item\" tabindex=\"-1\">Radioterapia<\/a><\/li>\n<li class=\"menu-item menu-item-type-post_type menu-item-object-page menu-item-6857\"><a href=\"https:\/\/cancerfertilityandme.org.uk\/adult-women\/cancer-fertility-and-the-reproductive-system\/surgery\/\" class=\"elementor-item\" tabindex=\"-1\">Chirurgia<\/a><\/li>\n<li class=\"menu-item menu-item-type-post_type menu-item-object-page menu-item-6852\"><a href=\"https:\/\/cancerfertilityandme.org.uk\/adult-women\/cancer-fertility-and-the-reproductive-system\/hormone-therapy\/\" class=\"elementor-item\" tabindex=\"-1\">Terapia ormonale<\/a><\/li>\n<li class=\"menu-item menu-item-type-post_type menu-item-object-page menu-item-6858\"><a href=\"https:\/\/cancerfertilityandme.org.uk\/adult-women\/cancer-fertility-and-the-reproductive-system\/targeted-drug-therapies\/\" class=\"elementor-item\" tabindex=\"-1\">Terapie farmacologiche mirate<\/a><\/li>\n<li class=\"menu-item menu-item-type-post_type menu-item-object-page menu-item-6855\"><a href=\"https:\/\/cancerfertilityandme.org.uk\/adult-women\/cancer-fertility-and-the-reproductive-system\/questions-to-ask\/\" class=\"elementor-item\" tabindex=\"-1\">Domande da porre<\/a><\/li>\n<\/ul>\t\t\t<\/nav>\n\t\t\t\t\t\t<\/div>\n\t\t\t\t<\/div>\n\t\t\t\t<\/div>\n\t\t\t\t<\/div>\n\t\t\t\t\t<\/div>\n\t\t\t\t<\/main>\n\t\t\t\t<\/div>\n\t\t","protected":false},"excerpt":{"rendered":"<p>Introduzione al cancro, alla fertilit\u00e0 ed al sistema riproduttivo Questa sezione contiene informazioni per aiutarti a capire come i trattamenti antitumorali possano influenzare la fertilit\u00e0. Il cancro \u00e8 il nome dato alle malattie causate quando le cellule del corpo iniziano a dividersi senza fermarsi, formando escrescenze e spostandosi in parti del corpo dove non sono [&hellip;]<\/p>\n","protected":false},"author":1,"featured_media":5372,"parent":6762,"menu_order":0,"comment_status":"closed","ping_status":"open","template":"","meta":{"footnotes":""},"class_list":["post-6149","page","type-page","status-publish","has-post-thumbnail","hentry"],"_links":{"self":[{"href":"https:\/\/cancerfertilityandme.org.uk\/it\/wp-json\/wp\/v2\/pages\/6149","targetHints":{"allow":["GET"]}}],"collection":[{"href":"https:\/\/cancerfertilityandme.org.uk\/it\/wp-json\/wp\/v2\/pages"}],"about":[{"href":"https:\/\/cancerfertilityandme.org.uk\/it\/wp-json\/wp\/v2\/types\/page"}],"author":[{"embeddable":true,"href":"https:\/\/cancerfertilityandme.org.uk\/it\/wp-json\/wp\/v2\/users\/1"}],"replies":[{"embeddable":true,"href":"https:\/\/cancerfertilityandme.org.uk\/it\/wp-json\/wp\/v2\/comments?post=6149"}],"version-history":[{"count":6,"href":"https:\/\/cancerfertilityandme.org.uk\/it\/wp-json\/wp\/v2\/pages\/6149\/revisions"}],"predecessor-version":[{"id":10871,"href":"https:\/\/cancerfertilityandme.org.uk\/it\/wp-json\/wp\/v2\/pages\/6149\/revisions\/10871"}],"up":[{"embeddable":true,"href":"https:\/\/cancerfertilityandme.org.uk\/it\/wp-json\/wp\/v2\/pages\/6762"}],"wp:featuredmedia":[{"embeddable":true,"href":"https:\/\/cancerfertilityandme.org.uk\/it\/wp-json\/wp\/v2\/media\/5372"}],"wp:attachment":[{"href":"https:\/\/cancerfertilityandme.org.uk\/it\/wp-json\/wp\/v2\/media?parent=6149"}],"curies":[{"name":"wp","href":"https:\/\/api.w.org\/{rel}","templated":true}]}}