{"id":6147,"date":"2019-02-07T16:57:21","date_gmt":"2019-02-07T16:57:21","guid":{"rendered":"https:\/\/cancerfertilityandme.org.uk\/usare-questo-sito-web\/"},"modified":"2025-11-17T10:53:49","modified_gmt":"2025-11-17T10:53:49","slug":"usare-questo-sito-web","status":"publish","type":"page","link":"https:\/\/cancerfertilityandme.org.uk\/it\/donne-adulte\/a-proposito-di-questo-sito-web\/usare-questo-sito-web\/","title":{"rendered":"Usare questo sito web"},"content":{"rendered":"\t\t<div data-elementor-type=\"wp-page\" data-elementor-id=\"6147\" class=\"elementor elementor-6147 elementor-5603\" data-elementor-post-type=\"page\">\n\t\t\t\t<main class=\"elementor-element elementor-element-2122ebfc e-flex e-con-boxed e-con e-parent\" data-id=\"2122ebfc\" data-element_type=\"container\" data-e-type=\"container\">\n\t\t\t\t\t<div class=\"e-con-inner\">\n\t\t<div class=\"elementor-element elementor-element-70263d2a e-con-full e-flex e-con e-child\" data-id=\"70263d2a\" data-element_type=\"container\" data-e-type=\"container\">\n\t\t\t\t<div class=\"elementor-element elementor-element-4e959baf elementor-widget elementor-widget-text-editor\" data-id=\"4e959baf\" data-element_type=\"widget\" data-e-type=\"widget\" data-widget_type=\"text-editor.default\">\n\t\t\t\t<div class=\"elementor-widget-container\">\n\t\t\t\t\t\t\t\t\t<h2>Usare questo sito Web per aiutarti a prendere la tua decisione<\/h2><p>Alcune donne che iniziano un trattamento antitumorale sapranno con certezza se vogliono prendere in considerazione la conservazione della fertilit\u00e0, o meno. Alcune donne sono insicure sulla possibilit\u00e0 di preservare la fertilit\u00e0 e su quale sia l\u2019opzione migliore per loro. <\/p><p>Per aiutarti a prendere questa decisione, il sito web contiene informazioni per aiutarti:<\/p><ul><li>Scoprire di pi\u00f9 sulle diverse opzioni di conservazione della fertilit\u00e0.<\/li><li>Considerare se la conservazione della fertilit\u00e0 pu\u00f2 essere un&#8217;opzione per te.<\/li><li>Pensare a ci\u00f2 che \u00e8 importante per la tua vita ora e in futuro.<\/li><li>Discutere con il tuo team di cura del cancro e il team di cura della fertilit\u00e0 mentre prendi la tua decisione.<\/li><li>Discutere con il tuo team di cura del cancro e il team di cura della fertilit\u00e0, le conseguenze e i benefici di qualsiasi decisione tu possa prendere.<\/li><\/ul><p>Puoi usare questo sito web in diversi modi. Potresti trovare utile leggerlo un paio di volte dall\u2019inizio alla fine o soffermarti su alcune sezioni. Potresti leggerlo da solo o condividerlo con il tuo team di cura del cancro e il team di cura della fertilit\u00e0, il tuo partner, la tua famiglia e i tuoi amici mentre stai pensando alla tua decisione.  <\/p><p>Il sito web \u00e8 stato progettato per fornire informazioni chiare e offre quanto segue:<\/p><ul><li>Una navigazione chiara che fornisce le sezioni relative al trattamento del cancro, ai problemi della fertilit\u00e0, alle decisioni di conservazione della fertilit\u00e0 e alla pianificazione familiare.<\/li><li>Le immagini decisionali chiariscono quali sono le decisioni sulla fertilit\u00e0 per le donne <u>prima<\/u>, <u>durante<\/u> e <u>dopo<\/u> il trattamento antitumorale.<\/li><li>Le tabelle descrivono le caratteristiche delle opzioni di conservazione della fertilit\u00e0 una accanto all&#8217;altra per aiutare a confrontare ci\u00f2 che \u00e8 uguale o diverso in ciascuna di esse.<\/li><li>Domande che potresti voler porre al tuo team di cura del cancro e al team di cura della fertilit\u00e0.<\/li><li>Scrivere spazi per annotare note o domande importanti per te sulla tua vita, sulla diagnosi del cancro e sulla fertilit\u00e0 futura.<\/li><li>Il glossario descrive il significato dei termini usati per discutere il cancro e il suo trattamento, fertilit\u00e0 e conservazione della fertilit\u00e0.<\/li><\/ul>\t\t\t\t\t\t\t\t<\/div>\n\t\t\t\t<\/div>\n\t\t<div class=\"elementor-element elementor-element-338bd4e9 e-con-full e-flex e-con e-child\" data-id=\"338bd4e9\" data-element_type=\"container\" data-e-type=\"container\" data-settings=\"{&quot;background_background&quot;:&quot;classic&quot;}\">\n\t\t\t\t<div class=\"elementor-element elementor-element-15254727 elementor-widget elementor-widget-text-editor\" data-id=\"15254727\" data-element_type=\"widget\" data-e-type=\"widget\" data-widget_type=\"text-editor.default\">\n\t\t\t\t<div class=\"elementor-widget-container\">\n\t\t\t\t\t\t\t\t\t<h3>Notare che<\/h3>\n<p>Questo sito Web sottolinea l\u2019importanza di parlare con il team di assistenza oncologica e con il team di assistenza alla fertilit\u00e0 <b>prima<\/b> di iniziare il trattamento antitumorale. Ti aiuter\u00e0 a considerare quali domande porre ed a guidare le conversazioni che potresti voler avere con loro. <\/p>\n<ul>\n<li>Non tutte le procedure di conservazione della fertilit\u00e0 descritte in questo sito web sono adatte a ogni donna.<\/li>\n<li>Attualmente non tutte le donne potranno sottoporsi alle procedure di conservazione della fertilit\u00e0 descritte in questo sito web.<\/li>\n<li>Non tutte le donne che vengono curate per il cancro avranno problemi di fertilit\u00e0 in futuro.<\/li>\n<li>Alcune delle procedure di conservazione della fertilit\u00e0 descritte in questo sito web potrebbero non essere disponibili in tutte le cliniche per la fertilit\u00e0.<\/li>\n<\/ul>\t\t\t\t\t\t\t\t<\/div>\n\t\t\t\t<\/div>\n\t\t\t\t<\/div>\n\t\t\t\t<\/div>\n\t\t<div class=\"elementor-element elementor-element-4c45813a e-con-full e-flex e-con e-child\" data-id=\"4c45813a\" data-element_type=\"container\" data-e-type=\"container\">\n\t\t<div class=\"elementor-element elementor-element-74317676 e-con-full e-flex e-con e-child\" data-id=\"74317676\" data-element_type=\"container\" data-e-type=\"container\">\n\t\t\t\t<div class=\"elementor-element elementor-element-13a82141 elementor-widget elementor-widget-image\" data-id=\"13a82141\" data-element_type=\"widget\" data-e-type=\"widget\" data-widget_type=\"image.default\">\n\t\t\t\t<div class=\"elementor-widget-container\">\n\t\t\t\t\t\t\t\t\t\t\t\t\t\t\t\t<a href=\"http:\/\/.\/\">\n\t\t\t\t\t\t\t<img fetchpriority=\"high\" decoding=\"async\" width=\"400\" height=\"440\" src=\"https:\/\/cancerfertilityandme.org.uk\/wp-content\/uploads\/cancerfertilityandme-logo-column-adult-women.png\" class=\"attachment-full size-full wp-image-2282\" alt=\"\" srcset=\"https:\/\/cancerfertilityandme.org.uk\/wp-content\/uploads\/cancerfertilityandme-logo-column-adult-women.png 400w, https:\/\/cancerfertilityandme.org.uk\/wp-content\/uploads\/cancerfertilityandme-logo-column-adult-women-273x300.png 273w\" sizes=\"(max-width: 400px) 100vw, 400px\" \/>\t\t\t\t\t\t\t\t<\/a>\n\t\t\t\t\t\t\t\t\t\t\t\t\t\t\t<\/div>\n\t\t\t\t<\/div>\n\t\t\t\t<\/div>\n\t\t<div class=\"elementor-element elementor-element-49f00865 e-con-full e-flex e-con e-child\" data-id=\"49f00865\" data-element_type=\"container\" data-e-type=\"container\">\n\t\t\t\t<div class=\"elementor-element elementor-element-3815a980 elementor-widget elementor-widget-heading\" data-id=\"3815a980\" data-element_type=\"widget\" data-e-type=\"widget\" data-widget_type=\"heading.default\">\n\t\t\t\t<div class=\"elementor-widget-container\">\n\t\t\t\t\t<h3 class=\"elementor-heading-title elementor-size-default\">Segui questi link per ulteriori informazioni<\/h3>\t\t\t\t<\/div>\n\t\t\t\t<\/div>\n\t\t\t\t<div class=\"elementor-element elementor-element-6332b58a elementor-nav-menu--dropdown-none elementor-widget elementor-widget-nav-menu\" data-id=\"6332b58a\" data-element_type=\"widget\" data-e-type=\"widget\" data-settings=\"{&quot;layout&quot;:&quot;vertical&quot;,&quot;submenu_icon&quot;:{&quot;value&quot;:&quot;&lt;svg aria-hidden=\\&quot;true\\&quot; class=\\&quot;e-font-icon-svg e-fas-caret-down\\&quot; viewBox=\\&quot;0 0 320 512\\&quot; xmlns=\\&quot;http:\\\/\\\/www.w3.org\\\/2000\\\/svg\\&quot;&gt;&lt;path d=\\&quot;M31.3 192h257.3c17.8 0 26.7 21.5 14.1 34.1L174.1 354.8c-7.8 7.8-20.5 7.8-28.3 0L17.2 226.1C4.6 213.5 13.5 192 31.3 192z\\&quot;&gt;&lt;\\\/path&gt;&lt;\\\/svg&gt;&quot;,&quot;library&quot;:&quot;fa-solid&quot;}}\" data-widget_type=\"nav-menu.default\">\n\t\t\t\t<div class=\"elementor-widget-container\">\n\t\t\t\t\t\t\t\t<nav aria-label=\"Menu\" class=\"elementor-nav-menu--main elementor-nav-menu__container elementor-nav-menu--layout-vertical e--pointer-none\">\n\t\t\t\t<ul id=\"menu-1-6332b58a\" class=\"elementor-nav-menu sm-vertical\"><li class=\"menu-item menu-item-type-post_type menu-item-object-page menu-item-6817\"><a href=\"https:\/\/cancerfertilityandme.org.uk\/adult-women\/about-this-project\/\" class=\"elementor-item\">A proposito di questo progetto<\/a><\/li>\n<li class=\"menu-item menu-item-type-post_type menu-item-object-page menu-item-6818\"><a href=\"https:\/\/cancerfertilityandme.org.uk\/adult-women\/about-this-project\/decisions-before-during-and-after-treatment\/\" class=\"elementor-item\">Decisioni prima, durante e dopo il trattamento<\/a><\/li>\n<li class=\"menu-item menu-item-type-post_type menu-item-object-page menu-item-6820\"><a href=\"https:\/\/cancerfertilityandme.org.uk\/adult-women\/about-this-project\/using-this-website\/\" class=\"elementor-item\">Usare questo sito web<\/a><\/li>\n<li class=\"menu-item menu-item-type-post_type menu-item-object-page menu-item-6819\"><a href=\"https:\/\/cancerfertilityandme.org.uk\/glossary\/\" class=\"elementor-item\">Glossario<\/a><\/li>\n<\/ul>\t\t\t<\/nav>\n\t\t\t\t\t\t<nav class=\"elementor-nav-menu--dropdown elementor-nav-menu__container\" aria-hidden=\"true\">\n\t\t\t\t<ul id=\"menu-2-6332b58a\" class=\"elementor-nav-menu sm-vertical\"><li class=\"menu-item menu-item-type-post_type menu-item-object-page menu-item-6817\"><a href=\"https:\/\/cancerfertilityandme.org.uk\/adult-women\/about-this-project\/\" class=\"elementor-item\" tabindex=\"-1\">A proposito di questo progetto<\/a><\/li>\n<li class=\"menu-item menu-item-type-post_type menu-item-object-page menu-item-6818\"><a href=\"https:\/\/cancerfertilityandme.org.uk\/adult-women\/about-this-project\/decisions-before-during-and-after-treatment\/\" class=\"elementor-item\" tabindex=\"-1\">Decisioni prima, durante e dopo il trattamento<\/a><\/li>\n<li class=\"menu-item menu-item-type-post_type menu-item-object-page menu-item-6820\"><a href=\"https:\/\/cancerfertilityandme.org.uk\/adult-women\/about-this-project\/using-this-website\/\" class=\"elementor-item\" tabindex=\"-1\">Usare questo sito web<\/a><\/li>\n<li class=\"menu-item menu-item-type-post_type menu-item-object-page menu-item-6819\"><a href=\"https:\/\/cancerfertilityandme.org.uk\/glossary\/\" class=\"elementor-item\" tabindex=\"-1\">Glossario<\/a><\/li>\n<\/ul>\t\t\t<\/nav>\n\t\t\t\t\t\t<\/div>\n\t\t\t\t<\/div>\n\t\t\t\t<\/div>\n\t\t\t\t<\/div>\n\t\t\t\t\t<\/div>\n\t\t\t\t<\/main>\n\t\t\t\t<\/div>\n\t\t","protected":false},"excerpt":{"rendered":"<p>Usare questo sito Web per aiutarti a prendere la tua decisione Alcune donne che iniziano un trattamento antitumorale sapranno con certezza se vogliono prendere in considerazione la conservazione della fertilit\u00e0, o meno. Alcune donne sono insicure sulla possibilit\u00e0 di preservare la fertilit\u00e0 e su quale sia l\u2019opzione migliore per loro. Per aiutarti a prendere questa [&hellip;]<\/p>\n","protected":false},"author":1,"featured_media":0,"parent":6143,"menu_order":0,"comment_status":"closed","ping_status":"open","template":"","meta":{"footnotes":""},"class_list":["post-6147","page","type-page","status-publish","hentry"],"_links":{"self":[{"href":"https:\/\/cancerfertilityandme.org.uk\/it\/wp-json\/wp\/v2\/pages\/6147","targetHints":{"allow":["GET"]}}],"collection":[{"href":"https:\/\/cancerfertilityandme.org.uk\/it\/wp-json\/wp\/v2\/pages"}],"about":[{"href":"https:\/\/cancerfertilityandme.org.uk\/it\/wp-json\/wp\/v2\/types\/page"}],"author":[{"embeddable":true,"href":"https:\/\/cancerfertilityandme.org.uk\/it\/wp-json\/wp\/v2\/users\/1"}],"replies":[{"embeddable":true,"href":"https:\/\/cancerfertilityandme.org.uk\/it\/wp-json\/wp\/v2\/comments?post=6147"}],"version-history":[{"count":3,"href":"https:\/\/cancerfertilityandme.org.uk\/it\/wp-json\/wp\/v2\/pages\/6147\/revisions"}],"predecessor-version":[{"id":9334,"href":"https:\/\/cancerfertilityandme.org.uk\/it\/wp-json\/wp\/v2\/pages\/6147\/revisions\/9334"}],"up":[{"embeddable":true,"href":"https:\/\/cancerfertilityandme.org.uk\/it\/wp-json\/wp\/v2\/pages\/6143"}],"wp:attachment":[{"href":"https:\/\/cancerfertilityandme.org.uk\/it\/wp-json\/wp\/v2\/media?parent=6147"}],"curies":[{"name":"wp","href":"https:\/\/api.w.org\/{rel}","templated":true}]}}