{"id":6145,"date":"2019-04-17T17:52:53","date_gmt":"2019-04-17T17:52:53","guid":{"rendered":"https:\/\/cancerfertilityandme.org.uk\/decisioni-prima-durante-e-dopo-il-trattamento\/"},"modified":"2026-03-03T13:52:43","modified_gmt":"2026-03-03T13:52:43","slug":"decisioni-prima-durante-e-dopo-il-trattamento","status":"publish","type":"page","link":"https:\/\/cancerfertilityandme.org.uk\/it\/donne-adulte\/a-proposito-di-questo-sito-web\/decisioni-prima-durante-e-dopo-il-trattamento\/","title":{"rendered":"Decisioni prima, durante e dopo il trattamento"},"content":{"rendered":"\t\t<div data-elementor-type=\"wp-page\" data-elementor-id=\"6145\" class=\"elementor elementor-6145 elementor-5633\" data-elementor-post-type=\"page\">\n\t\t\t\t<main class=\"elementor-element elementor-element-19254594 e-flex e-con-boxed e-con e-parent\" data-id=\"19254594\" data-element_type=\"container\" data-e-type=\"container\">\n\t\t\t\t\t<div class=\"e-con-inner\">\n\t\t<div class=\"elementor-element elementor-element-633f2ab3 e-con-full e-flex e-con e-child\" data-id=\"633f2ab3\" data-element_type=\"container\" data-e-type=\"container\">\n\t\t\t\t<div class=\"elementor-element elementor-element-3934d836 elementor-widget elementor-widget-text-editor\" data-id=\"3934d836\" data-element_type=\"widget\" data-e-type=\"widget\" data-widget_type=\"text-editor.default\">\n\t\t\t\t<div class=\"elementor-widget-container\">\n\t\t\t\t\t\t\t\t\t<h2>Decisioni sulla fertilit\u00e0 e sulla pianificazione familiare per le donne prima, durante e dopo il trattamento antitumorale:<\/h2><p>Le donne a cui \u00e8 stato diagnosticato un cancro devono prendere decisioni sulla loro fertilit\u00e0 <b>prima<\/b>, <b>durante <\/b>e <b>dopo <\/b>il trattamento antitumorale.<\/p><p>Il diagramma seguente illustra queste decisioni sulla fertilit\u00e0, collegandole a ciascuna fase del trattamento antitumorale. In ogni fase, parla con il tuo team di cura del cancro e il team di assistenza alla fertilit\u00e0, il partner, la famiglia e gli amici. Questo ti aiuter\u00e0 ad essere informato e a prendere la decisione giusta per te.  <\/p><p>La <a href=\"\/fertility-preservation-options\/summary\">tabella riassuntiva di questa pagina<\/a> mette a confronto le diverse opzioni di conservazione della fertilit\u00e0. Puoi utilizzare questo riepilogo per aiutarti a pensare alla decisione migliore per te. <\/p><p>Infine, potrebbero esserci altri trattamenti per la fertilit\u00e0 nuovi ed emergenti che sono nelle prime fasi di ricerca e sviluppo. Ad esempio, un trapianto di utero. Parlane con il tuo team di assistenza alla fertilit\u00e0.  <\/p><p>Diagramma seguente: Collegamento delle opzioni di fertilit\u00e0 per le donne <b>prima<\/b>, <b>durante <\/b>e <b>dopo <\/b>il trattamento antitumorale:<\/p><p> <\/p>\t\t\t\t\t\t\t\t<\/div>\n\t\t\t\t<\/div>\n\t\t\t\t<div class=\"elementor-element elementor-element-822ad53 elementor-widget elementor-widget-image\" data-id=\"822ad53\" data-element_type=\"widget\" data-e-type=\"widget\" data-widget_type=\"image.default\">\n\t\t\t\t<div class=\"elementor-widget-container\">\n\t\t\t\t\t\t\t\t\t\t\t\t\t\t\t<img fetchpriority=\"high\" decoding=\"async\" width=\"800\" height=\"1008\" src=\"https:\/\/cancerfertilityandme.org.uk\/wp-content\/uploads\/IT-03-813x1024.png\" class=\"attachment-large size-large wp-image-5694\" alt=\"Collegamento delle opzioni di fertilit\u00e0 per le donne prima, durante e dopo il trattamento antitumorale.\" srcset=\"https:\/\/cancerfertilityandme.org.uk\/wp-content\/uploads\/IT-03-813x1024.png 813w, https:\/\/cancerfertilityandme.org.uk\/wp-content\/uploads\/IT-03-238x300.png 238w, https:\/\/cancerfertilityandme.org.uk\/wp-content\/uploads\/IT-03-768x968.png 768w, https:\/\/cancerfertilityandme.org.uk\/wp-content\/uploads\/IT-03-1219x1536.png 1219w, https:\/\/cancerfertilityandme.org.uk\/wp-content\/uploads\/IT-03.png 1296w\" sizes=\"(max-width: 800px) 100vw, 800px\" \/>\t\t\t\t\t\t\t\t\t\t\t\t\t\t\t<\/div>\n\t\t\t\t<\/div>\n\t\t\t\t<\/div>\n\t\t<div class=\"elementor-element elementor-element-21f10086 e-con-full e-flex e-con e-child\" data-id=\"21f10086\" data-element_type=\"container\" data-e-type=\"container\">\n\t\t<div class=\"elementor-element elementor-element-640667fb e-con-full e-flex e-con e-child\" data-id=\"640667fb\" data-element_type=\"container\" data-e-type=\"container\">\n\t\t\t\t<div class=\"elementor-element elementor-element-e606fb elementor-widget elementor-widget-image\" data-id=\"e606fb\" data-element_type=\"widget\" data-e-type=\"widget\" data-widget_type=\"image.default\">\n\t\t\t\t<div class=\"elementor-widget-container\">\n\t\t\t\t\t\t\t\t\t\t\t\t\t\t\t\t<a href=\"http:\/\/.\/\">\n\t\t\t\t\t\t\t<img decoding=\"async\" width=\"400\" height=\"440\" src=\"https:\/\/cancerfertilityandme.org.uk\/wp-content\/uploads\/cancerfertilityandme-logo-column-adult-women.png\" class=\"attachment-full size-full wp-image-2282\" alt=\"\" srcset=\"https:\/\/cancerfertilityandme.org.uk\/wp-content\/uploads\/cancerfertilityandme-logo-column-adult-women.png 400w, https:\/\/cancerfertilityandme.org.uk\/wp-content\/uploads\/cancerfertilityandme-logo-column-adult-women-273x300.png 273w\" sizes=\"(max-width: 400px) 100vw, 400px\" \/>\t\t\t\t\t\t\t\t<\/a>\n\t\t\t\t\t\t\t\t\t\t\t\t\t\t\t<\/div>\n\t\t\t\t<\/div>\n\t\t\t\t<\/div>\n\t\t<div class=\"elementor-element elementor-element-51a24fbc e-con-full e-flex e-con e-child\" data-id=\"51a24fbc\" data-element_type=\"container\" data-e-type=\"container\">\n\t\t\t\t<div class=\"elementor-element elementor-element-14d06784 elementor-widget elementor-widget-heading\" data-id=\"14d06784\" data-element_type=\"widget\" data-e-type=\"widget\" data-widget_type=\"heading.default\">\n\t\t\t\t<div class=\"elementor-widget-container\">\n\t\t\t\t\t<h3 class=\"elementor-heading-title elementor-size-default\">Segui questi link per ulteriori informazioni<\/h3>\t\t\t\t<\/div>\n\t\t\t\t<\/div>\n\t\t\t\t<div class=\"elementor-element elementor-element-4a3154e9 elementor-nav-menu--dropdown-none elementor-widget elementor-widget-nav-menu\" data-id=\"4a3154e9\" data-element_type=\"widget\" data-e-type=\"widget\" data-settings=\"{&quot;layout&quot;:&quot;vertical&quot;,&quot;submenu_icon&quot;:{&quot;value&quot;:&quot;&lt;svg aria-hidden=\\&quot;true\\&quot; class=\\&quot;e-font-icon-svg e-fas-caret-down\\&quot; viewBox=\\&quot;0 0 320 512\\&quot; xmlns=\\&quot;http:\\\/\\\/www.w3.org\\\/2000\\\/svg\\&quot;&gt;&lt;path d=\\&quot;M31.3 192h257.3c17.8 0 26.7 21.5 14.1 34.1L174.1 354.8c-7.8 7.8-20.5 7.8-28.3 0L17.2 226.1C4.6 213.5 13.5 192 31.3 192z\\&quot;&gt;&lt;\\\/path&gt;&lt;\\\/svg&gt;&quot;,&quot;library&quot;:&quot;fa-solid&quot;}}\" data-widget_type=\"nav-menu.default\">\n\t\t\t\t<div class=\"elementor-widget-container\">\n\t\t\t\t\t\t\t\t<nav aria-label=\"Menu\" class=\"elementor-nav-menu--main elementor-nav-menu__container elementor-nav-menu--layout-vertical e--pointer-none\">\n\t\t\t\t<ul id=\"menu-1-4a3154e9\" class=\"elementor-nav-menu sm-vertical\"><li class=\"menu-item menu-item-type-post_type menu-item-object-page menu-item-6817\"><a href=\"https:\/\/cancerfertilityandme.org.uk\/adult-women\/about-this-project\/\" class=\"elementor-item\">A proposito di questo progetto<\/a><\/li>\n<li class=\"menu-item menu-item-type-post_type menu-item-object-page menu-item-6818\"><a href=\"https:\/\/cancerfertilityandme.org.uk\/adult-women\/about-this-project\/decisions-before-during-and-after-treatment\/\" class=\"elementor-item\">Decisioni prima, durante e dopo il trattamento<\/a><\/li>\n<li class=\"menu-item menu-item-type-post_type menu-item-object-page menu-item-6820\"><a href=\"https:\/\/cancerfertilityandme.org.uk\/adult-women\/about-this-project\/using-this-website\/\" class=\"elementor-item\">Usare questo sito web<\/a><\/li>\n<li class=\"menu-item menu-item-type-post_type menu-item-object-page menu-item-6819\"><a href=\"https:\/\/cancerfertilityandme.org.uk\/glossary\/\" class=\"elementor-item\">Glossario<\/a><\/li>\n<\/ul>\t\t\t<\/nav>\n\t\t\t\t\t\t<nav class=\"elementor-nav-menu--dropdown elementor-nav-menu__container\" aria-hidden=\"true\">\n\t\t\t\t<ul id=\"menu-2-4a3154e9\" class=\"elementor-nav-menu sm-vertical\"><li class=\"menu-item menu-item-type-post_type menu-item-object-page menu-item-6817\"><a href=\"https:\/\/cancerfertilityandme.org.uk\/adult-women\/about-this-project\/\" class=\"elementor-item\" tabindex=\"-1\">A proposito di questo progetto<\/a><\/li>\n<li class=\"menu-item menu-item-type-post_type menu-item-object-page menu-item-6818\"><a href=\"https:\/\/cancerfertilityandme.org.uk\/adult-women\/about-this-project\/decisions-before-during-and-after-treatment\/\" class=\"elementor-item\" tabindex=\"-1\">Decisioni prima, durante e dopo il trattamento<\/a><\/li>\n<li class=\"menu-item menu-item-type-post_type menu-item-object-page menu-item-6820\"><a href=\"https:\/\/cancerfertilityandme.org.uk\/adult-women\/about-this-project\/using-this-website\/\" class=\"elementor-item\" tabindex=\"-1\">Usare questo sito web<\/a><\/li>\n<li class=\"menu-item menu-item-type-post_type menu-item-object-page menu-item-6819\"><a href=\"https:\/\/cancerfertilityandme.org.uk\/glossary\/\" class=\"elementor-item\" tabindex=\"-1\">Glossario<\/a><\/li>\n<\/ul>\t\t\t<\/nav>\n\t\t\t\t\t\t<\/div>\n\t\t\t\t<\/div>\n\t\t\t\t<\/div>\n\t\t\t\t<\/div>\n\t\t\t\t\t<\/div>\n\t\t\t\t<\/main>\n\t\t\t\t<\/div>\n\t\t","protected":false},"excerpt":{"rendered":"<p>Decisioni sulla fertilit\u00e0 e sulla pianificazione familiare per le donne prima, durante e dopo il trattamento antitumorale: Le donne a cui \u00e8 stato diagnosticato un cancro devono prendere decisioni sulla loro fertilit\u00e0 prima, durante e dopo il trattamento antitumorale. Il diagramma seguente illustra queste decisioni sulla fertilit\u00e0, collegandole a ciascuna fase del trattamento antitumorale. In [&hellip;]<\/p>\n","protected":false},"author":1,"featured_media":5638,"parent":6143,"menu_order":0,"comment_status":"closed","ping_status":"open","template":"","meta":{"footnotes":""},"class_list":["post-6145","page","type-page","status-publish","has-post-thumbnail","hentry"],"_links":{"self":[{"href":"https:\/\/cancerfertilityandme.org.uk\/it\/wp-json\/wp\/v2\/pages\/6145","targetHints":{"allow":["GET"]}}],"collection":[{"href":"https:\/\/cancerfertilityandme.org.uk\/it\/wp-json\/wp\/v2\/pages"}],"about":[{"href":"https:\/\/cancerfertilityandme.org.uk\/it\/wp-json\/wp\/v2\/types\/page"}],"author":[{"embeddable":true,"href":"https:\/\/cancerfertilityandme.org.uk\/it\/wp-json\/wp\/v2\/users\/1"}],"replies":[{"embeddable":true,"href":"https:\/\/cancerfertilityandme.org.uk\/it\/wp-json\/wp\/v2\/comments?post=6145"}],"version-history":[{"count":8,"href":"https:\/\/cancerfertilityandme.org.uk\/it\/wp-json\/wp\/v2\/pages\/6145\/revisions"}],"predecessor-version":[{"id":10839,"href":"https:\/\/cancerfertilityandme.org.uk\/it\/wp-json\/wp\/v2\/pages\/6145\/revisions\/10839"}],"up":[{"embeddable":true,"href":"https:\/\/cancerfertilityandme.org.uk\/it\/wp-json\/wp\/v2\/pages\/6143"}],"wp:featuredmedia":[{"embeddable":true,"href":"https:\/\/cancerfertilityandme.org.uk\/it\/wp-json\/wp\/v2\/media\/5638"}],"wp:attachment":[{"href":"https:\/\/cancerfertilityandme.org.uk\/it\/wp-json\/wp\/v2\/media?parent=6145"}],"curies":[{"name":"wp","href":"https:\/\/api.w.org\/{rel}","templated":true}]}}