{"id":6143,"date":"2019-04-15T13:13:44","date_gmt":"2019-04-15T13:13:44","guid":{"rendered":"https:\/\/cancerfertilityandme.org.uk\/a-proposito-di-questo-sito-web\/"},"modified":"2026-03-09T11:36:47","modified_gmt":"2026-03-09T11:36:47","slug":"a-proposito-di-questo-sito-web","status":"publish","type":"page","link":"https:\/\/cancerfertilityandme.org.uk\/it\/donne-adulte\/a-proposito-di-questo-sito-web\/","title":{"rendered":"A proposito di questo progetto"},"content":{"rendered":"\t\t<div data-elementor-type=\"wp-page\" data-elementor-id=\"6143\" class=\"elementor elementor-6143 elementor-5611\" data-elementor-post-type=\"page\">\n\t\t\t\t<main class=\"elementor-element elementor-element-6e75e9de e-flex e-con-boxed e-con e-parent\" data-id=\"6e75e9de\" data-element_type=\"container\" data-e-type=\"container\">\n\t\t\t\t\t<div class=\"e-con-inner\">\n\t\t<div class=\"elementor-element elementor-element-1dcd69a9 e-con-full e-flex e-con e-child\" data-id=\"1dcd69a9\" data-element_type=\"container\" data-e-type=\"container\">\n\t\t\t\t<div class=\"elementor-element elementor-element-2a773a53 elementor-widget elementor-widget-text-editor\" data-id=\"2a773a53\" data-element_type=\"widget\" data-e-type=\"widget\" data-widget_type=\"text-editor.default\">\n\t\t\t\t<div class=\"elementor-widget-container\">\n\t\t\t\t\t\t\t\t\t<h4>Lo scopo di questo sito web \u00e8 di aiutare le donne malate di cancro a prendere decisioni sulla tutela della fertilit\u00e0 prima che inizino i trattamenti antitumorali.<\/h4><p>Per alcune donne, i trattamenti antitumorali come la chemioterapia, la radioterapia, le terapie ormonali e chirurgiche possono causare problemi di fertilit\u00e0 di lunga durata e possono ridurre le future probabilit\u00e0 di gravidanza. I modi in cui i trattamenti antitumorali influenzano la fertilit\u00e0 dipendono dal tipo di cancro e dal trattamento che potrebbe venirti assegnato I modi in cui i trattamenti antitumorali influenzano la fertilit\u00e0, dipendono dal tipo di cancro e dal trattamento che potresti avere.For some women, cancer treatments such as chemotherapy, radiotherapy, hormonal and surgical therapies may cause long-lasting fertility problems and may reduce the future chances of becoming pregnant. I modi in cui i trattamenti antitumorali influenzano la fertilit\u00e0, dipendono dal tipo di cancro e dal trattamento che potresti avere.<\/p><h4>Questo sito Web contiene informazioni per aiutarti:<\/h4><ul><li>Capire di pi\u00f9 su come i trattamenti antitumorali possono causare problemi di fertilit\u00e0 nelle donne.<\/li><li>Capire di pi\u00f9 su come le donne con il cancro possono preservare la loro fertilit\u00e0, prima di iniziare il trattamento antitumorale.<\/li><li>Comprendere quali opzioni possono adattarsi meglio alla tua vita, per preservare la fertilit\u00e0.<\/li><li>Comprendere le decisioni di pianificazione familiare durante e dopo il trattamento antitumorale.<\/li><\/ul><p>Le procedure per la tutela della fertilit\u00e0 servono ad aiutare le donne malate di cancro ad avere maggiori possibilit\u00e0 di rimanere incinte e di concepire figli in seguito a trattamenti antitumorali. Tuttavia, non tutte le donne che hanno un trattamento antitumorale avranno problemi di fertilit\u00e0 in futuro. Tuttavia, non tutte le donne che hanno un trattamento antitumorale avranno problemi di fertilit\u00e0 in futuro. <\/p><h4>Questo sito web pu\u00f2 esserti utile se:<\/h4><ul><li>Ti \u00e8 stato recentemente diagnosticato un cancro.<\/li><li>Potresti voler rimanere incinta e provare ad avere figli in futuro dopo aver completato il trattamento antitumorale.<\/li><li>Desideri maggiori informazioni per aiutarti a prendere una decisione sulla conservazione della fertilit\u00e0.<\/li><\/ul>\t\t\t\t\t\t\t\t<\/div>\n\t\t\t\t<\/div>\n\t\t\t\t<\/div>\n\t\t<div class=\"elementor-element elementor-element-7c9fa8b6 e-con-full e-flex e-con e-child\" data-id=\"7c9fa8b6\" data-element_type=\"container\" data-e-type=\"container\">\n\t\t<div class=\"elementor-element elementor-element-54755db2 e-con-full e-flex e-con e-child\" data-id=\"54755db2\" data-element_type=\"container\" data-e-type=\"container\">\n\t\t\t\t<div class=\"elementor-element elementor-element-762eb1be elementor-widget elementor-widget-image\" data-id=\"762eb1be\" data-element_type=\"widget\" data-e-type=\"widget\" data-widget_type=\"image.default\">\n\t\t\t\t<div class=\"elementor-widget-container\">\n\t\t\t\t\t\t\t\t\t\t\t\t\t\t\t\t<a href=\"http:\/\/.\/\">\n\t\t\t\t\t\t\t<img fetchpriority=\"high\" decoding=\"async\" width=\"400\" height=\"440\" src=\"https:\/\/cancerfertilityandme.org.uk\/wp-content\/uploads\/cancerfertilityandme-logo-column-adult-women.png\" class=\"attachment-full size-full wp-image-2282\" alt=\"\" srcset=\"https:\/\/cancerfertilityandme.org.uk\/wp-content\/uploads\/cancerfertilityandme-logo-column-adult-women.png 400w, https:\/\/cancerfertilityandme.org.uk\/wp-content\/uploads\/cancerfertilityandme-logo-column-adult-women-273x300.png 273w\" sizes=\"(max-width: 400px) 100vw, 400px\" \/>\t\t\t\t\t\t\t\t<\/a>\n\t\t\t\t\t\t\t\t\t\t\t\t\t\t\t<\/div>\n\t\t\t\t<\/div>\n\t\t\t\t<\/div>\n\t\t<div class=\"elementor-element elementor-element-7daf8974 e-con-full e-flex e-con e-child\" data-id=\"7daf8974\" data-element_type=\"container\" data-e-type=\"container\">\n\t\t\t\t<div class=\"elementor-element elementor-element-1281da elementor-widget elementor-widget-heading\" data-id=\"1281da\" data-element_type=\"widget\" data-e-type=\"widget\" data-widget_type=\"heading.default\">\n\t\t\t\t<div class=\"elementor-widget-container\">\n\t\t\t\t\t<h3 class=\"elementor-heading-title elementor-size-default\">Segui questi link per ulteriori informazioni<\/h3>\t\t\t\t<\/div>\n\t\t\t\t<\/div>\n\t\t\t\t<div class=\"elementor-element elementor-element-5d7b452e elementor-nav-menu--dropdown-none elementor-widget elementor-widget-nav-menu\" data-id=\"5d7b452e\" data-element_type=\"widget\" data-e-type=\"widget\" data-settings=\"{&quot;layout&quot;:&quot;vertical&quot;,&quot;submenu_icon&quot;:{&quot;value&quot;:&quot;&lt;svg aria-hidden=\\&quot;true\\&quot; class=\\&quot;e-font-icon-svg e-fas-caret-down\\&quot; viewBox=\\&quot;0 0 320 512\\&quot; xmlns=\\&quot;http:\\\/\\\/www.w3.org\\\/2000\\\/svg\\&quot;&gt;&lt;path d=\\&quot;M31.3 192h257.3c17.8 0 26.7 21.5 14.1 34.1L174.1 354.8c-7.8 7.8-20.5 7.8-28.3 0L17.2 226.1C4.6 213.5 13.5 192 31.3 192z\\&quot;&gt;&lt;\\\/path&gt;&lt;\\\/svg&gt;&quot;,&quot;library&quot;:&quot;fa-solid&quot;}}\" data-widget_type=\"nav-menu.default\">\n\t\t\t\t<div class=\"elementor-widget-container\">\n\t\t\t\t\t\t\t\t<nav aria-label=\"Menu\" class=\"elementor-nav-menu--main elementor-nav-menu__container elementor-nav-menu--layout-vertical e--pointer-none\">\n\t\t\t\t<ul id=\"menu-1-5d7b452e\" class=\"elementor-nav-menu sm-vertical\"><li class=\"menu-item menu-item-type-post_type menu-item-object-page menu-item-6817\"><a href=\"https:\/\/cancerfertilityandme.org.uk\/adult-women\/about-this-project\/\" class=\"elementor-item\">A proposito di questo progetto<\/a><\/li>\n<li class=\"menu-item menu-item-type-post_type menu-item-object-page menu-item-6818\"><a href=\"https:\/\/cancerfertilityandme.org.uk\/adult-women\/about-this-project\/decisions-before-during-and-after-treatment\/\" class=\"elementor-item\">Decisioni prima, durante e dopo il trattamento<\/a><\/li>\n<li class=\"menu-item menu-item-type-post_type menu-item-object-page menu-item-6820\"><a href=\"https:\/\/cancerfertilityandme.org.uk\/adult-women\/about-this-project\/using-this-website\/\" class=\"elementor-item\">Usare questo sito web<\/a><\/li>\n<li class=\"menu-item menu-item-type-post_type menu-item-object-page menu-item-6819\"><a href=\"https:\/\/cancerfertilityandme.org.uk\/glossary\/\" class=\"elementor-item\">Glossario<\/a><\/li>\n<\/ul>\t\t\t<\/nav>\n\t\t\t\t\t\t<nav class=\"elementor-nav-menu--dropdown elementor-nav-menu__container\" aria-hidden=\"true\">\n\t\t\t\t<ul id=\"menu-2-5d7b452e\" class=\"elementor-nav-menu sm-vertical\"><li class=\"menu-item menu-item-type-post_type menu-item-object-page menu-item-6817\"><a href=\"https:\/\/cancerfertilityandme.org.uk\/adult-women\/about-this-project\/\" class=\"elementor-item\" tabindex=\"-1\">A proposito di questo progetto<\/a><\/li>\n<li class=\"menu-item menu-item-type-post_type menu-item-object-page menu-item-6818\"><a href=\"https:\/\/cancerfertilityandme.org.uk\/adult-women\/about-this-project\/decisions-before-during-and-after-treatment\/\" class=\"elementor-item\" tabindex=\"-1\">Decisioni prima, durante e dopo il trattamento<\/a><\/li>\n<li class=\"menu-item menu-item-type-post_type menu-item-object-page menu-item-6820\"><a href=\"https:\/\/cancerfertilityandme.org.uk\/adult-women\/about-this-project\/using-this-website\/\" class=\"elementor-item\" tabindex=\"-1\">Usare questo sito web<\/a><\/li>\n<li class=\"menu-item menu-item-type-post_type menu-item-object-page menu-item-6819\"><a href=\"https:\/\/cancerfertilityandme.org.uk\/glossary\/\" class=\"elementor-item\" tabindex=\"-1\">Glossario<\/a><\/li>\n<\/ul>\t\t\t<\/nav>\n\t\t\t\t\t\t<\/div>\n\t\t\t\t<\/div>\n\t\t\t\t<\/div>\n\t\t\t\t<\/div>\n\t\t\t\t\t<\/div>\n\t\t\t\t<\/main>\n\t\t\t\t<\/div>\n\t\t","protected":false},"excerpt":{"rendered":"<p>Lo scopo di questo sito web \u00e8 di aiutare le donne malate di cancro a prendere decisioni sulla tutela della fertilit\u00e0 prima che inizino i trattamenti antitumorali. Per alcune donne, i trattamenti antitumorali come la chemioterapia, la radioterapia, le terapie ormonali e chirurgiche possono causare problemi di fertilit\u00e0 di lunga durata e possono ridurre le [&hellip;]<\/p>\n","protected":false},"author":1,"featured_media":5616,"parent":6762,"menu_order":0,"comment_status":"closed","ping_status":"closed","template":"","meta":{"footnotes":""},"class_list":["post-6143","page","type-page","status-publish","has-post-thumbnail","hentry"],"_links":{"self":[{"href":"https:\/\/cancerfertilityandme.org.uk\/it\/wp-json\/wp\/v2\/pages\/6143","targetHints":{"allow":["GET"]}}],"collection":[{"href":"https:\/\/cancerfertilityandme.org.uk\/it\/wp-json\/wp\/v2\/pages"}],"about":[{"href":"https:\/\/cancerfertilityandme.org.uk\/it\/wp-json\/wp\/v2\/types\/page"}],"author":[{"embeddable":true,"href":"https:\/\/cancerfertilityandme.org.uk\/it\/wp-json\/wp\/v2\/users\/1"}],"replies":[{"embeddable":true,"href":"https:\/\/cancerfertilityandme.org.uk\/it\/wp-json\/wp\/v2\/comments?post=6143"}],"version-history":[{"count":6,"href":"https:\/\/cancerfertilityandme.org.uk\/it\/wp-json\/wp\/v2\/pages\/6143\/revisions"}],"predecessor-version":[{"id":11119,"href":"https:\/\/cancerfertilityandme.org.uk\/it\/wp-json\/wp\/v2\/pages\/6143\/revisions\/11119"}],"up":[{"embeddable":true,"href":"https:\/\/cancerfertilityandme.org.uk\/it\/wp-json\/wp\/v2\/pages\/6762"}],"wp:featuredmedia":[{"embeddable":true,"href":"https:\/\/cancerfertilityandme.org.uk\/it\/wp-json\/wp\/v2\/media\/5616"}],"wp:attachment":[{"href":"https:\/\/cancerfertilityandme.org.uk\/it\/wp-json\/wp\/v2\/media?parent=6143"}],"curies":[{"name":"wp","href":"https:\/\/api.w.org\/{rel}","templated":true}]}}