{"id":11675,"date":"2023-04-06T13:56:01","date_gmt":"2023-04-06T13:56:01","guid":{"rendered":"https:\/\/cancerfertilityandme.org.uk\/home\/decidere-sulla-conservazione-della-fertilita\/altre-decisioni-sulla-fertilita-da-considerare\/"},"modified":"2026-03-27T14:34:21","modified_gmt":"2026-03-27T14:34:21","slug":"altre-decisioni-sulla-fertilita-da-considerare","status":"publish","type":"page","link":"https:\/\/cancerfertilityandme.org.uk\/it\/giovani-donne\/decidere-sulla-conservazione-della-fertilita\/altre-decisioni-sulla-fertilita-da-considerare\/","title":{"rendered":"Altre decisioni sulla fertilit\u00e0 da considerare"},"content":{"rendered":"\t\t<div data-elementor-type=\"wp-page\" data-elementor-id=\"11675\" class=\"elementor elementor-11675\" data-elementor-post-type=\"page\">\n\t\t\t\t<main class=\"elementor-element elementor-element-3ff4da75 e-flex e-con-boxed e-con e-parent\" data-id=\"3ff4da75\" data-element_type=\"container\" data-e-type=\"container\">\n\t\t\t\t\t<div class=\"e-con-inner\">\n\t\t<div class=\"elementor-element elementor-element-2ab9ba32 e-con-full e-flex e-con e-child\" data-id=\"2ab9ba32\" data-element_type=\"container\" data-e-type=\"container\">\n\t\t\t\t<div class=\"elementor-element elementor-element-5bac70ef elementor-widget elementor-widget-text-editor\" data-id=\"5bac70ef\" data-element_type=\"widget\" data-e-type=\"widget\" data-widget_type=\"text-editor.default\">\n\t\t\t\t<div class=\"elementor-widget-container\">\n\t\t\t\t\t\t\t\t\t<h2>Altre decisioni sulla fertilit\u00e0 da considerare<\/h2><p>Finora, l&#8217;obiettivo principale di questo sito web \u00e8 stato quello di aiutarvi a prendere le decisioni pi\u00f9 appropriate in materia di preservazione della fertilit\u00e0 prima di iniziare un trattamento oncologico. Questa sezione fornisce informazioni sulla contraccezione e sulle decisioni di pianificazione familiare che potresti voler prendere, durante e dopo il trattamento antitumorale.<\/p><p><strong>\u2022 Durante il trattamento del cancro:<\/strong><\/p><p>Queste decisioni possono includere su quale tipo di contraccettivo utilizzare.<\/p><p><strong>\u2022 Dopo il trattamento del cancro e il follow-up:<\/strong><\/p><p>Queste decisioni possono includere quale tipo di contraccettivo utilizzare, quali metodi di test di fertilit\u00e0 utilizzare e pianificazione per una futura famiglia.<\/p><p><strong>Contraccezione durante il trattamento antitumorale<\/strong><\/p><p>Si consiglia vivamente alle donne, di non rimanere incinte durante il trattamento antitumorale. Questo perch\u00e9 i trattamenti antitumorali possono danneggiare un nascituro nelle prime fasi dello sviluppo. Anche se il ciclo si interrompe durante il trattamento, ci\u00f2 non significa che non puoi rimanere incinta.  <\/p><p>Se sei sessualmente attivo, dovresti usare un metodo contraccettivo affidabile durante il trattamento antitumorale<\/p><p>L\u2019immagine seguente mostra i diversi tipi di contraccezione da prendere in considerazione.<\/p>\t\t\t\t\t\t\t\t<\/div>\n\t\t\t\t<\/div>\n\t\t\t\t<div class=\"elementor-element elementor-element-5c3347f elementor-widget elementor-widget-image\" data-id=\"5c3347f\" data-element_type=\"widget\" data-e-type=\"widget\" data-widget_type=\"image.default\">\n\t\t\t\t<div class=\"elementor-widget-container\">\n\t\t\t\t\t\t\t\t\t\t\t\t\t\t\t<img fetchpriority=\"high\" decoding=\"async\" width=\"800\" height=\"323\" src=\"https:\/\/cancerfertilityandme.org.uk\/wp-content\/uploads\/IT-05-1-1024x413.png\" class=\"attachment-large size-large wp-image-11695\" alt=\"\" srcset=\"https:\/\/cancerfertilityandme.org.uk\/wp-content\/uploads\/IT-05-1-1024x413.png 1024w, https:\/\/cancerfertilityandme.org.uk\/wp-content\/uploads\/IT-05-1-300x121.png 300w, https:\/\/cancerfertilityandme.org.uk\/wp-content\/uploads\/IT-05-1-768x310.png 768w, https:\/\/cancerfertilityandme.org.uk\/wp-content\/uploads\/IT-05-1.png 1028w\" sizes=\"(max-width: 800px) 100vw, 800px\" \/>\t\t\t\t\t\t\t\t\t\t\t\t\t\t\t<\/div>\n\t\t\t\t<\/div>\n\t\t\t\t<div class=\"elementor-element elementor-element-f4cf6e9 elementor-widget elementor-widget-text-editor\" data-id=\"f4cf6e9\" data-element_type=\"widget\" data-e-type=\"widget\" data-widget_type=\"text-editor.default\">\n\t\t\t\t<div class=\"elementor-widget-container\">\n\t\t\t\t\t\t\t\t\t<p>Si raccomanda che le donne sottoposte a trattamenti ormonali, utilizzino metodi contraccettivi non ormonali. Questi includono preservativi, preservativi femminili e diaframmi. La pillola contraccettiva \u00e8 meno comunemente consigliata per le donne con tumori sensibili agli ormoni. Questo perch\u00e9 c\u2019\u00e8 la probabilit\u00e0 che gli ormoni nella pillola contraccettiva, possano stimolare le cellule tumorali rimanenti.   Si consiglia di discutere questi vari metodi di contraccezione con il team di cura del cancro.<\/p><p><strong>Le seguenti domande possono aiutarti a parlare con il tuo team di cura del cancro o con il tuo medico di famiglia sulla contraccezione:<\/strong><\/p><p>Le seguenti domande possono esservi utili per parlare di contraccezione con il vostro team di specialisti oncologici o con il vostro medico di base.<\/p><ul><li>Quale contraccettivo sarebbe meglio per me durante il trattamento antitumorale?<\/li><li>Per quanto tempo dovr\u00f2 usare questo contraccettivo?<\/li><li>Devo usare metodi contraccettivi non ormonali per il mio tipo di cancro?<\/li><li>Se non ho le mestruazioni durante il trattamento antitumorale, dovrei comunque usare i contraccettivi?<\/li><li>Influir\u00e0 su di me o sul mio nascituro, se scelgo di non usare la contraccezione e rimango incinta durante il trattamento antitumorale?<\/li><\/ul><h2>Decisioni sulla pianificazione familiare dopo il trattamento antitumorale<\/h2><p>Per molte donne, decidere se tentare una gravidanza dopo una diagnosi di cancro \u00e8 difficile. Durante questo periodo, le donne prendono decisioni sulla gestione della fertilit\u00e0 che meglio si adattano alle loro vite. Questi includono i test per controllare la fertilit\u00e0, la scelta di un metodo contraccettivo e la pianificazione della tua futura famiglia.   Questo \u00e8 illustrato nella figura 3 qui sotto.<\/p>\t\t\t\t\t\t\t\t<\/div>\n\t\t\t\t<\/div>\n\t\t\t\t<div class=\"elementor-element elementor-element-53f8b8f elementor-widget elementor-widget-image\" data-id=\"53f8b8f\" data-element_type=\"widget\" data-e-type=\"widget\" data-widget_type=\"image.default\">\n\t\t\t\t<div class=\"elementor-widget-container\">\n\t\t\t\t\t\t\t\t\t\t\t\t\t\t\t<img decoding=\"async\" width=\"800\" height=\"405\" src=\"https:\/\/cancerfertilityandme.org.uk\/wp-content\/uploads\/IT-06-4-1024x518.png\" class=\"attachment-large size-large wp-image-11708\" alt=\"\" srcset=\"https:\/\/cancerfertilityandme.org.uk\/wp-content\/uploads\/IT-06-4-1024x518.png 1024w, https:\/\/cancerfertilityandme.org.uk\/wp-content\/uploads\/IT-06-4-300x152.png 300w, https:\/\/cancerfertilityandme.org.uk\/wp-content\/uploads\/IT-06-4-768x389.png 768w, https:\/\/cancerfertilityandme.org.uk\/wp-content\/uploads\/IT-06-4.png 1045w\" sizes=\"(max-width: 800px) 100vw, 800px\" \/>\t\t\t\t\t\t\t\t\t\t\t\t\t\t\t<\/div>\n\t\t\t\t<\/div>\n\t\t\t\t<div class=\"elementor-element elementor-element-e5aac46 elementor-widget elementor-widget-text-editor\" data-id=\"e5aac46\" data-element_type=\"widget\" data-e-type=\"widget\" data-widget_type=\"text-editor.default\">\n\t\t\t\t<div class=\"elementor-widget-container\">\n\t\t\t\t\t\t\t\t\t<p>\u00c8 difficile prevedere come la tua fertilit\u00e0 sar\u00e0 influenzata dal trattamento antitumorale. Il team di cura della fertilit\u00e0 pu\u00f2 controllare la tua fertilit\u00e0 attraverso una serie di test. Questi includono esami del sangue per controllare i livelli di un ormone o un\u2019ecografia delle ovaie. Puoi chiedere al tuo team di cura del cancro o al tuo medico di famiglia di indirizzarti a una clinica per la fertilit\u00e0.  <\/p><p>La tua fertilit\u00e0 pu\u00f2 tornare naturalmente in seguito. Anche se le tue mestruazioni non sono ricominciate, potresti ancora produrre ovuli e potresti rimanere incinta. Si consiglia di discutere questi vari metodi di contraccezione con il team di cura del cancro o il medico di famiglia. Loro sono in grado di consigliarti sulle opzioni e sul tipo di contraccezione appropriato per te. Si consiglia di attendere due anni dopo aver completato il trattamento antitumorale, prima di provare ad avere un bambino.   <\/p><p>Non ci sono dati che suggeriscano che una gravidanza influisca sulle probabilit\u00e0 che un cancro ritorni. Non ci sono dati che suggeriscano che la salute dei bambini nati dopo il trattamento antitumorale sia influenzata. Se stai pensando di rimanere incinta, parla con il tuo team di cura del cancro.  <\/p><p>Non tutte le giovani donne sottoposte a cure per il cancro avranno un problema di fertilit\u00e0, infatti la <strong>maggior parte delle giovani donne che vogliono avere un bambino dopo il trattamento per il cancro sono in grado di farlo.<\/strong><\/p><p>Alcune donne possono affrontare una perdita permanente di fertilit\u00e0 dopo il trattamento antitumorale. Questo pu\u00f2 essere sconcertante e difficile da accettare. Se questo fosse il tuo caso, potresti trovare utile cercare una consulenza professionale. Oltre a offrire supporto emotivo, saranno in grado di offrire informazioni su altre opzioni. Questi includono la maternit\u00e0 surrogata, l\u2019adozione e l\u2019affidamento. Possono anche consigliare metodi di gravidanze assistite come ovuli ed embrioni di donatori o utilizzando i propri ovuli, embrioni e tessuto ovarico conservati.    <\/p><p>Il sito Web HFEA <a href=\"https:\/\/www.hfea.gov.uk\/\" target=\"_blank\" rel=\"noopener\">www.hfea.gov.uk<\/a> contiene ulteriori informazioni sulla donazione di ovuli o embrioni e sulla maternit\u00e0 surrogata.<\/p><p>Le organizzazioni <a href=\"https:\/\/cancerfertilityandme.org.uk\/it\/home\/contatti-utili\/\">qui <\/a>elencate includono informazioni e supporto per le persone interessate all\u2019affidamento e all\u2019adozione.<\/p><p><strong>Le seguenti domande possono aiutarti a parlare con il tuo team di cura del cancro con il tuo medico di famiglia della pianificazione familiare dopo il trattamento antitumorale:<\/strong><\/p><ul><li>Come faccio a sapere se sono fertile dopo il trattamento antitumorale?<\/li><li>Quanto tempo prima di sapere se sono fertile?<\/li><li>Ci sono dei test che posso fare per verificare se sono ancora fertile dopo il trattamento antitumorale?<\/li><li>Una futura gravidanza potrebbe influire sulle probabilit\u00e0 di ricomparsa del cancro?<\/li><li>Supponendo di poter ancora avere figli, quanto tempo dovrei aspettare dopo il trattamento?<\/li><li>Se rimango incinta dopo il trattamento antitumorale, mio figlio avr\u00e0 maggiori probabilit\u00e0 di ammalarsi di cancro?<\/li><li>Se non ho preservato la mia fertilit\u00e0 prima del trattamento, ho ancora delle opzioni?<\/li><\/ul>\t\t\t\t\t\t\t\t<\/div>\n\t\t\t\t<\/div>\n\t\t\t\t<\/div>\n\t\t<div class=\"elementor-element elementor-element-70a0f153 e-con-full e-flex e-con e-child\" data-id=\"70a0f153\" data-element_type=\"container\" data-e-type=\"container\">\n\t\t<div class=\"elementor-element elementor-element-2958a1d3 e-con-full e-flex e-con e-child\" data-id=\"2958a1d3\" data-element_type=\"container\" data-e-type=\"container\">\n\t\t\t\t<div class=\"elementor-element elementor-element-591329c4 elementor-widget elementor-widget-image\" data-id=\"591329c4\" data-element_type=\"widget\" data-e-type=\"widget\" data-widget_type=\"image.default\">\n\t\t\t\t<div class=\"elementor-widget-container\">\n\t\t\t\t\t\t\t\t\t\t\t\t\t\t\t\t<a href=\"http:\/\/.\/\">\n\t\t\t\t\t\t\t<img decoding=\"async\" width=\"200\" height=\"200\" src=\"https:\/\/cancerfertilityandme.org.uk\/wp-content\/uploads\/cancerfertilityandme-logo-header-young-women.png\" class=\"attachment-full size-full wp-image-329\" alt=\"\" srcset=\"https:\/\/cancerfertilityandme.org.uk\/wp-content\/uploads\/cancerfertilityandme-logo-header-young-women.png 200w, https:\/\/cancerfertilityandme.org.uk\/wp-content\/uploads\/cancerfertilityandme-logo-header-young-women-150x150.png 150w, https:\/\/cancerfertilityandme.org.uk\/wp-content\/uploads\/elementor\/thumbs\/cancerfertilityandme-logo-header-young-women-r4vfcv1ro149or8nkxzol3x986uodd6lq6no4gpb6w.png 100w\" sizes=\"(max-width: 200px) 100vw, 200px\" \/>\t\t\t\t\t\t\t\t<\/a>\n\t\t\t\t\t\t\t\t\t\t\t\t\t\t\t<\/div>\n\t\t\t\t<\/div>\n\t\t\t\t<\/div>\n\t\t<div class=\"elementor-element elementor-element-817e9ca e-con-full e-flex e-con e-child\" data-id=\"817e9ca\" data-element_type=\"container\" data-e-type=\"container\">\n\t\t\t\t<div class=\"elementor-element elementor-element-562636c3 elementor-widget elementor-widget-heading\" data-id=\"562636c3\" data-element_type=\"widget\" data-e-type=\"widget\" data-widget_type=\"heading.default\">\n\t\t\t\t<div class=\"elementor-widget-container\">\n\t\t\t\t\t<h3 class=\"elementor-heading-title elementor-size-default\">Segui questi link per ulteriori informazioni<\/h3>\t\t\t\t<\/div>\n\t\t\t\t<\/div>\n\t\t\t\t<div class=\"elementor-element elementor-element-44a325b5 elementor-nav-menu--dropdown-none elementor-widget elementor-widget-nav-menu\" data-id=\"44a325b5\" data-element_type=\"widget\" data-e-type=\"widget\" data-settings=\"{&quot;layout&quot;:&quot;vertical&quot;,&quot;submenu_icon&quot;:{&quot;value&quot;:&quot;&lt;svg aria-hidden=\\&quot;true\\&quot; class=\\&quot;e-font-icon-svg e-fas-caret-down\\&quot; viewBox=\\&quot;0 0 320 512\\&quot; xmlns=\\&quot;http:\\\/\\\/www.w3.org\\\/2000\\\/svg\\&quot;&gt;&lt;path d=\\&quot;M31.3 192h257.3c17.8 0 26.7 21.5 14.1 34.1L174.1 354.8c-7.8 7.8-20.5 7.8-28.3 0L17.2 226.1C4.6 213.5 13.5 192 31.3 192z\\&quot;&gt;&lt;\\\/path&gt;&lt;\\\/svg&gt;&quot;,&quot;library&quot;:&quot;fa-solid&quot;}}\" data-widget_type=\"nav-menu.default\">\n\t\t\t\t<div class=\"elementor-widget-container\">\n\t\t\t\t\t\t\t\t<nav aria-label=\"Menu\" class=\"elementor-nav-menu--main elementor-nav-menu__container elementor-nav-menu--layout-vertical e--pointer-none\">\n\t\t\t\t<ul id=\"menu-1-44a325b5\" class=\"elementor-nav-menu sm-vertical\"><li class=\"menu-item menu-item-type-post_type menu-item-object-page menu-item-8524\"><a href=\"https:\/\/cancerfertilityandme.org.uk\/young-women\/making-your-decision\/\" class=\"elementor-item\">Decidere sulla conservazione della fertilit\u00e0<\/a><\/li>\n<li class=\"menu-item menu-item-type-post_type menu-item-object-page menu-item-8525\"><a href=\"https:\/\/cancerfertilityandme.org.uk\/young-women\/making-your-decision\/talking-about-fertility-preservation\/\" class=\"elementor-item\">Discutere la tutela della fertilit\u00e0<\/a><\/li>\n<li class=\"menu-item menu-item-type-post_type menu-item-object-page menu-item-8526\"><a href=\"https:\/\/cancerfertilityandme.org.uk\/young-women\/making-your-decision\/talking-about-fertility-preservation-decision-with-others\/\" class=\"elementor-item\">Discutere decisioni sulla tutela della fertilit\u00e0 con altri<\/a><\/li>\n<\/ul>\t\t\t<\/nav>\n\t\t\t\t\t\t<nav class=\"elementor-nav-menu--dropdown elementor-nav-menu__container\" aria-hidden=\"true\">\n\t\t\t\t<ul id=\"menu-2-44a325b5\" class=\"elementor-nav-menu sm-vertical\"><li class=\"menu-item menu-item-type-post_type menu-item-object-page menu-item-8524\"><a href=\"https:\/\/cancerfertilityandme.org.uk\/young-women\/making-your-decision\/\" class=\"elementor-item\" tabindex=\"-1\">Decidere sulla conservazione della fertilit\u00e0<\/a><\/li>\n<li class=\"menu-item menu-item-type-post_type menu-item-object-page menu-item-8525\"><a href=\"https:\/\/cancerfertilityandme.org.uk\/young-women\/making-your-decision\/talking-about-fertility-preservation\/\" class=\"elementor-item\" tabindex=\"-1\">Discutere la tutela della fertilit\u00e0<\/a><\/li>\n<li class=\"menu-item menu-item-type-post_type menu-item-object-page menu-item-8526\"><a href=\"https:\/\/cancerfertilityandme.org.uk\/young-women\/making-your-decision\/talking-about-fertility-preservation-decision-with-others\/\" class=\"elementor-item\" tabindex=\"-1\">Discutere decisioni sulla tutela della fertilit\u00e0 con altri<\/a><\/li>\n<\/ul>\t\t\t<\/nav>\n\t\t\t\t\t\t<\/div>\n\t\t\t\t<\/div>\n\t\t\t\t<\/div>\n\t\t\t\t<\/div>\n\t\t\t\t\t<\/div>\n\t\t\t\t<\/main>\n\t\t\t\t<\/div>\n\t\t","protected":false},"excerpt":{"rendered":"<p>Altre decisioni sulla fertilit\u00e0 da considerare Finora, l&#8217;obiettivo principale di questo sito web \u00e8 stato quello di aiutarvi a prendere le decisioni pi\u00f9 appropriate in materia di preservazione della fertilit\u00e0 prima di iniziare un trattamento oncologico. Questa sezione fornisce informazioni sulla contraccezione e sulle decisioni di pianificazione familiare che potresti voler prendere, durante e dopo [&hellip;]<\/p>\n","protected":false},"author":1,"featured_media":0,"parent":8099,"menu_order":0,"comment_status":"open","ping_status":"closed","template":"","meta":{"footnotes":""},"class_list":["post-11675","page","type-page","status-publish","hentry"],"_links":{"self":[{"href":"https:\/\/cancerfertilityandme.org.uk\/it\/wp-json\/wp\/v2\/pages\/11675","targetHints":{"allow":["GET"]}}],"collection":[{"href":"https:\/\/cancerfertilityandme.org.uk\/it\/wp-json\/wp\/v2\/pages"}],"about":[{"href":"https:\/\/cancerfertilityandme.org.uk\/it\/wp-json\/wp\/v2\/types\/page"}],"author":[{"embeddable":true,"href":"https:\/\/cancerfertilityandme.org.uk\/it\/wp-json\/wp\/v2\/users\/1"}],"replies":[{"embeddable":true,"href":"https:\/\/cancerfertilityandme.org.uk\/it\/wp-json\/wp\/v2\/comments?post=11675"}],"version-history":[{"count":5,"href":"https:\/\/cancerfertilityandme.org.uk\/it\/wp-json\/wp\/v2\/pages\/11675\/revisions"}],"predecessor-version":[{"id":11727,"href":"https:\/\/cancerfertilityandme.org.uk\/it\/wp-json\/wp\/v2\/pages\/11675\/revisions\/11727"}],"up":[{"embeddable":true,"href":"https:\/\/cancerfertilityandme.org.uk\/it\/wp-json\/wp\/v2\/pages\/8099"}],"wp:attachment":[{"href":"https:\/\/cancerfertilityandme.org.uk\/it\/wp-json\/wp\/v2\/media?parent=11675"}],"curies":[{"name":"wp","href":"https:\/\/api.w.org\/{rel}","templated":true}]}}