{"id":8024,"date":"2023-04-03T09:45:46","date_gmt":"2023-04-03T09:45:46","guid":{"rendered":"https:\/\/cancerfertilityandme.org.uk\/prendre-votre-decision\/"},"modified":"2026-03-16T15:49:43","modified_gmt":"2026-03-16T15:49:43","slug":"prendre-votre-decision","status":"publish","type":"page","link":"https:\/\/cancerfertilityandme.org.uk\/fr\/jeunes-femmes\/prendre-votre-decision\/","title":{"rendered":"Prendre votre d\u00e9cision"},"content":{"rendered":"\t\t<div data-elementor-type=\"wp-page\" data-elementor-id=\"8024\" class=\"elementor elementor-8024 elementor-7791\" data-elementor-post-type=\"page\">\n\t\t\t\t<main class=\"elementor-element elementor-element-30930076 e-flex e-con-boxed e-con e-parent\" data-id=\"30930076\" data-element_type=\"container\" data-e-type=\"container\">\n\t\t\t\t\t<div class=\"e-con-inner\">\n\t\t<div class=\"elementor-element elementor-element-18d27f5a e-con-full e-flex e-con e-child\" data-id=\"18d27f5a\" data-element_type=\"container\" data-e-type=\"container\">\n\t\t\t\t<div class=\"elementor-element elementor-element-5f0b992d elementor-widget elementor-widget-text-editor\" data-id=\"5f0b992d\" data-element_type=\"widget\" data-e-type=\"widget\" data-widget_type=\"text-editor.default\">\n\t\t\t\t<div class=\"elementor-widget-container\">\n\t\t\t\t\t\t\t\t\t<h2>Prendre une d\u00e9cision de pr\u00e9servation de la fertilit\u00e9 avant de commencer un traitement anticanc\u00e9reux<\/h2>\n<p>Cette section a pour but de vous aider \u00e0 d\u00e9cider si vous souhaitez :<\/p>\n<ul>\n<li>Suivre un traitement de pr\u00e9servation de la fertilit\u00e9 avant de commencer un traitement anticanc\u00e9reux.<\/li>\n<li>Commencer un traitement anticanc\u00e9reux sans avoir recours \u00e0 un traitement de pr\u00e9servation de la fertilit\u00e9.<\/li>\n<\/ul>\n<p>Certaines jeunes femmes savent d\u00e9j\u00e0 si elles souhaitent ou non poursuivre la pr\u00e9servation de leur fertilit\u00e9. D\u2019autres trouvent cette d\u00e9cision plus difficile \u00e0 prendre. Il n\u2019y a pas de \u00ab bonne \u00bb ou de \u00ab mauvaise \u00bb d\u00e9cision. Votre d\u00e9cision d\u00e9pend de ce qui compte le plus dans votre vie actuelle.   <\/p>\n<h2>D\u00e9cider de suivre un traitement de pr\u00e9servation de la fertilit\u00e9 ou pas avant le d\u00e9but de votre traitement anticanc\u00e9reux<\/h2>\n<p>Afin de vous aider \u00e0 savoir si vous devez (ou non) recourir \u00e0 un traitement de pr\u00e9servation de la fertilit\u00e9 avant le d\u00e9but de votre traitement anticanc\u00e9reux, lisez chacune des quatre affirmations ci-dessous et r\u00e9fl\u00e9chissez-y en fonction de ce qui compte le plus dans votre vie actuelle. Vous pouvez \u00e9galement noter les raisons de vos r\u00e9ponses dans les espaces situ\u00e9s en dessous de chaque affirmation. Vous trouverez sans doute utile de le compl\u00e9ter avec votre \u00e9quipe de soins anticanc\u00e9reux et votre \u00e9quipe de soins de fertilit\u00e9, votre partenaire, votre famille et vos amis.  <\/p>\n<h2>Qu\u2019est-ce qui compte le plus pour vous ?<\/h2>\t\t\t\t\t\t\t\t<\/div>\n\t\t\t\t<\/div>\n\t\t\t\t<div class=\"elementor-element elementor-element-f9c6435 elementor-widget elementor-widget-image\" data-id=\"f9c6435\" data-element_type=\"widget\" data-e-type=\"widget\" data-widget_type=\"image.default\">\n\t\t\t\t<div class=\"elementor-widget-container\">\n\t\t\t\t\t\t\t\t\t\t\t\t\t\t\t<img fetchpriority=\"high\" decoding=\"async\" width=\"800\" height=\"456\" src=\"https:\/\/cancerfertilityandme.org.uk\/wp-content\/uploads\/FR-07-1-2.png\" class=\"attachment-large size-large wp-image-11279\" alt=\"\" srcset=\"https:\/\/cancerfertilityandme.org.uk\/wp-content\/uploads\/FR-07-1-2.png 1000w, https:\/\/cancerfertilityandme.org.uk\/wp-content\/uploads\/FR-07-1-2-300x171.png 300w, https:\/\/cancerfertilityandme.org.uk\/wp-content\/uploads\/FR-07-1-2-768x438.png 768w\" sizes=\"(max-width: 800px) 100vw, 800px\" \/>\t\t\t\t\t\t\t\t\t\t\t\t\t\t\t<\/div>\n\t\t\t\t<\/div>\n\t\t\t\t<div class=\"elementor-element elementor-element-3b4e473 elementor-widget elementor-widget-text-editor\" data-id=\"3b4e473\" data-element_type=\"widget\" data-e-type=\"widget\" data-widget_type=\"text-editor.default\">\n\t\t\t\t<div class=\"elementor-widget-container\">\n\t\t\t\t\t\t\t\t\t<h2>D\u00e9cider quelle option de pr\u00e9servation de la fertilit\u00e9 est la meilleure pour moi<\/h2><p>Les d\u00e9cisions de pr\u00e9servation de la fertilit\u00e9 ont \u00e9t\u00e9 d\u00e9crites dans les sections pr\u00e9c\u00e9dentes.<\/p><p>Les options de pr\u00e9servation de la fertilit\u00e9 sont<\/p><ul><li>Aucune pr\u00e9servation de la fertilit\u00e9<\/li><li>Cong\u00e9lation<\/li><li>Suppression de la fonction ovarienne<\/li><\/ul><p>Le <a href=\"https:\/\/cancerfertilityandme.org.uk\/fr\/home\/preservation-de-la-fertilite\/resume-des-options\/\">tableau r\u00e9capitulatif<\/a> de cette page compare les diff\u00e9rentes options de pr\u00e9servation de la fertilit\u00e9.<\/p><p>Vous trouverez ci-dessous une liste des diff\u00e9rentes options de pr\u00e9servation de la fertilit\u00e9. Cochez une r\u00e9ponse pour chaque option. <\/p><p>L\u2019accomplissement de cette t\u00e2che peut vous aider \u00e0 choisir l\u2019option de pr\u00e9servation de la fertilit\u00e9 la mieux adapt\u00e9e \u00e0 votre mode de vie actuel. Il pourrait \u00eatre utile de discuter de vos choix avec votre \u00e9quipe de soins anticanc\u00e9reux et votre \u00e9quipe de soins de fertilit\u00e9, votre partenaire, votre famille et vos amis. <\/p><p>\u00ab Je suis satisfaite de la d\u00e9cision que j\u2019ai prise. Je me demande \u00e9videmment ce qui se passerait si je faisais un choix diff\u00e9rent\u2026 c\u2019est simplement parce que toute d\u00e9cision que l\u2019on prend s\u2019accompagne de la question \u00ab et si je choisissais une autre option ? \u00bb. Une jeune femme de 23 ans atteinte d\u2019un cancer de l\u2019ovaire <\/p><h2>Dans quelle mesure \u00eates-vous susceptible d\u2019envisager chacune de ces options de traitement de pr\u00e9servation de la fertilit\u00e9?<\/h2>\t\t\t\t\t\t\t\t<\/div>\n\t\t\t\t<\/div>\n\t\t\t\t<div class=\"elementor-element elementor-element-d3a8d17 elementor-widget elementor-widget-image\" data-id=\"d3a8d17\" data-element_type=\"widget\" data-e-type=\"widget\" data-widget_type=\"image.default\">\n\t\t\t\t<div class=\"elementor-widget-container\">\n\t\t\t\t\t\t\t\t\t\t\t\t\t\t\t<img decoding=\"async\" width=\"800\" height=\"570\" src=\"https:\/\/cancerfertilityandme.org.uk\/wp-content\/uploads\/FR-08-1.png\" class=\"attachment-large size-large wp-image-11286\" alt=\"\" srcset=\"https:\/\/cancerfertilityandme.org.uk\/wp-content\/uploads\/FR-08-1.png 1000w, https:\/\/cancerfertilityandme.org.uk\/wp-content\/uploads\/FR-08-1-300x214.png 300w, https:\/\/cancerfertilityandme.org.uk\/wp-content\/uploads\/FR-08-1-768x548.png 768w\" sizes=\"(max-width: 800px) 100vw, 800px\" \/>\t\t\t\t\t\t\t\t\t\t\t\t\t\t\t<\/div>\n\t\t\t\t<\/div>\n\t\t\t\t<\/div>\n\t\t<div class=\"elementor-element elementor-element-7211a6f2 e-con-full e-flex e-con e-child\" data-id=\"7211a6f2\" data-element_type=\"container\" data-e-type=\"container\">\n\t\t<div class=\"elementor-element elementor-element-1f31f5ae e-con-full e-flex e-con e-child\" data-id=\"1f31f5ae\" data-element_type=\"container\" data-e-type=\"container\">\n\t\t\t\t<div class=\"elementor-element elementor-element-16597f95 elementor-widget elementor-widget-image\" data-id=\"16597f95\" data-element_type=\"widget\" data-e-type=\"widget\" data-widget_type=\"image.default\">\n\t\t\t\t<div class=\"elementor-widget-container\">\n\t\t\t\t\t\t\t\t\t\t\t\t\t\t\t\t<a href=\"http:\/\/.\/\">\n\t\t\t\t\t\t\t<img decoding=\"async\" width=\"200\" height=\"200\" src=\"https:\/\/cancerfertilityandme.org.uk\/wp-content\/uploads\/cancerfertilityandme-logo-header-young-women.png\" class=\"attachment-full size-full wp-image-328\" alt=\"\" srcset=\"https:\/\/cancerfertilityandme.org.uk\/wp-content\/uploads\/cancerfertilityandme-logo-header-young-women.png 200w, https:\/\/cancerfertilityandme.org.uk\/wp-content\/uploads\/cancerfertilityandme-logo-header-young-women-150x150.png 150w, https:\/\/cancerfertilityandme.org.uk\/wp-content\/uploads\/elementor\/thumbs\/cancerfertilityandme-logo-header-young-women-r4vfcv1ro149or8nkxzol3x986uodd6lq6no4gpb6w.png 100w\" sizes=\"(max-width: 200px) 100vw, 200px\" \/>\t\t\t\t\t\t\t\t<\/a>\n\t\t\t\t\t\t\t\t\t\t\t\t\t\t\t<\/div>\n\t\t\t\t<\/div>\n\t\t\t\t<\/div>\n\t\t<div class=\"elementor-element elementor-element-56263ecb e-con-full e-flex e-con e-child\" data-id=\"56263ecb\" data-element_type=\"container\" data-e-type=\"container\">\n\t\t\t\t<div class=\"elementor-element elementor-element-67f41f3c elementor-widget elementor-widget-heading\" data-id=\"67f41f3c\" data-element_type=\"widget\" data-e-type=\"widget\" data-widget_type=\"heading.default\">\n\t\t\t\t<div class=\"elementor-widget-container\">\n\t\t\t\t\t<h3 class=\"elementor-heading-title elementor-size-default\">Suivez ces liens pour plus d\u2019informations<\/h3>\t\t\t\t<\/div>\n\t\t\t\t<\/div>\n\t\t\t\t<div class=\"elementor-element elementor-element-13c3a37b elementor-nav-menu--dropdown-none elementor-widget elementor-widget-nav-menu\" data-id=\"13c3a37b\" data-element_type=\"widget\" data-e-type=\"widget\" data-settings=\"{&quot;layout&quot;:&quot;vertical&quot;,&quot;submenu_icon&quot;:{&quot;value&quot;:&quot;&lt;svg aria-hidden=\\&quot;true\\&quot; class=\\&quot;e-font-icon-svg e-fas-caret-down\\&quot; viewBox=\\&quot;0 0 320 512\\&quot; xmlns=\\&quot;http:\\\/\\\/www.w3.org\\\/2000\\\/svg\\&quot;&gt;&lt;path d=\\&quot;M31.3 192h257.3c17.8 0 26.7 21.5 14.1 34.1L174.1 354.8c-7.8 7.8-20.5 7.8-28.3 0L17.2 226.1C4.6 213.5 13.5 192 31.3 192z\\&quot;&gt;&lt;\\\/path&gt;&lt;\\\/svg&gt;&quot;,&quot;library&quot;:&quot;fa-solid&quot;}}\" data-widget_type=\"nav-menu.default\">\n\t\t\t\t<div class=\"elementor-widget-container\">\n\t\t\t\t\t\t\t\t<nav aria-label=\"Menu\" class=\"elementor-nav-menu--main elementor-nav-menu__container elementor-nav-menu--layout-vertical e--pointer-none\">\n\t\t\t\t<ul id=\"menu-1-13c3a37b\" class=\"elementor-nav-menu sm-vertical\"><li class=\"menu-item menu-item-type-post_type menu-item-object-page menu-item-8524\"><a href=\"https:\/\/cancerfertilityandme.org.uk\/young-women\/making-your-decision\/\" class=\"elementor-item\">Prendre votre d\u00e9cision<\/a><\/li>\n<li class=\"menu-item menu-item-type-post_type menu-item-object-page menu-item-8525\"><a href=\"https:\/\/cancerfertilityandme.org.uk\/young-women\/making-your-decision\/talking-about-fertility-preservation\/\" class=\"elementor-item\">Discuter de la pr\u00e9servation de la fertilit\u00e9<\/a><\/li>\n<li class=\"menu-item menu-item-type-post_type menu-item-object-page menu-item-8526\"><a href=\"https:\/\/cancerfertilityandme.org.uk\/young-women\/making-your-decision\/talking-about-fertility-preservation-decision-with-others\/\" class=\"elementor-item\">Discuter de vos choix de pr\u00e9servation de la fertilit\u00e9 avec d\u2019autres<\/a><\/li>\n<\/ul>\t\t\t<\/nav>\n\t\t\t\t\t\t<nav class=\"elementor-nav-menu--dropdown elementor-nav-menu__container\" aria-hidden=\"true\">\n\t\t\t\t<ul id=\"menu-2-13c3a37b\" class=\"elementor-nav-menu sm-vertical\"><li class=\"menu-item menu-item-type-post_type menu-item-object-page menu-item-8524\"><a href=\"https:\/\/cancerfertilityandme.org.uk\/young-women\/making-your-decision\/\" class=\"elementor-item\" tabindex=\"-1\">Prendre votre d\u00e9cision<\/a><\/li>\n<li class=\"menu-item menu-item-type-post_type menu-item-object-page menu-item-8525\"><a href=\"https:\/\/cancerfertilityandme.org.uk\/young-women\/making-your-decision\/talking-about-fertility-preservation\/\" class=\"elementor-item\" tabindex=\"-1\">Discuter de la pr\u00e9servation de la fertilit\u00e9<\/a><\/li>\n<li class=\"menu-item menu-item-type-post_type menu-item-object-page menu-item-8526\"><a href=\"https:\/\/cancerfertilityandme.org.uk\/young-women\/making-your-decision\/talking-about-fertility-preservation-decision-with-others\/\" class=\"elementor-item\" tabindex=\"-1\">Discuter de vos choix de pr\u00e9servation de la fertilit\u00e9 avec d\u2019autres<\/a><\/li>\n<\/ul>\t\t\t<\/nav>\n\t\t\t\t\t\t<\/div>\n\t\t\t\t<\/div>\n\t\t\t\t<\/div>\n\t\t\t\t<\/div>\n\t\t\t\t\t<\/div>\n\t\t\t\t<\/main>\n\t\t\t\t<\/div>\n\t\t","protected":false},"excerpt":{"rendered":"<p>Prendre une d\u00e9cision de pr\u00e9servation de la fertilit\u00e9 avant de commencer un traitement anticanc\u00e9reux Cette section a pour but de vous aider \u00e0 d\u00e9cider si vous souhaitez : Suivre un traitement de pr\u00e9servation de la fertilit\u00e9 avant de commencer un traitement anticanc\u00e9reux. Commencer un traitement anticanc\u00e9reux sans avoir recours \u00e0 un traitement de pr\u00e9servation de [&hellip;]<\/p>\n","protected":false},"author":1,"featured_media":11285,"parent":7907,"menu_order":0,"comment_status":"open","ping_status":"closed","template":"","meta":{"footnotes":""},"class_list":["post-8024","page","type-page","status-publish","has-post-thumbnail","hentry"],"_links":{"self":[{"href":"https:\/\/cancerfertilityandme.org.uk\/fr\/wp-json\/wp\/v2\/pages\/8024","targetHints":{"allow":["GET"]}}],"collection":[{"href":"https:\/\/cancerfertilityandme.org.uk\/fr\/wp-json\/wp\/v2\/pages"}],"about":[{"href":"https:\/\/cancerfertilityandme.org.uk\/fr\/wp-json\/wp\/v2\/types\/page"}],"author":[{"embeddable":true,"href":"https:\/\/cancerfertilityandme.org.uk\/fr\/wp-json\/wp\/v2\/users\/1"}],"replies":[{"embeddable":true,"href":"https:\/\/cancerfertilityandme.org.uk\/fr\/wp-json\/wp\/v2\/comments?post=8024"}],"version-history":[{"count":8,"href":"https:\/\/cancerfertilityandme.org.uk\/fr\/wp-json\/wp\/v2\/pages\/8024\/revisions"}],"predecessor-version":[{"id":11393,"href":"https:\/\/cancerfertilityandme.org.uk\/fr\/wp-json\/wp\/v2\/pages\/8024\/revisions\/11393"}],"up":[{"embeddable":true,"href":"https:\/\/cancerfertilityandme.org.uk\/fr\/wp-json\/wp\/v2\/pages\/7907"}],"wp:featuredmedia":[{"embeddable":true,"href":"https:\/\/cancerfertilityandme.org.uk\/fr\/wp-json\/wp\/v2\/media\/11285"}],"wp:attachment":[{"href":"https:\/\/cancerfertilityandme.org.uk\/fr\/wp-json\/wp\/v2\/media?parent=8024"}],"curies":[{"name":"wp","href":"https:\/\/api.w.org\/{rel}","templated":true}]}}