{"id":8019,"date":"2023-04-06T12:49:44","date_gmt":"2023-04-06T12:49:44","guid":{"rendered":"https:\/\/cancerfertilityandme.org.uk\/discuter-de-vos-choix-de-preservation-de-la-fertilite-avec-dautres\/"},"modified":"2026-02-06T14:58:17","modified_gmt":"2026-02-06T14:58:17","slug":"discuter-de-vos-choix-de-preservation-de-la-fertilite-avec-dautres","status":"publish","type":"page","link":"https:\/\/cancerfertilityandme.org.uk\/fr\/jeunes-femmes\/prendre-votre-decision\/discuter-de-vos-choix-de-preservation-de-la-fertilite-avec-dautres\/","title":{"rendered":"Discuter de vos choix de pr\u00e9servation de la fertilit\u00e9 avec d\u2019autres"},"content":{"rendered":"\t\t<div data-elementor-type=\"wp-page\" data-elementor-id=\"8019\" class=\"elementor elementor-8019 elementor-7821\" data-elementor-post-type=\"page\">\n\t\t\t\t<main class=\"elementor-element elementor-element-2044ffe5 e-flex e-con-boxed e-con e-parent\" data-id=\"2044ffe5\" data-element_type=\"container\" data-e-type=\"container\">\n\t\t\t\t\t<div class=\"e-con-inner\">\n\t\t<div class=\"elementor-element elementor-element-270d3d2a e-con-full e-flex e-con e-child\" data-id=\"270d3d2a\" data-element_type=\"container\" data-e-type=\"container\">\n\t\t\t\t<div class=\"elementor-element elementor-element-6e19282f elementor-widget elementor-widget-text-editor\" data-id=\"6e19282f\" data-element_type=\"widget\" data-e-type=\"widget\" data-widget_type=\"text-editor.default\">\n\t\t\t\t<div class=\"elementor-widget-container\">\n\t\t\t\t\t\t\t\t\t<h2>Parler de la d\u00e9cision de pr\u00e9servation de la fertilit\u00e9 avec d\u2019autres<\/h2><p><strong>Certaines jeunes femmes ressentent le besoin de parler de leur diagnostic de cancer et de la pr\u00e9servation de leur fertilit\u00e9 avec des personnes de leur entourage.<\/strong><\/p><p>Vous voudrez peut-\u00eatre utile d\u2019aborder les sujets suivants :<\/p><ul><li>Comment prendre des d\u00e9cisions difficiles. Comment exprimer vos sentiments \u00e0 vos proches.<\/li><li>Comment g\u00e9rer vos \u00e9motions.<\/li><li>L\u2019impact du cancer et de la fertilit\u00e9 sur vos relations.<\/li><li>L&rsquo;anxi\u00e9t\u00e9 et le stress<\/li><li>Comment faire face \u00e0 votre traitement anticanc\u00e9reux, ainsi qu\u2019\u00e0 votre traitement de fertilit\u00e9.<\/li><\/ul><p>Afin de vous aider \u00e0 mieux affronter ces d\u00e9fis \u00e9motionnels, plusieurs options de soutien sont \u00e0 votre disposition. Chaque personne choisit diff\u00e9rents types de soutien. Vous pourrez choisir celle qui vous convient le mieux parmi les suivantes  <\/p><ul><li>D\u00e9couvrez toutes les options disponibles.<\/li><li>Tenir un journal ou des notes sur vos pens\u00e9es et les raisons de vos d\u00e9cisions.<\/li><li>Penser \u00e0 qui vous voulez impliquer dans votre prise de d\u00e9cision : un partenaire, la famille et des amis ou une infirmi\u00e8re ou un m\u00e9decin. <\/li><li>Vous faire conseiller soit seule, soit avec votre partenaire ou un proche. Des conseillers professionnels, qui ne sont pas directement impliqu\u00e9s dans vos soins de fertilit\u00e9 ou de cancer, sont parfois disponibles dans les cliniques de fertilit\u00e9 et de cancer. D\u2019autres organisations de conseil en mesure de fournir ce soutien sp\u00e9cialis\u00e9 ont \u00e9t\u00e9 r\u00e9pertori\u00e9es <a href=\"https:\/\/cancerfertilityandme.org.uk\/fr\/home\/autres-informations-et-contacts-utiles-2\/\">ici<\/a>.  <\/li><li>Parler \u00e0 des personnes qui ont v\u00e9cu des exp\u00e9riences similaires. Pour ce faire, vous pourrez entrer en contact avec un <a href=\"https:\/\/cancerfertilityandme.org.uk\/fr\/home\/autres-informations-et-contacts-utiles-2\/\">organisme de soutien<\/a> sp\u00e9cialis\u00e9. Il y aura probablement des moments o\u00f9 vous n\u2019aurez pas envie de parler de fertilit\u00e9 ni de cancer. C\u2019est tout \u00e0 fait normal de ne pas vouloir en parler et c\u2019est normal de le dire aux gens. Vous pourrez r\u00e9pondre par exemple \u00ab Je sais que vous me questionnez parce que vous \u00eates inquiets, mais pour l\u2019instant je pr\u00e9f\u00e9rerais parler de ce que j\u2019ai regard\u00e9 \u00e0 la t\u00e9l\u00e9vision hier soir \u00bb.    <\/li><\/ul>\t\t\t\t\t\t\t\t<\/div>\n\t\t\t\t<\/div>\n\t\t\t\t<\/div>\n\t\t<div class=\"elementor-element elementor-element-14deb032 e-con-full e-flex e-con e-child\" data-id=\"14deb032\" data-element_type=\"container\" data-e-type=\"container\">\n\t\t<div class=\"elementor-element elementor-element-6dc0aee2 e-con-full e-flex e-con e-child\" data-id=\"6dc0aee2\" data-element_type=\"container\" data-e-type=\"container\">\n\t\t\t\t<div class=\"elementor-element elementor-element-7d028595 elementor-widget elementor-widget-image\" data-id=\"7d028595\" data-element_type=\"widget\" data-e-type=\"widget\" data-widget_type=\"image.default\">\n\t\t\t\t<div class=\"elementor-widget-container\">\n\t\t\t\t\t\t\t\t\t\t\t\t\t\t\t\t<a href=\"http:\/\/.\/\">\n\t\t\t\t\t\t\t<img decoding=\"async\" width=\"200\" height=\"200\" src=\"https:\/\/cancerfertilityandme.org.uk\/wp-content\/uploads\/cancerfertilityandme-logo-header-young-women.png\" class=\"attachment-full size-full wp-image-328\" alt=\"\" srcset=\"https:\/\/cancerfertilityandme.org.uk\/wp-content\/uploads\/cancerfertilityandme-logo-header-young-women.png 200w, https:\/\/cancerfertilityandme.org.uk\/wp-content\/uploads\/cancerfertilityandme-logo-header-young-women-150x150.png 150w, https:\/\/cancerfertilityandme.org.uk\/wp-content\/uploads\/elementor\/thumbs\/cancerfertilityandme-logo-header-young-women-r4vfcv1ro149or8nkxzol3x986uodd6lq6no4gpb6w.png 100w\" sizes=\"(max-width: 200px) 100vw, 200px\" \/>\t\t\t\t\t\t\t\t<\/a>\n\t\t\t\t\t\t\t\t\t\t\t\t\t\t\t<\/div>\n\t\t\t\t<\/div>\n\t\t\t\t<\/div>\n\t\t<div class=\"elementor-element elementor-element-3976e185 e-con-full e-flex e-con e-child\" data-id=\"3976e185\" data-element_type=\"container\" data-e-type=\"container\">\n\t\t\t\t<div class=\"elementor-element elementor-element-41beb9c6 elementor-widget elementor-widget-heading\" data-id=\"41beb9c6\" data-element_type=\"widget\" data-e-type=\"widget\" data-widget_type=\"heading.default\">\n\t\t\t\t<div class=\"elementor-widget-container\">\n\t\t\t\t\t<h3 class=\"elementor-heading-title elementor-size-default\">Suivez ces liens pour plus d\u2019informations<\/h3>\t\t\t\t<\/div>\n\t\t\t\t<\/div>\n\t\t\t\t<div class=\"elementor-element elementor-element-1bece2b2 elementor-nav-menu--dropdown-none elementor-widget elementor-widget-nav-menu\" data-id=\"1bece2b2\" data-element_type=\"widget\" data-e-type=\"widget\" data-settings=\"{&quot;layout&quot;:&quot;vertical&quot;,&quot;submenu_icon&quot;:{&quot;value&quot;:&quot;&lt;svg aria-hidden=\\&quot;true\\&quot; class=\\&quot;e-font-icon-svg e-fas-caret-down\\&quot; viewBox=\\&quot;0 0 320 512\\&quot; xmlns=\\&quot;http:\\\/\\\/www.w3.org\\\/2000\\\/svg\\&quot;&gt;&lt;path d=\\&quot;M31.3 192h257.3c17.8 0 26.7 21.5 14.1 34.1L174.1 354.8c-7.8 7.8-20.5 7.8-28.3 0L17.2 226.1C4.6 213.5 13.5 192 31.3 192z\\&quot;&gt;&lt;\\\/path&gt;&lt;\\\/svg&gt;&quot;,&quot;library&quot;:&quot;fa-solid&quot;}}\" data-widget_type=\"nav-menu.default\">\n\t\t\t\t<div class=\"elementor-widget-container\">\n\t\t\t\t\t\t\t\t<nav aria-label=\"Menu\" class=\"elementor-nav-menu--main elementor-nav-menu__container elementor-nav-menu--layout-vertical e--pointer-none\">\n\t\t\t\t<ul id=\"menu-1-1bece2b2\" class=\"elementor-nav-menu sm-vertical\"><li class=\"menu-item menu-item-type-post_type menu-item-object-page menu-item-8524\"><a href=\"https:\/\/cancerfertilityandme.org.uk\/young-women\/making-your-decision\/\" class=\"elementor-item\">Prendre votre d\u00e9cision<\/a><\/li>\n<li class=\"menu-item menu-item-type-post_type menu-item-object-page menu-item-8525\"><a href=\"https:\/\/cancerfertilityandme.org.uk\/young-women\/making-your-decision\/talking-about-fertility-preservation\/\" class=\"elementor-item\">Discuter de la pr\u00e9servation de la fertilit\u00e9<\/a><\/li>\n<li class=\"menu-item menu-item-type-post_type menu-item-object-page menu-item-8526\"><a href=\"https:\/\/cancerfertilityandme.org.uk\/young-women\/making-your-decision\/talking-about-fertility-preservation-decision-with-others\/\" class=\"elementor-item\">Discuter de vos choix de pr\u00e9servation de la fertilit\u00e9 avec d\u2019autres<\/a><\/li>\n<\/ul>\t\t\t<\/nav>\n\t\t\t\t\t\t<nav class=\"elementor-nav-menu--dropdown elementor-nav-menu__container\" aria-hidden=\"true\">\n\t\t\t\t<ul id=\"menu-2-1bece2b2\" class=\"elementor-nav-menu sm-vertical\"><li class=\"menu-item menu-item-type-post_type menu-item-object-page menu-item-8524\"><a href=\"https:\/\/cancerfertilityandme.org.uk\/young-women\/making-your-decision\/\" class=\"elementor-item\" tabindex=\"-1\">Prendre votre d\u00e9cision<\/a><\/li>\n<li class=\"menu-item menu-item-type-post_type menu-item-object-page menu-item-8525\"><a href=\"https:\/\/cancerfertilityandme.org.uk\/young-women\/making-your-decision\/talking-about-fertility-preservation\/\" class=\"elementor-item\" tabindex=\"-1\">Discuter de la pr\u00e9servation de la fertilit\u00e9<\/a><\/li>\n<li class=\"menu-item menu-item-type-post_type menu-item-object-page menu-item-8526\"><a href=\"https:\/\/cancerfertilityandme.org.uk\/young-women\/making-your-decision\/talking-about-fertility-preservation-decision-with-others\/\" class=\"elementor-item\" tabindex=\"-1\">Discuter de vos choix de pr\u00e9servation de la fertilit\u00e9 avec d\u2019autres<\/a><\/li>\n<\/ul>\t\t\t<\/nav>\n\t\t\t\t\t\t<\/div>\n\t\t\t\t<\/div>\n\t\t\t\t<\/div>\n\t\t\t\t<\/div>\n\t\t\t\t\t<\/div>\n\t\t\t\t<\/main>\n\t\t\t\t<\/div>\n\t\t","protected":false},"excerpt":{"rendered":"<p>Parler de la d\u00e9cision de pr\u00e9servation de la fertilit\u00e9 avec d\u2019autres Certaines jeunes femmes ressentent le besoin de parler de leur diagnostic de cancer et de la pr\u00e9servation de leur fertilit\u00e9 avec des personnes de leur entourage. Vous voudrez peut-\u00eatre utile d\u2019aborder les sujets suivants : Comment prendre des d\u00e9cisions difficiles. Comment exprimer vos sentiments [&hellip;]<\/p>\n","protected":false},"author":1,"featured_media":0,"parent":8024,"menu_order":0,"comment_status":"open","ping_status":"closed","template":"","meta":{"footnotes":""},"class_list":["post-8019","page","type-page","status-publish","hentry"],"_links":{"self":[{"href":"https:\/\/cancerfertilityandme.org.uk\/fr\/wp-json\/wp\/v2\/pages\/8019","targetHints":{"allow":["GET"]}}],"collection":[{"href":"https:\/\/cancerfertilityandme.org.uk\/fr\/wp-json\/wp\/v2\/pages"}],"about":[{"href":"https:\/\/cancerfertilityandme.org.uk\/fr\/wp-json\/wp\/v2\/types\/page"}],"author":[{"embeddable":true,"href":"https:\/\/cancerfertilityandme.org.uk\/fr\/wp-json\/wp\/v2\/users\/1"}],"replies":[{"embeddable":true,"href":"https:\/\/cancerfertilityandme.org.uk\/fr\/wp-json\/wp\/v2\/comments?post=8019"}],"version-history":[{"count":2,"href":"https:\/\/cancerfertilityandme.org.uk\/fr\/wp-json\/wp\/v2\/pages\/8019\/revisions"}],"predecessor-version":[{"id":10297,"href":"https:\/\/cancerfertilityandme.org.uk\/fr\/wp-json\/wp\/v2\/pages\/8019\/revisions\/10297"}],"up":[{"embeddable":true,"href":"https:\/\/cancerfertilityandme.org.uk\/fr\/wp-json\/wp\/v2\/pages\/8024"}],"wp:attachment":[{"href":"https:\/\/cancerfertilityandme.org.uk\/fr\/wp-json\/wp\/v2\/media?parent=8019"}],"curies":[{"name":"wp","href":"https:\/\/api.w.org\/{rel}","templated":true}]}}