{"id":8017,"date":"2023-04-02T16:34:20","date_gmt":"2023-04-02T16:34:20","guid":{"rendered":"https:\/\/cancerfertilityandme.org.uk\/discuter-de-la-preservation-de-la-fertilite\/"},"modified":"2026-02-06T08:33:22","modified_gmt":"2026-02-06T08:33:22","slug":"discuter-de-la-preservation-de-la-fertilite","status":"publish","type":"page","link":"https:\/\/cancerfertilityandme.org.uk\/fr\/jeunes-femmes\/prendre-votre-decision\/discuter-de-la-preservation-de-la-fertilite\/","title":{"rendered":"Discuter de la pr\u00e9servation de la fertilit\u00e9"},"content":{"rendered":"\t\t<div data-elementor-type=\"wp-page\" data-elementor-id=\"8017\" class=\"elementor elementor-8017 elementor-7761\" data-elementor-post-type=\"page\">\n\t\t\t\t<main class=\"elementor-element elementor-element-33337609 e-flex e-con-boxed e-con e-parent\" data-id=\"33337609\" data-element_type=\"container\" data-e-type=\"container\">\n\t\t\t\t\t<div class=\"e-con-inner\">\n\t\t<div class=\"elementor-element elementor-element-2ec8e3ed e-con-full e-flex e-con e-child\" data-id=\"2ec8e3ed\" data-element_type=\"container\" data-e-type=\"container\">\n\t\t\t\t<div class=\"elementor-element elementor-element-2d95895a elementor-widget elementor-widget-text-editor\" data-id=\"2d95895a\" data-element_type=\"widget\" data-e-type=\"widget\" data-widget_type=\"text-editor.default\">\n\t\t\t\t<div class=\"elementor-widget-container\">\n\t\t\t\t\t\t\t\t\t<h2>Discuter avec votre \u00e9quipe de soins de fertilit\u00e9 de la pr\u00e9servation de votre fertilit\u00e9<\/h2><p>L\u2019\u00e9quipe de soins de fertilit\u00e9 applique des techniques connues sous le nom de pr\u00e9servation de la fertilit\u00e9 pour les femmes qui re\u00e7oivent un diagnostic de cancer. Cette \u00e9quipe se tient \u00e0 votre disposition pour discuter de votre d\u00e9cision de mettre en place une ou plusieurs technique(s) de pr\u00e9servation de fertilit\u00e9. <\/p><p>La consultation de fertilit\u00e9 d\u00e9pend de la clinique dans laquelle vous \u00eates adress\u00e9e, de votre diagnostic de cancer et du traitement anticanc\u00e9reux envisag\u00e9. L\u2019\u00e9quipe de soins de fertilit\u00e9 examinera vos ant\u00e9c\u00e9dents m\u00e9dicaux pour s\u2019assurer que le traitement de pr\u00e9servation de la fertilit\u00e9 est appropri\u00e9. Ils vous expliqueront quelles sont les implications, les taux de r\u00e9ussite et les effets secondaires des techniques de pr\u00e9servation de la fertilit\u00e9. Si besoin est d\u2019autres examens m\u00e9dicaux seront effectu\u00e9s avant la mise en place des techniques de pr\u00e9servation de la fertilit\u00e9. Vous aurez \u00e9galement l\u2019occasion de discuter des diff\u00e9rentes options de pr\u00e9servation de la fertilit\u00e9 disponibles au sein de la clinique.    <\/p><p>Si vous choisissez un traitement de pr\u00e9servation de la fertilit\u00e9, diff\u00e9rents examens m\u00e9dicaux seront effectu\u00e9s. L\u2019\u00e9quipe de soins de fertilit\u00e9 discutera \u00e9galement des questions relatives au consentement au traitement selon les recommandations de la HFEA. <\/p><p>Un membre de votre \u00e9quipe de canc\u00e9rologie pourra vous orienter vers une clinique de fertilit\u00e9.Ils peuvent leur demander de vous recevoir dans les plus brefs d\u00e9lais afin d\u2019\u00e9viter tout retard dans la prise en charge du cancer.<\/p>\t\t\t\t\t\t\t\t<\/div>\n\t\t\t\t<\/div>\n\t\t<div class=\"elementor-element elementor-element-30000985 e-con-full e-flex e-con e-child\" data-id=\"30000985\" data-element_type=\"container\" data-e-type=\"container\" data-settings=\"{&quot;background_background&quot;:&quot;classic&quot;}\">\n\t\t\t\t<div class=\"elementor-element elementor-element-5606b1a3 elementor-widget elementor-widget-text-editor\" data-id=\"5606b1a3\" data-element_type=\"widget\" data-e-type=\"widget\" data-widget_type=\"text-editor.default\">\n\t\t\t\t<div class=\"elementor-widget-container\">\n\t\t\t\t\t\t\t\t\t<h2>Si vous souhaitez \u00eatre orient\u00e9e vers une clinique de fertilit\u00e9, il y a certaines choses \u00e0 v\u00e9rifier.<\/h2><ul><li>Un membre de mon \u00e9quipe de soins anticanc\u00e9reux m\u2019a-t-il adress\u00e9 \u00e0 une clinique de fertilit\u00e9 ?<\/li><li>Ai-je re\u00e7u un rendez-vous pour une consultation avec l\u2019\u00e9quipe de soins de fertilit\u00e9 ?<\/li><\/ul><p>Si votre r\u00e9ponse est non ou incertaine il faudra peut-\u00eatre demander \u00e0 votre \u00e9quipe de soins anticanc\u00e9reux de se mettre en contact avec la clinique de fertilit\u00e9 de votre part d\u00e8s que possible.<\/p><p>Vous aurez peut-\u00eatre des questions \u00e0 poser \u00e0 la clinique de fertilit\u00e9, telles que les questions ci-apr\u00e8s. Les questions suivantes peuvent vous aider.<br> <\/p>\t\t\t\t\t\t\t\t<\/div>\n\t\t\t\t<\/div>\n\t\t\t\t<\/div>\n\t\t<div class=\"elementor-element elementor-element-ff8e1ab e-con-full e-flex e-con e-child\" data-id=\"ff8e1ab\" data-element_type=\"container\" data-e-type=\"container\" data-settings=\"{&quot;background_background&quot;:&quot;classic&quot;}\">\n\t\t\t\t<div class=\"elementor-element elementor-element-8eb63b9 elementor-widget elementor-widget-text-editor\" data-id=\"8eb63b9\" data-element_type=\"widget\" data-e-type=\"widget\" data-widget_type=\"text-editor.default\">\n\t\t\t\t<div class=\"elementor-widget-container\">\n\t\t\t\t\t\t\t\t\t<h2>Questions \u00e0 poser \u00e0 votre \u00e9quipe de canc\u00e9rologie et \u00e0 votre \u00e9quipe de soins de fertilit\u00e9<\/h2><h3>Les questions suivantes peuvent vous aider \u00e0 vous pr\u00e9parer \u00e0 la consultation de fertilit\u00e9.<\/h3><ul><li>Combien de temps le processus de pr\u00e9servation de la fertilit\u00e9 prendra-t-il?<\/li><li>Pendant combien de temps puis-je retarder mon traitement anticanc\u00e9reux en toute s\u00e9curit\u00e9 ?<\/li><li>Quelles sont mes chances de pouvoir avoirun ou plusieurs enfants \u00e0 l\u2019avenir ?<\/li><li>Les traitements de pr\u00e9servation de la fertilit\u00e9 affecteront-ils les risques de r\u00e9cidive du cancer ?<br><\/li><\/ul><ul><li>Un membre de mon \u00e9quipe de soins anticanc\u00e9reux m\u2019a-t-il adress\u00e9 \u00e0 une clinique de fertilit\u00e9 ?<\/li><li>Ai-je re\u00e7u un rendez-vous pour une consultation avec l\u2019\u00e9quipe de soins de fertilit\u00e9 ?<\/li><\/ul><p>Si votre r\u00e9ponse est non ou incertaine il faudra peut-\u00eatre demander \u00e0 votre \u00e9quipe de soins anticanc\u00e9reux de se mettre en contact avec la clinique de fertilit\u00e9 de votre part d\u00e8s que possible.<\/p><p>Vous aurez peut-\u00eatre des questions \u00e0 poser \u00e0 la clinique de fertilit\u00e9, telles que les questions ci-apr\u00e8s. Les questions suivantes peuvent vous aider. <\/p>\t\t\t\t\t\t\t\t<\/div>\n\t\t\t\t<\/div>\n\t\t\t\t<\/div>\n\t\t\t\t<\/div>\n\t\t<div class=\"elementor-element elementor-element-1de02523 e-con-full e-flex e-con e-child\" data-id=\"1de02523\" data-element_type=\"container\" data-e-type=\"container\">\n\t\t<div class=\"elementor-element elementor-element-22d6fda7 e-con-full e-flex e-con e-child\" data-id=\"22d6fda7\" data-element_type=\"container\" data-e-type=\"container\">\n\t\t\t\t<div class=\"elementor-element elementor-element-21e88bb elementor-widget elementor-widget-image\" data-id=\"21e88bb\" data-element_type=\"widget\" data-e-type=\"widget\" data-widget_type=\"image.default\">\n\t\t\t\t<div class=\"elementor-widget-container\">\n\t\t\t\t\t\t\t\t\t\t\t\t\t\t\t\t<a href=\"http:\/\/.\/\">\n\t\t\t\t\t\t\t<img decoding=\"async\" width=\"200\" height=\"200\" src=\"https:\/\/cancerfertilityandme.org.uk\/wp-content\/uploads\/cancerfertilityandme-logo-header-young-women.png\" class=\"attachment-full size-full wp-image-328\" alt=\"\" srcset=\"https:\/\/cancerfertilityandme.org.uk\/wp-content\/uploads\/cancerfertilityandme-logo-header-young-women.png 200w, https:\/\/cancerfertilityandme.org.uk\/wp-content\/uploads\/cancerfertilityandme-logo-header-young-women-150x150.png 150w, https:\/\/cancerfertilityandme.org.uk\/wp-content\/uploads\/elementor\/thumbs\/cancerfertilityandme-logo-header-young-women-r4vfcv1ro149or8nkxzol3x986uodd6lq6no4gpb6w.png 100w\" sizes=\"(max-width: 200px) 100vw, 200px\" \/>\t\t\t\t\t\t\t\t<\/a>\n\t\t\t\t\t\t\t\t\t\t\t\t\t\t\t<\/div>\n\t\t\t\t<\/div>\n\t\t\t\t<\/div>\n\t\t<div class=\"elementor-element elementor-element-585463e6 e-con-full e-flex e-con e-child\" data-id=\"585463e6\" data-element_type=\"container\" data-e-type=\"container\">\n\t\t\t\t<div class=\"elementor-element elementor-element-1253d3e9 elementor-widget elementor-widget-heading\" data-id=\"1253d3e9\" data-element_type=\"widget\" data-e-type=\"widget\" data-widget_type=\"heading.default\">\n\t\t\t\t<div class=\"elementor-widget-container\">\n\t\t\t\t\t<h3 class=\"elementor-heading-title elementor-size-default\">Suivez ces liens pour plus d\u2019informations<\/h3>\t\t\t\t<\/div>\n\t\t\t\t<\/div>\n\t\t\t\t<div class=\"elementor-element elementor-element-74a47d0f elementor-nav-menu--dropdown-none elementor-widget elementor-widget-nav-menu\" data-id=\"74a47d0f\" data-element_type=\"widget\" data-e-type=\"widget\" data-settings=\"{&quot;layout&quot;:&quot;vertical&quot;,&quot;submenu_icon&quot;:{&quot;value&quot;:&quot;&lt;svg aria-hidden=\\&quot;true\\&quot; class=\\&quot;e-font-icon-svg e-fas-caret-down\\&quot; viewBox=\\&quot;0 0 320 512\\&quot; xmlns=\\&quot;http:\\\/\\\/www.w3.org\\\/2000\\\/svg\\&quot;&gt;&lt;path d=\\&quot;M31.3 192h257.3c17.8 0 26.7 21.5 14.1 34.1L174.1 354.8c-7.8 7.8-20.5 7.8-28.3 0L17.2 226.1C4.6 213.5 13.5 192 31.3 192z\\&quot;&gt;&lt;\\\/path&gt;&lt;\\\/svg&gt;&quot;,&quot;library&quot;:&quot;fa-solid&quot;}}\" data-widget_type=\"nav-menu.default\">\n\t\t\t\t<div class=\"elementor-widget-container\">\n\t\t\t\t\t\t\t\t<nav aria-label=\"Menu\" class=\"elementor-nav-menu--main elementor-nav-menu__container elementor-nav-menu--layout-vertical e--pointer-none\">\n\t\t\t\t<ul id=\"menu-1-74a47d0f\" class=\"elementor-nav-menu sm-vertical\"><li class=\"menu-item menu-item-type-post_type menu-item-object-page menu-item-8524\"><a href=\"https:\/\/cancerfertilityandme.org.uk\/young-women\/making-your-decision\/\" class=\"elementor-item\">Prendre votre d\u00e9cision<\/a><\/li>\n<li class=\"menu-item menu-item-type-post_type menu-item-object-page menu-item-8525\"><a href=\"https:\/\/cancerfertilityandme.org.uk\/young-women\/making-your-decision\/talking-about-fertility-preservation\/\" class=\"elementor-item\">Discuter de la pr\u00e9servation de la fertilit\u00e9<\/a><\/li>\n<li class=\"menu-item menu-item-type-post_type menu-item-object-page menu-item-8526\"><a href=\"https:\/\/cancerfertilityandme.org.uk\/young-women\/making-your-decision\/talking-about-fertility-preservation-decision-with-others\/\" class=\"elementor-item\">Discuter de vos choix de pr\u00e9servation de la fertilit\u00e9 avec d\u2019autres<\/a><\/li>\n<\/ul>\t\t\t<\/nav>\n\t\t\t\t\t\t<nav class=\"elementor-nav-menu--dropdown elementor-nav-menu__container\" aria-hidden=\"true\">\n\t\t\t\t<ul id=\"menu-2-74a47d0f\" class=\"elementor-nav-menu sm-vertical\"><li class=\"menu-item menu-item-type-post_type menu-item-object-page menu-item-8524\"><a href=\"https:\/\/cancerfertilityandme.org.uk\/young-women\/making-your-decision\/\" class=\"elementor-item\" tabindex=\"-1\">Prendre votre d\u00e9cision<\/a><\/li>\n<li class=\"menu-item menu-item-type-post_type menu-item-object-page menu-item-8525\"><a href=\"https:\/\/cancerfertilityandme.org.uk\/young-women\/making-your-decision\/talking-about-fertility-preservation\/\" class=\"elementor-item\" tabindex=\"-1\">Discuter de la pr\u00e9servation de la fertilit\u00e9<\/a><\/li>\n<li class=\"menu-item menu-item-type-post_type menu-item-object-page menu-item-8526\"><a href=\"https:\/\/cancerfertilityandme.org.uk\/young-women\/making-your-decision\/talking-about-fertility-preservation-decision-with-others\/\" class=\"elementor-item\" tabindex=\"-1\">Discuter de vos choix de pr\u00e9servation de la fertilit\u00e9 avec d\u2019autres<\/a><\/li>\n<\/ul>\t\t\t<\/nav>\n\t\t\t\t\t\t<\/div>\n\t\t\t\t<\/div>\n\t\t\t\t<\/div>\n\t\t\t\t<\/div>\n\t\t\t\t\t<\/div>\n\t\t\t\t<\/main>\n\t\t<div class=\"elementor-element elementor-element-1dfbebc e-flex e-con-boxed e-con e-parent\" data-id=\"1dfbebc\" data-element_type=\"container\" data-e-type=\"container\">\n\t\t\t\t\t<div class=\"e-con-inner\">\n\t\t\t\t\t<\/div>\n\t\t\t\t<\/div>\n\t\t\t\t<\/div>\n\t\t","protected":false},"excerpt":{"rendered":"<p>Discuter avec votre \u00e9quipe de soins de fertilit\u00e9 de la pr\u00e9servation de votre fertilit\u00e9 L\u2019\u00e9quipe de soins de fertilit\u00e9 applique des techniques connues sous le nom de pr\u00e9servation de la fertilit\u00e9 pour les femmes qui re\u00e7oivent un diagnostic de cancer. Cette \u00e9quipe se tient \u00e0 votre disposition pour discuter de votre d\u00e9cision de mettre en [&hellip;]<\/p>\n","protected":false},"author":1,"featured_media":7764,"parent":8024,"menu_order":0,"comment_status":"open","ping_status":"closed","template":"","meta":{"footnotes":""},"class_list":["post-8017","page","type-page","status-publish","has-post-thumbnail","hentry"],"_links":{"self":[{"href":"https:\/\/cancerfertilityandme.org.uk\/fr\/wp-json\/wp\/v2\/pages\/8017","targetHints":{"allow":["GET"]}}],"collection":[{"href":"https:\/\/cancerfertilityandme.org.uk\/fr\/wp-json\/wp\/v2\/pages"}],"about":[{"href":"https:\/\/cancerfertilityandme.org.uk\/fr\/wp-json\/wp\/v2\/types\/page"}],"author":[{"embeddable":true,"href":"https:\/\/cancerfertilityandme.org.uk\/fr\/wp-json\/wp\/v2\/users\/1"}],"replies":[{"embeddable":true,"href":"https:\/\/cancerfertilityandme.org.uk\/fr\/wp-json\/wp\/v2\/comments?post=8017"}],"version-history":[{"count":2,"href":"https:\/\/cancerfertilityandme.org.uk\/fr\/wp-json\/wp\/v2\/pages\/8017\/revisions"}],"predecessor-version":[{"id":10273,"href":"https:\/\/cancerfertilityandme.org.uk\/fr\/wp-json\/wp\/v2\/pages\/8017\/revisions\/10273"}],"up":[{"embeddable":true,"href":"https:\/\/cancerfertilityandme.org.uk\/fr\/wp-json\/wp\/v2\/pages\/8024"}],"wp:featuredmedia":[{"embeddable":true,"href":"https:\/\/cancerfertilityandme.org.uk\/fr\/wp-json\/wp\/v2\/media\/7764"}],"wp:attachment":[{"href":"https:\/\/cancerfertilityandme.org.uk\/fr\/wp-json\/wp\/v2\/media?parent=8017"}],"curies":[{"name":"wp","href":"https:\/\/api.w.org\/{rel}","templated":true}]}}