{"id":8016,"date":"2023-04-03T09:44:15","date_gmt":"2023-04-03T09:44:15","guid":{"rendered":"https:\/\/cancerfertilityandme.org.uk\/decisions-de-planification-familiale-apres-un-traitement-anticancereux\/"},"modified":"2026-03-10T16:37:19","modified_gmt":"2026-03-10T16:37:19","slug":"decisions-de-planification-familiale-apres-un-traitement-anticancereux","status":"publish","type":"page","link":"https:\/\/cancerfertilityandme.org.uk\/fr\/jeunes-femmes\/contraception-et-planification-familiale\/decisions-de-planification-familiale-apres-un-traitement-anticancereux\/","title":{"rendered":"D\u00e9cisions de planification familiale apr\u00e8s un traitement anticanc\u00e9reux"},"content":{"rendered":"\t\t<div data-elementor-type=\"wp-page\" data-elementor-id=\"8016\" class=\"elementor elementor-8016 elementor-7790\" data-elementor-post-type=\"page\">\n\t\t\t\t<main class=\"elementor-element elementor-element-23a515be e-flex e-con-boxed e-con e-parent\" data-id=\"23a515be\" data-element_type=\"container\" data-e-type=\"container\">\n\t\t\t\t\t<div class=\"e-con-inner\">\n\t\t<div class=\"elementor-element elementor-element-2324c290 e-con-full e-flex e-con e-child\" data-id=\"2324c290\" data-element_type=\"container\" data-e-type=\"container\">\n\t\t\t\t<div class=\"elementor-element elementor-element-65cf739e elementor-widget elementor-widget-text-editor\" data-id=\"65cf739e\" data-element_type=\"widget\" data-e-type=\"widget\" data-widget_type=\"text-editor.default\">\n\t\t\t\t<div class=\"elementor-widget-container\">\n\t\t\t\t\t\t\t\t\t<h2>D\u00e9cisions de planification familiale apr\u00e8s un traitement anticanc\u00e9reux<\/h2><p><strong>Certaines femmes ont du mal \u00e0 savoir si elles veulent concevoir apr\u00e8s un diagnostic de cancer En effet, elles doivent prendre les d\u00e9cisions de gestion de la fertilit\u00e9 qui conviennent le mieux \u00e0 leur vie actuelle. Celles-ci comprennent des tests pour v\u00e9rifier leur fertilit\u00e9, le choix d\u2019une m\u00e9thode contraceptive et la planification de leur future famille.  <\/strong><\/p><p>Il est difficile de pr\u00e9dire de quelle mani\u00e8re le traitement anticanc\u00e9reux affectera votre fertilit\u00e9. L\u2019\u00e9quipe de soins de fertilit\u00e9 peut v\u00e9rifier votre fertilit\u00e9 gr\u00e2ce \u00e0 une s\u00e9rie de tests.Ceux-ci incluent des analyses de sang pour v\u00e9rifier vos niveaux d\u2019hormone ou une \u00e9chographie des ovaires. Vous pouvez demander \u00e0 votre \u00e9quipe de canc\u00e9rologie ou \u00e0 votre m\u00e9decin g\u00e9n\u00e9raliste de vous orienter vers une clinique de fertilit\u00e9.  <\/p><p>Votre fertilit\u00e9 peut revenir naturellement \u00e0 l\u2019issue du traitement anticanc\u00e9reux. M\u00eame si vos r\u00e8gles n\u2019ont pas recommenc\u00e9, vous pouvez toujours produire des ovules et concevoir. Il est conseill\u00e9 de discuter des diff\u00e9rentes m\u00e9thodes de contraception disponibles avec votre \u00e9quipe de canc\u00e9rologie. Ils peuvent vous conseiller sur les options et le type de contraception qui vous conviennent le mieux. Il est conseill\u00e9 de compter deux ans apr\u00e8s la fin de votre traitement anticanc\u00e9reux avant d\u2019essayer d\u2019avoir un b\u00e9b\u00e9.   <\/p><p>Il n\u2019existe aucune donn\u00e9e sugg\u00e9rant que la grossesse affecte les risques de r\u00e9cidive d\u2019un cancer. Il n\u2019existe aucune donn\u00e9e sugg\u00e9rant que la sant\u00e9 des enfants n\u00e9s \u00e0 l\u2019issue des traitements anticanc\u00e9reux soit affect\u00e9e. Si vous envisagez une grossesse, parlez-en \u00e0 votre \u00e9quipe de soins anticanc\u00e9reux.  <\/p>\t\t\t\t\t\t\t\t<\/div>\n\t\t\t\t<\/div>\n\t\t\t\t<div class=\"elementor-element elementor-element-c5e0094 elementor-widget elementor-widget-image\" data-id=\"c5e0094\" data-element_type=\"widget\" data-e-type=\"widget\" data-widget_type=\"image.default\">\n\t\t\t\t<div class=\"elementor-widget-container\">\n\t\t\t\t\t\t\t\t\t\t\t\t\t\t\t<img fetchpriority=\"high\" decoding=\"async\" width=\"800\" height=\"405\" src=\"https:\/\/cancerfertilityandme.org.uk\/wp-content\/uploads\/FR-06-3-1024x518.png\" class=\"attachment-large size-large wp-image-11345\" alt=\"\" srcset=\"https:\/\/cancerfertilityandme.org.uk\/wp-content\/uploads\/FR-06-3-1024x518.png 1024w, https:\/\/cancerfertilityandme.org.uk\/wp-content\/uploads\/FR-06-3-300x152.png 300w, https:\/\/cancerfertilityandme.org.uk\/wp-content\/uploads\/FR-06-3-768x389.png 768w, https:\/\/cancerfertilityandme.org.uk\/wp-content\/uploads\/FR-06-3.png 1045w\" sizes=\"(max-width: 800px) 100vw, 800px\" \/>\t\t\t\t\t\t\t\t\t\t\t\t\t\t\t<\/div>\n\t\t\t\t<\/div>\n\t\t\t\t<div class=\"elementor-element elementor-element-76b7d0a elementor-widget elementor-widget-text-editor\" data-id=\"76b7d0a\" data-element_type=\"widget\" data-e-type=\"widget\" data-widget_type=\"text-editor.default\">\n\t\t\t\t<div class=\"elementor-widget-container\">\n\t\t\t\t\t\t\t\t\t<p>Les jeunes femmes qui suivent un traitement anticanc\u00e9reux ne conna\u00eetront pas toutes un probl\u00e8me de fertilit\u00e9 par la suite ; en effet, la plupart des femmes qui souhaitent avoir un b\u00e9b\u00e9 \u00e0 l\u2019issue des traitements anticanc\u00e9reux sont tout \u00e0 fait capables de concevoir naturellement.<\/p><p>Certaines femmes sont confront\u00e9es \u00e0 une perte permanente de leur fertilit\u00e9 \u00e0 l\u2019issue des traitements anticanc\u00e9reux, ce qui est bouleversant et difficile \u00e0 accepter. Si tel est votre cas, il peut \u00eatre utile de consulter un professionnel faisant partie de votre \u00e9quipe de soins de fertilit\u00e9. En plus d\u2019offrir un soutien \u00e9motionnel, ils seront en mesure de vous renseigner sur d\u2019autres options, en l\u2019occurrence sur la maternit\u00e9 de substitution, l\u2019adoption et le placement familial. Ils peuvent \u00e9galement vous conseiller sur les m\u00e9thodes de grossesses assist\u00e9es telles que les ovules et les embryons de donneuses, ou m\u00eame sur l\u2019utilisation de vos propres ovules, embryons et tissus ovariens conserv\u00e9s.    <\/p><blockquote><p>Le site Web de HFEA <a href=\"http:\/\/www.hfea.gov.uk\" target=\"_blank\" rel=\"noopener\">www.hfea.gov.uk<\/a> contient plus d\u2019informations sur le don d\u2019ovules ou d\u2019embryons et la maternit\u00e9 de substitution. Les organisations r\u00e9pertori\u00e9es ici incluent des informations et un soutien pour les personnes int\u00e9ress\u00e9es par le placement et l\u2019adoption. Les organisations \u00e9num\u00e9r\u00e9es <a href=\"https:\/\/cancerfertilityandme.org.uk\/fr\/home\/autres-informations-et-contacts-utiles-2\/\">ici <\/a>fournissent des informations et un soutien aux personnes int\u00e9ress\u00e9es par le placement et l\u2019adoption.<br><\/p><\/blockquote><p><strong>Voici quelques questions qui peuvent vous aider \u00e0 parler avec votre \u00e9quipe soignante en canc\u00e9rologie ou votre m\u00e9decin g\u00e9n\u00e9raliste de la possibilit\u00e9 d\u2019avoir un b\u00e9b\u00e9 apr\u00e8s un traitement anticanc\u00e9reux :<\/strong><\/p><ul><li>Comment savoir si je suis fertile \u00e0 l\u2019issue des traitements anticanc\u00e9reux ?<\/li><li>Combien de temps devrai-je attendre avant de savoir si je suis fertile ?<\/li><li>Existe-t-il des tests \u00e0 faire moi-m\u00eame pour v\u00e9rifier si je suis toujours fertile \u00e0 l\u2019issue des traitements anticanc\u00e9reux ?<\/li><li>Une future grossesse affectera-t-elle les risques de voir mon cancer r\u00e9cidiver ?<\/li><li>En supposant que je puisse encore avoir des enfants, combien de temps devrai-je attendre apr\u00e8s le traitement ?<\/li><li>En supposant que je tombe enceinte \u00e0 l\u2019issue des traitements anticanc\u00e9reux, mon enfant aura-t-il plus de risques d\u2019avoir un cancer ?<\/li><li>Si je n\u2019ai pas opt\u00e9 pour la pr\u00e9servation de ma fertilit\u00e9 avant le traitement, quelles options me reste-t-il ?<\/li><\/ul>\t\t\t\t\t\t\t\t<\/div>\n\t\t\t\t<\/div>\n\t\t\t\t<\/div>\n\t\t<div class=\"elementor-element elementor-element-4d93295f e-con-full e-flex e-con e-child\" data-id=\"4d93295f\" data-element_type=\"container\" data-e-type=\"container\">\n\t\t<div class=\"elementor-element elementor-element-46ea5028 e-con-full e-flex e-con e-child\" data-id=\"46ea5028\" data-element_type=\"container\" data-e-type=\"container\">\n\t\t\t\t<div class=\"elementor-element elementor-element-194397a8 elementor-widget elementor-widget-image\" data-id=\"194397a8\" data-element_type=\"widget\" data-e-type=\"widget\" data-widget_type=\"image.default\">\n\t\t\t\t<div class=\"elementor-widget-container\">\n\t\t\t\t\t\t\t\t\t\t\t\t\t\t\t\t<a href=\"http:\/\/.\/\">\n\t\t\t\t\t\t\t<img decoding=\"async\" width=\"200\" height=\"200\" src=\"https:\/\/cancerfertilityandme.org.uk\/wp-content\/uploads\/cancerfertilityandme-logo-header-young-women.png\" class=\"attachment-full size-full wp-image-328\" alt=\"\" srcset=\"https:\/\/cancerfertilityandme.org.uk\/wp-content\/uploads\/cancerfertilityandme-logo-header-young-women.png 200w, https:\/\/cancerfertilityandme.org.uk\/wp-content\/uploads\/cancerfertilityandme-logo-header-young-women-150x150.png 150w, https:\/\/cancerfertilityandme.org.uk\/wp-content\/uploads\/elementor\/thumbs\/cancerfertilityandme-logo-header-young-women-r4vfcv1ro149or8nkxzol3x986uodd6lq6no4gpb6w.png 100w\" sizes=\"(max-width: 200px) 100vw, 200px\" \/>\t\t\t\t\t\t\t\t<\/a>\n\t\t\t\t\t\t\t\t\t\t\t\t\t\t\t<\/div>\n\t\t\t\t<\/div>\n\t\t\t\t<\/div>\n\t\t<div class=\"elementor-element elementor-element-4dd0c88d e-con-full e-flex e-con e-child\" data-id=\"4dd0c88d\" data-element_type=\"container\" data-e-type=\"container\">\n\t\t\t\t<div class=\"elementor-element elementor-element-6cb4eb49 elementor-widget elementor-widget-heading\" data-id=\"6cb4eb49\" data-element_type=\"widget\" data-e-type=\"widget\" data-widget_type=\"heading.default\">\n\t\t\t\t<div class=\"elementor-widget-container\">\n\t\t\t\t\t<h3 class=\"elementor-heading-title elementor-size-default\">Suivez ces liens pour plus d\u2019informations<\/h3>\t\t\t\t<\/div>\n\t\t\t\t<\/div>\n\t\t\t\t<div class=\"elementor-element elementor-element-738cc706 elementor-nav-menu--dropdown-none elementor-widget elementor-widget-nav-menu\" data-id=\"738cc706\" data-element_type=\"widget\" data-e-type=\"widget\" data-settings=\"{&quot;layout&quot;:&quot;vertical&quot;,&quot;submenu_icon&quot;:{&quot;value&quot;:&quot;&lt;svg aria-hidden=\\&quot;true\\&quot; class=\\&quot;e-font-icon-svg e-fas-caret-down\\&quot; viewBox=\\&quot;0 0 320 512\\&quot; xmlns=\\&quot;http:\\\/\\\/www.w3.org\\\/2000\\\/svg\\&quot;&gt;&lt;path d=\\&quot;M31.3 192h257.3c17.8 0 26.7 21.5 14.1 34.1L174.1 354.8c-7.8 7.8-20.5 7.8-28.3 0L17.2 226.1C4.6 213.5 13.5 192 31.3 192z\\&quot;&gt;&lt;\\\/path&gt;&lt;\\\/svg&gt;&quot;,&quot;library&quot;:&quot;fa-solid&quot;}}\" data-widget_type=\"nav-menu.default\">\n\t\t\t\t<div class=\"elementor-widget-container\">\n\t\t\t\t\t\t\t\t<nav aria-label=\"Menu\" class=\"elementor-nav-menu--main elementor-nav-menu__container elementor-nav-menu--layout-vertical e--pointer-none\">\n\t\t\t\t<ul id=\"menu-1-738cc706\" class=\"elementor-nav-menu sm-vertical\"><li class=\"menu-item menu-item-type-post_type menu-item-object-page menu-item-8508\"><a href=\"https:\/\/cancerfertilityandme.org.uk\/young-women\/contraception-and-family-planning\/\" class=\"elementor-item\">Contraception et planification familiale<\/a><\/li>\n<li class=\"menu-item menu-item-type-post_type menu-item-object-page menu-item-8509\"><a href=\"https:\/\/cancerfertilityandme.org.uk\/young-women\/contraception-and-family-planning\/contraception-during-cancer-treatment\/\" class=\"elementor-item\">Contraception pendant le traitement anticanc\u00e9reux<\/a><\/li>\n<li class=\"menu-item menu-item-type-post_type menu-item-object-page menu-item-8510\"><a href=\"https:\/\/cancerfertilityandme.org.uk\/young-women\/contraception-and-family-planning\/family-planning-decisions-after-cancer-treatment\/\" class=\"elementor-item\">D\u00e9cisions de planification familiale apr\u00e8s un traitement anticanc\u00e9reux<\/a><\/li>\n<\/ul>\t\t\t<\/nav>\n\t\t\t\t\t\t<nav class=\"elementor-nav-menu--dropdown elementor-nav-menu__container\" aria-hidden=\"true\">\n\t\t\t\t<ul id=\"menu-2-738cc706\" class=\"elementor-nav-menu sm-vertical\"><li class=\"menu-item menu-item-type-post_type menu-item-object-page menu-item-8508\"><a href=\"https:\/\/cancerfertilityandme.org.uk\/young-women\/contraception-and-family-planning\/\" class=\"elementor-item\" tabindex=\"-1\">Contraception et planification familiale<\/a><\/li>\n<li class=\"menu-item menu-item-type-post_type menu-item-object-page menu-item-8509\"><a href=\"https:\/\/cancerfertilityandme.org.uk\/young-women\/contraception-and-family-planning\/contraception-during-cancer-treatment\/\" class=\"elementor-item\" tabindex=\"-1\">Contraception pendant le traitement anticanc\u00e9reux<\/a><\/li>\n<li class=\"menu-item menu-item-type-post_type menu-item-object-page menu-item-8510\"><a href=\"https:\/\/cancerfertilityandme.org.uk\/young-women\/contraception-and-family-planning\/family-planning-decisions-after-cancer-treatment\/\" class=\"elementor-item\" tabindex=\"-1\">D\u00e9cisions de planification familiale apr\u00e8s un traitement anticanc\u00e9reux<\/a><\/li>\n<\/ul>\t\t\t<\/nav>\n\t\t\t\t\t\t<\/div>\n\t\t\t\t<\/div>\n\t\t\t\t<\/div>\n\t\t\t\t<\/div>\n\t\t\t\t\t<\/div>\n\t\t\t\t<\/main>\n\t\t\t\t<\/div>\n\t\t","protected":false},"excerpt":{"rendered":"<p>D\u00e9cisions de planification familiale apr\u00e8s un traitement anticanc\u00e9reux Certaines femmes ont du mal \u00e0 savoir si elles veulent concevoir apr\u00e8s un diagnostic de cancer En effet, elles doivent prendre les d\u00e9cisions de gestion de la fertilit\u00e9 qui conviennent le mieux \u00e0 leur vie actuelle. Celles-ci comprennent des tests pour v\u00e9rifier leur fertilit\u00e9, le choix d\u2019une [&hellip;]<\/p>\n","protected":false},"author":1,"featured_media":0,"parent":8014,"menu_order":0,"comment_status":"open","ping_status":"closed","template":"","meta":{"footnotes":""},"class_list":["post-8016","page","type-page","status-publish","hentry"],"_links":{"self":[{"href":"https:\/\/cancerfertilityandme.org.uk\/fr\/wp-json\/wp\/v2\/pages\/8016","targetHints":{"allow":["GET"]}}],"collection":[{"href":"https:\/\/cancerfertilityandme.org.uk\/fr\/wp-json\/wp\/v2\/pages"}],"about":[{"href":"https:\/\/cancerfertilityandme.org.uk\/fr\/wp-json\/wp\/v2\/types\/page"}],"author":[{"embeddable":true,"href":"https:\/\/cancerfertilityandme.org.uk\/fr\/wp-json\/wp\/v2\/users\/1"}],"replies":[{"embeddable":true,"href":"https:\/\/cancerfertilityandme.org.uk\/fr\/wp-json\/wp\/v2\/comments?post=8016"}],"version-history":[{"count":4,"href":"https:\/\/cancerfertilityandme.org.uk\/fr\/wp-json\/wp\/v2\/pages\/8016\/revisions"}],"predecessor-version":[{"id":11361,"href":"https:\/\/cancerfertilityandme.org.uk\/fr\/wp-json\/wp\/v2\/pages\/8016\/revisions\/11361"}],"up":[{"embeddable":true,"href":"https:\/\/cancerfertilityandme.org.uk\/fr\/wp-json\/wp\/v2\/pages\/8014"}],"wp:attachment":[{"href":"https:\/\/cancerfertilityandme.org.uk\/fr\/wp-json\/wp\/v2\/media?parent=8016"}],"curies":[{"name":"wp","href":"https:\/\/api.w.org\/{rel}","templated":true}]}}