{"id":8015,"date":"2023-04-03T09:43:08","date_gmt":"2023-04-03T09:43:08","guid":{"rendered":"https:\/\/cancerfertilityandme.org.uk\/contraception-pendant-le-traitement-anticancereux\/"},"modified":"2026-03-26T15:33:46","modified_gmt":"2026-03-26T15:33:46","slug":"contraception-pendant-le-traitement-anticancereux","status":"publish","type":"page","link":"https:\/\/cancerfertilityandme.org.uk\/fr\/jeunes-femmes\/contraception-et-planification-familiale\/contraception-pendant-le-traitement-anticancereux\/","title":{"rendered":"Contraception pendant le traitement anticanc\u00e9reux"},"content":{"rendered":"\t\t<div data-elementor-type=\"wp-page\" data-elementor-id=\"8015\" class=\"elementor elementor-8015 elementor-7789\" data-elementor-post-type=\"page\">\n\t\t\t\t<main class=\"elementor-element elementor-element-b042ccd e-flex e-con-boxed e-con e-parent\" data-id=\"b042ccd\" data-element_type=\"container\" data-e-type=\"container\">\n\t\t\t\t\t<div class=\"e-con-inner\">\n\t\t<div class=\"elementor-element elementor-element-198b410d e-con-full e-flex e-con e-child\" data-id=\"198b410d\" data-element_type=\"container\" data-e-type=\"container\">\n\t\t\t\t<div class=\"elementor-element elementor-element-469d4c3c elementor-widget elementor-widget-text-editor\" data-id=\"469d4c3c\" data-element_type=\"widget\" data-e-type=\"widget\" data-widget_type=\"text-editor.default\">\n\t\t\t\t<div class=\"elementor-widget-container\">\n\t\t\t\t\t\t\t\t\t<h2>Contraception pendant le traitement anticanc\u00e9reux<\/h2><p>Il est fortement d\u00e9conseill\u00e9 aux jeunes femmes de risquer une grossesse pendant leur traitement anticanc\u00e9reux. En effet, ces traitements peuvent affecter le b\u00e9b\u00e9 \u00e0 na\u00eetre d\u00e8s les premiers stades de son d\u00e9veloppement. M\u00eame si vos r\u00e8gles s\u2019arr\u00eatent pendant le traitement, cela ne signifie pas que vous ne pouvez pas tomber enceinte.  <\/p><p>Si vous \u00eates sexuellement active, vous devrez utiliser une m\u00e9thode de contraception fiable tout au long de votre traitement anticanc\u00e9reux.<\/p><p>Le sch\u00e9ma ci-dessous pr\u00e9sente les diff\u00e9rents types de contraception \u00e0 envisager.<\/p><p>Il est recommand\u00e9 aux femmes qui suivent des traitements hormonaux d\u2019utiliser des m\u00e9thodes de contraception non-hormonales Il s\u2019agit notamment de pr\u00e9servatifs, pr\u00e9servatifs f\u00e9minins et diaphragmes. En effet, il est possible que les hormones contenues dans la pilule contraceptive stimulent les cellules canc\u00e9reuses restantes. Il est conseill\u00e9 de discuter de ces diff\u00e9rentes m\u00e9thodes de contraception avec votre \u00e9quipe de canc\u00e9rologie.  <\/p><p>Il est conseill\u00e9 de discuter de ces diff\u00e9rentes m\u00e9thodes de contraception avec votre \u00e9quipe de canc\u00e9rologie. Ils peuvent vous orienter vers une clinique de planification familiale, un gyn\u00e9cologue, une sage-femme ou votre m\u00e9decin g\u00e9n\u00e9raliste si vous le souhaitez.<\/p>\t\t\t\t\t\t\t\t<\/div>\n\t\t\t\t<\/div>\n\t\t\t\t<div class=\"elementor-element elementor-element-adec29e elementor-widget elementor-widget-image\" data-id=\"adec29e\" data-element_type=\"widget\" data-e-type=\"widget\" data-widget_type=\"image.default\">\n\t\t\t\t<div class=\"elementor-widget-container\">\n\t\t\t\t\t\t\t\t\t\t\t\t\t\t\t<img fetchpriority=\"high\" decoding=\"async\" width=\"800\" height=\"323\" src=\"https:\/\/cancerfertilityandme.org.uk\/wp-content\/uploads\/FR-05-3-1024x413.png\" class=\"attachment-large size-large wp-image-11322\" alt=\"\" srcset=\"https:\/\/cancerfertilityandme.org.uk\/wp-content\/uploads\/FR-05-3-1024x413.png 1024w, https:\/\/cancerfertilityandme.org.uk\/wp-content\/uploads\/FR-05-3-300x121.png 300w, https:\/\/cancerfertilityandme.org.uk\/wp-content\/uploads\/FR-05-3-768x310.png 768w, https:\/\/cancerfertilityandme.org.uk\/wp-content\/uploads\/FR-05-3.png 1028w\" sizes=\"(max-width: 800px) 100vw, 800px\" \/>\t\t\t\t\t\t\t\t\t\t\t\t\t\t\t<\/div>\n\t\t\t\t<\/div>\n\t\t\t\t<div class=\"elementor-element elementor-element-19b142b elementor-widget elementor-widget-text-editor\" data-id=\"19b142b\" data-element_type=\"widget\" data-e-type=\"widget\" data-widget_type=\"text-editor.default\">\n\t\t\t\t<div class=\"elementor-widget-container\">\n\t\t\t\t\t\t\t\t\t<p><strong>Les questions suivantes peuvent vous aider \u00e0 discuter de la contraception avec votre \u00e9quipe de canc\u00e9rologie ou votre m\u00e9decin g\u00e9n\u00e9raliste<\/strong><\/p><ul><li>Quel contraceptif me conviendrait le mieux pendant un traitement anticanc\u00e9reux ?<\/li><li>Pendant combien de temps dois-je utiliser ce contraceptif ?<\/li><li>Dois-je utiliser des m\u00e9thodes de contraception non-hormonales pour mon type de cancer ?<\/li><li>Si je n&rsquo;ai pas de r\u00e8gles pendant mon traitement anticanc\u00e9reux, dois-je quand m\u00eame utiliser des contraceptifs ?<\/li><li>S\u2019il m\u2019arrivait de tomber enceinte pendant mon traitement anticanc\u00e9reux parce que je n\u2019ai pas utilis\u00e9 de contraception, quelles seraient les cons\u00e9quences pour moi et pour mon futur b\u00e9b\u00e9 ?<\/li><\/ul>\t\t\t\t\t\t\t\t<\/div>\n\t\t\t\t<\/div>\n\t\t\t\t<\/div>\n\t\t<div class=\"elementor-element elementor-element-131e76f e-con-full e-flex e-con e-child\" data-id=\"131e76f\" data-element_type=\"container\" data-e-type=\"container\">\n\t\t<div class=\"elementor-element elementor-element-d518d99 e-con-full e-flex e-con e-child\" data-id=\"d518d99\" data-element_type=\"container\" data-e-type=\"container\">\n\t\t\t\t<div class=\"elementor-element elementor-element-7955a705 elementor-widget elementor-widget-image\" data-id=\"7955a705\" data-element_type=\"widget\" data-e-type=\"widget\" data-widget_type=\"image.default\">\n\t\t\t\t<div class=\"elementor-widget-container\">\n\t\t\t\t\t\t\t\t\t\t\t\t\t\t\t\t<a href=\"http:\/\/.\/\">\n\t\t\t\t\t\t\t<img decoding=\"async\" width=\"200\" height=\"200\" src=\"https:\/\/cancerfertilityandme.org.uk\/wp-content\/uploads\/cancerfertilityandme-logo-header-young-women.png\" class=\"attachment-full size-full wp-image-328\" alt=\"\" srcset=\"https:\/\/cancerfertilityandme.org.uk\/wp-content\/uploads\/cancerfertilityandme-logo-header-young-women.png 200w, https:\/\/cancerfertilityandme.org.uk\/wp-content\/uploads\/cancerfertilityandme-logo-header-young-women-150x150.png 150w, https:\/\/cancerfertilityandme.org.uk\/wp-content\/uploads\/elementor\/thumbs\/cancerfertilityandme-logo-header-young-women-r4vfcv1ro149or8nkxzol3x986uodd6lq6no4gpb6w.png 100w\" sizes=\"(max-width: 200px) 100vw, 200px\" \/>\t\t\t\t\t\t\t\t<\/a>\n\t\t\t\t\t\t\t\t\t\t\t\t\t\t\t<\/div>\n\t\t\t\t<\/div>\n\t\t\t\t<\/div>\n\t\t<div class=\"elementor-element elementor-element-4bd55399 e-con-full e-flex e-con e-child\" data-id=\"4bd55399\" data-element_type=\"container\" data-e-type=\"container\">\n\t\t\t\t<div class=\"elementor-element elementor-element-48e9316a elementor-widget elementor-widget-heading\" data-id=\"48e9316a\" data-element_type=\"widget\" data-e-type=\"widget\" data-widget_type=\"heading.default\">\n\t\t\t\t<div class=\"elementor-widget-container\">\n\t\t\t\t\t<h3 class=\"elementor-heading-title elementor-size-default\">Suivez ces liens pour plus d\u2019informations<\/h3>\t\t\t\t<\/div>\n\t\t\t\t<\/div>\n\t\t\t\t<div class=\"elementor-element elementor-element-53401bde elementor-nav-menu--dropdown-none elementor-widget elementor-widget-nav-menu\" data-id=\"53401bde\" data-element_type=\"widget\" data-e-type=\"widget\" data-settings=\"{&quot;layout&quot;:&quot;vertical&quot;,&quot;submenu_icon&quot;:{&quot;value&quot;:&quot;&lt;svg aria-hidden=\\&quot;true\\&quot; class=\\&quot;e-font-icon-svg e-fas-caret-down\\&quot; viewBox=\\&quot;0 0 320 512\\&quot; xmlns=\\&quot;http:\\\/\\\/www.w3.org\\\/2000\\\/svg\\&quot;&gt;&lt;path d=\\&quot;M31.3 192h257.3c17.8 0 26.7 21.5 14.1 34.1L174.1 354.8c-7.8 7.8-20.5 7.8-28.3 0L17.2 226.1C4.6 213.5 13.5 192 31.3 192z\\&quot;&gt;&lt;\\\/path&gt;&lt;\\\/svg&gt;&quot;,&quot;library&quot;:&quot;fa-solid&quot;}}\" data-widget_type=\"nav-menu.default\">\n\t\t\t\t<div class=\"elementor-widget-container\">\n\t\t\t\t\t\t\t\t<nav aria-label=\"Menu\" class=\"elementor-nav-menu--main elementor-nav-menu__container elementor-nav-menu--layout-vertical e--pointer-none\">\n\t\t\t\t<ul id=\"menu-1-53401bde\" class=\"elementor-nav-menu sm-vertical\"><li class=\"menu-item menu-item-type-post_type menu-item-object-page menu-item-8508\"><a href=\"https:\/\/cancerfertilityandme.org.uk\/young-women\/contraception-and-family-planning\/\" class=\"elementor-item\">Contraception et planification familiale<\/a><\/li>\n<li class=\"menu-item menu-item-type-post_type menu-item-object-page menu-item-8509\"><a href=\"https:\/\/cancerfertilityandme.org.uk\/young-women\/contraception-and-family-planning\/contraception-during-cancer-treatment\/\" class=\"elementor-item\">Contraception pendant le traitement anticanc\u00e9reux<\/a><\/li>\n<li class=\"menu-item menu-item-type-post_type menu-item-object-page menu-item-8510\"><a href=\"https:\/\/cancerfertilityandme.org.uk\/young-women\/contraception-and-family-planning\/family-planning-decisions-after-cancer-treatment\/\" class=\"elementor-item\">D\u00e9cisions de planification familiale apr\u00e8s un traitement anticanc\u00e9reux<\/a><\/li>\n<\/ul>\t\t\t<\/nav>\n\t\t\t\t\t\t<nav class=\"elementor-nav-menu--dropdown elementor-nav-menu__container\" aria-hidden=\"true\">\n\t\t\t\t<ul id=\"menu-2-53401bde\" class=\"elementor-nav-menu sm-vertical\"><li class=\"menu-item menu-item-type-post_type menu-item-object-page menu-item-8508\"><a href=\"https:\/\/cancerfertilityandme.org.uk\/young-women\/contraception-and-family-planning\/\" class=\"elementor-item\" tabindex=\"-1\">Contraception et planification familiale<\/a><\/li>\n<li class=\"menu-item menu-item-type-post_type menu-item-object-page menu-item-8509\"><a href=\"https:\/\/cancerfertilityandme.org.uk\/young-women\/contraception-and-family-planning\/contraception-during-cancer-treatment\/\" class=\"elementor-item\" tabindex=\"-1\">Contraception pendant le traitement anticanc\u00e9reux<\/a><\/li>\n<li class=\"menu-item menu-item-type-post_type menu-item-object-page menu-item-8510\"><a href=\"https:\/\/cancerfertilityandme.org.uk\/young-women\/contraception-and-family-planning\/family-planning-decisions-after-cancer-treatment\/\" class=\"elementor-item\" tabindex=\"-1\">D\u00e9cisions de planification familiale apr\u00e8s un traitement anticanc\u00e9reux<\/a><\/li>\n<\/ul>\t\t\t<\/nav>\n\t\t\t\t\t\t<\/div>\n\t\t\t\t<\/div>\n\t\t\t\t<\/div>\n\t\t\t\t<\/div>\n\t\t\t\t\t<\/div>\n\t\t\t\t<\/main>\n\t\t\t\t<\/div>\n\t\t","protected":false},"excerpt":{"rendered":"<p>Contraception pendant le traitement anticanc\u00e9reux Il est fortement d\u00e9conseill\u00e9 aux jeunes femmes de risquer une grossesse pendant leur traitement anticanc\u00e9reux. En effet, ces traitements peuvent affecter le b\u00e9b\u00e9 \u00e0 na\u00eetre d\u00e8s les premiers stades de son d\u00e9veloppement. M\u00eame si vos r\u00e8gles s\u2019arr\u00eatent pendant le traitement, cela ne signifie pas que vous ne pouvez pas tomber [&hellip;]<\/p>\n","protected":false},"author":1,"featured_media":0,"parent":8014,"menu_order":0,"comment_status":"open","ping_status":"closed","template":"","meta":{"footnotes":""},"class_list":["post-8015","page","type-page","status-publish","hentry"],"_links":{"self":[{"href":"https:\/\/cancerfertilityandme.org.uk\/fr\/wp-json\/wp\/v2\/pages\/8015","targetHints":{"allow":["GET"]}}],"collection":[{"href":"https:\/\/cancerfertilityandme.org.uk\/fr\/wp-json\/wp\/v2\/pages"}],"about":[{"href":"https:\/\/cancerfertilityandme.org.uk\/fr\/wp-json\/wp\/v2\/types\/page"}],"author":[{"embeddable":true,"href":"https:\/\/cancerfertilityandme.org.uk\/fr\/wp-json\/wp\/v2\/users\/1"}],"replies":[{"embeddable":true,"href":"https:\/\/cancerfertilityandme.org.uk\/fr\/wp-json\/wp\/v2\/comments?post=8015"}],"version-history":[{"count":4,"href":"https:\/\/cancerfertilityandme.org.uk\/fr\/wp-json\/wp\/v2\/pages\/8015\/revisions"}],"predecessor-version":[{"id":11338,"href":"https:\/\/cancerfertilityandme.org.uk\/fr\/wp-json\/wp\/v2\/pages\/8015\/revisions\/11338"}],"up":[{"embeddable":true,"href":"https:\/\/cancerfertilityandme.org.uk\/fr\/wp-json\/wp\/v2\/pages\/8014"}],"wp:attachment":[{"href":"https:\/\/cancerfertilityandme.org.uk\/fr\/wp-json\/wp\/v2\/media?parent=8015"}],"curies":[{"name":"wp","href":"https:\/\/api.w.org\/{rel}","templated":true}]}}