{"id":8011,"date":"2023-04-03T09:37:20","date_gmt":"2023-04-03T09:37:20","guid":{"rendered":"https:\/\/cancerfertilityandme.org.uk\/resume-des-options\/"},"modified":"2026-02-03T15:59:28","modified_gmt":"2026-02-03T15:59:28","slug":"resume-des-options","status":"publish","type":"page","link":"https:\/\/cancerfertilityandme.org.uk\/fr\/jeunes-femmes\/preservation-de-la-fertilite\/resume-des-options\/","title":{"rendered":"R\u00e9sum\u00e9 des options"},"content":{"rendered":"\t\t<div data-elementor-type=\"wp-page\" data-elementor-id=\"8011\" class=\"elementor elementor-8011 elementor-7787\" data-elementor-post-type=\"page\">\n\t\t\t\t<main class=\"elementor-element elementor-element-bb6f8c8 e-flex e-con-boxed e-con e-parent\" data-id=\"bb6f8c8\" data-element_type=\"container\" data-e-type=\"container\">\n\t\t\t\t\t<div class=\"e-con-inner\">\n\t\t<div class=\"elementor-element elementor-element-31d7576f e-con-full e-flex e-con e-child\" data-id=\"31d7576f\" data-element_type=\"container\" data-e-type=\"container\">\n\t\t\t\t<div class=\"elementor-element elementor-element-71be500d elementor-widget elementor-widget-text-editor\" data-id=\"71be500d\" data-element_type=\"widget\" data-e-type=\"widget\" data-widget_type=\"text-editor.default\">\n\t\t\t\t<div class=\"elementor-widget-container\">\n\t\t\t\t\t\t\t\t\t<h2>R\u00e9sum\u00e9 des options de pr\u00e9servation de la fertilit\u00e9.\udb40\udd00<\/h2>\t\t\t\t\t\t\t\t<\/div>\n\t\t\t\t<\/div>\n\t\t<div class=\"elementor-element elementor-element-17242a8f e-con-full e-flex e-con e-child\" data-id=\"17242a8f\" data-element_type=\"container\" data-e-type=\"container\" data-settings=\"{&quot;background_background&quot;:&quot;classic&quot;}\">\n\t\t\t\t<div class=\"elementor-element elementor-element-7a624f47 elementor-widget elementor-widget-text-editor\" data-id=\"7a624f47\" data-element_type=\"widget\" data-e-type=\"widget\" data-widget_type=\"text-editor.default\">\n\t\t\t\t<div class=\"elementor-widget-container\">\n\t\t\t\t\t\t\t\t\t<h2 style=\"text-align: center;\">Aucune pr\u00e9servation de la fertilit\u00e9<\/h2><hr><p><strong>A qui est-elle destin\u00e9e ?<\/strong><\/p><p>Aux jeunes femmes qui : veulent attendre et voir ; ont d\u00e9j\u00e0 une famille compl\u00e8te ; ne souhaitent pas avoir d\u2019enfant \u00e0 l\u2019issue des traitements anticanc\u00e9reux ; ont besoin de commencer un traitement anticanc\u00e9reux imm\u00e9diatement ; n\u2019ont aucune option de pr\u00e9servation de la fertilit\u00e9 \u00e0 leur disposition.<\/p><p><strong>Chances d&rsquo;avoir un b\u00e9b\u00e9<\/strong><\/p><p>Variables. Cela d\u00e9pend de la fa\u00e7on dont vos ovaires ont \u00e9t\u00e9 affect\u00e9s par votre traitement anticanc\u00e9reux. <\/p><p><strong>Effet sur la sant\u00e9 du b\u00e9b\u00e9<\/strong><\/p><p>Aucun effet<\/p><p><strong>Effets secondaires du traitement de fertilit\u00e9<\/strong><\/p><p>Pas d&rsquo;effets secondaires des traitements de fertilit\u00e9.<\/p><p><strong>D\u00e9lai de commencement du traitement anticanc\u00e9reux<\/strong><\/p><p>Imm\u00e9diat<\/p><p><strong>Effet sur le retour du cancer<\/strong><\/p><p>Aucun effet<\/p>\t\t\t\t\t\t\t\t<\/div>\n\t\t\t\t<\/div>\n\t\t\t\t<\/div>\n\t\t<div class=\"elementor-element elementor-element-1046368 e-con-full e-flex e-con e-child\" data-id=\"1046368\" data-element_type=\"container\" data-e-type=\"container\" data-settings=\"{&quot;background_background&quot;:&quot;classic&quot;}\">\n\t\t\t\t<div class=\"elementor-element elementor-element-8bc7445 elementor-widget elementor-widget-text-editor\" data-id=\"8bc7445\" data-element_type=\"widget\" data-e-type=\"widget\" data-widget_type=\"text-editor.default\">\n\t\t\t\t<div class=\"elementor-widget-container\">\n\t\t\t\t\t\t\t\t\t<h2 style=\"text-align: center;\">Cong\u00e9lation des ovules<\/h2><hr><p><strong>A qui est-elle destin\u00e9e ?<\/strong><\/p><p>Aux jeunes femmes qui : n\u2019ont pas de partenaire ; ne veulent pas utiliser le sperme d\u2019un donneur ; ne veulent pas opter pour la cong\u00e9lation d\u2019embryons en raison de leurs croyances ; ont le temps de suivre un cycle de traitement de fertilit\u00e9 avant de commencer un traitement anticanc\u00e9reux.<\/p><p><strong>Chances d&rsquo;avoir un b\u00e9b\u00e9<\/strong><\/p><p>Variables. Les femmes de moins de 35 ans qui font stocker 10 ovules ont environ 4 chances sur 10 (40%) d\u2019avoir un b\u00e9b\u00e9. Les chances seront moindres chez les femmes de plus de 35 ans.  <\/p><p><strong>Effet sur la sant\u00e9 du b\u00e9b\u00e9<\/strong><\/p><p>Aucune donn\u00e9e ne permet de penser que la sant\u00e9 du b\u00e9b\u00e9 sera affect\u00e9e.<\/p><p><strong>Effets secondaires du traitement de fertilit\u00e9<\/strong><\/p><p>Maux de t\u00eate, changements d&rsquo;humeur, bouff\u00e9es de chaleur et irritation de la peau ; augmentation du niveau de l&rsquo;hormone \u0153strog\u00e8ne (potentiellement dangereux pour les femmes qui ont un cancer du sein sensible aux \u0153strog\u00e8nes); risque d&rsquo;infection ou de saignement; atteintes d&rsquo;autres structures pelviennes (potentiellement dangereux pour les femmes atteintes d&rsquo;un cancer pelvien).<\/p><p><strong>D\u00e9lai de commencement du traitement anticanc\u00e9reux<\/strong><\/p><p>Trois semaines.<\/p><p><strong>Effet sur le retour du cancer<\/strong><\/p><p>Aucune donn\u00e9e ne sugg\u00e8re que cela affecte les risques de r\u00e9apparition du cancer.<\/p>\t\t\t\t\t\t\t\t<\/div>\n\t\t\t\t<\/div>\n\t\t\t\t<\/div>\n\t\t<div class=\"elementor-element elementor-element-ccfa96b e-con-full e-flex e-con e-child\" data-id=\"ccfa96b\" data-element_type=\"container\" data-e-type=\"container\" data-settings=\"{&quot;background_background&quot;:&quot;classic&quot;}\">\n\t\t\t\t<div class=\"elementor-element elementor-element-d839781 elementor-widget elementor-widget-text-editor\" data-id=\"d839781\" data-element_type=\"widget\" data-e-type=\"widget\" data-widget_type=\"text-editor.default\">\n\t\t\t\t<div class=\"elementor-widget-container\">\n\t\t\t\t\t\t\t\t\t<h2 style=\"text-align: center;\">Cong\u00e9lation d&#8217;embryons<\/h2><hr><p><strong>A qui est-elle destin\u00e9e ?<\/strong><\/p><p>Aux jeunes femmes qui ont le temps de suivre un cycle de traitement de fertilit\u00e9 avant de commencer un traitement anticanc\u00e9reux ; aux jeunes femmes ayant un partenaire masculin, \u00e9tant donn\u00e9 que les ovules et le sperme sont n\u00e9cessaires \u00e0 la f\u00e9condation.<\/p><p><strong>Chances d&rsquo;avoir un b\u00e9b\u00e9<\/strong><\/p><p>Variables. Les jeunes femmes de moins de 35 ans qui stockent 10 ovules ont environ 50 % de chances d\u2019avoir un b\u00e9b\u00e9. Les chances seront moindres chez les femmes de plus de 35 ans.  <\/p><p><strong>Effet sur la sant\u00e9 du b\u00e9b\u00e9<\/strong><\/p><p>Aucune donn\u00e9e ne permet de penser que la sant\u00e9 du b\u00e9b\u00e9 sera affect\u00e9e.<\/p><p><strong>Effets secondaires du traitement de fertilit\u00e9<\/strong><\/p><p>Maux de t\u00eate, changements d&rsquo;humeur, bouff\u00e9es de chaleur et irritation de la peau ; augmentation du niveau de l&rsquo;hormone \u0153strog\u00e8ne (potentiellement dangereux pour les femmes qui ont un cancer du sein sensible aux \u0153strog\u00e8nes); risque d&rsquo;infection ou de saignement; atteintes d&rsquo;autres structures pelviennes (potentiellement dangereux pour les femmes atteintes d&rsquo;un cancer pelvien).<\/p><p><strong>D\u00e9lai de commencement du traitement anticanc\u00e9reux<\/strong><\/p><p>Trois semaines.<\/p><p><strong>Effet sur le retour du cancer<\/strong><\/p><p>Aucune donn\u00e9e ne sugg\u00e8re que cela affecte les risques de r\u00e9apparition du cancer.<\/p>\t\t\t\t\t\t\t\t<\/div>\n\t\t\t\t<\/div>\n\t\t\t\t<\/div>\n\t\t<div class=\"elementor-element elementor-element-334a91e e-con-full e-flex e-con e-child\" data-id=\"334a91e\" data-element_type=\"container\" data-e-type=\"container\" data-settings=\"{&quot;background_background&quot;:&quot;classic&quot;}\">\n\t\t\t\t<div class=\"elementor-element elementor-element-e571999 elementor-widget elementor-widget-text-editor\" data-id=\"e571999\" data-element_type=\"widget\" data-e-type=\"widget\" data-widget_type=\"text-editor.default\">\n\t\t\t\t<div class=\"elementor-widget-container\">\n\t\t\t\t\t\t\t\t\t<h2 style=\"text-align: center;\">Cong\u00e9lation du tissu ovarien<\/h2><hr><p><strong>A qui est-elle destin\u00e9e ?<\/strong><\/p><p>Aux jeunes femmes qui : n\u2019ont pas le temps de faire congeler leurs embryons ou leurs ovules ; ne peuvent pas utiliser de m\u00e9dicaments pour la fertilit\u00e9 ; pr\u00e9f\u00e8rent la possibilit\u00e9 de concevoir naturellement par la suite ; aux filles qui n\u2019ont pas atteint la pubert\u00e9.<\/p><p><strong>Chances d&rsquo;avoir un b\u00e9b\u00e9<\/strong><\/p><p>Nouvelle m\u00e9thode de pr\u00e9servation de la fertilit\u00e9. Taux de naissances vivantes d\u2019environ 25 sur 100 (25 %) dans le monde. <\/p><p><strong>Effet sur la sant\u00e9 du b\u00e9b\u00e9<\/strong><\/p><p>Aucune donn\u00e9e ne permet de penser que la sant\u00e9 du b\u00e9b\u00e9 sera affect\u00e9e.<\/p><p><strong>Effets secondaires du traitement de fertilit\u00e9<\/strong><\/p><p>Implique une intervention chirurgicale, donc des atteintes potentielles \u00e0 la vessie ou \u00e0 l\u2019intestin ; risque d\u2019infection ou de saignement. Risque de r\u00e9introduire des cellules canc\u00e9reuses dans le corps avec le tissu ovarien congel\u00e9 (potentiellement dangereux pour les femmes atteintes d\u2019un cancer du sang comme la leuc\u00e9mie). Prior to use of the tissue it will be screened for cancer cells and so may not be able to be autotransplanted.  <\/p><p><strong>D\u00e9lai de commencement du traitement anticanc\u00e9reux<\/strong><\/p><p>Probablement aucun, ou seulement quelques jours.<\/p><p><strong>Effet sur le retour du cancer<\/strong><\/p><p>Aucune donn\u00e9e ne sugg\u00e8re que cela affecte les risques de r\u00e9apparition du cancer.<\/p>\t\t\t\t\t\t\t\t<\/div>\n\t\t\t\t<\/div>\n\t\t\t\t<\/div>\n\t\t<div class=\"elementor-element elementor-element-e4356e6 e-con-full e-flex e-con e-child\" data-id=\"e4356e6\" data-element_type=\"container\" data-e-type=\"container\" data-settings=\"{&quot;background_background&quot;:&quot;classic&quot;}\">\n\t\t\t\t<div class=\"elementor-element elementor-element-1142578 elementor-widget elementor-widget-text-editor\" data-id=\"1142578\" data-element_type=\"widget\" data-e-type=\"widget\" data-widget_type=\"text-editor.default\">\n\t\t\t\t<div class=\"elementor-widget-container\">\n\t\t\t\t\t\t\t\t\t<h2 style=\"text-align: center;\">Suppression de la fonction ovarienne<\/h2><hr><p><strong>A qui est-elle destin\u00e9e ?<\/strong><\/p><p>Aux jeunes femmes subissant une chimioth\u00e9rapie ; aux filles qui ont atteint la pubert\u00e9.<\/p><p><strong>Chances d&rsquo;avoir un b\u00e9b\u00e9<\/strong><\/p><p>Il est difficile de savoir si si cette m\u00e9thode augmente la probabilit\u00e9 que vous puissiez avoir un b\u00e9b\u00e9 apr\u00e8s le traitement.<\/p><p><strong>Effet sur la sant\u00e9 du b\u00e9b\u00e9<\/strong><\/p><p>Aucune donn\u00e9e ne permet de penser que la sant\u00e9 du b\u00e9b\u00e9 sera affect\u00e9e.<\/p><p><strong>Effets secondaires du traitement de fertilit\u00e9<\/strong><\/p><p>Bouff\u00e9es de chaleur ; changements d\u2019humeur ; troubles du sommeil ; s\u00e9cheresse vaginale.<\/p><p><strong>D\u00e9lai de commencement du traitement anticanc\u00e9reux<\/strong><\/p><p>Imm\u00e9diat<\/p><p><strong>Effet sur le retour du cancer<\/strong><\/p><p>Aucun effet<\/p>\t\t\t\t\t\t\t\t<\/div>\n\t\t\t\t<\/div>\n\t\t\t\t<\/div>\n\t\t\t\t<\/div>\n\t\t<div class=\"elementor-element elementor-element-c66c18e e-con-full e-flex e-con e-child\" data-id=\"c66c18e\" data-element_type=\"container\" data-e-type=\"container\">\n\t\t<div class=\"elementor-element elementor-element-55ee779d e-con-full e-flex e-con e-child\" data-id=\"55ee779d\" data-element_type=\"container\" data-e-type=\"container\">\n\t\t\t\t<div class=\"elementor-element elementor-element-3513e626 elementor-widget elementor-widget-image\" data-id=\"3513e626\" data-element_type=\"widget\" data-e-type=\"widget\" data-widget_type=\"image.default\">\n\t\t\t\t<div class=\"elementor-widget-container\">\n\t\t\t\t\t\t\t\t\t\t\t\t\t\t\t\t<a href=\"http:\/\/.\/\">\n\t\t\t\t\t\t\t<img decoding=\"async\" width=\"200\" height=\"200\" src=\"https:\/\/cancerfertilityandme.org.uk\/wp-content\/uploads\/cancerfertilityandme-logo-header-young-women.png\" class=\"attachment-full size-full wp-image-328\" alt=\"\" srcset=\"https:\/\/cancerfertilityandme.org.uk\/wp-content\/uploads\/cancerfertilityandme-logo-header-young-women.png 200w, https:\/\/cancerfertilityandme.org.uk\/wp-content\/uploads\/cancerfertilityandme-logo-header-young-women-150x150.png 150w, https:\/\/cancerfertilityandme.org.uk\/wp-content\/uploads\/elementor\/thumbs\/cancerfertilityandme-logo-header-young-women-r4vfcv1ro149or8nkxzol3x986uodd6lq6no4gpb6w.png 100w\" sizes=\"(max-width: 200px) 100vw, 200px\" \/>\t\t\t\t\t\t\t\t<\/a>\n\t\t\t\t\t\t\t\t\t\t\t\t\t\t\t<\/div>\n\t\t\t\t<\/div>\n\t\t\t\t<\/div>\n\t\t<div class=\"elementor-element elementor-element-320573dd e-con-full e-flex e-con e-child\" data-id=\"320573dd\" data-element_type=\"container\" data-e-type=\"container\">\n\t\t\t\t<div class=\"elementor-element elementor-element-26768a1 elementor-widget elementor-widget-heading\" data-id=\"26768a1\" data-element_type=\"widget\" data-e-type=\"widget\" data-widget_type=\"heading.default\">\n\t\t\t\t<div class=\"elementor-widget-container\">\n\t\t\t\t\t<h3 class=\"elementor-heading-title elementor-size-default\">Suivez ces liens pour plus d\u2019informations<\/h3>\t\t\t\t<\/div>\n\t\t\t\t<\/div>\n\t\t\t\t<div class=\"elementor-element elementor-element-56064d83 elementor-nav-menu--dropdown-none elementor-widget elementor-widget-nav-menu\" data-id=\"56064d83\" data-element_type=\"widget\" data-e-type=\"widget\" data-settings=\"{&quot;layout&quot;:&quot;vertical&quot;,&quot;submenu_icon&quot;:{&quot;value&quot;:&quot;&lt;svg aria-hidden=\\&quot;true\\&quot; class=\\&quot;e-font-icon-svg e-fas-caret-down\\&quot; viewBox=\\&quot;0 0 320 512\\&quot; xmlns=\\&quot;http:\\\/\\\/www.w3.org\\\/2000\\\/svg\\&quot;&gt;&lt;path d=\\&quot;M31.3 192h257.3c17.8 0 26.7 21.5 14.1 34.1L174.1 354.8c-7.8 7.8-20.5 7.8-28.3 0L17.2 226.1C4.6 213.5 13.5 192 31.3 192z\\&quot;&gt;&lt;\\\/path&gt;&lt;\\\/svg&gt;&quot;,&quot;library&quot;:&quot;fa-solid&quot;}}\" data-widget_type=\"nav-menu.default\">\n\t\t\t\t<div class=\"elementor-widget-container\">\n\t\t\t\t\t\t\t\t<nav aria-label=\"Menu\" class=\"elementor-nav-menu--main elementor-nav-menu__container elementor-nav-menu--layout-vertical e--pointer-none\">\n\t\t\t\t<ul id=\"menu-1-56064d83\" class=\"elementor-nav-menu sm-vertical\"><li class=\"menu-item menu-item-type-post_type menu-item-object-page menu-item-8511\"><a href=\"https:\/\/cancerfertilityandme.org.uk\/young-women\/fertility-preservation\/\" class=\"elementor-item\">Pr\u00e9servation de la fertilit\u00e9<\/a><\/li>\n<li class=\"menu-item menu-item-type-post_type menu-item-object-page menu-item-8514\"><a href=\"https:\/\/cancerfertilityandme.org.uk\/young-women\/fertility-preservation\/no-fertility-preservation\/\" class=\"elementor-item\">Aucune pr\u00e9servation de la fertilit\u00e9<\/a><\/li>\n<li class=\"menu-item menu-item-type-post_type menu-item-object-page menu-item-8512\"><a href=\"https:\/\/cancerfertilityandme.org.uk\/young-women\/fertility-preservation\/egg-freezing\/\" class=\"elementor-item\">Cong\u00e9lation des ovules<\/a><\/li>\n<li class=\"menu-item menu-item-type-post_type menu-item-object-page menu-item-8513\"><a href=\"https:\/\/cancerfertilityandme.org.uk\/young-women\/fertility-preservation\/embryo-freezing\/\" class=\"elementor-item\">Cong\u00e9lation d&#8217;embryons<\/a><\/li>\n<li class=\"menu-item menu-item-type-post_type menu-item-object-page menu-item-8518\"><a href=\"https:\/\/cancerfertilityandme.org.uk\/young-women\/fertility-preservation\/ovarian-tissue-freezing\/\" class=\"elementor-item\">Cong\u00e9lation du tissu ovarien<\/a><\/li>\n<li class=\"menu-item menu-item-type-post_type menu-item-object-page menu-item-8515\"><a href=\"https:\/\/cancerfertilityandme.org.uk\/young-women\/fertility-preservation\/ovarian-suppression\/\" class=\"elementor-item\">Suppression de la fonction ovarienne<\/a><\/li>\n<li class=\"menu-item menu-item-type-post_type menu-item-object-page menu-item-8519\"><a href=\"https:\/\/cancerfertilityandme.org.uk\/young-women\/fertility-preservation\/fertility-sparing-procedures\/\" class=\"elementor-item\">Techniques \u00e9conomes en fertilit\u00e9 sp\u00e9cifiques \u00e0 certains cancers<\/a><\/li>\n<li class=\"menu-item menu-item-type-post_type menu-item-object-page menu-item-8520\"><a href=\"https:\/\/cancerfertilityandme.org.uk\/young-women\/fertility-preservation\/financial-costs\/\" class=\"elementor-item\">Co\u00fbts financiers<\/a><\/li>\n<li class=\"menu-item menu-item-type-post_type menu-item-object-page menu-item-8521\"><a href=\"https:\/\/cancerfertilityandme.org.uk\/young-women\/fertility-preservation\/summary-of-options\/\" class=\"elementor-item\">R\u00e9sum\u00e9 des options<\/a><\/li>\n<li class=\"menu-item menu-item-type-post_type menu-item-object-page menu-item-8522\"><a href=\"https:\/\/cancerfertilityandme.org.uk\/young-women\/fertility-preservation\/questions-to-ask-about-fertility-preservation\/\" class=\"elementor-item\">Questions \u00e0 poser \u00e0 votre \u00e9quipe de canc\u00e9rologie et \u00e0 votre \u00e9quipe de soins de fertilit\u00e9<\/a><\/li>\n<\/ul>\t\t\t<\/nav>\n\t\t\t\t\t\t<nav class=\"elementor-nav-menu--dropdown elementor-nav-menu__container\" aria-hidden=\"true\">\n\t\t\t\t<ul id=\"menu-2-56064d83\" class=\"elementor-nav-menu sm-vertical\"><li class=\"menu-item menu-item-type-post_type menu-item-object-page menu-item-8511\"><a href=\"https:\/\/cancerfertilityandme.org.uk\/young-women\/fertility-preservation\/\" class=\"elementor-item\" tabindex=\"-1\">Pr\u00e9servation de la fertilit\u00e9<\/a><\/li>\n<li class=\"menu-item menu-item-type-post_type menu-item-object-page menu-item-8514\"><a href=\"https:\/\/cancerfertilityandme.org.uk\/young-women\/fertility-preservation\/no-fertility-preservation\/\" class=\"elementor-item\" tabindex=\"-1\">Aucune pr\u00e9servation de la fertilit\u00e9<\/a><\/li>\n<li class=\"menu-item menu-item-type-post_type menu-item-object-page menu-item-8512\"><a href=\"https:\/\/cancerfertilityandme.org.uk\/young-women\/fertility-preservation\/egg-freezing\/\" class=\"elementor-item\" tabindex=\"-1\">Cong\u00e9lation des ovules<\/a><\/li>\n<li class=\"menu-item menu-item-type-post_type menu-item-object-page menu-item-8513\"><a href=\"https:\/\/cancerfertilityandme.org.uk\/young-women\/fertility-preservation\/embryo-freezing\/\" class=\"elementor-item\" tabindex=\"-1\">Cong\u00e9lation d&#8217;embryons<\/a><\/li>\n<li class=\"menu-item menu-item-type-post_type menu-item-object-page menu-item-8518\"><a href=\"https:\/\/cancerfertilityandme.org.uk\/young-women\/fertility-preservation\/ovarian-tissue-freezing\/\" class=\"elementor-item\" tabindex=\"-1\">Cong\u00e9lation du tissu ovarien<\/a><\/li>\n<li class=\"menu-item menu-item-type-post_type menu-item-object-page menu-item-8515\"><a href=\"https:\/\/cancerfertilityandme.org.uk\/young-women\/fertility-preservation\/ovarian-suppression\/\" class=\"elementor-item\" tabindex=\"-1\">Suppression de la fonction ovarienne<\/a><\/li>\n<li class=\"menu-item menu-item-type-post_type menu-item-object-page menu-item-8519\"><a href=\"https:\/\/cancerfertilityandme.org.uk\/young-women\/fertility-preservation\/fertility-sparing-procedures\/\" class=\"elementor-item\" tabindex=\"-1\">Techniques \u00e9conomes en fertilit\u00e9 sp\u00e9cifiques \u00e0 certains cancers<\/a><\/li>\n<li class=\"menu-item menu-item-type-post_type menu-item-object-page menu-item-8520\"><a href=\"https:\/\/cancerfertilityandme.org.uk\/young-women\/fertility-preservation\/financial-costs\/\" class=\"elementor-item\" tabindex=\"-1\">Co\u00fbts financiers<\/a><\/li>\n<li class=\"menu-item menu-item-type-post_type menu-item-object-page menu-item-8521\"><a href=\"https:\/\/cancerfertilityandme.org.uk\/young-women\/fertility-preservation\/summary-of-options\/\" class=\"elementor-item\" tabindex=\"-1\">R\u00e9sum\u00e9 des options<\/a><\/li>\n<li class=\"menu-item menu-item-type-post_type menu-item-object-page menu-item-8522\"><a href=\"https:\/\/cancerfertilityandme.org.uk\/young-women\/fertility-preservation\/questions-to-ask-about-fertility-preservation\/\" class=\"elementor-item\" tabindex=\"-1\">Questions \u00e0 poser \u00e0 votre \u00e9quipe de canc\u00e9rologie et \u00e0 votre \u00e9quipe de soins de fertilit\u00e9<\/a><\/li>\n<\/ul>\t\t\t<\/nav>\n\t\t\t\t\t\t<\/div>\n\t\t\t\t<\/div>\n\t\t\t\t<\/div>\n\t\t\t\t<\/div>\n\t\t\t\t\t<\/div>\n\t\t\t\t<\/main>\n\t\t\t\t<\/div>\n\t\t","protected":false},"excerpt":{"rendered":"<p>R\u00e9sum\u00e9 des options de pr\u00e9servation de la fertilit\u00e9.\udb40\udd00 Aucune pr\u00e9servation de la fertilit\u00e9 A qui est-elle destin\u00e9e ? Aux jeunes femmes qui : veulent attendre et voir ; ont d\u00e9j\u00e0 une famille compl\u00e8te ; ne souhaitent pas avoir d\u2019enfant \u00e0 l\u2019issue des traitements anticanc\u00e9reux ; ont besoin de commencer un traitement anticanc\u00e9reux imm\u00e9diatement ; n\u2019ont [&hellip;]<\/p>\n","protected":false},"author":1,"featured_media":0,"parent":8023,"menu_order":0,"comment_status":"open","ping_status":"closed","template":"","meta":{"footnotes":""},"class_list":["post-8011","page","type-page","status-publish","hentry"],"_links":{"self":[{"href":"https:\/\/cancerfertilityandme.org.uk\/fr\/wp-json\/wp\/v2\/pages\/8011","targetHints":{"allow":["GET"]}}],"collection":[{"href":"https:\/\/cancerfertilityandme.org.uk\/fr\/wp-json\/wp\/v2\/pages"}],"about":[{"href":"https:\/\/cancerfertilityandme.org.uk\/fr\/wp-json\/wp\/v2\/types\/page"}],"author":[{"embeddable":true,"href":"https:\/\/cancerfertilityandme.org.uk\/fr\/wp-json\/wp\/v2\/users\/1"}],"replies":[{"embeddable":true,"href":"https:\/\/cancerfertilityandme.org.uk\/fr\/wp-json\/wp\/v2\/comments?post=8011"}],"version-history":[{"count":2,"href":"https:\/\/cancerfertilityandme.org.uk\/fr\/wp-json\/wp\/v2\/pages\/8011\/revisions"}],"predecessor-version":[{"id":10183,"href":"https:\/\/cancerfertilityandme.org.uk\/fr\/wp-json\/wp\/v2\/pages\/8011\/revisions\/10183"}],"up":[{"embeddable":true,"href":"https:\/\/cancerfertilityandme.org.uk\/fr\/wp-json\/wp\/v2\/pages\/8023"}],"wp:attachment":[{"href":"https:\/\/cancerfertilityandme.org.uk\/fr\/wp-json\/wp\/v2\/media?parent=8011"}],"curies":[{"name":"wp","href":"https:\/\/api.w.org\/{rel}","templated":true}]}}