{"id":8009,"date":"2023-04-02T16:31:08","date_gmt":"2023-04-02T16:31:08","guid":{"rendered":"https:\/\/cancerfertilityandme.org.uk\/techniques-economes-en-fertilite-specifiques-a-certains-cancers\/"},"modified":"2026-02-03T12:20:02","modified_gmt":"2026-02-03T12:20:02","slug":"techniques-economes-en-fertilite-specifiques-a-certains-cancers","status":"publish","type":"page","link":"https:\/\/cancerfertilityandme.org.uk\/fr\/jeunes-femmes\/preservation-de-la-fertilite\/techniques-economes-en-fertilite-specifiques-a-certains-cancers\/","title":{"rendered":"Techniques \u00e9conomes en fertilit\u00e9 sp\u00e9cifiques \u00e0 certains cancers"},"content":{"rendered":"\t\t<div data-elementor-type=\"wp-page\" data-elementor-id=\"8009\" class=\"elementor elementor-8009 elementor-7759\" data-elementor-post-type=\"page\">\n\t\t\t\t<main class=\"elementor-element elementor-element-7ee869af e-flex e-con-boxed e-con e-parent\" data-id=\"7ee869af\" data-element_type=\"container\" data-e-type=\"container\">\n\t\t\t\t\t<div class=\"e-con-inner\">\n\t\t<div class=\"elementor-element elementor-element-4b7d4066 e-con-full e-flex e-con e-child\" data-id=\"4b7d4066\" data-element_type=\"container\" data-e-type=\"container\">\n\t\t\t\t<div class=\"elementor-element elementor-element-2e20a840 elementor-widget elementor-widget-text-editor\" data-id=\"2e20a840\" data-element_type=\"widget\" data-e-type=\"widget\" data-widget_type=\"text-editor.default\">\n\t\t\t\t<div class=\"elementor-widget-container\">\n\t\t\t\t\t\t\t\t\t<h2>Techniques \u00e9conomes en fertilit\u00e9 sp\u00e9cifiques \u00e0 certains cancers<\/h2><p><strong>Si vous avez re\u00e7u un diagnostic de cancer du col de l\u2019ut\u00e9rus ou si vous \u00eates trait\u00e9 par radioth\u00e9rapie du bassin, certains traitements de pr\u00e9servation de la fertilit\u00e9 peuvent vous convenir. L\u2019\u00e9quipe de soins anticanc\u00e9reux discute avec les jeunes femmes de la possibilit\u00e9 de recourir \u00e0 ces techniques de pr\u00e9servation de la fertilit\u00e9 dans le cadre de leur traitement anticanc\u00e9reux. <\/strong><\/p><p><strong>Trach\u00e9lectomie<\/strong><\/p><p>La trach\u00e9lectomie est une intervention chirurgicale pour enlever le cancer du col de l\u2019ut\u00e9rus. Le col de l\u2019ut\u00e9rus, la partie sup\u00e9rieure du vagin et les ganglions lymphatiques (dans le bassin) sont retir\u00e9s. L\u2019ut\u00e9rus est laiss\u00e9 en place. <\/p><p>Cela peut \u00eatre une option si vous avez re\u00e7u un diagnostic de cancer du col de l\u2019ut\u00e9rus \u00e0 un stade pr\u00e9coce. Les effets secondaires peuvent inclure des saignements, des infections et des caillots sanguins dans les veines (thrombose). Les effets secondaires chirurgicaux peuvent \u00eatre une plaie ou une perforation de l\u2019intestin ou de la vessie, ce qui peut entra\u00eener des probl\u00e8mes de vessie et de menstruation. Il s\u2019agit d\u2019une chirurgie ambulatoire qui n\u2019entra\u00eene aucun retard dans le traitement du cancer.   <\/p><p>Une trach\u00e9lectomie donne \u00e0 une jeune femme atteinte d\u2019un cancer du col de l\u2019ut\u00e9rus \u00e0 un stade pr\u00e9coce la possibilit\u00e9 d\u2019avoir un enfant apr\u00e8s le traitement anticanc\u00e9reux. Il existe un risque de fausse couche et d\u2019accouchement pr\u00e9matur\u00e9 pour les femmes enceintes qui ont eu un traitement par trach\u00e9lectomie. La femme devra accoucher par c\u00e9sarienne (section C). Des \u00e9tudes ont montr\u00e9 qu\u2019une trach\u00e9lectomie n\u2019affecte pas les risques de r\u00e9cidive du cancer.   <\/p><p><strong>Transposition ovarienne<\/strong><\/p><p>La transposition ovarienne est une intervention chirurgicale qui consiste \u00e0 \u00e9loigner les ovaires du champ de traitement de radioth\u00e9rapie. Cela peut \u00eatre une option si vous recevez un traitement de radioth\u00e9rapie du bassin. <\/p><p>Les effets secondaires peuvent inclure des blessures aux organes internes. Il s\u2019agit d\u2019une intervention chirurgicale ambulatoire qui n\u2019entra\u00eene aucun retard dans la prise en charge du cancer. La probabilit\u00e9 que la transposition ovarienne aide une femme \u00e0 avoir un enfant \u00e0 l\u2019issue des traitements contre le cancer n\u2019est pas connue. Des \u00e9tudes ont montr\u00e9 que cela n\u2019affecte pas le risque de r\u00e9cidive du cancer. Elle ne prot\u00e8ge pas les ovaires contre les effets de la chimioth\u00e9rapie.    <\/p><p><strong>Protection ovarienne<\/strong><\/p><p>La protection ovarienne fonctionne en prot\u00e9geant les ovaires pendant le traitement de radioth\u00e9rapie. Cela peut \u00eatre une option si vous recevez un traitement de radioth\u00e9rapie du bassin. Pendant votre radioth\u00e9rapie, une housse de protection est plac\u00e9e \u00e0 l\u2019ext\u00e9rieur du corps, sur la zone des ovaires  <\/p><p>Vous pourrez rentrer chez vous imm\u00e9diatement apr\u00e8s votre radioth\u00e9rapie. La protection ovarienne ne retarde pas le traitement du cancer. Bien que cela puisse vous \u00eatre propos\u00e9, les donn\u00e9es sugg\u00e8rent que cette option offre une mauvaise protection des ovaires pendant le traitement de radioth\u00e9rapie.  <\/p><p>Les risques d\u2019avoir un enfant \u00e0 l\u2019issue des traitements anticanc\u00e9reux ne sont pas connues. On ne sait pas encore si la protection ovarienne affecte les risques de d\u00e9veloppement ou de r\u00e9apparition des cancers. Elle ne prot\u00e8ge pas les ovaires contre les effets de la chimioth\u00e9rapie.  <\/p>\t\t\t\t\t\t\t\t<\/div>\n\t\t\t\t<\/div>\n\t\t\t\t<\/div>\n\t\t<div class=\"elementor-element elementor-element-621436b2 e-con-full e-flex e-con e-child\" data-id=\"621436b2\" data-element_type=\"container\" data-e-type=\"container\">\n\t\t<div class=\"elementor-element elementor-element-7f887a8d e-con-full e-flex e-con e-child\" data-id=\"7f887a8d\" data-element_type=\"container\" data-e-type=\"container\">\n\t\t\t\t<div class=\"elementor-element elementor-element-386f9261 elementor-widget elementor-widget-image\" data-id=\"386f9261\" data-element_type=\"widget\" data-e-type=\"widget\" data-widget_type=\"image.default\">\n\t\t\t\t<div class=\"elementor-widget-container\">\n\t\t\t\t\t\t\t\t\t\t\t\t\t\t\t\t<a href=\"http:\/\/.\/\">\n\t\t\t\t\t\t\t<img decoding=\"async\" width=\"200\" height=\"200\" src=\"https:\/\/cancerfertilityandme.org.uk\/wp-content\/uploads\/cancerfertilityandme-logo-header-young-women.png\" class=\"attachment-full size-full wp-image-328\" alt=\"\" srcset=\"https:\/\/cancerfertilityandme.org.uk\/wp-content\/uploads\/cancerfertilityandme-logo-header-young-women.png 200w, https:\/\/cancerfertilityandme.org.uk\/wp-content\/uploads\/cancerfertilityandme-logo-header-young-women-150x150.png 150w, https:\/\/cancerfertilityandme.org.uk\/wp-content\/uploads\/elementor\/thumbs\/cancerfertilityandme-logo-header-young-women-r4vfcv1ro149or8nkxzol3x986uodd6lq6no4gpb6w.png 100w\" sizes=\"(max-width: 200px) 100vw, 200px\" \/>\t\t\t\t\t\t\t\t<\/a>\n\t\t\t\t\t\t\t\t\t\t\t\t\t\t\t<\/div>\n\t\t\t\t<\/div>\n\t\t\t\t<\/div>\n\t\t<div class=\"elementor-element elementor-element-61a813ad e-con-full e-flex e-con e-child\" data-id=\"61a813ad\" data-element_type=\"container\" data-e-type=\"container\">\n\t\t\t\t<div class=\"elementor-element elementor-element-46390266 elementor-widget elementor-widget-heading\" data-id=\"46390266\" data-element_type=\"widget\" data-e-type=\"widget\" data-widget_type=\"heading.default\">\n\t\t\t\t<div class=\"elementor-widget-container\">\n\t\t\t\t\t<h3 class=\"elementor-heading-title elementor-size-default\">Suivez ces liens pour plus d\u2019informations<\/h3>\t\t\t\t<\/div>\n\t\t\t\t<\/div>\n\t\t\t\t<div class=\"elementor-element elementor-element-54ac4883 elementor-nav-menu--dropdown-none elementor-widget elementor-widget-nav-menu\" data-id=\"54ac4883\" data-element_type=\"widget\" data-e-type=\"widget\" data-settings=\"{&quot;layout&quot;:&quot;vertical&quot;,&quot;submenu_icon&quot;:{&quot;value&quot;:&quot;&lt;svg aria-hidden=\\&quot;true\\&quot; class=\\&quot;e-font-icon-svg e-fas-caret-down\\&quot; viewBox=\\&quot;0 0 320 512\\&quot; xmlns=\\&quot;http:\\\/\\\/www.w3.org\\\/2000\\\/svg\\&quot;&gt;&lt;path d=\\&quot;M31.3 192h257.3c17.8 0 26.7 21.5 14.1 34.1L174.1 354.8c-7.8 7.8-20.5 7.8-28.3 0L17.2 226.1C4.6 213.5 13.5 192 31.3 192z\\&quot;&gt;&lt;\\\/path&gt;&lt;\\\/svg&gt;&quot;,&quot;library&quot;:&quot;fa-solid&quot;}}\" data-widget_type=\"nav-menu.default\">\n\t\t\t\t<div class=\"elementor-widget-container\">\n\t\t\t\t\t\t\t\t<nav aria-label=\"Menu\" class=\"elementor-nav-menu--main elementor-nav-menu__container elementor-nav-menu--layout-vertical e--pointer-none\">\n\t\t\t\t<ul id=\"menu-1-54ac4883\" class=\"elementor-nav-menu sm-vertical\"><li class=\"menu-item menu-item-type-post_type menu-item-object-page menu-item-8511\"><a href=\"https:\/\/cancerfertilityandme.org.uk\/young-women\/fertility-preservation\/\" class=\"elementor-item\">Pr\u00e9servation de la fertilit\u00e9<\/a><\/li>\n<li class=\"menu-item menu-item-type-post_type menu-item-object-page menu-item-8514\"><a href=\"https:\/\/cancerfertilityandme.org.uk\/young-women\/fertility-preservation\/no-fertility-preservation\/\" class=\"elementor-item\">Aucune pr\u00e9servation de la fertilit\u00e9<\/a><\/li>\n<li class=\"menu-item menu-item-type-post_type menu-item-object-page menu-item-8512\"><a href=\"https:\/\/cancerfertilityandme.org.uk\/young-women\/fertility-preservation\/egg-freezing\/\" class=\"elementor-item\">Cong\u00e9lation des ovules<\/a><\/li>\n<li class=\"menu-item menu-item-type-post_type menu-item-object-page menu-item-8513\"><a href=\"https:\/\/cancerfertilityandme.org.uk\/young-women\/fertility-preservation\/embryo-freezing\/\" class=\"elementor-item\">Cong\u00e9lation d&#8217;embryons<\/a><\/li>\n<li class=\"menu-item menu-item-type-post_type menu-item-object-page menu-item-8518\"><a href=\"https:\/\/cancerfertilityandme.org.uk\/young-women\/fertility-preservation\/ovarian-tissue-freezing\/\" class=\"elementor-item\">Cong\u00e9lation du tissu ovarien<\/a><\/li>\n<li class=\"menu-item menu-item-type-post_type menu-item-object-page menu-item-8515\"><a href=\"https:\/\/cancerfertilityandme.org.uk\/young-women\/fertility-preservation\/ovarian-suppression\/\" class=\"elementor-item\">Suppression de la fonction ovarienne<\/a><\/li>\n<li class=\"menu-item menu-item-type-post_type menu-item-object-page menu-item-8519\"><a href=\"https:\/\/cancerfertilityandme.org.uk\/young-women\/fertility-preservation\/fertility-sparing-procedures\/\" class=\"elementor-item\">Techniques \u00e9conomes en fertilit\u00e9 sp\u00e9cifiques \u00e0 certains cancers<\/a><\/li>\n<li class=\"menu-item menu-item-type-post_type menu-item-object-page menu-item-8520\"><a href=\"https:\/\/cancerfertilityandme.org.uk\/young-women\/fertility-preservation\/financial-costs\/\" class=\"elementor-item\">Co\u00fbts financiers<\/a><\/li>\n<li class=\"menu-item menu-item-type-post_type menu-item-object-page menu-item-8521\"><a href=\"https:\/\/cancerfertilityandme.org.uk\/young-women\/fertility-preservation\/summary-of-options\/\" class=\"elementor-item\">R\u00e9sum\u00e9 des options<\/a><\/li>\n<li class=\"menu-item menu-item-type-post_type menu-item-object-page menu-item-8522\"><a href=\"https:\/\/cancerfertilityandme.org.uk\/young-women\/fertility-preservation\/questions-to-ask-about-fertility-preservation\/\" class=\"elementor-item\">Questions \u00e0 poser \u00e0 votre \u00e9quipe de canc\u00e9rologie et \u00e0 votre \u00e9quipe de soins de fertilit\u00e9<\/a><\/li>\n<\/ul>\t\t\t<\/nav>\n\t\t\t\t\t\t<nav class=\"elementor-nav-menu--dropdown elementor-nav-menu__container\" aria-hidden=\"true\">\n\t\t\t\t<ul id=\"menu-2-54ac4883\" class=\"elementor-nav-menu sm-vertical\"><li class=\"menu-item menu-item-type-post_type menu-item-object-page menu-item-8511\"><a href=\"https:\/\/cancerfertilityandme.org.uk\/young-women\/fertility-preservation\/\" class=\"elementor-item\" tabindex=\"-1\">Pr\u00e9servation de la fertilit\u00e9<\/a><\/li>\n<li class=\"menu-item menu-item-type-post_type menu-item-object-page menu-item-8514\"><a href=\"https:\/\/cancerfertilityandme.org.uk\/young-women\/fertility-preservation\/no-fertility-preservation\/\" class=\"elementor-item\" tabindex=\"-1\">Aucune pr\u00e9servation de la fertilit\u00e9<\/a><\/li>\n<li class=\"menu-item menu-item-type-post_type menu-item-object-page menu-item-8512\"><a href=\"https:\/\/cancerfertilityandme.org.uk\/young-women\/fertility-preservation\/egg-freezing\/\" class=\"elementor-item\" tabindex=\"-1\">Cong\u00e9lation des ovules<\/a><\/li>\n<li class=\"menu-item menu-item-type-post_type menu-item-object-page menu-item-8513\"><a href=\"https:\/\/cancerfertilityandme.org.uk\/young-women\/fertility-preservation\/embryo-freezing\/\" class=\"elementor-item\" tabindex=\"-1\">Cong\u00e9lation d&#8217;embryons<\/a><\/li>\n<li class=\"menu-item menu-item-type-post_type menu-item-object-page menu-item-8518\"><a href=\"https:\/\/cancerfertilityandme.org.uk\/young-women\/fertility-preservation\/ovarian-tissue-freezing\/\" class=\"elementor-item\" tabindex=\"-1\">Cong\u00e9lation du tissu ovarien<\/a><\/li>\n<li class=\"menu-item menu-item-type-post_type menu-item-object-page menu-item-8515\"><a href=\"https:\/\/cancerfertilityandme.org.uk\/young-women\/fertility-preservation\/ovarian-suppression\/\" class=\"elementor-item\" tabindex=\"-1\">Suppression de la fonction ovarienne<\/a><\/li>\n<li class=\"menu-item menu-item-type-post_type menu-item-object-page menu-item-8519\"><a href=\"https:\/\/cancerfertilityandme.org.uk\/young-women\/fertility-preservation\/fertility-sparing-procedures\/\" class=\"elementor-item\" tabindex=\"-1\">Techniques \u00e9conomes en fertilit\u00e9 sp\u00e9cifiques \u00e0 certains cancers<\/a><\/li>\n<li class=\"menu-item menu-item-type-post_type menu-item-object-page menu-item-8520\"><a href=\"https:\/\/cancerfertilityandme.org.uk\/young-women\/fertility-preservation\/financial-costs\/\" class=\"elementor-item\" tabindex=\"-1\">Co\u00fbts financiers<\/a><\/li>\n<li class=\"menu-item menu-item-type-post_type menu-item-object-page menu-item-8521\"><a href=\"https:\/\/cancerfertilityandme.org.uk\/young-women\/fertility-preservation\/summary-of-options\/\" class=\"elementor-item\" tabindex=\"-1\">R\u00e9sum\u00e9 des options<\/a><\/li>\n<li class=\"menu-item menu-item-type-post_type menu-item-object-page menu-item-8522\"><a href=\"https:\/\/cancerfertilityandme.org.uk\/young-women\/fertility-preservation\/questions-to-ask-about-fertility-preservation\/\" class=\"elementor-item\" tabindex=\"-1\">Questions \u00e0 poser \u00e0 votre \u00e9quipe de canc\u00e9rologie et \u00e0 votre \u00e9quipe de soins de fertilit\u00e9<\/a><\/li>\n<\/ul>\t\t\t<\/nav>\n\t\t\t\t\t\t<\/div>\n\t\t\t\t<\/div>\n\t\t\t\t<\/div>\n\t\t\t\t<\/div>\n\t\t\t\t\t<\/div>\n\t\t\t\t<\/main>\n\t\t\t\t<\/div>\n\t\t","protected":false},"excerpt":{"rendered":"<p>Techniques \u00e9conomes en fertilit\u00e9 sp\u00e9cifiques \u00e0 certains cancers Si vous avez re\u00e7u un diagnostic de cancer du col de l\u2019ut\u00e9rus ou si vous \u00eates trait\u00e9 par radioth\u00e9rapie du bassin, certains traitements de pr\u00e9servation de la fertilit\u00e9 peuvent vous convenir. L\u2019\u00e9quipe de soins anticanc\u00e9reux discute avec les jeunes femmes de la possibilit\u00e9 de recourir \u00e0 ces [&hellip;]<\/p>\n","protected":false},"author":1,"featured_media":0,"parent":8023,"menu_order":0,"comment_status":"open","ping_status":"closed","template":"","meta":{"footnotes":""},"class_list":["post-8009","page","type-page","status-publish","hentry"],"_links":{"self":[{"href":"https:\/\/cancerfertilityandme.org.uk\/fr\/wp-json\/wp\/v2\/pages\/8009","targetHints":{"allow":["GET"]}}],"collection":[{"href":"https:\/\/cancerfertilityandme.org.uk\/fr\/wp-json\/wp\/v2\/pages"}],"about":[{"href":"https:\/\/cancerfertilityandme.org.uk\/fr\/wp-json\/wp\/v2\/types\/page"}],"author":[{"embeddable":true,"href":"https:\/\/cancerfertilityandme.org.uk\/fr\/wp-json\/wp\/v2\/users\/1"}],"replies":[{"embeddable":true,"href":"https:\/\/cancerfertilityandme.org.uk\/fr\/wp-json\/wp\/v2\/comments?post=8009"}],"version-history":[{"count":2,"href":"https:\/\/cancerfertilityandme.org.uk\/fr\/wp-json\/wp\/v2\/pages\/8009\/revisions"}],"predecessor-version":[{"id":10138,"href":"https:\/\/cancerfertilityandme.org.uk\/fr\/wp-json\/wp\/v2\/pages\/8009\/revisions\/10138"}],"up":[{"embeddable":true,"href":"https:\/\/cancerfertilityandme.org.uk\/fr\/wp-json\/wp\/v2\/pages\/8023"}],"wp:attachment":[{"href":"https:\/\/cancerfertilityandme.org.uk\/fr\/wp-json\/wp\/v2\/media?parent=8009"}],"curies":[{"name":"wp","href":"https:\/\/api.w.org\/{rel}","templated":true}]}}