{"id":8007,"date":"2023-04-02T16:29:50","date_gmt":"2023-04-02T16:29:50","guid":{"rendered":"https:\/\/cancerfertilityandme.org.uk\/suppression-de-la-fonction-ovarienne\/"},"modified":"2026-02-03T14:36:32","modified_gmt":"2026-02-03T14:36:32","slug":"suppression-de-la-fonction-ovarienne","status":"publish","type":"page","link":"https:\/\/cancerfertilityandme.org.uk\/fr\/jeunes-femmes\/preservation-de-la-fertilite\/suppression-de-la-fonction-ovarienne\/","title":{"rendered":"Suppression de la fonction ovarienne"},"content":{"rendered":"\t\t<div data-elementor-type=\"wp-page\" data-elementor-id=\"8007\" class=\"elementor elementor-8007 elementor-7757\" data-elementor-post-type=\"page\">\n\t\t\t\t<main class=\"elementor-element elementor-element-58c8f52 e-flex e-con-boxed e-con e-parent\" data-id=\"58c8f52\" data-element_type=\"container\" data-e-type=\"container\">\n\t\t\t\t\t<div class=\"e-con-inner\">\n\t\t<div class=\"elementor-element elementor-element-35db8872 e-con-full e-flex e-con e-child\" data-id=\"35db8872\" data-element_type=\"container\" data-e-type=\"container\">\n\t\t\t\t<div class=\"elementor-element elementor-element-52a4701f elementor-widget elementor-widget-text-editor\" data-id=\"52a4701f\" data-element_type=\"widget\" data-e-type=\"widget\" data-widget_type=\"text-editor.default\">\n\t\t\t\t<div class=\"elementor-widget-container\">\n\t\t\t\t\t\t\t\t\t<h2>Suppression de la fonction ovarienne<\/h2><p><strong>Il s\u2019agit d\u2019une option pour prot\u00e9ger les ovaires pendant le traitement du cancer. C\u2019est un traitement hormonale sous forme d\u2019injections. Il agit en \u00ab coupant \u00bb temporairement les \u0153strog\u00e8nes fabriqu\u00e9s par les ovaires. La suppression ovarienne peut \u00eatre utilis\u00e9e avant ou pendant la chimioth\u00e9rapie. Il n\u2019est pas certain que cette option augmente les chances d\u2019avoir un b\u00e9b\u00e9 \u00e0 l\u2019issue des traitements anticanc\u00e9reux.   <\/strong><\/p><p><strong>Pour qui est-ce ?<\/strong><\/p><p>Les femmes pub\u00e8res qui souhaitent pr\u00e9server leur fertilit\u00e9 et qui sont en cours de chimioth\u00e9rapie.<\/p><p><strong>Quelles sont les implications ?<\/strong><\/p><p>Vous aurez besoin d\u2019injections mensuelles qui arr\u00eatent les hormones qui stimulent vos ovaires. Un traitement par analogue de la GnRH peut vous \u00eatre propos\u00e9. Il s\u2019agit d\u2019un traitement hormonal qui peut aider \u00e0 pr\u00e9server votre fertilit\u00e9. <\/p><p><strong>Quelles sont les chances d\u2019avoir un b\u00e9b\u00e9 apr\u00e8s une suppression de la fonction ovarienne ?<\/strong><\/p><p>Les chances d\u2019avoir un b\u00e9b\u00e9 \u00e0 l\u2019avenir d\u00e9pendent de la fa\u00e7on dont vos ovaires ont \u00e9t\u00e9 affect\u00e9s par votre traitement anticanc\u00e9reux.<\/p><p>La protection des ovaires contre la chimioth\u00e9rapie n\u2019est prouv\u00e9e que pour les femmes atteintes d\u2019un cancer du sein. Le traitement peut ne pas \u00eatre efficace pour les femmes atteintes d\u2019autres cancers. Il est difficile de pr\u00e9voir dans quelle mesure il augmente les risques d\u2019avoir un b\u00e9b\u00e9 apr\u00e8s le traitement et il est possible que ce traitement soit moins efficace que les techniques de cong\u00e9lation, donc lorsque celles-ci sont possibles et que votre future fertilit\u00e9 est importante pour vous, il est pr\u00e9f\u00e9rable d\u2019opter pour les techniques de cong\u00e9lation.  <\/p><p><strong>Cette option affectera-t-elle la sant\u00e9 du b\u00e9b\u00e9 ?<\/strong><\/p><p>Non, la sant\u00e9 du b\u00e9b\u00e9 (\u00e0 l\u2019avenir) ne sera pas affect\u00e9e . Le traitement utilis\u00e9 pour la suppression ovarienne a-t-il des effets secondaires ? Y a-t-il des effets secondaires du traitement utilis\u00e9 dans la suppression de la fonction ovarienne ?<\/p><p>Cette option signifie arr\u00eater le fonctionnement des ovaires pendant une courte p\u00e9riode. Cela peut provoquer des effets secondaires semblables \u00e0 la m\u00e9nopause, tels que bouff\u00e9es de chaleur, changements d\u2019humeur, difficult\u00e9s \u00e0 dormir et s\u00e9cheresse vaginale. <\/p><p>Ces sympt\u00f4mes sont temporaires car la suppression de la fonction ovarienne ne provoque pas de m\u00e9nopause d\u00e9finitive.<\/p><p><strong>Cette option retardera-t-elle le d\u00e9but de mon traitement anticanc\u00e9reux ?<\/strong><\/p><p>Les injections d\u2019hormones sont g\u00e9n\u00e9ralement administr\u00e9es une fois par mois et commencent environ 2 semaines avant le traitement anticanc\u00e9reux. Une fois le traitement anticanc\u00e9reux commenc\u00e9, les injections sont administr\u00e9es chaque mois pendant toute la dur\u00e9e de la chimioth\u00e9rapie. <\/p><p><strong>Cette option affectera-t-elle mes risques de r\u00e9cidive du cancer?<\/strong><\/p><p>Des \u00e9tudes ont montr\u00e9 que la suppression de la fonction ovarienne n\u2019affecte pas le risque de r\u00e9cidive du cancer.<br><\/p>\t\t\t\t\t\t\t\t<\/div>\n\t\t\t\t<\/div>\n\t\t\t\t<\/div>\n\t\t<div class=\"elementor-element elementor-element-7703da27 e-con-full e-flex e-con e-child\" data-id=\"7703da27\" data-element_type=\"container\" data-e-type=\"container\">\n\t\t<div class=\"elementor-element elementor-element-7f5bdb7d e-con-full e-flex e-con e-child\" data-id=\"7f5bdb7d\" data-element_type=\"container\" data-e-type=\"container\">\n\t\t\t\t<div class=\"elementor-element elementor-element-4fb1f8c8 elementor-widget elementor-widget-image\" data-id=\"4fb1f8c8\" data-element_type=\"widget\" data-e-type=\"widget\" data-widget_type=\"image.default\">\n\t\t\t\t<div class=\"elementor-widget-container\">\n\t\t\t\t\t\t\t\t\t\t\t\t\t\t\t\t<a href=\"http:\/\/.\/\">\n\t\t\t\t\t\t\t<img decoding=\"async\" width=\"200\" height=\"200\" src=\"https:\/\/cancerfertilityandme.org.uk\/wp-content\/uploads\/cancerfertilityandme-logo-header-young-women.png\" class=\"attachment-full size-full wp-image-328\" alt=\"\" srcset=\"https:\/\/cancerfertilityandme.org.uk\/wp-content\/uploads\/cancerfertilityandme-logo-header-young-women.png 200w, https:\/\/cancerfertilityandme.org.uk\/wp-content\/uploads\/cancerfertilityandme-logo-header-young-women-150x150.png 150w, https:\/\/cancerfertilityandme.org.uk\/wp-content\/uploads\/elementor\/thumbs\/cancerfertilityandme-logo-header-young-women-r4vfcv1ro149or8nkxzol3x986uodd6lq6no4gpb6w.png 100w\" sizes=\"(max-width: 200px) 100vw, 200px\" \/>\t\t\t\t\t\t\t\t<\/a>\n\t\t\t\t\t\t\t\t\t\t\t\t\t\t\t<\/div>\n\t\t\t\t<\/div>\n\t\t\t\t<\/div>\n\t\t<div class=\"elementor-element elementor-element-55d17a4e e-con-full e-flex e-con e-child\" data-id=\"55d17a4e\" data-element_type=\"container\" data-e-type=\"container\">\n\t\t\t\t<div class=\"elementor-element elementor-element-9132204 elementor-widget elementor-widget-heading\" data-id=\"9132204\" data-element_type=\"widget\" data-e-type=\"widget\" data-widget_type=\"heading.default\">\n\t\t\t\t<div class=\"elementor-widget-container\">\n\t\t\t\t\t<h3 class=\"elementor-heading-title elementor-size-default\">Suivez ces liens pour plus d\u2019informations<\/h3>\t\t\t\t<\/div>\n\t\t\t\t<\/div>\n\t\t\t\t<div class=\"elementor-element elementor-element-dd424a5 elementor-nav-menu--dropdown-none elementor-widget elementor-widget-nav-menu\" data-id=\"dd424a5\" data-element_type=\"widget\" data-e-type=\"widget\" data-settings=\"{&quot;layout&quot;:&quot;vertical&quot;,&quot;submenu_icon&quot;:{&quot;value&quot;:&quot;&lt;svg aria-hidden=\\&quot;true\\&quot; class=\\&quot;e-font-icon-svg e-fas-caret-down\\&quot; viewBox=\\&quot;0 0 320 512\\&quot; xmlns=\\&quot;http:\\\/\\\/www.w3.org\\\/2000\\\/svg\\&quot;&gt;&lt;path d=\\&quot;M31.3 192h257.3c17.8 0 26.7 21.5 14.1 34.1L174.1 354.8c-7.8 7.8-20.5 7.8-28.3 0L17.2 226.1C4.6 213.5 13.5 192 31.3 192z\\&quot;&gt;&lt;\\\/path&gt;&lt;\\\/svg&gt;&quot;,&quot;library&quot;:&quot;fa-solid&quot;}}\" data-widget_type=\"nav-menu.default\">\n\t\t\t\t<div class=\"elementor-widget-container\">\n\t\t\t\t\t\t\t\t<nav aria-label=\"Menu\" class=\"elementor-nav-menu--main elementor-nav-menu__container elementor-nav-menu--layout-vertical e--pointer-none\">\n\t\t\t\t<ul id=\"menu-1-dd424a5\" class=\"elementor-nav-menu sm-vertical\"><li class=\"menu-item menu-item-type-post_type menu-item-object-page menu-item-8511\"><a href=\"https:\/\/cancerfertilityandme.org.uk\/young-women\/fertility-preservation\/\" class=\"elementor-item\">Pr\u00e9servation de la fertilit\u00e9<\/a><\/li>\n<li class=\"menu-item menu-item-type-post_type menu-item-object-page menu-item-8514\"><a href=\"https:\/\/cancerfertilityandme.org.uk\/young-women\/fertility-preservation\/no-fertility-preservation\/\" class=\"elementor-item\">Aucune pr\u00e9servation de la fertilit\u00e9<\/a><\/li>\n<li class=\"menu-item menu-item-type-post_type menu-item-object-page menu-item-8512\"><a href=\"https:\/\/cancerfertilityandme.org.uk\/young-women\/fertility-preservation\/egg-freezing\/\" class=\"elementor-item\">Cong\u00e9lation des ovules<\/a><\/li>\n<li class=\"menu-item menu-item-type-post_type menu-item-object-page menu-item-8513\"><a href=\"https:\/\/cancerfertilityandme.org.uk\/young-women\/fertility-preservation\/embryo-freezing\/\" class=\"elementor-item\">Cong\u00e9lation d&#8217;embryons<\/a><\/li>\n<li class=\"menu-item menu-item-type-post_type menu-item-object-page menu-item-8518\"><a href=\"https:\/\/cancerfertilityandme.org.uk\/young-women\/fertility-preservation\/ovarian-tissue-freezing\/\" class=\"elementor-item\">Cong\u00e9lation du tissu ovarien<\/a><\/li>\n<li class=\"menu-item menu-item-type-post_type menu-item-object-page menu-item-8515\"><a href=\"https:\/\/cancerfertilityandme.org.uk\/young-women\/fertility-preservation\/ovarian-suppression\/\" class=\"elementor-item\">Suppression de la fonction ovarienne<\/a><\/li>\n<li class=\"menu-item menu-item-type-post_type menu-item-object-page menu-item-8519\"><a href=\"https:\/\/cancerfertilityandme.org.uk\/young-women\/fertility-preservation\/fertility-sparing-procedures\/\" class=\"elementor-item\">Techniques \u00e9conomes en fertilit\u00e9 sp\u00e9cifiques \u00e0 certains cancers<\/a><\/li>\n<li class=\"menu-item menu-item-type-post_type menu-item-object-page menu-item-8520\"><a href=\"https:\/\/cancerfertilityandme.org.uk\/young-women\/fertility-preservation\/financial-costs\/\" class=\"elementor-item\">Co\u00fbts financiers<\/a><\/li>\n<li class=\"menu-item menu-item-type-post_type menu-item-object-page menu-item-8521\"><a href=\"https:\/\/cancerfertilityandme.org.uk\/young-women\/fertility-preservation\/summary-of-options\/\" class=\"elementor-item\">R\u00e9sum\u00e9 des options<\/a><\/li>\n<li class=\"menu-item menu-item-type-post_type menu-item-object-page menu-item-8522\"><a href=\"https:\/\/cancerfertilityandme.org.uk\/young-women\/fertility-preservation\/questions-to-ask-about-fertility-preservation\/\" class=\"elementor-item\">Questions \u00e0 poser \u00e0 votre \u00e9quipe de canc\u00e9rologie et \u00e0 votre \u00e9quipe de soins de fertilit\u00e9<\/a><\/li>\n<\/ul>\t\t\t<\/nav>\n\t\t\t\t\t\t<nav class=\"elementor-nav-menu--dropdown elementor-nav-menu__container\" aria-hidden=\"true\">\n\t\t\t\t<ul id=\"menu-2-dd424a5\" class=\"elementor-nav-menu sm-vertical\"><li class=\"menu-item menu-item-type-post_type menu-item-object-page menu-item-8511\"><a href=\"https:\/\/cancerfertilityandme.org.uk\/young-women\/fertility-preservation\/\" class=\"elementor-item\" tabindex=\"-1\">Pr\u00e9servation de la fertilit\u00e9<\/a><\/li>\n<li class=\"menu-item menu-item-type-post_type menu-item-object-page menu-item-8514\"><a href=\"https:\/\/cancerfertilityandme.org.uk\/young-women\/fertility-preservation\/no-fertility-preservation\/\" class=\"elementor-item\" tabindex=\"-1\">Aucune pr\u00e9servation de la fertilit\u00e9<\/a><\/li>\n<li class=\"menu-item menu-item-type-post_type menu-item-object-page menu-item-8512\"><a href=\"https:\/\/cancerfertilityandme.org.uk\/young-women\/fertility-preservation\/egg-freezing\/\" class=\"elementor-item\" tabindex=\"-1\">Cong\u00e9lation des ovules<\/a><\/li>\n<li class=\"menu-item menu-item-type-post_type menu-item-object-page menu-item-8513\"><a href=\"https:\/\/cancerfertilityandme.org.uk\/young-women\/fertility-preservation\/embryo-freezing\/\" class=\"elementor-item\" tabindex=\"-1\">Cong\u00e9lation d&#8217;embryons<\/a><\/li>\n<li class=\"menu-item menu-item-type-post_type menu-item-object-page menu-item-8518\"><a href=\"https:\/\/cancerfertilityandme.org.uk\/young-women\/fertility-preservation\/ovarian-tissue-freezing\/\" class=\"elementor-item\" tabindex=\"-1\">Cong\u00e9lation du tissu ovarien<\/a><\/li>\n<li class=\"menu-item menu-item-type-post_type menu-item-object-page menu-item-8515\"><a href=\"https:\/\/cancerfertilityandme.org.uk\/young-women\/fertility-preservation\/ovarian-suppression\/\" class=\"elementor-item\" tabindex=\"-1\">Suppression de la fonction ovarienne<\/a><\/li>\n<li class=\"menu-item menu-item-type-post_type menu-item-object-page menu-item-8519\"><a href=\"https:\/\/cancerfertilityandme.org.uk\/young-women\/fertility-preservation\/fertility-sparing-procedures\/\" class=\"elementor-item\" tabindex=\"-1\">Techniques \u00e9conomes en fertilit\u00e9 sp\u00e9cifiques \u00e0 certains cancers<\/a><\/li>\n<li class=\"menu-item menu-item-type-post_type menu-item-object-page menu-item-8520\"><a href=\"https:\/\/cancerfertilityandme.org.uk\/young-women\/fertility-preservation\/financial-costs\/\" class=\"elementor-item\" tabindex=\"-1\">Co\u00fbts financiers<\/a><\/li>\n<li class=\"menu-item menu-item-type-post_type menu-item-object-page menu-item-8521\"><a href=\"https:\/\/cancerfertilityandme.org.uk\/young-women\/fertility-preservation\/summary-of-options\/\" class=\"elementor-item\" tabindex=\"-1\">R\u00e9sum\u00e9 des options<\/a><\/li>\n<li class=\"menu-item menu-item-type-post_type menu-item-object-page menu-item-8522\"><a href=\"https:\/\/cancerfertilityandme.org.uk\/young-women\/fertility-preservation\/questions-to-ask-about-fertility-preservation\/\" class=\"elementor-item\" tabindex=\"-1\">Questions \u00e0 poser \u00e0 votre \u00e9quipe de canc\u00e9rologie et \u00e0 votre \u00e9quipe de soins de fertilit\u00e9<\/a><\/li>\n<\/ul>\t\t\t<\/nav>\n\t\t\t\t\t\t<\/div>\n\t\t\t\t<\/div>\n\t\t\t\t<\/div>\n\t\t\t\t<\/div>\n\t\t\t\t\t<\/div>\n\t\t\t\t<\/main>\n\t\t\t\t<\/div>\n\t\t","protected":false},"excerpt":{"rendered":"<p>Suppression de la fonction ovarienne Il s\u2019agit d\u2019une option pour prot\u00e9ger les ovaires pendant le traitement du cancer. C\u2019est un traitement hormonale sous forme d\u2019injections. Il agit en \u00ab coupant \u00bb temporairement les \u0153strog\u00e8nes fabriqu\u00e9s par les ovaires. La suppression ovarienne peut \u00eatre utilis\u00e9e avant ou pendant la chimioth\u00e9rapie. Il n\u2019est pas certain que cette [&hellip;]<\/p>\n","protected":false},"author":1,"featured_media":0,"parent":8023,"menu_order":0,"comment_status":"open","ping_status":"closed","template":"","meta":{"footnotes":""},"class_list":["post-8007","page","type-page","status-publish","hentry"],"_links":{"self":[{"href":"https:\/\/cancerfertilityandme.org.uk\/fr\/wp-json\/wp\/v2\/pages\/8007","targetHints":{"allow":["GET"]}}],"collection":[{"href":"https:\/\/cancerfertilityandme.org.uk\/fr\/wp-json\/wp\/v2\/pages"}],"about":[{"href":"https:\/\/cancerfertilityandme.org.uk\/fr\/wp-json\/wp\/v2\/types\/page"}],"author":[{"embeddable":true,"href":"https:\/\/cancerfertilityandme.org.uk\/fr\/wp-json\/wp\/v2\/users\/1"}],"replies":[{"embeddable":true,"href":"https:\/\/cancerfertilityandme.org.uk\/fr\/wp-json\/wp\/v2\/comments?post=8007"}],"version-history":[{"count":2,"href":"https:\/\/cancerfertilityandme.org.uk\/fr\/wp-json\/wp\/v2\/pages\/8007\/revisions"}],"predecessor-version":[{"id":10159,"href":"https:\/\/cancerfertilityandme.org.uk\/fr\/wp-json\/wp\/v2\/pages\/8007\/revisions\/10159"}],"up":[{"embeddable":true,"href":"https:\/\/cancerfertilityandme.org.uk\/fr\/wp-json\/wp\/v2\/pages\/8023"}],"wp:attachment":[{"href":"https:\/\/cancerfertilityandme.org.uk\/fr\/wp-json\/wp\/v2\/media?parent=8007"}],"curies":[{"name":"wp","href":"https:\/\/api.w.org\/{rel}","templated":true}]}}