{"id":8005,"date":"2023-04-02T16:28:37","date_gmt":"2023-04-02T16:28:37","guid":{"rendered":"https:\/\/cancerfertilityandme.org.uk\/congelation-du-tissu-ovarien\/"},"modified":"2026-02-03T15:05:55","modified_gmt":"2026-02-03T15:05:55","slug":"congelation-du-tissu-ovarien","status":"publish","type":"page","link":"https:\/\/cancerfertilityandme.org.uk\/fr\/jeunes-femmes\/preservation-de-la-fertilite\/congelation-du-tissu-ovarien\/","title":{"rendered":"Cong\u00e9lation du tissu ovarien"},"content":{"rendered":"\t\t<div data-elementor-type=\"wp-page\" data-elementor-id=\"8005\" class=\"elementor elementor-8005 elementor-7755\" data-elementor-post-type=\"page\">\n\t\t\t\t<main class=\"elementor-element elementor-element-2c043234 e-flex e-con-boxed e-con e-parent\" data-id=\"2c043234\" data-element_type=\"container\" data-e-type=\"container\">\n\t\t\t\t\t<div class=\"e-con-inner\">\n\t\t<div class=\"elementor-element elementor-element-7e729515 e-con-full e-flex e-con e-child\" data-id=\"7e729515\" data-element_type=\"container\" data-e-type=\"container\">\n\t\t\t\t<div class=\"elementor-element elementor-element-74f6a54a elementor-widget elementor-widget-text-editor\" data-id=\"74f6a54a\" data-element_type=\"widget\" data-e-type=\"widget\" data-widget_type=\"text-editor.default\">\n\t\t\t\t<div class=\"elementor-widget-container\">\n\t\t\t\t\t\t\t\t\t<h2>Cong\u00e9lation du tissu ovarien<\/h2><p><strong>Le tissu ovarien contenant un grand nombre d\u2019ovules immatures est pr\u00e9lev\u00e9 et congel\u00e9. Apr\u00e8s le traitement anticanc\u00e9reux, le tissu peut ensuite \u00eatre r\u00e9introduit dans le corps pour permettre aux ovules de se d\u00e9velopper. Il s\u2019agit d\u2019une m\u00e9thode plus r\u00e9cente de pr\u00e9servation de la fertilit\u00e9 qui n\u2019est pas encore disponible dans toutes les cliniques de fertilit\u00e9. Elle peut \u00eatre utilis\u00e9e imm\u00e9diatement avant et pendant la chimioth\u00e9rapie.  <\/strong><\/p><p><strong>Pour qui est-ce ?<\/strong><\/p><p>Les jeunes femmes qui souhaitent pr\u00e9server leur fertilit\u00e9 et qui:<\/p><ul><li>Vous n\u2019avez pas le temps de congeler des ovules ou des embryons<\/li><li>Ne peuvent pas utiliser d\u2019hormones.<\/li><\/ul><p>Une fois le tissu ovarien greff\u00e9, il peut restaurer votre production et vos cycles ovariens, et peut vous permettre de tomber enceinte naturellement.<\/p><p>Cette m\u00e9thode convient \u00e9galement aux filles qui n\u2019ont pas atteint la pubert\u00e9. Avant que le tissu ne soit remplac\u00e9, il devra \u00eatre soigneusement examin\u00e9 pour s\u2019assurer qu\u2019il ne contient pas de cellules du cancer d\u2019origine. Une attention particuli\u00e8re est requise chez les femmes atteintes d\u2019un cancer du sang tel que la leuc\u00e9mie a cause du risque de remettre des cellules canc\u00e9reuses dans le corps avec le tissu ovarien congel\u00e9.  <\/p><p><strong>Quelles sont les implications ?<\/strong><\/p><p>Vous devrez subir une intervention chirurgicale peu invasive sous anesth\u00e9sie g\u00e9n\u00e9rale. Un ovaire ou une partie de l\u2019ovaire sera retir\u00e9 afin que la couche externe (le cortex) qui contient les ovules immatures puisse \u00eatre congel\u00e9e. Les femmes peuvent rentrer chez elles le jour m\u00eame.  <\/p><p>\u00c9tant donn\u00e9 que la cong\u00e9lation du tissu ovarien n\u2019implique que la femme, il n\u2019est pas n\u00e9cessaire que votre partenaire ou vos parents consentent \u00e0 l\u2019utilisation ult\u00e9rieur du tissu ovarien congel\u00e9 ult\u00e9rieurement. Le tissu ovarien congel\u00e9 peut \u00eatre conserv\u00e9 pendant 55 ans au maximum. <\/p><p><strong>Quelles sont les risques d\u2019avoir un b\u00e9b\u00e9 apr\u00e8s la cong\u00e9lation du tissu ovarien ?<\/strong><\/p><p>Il est difficile de d\u00e9terminer avec certitude la probabilit\u00e9 que la cong\u00e9lation des ovules entra\u00eene une naissance vivante.<\/p><p>Comme il s\u2019agit d\u2019un traitement r\u00e9cent, le nombre de patientes atteintes d\u2019un cancer qui ont utilis\u00e9 leurs tissus congel\u00e9s pour avoir un enfant est faible. Cependant, les donn\u00e9es montrent que la cong\u00e9lation des tissus ovariens donne \u00e0 une jeune femme 25 chances sur 100 (25 %) d\u2019avoir un b\u00e9b\u00e9. Pour plus d\u2019informations sur les taux de r\u00e9ussite moyens nationaux et le nombre de naissances vivantes r\u00e9ussies pour chaque clinique de fertilit\u00e9 agr\u00e9e, visitez le site Web <a href=\"https:\/\/www.hfea.gov.uk\/\" target=\"_blank\" rel=\"noopener\">www.hfea.gov.uk<\/a>. The HFEA do not regulate tissue storage and have no information on tissue storage on their website.   <\/p><p><strong>Cette option affectera-t-elle la sant\u00e9 du b\u00e9b\u00e9 ?<\/strong><\/p><p>Non, les donn\u00e9es sugg\u00e8rent que la sant\u00e9 d\u2019un b\u00e9b\u00e9 n\u00e9 avec du tissu ovarien congel\u00e9 ne sera pas affect\u00e9e.<\/p><p><strong>Y a-t-il des effets secondaires du traitement utilis\u00e9 dans la cong\u00e9lation du tissu ovarien ?<\/strong><\/p><p>Il peut y avoir un risque de saignement et d\u2019infection et de plaie et\/ou perforation de la vessie et\/ou de l\u2019intestin pendant la chirurgie.<\/p><p><strong>Cette option retardera-t-elle le d\u00e9but de mon traitement anticanc\u00e9reux ?<\/strong><\/p><p>L\u2019intervention se d\u00e9roule g\u00e9n\u00e9ralement en ambulatoire, donc dans la journ\u00e9e (sans nuit\u00e9e \u00e0 l\u2019h\u00f4pital) et n\u2019entra\u00eene aucun retard dans le des traitements anticanc\u00e9reux. However, in some cases it can take up to a few days. <\/p><p><strong>Cette option affectera-t-elle mes chances que mon cancer revienne ?<\/strong><\/p><p>Dans certains types de cancer, comme la leuc\u00e9mie, le tissu ovarien pourrait \u00eatre contamin\u00e9 par des cellules canc\u00e9reuses. Il n\u2019y a aucun cas de cancer r\u00e9apparaissant par suite de l\u2019utilisation de tissu ovarien. <\/p>\t\t\t\t\t\t\t\t<\/div>\n\t\t\t\t<\/div>\n\t\t\t\t<\/div>\n\t\t<div class=\"elementor-element elementor-element-1a0e4f9d e-con-full e-flex e-con e-child\" data-id=\"1a0e4f9d\" data-element_type=\"container\" data-e-type=\"container\">\n\t\t<div class=\"elementor-element elementor-element-2781ca4d e-con-full e-flex e-con e-child\" data-id=\"2781ca4d\" data-element_type=\"container\" data-e-type=\"container\">\n\t\t\t\t<div class=\"elementor-element elementor-element-4aaae53f elementor-widget elementor-widget-image\" data-id=\"4aaae53f\" data-element_type=\"widget\" data-e-type=\"widget\" data-widget_type=\"image.default\">\n\t\t\t\t<div class=\"elementor-widget-container\">\n\t\t\t\t\t\t\t\t\t\t\t\t\t\t\t\t<a href=\"http:\/\/.\/\">\n\t\t\t\t\t\t\t<img decoding=\"async\" width=\"200\" height=\"200\" src=\"https:\/\/cancerfertilityandme.org.uk\/wp-content\/uploads\/cancerfertilityandme-logo-header-young-women.png\" class=\"attachment-full size-full wp-image-328\" alt=\"\" srcset=\"https:\/\/cancerfertilityandme.org.uk\/wp-content\/uploads\/cancerfertilityandme-logo-header-young-women.png 200w, https:\/\/cancerfertilityandme.org.uk\/wp-content\/uploads\/cancerfertilityandme-logo-header-young-women-150x150.png 150w, https:\/\/cancerfertilityandme.org.uk\/wp-content\/uploads\/elementor\/thumbs\/cancerfertilityandme-logo-header-young-women-r4vfcv1ro149or8nkxzol3x986uodd6lq6no4gpb6w.png 100w\" sizes=\"(max-width: 200px) 100vw, 200px\" \/>\t\t\t\t\t\t\t\t<\/a>\n\t\t\t\t\t\t\t\t\t\t\t\t\t\t\t<\/div>\n\t\t\t\t<\/div>\n\t\t\t\t<\/div>\n\t\t<div class=\"elementor-element elementor-element-3c3efc5 e-con-full e-flex e-con e-child\" data-id=\"3c3efc5\" data-element_type=\"container\" data-e-type=\"container\">\n\t\t\t\t<div class=\"elementor-element elementor-element-3a9941c elementor-widget elementor-widget-heading\" data-id=\"3a9941c\" data-element_type=\"widget\" data-e-type=\"widget\" data-widget_type=\"heading.default\">\n\t\t\t\t<div class=\"elementor-widget-container\">\n\t\t\t\t\t<h3 class=\"elementor-heading-title elementor-size-default\">Suivez ces liens pour plus d\u2019informations<\/h3>\t\t\t\t<\/div>\n\t\t\t\t<\/div>\n\t\t\t\t<div class=\"elementor-element elementor-element-6812e43a elementor-nav-menu--dropdown-none elementor-widget elementor-widget-nav-menu\" data-id=\"6812e43a\" data-element_type=\"widget\" data-e-type=\"widget\" data-settings=\"{&quot;layout&quot;:&quot;vertical&quot;,&quot;submenu_icon&quot;:{&quot;value&quot;:&quot;&lt;svg aria-hidden=\\&quot;true\\&quot; class=\\&quot;e-font-icon-svg e-fas-caret-down\\&quot; viewBox=\\&quot;0 0 320 512\\&quot; xmlns=\\&quot;http:\\\/\\\/www.w3.org\\\/2000\\\/svg\\&quot;&gt;&lt;path d=\\&quot;M31.3 192h257.3c17.8 0 26.7 21.5 14.1 34.1L174.1 354.8c-7.8 7.8-20.5 7.8-28.3 0L17.2 226.1C4.6 213.5 13.5 192 31.3 192z\\&quot;&gt;&lt;\\\/path&gt;&lt;\\\/svg&gt;&quot;,&quot;library&quot;:&quot;fa-solid&quot;}}\" data-widget_type=\"nav-menu.default\">\n\t\t\t\t<div class=\"elementor-widget-container\">\n\t\t\t\t\t\t\t\t<nav aria-label=\"Menu\" class=\"elementor-nav-menu--main elementor-nav-menu__container elementor-nav-menu--layout-vertical e--pointer-none\">\n\t\t\t\t<ul id=\"menu-1-6812e43a\" class=\"elementor-nav-menu sm-vertical\"><li class=\"menu-item menu-item-type-post_type menu-item-object-page menu-item-8511\"><a href=\"https:\/\/cancerfertilityandme.org.uk\/young-women\/fertility-preservation\/\" class=\"elementor-item\">Pr\u00e9servation de la fertilit\u00e9<\/a><\/li>\n<li class=\"menu-item menu-item-type-post_type menu-item-object-page menu-item-8514\"><a href=\"https:\/\/cancerfertilityandme.org.uk\/young-women\/fertility-preservation\/no-fertility-preservation\/\" class=\"elementor-item\">Aucune pr\u00e9servation de la fertilit\u00e9<\/a><\/li>\n<li class=\"menu-item menu-item-type-post_type menu-item-object-page menu-item-8512\"><a href=\"https:\/\/cancerfertilityandme.org.uk\/young-women\/fertility-preservation\/egg-freezing\/\" class=\"elementor-item\">Cong\u00e9lation des ovules<\/a><\/li>\n<li class=\"menu-item menu-item-type-post_type menu-item-object-page menu-item-8513\"><a href=\"https:\/\/cancerfertilityandme.org.uk\/young-women\/fertility-preservation\/embryo-freezing\/\" class=\"elementor-item\">Cong\u00e9lation d&#8217;embryons<\/a><\/li>\n<li class=\"menu-item menu-item-type-post_type menu-item-object-page menu-item-8518\"><a href=\"https:\/\/cancerfertilityandme.org.uk\/young-women\/fertility-preservation\/ovarian-tissue-freezing\/\" class=\"elementor-item\">Cong\u00e9lation du tissu ovarien<\/a><\/li>\n<li class=\"menu-item menu-item-type-post_type menu-item-object-page menu-item-8515\"><a href=\"https:\/\/cancerfertilityandme.org.uk\/young-women\/fertility-preservation\/ovarian-suppression\/\" class=\"elementor-item\">Suppression de la fonction ovarienne<\/a><\/li>\n<li class=\"menu-item menu-item-type-post_type menu-item-object-page menu-item-8519\"><a href=\"https:\/\/cancerfertilityandme.org.uk\/young-women\/fertility-preservation\/fertility-sparing-procedures\/\" class=\"elementor-item\">Techniques \u00e9conomes en fertilit\u00e9 sp\u00e9cifiques \u00e0 certains cancers<\/a><\/li>\n<li class=\"menu-item menu-item-type-post_type menu-item-object-page menu-item-8520\"><a href=\"https:\/\/cancerfertilityandme.org.uk\/young-women\/fertility-preservation\/financial-costs\/\" class=\"elementor-item\">Co\u00fbts financiers<\/a><\/li>\n<li class=\"menu-item menu-item-type-post_type menu-item-object-page menu-item-8521\"><a href=\"https:\/\/cancerfertilityandme.org.uk\/young-women\/fertility-preservation\/summary-of-options\/\" class=\"elementor-item\">R\u00e9sum\u00e9 des options<\/a><\/li>\n<li class=\"menu-item menu-item-type-post_type menu-item-object-page menu-item-8522\"><a href=\"https:\/\/cancerfertilityandme.org.uk\/young-women\/fertility-preservation\/questions-to-ask-about-fertility-preservation\/\" class=\"elementor-item\">Questions \u00e0 poser \u00e0 votre \u00e9quipe de canc\u00e9rologie et \u00e0 votre \u00e9quipe de soins de fertilit\u00e9<\/a><\/li>\n<\/ul>\t\t\t<\/nav>\n\t\t\t\t\t\t<nav class=\"elementor-nav-menu--dropdown elementor-nav-menu__container\" aria-hidden=\"true\">\n\t\t\t\t<ul id=\"menu-2-6812e43a\" class=\"elementor-nav-menu sm-vertical\"><li class=\"menu-item menu-item-type-post_type menu-item-object-page menu-item-8511\"><a href=\"https:\/\/cancerfertilityandme.org.uk\/young-women\/fertility-preservation\/\" class=\"elementor-item\" tabindex=\"-1\">Pr\u00e9servation de la fertilit\u00e9<\/a><\/li>\n<li class=\"menu-item menu-item-type-post_type menu-item-object-page menu-item-8514\"><a href=\"https:\/\/cancerfertilityandme.org.uk\/young-women\/fertility-preservation\/no-fertility-preservation\/\" class=\"elementor-item\" tabindex=\"-1\">Aucune pr\u00e9servation de la fertilit\u00e9<\/a><\/li>\n<li class=\"menu-item menu-item-type-post_type menu-item-object-page menu-item-8512\"><a href=\"https:\/\/cancerfertilityandme.org.uk\/young-women\/fertility-preservation\/egg-freezing\/\" class=\"elementor-item\" tabindex=\"-1\">Cong\u00e9lation des ovules<\/a><\/li>\n<li class=\"menu-item menu-item-type-post_type menu-item-object-page menu-item-8513\"><a href=\"https:\/\/cancerfertilityandme.org.uk\/young-women\/fertility-preservation\/embryo-freezing\/\" class=\"elementor-item\" tabindex=\"-1\">Cong\u00e9lation d&#8217;embryons<\/a><\/li>\n<li class=\"menu-item menu-item-type-post_type menu-item-object-page menu-item-8518\"><a href=\"https:\/\/cancerfertilityandme.org.uk\/young-women\/fertility-preservation\/ovarian-tissue-freezing\/\" class=\"elementor-item\" tabindex=\"-1\">Cong\u00e9lation du tissu ovarien<\/a><\/li>\n<li class=\"menu-item menu-item-type-post_type menu-item-object-page menu-item-8515\"><a href=\"https:\/\/cancerfertilityandme.org.uk\/young-women\/fertility-preservation\/ovarian-suppression\/\" class=\"elementor-item\" tabindex=\"-1\">Suppression de la fonction ovarienne<\/a><\/li>\n<li class=\"menu-item menu-item-type-post_type menu-item-object-page menu-item-8519\"><a href=\"https:\/\/cancerfertilityandme.org.uk\/young-women\/fertility-preservation\/fertility-sparing-procedures\/\" class=\"elementor-item\" tabindex=\"-1\">Techniques \u00e9conomes en fertilit\u00e9 sp\u00e9cifiques \u00e0 certains cancers<\/a><\/li>\n<li class=\"menu-item menu-item-type-post_type menu-item-object-page menu-item-8520\"><a href=\"https:\/\/cancerfertilityandme.org.uk\/young-women\/fertility-preservation\/financial-costs\/\" class=\"elementor-item\" tabindex=\"-1\">Co\u00fbts financiers<\/a><\/li>\n<li class=\"menu-item menu-item-type-post_type menu-item-object-page menu-item-8521\"><a href=\"https:\/\/cancerfertilityandme.org.uk\/young-women\/fertility-preservation\/summary-of-options\/\" class=\"elementor-item\" tabindex=\"-1\">R\u00e9sum\u00e9 des options<\/a><\/li>\n<li class=\"menu-item menu-item-type-post_type menu-item-object-page menu-item-8522\"><a href=\"https:\/\/cancerfertilityandme.org.uk\/young-women\/fertility-preservation\/questions-to-ask-about-fertility-preservation\/\" class=\"elementor-item\" tabindex=\"-1\">Questions \u00e0 poser \u00e0 votre \u00e9quipe de canc\u00e9rologie et \u00e0 votre \u00e9quipe de soins de fertilit\u00e9<\/a><\/li>\n<\/ul>\t\t\t<\/nav>\n\t\t\t\t\t\t<\/div>\n\t\t\t\t<\/div>\n\t\t\t\t<\/div>\n\t\t\t\t<\/div>\n\t\t\t\t\t<\/div>\n\t\t\t\t<\/main>\n\t\t\t\t<\/div>\n\t\t","protected":false},"excerpt":{"rendered":"<p>Cong\u00e9lation du tissu ovarien Le tissu ovarien contenant un grand nombre d\u2019ovules immatures est pr\u00e9lev\u00e9 et congel\u00e9. Apr\u00e8s le traitement anticanc\u00e9reux, le tissu peut ensuite \u00eatre r\u00e9introduit dans le corps pour permettre aux ovules de se d\u00e9velopper. Il s\u2019agit d\u2019une m\u00e9thode plus r\u00e9cente de pr\u00e9servation de la fertilit\u00e9 qui n\u2019est pas encore disponible dans toutes [&hellip;]<\/p>\n","protected":false},"author":1,"featured_media":0,"parent":8023,"menu_order":0,"comment_status":"open","ping_status":"closed","template":"","meta":{"footnotes":""},"class_list":["post-8005","page","type-page","status-publish","hentry"],"_links":{"self":[{"href":"https:\/\/cancerfertilityandme.org.uk\/fr\/wp-json\/wp\/v2\/pages\/8005","targetHints":{"allow":["GET"]}}],"collection":[{"href":"https:\/\/cancerfertilityandme.org.uk\/fr\/wp-json\/wp\/v2\/pages"}],"about":[{"href":"https:\/\/cancerfertilityandme.org.uk\/fr\/wp-json\/wp\/v2\/types\/page"}],"author":[{"embeddable":true,"href":"https:\/\/cancerfertilityandme.org.uk\/fr\/wp-json\/wp\/v2\/users\/1"}],"replies":[{"embeddable":true,"href":"https:\/\/cancerfertilityandme.org.uk\/fr\/wp-json\/wp\/v2\/comments?post=8005"}],"version-history":[{"count":2,"href":"https:\/\/cancerfertilityandme.org.uk\/fr\/wp-json\/wp\/v2\/pages\/8005\/revisions"}],"predecessor-version":[{"id":10165,"href":"https:\/\/cancerfertilityandme.org.uk\/fr\/wp-json\/wp\/v2\/pages\/8005\/revisions\/10165"}],"up":[{"embeddable":true,"href":"https:\/\/cancerfertilityandme.org.uk\/fr\/wp-json\/wp\/v2\/pages\/8023"}],"wp:attachment":[{"href":"https:\/\/cancerfertilityandme.org.uk\/fr\/wp-json\/wp\/v2\/media?parent=8005"}],"curies":[{"name":"wp","href":"https:\/\/api.w.org\/{rel}","templated":true}]}}