{"id":8001,"date":"2023-04-02T16:26:01","date_gmt":"2023-04-02T16:26:01","guid":{"rendered":"https:\/\/cancerfertilityandme.org.uk\/congelation-des-ovules\/"},"modified":"2026-01-30T14:42:15","modified_gmt":"2026-01-30T14:42:15","slug":"congelation-des-ovules","status":"publish","type":"page","link":"https:\/\/cancerfertilityandme.org.uk\/fr\/jeunes-femmes\/preservation-de-la-fertilite\/congelation-des-ovules\/","title":{"rendered":"Cong\u00e9lation des ovules"},"content":{"rendered":"\t\t<div data-elementor-type=\"wp-page\" data-elementor-id=\"8001\" class=\"elementor elementor-8001 elementor-7751\" data-elementor-post-type=\"page\">\n\t\t\t\t<main class=\"elementor-element elementor-element-5d1c6a0f e-flex e-con-boxed e-con e-parent\" data-id=\"5d1c6a0f\" data-element_type=\"container\" data-e-type=\"container\">\n\t\t\t\t\t<div class=\"e-con-inner\">\n\t\t<div class=\"elementor-element elementor-element-3e5f9a8a e-con-full e-flex e-con e-child\" data-id=\"3e5f9a8a\" data-element_type=\"container\" data-e-type=\"container\">\n\t\t\t\t<div class=\"elementor-element elementor-element-23ff4d9e elementor-widget elementor-widget-text-editor\" data-id=\"23ff4d9e\" data-element_type=\"widget\" data-e-type=\"widget\" data-widget_type=\"text-editor.default\">\n\t\t\t\t<div class=\"elementor-widget-container\">\n\t\t\t\t\t\t\t\t\t<h2>Cong\u00e9lation des ovules<\/h2><p><strong>Cette option signifie que les ovules m\u00fbrs sont retir\u00e9s des ovaires et congel\u00e9s. Ce processus est parfois appel\u00e9 \u00ab conservation des ovocytes \u00bb. Lorsque la jeune femme souhaite avoir un b\u00e9b\u00e9 les ovules pr\u00e9lev\u00e9s sont ensuite f\u00e9cond\u00e9s avec du sperme et les embryons seront remis dans l\u2019ut\u00e9rus.  <\/strong><\/p><p><strong>A qui est-elle destin\u00e9e ?<\/strong><\/p><p>La cong\u00e9lation des ovules peut ne pas \u00eatre une option pour les femmes atteintes de certains cancers tels que la leuc\u00e9mie, certains lymphomes et sarcomes, car elles peuvent n\u00e9cessiter un traitement imm\u00e9diat. Si vous souffrez d\u2019HSO, cela peut retarder le d\u00e9but du traitement anticanc\u00e9reux.Les femmes qui veulent pr\u00e9server leur fertilit\u00e9 et qui sont pass\u00e9es par la pubert\u00e9. They may also: <\/p><ul><li>Ne pas vouloir utiliser le sperme d\u2019un partenaire ou d\u2019un donneur<\/li><li>Ne veulent pas choisir la cong\u00e9lation d\u2019embryons \u00e0 cause de leurs croyances<\/li><li>Ont le temps de suivre un cycle de stimulation ovarienne avant de commencer un traitement anticanc\u00e9reux<\/li><\/ul><p>Pour certaines femmes atteintes d\u2019un cancer du petit bassin, il peut \u00eatre dangereux de congeler des ovules en raison du risque de propagation du cancer.<\/p><p><strong>Quelles sont les implications ?<\/strong><\/p><p>Vous aurez besoin d\u2019injections d\u2019hormones pour stimuler les ovaires (stimulation ovarienne) pendant environ 2 semaines. Les ovules sont ensuite recueillis gr\u00e2ce \u00e0 une fine aiguille pass\u00e9e \u00e0 travers la paroi de votre vagin jusqu\u2019aux ovaires. Cette intervention se fait sous s\u00e9dation. Vous pourrez \u00e9ventuellement rentrer chez vous quelques heures plus tard.  <\/p><p>Comme la cong\u00e9lation des ovules n\u2019implique que la jeune femme, le consentement du partenaire n\u2019est pas n\u00e9cessaire pour utiliser ces ovules congel\u00e9s. Les ovules congel\u00e9s peuvent \u00eatre conserv\u00e9s pendant 10 ans. Cela peut \u00eatre augment\u00e9 par p\u00e9riodes de 10 ans (jusqu\u2019\u00e0 55 ans au total) dans certaines situations. <\/p><p><strong>Quelles sont les chances d\u2019avoir un b\u00e9b\u00e9 apr\u00e8s la cong\u00e9lation des ovules ?<\/strong><\/p><p>Il est difficile de d\u00e9terminer avec certitude la probabilit\u00e9 que la cong\u00e9lation des ovules aboutisse \u00e0 une naissance vivante. Le nombre de patientes atteints de cancer qui ont utilis\u00e9 des ovules congel\u00e9s est faible. La plupart des donn\u00e9es proviennent de femmes sans cancer qui ont utilis\u00e9 leurs propres ovules congel\u00e9s ou des ovules congel\u00e9s de donneuses pour avoir un b\u00e9b\u00e9. <\/p><p>Les chances d\u2019avoir un b\u00e9b\u00e9 apr\u00e8s la cong\u00e9lation des ovules d\u00e9pendent d\u2019un certain nombre de facteurs notamment:<\/p><ul><li>Votre \u00e2ge au moment de la ponction des ovocytes. Les femmes de moins de 35 ans ont une chance plus \u00e9lev\u00e9e. Les femmes de plus de 35 ans auront moins de chance.<\/li><li>Le nombre d\u2019ovocytes recueillis. Les femmes qui ont congel\u00e9 plus d\u2019ovules ont plus de chances.<\/li><li>La clinique de fertilit\u00e9 o\u00f9 la cong\u00e9lation des ovules a \u00e9t\u00e9 effectu\u00e9e.<\/li><li>L\u2019utilisation de la vitrification pour congeler et stocker les ovules. La vitrification a un taux de r\u00e9ussite plus \u00e9lev\u00e9.<\/li><\/ul><p>Overall, if a young woman under 35 has 10 eggs stored, these will give her a 4 in 10 (40%) chance of having a baby. Some young women may not be able to freeze as many as 10 eggs, which will lower the chances of having a baby. You may also see success rates elsewhere that appear lower. These lower success rates may be based upon one cycle of IVF treatment using fewer frozen eggs.   <\/p><p>Pour plus d\u2019informations sur les taux de r\u00e9ussite moyens nationaux et le nombre de naissances vivantes r\u00e9ussies pour chaque clinique de fertilit\u00e9 agr\u00e9\u00e9e, visitez le site Web de la Human Fertilization and Embryology Authority (HFEA) <a href=\"https:\/\/www.hfea.gov.uk\/\" target=\"_blank\" rel=\"noopener\">www.hfea.gov.uk<\/a>.<\/p><p><strong>Cette option affectera-t-elle la sant\u00e9 du b\u00e9b\u00e9 ?<\/strong><\/p><p>Non, les donn\u00e9es sugg\u00e8rent que la sant\u00e9 d\u2019un b\u00e9b\u00e9 n\u00e9 avec des ovules congel\u00e9s ne sera pas affect\u00e9e.<\/p><p><strong>Y a-t-il des effets secondaires du traitement de fertilit\u00e9 utilis\u00e9 dans la cong\u00e9lation des ovules ?<\/strong><\/p><p>Les m\u00e9dicaments utilis\u00e9s pour stimuler les ovaires peuvent provoquer des effets secondaires, tels que maux de t\u00eate, changements d\u2019humeur, bouff\u00e9es de chaleur et irritation de la peau. Ils peuvent \u00e9galement provoquer une r\u00e9ponse excessive des ovaires, ce qui peut entra\u00eener une maladie appel\u00e9e syndrome d\u2019hyperstimulation ovarienne (HSO). Une fois que vous avez commenc\u00e9 votre traitement, demandez \u00e0 votre \u00e9quipe de soins de fertilit\u00e9 quels sont les sympt\u00f4mes de cette maladie et comment les contacter si vous en avez besoin.  <\/p><p>Lorsque les ovaires sont stimul\u00e9s pour produire beaucoup d\u2019ovules, les taux d\u2019estradiol augmentent. Cela pourrait pr\u00e9senter un risque pour les jeunes femmes qui ont un cancer du sein sensible aux \u0153strog\u00e8nes. Ces femmes peuvent recevoir un m\u00e9dicament appel\u00e9 L\u00e9trozole (Femara) qui abaisse les niveaux d\u2019\u0153strog\u00e8nes dans le sang.  <\/p><p>Au moment du recueil des ovules, il existe un risque de saignement, d\u2019infection et de perforation de l\u2019intestin, mais ces cas restent rares.<br>Il peut y avoir une inqui\u00e9tude pour les femmes atteintes de cancers pelviens, o\u00f9 il pourrait y avoir une propagation de cellules canc\u00e9reuses de l\u2019ovaire dans l\u2019abdomen apr\u00e8s la ponction des ovules.<\/p><p><strong>Cette option retardera-t-elle le d\u00e9but de mon traitement anticanc\u00e9reux ?<\/strong><\/p><p>Il faut environ deux semaines entre le d\u00e9but de la stimulation ovarienne et le recueil des ovocytes. Le d\u00e9lai avant le d\u00e9but de la stimulation peut varier en fonction du stade du cycle menstruel de la femme. <\/p><p>Egg freezing may not be an option for young women with certain cancers (e.g., leukaemia) because they may need to begin cancer treatment straight away. If you experience OHSS, this could delay the start of cancer treatment. <\/p><p><strong>Cette option affectera-t-elle mes risques de r\u00e9cidive du cancer?<\/strong><\/p><p>Il n\u2019y a aucune donn\u00e9e sugg\u00e9rant que la cong\u00e9lation des embryons affecte les risques de d\u00e9veloppement ou de r\u00e9apparition des cancers.<\/p>\t\t\t\t\t\t\t\t<\/div>\n\t\t\t\t<\/div>\n\t\t\t\t<\/div>\n\t\t<div class=\"elementor-element elementor-element-e43bed7 e-con-full e-flex e-con e-child\" data-id=\"e43bed7\" data-element_type=\"container\" data-e-type=\"container\">\n\t\t<div class=\"elementor-element elementor-element-16240a94 e-con-full e-flex e-con e-child\" data-id=\"16240a94\" data-element_type=\"container\" data-e-type=\"container\">\n\t\t\t\t<div class=\"elementor-element elementor-element-12f97895 elementor-widget elementor-widget-image\" data-id=\"12f97895\" data-element_type=\"widget\" data-e-type=\"widget\" data-widget_type=\"image.default\">\n\t\t\t\t<div class=\"elementor-widget-container\">\n\t\t\t\t\t\t\t\t\t\t\t\t\t\t\t\t<a href=\"http:\/\/.\/\">\n\t\t\t\t\t\t\t<img decoding=\"async\" width=\"200\" height=\"200\" src=\"https:\/\/cancerfertilityandme.org.uk\/wp-content\/uploads\/cancerfertilityandme-logo-header-young-women.png\" class=\"attachment-full size-full wp-image-328\" alt=\"\" srcset=\"https:\/\/cancerfertilityandme.org.uk\/wp-content\/uploads\/cancerfertilityandme-logo-header-young-women.png 200w, https:\/\/cancerfertilityandme.org.uk\/wp-content\/uploads\/cancerfertilityandme-logo-header-young-women-150x150.png 150w, https:\/\/cancerfertilityandme.org.uk\/wp-content\/uploads\/elementor\/thumbs\/cancerfertilityandme-logo-header-young-women-r4vfcv1ro149or8nkxzol3x986uodd6lq6no4gpb6w.png 100w\" sizes=\"(max-width: 200px) 100vw, 200px\" \/>\t\t\t\t\t\t\t\t<\/a>\n\t\t\t\t\t\t\t\t\t\t\t\t\t\t\t<\/div>\n\t\t\t\t<\/div>\n\t\t\t\t<\/div>\n\t\t<div class=\"elementor-element elementor-element-439b1874 e-con-full e-flex e-con e-child\" data-id=\"439b1874\" data-element_type=\"container\" data-e-type=\"container\">\n\t\t\t\t<div class=\"elementor-element elementor-element-4cb143 elementor-widget elementor-widget-heading\" data-id=\"4cb143\" data-element_type=\"widget\" data-e-type=\"widget\" data-widget_type=\"heading.default\">\n\t\t\t\t<div class=\"elementor-widget-container\">\n\t\t\t\t\t<h3 class=\"elementor-heading-title elementor-size-default\">Suivez ces liens pour plus d\u2019informations<\/h3>\t\t\t\t<\/div>\n\t\t\t\t<\/div>\n\t\t\t\t<div class=\"elementor-element elementor-element-1d9006c8 elementor-nav-menu--dropdown-none elementor-widget elementor-widget-nav-menu\" data-id=\"1d9006c8\" data-element_type=\"widget\" data-e-type=\"widget\" data-settings=\"{&quot;layout&quot;:&quot;vertical&quot;,&quot;submenu_icon&quot;:{&quot;value&quot;:&quot;&lt;svg aria-hidden=\\&quot;true\\&quot; class=\\&quot;e-font-icon-svg e-fas-caret-down\\&quot; viewBox=\\&quot;0 0 320 512\\&quot; xmlns=\\&quot;http:\\\/\\\/www.w3.org\\\/2000\\\/svg\\&quot;&gt;&lt;path d=\\&quot;M31.3 192h257.3c17.8 0 26.7 21.5 14.1 34.1L174.1 354.8c-7.8 7.8-20.5 7.8-28.3 0L17.2 226.1C4.6 213.5 13.5 192 31.3 192z\\&quot;&gt;&lt;\\\/path&gt;&lt;\\\/svg&gt;&quot;,&quot;library&quot;:&quot;fa-solid&quot;}}\" data-widget_type=\"nav-menu.default\">\n\t\t\t\t<div class=\"elementor-widget-container\">\n\t\t\t\t\t\t\t\t<nav aria-label=\"Menu\" class=\"elementor-nav-menu--main elementor-nav-menu__container elementor-nav-menu--layout-vertical e--pointer-none\">\n\t\t\t\t<ul id=\"menu-1-1d9006c8\" class=\"elementor-nav-menu sm-vertical\"><li class=\"menu-item menu-item-type-post_type menu-item-object-page menu-item-8511\"><a href=\"https:\/\/cancerfertilityandme.org.uk\/young-women\/fertility-preservation\/\" class=\"elementor-item\">Pr\u00e9servation de la fertilit\u00e9<\/a><\/li>\n<li class=\"menu-item menu-item-type-post_type menu-item-object-page menu-item-8514\"><a href=\"https:\/\/cancerfertilityandme.org.uk\/young-women\/fertility-preservation\/no-fertility-preservation\/\" class=\"elementor-item\">Aucune pr\u00e9servation de la fertilit\u00e9<\/a><\/li>\n<li class=\"menu-item menu-item-type-post_type menu-item-object-page menu-item-8512\"><a href=\"https:\/\/cancerfertilityandme.org.uk\/young-women\/fertility-preservation\/egg-freezing\/\" class=\"elementor-item\">Cong\u00e9lation des ovules<\/a><\/li>\n<li class=\"menu-item menu-item-type-post_type menu-item-object-page menu-item-8513\"><a href=\"https:\/\/cancerfertilityandme.org.uk\/young-women\/fertility-preservation\/embryo-freezing\/\" class=\"elementor-item\">Cong\u00e9lation d&#8217;embryons<\/a><\/li>\n<li class=\"menu-item menu-item-type-post_type menu-item-object-page menu-item-8518\"><a href=\"https:\/\/cancerfertilityandme.org.uk\/young-women\/fertility-preservation\/ovarian-tissue-freezing\/\" class=\"elementor-item\">Cong\u00e9lation du tissu ovarien<\/a><\/li>\n<li class=\"menu-item menu-item-type-post_type menu-item-object-page menu-item-8515\"><a href=\"https:\/\/cancerfertilityandme.org.uk\/young-women\/fertility-preservation\/ovarian-suppression\/\" class=\"elementor-item\">Suppression de la fonction ovarienne<\/a><\/li>\n<li class=\"menu-item menu-item-type-post_type menu-item-object-page menu-item-8519\"><a href=\"https:\/\/cancerfertilityandme.org.uk\/young-women\/fertility-preservation\/fertility-sparing-procedures\/\" class=\"elementor-item\">Techniques \u00e9conomes en fertilit\u00e9 sp\u00e9cifiques \u00e0 certains cancers<\/a><\/li>\n<li class=\"menu-item menu-item-type-post_type menu-item-object-page menu-item-8520\"><a href=\"https:\/\/cancerfertilityandme.org.uk\/young-women\/fertility-preservation\/financial-costs\/\" class=\"elementor-item\">Co\u00fbts financiers<\/a><\/li>\n<li class=\"menu-item menu-item-type-post_type menu-item-object-page menu-item-8521\"><a href=\"https:\/\/cancerfertilityandme.org.uk\/young-women\/fertility-preservation\/summary-of-options\/\" class=\"elementor-item\">R\u00e9sum\u00e9 des options<\/a><\/li>\n<li class=\"menu-item menu-item-type-post_type menu-item-object-page menu-item-8522\"><a href=\"https:\/\/cancerfertilityandme.org.uk\/young-women\/fertility-preservation\/questions-to-ask-about-fertility-preservation\/\" class=\"elementor-item\">Questions \u00e0 poser \u00e0 votre \u00e9quipe de canc\u00e9rologie et \u00e0 votre \u00e9quipe de soins de fertilit\u00e9<\/a><\/li>\n<\/ul>\t\t\t<\/nav>\n\t\t\t\t\t\t<nav class=\"elementor-nav-menu--dropdown elementor-nav-menu__container\" aria-hidden=\"true\">\n\t\t\t\t<ul id=\"menu-2-1d9006c8\" class=\"elementor-nav-menu sm-vertical\"><li class=\"menu-item menu-item-type-post_type menu-item-object-page menu-item-8511\"><a href=\"https:\/\/cancerfertilityandme.org.uk\/young-women\/fertility-preservation\/\" class=\"elementor-item\" tabindex=\"-1\">Pr\u00e9servation de la fertilit\u00e9<\/a><\/li>\n<li class=\"menu-item menu-item-type-post_type menu-item-object-page menu-item-8514\"><a href=\"https:\/\/cancerfertilityandme.org.uk\/young-women\/fertility-preservation\/no-fertility-preservation\/\" class=\"elementor-item\" tabindex=\"-1\">Aucune pr\u00e9servation de la fertilit\u00e9<\/a><\/li>\n<li class=\"menu-item menu-item-type-post_type menu-item-object-page menu-item-8512\"><a href=\"https:\/\/cancerfertilityandme.org.uk\/young-women\/fertility-preservation\/egg-freezing\/\" class=\"elementor-item\" tabindex=\"-1\">Cong\u00e9lation des ovules<\/a><\/li>\n<li class=\"menu-item menu-item-type-post_type menu-item-object-page menu-item-8513\"><a href=\"https:\/\/cancerfertilityandme.org.uk\/young-women\/fertility-preservation\/embryo-freezing\/\" class=\"elementor-item\" tabindex=\"-1\">Cong\u00e9lation d&#8217;embryons<\/a><\/li>\n<li class=\"menu-item menu-item-type-post_type menu-item-object-page menu-item-8518\"><a href=\"https:\/\/cancerfertilityandme.org.uk\/young-women\/fertility-preservation\/ovarian-tissue-freezing\/\" class=\"elementor-item\" tabindex=\"-1\">Cong\u00e9lation du tissu ovarien<\/a><\/li>\n<li class=\"menu-item menu-item-type-post_type menu-item-object-page menu-item-8515\"><a href=\"https:\/\/cancerfertilityandme.org.uk\/young-women\/fertility-preservation\/ovarian-suppression\/\" class=\"elementor-item\" tabindex=\"-1\">Suppression de la fonction ovarienne<\/a><\/li>\n<li class=\"menu-item menu-item-type-post_type menu-item-object-page menu-item-8519\"><a href=\"https:\/\/cancerfertilityandme.org.uk\/young-women\/fertility-preservation\/fertility-sparing-procedures\/\" class=\"elementor-item\" tabindex=\"-1\">Techniques \u00e9conomes en fertilit\u00e9 sp\u00e9cifiques \u00e0 certains cancers<\/a><\/li>\n<li class=\"menu-item menu-item-type-post_type menu-item-object-page menu-item-8520\"><a href=\"https:\/\/cancerfertilityandme.org.uk\/young-women\/fertility-preservation\/financial-costs\/\" class=\"elementor-item\" tabindex=\"-1\">Co\u00fbts financiers<\/a><\/li>\n<li class=\"menu-item menu-item-type-post_type menu-item-object-page menu-item-8521\"><a href=\"https:\/\/cancerfertilityandme.org.uk\/young-women\/fertility-preservation\/summary-of-options\/\" class=\"elementor-item\" tabindex=\"-1\">R\u00e9sum\u00e9 des options<\/a><\/li>\n<li class=\"menu-item menu-item-type-post_type menu-item-object-page menu-item-8522\"><a href=\"https:\/\/cancerfertilityandme.org.uk\/young-women\/fertility-preservation\/questions-to-ask-about-fertility-preservation\/\" class=\"elementor-item\" tabindex=\"-1\">Questions \u00e0 poser \u00e0 votre \u00e9quipe de canc\u00e9rologie et \u00e0 votre \u00e9quipe de soins de fertilit\u00e9<\/a><\/li>\n<\/ul>\t\t\t<\/nav>\n\t\t\t\t\t\t<\/div>\n\t\t\t\t<\/div>\n\t\t\t\t<\/div>\n\t\t\t\t<\/div>\n\t\t\t\t\t<\/div>\n\t\t\t\t<\/main>\n\t\t\t\t<\/div>\n\t\t","protected":false},"excerpt":{"rendered":"<p>Cong\u00e9lation des ovules Cette option signifie que les ovules m\u00fbrs sont retir\u00e9s des ovaires et congel\u00e9s. Ce processus est parfois appel\u00e9 \u00ab conservation des ovocytes \u00bb. Lorsque la jeune femme souhaite avoir un b\u00e9b\u00e9 les ovules pr\u00e9lev\u00e9s sont ensuite f\u00e9cond\u00e9s avec du sperme et les embryons seront remis dans l\u2019ut\u00e9rus. A qui est-elle destin\u00e9e ? [&hellip;]<\/p>\n","protected":false},"author":1,"featured_media":0,"parent":8023,"menu_order":0,"comment_status":"open","ping_status":"closed","template":"","meta":{"footnotes":""},"class_list":["post-8001","page","type-page","status-publish","hentry"],"_links":{"self":[{"href":"https:\/\/cancerfertilityandme.org.uk\/fr\/wp-json\/wp\/v2\/pages\/8001","targetHints":{"allow":["GET"]}}],"collection":[{"href":"https:\/\/cancerfertilityandme.org.uk\/fr\/wp-json\/wp\/v2\/pages"}],"about":[{"href":"https:\/\/cancerfertilityandme.org.uk\/fr\/wp-json\/wp\/v2\/types\/page"}],"author":[{"embeddable":true,"href":"https:\/\/cancerfertilityandme.org.uk\/fr\/wp-json\/wp\/v2\/users\/1"}],"replies":[{"embeddable":true,"href":"https:\/\/cancerfertilityandme.org.uk\/fr\/wp-json\/wp\/v2\/comments?post=8001"}],"version-history":[{"count":5,"href":"https:\/\/cancerfertilityandme.org.uk\/fr\/wp-json\/wp\/v2\/pages\/8001\/revisions"}],"predecessor-version":[{"id":10122,"href":"https:\/\/cancerfertilityandme.org.uk\/fr\/wp-json\/wp\/v2\/pages\/8001\/revisions\/10122"}],"up":[{"embeddable":true,"href":"https:\/\/cancerfertilityandme.org.uk\/fr\/wp-json\/wp\/v2\/pages\/8023"}],"wp:attachment":[{"href":"https:\/\/cancerfertilityandme.org.uk\/fr\/wp-json\/wp\/v2\/media?parent=8001"}],"curies":[{"name":"wp","href":"https:\/\/api.w.org\/{rel}","templated":true}]}}