{"id":8000,"date":"2023-04-02T16:24:37","date_gmt":"2023-04-02T16:24:37","guid":{"rendered":"https:\/\/cancerfertilityandme.org.uk\/aucune-preservation-de-la-fertilite\/"},"modified":"2026-02-03T13:02:17","modified_gmt":"2026-02-03T13:02:17","slug":"aucune-preservation-de-la-fertilite","status":"publish","type":"page","link":"https:\/\/cancerfertilityandme.org.uk\/fr\/jeunes-femmes\/preservation-de-la-fertilite\/aucune-preservation-de-la-fertilite\/","title":{"rendered":"Aucune pr\u00e9servation de la fertilit\u00e9"},"content":{"rendered":"\t\t<div data-elementor-type=\"wp-page\" data-elementor-id=\"8000\" class=\"elementor elementor-8000 elementor-7750\" data-elementor-post-type=\"page\">\n\t\t\t\t<main class=\"elementor-element elementor-element-54382f91 e-flex e-con-boxed e-con e-parent\" data-id=\"54382f91\" data-element_type=\"container\" data-e-type=\"container\">\n\t\t\t\t\t<div class=\"e-con-inner\">\n\t\t<div class=\"elementor-element elementor-element-1d7b13e0 e-con-full e-flex e-con e-child\" data-id=\"1d7b13e0\" data-element_type=\"container\" data-e-type=\"container\">\n\t\t\t\t<div class=\"elementor-element elementor-element-a214ff7 elementor-widget elementor-widget-text-editor\" data-id=\"a214ff7\" data-element_type=\"widget\" data-e-type=\"widget\" data-widget_type=\"text-editor.default\">\n\t\t\t\t<div class=\"elementor-widget-container\">\n\t\t\t\t\t\t\t\t\t<h2>Aucune pr\u00e9servation de la fertilit\u00e9<\/h2><p><strong>Cette option signifie que vous d\u00e9cidez de n\u2019avoir aucun recours aux techniques de pr\u00e9servation de la fertilit\u00e9 avant de commencer un traitement anticanc\u00e9reux.<\/strong><\/p><p><strong>Essayez de vous rappeler<\/strong><\/p><ul><li>Les femmes qui commencent un traitement anticanc\u00e9reux ne voudront pas toutes suivre un traitement pour pr\u00e9server leur fertilit\u00e9<\/li><li>b\u00e9n\u00e9ficier de la pr\u00e9servation de leur fertilit\u00e9 en raison de leur type et de leur stade de cancer.<\/li><\/ul><p><strong>Pour qui est-ce ?<\/strong><\/p><p>Les jeunes femmes qui :<\/p><ul><li>Sont pr\u00eates \u00e0 \u00ab attendre et voir \u00bb si leur fertilit\u00e9 revient naturellement \u00e0 l\u2019issue des traitements anticanc\u00e9reux.<\/li><li>Sont certaines qu\u2019elles ne souhaitent pas avoir de b\u00e9b\u00e9 \u00e0 l\u2019issue des traitements anticanc\u00e9reux.<\/li><li>Sont s\u00fbres qu\u2019elles ont d\u00e9j\u00e0 fond\u00e9 leur famille<\/li><li>N\u2019ont pas d\u2019options de pr\u00e9servation de la fertilit\u00e9 \u00e0 leur disposition.<\/li><li>Ont un cancer \u00e0 croissance rapide et qui doivent commencer imm\u00e9diatement un traitement anticanc\u00e9reux.<\/li><\/ul><p>Il est souvent conseill\u00e9 d\u2019attendre au moins deux ans apr\u00e8s la fin du traitement anticanc\u00e9reux avant d\u2019essayer de tomber enceinte. En effet, le risque de r\u00e9apparition du cancer au cours des deux premi\u00e8res ann\u00e9es suivant le diagnostic est plus \u00e9lev\u00e9. <\/p><p><strong>Quelles sont les implications ?<\/strong><\/p><p>Il n\u2019y a pas de proc\u00e9dure suppl\u00e9mentaire. Le traitement implique que vous poursuiviez votre traitement anticanc\u00e9reux et que vous choisissiez une m\u00e9thode de contraception pendant le traitement. <\/p><p><strong>Quelles sont les chances d\u2019avoir un b\u00e9b\u00e9 \u00e0 l\u2019issue des traitements contre le cancer ?<\/strong><\/p><p>Les chances d\u2019avoir un b\u00e9b\u00e9 \u00e0 l\u2019avenir d\u00e9pendent de la fa\u00e7on dont vos ovaires ont \u00e9t\u00e9 affect\u00e9s par votre traitement anticanc\u00e9reux. Certaines jeunes femmes peuvent tomber enceintes naturellement \u00e0 l\u2019issue des traitements contre le cancer sans avoir recours \u00e0 une technique de pr\u00e9servation de la fertilit\u00e9. Cependant, si le traitement du cancer provoque une insuffisance ovarienne pr\u00e9matur\u00e9e (IPO), cela pourrait signifier que vous ne pourrez peut-\u00eatre pas avoir une grossesse naturelle.  <\/p><p><strong>Cette option affectera-t-elle la sant\u00e9 du b\u00e9b\u00e9 ?<\/strong><\/p><p>Non, la sant\u00e9 du b\u00e9b\u00e9 (\u00e0 l\u2019avenir) ne sera pas affect\u00e9e.<\/p><p><strong>Y a-t-il des effets secondaires?<\/strong><\/p><p>Vous n\u2019aurez aucun effet secondaire du traitement de fertilit\u00e9.<\/p><p><strong>Cette option retardera-t-elle le d\u00e9but de mon traitement anticanc\u00e9reux ?<\/strong><\/p><p>Non, cette option ne retardera pas le d\u00e9but du traitement anticanc\u00e9reux.<\/p>\t\t\t\t\t\t\t\t<\/div>\n\t\t\t\t<\/div>\n\t\t\t\t<\/div>\n\t\t<div class=\"elementor-element elementor-element-4d6fc1b e-con-full e-flex e-con e-child\" data-id=\"4d6fc1b\" data-element_type=\"container\" data-e-type=\"container\">\n\t\t<div class=\"elementor-element elementor-element-3756a1d6 e-con-full e-flex e-con e-child\" data-id=\"3756a1d6\" data-element_type=\"container\" data-e-type=\"container\">\n\t\t\t\t<div class=\"elementor-element elementor-element-4810c801 elementor-widget elementor-widget-image\" data-id=\"4810c801\" data-element_type=\"widget\" data-e-type=\"widget\" data-widget_type=\"image.default\">\n\t\t\t\t<div class=\"elementor-widget-container\">\n\t\t\t\t\t\t\t\t\t\t\t\t\t\t\t\t<a href=\"http:\/\/.\/\">\n\t\t\t\t\t\t\t<img decoding=\"async\" width=\"200\" height=\"200\" src=\"https:\/\/cancerfertilityandme.org.uk\/wp-content\/uploads\/cancerfertilityandme-logo-header-young-women.png\" class=\"attachment-full size-full wp-image-328\" alt=\"\" srcset=\"https:\/\/cancerfertilityandme.org.uk\/wp-content\/uploads\/cancerfertilityandme-logo-header-young-women.png 200w, https:\/\/cancerfertilityandme.org.uk\/wp-content\/uploads\/cancerfertilityandme-logo-header-young-women-150x150.png 150w, https:\/\/cancerfertilityandme.org.uk\/wp-content\/uploads\/elementor\/thumbs\/cancerfertilityandme-logo-header-young-women-r4vfcv1ro149or8nkxzol3x986uodd6lq6no4gpb6w.png 100w\" sizes=\"(max-width: 200px) 100vw, 200px\" \/>\t\t\t\t\t\t\t\t<\/a>\n\t\t\t\t\t\t\t\t\t\t\t\t\t\t\t<\/div>\n\t\t\t\t<\/div>\n\t\t\t\t<\/div>\n\t\t<div class=\"elementor-element elementor-element-53afe45b e-con-full e-flex e-con e-child\" data-id=\"53afe45b\" data-element_type=\"container\" data-e-type=\"container\">\n\t\t\t\t<div class=\"elementor-element elementor-element-c96f037 elementor-widget elementor-widget-heading\" data-id=\"c96f037\" data-element_type=\"widget\" data-e-type=\"widget\" data-widget_type=\"heading.default\">\n\t\t\t\t<div class=\"elementor-widget-container\">\n\t\t\t\t\t<h3 class=\"elementor-heading-title elementor-size-default\">Suivez ces liens pour plus d\u2019informations<\/h3>\t\t\t\t<\/div>\n\t\t\t\t<\/div>\n\t\t\t\t<div class=\"elementor-element elementor-element-4e6e8850 elementor-nav-menu--dropdown-none elementor-widget elementor-widget-nav-menu\" data-id=\"4e6e8850\" data-element_type=\"widget\" data-e-type=\"widget\" data-settings=\"{&quot;layout&quot;:&quot;vertical&quot;,&quot;submenu_icon&quot;:{&quot;value&quot;:&quot;&lt;svg aria-hidden=\\&quot;true\\&quot; class=\\&quot;e-font-icon-svg e-fas-caret-down\\&quot; viewBox=\\&quot;0 0 320 512\\&quot; xmlns=\\&quot;http:\\\/\\\/www.w3.org\\\/2000\\\/svg\\&quot;&gt;&lt;path d=\\&quot;M31.3 192h257.3c17.8 0 26.7 21.5 14.1 34.1L174.1 354.8c-7.8 7.8-20.5 7.8-28.3 0L17.2 226.1C4.6 213.5 13.5 192 31.3 192z\\&quot;&gt;&lt;\\\/path&gt;&lt;\\\/svg&gt;&quot;,&quot;library&quot;:&quot;fa-solid&quot;}}\" data-widget_type=\"nav-menu.default\">\n\t\t\t\t<div class=\"elementor-widget-container\">\n\t\t\t\t\t\t\t\t<nav aria-label=\"Menu\" class=\"elementor-nav-menu--main elementor-nav-menu__container elementor-nav-menu--layout-vertical e--pointer-none\">\n\t\t\t\t<ul id=\"menu-1-4e6e8850\" class=\"elementor-nav-menu sm-vertical\"><li class=\"menu-item menu-item-type-post_type menu-item-object-page menu-item-8511\"><a href=\"https:\/\/cancerfertilityandme.org.uk\/young-women\/fertility-preservation\/\" class=\"elementor-item\">Pr\u00e9servation de la fertilit\u00e9<\/a><\/li>\n<li class=\"menu-item menu-item-type-post_type menu-item-object-page menu-item-8514\"><a href=\"https:\/\/cancerfertilityandme.org.uk\/young-women\/fertility-preservation\/no-fertility-preservation\/\" class=\"elementor-item\">Aucune pr\u00e9servation de la fertilit\u00e9<\/a><\/li>\n<li class=\"menu-item menu-item-type-post_type menu-item-object-page menu-item-8512\"><a href=\"https:\/\/cancerfertilityandme.org.uk\/young-women\/fertility-preservation\/egg-freezing\/\" class=\"elementor-item\">Cong\u00e9lation des ovules<\/a><\/li>\n<li class=\"menu-item menu-item-type-post_type menu-item-object-page menu-item-8513\"><a href=\"https:\/\/cancerfertilityandme.org.uk\/young-women\/fertility-preservation\/embryo-freezing\/\" class=\"elementor-item\">Cong\u00e9lation d&#8217;embryons<\/a><\/li>\n<li class=\"menu-item menu-item-type-post_type menu-item-object-page menu-item-8518\"><a href=\"https:\/\/cancerfertilityandme.org.uk\/young-women\/fertility-preservation\/ovarian-tissue-freezing\/\" class=\"elementor-item\">Cong\u00e9lation du tissu ovarien<\/a><\/li>\n<li class=\"menu-item menu-item-type-post_type menu-item-object-page menu-item-8515\"><a href=\"https:\/\/cancerfertilityandme.org.uk\/young-women\/fertility-preservation\/ovarian-suppression\/\" class=\"elementor-item\">Suppression de la fonction ovarienne<\/a><\/li>\n<li class=\"menu-item menu-item-type-post_type menu-item-object-page menu-item-8519\"><a href=\"https:\/\/cancerfertilityandme.org.uk\/young-women\/fertility-preservation\/fertility-sparing-procedures\/\" class=\"elementor-item\">Techniques \u00e9conomes en fertilit\u00e9 sp\u00e9cifiques \u00e0 certains cancers<\/a><\/li>\n<li class=\"menu-item menu-item-type-post_type menu-item-object-page menu-item-8520\"><a href=\"https:\/\/cancerfertilityandme.org.uk\/young-women\/fertility-preservation\/financial-costs\/\" class=\"elementor-item\">Co\u00fbts financiers<\/a><\/li>\n<li class=\"menu-item menu-item-type-post_type menu-item-object-page menu-item-8521\"><a href=\"https:\/\/cancerfertilityandme.org.uk\/young-women\/fertility-preservation\/summary-of-options\/\" class=\"elementor-item\">R\u00e9sum\u00e9 des options<\/a><\/li>\n<li class=\"menu-item menu-item-type-post_type menu-item-object-page menu-item-8522\"><a href=\"https:\/\/cancerfertilityandme.org.uk\/young-women\/fertility-preservation\/questions-to-ask-about-fertility-preservation\/\" class=\"elementor-item\">Questions \u00e0 poser \u00e0 votre \u00e9quipe de canc\u00e9rologie et \u00e0 votre \u00e9quipe de soins de fertilit\u00e9<\/a><\/li>\n<\/ul>\t\t\t<\/nav>\n\t\t\t\t\t\t<nav class=\"elementor-nav-menu--dropdown elementor-nav-menu__container\" aria-hidden=\"true\">\n\t\t\t\t<ul id=\"menu-2-4e6e8850\" class=\"elementor-nav-menu sm-vertical\"><li class=\"menu-item menu-item-type-post_type menu-item-object-page menu-item-8511\"><a href=\"https:\/\/cancerfertilityandme.org.uk\/young-women\/fertility-preservation\/\" class=\"elementor-item\" tabindex=\"-1\">Pr\u00e9servation de la fertilit\u00e9<\/a><\/li>\n<li class=\"menu-item menu-item-type-post_type menu-item-object-page menu-item-8514\"><a href=\"https:\/\/cancerfertilityandme.org.uk\/young-women\/fertility-preservation\/no-fertility-preservation\/\" class=\"elementor-item\" tabindex=\"-1\">Aucune pr\u00e9servation de la fertilit\u00e9<\/a><\/li>\n<li class=\"menu-item menu-item-type-post_type menu-item-object-page menu-item-8512\"><a href=\"https:\/\/cancerfertilityandme.org.uk\/young-women\/fertility-preservation\/egg-freezing\/\" class=\"elementor-item\" tabindex=\"-1\">Cong\u00e9lation des ovules<\/a><\/li>\n<li class=\"menu-item menu-item-type-post_type menu-item-object-page menu-item-8513\"><a href=\"https:\/\/cancerfertilityandme.org.uk\/young-women\/fertility-preservation\/embryo-freezing\/\" class=\"elementor-item\" tabindex=\"-1\">Cong\u00e9lation d&#8217;embryons<\/a><\/li>\n<li class=\"menu-item menu-item-type-post_type menu-item-object-page menu-item-8518\"><a href=\"https:\/\/cancerfertilityandme.org.uk\/young-women\/fertility-preservation\/ovarian-tissue-freezing\/\" class=\"elementor-item\" tabindex=\"-1\">Cong\u00e9lation du tissu ovarien<\/a><\/li>\n<li class=\"menu-item menu-item-type-post_type menu-item-object-page menu-item-8515\"><a href=\"https:\/\/cancerfertilityandme.org.uk\/young-women\/fertility-preservation\/ovarian-suppression\/\" class=\"elementor-item\" tabindex=\"-1\">Suppression de la fonction ovarienne<\/a><\/li>\n<li class=\"menu-item menu-item-type-post_type menu-item-object-page menu-item-8519\"><a href=\"https:\/\/cancerfertilityandme.org.uk\/young-women\/fertility-preservation\/fertility-sparing-procedures\/\" class=\"elementor-item\" tabindex=\"-1\">Techniques \u00e9conomes en fertilit\u00e9 sp\u00e9cifiques \u00e0 certains cancers<\/a><\/li>\n<li class=\"menu-item menu-item-type-post_type menu-item-object-page menu-item-8520\"><a href=\"https:\/\/cancerfertilityandme.org.uk\/young-women\/fertility-preservation\/financial-costs\/\" class=\"elementor-item\" tabindex=\"-1\">Co\u00fbts financiers<\/a><\/li>\n<li class=\"menu-item menu-item-type-post_type menu-item-object-page menu-item-8521\"><a href=\"https:\/\/cancerfertilityandme.org.uk\/young-women\/fertility-preservation\/summary-of-options\/\" class=\"elementor-item\" tabindex=\"-1\">R\u00e9sum\u00e9 des options<\/a><\/li>\n<li class=\"menu-item menu-item-type-post_type menu-item-object-page menu-item-8522\"><a href=\"https:\/\/cancerfertilityandme.org.uk\/young-women\/fertility-preservation\/questions-to-ask-about-fertility-preservation\/\" class=\"elementor-item\" tabindex=\"-1\">Questions \u00e0 poser \u00e0 votre \u00e9quipe de canc\u00e9rologie et \u00e0 votre \u00e9quipe de soins de fertilit\u00e9<\/a><\/li>\n<\/ul>\t\t\t<\/nav>\n\t\t\t\t\t\t<\/div>\n\t\t\t\t<\/div>\n\t\t\t\t<\/div>\n\t\t\t\t<\/div>\n\t\t\t\t\t<\/div>\n\t\t\t\t<\/main>\n\t\t\t\t<\/div>\n\t\t","protected":false},"excerpt":{"rendered":"<p>Aucune pr\u00e9servation de la fertilit\u00e9 Cette option signifie que vous d\u00e9cidez de n\u2019avoir aucun recours aux techniques de pr\u00e9servation de la fertilit\u00e9 avant de commencer un traitement anticanc\u00e9reux. Essayez de vous rappeler Les femmes qui commencent un traitement anticanc\u00e9reux ne voudront pas toutes suivre un traitement pour pr\u00e9server leur fertilit\u00e9 b\u00e9n\u00e9ficier de la pr\u00e9servation de [&hellip;]<\/p>\n","protected":false},"author":1,"featured_media":0,"parent":8023,"menu_order":0,"comment_status":"open","ping_status":"closed","template":"","meta":{"footnotes":""},"class_list":["post-8000","page","type-page","status-publish","hentry"],"_links":{"self":[{"href":"https:\/\/cancerfertilityandme.org.uk\/fr\/wp-json\/wp\/v2\/pages\/8000","targetHints":{"allow":["GET"]}}],"collection":[{"href":"https:\/\/cancerfertilityandme.org.uk\/fr\/wp-json\/wp\/v2\/pages"}],"about":[{"href":"https:\/\/cancerfertilityandme.org.uk\/fr\/wp-json\/wp\/v2\/types\/page"}],"author":[{"embeddable":true,"href":"https:\/\/cancerfertilityandme.org.uk\/fr\/wp-json\/wp\/v2\/users\/1"}],"replies":[{"embeddable":true,"href":"https:\/\/cancerfertilityandme.org.uk\/fr\/wp-json\/wp\/v2\/comments?post=8000"}],"version-history":[{"count":2,"href":"https:\/\/cancerfertilityandme.org.uk\/fr\/wp-json\/wp\/v2\/pages\/8000\/revisions"}],"predecessor-version":[{"id":10146,"href":"https:\/\/cancerfertilityandme.org.uk\/fr\/wp-json\/wp\/v2\/pages\/8000\/revisions\/10146"}],"up":[{"embeddable":true,"href":"https:\/\/cancerfertilityandme.org.uk\/fr\/wp-json\/wp\/v2\/pages\/8023"}],"wp:attachment":[{"href":"https:\/\/cancerfertilityandme.org.uk\/fr\/wp-json\/wp\/v2\/media?parent=8000"}],"curies":[{"name":"wp","href":"https:\/\/api.w.org\/{rel}","templated":true}]}}