{"id":7990,"date":"2023-04-02T15:42:15","date_gmt":"2023-04-02T15:42:15","guid":{"rendered":"https:\/\/cancerfertilityandme.org.uk\/loperation-chirurgicale\/"},"modified":"2026-03-16T15:37:09","modified_gmt":"2026-03-16T15:37:09","slug":"loperation-chirurgicale","status":"publish","type":"page","link":"https:\/\/cancerfertilityandme.org.uk\/fr\/jeunes-femmes\/cancer-et-fertilite\/loperation-chirurgicale\/","title":{"rendered":"Op\u00e9ration chirurgicale"},"content":{"rendered":"\t\t<div data-elementor-type=\"wp-page\" data-elementor-id=\"7990\" class=\"elementor elementor-7990 elementor-7742\" data-elementor-post-type=\"page\">\n\t\t\t\t<main class=\"elementor-element elementor-element-593423a7 e-flex e-con-boxed e-con e-parent\" data-id=\"593423a7\" data-element_type=\"container\" data-e-type=\"container\">\n\t\t\t\t\t<div class=\"e-con-inner\">\n\t\t<div class=\"elementor-element elementor-element-7e1b9a2a e-con-full e-flex e-con e-child\" data-id=\"7e1b9a2a\" data-element_type=\"container\" data-e-type=\"container\">\n\t\t\t\t<div class=\"elementor-element elementor-element-78a9ab40 elementor-widget elementor-widget-text-editor\" data-id=\"78a9ab40\" data-element_type=\"widget\" data-e-type=\"widget\" data-widget_type=\"text-editor.default\">\n\t\t\t\t<div class=\"elementor-widget-container\">\n\t\t\t\t\t\t\t\t\t<h2>Op\u00e9ration chirurgicale<\/h2><p>L\u2019op\u00e9ration chirurgicale consiste \u00e0 retirer le cancer du corps pendant une op\u00e9ration. Parfois, \u00e9liminer le cancer signifie \u00e9liminer la partie du corps dans laquelle le cancer s\u2019est d\u00e9velopp\u00e9. Les femmes qui ont besoin d\u2019une intervention chirurgicale pour traiter un cancer affectant les ovaires, le col de l\u2019ut\u00e9rus ou l\u2019ut\u00e9rus peuvent \u00eatre confront\u00e9es \u00e0 des probl\u00e8mes de fertilit\u00e9. Il est difficile de savoir dans quelle mesure l\u2019op\u00e9ration affectera la fertilit\u00e9 ult\u00e9rieure, \u00e9tant donn\u00e9 que celle-ci peut \u00eatre \u00e9galement influenc\u00e9e par le type de cancer dont la femme est atteinte.   <\/p><ul><li>Certaines interventions chirurgicales de l\u2019abdomen peuvent provoquer des cicatrices sur les trompes de Fallope. Celles-ci peuvent bloquer les ovules qui migrent pour rencontrer le sperme. <\/li><li>L\u2019ablation de l\u2019ut\u00e9rus au cours d\u2019une hyst\u00e9rectomie emp\u00eache la femme de concevoir.<\/li><li>Si les ovaires sont enlev\u00e9s chirurgicalement (ovariectomie), une femme ne peut pas concevoir avec ses propres ovules (\u00e0 moins que le tissu ovarien ne soit congel\u00e9 au moment de la chirurgie).<\/li><li>Certains organes reproducteurs f\u00e9minins peuvent \u00eatre retir\u00e9s pendant la chirurgie, ceci afin de traiter d\u2019autres cancers abdominaux, comme le cancer de la vessie, qui peuvent se propager dans l\u2019abdomen. <\/li><li>La chirurgie du cerveau pour les tumeurs c\u00e9r\u00e9brales peut endommager l\u2019hypophyse. L\u2019hypophyse produit les hormones impliqu\u00e9es dans la production d\u2019ovules. Les femmes dont l\u2019hypophyse est endommag\u00e9e peuvent ne pas \u00eatre en mesure d\u2019\u00e9mettre les signaux n\u00e9cessaires pour utiliser les ovules qui restent dans leurs ovaires.  <\/li><\/ul>\t\t\t\t\t\t\t\t<\/div>\n\t\t\t\t<\/div>\n\t\t<div class=\"elementor-element elementor-element-86f419f e-con-full e-flex e-con e-child\" data-id=\"86f419f\" data-element_type=\"container\" data-e-type=\"container\" data-settings=\"{&quot;background_background&quot;:&quot;classic&quot;}\">\n\t\t\t\t<div class=\"elementor-element elementor-element-b5123e8 elementor-widget elementor-widget-text-editor\" data-id=\"b5123e8\" data-element_type=\"widget\" data-e-type=\"widget\" data-widget_type=\"text-editor.default\">\n\t\t\t\t<div class=\"elementor-widget-container\">\n\t\t\t\t\t\t\t\t\t<h3>Les traitements anticanc\u00e9reux peuvent affecter la fertilit\u00e9 en :<\/h3>\n<ul>\n<li>Endommageant ou diminuant le nombre d\u2019ovules contenus dans les ovaires.<\/li>\n<li>Endommageant une partie du corps qui contr\u00f4le les hormones en lien avec la fertilit\u00e9 f\u00e9minine.<\/li>\n<li>Endommageant ou retirant une partie du syst\u00e8me reproducteur f\u00e9minin.<\/li>\n<\/ul>\n<p>Les effets des traitements anticanc\u00e9reux sur la fertilit\u00e9 d\u00e9pendent de votre type de cancer, ainsi que du traitement que vous suivez.<\/p>\n<p>Les femmes qui suivent un traitement anticanc\u00e9reux n\u2019auront pas toutes un probl\u00e8me de fertilit\u00e9 par la suite.<\/p>\t\t\t\t\t\t\t\t<\/div>\n\t\t\t\t<\/div>\n\t\t\t\t<\/div>\n\t\t\t\t<\/div>\n\t\t<div class=\"elementor-element elementor-element-4fa94250 e-con-full e-flex e-con e-child\" data-id=\"4fa94250\" data-element_type=\"container\" data-e-type=\"container\">\n\t\t<div class=\"elementor-element elementor-element-50a1645c e-con-full e-flex e-con e-child\" data-id=\"50a1645c\" data-element_type=\"container\" data-e-type=\"container\">\n\t\t\t\t<div class=\"elementor-element elementor-element-4cd94234 elementor-widget elementor-widget-image\" data-id=\"4cd94234\" data-element_type=\"widget\" data-e-type=\"widget\" data-widget_type=\"image.default\">\n\t\t\t\t<div class=\"elementor-widget-container\">\n\t\t\t\t\t\t\t\t\t\t\t\t\t\t\t\t<a href=\"http:\/\/.\/\">\n\t\t\t\t\t\t\t<img decoding=\"async\" width=\"200\" height=\"200\" src=\"https:\/\/cancerfertilityandme.org.uk\/wp-content\/uploads\/cancerfertilityandme-logo-header-young-women.png\" class=\"attachment-full size-full wp-image-328\" alt=\"\" srcset=\"https:\/\/cancerfertilityandme.org.uk\/wp-content\/uploads\/cancerfertilityandme-logo-header-young-women.png 200w, https:\/\/cancerfertilityandme.org.uk\/wp-content\/uploads\/cancerfertilityandme-logo-header-young-women-150x150.png 150w, https:\/\/cancerfertilityandme.org.uk\/wp-content\/uploads\/elementor\/thumbs\/cancerfertilityandme-logo-header-young-women-r4vfcv1ro149or8nkxzol3x986uodd6lq6no4gpb6w.png 100w\" sizes=\"(max-width: 200px) 100vw, 200px\" \/>\t\t\t\t\t\t\t\t<\/a>\n\t\t\t\t\t\t\t\t\t\t\t\t\t\t\t<\/div>\n\t\t\t\t<\/div>\n\t\t\t\t<\/div>\n\t\t<div class=\"elementor-element elementor-element-6bac66fc e-con-full e-flex e-con e-child\" data-id=\"6bac66fc\" data-element_type=\"container\" data-e-type=\"container\">\n\t\t\t\t<div class=\"elementor-element elementor-element-55cae8ba elementor-widget elementor-widget-heading\" data-id=\"55cae8ba\" data-element_type=\"widget\" data-e-type=\"widget\" data-widget_type=\"heading.default\">\n\t\t\t\t<div class=\"elementor-widget-container\">\n\t\t\t\t\t<h3 class=\"elementor-heading-title elementor-size-default\">Suivez ces liens pour plus d\u2019informations<\/h3>\t\t\t\t<\/div>\n\t\t\t\t<\/div>\n\t\t\t\t<div class=\"elementor-element elementor-element-375072e1 elementor-nav-menu--dropdown-none elementor-widget elementor-widget-nav-menu\" data-id=\"375072e1\" data-element_type=\"widget\" data-e-type=\"widget\" data-settings=\"{&quot;layout&quot;:&quot;vertical&quot;,&quot;submenu_icon&quot;:{&quot;value&quot;:&quot;&lt;svg aria-hidden=\\&quot;true\\&quot; class=\\&quot;e-font-icon-svg e-fas-caret-down\\&quot; viewBox=\\&quot;0 0 320 512\\&quot; xmlns=\\&quot;http:\\\/\\\/www.w3.org\\\/2000\\\/svg\\&quot;&gt;&lt;path d=\\&quot;M31.3 192h257.3c17.8 0 26.7 21.5 14.1 34.1L174.1 354.8c-7.8 7.8-20.5 7.8-28.3 0L17.2 226.1C4.6 213.5 13.5 192 31.3 192z\\&quot;&gt;&lt;\\\/path&gt;&lt;\\\/svg&gt;&quot;,&quot;library&quot;:&quot;fa-solid&quot;}}\" data-widget_type=\"nav-menu.default\">\n\t\t\t\t<div class=\"elementor-widget-container\">\n\t\t\t\t\t\t\t\t<nav aria-label=\"Menu\" class=\"elementor-nav-menu--main elementor-nav-menu__container elementor-nav-menu--layout-vertical e--pointer-none\">\n\t\t\t\t<ul id=\"menu-1-375072e1\" class=\"elementor-nav-menu sm-vertical\"><li class=\"menu-item menu-item-type-post_type menu-item-object-page menu-item-8491\"><a href=\"https:\/\/cancerfertilityandme.org.uk\/young-women\/cancer-and-fertility\/\" class=\"elementor-item\">Cancer et Fertilit\u00e9<\/a><\/li>\n<li class=\"menu-item menu-item-type-post_type menu-item-object-page menu-item-8494\"><a href=\"https:\/\/cancerfertilityandme.org.uk\/young-women\/cancer-and-fertility\/introduction\/\" class=\"elementor-item\">Introduction<\/a><\/li>\n<li class=\"menu-item menu-item-type-post_type menu-item-object-page menu-item-8492\"><a href=\"https:\/\/cancerfertilityandme.org.uk\/young-women\/cancer-and-fertility\/chemotherapy\/\" class=\"elementor-item\">Chimioth\u00e9rapie<\/a><\/li>\n<li class=\"menu-item menu-item-type-post_type menu-item-object-page menu-item-8495\"><a href=\"https:\/\/cancerfertilityandme.org.uk\/young-women\/cancer-and-fertility\/radiotherapy\/\" class=\"elementor-item\">Radioth\u00e9rapie<\/a><\/li>\n<li class=\"menu-item menu-item-type-post_type menu-item-object-page menu-item-8496\"><a href=\"https:\/\/cancerfertilityandme.org.uk\/young-women\/cancer-and-fertility\/surgery\/\" class=\"elementor-item\">Op\u00e9ration chirurgicale<\/a><\/li>\n<li class=\"menu-item menu-item-type-post_type menu-item-object-page menu-item-8493\"><a href=\"https:\/\/cancerfertilityandme.org.uk\/young-women\/cancer-and-fertility\/hormone-therapy\/\" class=\"elementor-item\">L\u2019hormonoth\u00e9rapie<\/a><\/li>\n<li class=\"menu-item menu-item-type-post_type menu-item-object-page menu-item-8497\"><a href=\"https:\/\/cancerfertilityandme.org.uk\/young-women\/cancer-and-fertility\/targeted-drug-therapies\/\" class=\"elementor-item\">Th\u00e9rapies m\u00e9dicamenteuses cibl\u00e9es (Pharmacoth\u00e9rapie)<\/a><\/li>\n<li class=\"menu-item menu-item-type-post_type menu-item-object-page menu-item-8499\"><a href=\"https:\/\/cancerfertilityandme.org.uk\/young-women\/cancer-and-fertility\/other-cancer-treatments\/\" class=\"elementor-item\">Autres traitements anticanc\u00e9reux<\/a><\/li>\n<li class=\"menu-item menu-item-type-post_type menu-item-object-page menu-item-8498\"><a href=\"https:\/\/cancerfertilityandme.org.uk\/young-women\/cancer-and-fertility\/questions-to-ask-about-cancer-and-fertility\/\" class=\"elementor-item\">Questions \u00e0 poser \u00e0 votre \u00e9quipe de canc\u00e9rologie<\/a><\/li>\n<\/ul>\t\t\t<\/nav>\n\t\t\t\t\t\t<nav class=\"elementor-nav-menu--dropdown elementor-nav-menu__container\" aria-hidden=\"true\">\n\t\t\t\t<ul id=\"menu-2-375072e1\" class=\"elementor-nav-menu sm-vertical\"><li class=\"menu-item menu-item-type-post_type menu-item-object-page menu-item-8491\"><a href=\"https:\/\/cancerfertilityandme.org.uk\/young-women\/cancer-and-fertility\/\" class=\"elementor-item\" tabindex=\"-1\">Cancer et Fertilit\u00e9<\/a><\/li>\n<li class=\"menu-item menu-item-type-post_type menu-item-object-page menu-item-8494\"><a href=\"https:\/\/cancerfertilityandme.org.uk\/young-women\/cancer-and-fertility\/introduction\/\" class=\"elementor-item\" tabindex=\"-1\">Introduction<\/a><\/li>\n<li class=\"menu-item menu-item-type-post_type menu-item-object-page menu-item-8492\"><a href=\"https:\/\/cancerfertilityandme.org.uk\/young-women\/cancer-and-fertility\/chemotherapy\/\" class=\"elementor-item\" tabindex=\"-1\">Chimioth\u00e9rapie<\/a><\/li>\n<li class=\"menu-item menu-item-type-post_type menu-item-object-page menu-item-8495\"><a href=\"https:\/\/cancerfertilityandme.org.uk\/young-women\/cancer-and-fertility\/radiotherapy\/\" class=\"elementor-item\" tabindex=\"-1\">Radioth\u00e9rapie<\/a><\/li>\n<li class=\"menu-item menu-item-type-post_type menu-item-object-page menu-item-8496\"><a href=\"https:\/\/cancerfertilityandme.org.uk\/young-women\/cancer-and-fertility\/surgery\/\" class=\"elementor-item\" tabindex=\"-1\">Op\u00e9ration chirurgicale<\/a><\/li>\n<li class=\"menu-item menu-item-type-post_type menu-item-object-page menu-item-8493\"><a href=\"https:\/\/cancerfertilityandme.org.uk\/young-women\/cancer-and-fertility\/hormone-therapy\/\" class=\"elementor-item\" tabindex=\"-1\">L\u2019hormonoth\u00e9rapie<\/a><\/li>\n<li class=\"menu-item menu-item-type-post_type menu-item-object-page menu-item-8497\"><a href=\"https:\/\/cancerfertilityandme.org.uk\/young-women\/cancer-and-fertility\/targeted-drug-therapies\/\" class=\"elementor-item\" tabindex=\"-1\">Th\u00e9rapies m\u00e9dicamenteuses cibl\u00e9es (Pharmacoth\u00e9rapie)<\/a><\/li>\n<li class=\"menu-item menu-item-type-post_type menu-item-object-page menu-item-8499\"><a href=\"https:\/\/cancerfertilityandme.org.uk\/young-women\/cancer-and-fertility\/other-cancer-treatments\/\" class=\"elementor-item\" tabindex=\"-1\">Autres traitements anticanc\u00e9reux<\/a><\/li>\n<li class=\"menu-item menu-item-type-post_type menu-item-object-page menu-item-8498\"><a href=\"https:\/\/cancerfertilityandme.org.uk\/young-women\/cancer-and-fertility\/questions-to-ask-about-cancer-and-fertility\/\" class=\"elementor-item\" tabindex=\"-1\">Questions \u00e0 poser \u00e0 votre \u00e9quipe de canc\u00e9rologie<\/a><\/li>\n<\/ul>\t\t\t<\/nav>\n\t\t\t\t\t\t<\/div>\n\t\t\t\t<\/div>\n\t\t\t\t<\/div>\n\t\t\t\t<\/div>\n\t\t\t\t\t<\/div>\n\t\t\t\t<\/main>\n\t\t\t\t<\/div>\n\t\t","protected":false},"excerpt":{"rendered":"<p>Op\u00e9ration chirurgicale L\u2019op\u00e9ration chirurgicale consiste \u00e0 retirer le cancer du corps pendant une op\u00e9ration. Parfois, \u00e9liminer le cancer signifie \u00e9liminer la partie du corps dans laquelle le cancer s\u2019est d\u00e9velopp\u00e9. Les femmes qui ont besoin d\u2019une intervention chirurgicale pour traiter un cancer affectant les ovaires, le col de l\u2019ut\u00e9rus ou l\u2019ut\u00e9rus peuvent \u00eatre confront\u00e9es \u00e0 [&hellip;]<\/p>\n","protected":false},"author":1,"featured_media":0,"parent":7975,"menu_order":0,"comment_status":"open","ping_status":"closed","template":"","meta":{"footnotes":""},"class_list":["post-7990","page","type-page","status-publish","hentry"],"_links":{"self":[{"href":"https:\/\/cancerfertilityandme.org.uk\/fr\/wp-json\/wp\/v2\/pages\/7990","targetHints":{"allow":["GET"]}}],"collection":[{"href":"https:\/\/cancerfertilityandme.org.uk\/fr\/wp-json\/wp\/v2\/pages"}],"about":[{"href":"https:\/\/cancerfertilityandme.org.uk\/fr\/wp-json\/wp\/v2\/types\/page"}],"author":[{"embeddable":true,"href":"https:\/\/cancerfertilityandme.org.uk\/fr\/wp-json\/wp\/v2\/users\/1"}],"replies":[{"embeddable":true,"href":"https:\/\/cancerfertilityandme.org.uk\/fr\/wp-json\/wp\/v2\/comments?post=7990"}],"version-history":[{"count":4,"href":"https:\/\/cancerfertilityandme.org.uk\/fr\/wp-json\/wp\/v2\/pages\/7990\/revisions"}],"predecessor-version":[{"id":11369,"href":"https:\/\/cancerfertilityandme.org.uk\/fr\/wp-json\/wp\/v2\/pages\/7990\/revisions\/11369"}],"up":[{"embeddable":true,"href":"https:\/\/cancerfertilityandme.org.uk\/fr\/wp-json\/wp\/v2\/pages\/7975"}],"wp:attachment":[{"href":"https:\/\/cancerfertilityandme.org.uk\/fr\/wp-json\/wp\/v2\/media?parent=7990"}],"curies":[{"name":"wp","href":"https:\/\/api.w.org\/{rel}","templated":true}]}}