{"id":7974,"date":"2023-04-03T09:24:33","date_gmt":"2023-04-03T09:24:33","guid":{"rendered":"https:\/\/cancerfertilityandme.org.uk\/utiliser-ce-site-web\/"},"modified":"2025-11-17T11:04:52","modified_gmt":"2025-11-17T11:04:52","slug":"utiliser-ce-site-web","status":"publish","type":"page","link":"https:\/\/cancerfertilityandme.org.uk\/fr\/jeunes-femmes\/a-propos-de-ce-site-web\/utiliser-ce-site-web\/","title":{"rendered":"Utiliser ce site web"},"content":{"rendered":"\t\t<div data-elementor-type=\"wp-page\" data-elementor-id=\"7974\" class=\"elementor elementor-7974 elementor-7775\" data-elementor-post-type=\"page\">\n\t\t\t\t<main class=\"elementor-element elementor-element-30e26b6c e-flex e-con-boxed e-con e-parent\" data-id=\"30e26b6c\" data-element_type=\"container\" data-e-type=\"container\">\n\t\t\t\t\t<div class=\"e-con-inner\">\n\t\t<div class=\"elementor-element elementor-element-65df7344 e-con-full e-flex e-con e-child\" data-id=\"65df7344\" data-element_type=\"container\" data-e-type=\"container\">\n\t\t\t\t<div class=\"elementor-element elementor-element-1f35ebad elementor-widget elementor-widget-text-editor\" data-id=\"1f35ebad\" data-element_type=\"widget\" data-e-type=\"widget\" data-widget_type=\"text-editor.default\">\n\t\t\t\t<div class=\"elementor-widget-container\">\n\t\t\t\t\t\t\t\t\t<h2>Utiliser ce site web pour vous aider \u00e0 prendre une d\u00e9cision<\/h2><p>\u201cJe pense \u00e0 dans cinq ans, mais que se passera-t-il dans dix ans ? Et \u00e0 l\u2019avenir ?\u201d<br>Une jeune femme de 25 ans atteinte d\u2019un cancer de l\u2019ovaire<\/p><p><strong>Pour vous aider \u00e0 prendre cette d\u00e9cision, ce site web contient des informations qui vous aideront :<\/strong><\/p><ul><li><strong>En savoir <\/strong>plus sur les diff\u00e9rentes options de pr\u00e9servation de la fertilit\u00e9 qui s\u2019offrent \u00e0 vous.<\/li><li><strong>D\u00e9cider <\/strong>de recourir \u00e0 une m\u00e9thode de pr\u00e9servation de la fertilit\u00e9 ou pas.<\/li><li><strong>R\u00e9fl\u00e9chir <\/strong>\u00e0 ce qui compte dans votre vie d\u2019aujourd\u2019hui, ainsi que dans votre vie future.<\/li><li><strong>Parler <\/strong>\u00e0 votre \u00e9quipe de soins anticanc\u00e9reux et \u00e0 votre \u00e9quipe de soins de fertilit\u00e9 pendant que vous prenez votre d\u00e9cision.<\/li><li><strong>Discuter <\/strong>avec votre \u00e9quipe de soins anticanc\u00e9reux et votre \u00e9quipe de soins de fertilit\u00e9 des cons\u00e9quences et des avantages de toute d\u00e9cision que vous pourriez prendre.<\/li><\/ul><p>\u201cCe site web a r\u00e9pondu \u00e0 beaucoup de mes questions. Il m\u2019a permis de mieux comprendre mon traitement et mes options. Il a r\u00e9pondu \u00e0 des questions que je n\u2019aurais pas forc\u00e9ment pos\u00e9, il m\u2019a donn\u00e9 des informations dont je ne pensais pas avoir besoin \u2026 Il n\u2019a pas cherch\u00e9 \u00e0 m\u2019influencer. Il est \u00e0 la fois clair et objectif et ne pr\u00e9sente aucune option comme \u00e9tant sup\u00e9rieure \u00e0 une autre. Il se contente de pr\u00e9senter les faits et en les expliquant, ce qui m\u2019a permis de prendre la d\u00e9cision qui me convenait le mieux.\u201d<br>Une jeune femme de 20 ans atteinte d\u2019un lymphome<\/p><p><strong>Le site web a \u00e9t\u00e9 con\u00e7u pour fournir des informations claires et propose les \u00e9l\u00e9ments suivants :<\/strong><\/p><ul><li>Une navigation claire permettant d\u2019acc\u00e9der aux sections relatives au traitement du cancer, aux probl\u00e8mes de fertilit\u00e9, aux d\u00e9cisions de pr\u00e9servation de la fertilit\u00e9 et \u00e0 la planification familiale.<\/li><li>Des images indiquant clairement quelles sont les d\u00e9cisions \u00e0 prendre en mati\u00e8re de fertilit\u00e9 pour les femmes avant, pendant et apr\u00e8s un traitement anticanc\u00e9reux.<\/li><li>Des tableaux d\u00e9crivant les caract\u00e9ristiques des diff\u00e9rentes options de pr\u00e9servation de la fertilit\u00e9 les unes \u00e0 c\u00f4t\u00e9 des autres pour vous aider \u00e0 faire une comparaison d\u00e9taill\u00e9e.<\/li><li>Des questions vous aideront \u00e0 r\u00e9fl\u00e9chir aux sujets que vous souhaiteriez aborder avec les \u00e9quipes de canc\u00e9rologie et de soins de fertilit\u00e9<\/li><li>Des id\u00e9es sur le genre de question que vous serez susceptible de poser \u00e0 votre \u00e9quipe de soins contre le cancer et\/ou \u00e0 votre \u00e9quipe de soins de fertilit\u00e9.<\/li><li>Des questions sur vos valeurs pour vous aider \u00e0 r\u00e9fl\u00e9chir \u00e0 l\u2019option de pr\u00e9servation de la fertilit\u00e9 qui correspond le mieux \u00e0 votre vie d\u2019aujourd\u2019hui.<\/li><li>Un glossaire donnant la d\u00e9finition des termes utilis\u00e9s pour parler du cancer et de ses traitements, de la fertilit\u00e9 et de la pr\u00e9servation de la fertilit\u00e9.<\/li><\/ul><p><strong>\u00c0 noter<\/strong><\/p><ol><li>Certaines jeunes femmes trait\u00e9es pour un cancer auront des probl\u00e8mes de fertilit\u00e9 ult\u00e9rieurs, mais pas toutes.<\/li><li>Toutes les techniques de pr\u00e9servation de la fertilit\u00e9 d\u00e9crites dans ce site web ne conviennent pas \u00e0 toutes les jeunes femmes.<\/li><li>Certaines des techniques de pr\u00e9servation de la fertilit\u00e9 d\u00e9crites dans ce site web ne sont pas toujours disponibles dans toutes les cliniques de fertilit\u00e9.<\/li><\/ol>\t\t\t\t\t\t\t\t<\/div>\n\t\t\t\t<\/div>\n\t\t\t\t<\/div>\n\t\t<div class=\"elementor-element elementor-element-b1afa93 e-con-full e-flex e-con e-child\" data-id=\"b1afa93\" data-element_type=\"container\" data-e-type=\"container\">\n\t\t<div class=\"elementor-element elementor-element-6a4613ad e-con-full e-flex e-con e-child\" data-id=\"6a4613ad\" data-element_type=\"container\" data-e-type=\"container\">\n\t\t\t\t<div class=\"elementor-element elementor-element-14f5e2a8 elementor-widget elementor-widget-image\" data-id=\"14f5e2a8\" data-element_type=\"widget\" data-e-type=\"widget\" data-widget_type=\"image.default\">\n\t\t\t\t<div class=\"elementor-widget-container\">\n\t\t\t\t\t\t\t\t\t\t\t\t\t\t\t\t<a href=\"http:\/\/.\/\">\n\t\t\t\t\t\t\t<img decoding=\"async\" width=\"200\" height=\"200\" src=\"https:\/\/cancerfertilityandme.org.uk\/wp-content\/uploads\/cancerfertilityandme-logo-header-young-women.png\" class=\"attachment-full size-full wp-image-328\" alt=\"\" srcset=\"https:\/\/cancerfertilityandme.org.uk\/wp-content\/uploads\/cancerfertilityandme-logo-header-young-women.png 200w, https:\/\/cancerfertilityandme.org.uk\/wp-content\/uploads\/cancerfertilityandme-logo-header-young-women-150x150.png 150w, https:\/\/cancerfertilityandme.org.uk\/wp-content\/uploads\/elementor\/thumbs\/cancerfertilityandme-logo-header-young-women-r4vfcv1ro149or8nkxzol3x986uodd6lq6no4gpb6w.png 100w\" sizes=\"(max-width: 200px) 100vw, 200px\" \/>\t\t\t\t\t\t\t\t<\/a>\n\t\t\t\t\t\t\t\t\t\t\t\t\t\t\t<\/div>\n\t\t\t\t<\/div>\n\t\t\t\t<\/div>\n\t\t<div class=\"elementor-element elementor-element-55791adf e-con-full e-flex e-con e-child\" data-id=\"55791adf\" data-element_type=\"container\" data-e-type=\"container\">\n\t\t\t\t<div class=\"elementor-element elementor-element-6a885291 elementor-widget elementor-widget-heading\" data-id=\"6a885291\" data-element_type=\"widget\" data-e-type=\"widget\" data-widget_type=\"heading.default\">\n\t\t\t\t<div class=\"elementor-widget-container\">\n\t\t\t\t\t<h3 class=\"elementor-heading-title elementor-size-default\">Suivez ces liens pour plus d\u2019informations<\/h3>\t\t\t\t<\/div>\n\t\t\t\t<\/div>\n\t\t\t\t<div class=\"elementor-element elementor-element-17ab66f5 elementor-nav-menu--dropdown-none elementor-widget elementor-widget-nav-menu\" data-id=\"17ab66f5\" data-element_type=\"widget\" data-e-type=\"widget\" data-settings=\"{&quot;layout&quot;:&quot;vertical&quot;,&quot;submenu_icon&quot;:{&quot;value&quot;:&quot;&lt;svg aria-hidden=\\&quot;true\\&quot; class=\\&quot;e-font-icon-svg e-fas-caret-down\\&quot; viewBox=\\&quot;0 0 320 512\\&quot; xmlns=\\&quot;http:\\\/\\\/www.w3.org\\\/2000\\\/svg\\&quot;&gt;&lt;path d=\\&quot;M31.3 192h257.3c17.8 0 26.7 21.5 14.1 34.1L174.1 354.8c-7.8 7.8-20.5 7.8-28.3 0L17.2 226.1C4.6 213.5 13.5 192 31.3 192z\\&quot;&gt;&lt;\\\/path&gt;&lt;\\\/svg&gt;&quot;,&quot;library&quot;:&quot;fa-solid&quot;}}\" data-widget_type=\"nav-menu.default\">\n\t\t\t\t<div class=\"elementor-widget-container\">\n\t\t\t\t\t\t\t\t<nav aria-label=\"Menu\" class=\"elementor-nav-menu--main elementor-nav-menu__container elementor-nav-menu--layout-vertical e--pointer-none\">\n\t\t\t\t<ul id=\"menu-1-17ab66f5\" class=\"elementor-nav-menu sm-vertical\"><li class=\"menu-item menu-item-type-post_type menu-item-object-page menu-item-8474\"><a href=\"https:\/\/cancerfertilityandme.org.uk\/young-women\/about-this-project\/\" class=\"elementor-item\">About this project<\/a><\/li>\n<li class=\"menu-item menu-item-type-post_type menu-item-object-page menu-item-8477\"><a href=\"https:\/\/cancerfertilityandme.org.uk\/young-women\/about-this-project\/using-this-website\/\" class=\"elementor-item\">Utiliser ce site web<\/a><\/li>\n<li class=\"menu-item menu-item-type-post_type menu-item-object-page menu-item-8476\"><a href=\"https:\/\/cancerfertilityandme.org.uk\/young-women\/about-this-project\/linking-fertility-options\/\" class=\"elementor-item\">Relier les options de fertilit\u00e9<\/a><\/li>\n<li class=\"menu-item menu-item-type-post_type menu-item-object-page menu-item-10564\"><a href=\"https:\/\/cancerfertilityandme.org.uk\/glossary\/\" class=\"elementor-item\">Glossaire<\/a><\/li>\n<\/ul>\t\t\t<\/nav>\n\t\t\t\t\t\t<nav class=\"elementor-nav-menu--dropdown elementor-nav-menu__container\" aria-hidden=\"true\">\n\t\t\t\t<ul id=\"menu-2-17ab66f5\" class=\"elementor-nav-menu sm-vertical\"><li class=\"menu-item menu-item-type-post_type menu-item-object-page menu-item-8474\"><a href=\"https:\/\/cancerfertilityandme.org.uk\/young-women\/about-this-project\/\" class=\"elementor-item\" tabindex=\"-1\">About this project<\/a><\/li>\n<li class=\"menu-item menu-item-type-post_type menu-item-object-page menu-item-8477\"><a href=\"https:\/\/cancerfertilityandme.org.uk\/young-women\/about-this-project\/using-this-website\/\" class=\"elementor-item\" tabindex=\"-1\">Utiliser ce site web<\/a><\/li>\n<li class=\"menu-item menu-item-type-post_type menu-item-object-page menu-item-8476\"><a href=\"https:\/\/cancerfertilityandme.org.uk\/young-women\/about-this-project\/linking-fertility-options\/\" class=\"elementor-item\" tabindex=\"-1\">Relier les options de fertilit\u00e9<\/a><\/li>\n<li class=\"menu-item menu-item-type-post_type menu-item-object-page menu-item-10564\"><a href=\"https:\/\/cancerfertilityandme.org.uk\/glossary\/\" class=\"elementor-item\" tabindex=\"-1\">Glossaire<\/a><\/li>\n<\/ul>\t\t\t<\/nav>\n\t\t\t\t\t\t<\/div>\n\t\t\t\t<\/div>\n\t\t\t\t<\/div>\n\t\t\t\t<\/div>\n\t\t\t\t\t<\/div>\n\t\t\t\t<\/main>\n\t\t\t\t<\/div>\n\t\t","protected":false},"excerpt":{"rendered":"<p>Utiliser ce site web pour vous aider \u00e0 prendre une d\u00e9cision \u201cJe pense \u00e0 dans cinq ans, mais que se passera-t-il dans dix ans ? Et \u00e0 l\u2019avenir ?\u201dUne jeune femme de 25 ans atteinte d\u2019un cancer de l\u2019ovaire Pour vous aider \u00e0 prendre cette d\u00e9cision, ce site web contient des informations qui vous aideront [&hellip;]<\/p>\n","protected":false},"author":1,"featured_media":0,"parent":7973,"menu_order":0,"comment_status":"open","ping_status":"closed","template":"","meta":{"footnotes":""},"class_list":["post-7974","page","type-page","status-publish","hentry"],"_links":{"self":[{"href":"https:\/\/cancerfertilityandme.org.uk\/fr\/wp-json\/wp\/v2\/pages\/7974","targetHints":{"allow":["GET"]}}],"collection":[{"href":"https:\/\/cancerfertilityandme.org.uk\/fr\/wp-json\/wp\/v2\/pages"}],"about":[{"href":"https:\/\/cancerfertilityandme.org.uk\/fr\/wp-json\/wp\/v2\/types\/page"}],"author":[{"embeddable":true,"href":"https:\/\/cancerfertilityandme.org.uk\/fr\/wp-json\/wp\/v2\/users\/1"}],"replies":[{"embeddable":true,"href":"https:\/\/cancerfertilityandme.org.uk\/fr\/wp-json\/wp\/v2\/comments?post=7974"}],"version-history":[{"count":3,"href":"https:\/\/cancerfertilityandme.org.uk\/fr\/wp-json\/wp\/v2\/pages\/7974\/revisions"}],"predecessor-version":[{"id":9672,"href":"https:\/\/cancerfertilityandme.org.uk\/fr\/wp-json\/wp\/v2\/pages\/7974\/revisions\/9672"}],"up":[{"embeddable":true,"href":"https:\/\/cancerfertilityandme.org.uk\/fr\/wp-json\/wp\/v2\/pages\/7973"}],"wp:attachment":[{"href":"https:\/\/cancerfertilityandme.org.uk\/fr\/wp-json\/wp\/v2\/media?parent=7974"}],"curies":[{"name":"wp","href":"https:\/\/api.w.org\/{rel}","templated":true}]}}