{"id":7973,"date":"2023-04-03T09:01:57","date_gmt":"2023-04-03T09:01:57","guid":{"rendered":"https:\/\/cancerfertilityandme.org.uk\/a-propos-de-ce-site-web\/"},"modified":"2026-03-10T11:47:14","modified_gmt":"2026-03-10T11:47:14","slug":"a-propos-de-ce-site-web","status":"publish","type":"page","link":"https:\/\/cancerfertilityandme.org.uk\/fr\/jeunes-femmes\/a-propos-de-ce-site-web\/","title":{"rendered":"About this project"},"content":{"rendered":"\t\t<div data-elementor-type=\"wp-page\" data-elementor-id=\"7973\" class=\"elementor elementor-7973 elementor-7774\" data-elementor-post-type=\"page\">\n\t\t\t\t<main class=\"elementor-element elementor-element-4a68a2b7 e-flex e-con-boxed e-con e-parent\" data-id=\"4a68a2b7\" data-element_type=\"container\" data-e-type=\"container\">\n\t\t\t\t\t<div class=\"e-con-inner\">\n\t\t<div class=\"elementor-element elementor-element-bf63f4d e-con-full e-flex e-con e-child\" data-id=\"bf63f4d\" data-element_type=\"container\" data-e-type=\"container\">\n\t\t\t\t<div class=\"elementor-element elementor-element-437ce504 elementor-widget elementor-widget-text-editor\" data-id=\"437ce504\" data-element_type=\"widget\" data-e-type=\"widget\" data-widget_type=\"text-editor.default\">\n\t\t\t\t<div class=\"elementor-widget-container\">\n\t\t\t\t\t\t\t\t\t<h2>\u00c0 propos du site web \u2018Le Cancer, la Fertilit\u00e9 et Moi\u2019<\/h2>\n<strong>Si vous venez de recevoir un diagnostic de cancer, vous serez probablement assaillie par l\u2019inqui\u00e9tude, et toute une gamme de sentiments et d\u2019\u00e9motions divers vous traversera l\u2019esprit ; de plus, vous aurez probablement de nombreuses questions \u00e0 poser. <\/strong>\n\n<strong>Cancer and its treatment may affect fertility and the chances of becoming pregnant in the future.<\/strong>\n\nIl est possible que vous n\u2019ayez jamais entendu parler de ces informations ou bien vous en \u00eates d\u00e9j\u00e0 consciente et vous vous demandez si vous pourrez toujours avoir une famille \u00e0 l\u2019avenir. Que vous ayez envie d\u2019avoir des enfants, ou que l\u2019id\u00e9e vous semble trop \u00e9loign\u00e9e pour en \u00eatre vraiment s\u00fbre, ce site web vous fournira les informations dont vous aurez besoin pour vous aider \u00e0 r\u00e9fl\u00e9chir \u00e0 la pr\u00e9servation de votre fertilit\u00e9. Les traitements de pr\u00e9servation de la fertilit\u00e9 sont des moyens d\u2019aider les femmes atteintes d\u2019un cancer \u00e0 augmenter leurs chances de concevoir et d\u2019avoir un enfant \u00e0 la suite de leur traitement contre le cancer. Nous esp\u00e9rons que ce site web vous aidera \u00e0 en savoir plus sur la pr\u00e9servation de la fertilit\u00e9. Vous \u00eates bien entendu enti\u00e8rement libre de vos choix et d\u00e9cisions personnels. N\u00e9anmoins, nous esp\u00e9rons que ce site web vous aidera \u00e0 explorer les options qui s\u2019offrent \u00e0 vous et \u00e0 prendre la d\u00e9cision qui vous conviendra le mieux.     \n\n<blockquote>\u00ab\u00a0Je me suis sentie incertaine pendant un certain temps, mais lorsque j&rsquo;ai pris la d\u00e9cision, j&rsquo;\u00e9tais s\u00fbre que c&rsquo;\u00e9tait ce que je voulais faire. Et je suis contente de l&rsquo;avoir fait, c&rsquo;\u00e9tait la bonne d\u00e9cision \u00e0 prendre<em>.\u00a0\u00bb<br><br> &#8211; Jeune femme de 20 ans atteinte d&rsquo;un lymphome<\/em><\/blockquote>\n\n<b>Ce site web contient des informations pour vous aider \u00e0 :<\/b>\n<ul>\n \t<li>Mieux comprendre comment les traitements anticanc\u00e9reux peuvent causer des probl\u00e8mes de fertilit\u00e9 chez les jeunes femmes.<\/li>\n \t<li>En apprendre davantage sur la fa\u00e7on dont les femmes atteintes de cancer peuvent pr\u00e9server leur fertilit\u00e9 avant le d\u00e9but de leur traitement anticanc\u00e9reux.<\/li>\n \t<li>Comprendre quelles options de pr\u00e9servation de la fertilit\u00e9 sont les mieux adapt\u00e9es \u00e0 la vie de chaque femme.<\/li>\n \t<li>Comprendre les d\u00e9cisions de planification familiale \u00e0 prendre pendant et apr\u00e8s le traitement anticanc\u00e9reux.<\/li>\n<\/ul>\n<strong>Ce site web peut vous \u00eatre utile si :<\/strong>\n<ul>\n \t<li>Vous avez r\u00e9cemment re\u00e7u un diagnostic de cancer.<\/li>\n \t<li>Vous avez un projet de grossesse ou souhaitez concevoir \u00e0 l\u2019issue des traitements.<\/li>\n \t<li>Vous souhaitez en savoir plus sur les traitements de pr\u00e9servation de la fertilit\u00e9.<\/li>\n \t<li>Vous souhaitez obtenir plus d&rsquo;informations pour vous aider \u00e0 prendre une d\u00e9cision concernant la pr\u00e9servation de la fertilit\u00e9.<\/li>\n<\/ul>\t\t\t\t\t\t\t\t<\/div>\n\t\t\t\t<\/div>\n\t\t\t\t<\/div>\n\t\t<div class=\"elementor-element elementor-element-4c2a2e61 e-con-full e-flex e-con e-child\" data-id=\"4c2a2e61\" data-element_type=\"container\" data-e-type=\"container\">\n\t\t<div class=\"elementor-element elementor-element-4cf1ed17 e-con-full e-flex e-con e-child\" data-id=\"4cf1ed17\" data-element_type=\"container\" data-e-type=\"container\">\n\t\t\t\t<div class=\"elementor-element elementor-element-4147e412 elementor-widget elementor-widget-image\" data-id=\"4147e412\" data-element_type=\"widget\" data-e-type=\"widget\" data-widget_type=\"image.default\">\n\t\t\t\t<div class=\"elementor-widget-container\">\n\t\t\t\t\t\t\t\t\t\t\t\t\t\t\t\t<a href=\"http:\/\/.\/\">\n\t\t\t\t\t\t\t<img decoding=\"async\" width=\"200\" height=\"200\" src=\"https:\/\/cancerfertilityandme.org.uk\/wp-content\/uploads\/cancerfertilityandme-logo-header-young-women.png\" class=\"attachment-full size-full wp-image-328\" alt=\"\" srcset=\"https:\/\/cancerfertilityandme.org.uk\/wp-content\/uploads\/cancerfertilityandme-logo-header-young-women.png 200w, https:\/\/cancerfertilityandme.org.uk\/wp-content\/uploads\/cancerfertilityandme-logo-header-young-women-150x150.png 150w, https:\/\/cancerfertilityandme.org.uk\/wp-content\/uploads\/elementor\/thumbs\/cancerfertilityandme-logo-header-young-women-r4vfcv1ro149or8nkxzol3x986uodd6lq6no4gpb6w.png 100w\" sizes=\"(max-width: 200px) 100vw, 200px\" \/>\t\t\t\t\t\t\t\t<\/a>\n\t\t\t\t\t\t\t\t\t\t\t\t\t\t\t<\/div>\n\t\t\t\t<\/div>\n\t\t\t\t<\/div>\n\t\t<div class=\"elementor-element elementor-element-429ad59f e-con-full e-flex e-con e-child\" data-id=\"429ad59f\" data-element_type=\"container\" data-e-type=\"container\">\n\t\t\t\t<div class=\"elementor-element elementor-element-68253d98 elementor-widget elementor-widget-heading\" data-id=\"68253d98\" data-element_type=\"widget\" data-e-type=\"widget\" data-widget_type=\"heading.default\">\n\t\t\t\t<div class=\"elementor-widget-container\">\n\t\t\t\t\t<h3 class=\"elementor-heading-title elementor-size-default\">Suivez ces liens pour plus d\u2019informations<\/h3>\t\t\t\t<\/div>\n\t\t\t\t<\/div>\n\t\t\t\t<div class=\"elementor-element elementor-element-4eaf61a0 elementor-nav-menu--dropdown-none elementor-widget elementor-widget-nav-menu\" data-id=\"4eaf61a0\" data-element_type=\"widget\" data-e-type=\"widget\" data-settings=\"{&quot;layout&quot;:&quot;vertical&quot;,&quot;submenu_icon&quot;:{&quot;value&quot;:&quot;&lt;svg aria-hidden=\\&quot;true\\&quot; class=\\&quot;e-font-icon-svg e-fas-caret-down\\&quot; viewBox=\\&quot;0 0 320 512\\&quot; xmlns=\\&quot;http:\\\/\\\/www.w3.org\\\/2000\\\/svg\\&quot;&gt;&lt;path d=\\&quot;M31.3 192h257.3c17.8 0 26.7 21.5 14.1 34.1L174.1 354.8c-7.8 7.8-20.5 7.8-28.3 0L17.2 226.1C4.6 213.5 13.5 192 31.3 192z\\&quot;&gt;&lt;\\\/path&gt;&lt;\\\/svg&gt;&quot;,&quot;library&quot;:&quot;fa-solid&quot;}}\" data-widget_type=\"nav-menu.default\">\n\t\t\t\t<div class=\"elementor-widget-container\">\n\t\t\t\t\t\t\t\t<nav aria-label=\"Menu\" class=\"elementor-nav-menu--main elementor-nav-menu__container elementor-nav-menu--layout-vertical e--pointer-none\">\n\t\t\t\t<ul id=\"menu-1-4eaf61a0\" class=\"elementor-nav-menu sm-vertical\"><li class=\"menu-item menu-item-type-post_type menu-item-object-page menu-item-8474\"><a href=\"https:\/\/cancerfertilityandme.org.uk\/young-women\/about-this-project\/\" class=\"elementor-item\">About this project<\/a><\/li>\n<li class=\"menu-item menu-item-type-post_type menu-item-object-page menu-item-8477\"><a href=\"https:\/\/cancerfertilityandme.org.uk\/young-women\/about-this-project\/using-this-website\/\" class=\"elementor-item\">Utiliser ce site web<\/a><\/li>\n<li class=\"menu-item menu-item-type-post_type menu-item-object-page menu-item-8476\"><a href=\"https:\/\/cancerfertilityandme.org.uk\/young-women\/about-this-project\/linking-fertility-options\/\" class=\"elementor-item\">Relier les options de fertilit\u00e9<\/a><\/li>\n<li class=\"menu-item menu-item-type-post_type menu-item-object-page menu-item-10564\"><a href=\"https:\/\/cancerfertilityandme.org.uk\/glossary\/\" class=\"elementor-item\">Glossaire<\/a><\/li>\n<\/ul>\t\t\t<\/nav>\n\t\t\t\t\t\t<nav class=\"elementor-nav-menu--dropdown elementor-nav-menu__container\" aria-hidden=\"true\">\n\t\t\t\t<ul id=\"menu-2-4eaf61a0\" class=\"elementor-nav-menu sm-vertical\"><li class=\"menu-item menu-item-type-post_type menu-item-object-page menu-item-8474\"><a href=\"https:\/\/cancerfertilityandme.org.uk\/young-women\/about-this-project\/\" class=\"elementor-item\" tabindex=\"-1\">About this project<\/a><\/li>\n<li class=\"menu-item menu-item-type-post_type menu-item-object-page menu-item-8477\"><a href=\"https:\/\/cancerfertilityandme.org.uk\/young-women\/about-this-project\/using-this-website\/\" class=\"elementor-item\" tabindex=\"-1\">Utiliser ce site web<\/a><\/li>\n<li class=\"menu-item menu-item-type-post_type menu-item-object-page menu-item-8476\"><a href=\"https:\/\/cancerfertilityandme.org.uk\/young-women\/about-this-project\/linking-fertility-options\/\" class=\"elementor-item\" tabindex=\"-1\">Relier les options de fertilit\u00e9<\/a><\/li>\n<li class=\"menu-item menu-item-type-post_type menu-item-object-page menu-item-10564\"><a href=\"https:\/\/cancerfertilityandme.org.uk\/glossary\/\" class=\"elementor-item\" tabindex=\"-1\">Glossaire<\/a><\/li>\n<\/ul>\t\t\t<\/nav>\n\t\t\t\t\t\t<\/div>\n\t\t\t\t<\/div>\n\t\t\t\t<\/div>\n\t\t\t\t<\/div>\n\t\t\t\t\t<\/div>\n\t\t\t\t<\/main>\n\t\t\t\t<\/div>\n\t\t","protected":false},"excerpt":{"rendered":"<p>\u00c0 propos du site web \u2018Le Cancer, la Fertilit\u00e9 et Moi\u2019 Si vous venez de recevoir un diagnostic de cancer, vous serez probablement assaillie par l\u2019inqui\u00e9tude, et toute une gamme de sentiments et d\u2019\u00e9motions divers vous traversera l\u2019esprit ; de plus, vous aurez probablement de nombreuses questions \u00e0 poser. Cancer and its treatment may affect [&hellip;]<\/p>\n","protected":false},"author":1,"featured_media":0,"parent":7907,"menu_order":0,"comment_status":"open","ping_status":"closed","template":"","meta":{"footnotes":""},"class_list":["post-7973","page","type-page","status-publish","hentry"],"_links":{"self":[{"href":"https:\/\/cancerfertilityandme.org.uk\/fr\/wp-json\/wp\/v2\/pages\/7973","targetHints":{"allow":["GET"]}}],"collection":[{"href":"https:\/\/cancerfertilityandme.org.uk\/fr\/wp-json\/wp\/v2\/pages"}],"about":[{"href":"https:\/\/cancerfertilityandme.org.uk\/fr\/wp-json\/wp\/v2\/types\/page"}],"author":[{"embeddable":true,"href":"https:\/\/cancerfertilityandme.org.uk\/fr\/wp-json\/wp\/v2\/users\/1"}],"replies":[{"embeddable":true,"href":"https:\/\/cancerfertilityandme.org.uk\/fr\/wp-json\/wp\/v2\/comments?post=7973"}],"version-history":[{"count":8,"href":"https:\/\/cancerfertilityandme.org.uk\/fr\/wp-json\/wp\/v2\/pages\/7973\/revisions"}],"predecessor-version":[{"id":11199,"href":"https:\/\/cancerfertilityandme.org.uk\/fr\/wp-json\/wp\/v2\/pages\/7973\/revisions\/11199"}],"up":[{"embeddable":true,"href":"https:\/\/cancerfertilityandme.org.uk\/fr\/wp-json\/wp\/v2\/pages\/7907"}],"wp:attachment":[{"href":"https:\/\/cancerfertilityandme.org.uk\/fr\/wp-json\/wp\/v2\/media?parent=7973"}],"curies":[{"name":"wp","href":"https:\/\/api.w.org\/{rel}","templated":true}]}}