{"id":5892,"date":"2019-08-20T14:52:27","date_gmt":"2019-08-20T14:52:27","guid":{"rendered":"https:\/\/cancerfertilityandme.org.uk\/autres-traitements-anticancereux\/"},"modified":"2026-03-11T16:21:58","modified_gmt":"2026-03-11T16:21:58","slug":"autres-traitements-anticancereux","status":"publish","type":"page","link":"https:\/\/cancerfertilityandme.org.uk\/fr\/femmes-adultes\/les-options-de-preservation-de-la-fertilite-2\/autres-traitements-anticancereux\/","title":{"rendered":"Autres traitements anticanc\u00e9reux"},"content":{"rendered":"\t\t<div data-elementor-type=\"wp-page\" data-elementor-id=\"5892\" class=\"elementor elementor-5892 elementor-5777\" data-elementor-post-type=\"page\">\n\t\t\t\t<main class=\"elementor-element elementor-element-1e71a784 e-flex e-con-boxed e-con e-parent\" data-id=\"1e71a784\" data-element_type=\"container\" data-e-type=\"container\">\n\t\t\t\t\t<div class=\"e-con-inner\">\n\t\t<div class=\"elementor-element elementor-element-644df550 e-con-full e-flex e-con e-child\" data-id=\"644df550\" data-element_type=\"container\" data-e-type=\"container\">\n\t\t\t\t<div class=\"elementor-element elementor-element-7bf30820 elementor-widget elementor-widget-text-editor\" data-id=\"7bf30820\" data-element_type=\"widget\" data-e-type=\"widget\" data-widget_type=\"text-editor.default\">\n\t\t\t\t<div class=\"elementor-widget-container\">\n\t\t\t\t\t\t\t\t\t<h2>Autres traitements anticanc\u00e9reux<\/h2><p>Parfois, le traitement anticanc\u00e9reux peut \u00eatre associ\u00e9 \u00e0 d\u2019autres traitements.<\/p><p><strong>La greffe de cellules souches ou de moelle osseuse<\/strong> peut impliquer l\u2019utilisation de traitements de chimioth\u00e9rapie, de radioth\u00e9rapie et d\u2019anticorps suivis d\u2019infusions de cellules souches et de moelle osseuse.<\/p><p><strong>Les th\u00e9rapies cellulaires (telles que les cellules CAR T)<\/strong> sont souvent associ\u00e9es \u00e0 la chimioth\u00e9rapie.<\/p><p>La plupart des patientes recevant une greffe de cellules souches ou de moelle osseuse auront d\u00e9j\u00e0 subi une chimioth\u00e9rapie et d\u2019autres traitements et leur fertilit\u00e9 aura d\u00e9j\u00e0 \u00e9t\u00e9 prise en compte ; cependant, certaines patientes recevront cette greffe comme premier traitement intensif contre leur cancer.<\/p><p>Ces traitements combin\u00e9s peuvent affecter la fertilit\u00e9 d\u2019une femme. Si la fertilit\u00e9 est affect\u00e9e par ces traitements, elle est souvent permanente et signifie que vous ne pourrez plus concevoir. <\/p><p>Vous devrez faire un test de grossesse avant de commencer ces traitements et il vous sera conseill\u00e9 de ne pas risquer une grossesse durant ces traitements.<\/p><p><strong>Les questions suivantes peuvent vous aider \u00e0 discuter avec votre \u00e9quipe de soins anticanc\u00e9reux de l\u2019effet que votre traitement anticanc\u00e9reux pourrait avoir sur votre future fertilit\u00e9 .<\/strong><\/p><ul><li>Comment le traitement anticanc\u00e9reux pr\u00e9vu pourrait-il affecter ma fertilit\u00e9 future?<\/li><li>Y a-t-il un risque que mon traitement anticanc\u00e9reux affecte une partie de mon syst\u00e8me reproducteur (p.ex, l\u2019ut\u00e9rus, les ovaires, les trompes de Fallope, le col de l\u2019ut\u00e9rus) ?<\/li><li>Les effets de mon traitement anticanc\u00e9reux sur ma fertilit\u00e9 sont-ils susceptibles d\u2019\u00eatre temporaires ou permanents ?<\/li><li>Comment mon \u00e2ge ou autres facteurs me concernant peuvent-ils affecter ma fertilit\u00e9 en plus de cancer ?<\/li><li>Quand dois-je discuter de la pr\u00e9servation de ma fertilit\u00e9 et avec qui puis-je en parler ?<\/li><\/ul>\t\t\t\t\t\t\t\t<\/div>\n\t\t\t\t<\/div>\n\t\t<div class=\"elementor-element elementor-element-360288b e-con-full e-flex e-con e-child\" data-id=\"360288b\" data-element_type=\"container\" data-e-type=\"container\" data-settings=\"{&quot;background_background&quot;:&quot;classic&quot;}\">\n\t\t\t\t<div class=\"elementor-element elementor-element-5ef5badd elementor-widget elementor-widget-text-editor\" data-id=\"5ef5badd\" data-element_type=\"widget\" data-e-type=\"widget\" data-widget_type=\"text-editor.default\">\n\t\t\t\t<div class=\"elementor-widget-container\">\n\t\t\t\t\t\t\t\t\t<h3>Les traitements anticanc\u00e9reux peuvent affecter la fertilit\u00e9 en :<\/h3><ul><li>Endommageant ou diminuant le nombre d\u2019ovules contenus dans les ovaires.<\/li><li>Endommageant une partie du corps qui contr\u00f4le les hormones en lien avec la fertilit\u00e9 f\u00e9minine.<\/li><li>Endommageant ou retirant une partie du syst\u00e8me reproducteur f\u00e9minin.<\/li><\/ul><p>Les effets des traitements anticanc\u00e9reux sur la fertilit\u00e9 d\u00e9pendent de votre type de cancer, ainsi que du traitement que vous suivez.<\/p><p>Les femmes qui suivent un traitement anticanc\u00e9reux n&rsquo;auront pas toutes de probl\u00e8mes de fertilit\u00e9 ult\u00e9rieurs.<\/p>\t\t\t\t\t\t\t\t<\/div>\n\t\t\t\t<\/div>\n\t\t\t\t<\/div>\n\t\t\t\t<\/div>\n\t\t<div class=\"elementor-element elementor-element-28790190 e-con-full e-flex e-con e-child\" data-id=\"28790190\" data-element_type=\"container\" data-e-type=\"container\">\n\t\t<div class=\"elementor-element elementor-element-95087b6 e-con-full e-flex e-con e-child\" data-id=\"95087b6\" data-element_type=\"container\" data-e-type=\"container\">\n\t\t\t\t<div class=\"elementor-element elementor-element-20bce565 elementor-widget elementor-widget-image\" data-id=\"20bce565\" data-element_type=\"widget\" data-e-type=\"widget\" data-widget_type=\"image.default\">\n\t\t\t\t<div class=\"elementor-widget-container\">\n\t\t\t\t\t\t\t\t\t\t\t\t\t\t\t\t<a href=\"http:\/\/.\/\">\n\t\t\t\t\t\t\t<img fetchpriority=\"high\" decoding=\"async\" width=\"400\" height=\"440\" src=\"https:\/\/cancerfertilityandme.org.uk\/wp-content\/uploads\/cancerfertilityandme-logo-column-adult-women.png\" class=\"attachment-full size-full wp-image-2280\" alt=\"\" srcset=\"https:\/\/cancerfertilityandme.org.uk\/wp-content\/uploads\/cancerfertilityandme-logo-column-adult-women.png 400w, https:\/\/cancerfertilityandme.org.uk\/wp-content\/uploads\/cancerfertilityandme-logo-column-adult-women-273x300.png 273w\" sizes=\"(max-width: 400px) 100vw, 400px\" \/>\t\t\t\t\t\t\t\t<\/a>\n\t\t\t\t\t\t\t\t\t\t\t\t\t\t\t<\/div>\n\t\t\t\t<\/div>\n\t\t\t\t<\/div>\n\t\t<div class=\"elementor-element elementor-element-3d66a7c2 e-con-full e-flex e-con e-child\" data-id=\"3d66a7c2\" data-element_type=\"container\" data-e-type=\"container\">\n\t\t\t\t<div class=\"elementor-element elementor-element-751eaedd elementor-widget elementor-widget-heading\" data-id=\"751eaedd\" data-element_type=\"widget\" data-e-type=\"widget\" data-widget_type=\"heading.default\">\n\t\t\t\t<div class=\"elementor-widget-container\">\n\t\t\t\t\t<h3 class=\"elementor-heading-title elementor-size-default\">Suivez ces liens pour plus d\u2019informations<\/h3>\t\t\t\t<\/div>\n\t\t\t\t<\/div>\n\t\t\t\t<div class=\"elementor-element elementor-element-572cad35 elementor-nav-menu--dropdown-none elementor-widget elementor-widget-nav-menu\" data-id=\"572cad35\" data-element_type=\"widget\" data-e-type=\"widget\" data-settings=\"{&quot;layout&quot;:&quot;vertical&quot;,&quot;submenu_icon&quot;:{&quot;value&quot;:&quot;&lt;svg aria-hidden=\\&quot;true\\&quot; class=\\&quot;e-font-icon-svg e-fas-caret-down\\&quot; viewBox=\\&quot;0 0 320 512\\&quot; xmlns=\\&quot;http:\\\/\\\/www.w3.org\\\/2000\\\/svg\\&quot;&gt;&lt;path d=\\&quot;M31.3 192h257.3c17.8 0 26.7 21.5 14.1 34.1L174.1 354.8c-7.8 7.8-20.5 7.8-28.3 0L17.2 226.1C4.6 213.5 13.5 192 31.3 192z\\&quot;&gt;&lt;\\\/path&gt;&lt;\\\/svg&gt;&quot;,&quot;library&quot;:&quot;fa-solid&quot;}}\" data-widget_type=\"nav-menu.default\">\n\t\t\t\t<div class=\"elementor-widget-container\">\n\t\t\t\t\t\t\t\t<nav aria-label=\"Menu\" class=\"elementor-nav-menu--main elementor-nav-menu__container elementor-nav-menu--layout-vertical e--pointer-none\">\n\t\t\t\t<ul id=\"menu-1-572cad35\" class=\"elementor-nav-menu sm-vertical\"><li class=\"menu-item menu-item-type-post_type menu-item-object-page menu-item-6859\"><a href=\"https:\/\/cancerfertilityandme.org.uk\/adult-women\/cancer-fertility-and-the-reproductive-system\/\" class=\"elementor-item\">Le cancer, la fertilit\u00e9 et le syst\u00e8me reproducteur<\/a><\/li>\n<li class=\"menu-item menu-item-type-post_type menu-item-object-page menu-item-6853\"><a href=\"https:\/\/cancerfertilityandme.org.uk\/adult-women\/cancer-fertility-and-the-reproductive-system\/how-cancer-treatments-affect-fertility\/\" class=\"elementor-item\">Comment les traitements anticanc\u00e9reux affectent la fertilit\u00e9<\/a><\/li>\n<li class=\"menu-item menu-item-type-post_type menu-item-object-page menu-item-6851\"><a href=\"https:\/\/cancerfertilityandme.org.uk\/adult-women\/cancer-fertility-and-the-reproductive-system\/chemotherapy\/\" class=\"elementor-item\">Chimioth\u00e9rapie<\/a><\/li>\n<li class=\"menu-item menu-item-type-post_type menu-item-object-page menu-item-6856\"><a href=\"https:\/\/cancerfertilityandme.org.uk\/adult-women\/cancer-fertility-and-the-reproductive-system\/radiotherapy\/\" class=\"elementor-item\">Radioth\u00e9rapie<\/a><\/li>\n<li class=\"menu-item menu-item-type-post_type menu-item-object-page menu-item-6857\"><a href=\"https:\/\/cancerfertilityandme.org.uk\/adult-women\/cancer-fertility-and-the-reproductive-system\/surgery\/\" class=\"elementor-item\">Op\u00e9ration chirurgicale<\/a><\/li>\n<li class=\"menu-item menu-item-type-post_type menu-item-object-page menu-item-6852\"><a href=\"https:\/\/cancerfertilityandme.org.uk\/adult-women\/cancer-fertility-and-the-reproductive-system\/hormone-therapy\/\" class=\"elementor-item\">Hormonoth\u00e9rapie<\/a><\/li>\n<li class=\"menu-item menu-item-type-post_type menu-item-object-page menu-item-6858\"><a href=\"https:\/\/cancerfertilityandme.org.uk\/adult-women\/cancer-fertility-and-the-reproductive-system\/targeted-drug-therapies\/\" class=\"elementor-item\">Th\u00e9rapies m\u00e9dicamenteuses cibl\u00e9es (Pharmacoth\u00e9rapie)<\/a><\/li>\n<li class=\"menu-item menu-item-type-post_type menu-item-object-page menu-item-6855\"><a href=\"https:\/\/cancerfertilityandme.org.uk\/adult-women\/cancer-fertility-and-the-reproductive-system\/questions-to-ask\/\" class=\"elementor-item\">Questions \u00e0 poser<\/a><\/li>\n<\/ul>\t\t\t<\/nav>\n\t\t\t\t\t\t<nav class=\"elementor-nav-menu--dropdown elementor-nav-menu__container\" aria-hidden=\"true\">\n\t\t\t\t<ul id=\"menu-2-572cad35\" class=\"elementor-nav-menu sm-vertical\"><li class=\"menu-item menu-item-type-post_type menu-item-object-page menu-item-6859\"><a href=\"https:\/\/cancerfertilityandme.org.uk\/adult-women\/cancer-fertility-and-the-reproductive-system\/\" class=\"elementor-item\" tabindex=\"-1\">Le cancer, la fertilit\u00e9 et le syst\u00e8me reproducteur<\/a><\/li>\n<li class=\"menu-item menu-item-type-post_type menu-item-object-page menu-item-6853\"><a href=\"https:\/\/cancerfertilityandme.org.uk\/adult-women\/cancer-fertility-and-the-reproductive-system\/how-cancer-treatments-affect-fertility\/\" class=\"elementor-item\" tabindex=\"-1\">Comment les traitements anticanc\u00e9reux affectent la fertilit\u00e9<\/a><\/li>\n<li class=\"menu-item menu-item-type-post_type menu-item-object-page menu-item-6851\"><a href=\"https:\/\/cancerfertilityandme.org.uk\/adult-women\/cancer-fertility-and-the-reproductive-system\/chemotherapy\/\" class=\"elementor-item\" tabindex=\"-1\">Chimioth\u00e9rapie<\/a><\/li>\n<li class=\"menu-item menu-item-type-post_type menu-item-object-page menu-item-6856\"><a href=\"https:\/\/cancerfertilityandme.org.uk\/adult-women\/cancer-fertility-and-the-reproductive-system\/radiotherapy\/\" class=\"elementor-item\" tabindex=\"-1\">Radioth\u00e9rapie<\/a><\/li>\n<li class=\"menu-item menu-item-type-post_type menu-item-object-page menu-item-6857\"><a href=\"https:\/\/cancerfertilityandme.org.uk\/adult-women\/cancer-fertility-and-the-reproductive-system\/surgery\/\" class=\"elementor-item\" tabindex=\"-1\">Op\u00e9ration chirurgicale<\/a><\/li>\n<li class=\"menu-item menu-item-type-post_type menu-item-object-page menu-item-6852\"><a href=\"https:\/\/cancerfertilityandme.org.uk\/adult-women\/cancer-fertility-and-the-reproductive-system\/hormone-therapy\/\" class=\"elementor-item\" tabindex=\"-1\">Hormonoth\u00e9rapie<\/a><\/li>\n<li class=\"menu-item menu-item-type-post_type menu-item-object-page menu-item-6858\"><a href=\"https:\/\/cancerfertilityandme.org.uk\/adult-women\/cancer-fertility-and-the-reproductive-system\/targeted-drug-therapies\/\" class=\"elementor-item\" tabindex=\"-1\">Th\u00e9rapies m\u00e9dicamenteuses cibl\u00e9es (Pharmacoth\u00e9rapie)<\/a><\/li>\n<li class=\"menu-item menu-item-type-post_type menu-item-object-page menu-item-6855\"><a href=\"https:\/\/cancerfertilityandme.org.uk\/adult-women\/cancer-fertility-and-the-reproductive-system\/questions-to-ask\/\" class=\"elementor-item\" tabindex=\"-1\">Questions \u00e0 poser<\/a><\/li>\n<\/ul>\t\t\t<\/nav>\n\t\t\t\t\t\t<\/div>\n\t\t\t\t<\/div>\n\t\t\t\t<\/div>\n\t\t\t\t<\/div>\n\t\t\t\t\t<\/div>\n\t\t\t\t<\/main>\n\t\t\t\t<\/div>\n\t\t","protected":false},"excerpt":{"rendered":"<p>Autres traitements anticanc\u00e9reux Parfois, le traitement anticanc\u00e9reux peut \u00eatre associ\u00e9 \u00e0 d\u2019autres traitements. La greffe de cellules souches ou de moelle osseuse peut impliquer l\u2019utilisation de traitements de chimioth\u00e9rapie, de radioth\u00e9rapie et d\u2019anticorps suivis d\u2019infusions de cellules souches et de moelle osseuse. Les th\u00e9rapies cellulaires (telles que les cellules CAR T) sont souvent associ\u00e9es \u00e0 [&hellip;]<\/p>\n","protected":false},"author":1,"featured_media":0,"parent":5822,"menu_order":0,"comment_status":"closed","ping_status":"closed","template":"","meta":{"footnotes":""},"class_list":["post-5892","page","type-page","status-publish","hentry"],"_links":{"self":[{"href":"https:\/\/cancerfertilityandme.org.uk\/fr\/wp-json\/wp\/v2\/pages\/5892","targetHints":{"allow":["GET"]}}],"collection":[{"href":"https:\/\/cancerfertilityandme.org.uk\/fr\/wp-json\/wp\/v2\/pages"}],"about":[{"href":"https:\/\/cancerfertilityandme.org.uk\/fr\/wp-json\/wp\/v2\/types\/page"}],"author":[{"embeddable":true,"href":"https:\/\/cancerfertilityandme.org.uk\/fr\/wp-json\/wp\/v2\/users\/1"}],"replies":[{"embeddable":true,"href":"https:\/\/cancerfertilityandme.org.uk\/fr\/wp-json\/wp\/v2\/comments?post=5892"}],"version-history":[{"count":3,"href":"https:\/\/cancerfertilityandme.org.uk\/fr\/wp-json\/wp\/v2\/pages\/5892\/revisions"}],"predecessor-version":[{"id":9377,"href":"https:\/\/cancerfertilityandme.org.uk\/fr\/wp-json\/wp\/v2\/pages\/5892\/revisions\/9377"}],"up":[{"embeddable":true,"href":"https:\/\/cancerfertilityandme.org.uk\/fr\/wp-json\/wp\/v2\/pages\/5822"}],"wp:attachment":[{"href":"https:\/\/cancerfertilityandme.org.uk\/fr\/wp-json\/wp\/v2\/media?parent=5892"}],"curies":[{"name":"wp","href":"https:\/\/api.w.org\/{rel}","templated":true}]}}