{"id":5876,"date":"2019-04-30T10:53:56","date_gmt":"2019-04-30T10:53:56","guid":{"rendered":"https:\/\/cancerfertilityandme.org.uk\/contraception-pendant-le-traitement-anticancereux\/"},"modified":"2026-03-05T15:31:03","modified_gmt":"2026-03-05T15:31:03","slug":"contraception-pendant-le-traitement-anticancereux","status":"publish","type":"page","link":"https:\/\/cancerfertilityandme.org.uk\/fr\/femmes-adultes\/contraception-et-planification-familiale\/contraception-pendant-le-traitement-anticancereux\/","title":{"rendered":"Contraception pendant le traitement anticanc\u00e9reux"},"content":{"rendered":"\t\t<div data-elementor-type=\"wp-page\" data-elementor-id=\"5876\" class=\"elementor elementor-5876 elementor-5713\" data-elementor-post-type=\"page\">\n\t\t\t\t<main class=\"elementor-element elementor-element-43c0269a e-flex e-con-boxed e-con e-parent\" data-id=\"43c0269a\" data-element_type=\"container\" data-e-type=\"container\">\n\t\t\t\t\t<div class=\"e-con-inner\">\n\t\t<div class=\"elementor-element elementor-element-475ec412 e-con-full e-flex e-con e-child\" data-id=\"475ec412\" data-element_type=\"container\" data-e-type=\"container\">\n\t\t\t\t<div class=\"elementor-element elementor-element-7fac20b9 elementor-widget elementor-widget-text-editor\" data-id=\"7fac20b9\" data-element_type=\"widget\" data-e-type=\"widget\" data-widget_type=\"text-editor.default\">\n\t\t\t\t<div class=\"elementor-widget-container\">\n\t\t\t\t\t\t\t\t\t<h2>Contraception pendant le traitement anticanc\u00e9reux<\/h2>\n<p>Il est fortement d\u00e9conseill\u00e9 aux femmes de concevoir pendant leur traitement anticanc\u00e9reux. En effet, les traitements anticanc\u00e9reux peuvent entra\u00eener des cons\u00e9quences sur le b\u00e9b\u00e9 \u00e0 na\u00eetre d\u00e8s les premiers stades de son d\u00e9veloppement. M\u00eame si vos r\u00e8gles s\u2019arr\u00eatent pendant le traitement, cela ne signifie pas que vous ne pouvez pas tomber enceinte.  <\/p>\n<p>Si vous \u00eates sexuellement active, vous devez utiliser une m\u00e9thode de contraception fiable tout au long de votre traitement anticanc\u00e9reux. Le <b>sch\u00e9ma ci-dessous<\/b> pr\u00e9sente les diff\u00e9rents types de contraception \u00e0 envisager.<\/p>\n<p>Il est recommand\u00e9 aux femmes qui suivent des traitements hormonaux d\u2019utiliser des m\u00e9thodes de contraception non-hormonales Il s\u2019agit notamment des pr\u00e9servatifs, des pr\u00e9servatifs f\u00e9minins et des diaphragmes. La pilule contraceptive est g\u00e9n\u00e9ralement contre-indiqu\u00e9e pour les femmes atteintes de cancers hormono-d\u00e9pendants. En effet, il est possible que les hormones contenues dans la pilule contraceptive stimulent les cellules canc\u00e9reuses restantes.   <\/p>\n<p>Il est conseill\u00e9 de discuter de ces diff\u00e9rentes m\u00e9thodes de contraception avec votre \u00e9quipe de canc\u00e9rologie. Ils peuvent vous orienter vers une clinique de planification familiale, un gyn\u00e9cologue, une sage-femme ou votre m\u00e9decin g\u00e9n\u00e9raliste si vous le souhaitez. <\/p>\n<p>Les questions suivantes peuvent vous aider \u00e0 discuter de la contraception avec votre \u00e9quipe de canc\u00e9rologie ou votre m\u00e9decin g\u00e9n\u00e9raliste.<\/p>\n<ul>\n<li>Quel contraceptif me conviendrait le mieux pendant un traitement anticanc\u00e9reux ?<\/li>\n<li>Pendant combien de temps dois-je utiliser ce contraceptif ?<\/li>\n<li>Dois-je utiliser des m\u00e9thodes de contraception non-hormonales pour mon type de cancer ?<\/li>\n<li>Si je n&rsquo;ai pas de r\u00e8gles pendant mon traitement anticanc\u00e9reux, dois-je quand m\u00eame utiliser des contraceptifs ?<\/li>\n<li>En supposant que je n\u2019utilise pas de contraception et que je tombe enceinte pendant mon traitement anticanc\u00e9reux, que se passerait-il pour moi et pour mon b\u00e9b\u00e9 \u00e0 na\u00eetre ?<\/li>\n<\/ul>\t\t\t\t\t\t\t\t<\/div>\n\t\t\t\t<\/div>\n\t\t\t\t<div class=\"elementor-element elementor-element-0a2317e elementor-widget elementor-widget-image\" data-id=\"0a2317e\" data-element_type=\"widget\" data-e-type=\"widget\" data-widget_type=\"image.default\">\n\t\t\t\t<div class=\"elementor-widget-container\">\n\t\t\t\t\t\t\t\t\t\t\t\t\t\t\t<img fetchpriority=\"high\" decoding=\"async\" width=\"800\" height=\"323\" src=\"https:\/\/cancerfertilityandme.org.uk\/wp-content\/uploads\/FR-05-2-1024x413.png\" class=\"attachment-large size-large wp-image-5732\" alt=\"Contraception pendant le traitement anticanc\u00e9reux\" srcset=\"https:\/\/cancerfertilityandme.org.uk\/wp-content\/uploads\/FR-05-2-1024x413.png 1024w, https:\/\/cancerfertilityandme.org.uk\/wp-content\/uploads\/FR-05-2-300x121.png 300w, https:\/\/cancerfertilityandme.org.uk\/wp-content\/uploads\/FR-05-2-768x310.png 768w, https:\/\/cancerfertilityandme.org.uk\/wp-content\/uploads\/FR-05-2.png 1028w\" sizes=\"(max-width: 800px) 100vw, 800px\" \/>\t\t\t\t\t\t\t\t\t\t\t\t\t\t\t<\/div>\n\t\t\t\t<\/div>\n\t\t<div class=\"elementor-element elementor-element-fc74772 e-con-full e-flex e-con e-child\" data-id=\"fc74772\" data-element_type=\"container\" data-e-type=\"container\" data-settings=\"{&quot;background_background&quot;:&quot;classic&quot;}\">\n\t\t\t\t<div class=\"elementor-element elementor-element-7e37a2fd elementor-widget elementor-widget-text-editor\" data-id=\"7e37a2fd\" data-element_type=\"widget\" data-e-type=\"widget\" data-widget_type=\"text-editor.default\">\n\t\t\t\t<div class=\"elementor-widget-container\">\n\t\t\t\t\t\t\t\t\t<p>Les femmes qui suivent un traitement anticanc\u00e9reux ne rencontreront pas toutes un probl\u00e8me de fertilit\u00e9 par la suite. Certaines femmes sont confront\u00e9es \u00e0 une perte permanente de leur fertilit\u00e9 \u00e0 l\u2019issue des traitements anticanc\u00e9reux, ce qui est d\u2019autant plus bouleversant et difficile \u00e0 accepter que cela peut arriver juste au moment o\u00f9 elles envisagent de fonder une famille, ou encore avant que leur famille ne soit compl\u00e8te.   <\/p><p>Si tel est votre cas, il peut \u00eatre utile de consulter un professionnel. Certains travaillent dans les services de fertilit\u00e9 mais ne sont pas directement impliqu\u00e9s dans votre traitement de fertilit\u00e9. D\u2019autres organisations de conseil en mesure de fournir ce soutien sp\u00e9cialis\u00e9 ont \u00e9t\u00e9 r\u00e9pertori\u00e9es <a href=\"https:\/\/en.cancerfertilityandme.org.uk\/more-information\/useful-contacts\">ici<\/a>. En plus d\u2019offrir un soutien \u00e9motionnel, elles peuvent vous renseigner sur d\u2019autres options, en l\u2019occurrence sur la maternit\u00e9 de substitution, l\u2019adoption et le placement familial. Ils peuvent \u00e9galement vous conseiller sur les m\u00e9thodes de grossesses assist\u00e9es telles que les ovules et les embryons de donneuses ou m\u00eame sur l\u2019utilisation de vos propres ovules, embryons et tissus ovariens conserv\u00e9s.     <\/p><p>Le site Web de HFEA <a href=\"http:\/\/www.hfea.gov.uk\" target=\"_blank\" rel=\"noopener\">www.hfea.gov.uk<\/a> contient plus d\u2019informations sur le don d\u2019ovules ou d\u2019embryons et la maternit\u00e9 de substitution.<\/p><p>Les organisations \u00e9num\u00e9r\u00e9es <a href=\"#\">ici <\/a>fournissent des informations et un soutien aux personnes int\u00e9ress\u00e9es par le placement et l\u2019adoption.<br><\/p>\t\t\t\t\t\t\t\t<\/div>\n\t\t\t\t<\/div>\n\t\t\t\t<\/div>\n\t\t\t\t<\/div>\n\t\t<div class=\"elementor-element elementor-element-6dd782a2 e-con-full e-flex e-con e-child\" data-id=\"6dd782a2\" data-element_type=\"container\" data-e-type=\"container\">\n\t\t<div class=\"elementor-element elementor-element-b9ecefe e-con-full e-flex e-con e-child\" data-id=\"b9ecefe\" data-element_type=\"container\" data-e-type=\"container\">\n\t\t\t\t<div class=\"elementor-element elementor-element-503b5a03 elementor-widget elementor-widget-image\" data-id=\"503b5a03\" data-element_type=\"widget\" data-e-type=\"widget\" data-widget_type=\"image.default\">\n\t\t\t\t<div class=\"elementor-widget-container\">\n\t\t\t\t\t\t\t\t\t\t\t\t\t\t\t\t<a href=\"http:\/\/.\/\">\n\t\t\t\t\t\t\t<img decoding=\"async\" width=\"400\" height=\"440\" src=\"https:\/\/cancerfertilityandme.org.uk\/wp-content\/uploads\/cancerfertilityandme-logo-column-adult-women.png\" class=\"attachment-full size-full wp-image-2280\" alt=\"\" srcset=\"https:\/\/cancerfertilityandme.org.uk\/wp-content\/uploads\/cancerfertilityandme-logo-column-adult-women.png 400w, https:\/\/cancerfertilityandme.org.uk\/wp-content\/uploads\/cancerfertilityandme-logo-column-adult-women-273x300.png 273w\" sizes=\"(max-width: 400px) 100vw, 400px\" \/>\t\t\t\t\t\t\t\t<\/a>\n\t\t\t\t\t\t\t\t\t\t\t\t\t\t\t<\/div>\n\t\t\t\t<\/div>\n\t\t\t\t<\/div>\n\t\t<div class=\"elementor-element elementor-element-24f8d263 e-con-full e-flex e-con e-child\" data-id=\"24f8d263\" data-element_type=\"container\" data-e-type=\"container\">\n\t\t\t\t<div class=\"elementor-element elementor-element-56b68a21 elementor-widget elementor-widget-heading\" data-id=\"56b68a21\" data-element_type=\"widget\" data-e-type=\"widget\" data-widget_type=\"heading.default\">\n\t\t\t\t<div class=\"elementor-widget-container\">\n\t\t\t\t\t<h3 class=\"elementor-heading-title elementor-size-default\">Suivez ces liens pour plus d\u2019informations<\/h3>\t\t\t\t<\/div>\n\t\t\t\t<\/div>\n\t\t\t\t<div class=\"elementor-element elementor-element-27951d47 elementor-nav-menu--dropdown-none elementor-widget elementor-widget-nav-menu\" data-id=\"27951d47\" data-element_type=\"widget\" data-e-type=\"widget\" data-settings=\"{&quot;layout&quot;:&quot;vertical&quot;,&quot;submenu_icon&quot;:{&quot;value&quot;:&quot;&lt;svg aria-hidden=\\&quot;true\\&quot; class=\\&quot;e-font-icon-svg e-fas-caret-down\\&quot; viewBox=\\&quot;0 0 320 512\\&quot; xmlns=\\&quot;http:\\\/\\\/www.w3.org\\\/2000\\\/svg\\&quot;&gt;&lt;path d=\\&quot;M31.3 192h257.3c17.8 0 26.7 21.5 14.1 34.1L174.1 354.8c-7.8 7.8-20.5 7.8-28.3 0L17.2 226.1C4.6 213.5 13.5 192 31.3 192z\\&quot;&gt;&lt;\\\/path&gt;&lt;\\\/svg&gt;&quot;,&quot;library&quot;:&quot;fa-solid&quot;}}\" data-widget_type=\"nav-menu.default\">\n\t\t\t\t<div class=\"elementor-widget-container\">\n\t\t\t\t\t\t\t\t<nav aria-label=\"Menu\" class=\"elementor-nav-menu--main elementor-nav-menu__container elementor-nav-menu--layout-vertical e--pointer-none\">\n\t\t\t\t<ul id=\"menu-1-27951d47\" class=\"elementor-nav-menu sm-vertical\"><li class=\"menu-item menu-item-type-post_type menu-item-object-page menu-item-6971\"><a href=\"https:\/\/cancerfertilityandme.org.uk\/adult-women\/contraception-family-planning\/\" class=\"elementor-item\">Contraception et planification familiale<\/a><\/li>\n<li class=\"menu-item menu-item-type-post_type menu-item-object-page menu-item-6972\"><a href=\"https:\/\/cancerfertilityandme.org.uk\/adult-women\/contraception-family-planning\/contraception-during-cancer-treatment\/\" class=\"elementor-item\">Contraception pendant le traitement anticanc\u00e9reux<\/a><\/li>\n<li class=\"menu-item menu-item-type-post_type menu-item-object-page menu-item-6973\"><a href=\"https:\/\/cancerfertilityandme.org.uk\/adult-women\/contraception-family-planning\/family-planning-decisions-after-cancer-treatment\/\" class=\"elementor-item\">D\u00e9cisions de planification familiale apr\u00e8s un traitement anticanc\u00e9reux<\/a><\/li>\n<li class=\"menu-item menu-item-type-post_type menu-item-object-page menu-item-8692\"><a href=\"https:\/\/cancerfertilityandme.org.uk\/adult-women\/making-your-fertility-preservation-decision\/questions-to-ask-your-cancer-care-team-or-gp\/\" class=\"elementor-item\">Questions \u00e0 poser \u00e0 votre \u00e9quipe de canc\u00e9rologie ou \u00e0 votre m\u00e9decin g\u00e9n\u00e9raliste<\/a><\/li>\n<\/ul>\t\t\t<\/nav>\n\t\t\t\t\t\t<nav class=\"elementor-nav-menu--dropdown elementor-nav-menu__container\" aria-hidden=\"true\">\n\t\t\t\t<ul id=\"menu-2-27951d47\" class=\"elementor-nav-menu sm-vertical\"><li class=\"menu-item menu-item-type-post_type menu-item-object-page menu-item-6971\"><a href=\"https:\/\/cancerfertilityandme.org.uk\/adult-women\/contraception-family-planning\/\" class=\"elementor-item\" tabindex=\"-1\">Contraception et planification familiale<\/a><\/li>\n<li class=\"menu-item menu-item-type-post_type menu-item-object-page menu-item-6972\"><a href=\"https:\/\/cancerfertilityandme.org.uk\/adult-women\/contraception-family-planning\/contraception-during-cancer-treatment\/\" class=\"elementor-item\" tabindex=\"-1\">Contraception pendant le traitement anticanc\u00e9reux<\/a><\/li>\n<li class=\"menu-item menu-item-type-post_type menu-item-object-page menu-item-6973\"><a href=\"https:\/\/cancerfertilityandme.org.uk\/adult-women\/contraception-family-planning\/family-planning-decisions-after-cancer-treatment\/\" class=\"elementor-item\" tabindex=\"-1\">D\u00e9cisions de planification familiale apr\u00e8s un traitement anticanc\u00e9reux<\/a><\/li>\n<li class=\"menu-item menu-item-type-post_type menu-item-object-page menu-item-8692\"><a href=\"https:\/\/cancerfertilityandme.org.uk\/adult-women\/making-your-fertility-preservation-decision\/questions-to-ask-your-cancer-care-team-or-gp\/\" class=\"elementor-item\" tabindex=\"-1\">Questions \u00e0 poser \u00e0 votre \u00e9quipe de canc\u00e9rologie ou \u00e0 votre m\u00e9decin g\u00e9n\u00e9raliste<\/a><\/li>\n<\/ul>\t\t\t<\/nav>\n\t\t\t\t\t\t<\/div>\n\t\t\t\t<\/div>\n\t\t\t\t<\/div>\n\t\t\t\t<\/div>\n\t\t\t\t\t<\/div>\n\t\t\t\t<\/main>\n\t\t\t\t<\/div>\n\t\t","protected":false},"excerpt":{"rendered":"<p>Contraception pendant le traitement anticanc\u00e9reux Il est fortement d\u00e9conseill\u00e9 aux femmes de concevoir pendant leur traitement anticanc\u00e9reux. En effet, les traitements anticanc\u00e9reux peuvent entra\u00eener des cons\u00e9quences sur le b\u00e9b\u00e9 \u00e0 na\u00eetre d\u00e8s les premiers stades de son d\u00e9veloppement. M\u00eame si vos r\u00e8gles s\u2019arr\u00eatent pendant le traitement, cela ne signifie pas que vous ne pouvez pas [&hellip;]<\/p>\n","protected":false},"author":1,"featured_media":5716,"parent":5874,"menu_order":0,"comment_status":"closed","ping_status":"open","template":"","meta":{"footnotes":""},"class_list":["post-5876","page","type-page","status-publish","has-post-thumbnail","hentry"],"_links":{"self":[{"href":"https:\/\/cancerfertilityandme.org.uk\/fr\/wp-json\/wp\/v2\/pages\/5876","targetHints":{"allow":["GET"]}}],"collection":[{"href":"https:\/\/cancerfertilityandme.org.uk\/fr\/wp-json\/wp\/v2\/pages"}],"about":[{"href":"https:\/\/cancerfertilityandme.org.uk\/fr\/wp-json\/wp\/v2\/types\/page"}],"author":[{"embeddable":true,"href":"https:\/\/cancerfertilityandme.org.uk\/fr\/wp-json\/wp\/v2\/users\/1"}],"replies":[{"embeddable":true,"href":"https:\/\/cancerfertilityandme.org.uk\/fr\/wp-json\/wp\/v2\/comments?post=5876"}],"version-history":[{"count":9,"href":"https:\/\/cancerfertilityandme.org.uk\/fr\/wp-json\/wp\/v2\/pages\/5876\/revisions"}],"predecessor-version":[{"id":11029,"href":"https:\/\/cancerfertilityandme.org.uk\/fr\/wp-json\/wp\/v2\/pages\/5876\/revisions\/11029"}],"up":[{"embeddable":true,"href":"https:\/\/cancerfertilityandme.org.uk\/fr\/wp-json\/wp\/v2\/pages\/5874"}],"wp:featuredmedia":[{"embeddable":true,"href":"https:\/\/cancerfertilityandme.org.uk\/fr\/wp-json\/wp\/v2\/media\/5716"}],"wp:attachment":[{"href":"https:\/\/cancerfertilityandme.org.uk\/fr\/wp-json\/wp\/v2\/media?parent=5876"}],"curies":[{"name":"wp","href":"https:\/\/api.w.org\/{rel}","templated":true}]}}