{"id":5870,"date":"2019-04-17T17:52:53","date_gmt":"2019-04-17T17:52:53","guid":{"rendered":"https:\/\/cancerfertilityandme.org.uk\/decisions-a-prendre-avant-pendant-et-apres-le-traitement\/"},"modified":"2026-03-03T12:41:53","modified_gmt":"2026-03-03T12:41:53","slug":"decisions-a-prendre-avant-pendant-et-apres-le-traitement","status":"publish","type":"page","link":"https:\/\/cancerfertilityandme.org.uk\/fr\/femmes-adultes\/a-propos-de-ce-site-web\/decisions-a-prendre-avant-pendant-et-apres-le-traitement\/","title":{"rendered":"D\u00e9cisions avant, pendant et apr\u00e8s le traitement"},"content":{"rendered":"\t\t<div data-elementor-type=\"wp-page\" data-elementor-id=\"5870\" class=\"elementor elementor-5870 elementor-5633\" data-elementor-post-type=\"page\">\n\t\t\t\t<main class=\"elementor-element elementor-element-19254594 e-flex e-con-boxed e-con e-parent\" data-id=\"19254594\" data-element_type=\"container\" data-e-type=\"container\">\n\t\t\t\t\t<div class=\"e-con-inner\">\n\t\t<div class=\"elementor-element elementor-element-633f2ab3 e-con-full e-flex e-con e-child\" data-id=\"633f2ab3\" data-element_type=\"container\" data-e-type=\"container\">\n\t\t\t\t<div class=\"elementor-element elementor-element-3934d836 elementor-widget elementor-widget-text-editor\" data-id=\"3934d836\" data-element_type=\"widget\" data-e-type=\"widget\" data-widget_type=\"text-editor.default\">\n\t\t\t\t<div class=\"elementor-widget-container\">\n\t\t\t\t\t\t\t\t\t<h2>D\u00e9cisions en mati\u00e8re de fertilit\u00e9 et de planification familiale pour les femmes avant, pendant et apr\u00e8s un traitement anticanc\u00e9reux :<\/h2><p>D\u00e9cisions en mati\u00e8re de fertilit\u00e9 et de planification familiale pour les femmes <b>avant<\/b>, <b>pendant <\/b>et <b>apr\u00e8s <\/b>un traitement anticanc\u00e9reux :<\/p><p>L\u2019image ci-dessous illustre les diff\u00e9rentes options de pr\u00e9servation de la fertilit\u00e9, en les reliant \u00e0 chaque \u00e9tape du traitement du cancer. N\u2019h\u00e9sitez pas \u00e0 discuter de chaque \u00e9tape avec votre \u00e9quipe de soins anticanc\u00e9reux et votre \u00e9quipe de soins de fertilit\u00e9, votre partenaire, votre famille et vos amis. Cela vous aidera \u00e0 vous tenir inform\u00e9e et \u00e0 prendre la d\u00e9cision qui vous convient le mieux.  <\/p><p>Le <a href=\"\/fertility-preservation-options\/summary\">tableau r\u00e9capitulatif<\/a> de cette page compare les diff\u00e9rentes options de pr\u00e9servation de la fertilit\u00e9. Vous pouvez utiliser ce r\u00e9sum\u00e9 pour vous aider \u00e0 r\u00e9fl\u00e9chir \u00e0 la d\u00e9cision qui vous convient le mieux. <\/p><p>Enfin, il existe de tout nouveaux traitements de fertilit\u00e9 qui n\u2019en sont qu\u2019aux premiers stades de la recherche et du d\u00e9veloppement. Par exemple, la greffe d\u2019ut\u00e9rus. Parlez-en \u00e0 votre \u00e9quipe de soins de fertilit\u00e9.  <\/p><p><b>Diagramme ci-dessous<\/b>: Sch\u00e9ma des options de fertilit\u00e9 pour les jeunes femmes <b>avant<\/b>, <b>pendant <\/b>et apr\u00e8s leur traitement anticanc\u00e9reux<\/p><p> <\/p>\t\t\t\t\t\t\t\t<\/div>\n\t\t\t\t<\/div>\n\t\t\t\t<div class=\"elementor-element elementor-element-822ad53 elementor-widget elementor-widget-image\" data-id=\"822ad53\" data-element_type=\"widget\" data-e-type=\"widget\" data-widget_type=\"image.default\">\n\t\t\t\t<div class=\"elementor-widget-container\">\n\t\t\t\t\t\t\t\t\t\t\t\t\t\t\t<img fetchpriority=\"high\" decoding=\"async\" width=\"800\" height=\"1008\" src=\"https:\/\/cancerfertilityandme.org.uk\/wp-content\/uploads\/FR-03-813x1024-1.png\" class=\"attachment-large size-large wp-image-5692\" alt=\"Relier les options de fertilit\u00e9 pour les jeunes femmes avant, pendant et apr\u00e8s le traitement anticanc\u00e9reux\" srcset=\"https:\/\/cancerfertilityandme.org.uk\/wp-content\/uploads\/FR-03-813x1024-1.png 813w, https:\/\/cancerfertilityandme.org.uk\/wp-content\/uploads\/FR-03-813x1024-1-238x300.png 238w, https:\/\/cancerfertilityandme.org.uk\/wp-content\/uploads\/FR-03-813x1024-1-768x967.png 768w\" sizes=\"(max-width: 800px) 100vw, 800px\" \/>\t\t\t\t\t\t\t\t\t\t\t\t\t\t\t<\/div>\n\t\t\t\t<\/div>\n\t\t\t\t<\/div>\n\t\t<div class=\"elementor-element elementor-element-21f10086 e-con-full e-flex e-con e-child\" data-id=\"21f10086\" data-element_type=\"container\" data-e-type=\"container\">\n\t\t<div class=\"elementor-element elementor-element-640667fb e-con-full e-flex e-con e-child\" data-id=\"640667fb\" data-element_type=\"container\" data-e-type=\"container\">\n\t\t\t\t<div class=\"elementor-element elementor-element-e606fb elementor-widget elementor-widget-image\" data-id=\"e606fb\" data-element_type=\"widget\" data-e-type=\"widget\" data-widget_type=\"image.default\">\n\t\t\t\t<div class=\"elementor-widget-container\">\n\t\t\t\t\t\t\t\t\t\t\t\t\t\t\t\t<a href=\"http:\/\/.\/\">\n\t\t\t\t\t\t\t<img decoding=\"async\" width=\"400\" height=\"440\" src=\"https:\/\/cancerfertilityandme.org.uk\/wp-content\/uploads\/cancerfertilityandme-logo-column-adult-women.png\" class=\"attachment-full size-full wp-image-2280\" alt=\"\" srcset=\"https:\/\/cancerfertilityandme.org.uk\/wp-content\/uploads\/cancerfertilityandme-logo-column-adult-women.png 400w, https:\/\/cancerfertilityandme.org.uk\/wp-content\/uploads\/cancerfertilityandme-logo-column-adult-women-273x300.png 273w\" sizes=\"(max-width: 400px) 100vw, 400px\" \/>\t\t\t\t\t\t\t\t<\/a>\n\t\t\t\t\t\t\t\t\t\t\t\t\t\t\t<\/div>\n\t\t\t\t<\/div>\n\t\t\t\t<\/div>\n\t\t<div class=\"elementor-element elementor-element-51a24fbc e-con-full e-flex e-con e-child\" data-id=\"51a24fbc\" data-element_type=\"container\" data-e-type=\"container\">\n\t\t\t\t<div class=\"elementor-element elementor-element-14d06784 elementor-widget elementor-widget-heading\" data-id=\"14d06784\" data-element_type=\"widget\" data-e-type=\"widget\" data-widget_type=\"heading.default\">\n\t\t\t\t<div class=\"elementor-widget-container\">\n\t\t\t\t\t<h3 class=\"elementor-heading-title elementor-size-default\">Suivez ces liens pour plus d\u2019informations<\/h3>\t\t\t\t<\/div>\n\t\t\t\t<\/div>\n\t\t\t\t<div class=\"elementor-element elementor-element-4a3154e9 elementor-nav-menu--dropdown-none elementor-widget elementor-widget-nav-menu\" data-id=\"4a3154e9\" data-element_type=\"widget\" data-e-type=\"widget\" data-settings=\"{&quot;layout&quot;:&quot;vertical&quot;,&quot;submenu_icon&quot;:{&quot;value&quot;:&quot;&lt;svg aria-hidden=\\&quot;true\\&quot; class=\\&quot;e-font-icon-svg e-fas-caret-down\\&quot; viewBox=\\&quot;0 0 320 512\\&quot; xmlns=\\&quot;http:\\\/\\\/www.w3.org\\\/2000\\\/svg\\&quot;&gt;&lt;path d=\\&quot;M31.3 192h257.3c17.8 0 26.7 21.5 14.1 34.1L174.1 354.8c-7.8 7.8-20.5 7.8-28.3 0L17.2 226.1C4.6 213.5 13.5 192 31.3 192z\\&quot;&gt;&lt;\\\/path&gt;&lt;\\\/svg&gt;&quot;,&quot;library&quot;:&quot;fa-solid&quot;}}\" data-widget_type=\"nav-menu.default\">\n\t\t\t\t<div class=\"elementor-widget-container\">\n\t\t\t\t\t\t\t\t<nav aria-label=\"Menu\" class=\"elementor-nav-menu--main elementor-nav-menu__container elementor-nav-menu--layout-vertical e--pointer-none\">\n\t\t\t\t<ul id=\"menu-1-4a3154e9\" class=\"elementor-nav-menu sm-vertical\"><li class=\"menu-item menu-item-type-post_type menu-item-object-page menu-item-6817\"><a href=\"https:\/\/cancerfertilityandme.org.uk\/adult-women\/about-this-project\/\" class=\"elementor-item\">\u00c0 propos de ce site web<\/a><\/li>\n<li class=\"menu-item menu-item-type-post_type menu-item-object-page menu-item-6818\"><a href=\"https:\/\/cancerfertilityandme.org.uk\/adult-women\/about-this-project\/decisions-before-during-and-after-treatment\/\" class=\"elementor-item\">D\u00e9cisions avant, pendant et apr\u00e8s le traitement<\/a><\/li>\n<li class=\"menu-item menu-item-type-post_type menu-item-object-page menu-item-6820\"><a href=\"https:\/\/cancerfertilityandme.org.uk\/adult-women\/about-this-project\/using-this-website\/\" class=\"elementor-item\">Utiliser ce site web<\/a><\/li>\n<li class=\"menu-item menu-item-type-post_type menu-item-object-page menu-item-6819\"><a href=\"https:\/\/cancerfertilityandme.org.uk\/glossary\/\" class=\"elementor-item\">Glossaire<\/a><\/li>\n<\/ul>\t\t\t<\/nav>\n\t\t\t\t\t\t<nav class=\"elementor-nav-menu--dropdown elementor-nav-menu__container\" aria-hidden=\"true\">\n\t\t\t\t<ul id=\"menu-2-4a3154e9\" class=\"elementor-nav-menu sm-vertical\"><li class=\"menu-item menu-item-type-post_type menu-item-object-page menu-item-6817\"><a href=\"https:\/\/cancerfertilityandme.org.uk\/adult-women\/about-this-project\/\" class=\"elementor-item\" tabindex=\"-1\">\u00c0 propos de ce site web<\/a><\/li>\n<li class=\"menu-item menu-item-type-post_type menu-item-object-page menu-item-6818\"><a href=\"https:\/\/cancerfertilityandme.org.uk\/adult-women\/about-this-project\/decisions-before-during-and-after-treatment\/\" class=\"elementor-item\" tabindex=\"-1\">D\u00e9cisions avant, pendant et apr\u00e8s le traitement<\/a><\/li>\n<li class=\"menu-item menu-item-type-post_type menu-item-object-page menu-item-6820\"><a href=\"https:\/\/cancerfertilityandme.org.uk\/adult-women\/about-this-project\/using-this-website\/\" class=\"elementor-item\" tabindex=\"-1\">Utiliser ce site web<\/a><\/li>\n<li class=\"menu-item menu-item-type-post_type menu-item-object-page menu-item-6819\"><a href=\"https:\/\/cancerfertilityandme.org.uk\/glossary\/\" class=\"elementor-item\" tabindex=\"-1\">Glossaire<\/a><\/li>\n<\/ul>\t\t\t<\/nav>\n\t\t\t\t\t\t<\/div>\n\t\t\t\t<\/div>\n\t\t\t\t<\/div>\n\t\t\t\t<\/div>\n\t\t\t\t\t<\/div>\n\t\t\t\t<\/main>\n\t\t\t\t<\/div>\n\t\t","protected":false},"excerpt":{"rendered":"<p>D\u00e9cisions en mati\u00e8re de fertilit\u00e9 et de planification familiale pour les femmes avant, pendant et apr\u00e8s un traitement anticanc\u00e9reux : D\u00e9cisions en mati\u00e8re de fertilit\u00e9 et de planification familiale pour les femmes avant, pendant et apr\u00e8s un traitement anticanc\u00e9reux : L\u2019image ci-dessous illustre les diff\u00e9rentes options de pr\u00e9servation de la fertilit\u00e9, en les reliant \u00e0 [&hellip;]<\/p>\n","protected":false},"author":1,"featured_media":5636,"parent":5800,"menu_order":0,"comment_status":"closed","ping_status":"open","template":"","meta":{"footnotes":""},"class_list":["post-5870","page","type-page","status-publish","has-post-thumbnail","hentry"],"_links":{"self":[{"href":"https:\/\/cancerfertilityandme.org.uk\/fr\/wp-json\/wp\/v2\/pages\/5870","targetHints":{"allow":["GET"]}}],"collection":[{"href":"https:\/\/cancerfertilityandme.org.uk\/fr\/wp-json\/wp\/v2\/pages"}],"about":[{"href":"https:\/\/cancerfertilityandme.org.uk\/fr\/wp-json\/wp\/v2\/types\/page"}],"author":[{"embeddable":true,"href":"https:\/\/cancerfertilityandme.org.uk\/fr\/wp-json\/wp\/v2\/users\/1"}],"replies":[{"embeddable":true,"href":"https:\/\/cancerfertilityandme.org.uk\/fr\/wp-json\/wp\/v2\/comments?post=5870"}],"version-history":[{"count":11,"href":"https:\/\/cancerfertilityandme.org.uk\/fr\/wp-json\/wp\/v2\/pages\/5870\/revisions"}],"predecessor-version":[{"id":10835,"href":"https:\/\/cancerfertilityandme.org.uk\/fr\/wp-json\/wp\/v2\/pages\/5870\/revisions\/10835"}],"up":[{"embeddable":true,"href":"https:\/\/cancerfertilityandme.org.uk\/fr\/wp-json\/wp\/v2\/pages\/5800"}],"wp:featuredmedia":[{"embeddable":true,"href":"https:\/\/cancerfertilityandme.org.uk\/fr\/wp-json\/wp\/v2\/media\/5636"}],"wp:attachment":[{"href":"https:\/\/cancerfertilityandme.org.uk\/fr\/wp-json\/wp\/v2\/media?parent=5870"}],"curies":[{"name":"wp","href":"https:\/\/api.w.org\/{rel}","templated":true}]}}