{"id":5866,"date":"2019-02-07T16:57:21","date_gmt":"2019-02-07T16:57:21","guid":{"rendered":"https:\/\/cancerfertilityandme.org.uk\/utiliser-ce-site-web\/"},"modified":"2025-11-17T10:53:49","modified_gmt":"2025-11-17T10:53:49","slug":"utiliser-ce-site-web","status":"publish","type":"page","link":"https:\/\/cancerfertilityandme.org.uk\/fr\/femmes-adultes\/a-propos-de-ce-site-web\/utiliser-ce-site-web\/","title":{"rendered":"Utiliser ce site web"},"content":{"rendered":"\t\t<div data-elementor-type=\"wp-page\" data-elementor-id=\"5866\" class=\"elementor elementor-5866 elementor-5603\" data-elementor-post-type=\"page\">\n\t\t\t\t<main class=\"elementor-element elementor-element-2122ebfc e-flex e-con-boxed e-con e-parent\" data-id=\"2122ebfc\" data-element_type=\"container\" data-e-type=\"container\">\n\t\t\t\t\t<div class=\"e-con-inner\">\n\t\t<div class=\"elementor-element elementor-element-70263d2a e-con-full e-flex e-con e-child\" data-id=\"70263d2a\" data-element_type=\"container\" data-e-type=\"container\">\n\t\t\t\t<div class=\"elementor-element elementor-element-4e959baf elementor-widget elementor-widget-text-editor\" data-id=\"4e959baf\" data-element_type=\"widget\" data-e-type=\"widget\" data-widget_type=\"text-editor.default\">\n\t\t\t\t<div class=\"elementor-widget-container\">\n\t\t\t\t\t\t\t\t\t<h2>Utiliser ce site web pour vous aider \u00e0 prendre une d\u00e9cision<\/h2><p>Certaines femmes qui commencent un traitement anticanc\u00e9reux savent avec certitude si elles veulent ou non recourir \u00e0 une m\u00e9thode de pr\u00e9servation de la fertilit\u00e9. Certaines femmes qui commencent un traitement anticanc\u00e9reux savent avec certitude si elles veulent ou non recourir \u00e0 une m\u00e9thode de pr\u00e9servation de la fertilit\u00e9. <\/p><p>Ce site web vise \u00e0 faciliter votre d\u00e9cision et contient des informations qui vous aideront \u00e0 :<\/p><ul><li>En savoir plus sur les diff\u00e9rentes options de pr\u00e9servation de la fertilit\u00e9 qui s\u2019offrent \u00e0 vous.<\/li><li>D\u00e9cider de recourir \u00e0 une m\u00e9thode de pr\u00e9servation de la fertilit\u00e9 ou pas.<\/li><li>R\u00e9fl\u00e9chir \u00e0 ce qui compte dans votre vie d\u2019aujourd\u2019hui, ainsi que dans votre vie future.<\/li><li>Parler \u00e0 votre \u00e9quipe de soins anticanc\u00e9reux et \u00e0 votre \u00e9quipe de soins de fertilit\u00e9 pendant que vous prenez votre d\u00e9cision.<\/li><li>Discuter avec votre \u00e9quipe de soins anticanc\u00e9reux et votre \u00e9quipe de soins de fertilit\u00e9 des cons\u00e9quences et des avantages de toute d\u00e9cision que vous pourriez prendre.<\/li><\/ul><p>Vous pouvez utiliser ce site web de diff\u00e9rentes mani\u00e8res. Vous voudrez peut-\u00eatre le relire plusieurs fois ou en consulter certaines parties. Vous pouvez le lire seule ou le partager avec votre \u00e9quipe soignante en canc\u00e9rologie et en fertilit\u00e9, votre partenaire, votre famille et vos amis pendant que vous r\u00e9fl\u00e9chissez \u00e0 votre d\u00e9cision.  <\/p><p>Ce site web a \u00e9t\u00e9 con\u00e7u pour fournir des informations claires et propose les \u00e9l\u00e9ments suivants :<\/p><ul><li>Une navigation claire permet d\u2019acc\u00e9der aux sections relatives au traitement du cancer, aux probl\u00e8mes de fertilit\u00e9, aux d\u00e9cisions de pr\u00e9servation de la fertilit\u00e9 et \u00e0 la planification familiale.<\/li><li>Les images indiquent clairement quelles sont les d\u00e9cisions \u00e0 prendre en mati\u00e8re de fertilit\u00e9 pour les femmes <u>avant<\/u>, <u>pendant<\/u> et <u>apr\u00e8s<\/u> un traitement anticanc\u00e9reux.<\/li><li>Les tableaux d\u00e9crivent les caract\u00e9ristiques des diff\u00e9rentes options de pr\u00e9servation de la fertilit\u00e9 les unes \u00e0 c\u00f4t\u00e9 des autres pour vous aider \u00e0 faire une comparaison d\u00e9taill\u00e9e.<\/li><li>Les questions vous aideront \u00e0 r\u00e9fl\u00e9chir aux sujets que vous souhaiteriez aborder avec les \u00e9quipes de canc\u00e9rologie et de soins de fertilit\u00e9<\/li><li>Les zones d\u2019\u00e9criture vous permettent de prendre des notes, de r\u00e9sumer par des points cl\u00e9s et de faire une liste des questions que vous pourriez avoir sur le diagnostic de cancer et votre fertilit\u00e9 future.<\/li><li>Le glossaire donne la d\u00e9finition des termes utilis\u00e9s pour parler du cancer et de ses traitements, de la fertilit\u00e9 et de la pr\u00e9servation de la fertilit\u00e9.<\/li><\/ul>\t\t\t\t\t\t\t\t<\/div>\n\t\t\t\t<\/div>\n\t\t<div class=\"elementor-element elementor-element-338bd4e9 e-con-full e-flex e-con e-child\" data-id=\"338bd4e9\" data-element_type=\"container\" data-e-type=\"container\" data-settings=\"{&quot;background_background&quot;:&quot;classic&quot;}\">\n\t\t\t\t<div class=\"elementor-element elementor-element-15254727 elementor-widget elementor-widget-text-editor\" data-id=\"15254727\" data-element_type=\"widget\" data-e-type=\"widget\" data-widget_type=\"text-editor.default\">\n\t\t\t\t<div class=\"elementor-widget-container\">\n\t\t\t\t\t\t\t\t\t<h3>\u00c0 noter<\/h3>\n<p>Ce site web souligne l&rsquo;importance de parler \u00e0 votre \u00e9quipe soignante en canc\u00e9rologie et \u00e0 votre \u00e9quipe de soins de fertilit\u00e9 <b>avant<\/b> de commencer un traitement anticanc\u00e9reux. Il vous aidera \u00e0 r\u00e9fl\u00e9chir aux questions \u00e0 poser et guidera les conversations que vous souhaiterez \u00e9ventuellement avoir avec eux. <\/p>\n<ul>\n<li>Toutes les techniques de pr\u00e9servation de la fertilit\u00e9 d\u00e9crites dans ce site web ne conviennent pas \u00e0 toutes les femmes.<\/li>\n<li>Les femmes ne peuvent pas toutes b\u00e9n\u00e9ficier des techniques de pr\u00e9servation de la fertilit\u00e9 d\u00e9crites dans ce site web \u00e0 l&rsquo;heure actuelle.<\/li>\n<li>Not all women who are treated for cancer will have a fertility problem in&nbsp;the future.<\/li>\n<li>Certaines des techniques de pr\u00e9servation de la fertilit\u00e9 d\u00e9crites dans ce site web ne sont pas toujours disponibles dans toutes les cliniques de fertilit\u00e9<\/li>\n<\/ul>\t\t\t\t\t\t\t\t<\/div>\n\t\t\t\t<\/div>\n\t\t\t\t<\/div>\n\t\t\t\t<\/div>\n\t\t<div class=\"elementor-element elementor-element-4c45813a e-con-full e-flex e-con e-child\" data-id=\"4c45813a\" data-element_type=\"container\" data-e-type=\"container\">\n\t\t<div class=\"elementor-element elementor-element-74317676 e-con-full e-flex e-con e-child\" data-id=\"74317676\" data-element_type=\"container\" data-e-type=\"container\">\n\t\t\t\t<div class=\"elementor-element elementor-element-13a82141 elementor-widget elementor-widget-image\" data-id=\"13a82141\" data-element_type=\"widget\" data-e-type=\"widget\" data-widget_type=\"image.default\">\n\t\t\t\t<div class=\"elementor-widget-container\">\n\t\t\t\t\t\t\t\t\t\t\t\t\t\t\t\t<a href=\"http:\/\/.\/\">\n\t\t\t\t\t\t\t<img fetchpriority=\"high\" decoding=\"async\" width=\"400\" height=\"440\" src=\"https:\/\/cancerfertilityandme.org.uk\/wp-content\/uploads\/cancerfertilityandme-logo-column-adult-women.png\" class=\"attachment-full size-full wp-image-2280\" alt=\"\" srcset=\"https:\/\/cancerfertilityandme.org.uk\/wp-content\/uploads\/cancerfertilityandme-logo-column-adult-women.png 400w, https:\/\/cancerfertilityandme.org.uk\/wp-content\/uploads\/cancerfertilityandme-logo-column-adult-women-273x300.png 273w\" sizes=\"(max-width: 400px) 100vw, 400px\" \/>\t\t\t\t\t\t\t\t<\/a>\n\t\t\t\t\t\t\t\t\t\t\t\t\t\t\t<\/div>\n\t\t\t\t<\/div>\n\t\t\t\t<\/div>\n\t\t<div class=\"elementor-element elementor-element-49f00865 e-con-full e-flex e-con e-child\" data-id=\"49f00865\" data-element_type=\"container\" data-e-type=\"container\">\n\t\t\t\t<div class=\"elementor-element elementor-element-3815a980 elementor-widget elementor-widget-heading\" data-id=\"3815a980\" data-element_type=\"widget\" data-e-type=\"widget\" data-widget_type=\"heading.default\">\n\t\t\t\t<div class=\"elementor-widget-container\">\n\t\t\t\t\t<h3 class=\"elementor-heading-title elementor-size-default\">Suivez ces liens pour plus d\u2019informations<\/h3>\t\t\t\t<\/div>\n\t\t\t\t<\/div>\n\t\t\t\t<div class=\"elementor-element elementor-element-6332b58a elementor-nav-menu--dropdown-none elementor-widget elementor-widget-nav-menu\" data-id=\"6332b58a\" data-element_type=\"widget\" data-e-type=\"widget\" data-settings=\"{&quot;layout&quot;:&quot;vertical&quot;,&quot;submenu_icon&quot;:{&quot;value&quot;:&quot;&lt;svg aria-hidden=\\&quot;true\\&quot; class=\\&quot;e-font-icon-svg e-fas-caret-down\\&quot; viewBox=\\&quot;0 0 320 512\\&quot; xmlns=\\&quot;http:\\\/\\\/www.w3.org\\\/2000\\\/svg\\&quot;&gt;&lt;path d=\\&quot;M31.3 192h257.3c17.8 0 26.7 21.5 14.1 34.1L174.1 354.8c-7.8 7.8-20.5 7.8-28.3 0L17.2 226.1C4.6 213.5 13.5 192 31.3 192z\\&quot;&gt;&lt;\\\/path&gt;&lt;\\\/svg&gt;&quot;,&quot;library&quot;:&quot;fa-solid&quot;}}\" data-widget_type=\"nav-menu.default\">\n\t\t\t\t<div class=\"elementor-widget-container\">\n\t\t\t\t\t\t\t\t<nav aria-label=\"Menu\" class=\"elementor-nav-menu--main elementor-nav-menu__container elementor-nav-menu--layout-vertical e--pointer-none\">\n\t\t\t\t<ul id=\"menu-1-6332b58a\" class=\"elementor-nav-menu sm-vertical\"><li class=\"menu-item menu-item-type-post_type menu-item-object-page menu-item-6817\"><a href=\"https:\/\/cancerfertilityandme.org.uk\/adult-women\/about-this-project\/\" class=\"elementor-item\">\u00c0 propos de ce site web<\/a><\/li>\n<li class=\"menu-item menu-item-type-post_type menu-item-object-page menu-item-6818\"><a href=\"https:\/\/cancerfertilityandme.org.uk\/adult-women\/about-this-project\/decisions-before-during-and-after-treatment\/\" class=\"elementor-item\">D\u00e9cisions avant, pendant et apr\u00e8s le traitement<\/a><\/li>\n<li class=\"menu-item menu-item-type-post_type menu-item-object-page menu-item-6820\"><a href=\"https:\/\/cancerfertilityandme.org.uk\/adult-women\/about-this-project\/using-this-website\/\" class=\"elementor-item\">Utiliser ce site web<\/a><\/li>\n<li class=\"menu-item menu-item-type-post_type menu-item-object-page menu-item-6819\"><a href=\"https:\/\/cancerfertilityandme.org.uk\/glossary\/\" class=\"elementor-item\">Glossaire<\/a><\/li>\n<\/ul>\t\t\t<\/nav>\n\t\t\t\t\t\t<nav class=\"elementor-nav-menu--dropdown elementor-nav-menu__container\" aria-hidden=\"true\">\n\t\t\t\t<ul id=\"menu-2-6332b58a\" class=\"elementor-nav-menu sm-vertical\"><li class=\"menu-item menu-item-type-post_type menu-item-object-page menu-item-6817\"><a href=\"https:\/\/cancerfertilityandme.org.uk\/adult-women\/about-this-project\/\" class=\"elementor-item\" tabindex=\"-1\">\u00c0 propos de ce site web<\/a><\/li>\n<li class=\"menu-item menu-item-type-post_type menu-item-object-page menu-item-6818\"><a href=\"https:\/\/cancerfertilityandme.org.uk\/adult-women\/about-this-project\/decisions-before-during-and-after-treatment\/\" class=\"elementor-item\" tabindex=\"-1\">D\u00e9cisions avant, pendant et apr\u00e8s le traitement<\/a><\/li>\n<li class=\"menu-item menu-item-type-post_type menu-item-object-page menu-item-6820\"><a href=\"https:\/\/cancerfertilityandme.org.uk\/adult-women\/about-this-project\/using-this-website\/\" class=\"elementor-item\" tabindex=\"-1\">Utiliser ce site web<\/a><\/li>\n<li class=\"menu-item menu-item-type-post_type menu-item-object-page menu-item-6819\"><a href=\"https:\/\/cancerfertilityandme.org.uk\/glossary\/\" class=\"elementor-item\" tabindex=\"-1\">Glossaire<\/a><\/li>\n<\/ul>\t\t\t<\/nav>\n\t\t\t\t\t\t<\/div>\n\t\t\t\t<\/div>\n\t\t\t\t<\/div>\n\t\t\t\t<\/div>\n\t\t\t\t\t<\/div>\n\t\t\t\t<\/main>\n\t\t\t\t<\/div>\n\t\t","protected":false},"excerpt":{"rendered":"<p>Utiliser ce site web pour vous aider \u00e0 prendre une d\u00e9cision Certaines femmes qui commencent un traitement anticanc\u00e9reux savent avec certitude si elles veulent ou non recourir \u00e0 une m\u00e9thode de pr\u00e9servation de la fertilit\u00e9. Certaines femmes qui commencent un traitement anticanc\u00e9reux savent avec certitude si elles veulent ou non recourir \u00e0 une m\u00e9thode de [&hellip;]<\/p>\n","protected":false},"author":1,"featured_media":0,"parent":5800,"menu_order":0,"comment_status":"closed","ping_status":"open","template":"","meta":{"footnotes":""},"class_list":["post-5866","page","type-page","status-publish","hentry"],"_links":{"self":[{"href":"https:\/\/cancerfertilityandme.org.uk\/fr\/wp-json\/wp\/v2\/pages\/5866","targetHints":{"allow":["GET"]}}],"collection":[{"href":"https:\/\/cancerfertilityandme.org.uk\/fr\/wp-json\/wp\/v2\/pages"}],"about":[{"href":"https:\/\/cancerfertilityandme.org.uk\/fr\/wp-json\/wp\/v2\/types\/page"}],"author":[{"embeddable":true,"href":"https:\/\/cancerfertilityandme.org.uk\/fr\/wp-json\/wp\/v2\/users\/1"}],"replies":[{"embeddable":true,"href":"https:\/\/cancerfertilityandme.org.uk\/fr\/wp-json\/wp\/v2\/comments?post=5866"}],"version-history":[{"count":4,"href":"https:\/\/cancerfertilityandme.org.uk\/fr\/wp-json\/wp\/v2\/pages\/5866\/revisions"}],"predecessor-version":[{"id":9330,"href":"https:\/\/cancerfertilityandme.org.uk\/fr\/wp-json\/wp\/v2\/pages\/5866\/revisions\/9330"}],"up":[{"embeddable":true,"href":"https:\/\/cancerfertilityandme.org.uk\/fr\/wp-json\/wp\/v2\/pages\/5800"}],"wp:attachment":[{"href":"https:\/\/cancerfertilityandme.org.uk\/fr\/wp-json\/wp\/v2\/media?parent=5866"}],"curies":[{"name":"wp","href":"https:\/\/api.w.org\/{rel}","templated":true}]}}