{"id":5862,"date":"2018-11-21T10:17:15","date_gmt":"2018-11-21T10:17:15","guid":{"rendered":"https:\/\/cancerfertilityandme.org.uk\/congelation-du-tissu-ovarien\/"},"modified":"2025-11-17T10:59:57","modified_gmt":"2025-11-17T10:59:57","slug":"congelation-du-tissu-ovarien","status":"publish","type":"page","link":"https:\/\/cancerfertilityandme.org.uk\/fr\/femmes-adultes\/les-options-de-preservation-de-la-fertilite-2\/congelation-du-tissu-ovarien\/","title":{"rendered":"Cong\u00e9lation du tissu ovarien"},"content":{"rendered":"\t\t<div data-elementor-type=\"wp-page\" data-elementor-id=\"5862\" class=\"elementor elementor-5862 elementor-5597\" data-elementor-post-type=\"page\">\n\t\t\t\t<main class=\"elementor-element elementor-element-2bc4a5f6 e-flex e-con-boxed e-con e-parent\" data-id=\"2bc4a5f6\" data-element_type=\"container\" data-e-type=\"container\">\n\t\t\t\t\t<div class=\"e-con-inner\">\n\t\t<div class=\"elementor-element elementor-element-70269460 e-con-full e-flex e-con e-child\" data-id=\"70269460\" data-element_type=\"container\" data-e-type=\"container\">\n\t\t\t\t<div class=\"elementor-element elementor-element-6af669fd elementor-widget elementor-widget-n-accordion\" data-id=\"6af669fd\" data-element_type=\"widget\" data-e-type=\"widget\" data-settings=\"{&quot;default_state&quot;:&quot;all_collapsed&quot;,&quot;max_items_expended&quot;:&quot;one&quot;,&quot;n_accordion_animation_duration&quot;:{&quot;unit&quot;:&quot;ms&quot;,&quot;size&quot;:400,&quot;sizes&quot;:[]}}\" data-widget_type=\"nested-accordion.default\">\n\t\t\t\t<div class=\"elementor-widget-container\">\n\t\t\t\t\t\t\t<div class=\"e-n-accordion\" aria-label=\"Accordion. Open links with Enter or Space, close with Escape, and navigate with Arrow Keys\">\n\t\t\t\t\t\t<details id=\"e-n-accordion-item-1790\" class=\"e-n-accordion-item\" >\n\t\t\t\t<summary class=\"e-n-accordion-item-title\" data-accordion-index=\"1\" tabindex=\"0\" aria-expanded=\"false\" aria-controls=\"e-n-accordion-item-1790\" >\n\t\t\t\t\t<span class='e-n-accordion-item-title-header'><div class=\"e-n-accordion-item-title-text\"> Cong\u00e9lation - introduction <\/div><\/span>\n\t\t\t\t\t\t\t<span class='e-n-accordion-item-title-icon'>\n\t\t\t<span class='e-opened' ><svg aria-hidden=\"true\" class=\"e-font-icon-svg e-fas-minus\" viewBox=\"0 0 448 512\" xmlns=\"http:\/\/www.w3.org\/2000\/svg\"><path d=\"M416 208H32c-17.67 0-32 14.33-32 32v32c0 17.67 14.33 32 32 32h384c17.67 0 32-14.33 32-32v-32c0-17.67-14.33-32-32-32z\"><\/path><\/svg><\/span>\n\t\t\t<span class='e-closed'><svg aria-hidden=\"true\" class=\"e-font-icon-svg e-fas-plus\" viewBox=\"0 0 448 512\" xmlns=\"http:\/\/www.w3.org\/2000\/svg\"><path d=\"M416 208H272V64c0-17.67-14.33-32-32-32h-32c-17.67 0-32 14.33-32 32v144H32c-17.67 0-32 14.33-32 32v32c0 17.67 14.33 32 32 32h144v144c0 17.67 14.33 32 32 32h32c17.67 0 32-14.33 32-32V304h144c17.67 0 32-14.33 32-32v-32c0-17.67-14.33-32-32-32z\"><\/path><\/svg><\/span>\n\t\t<\/span>\n\n\t\t\t\t\t\t<\/summary>\n\t\t\t\t<div role=\"region\" aria-labelledby=\"e-n-accordion-item-1790\" class=\"elementor-element elementor-element-2d16a357 e-con-full e-flex e-con e-child\" data-id=\"2d16a357\" data-element_type=\"container\" data-e-type=\"container\" data-settings=\"{&quot;background_background&quot;:&quot;classic&quot;}\">\n\t\t\t\t<div class=\"elementor-element elementor-element-344071ab elementor-widget elementor-widget-text-editor\" data-id=\"344071ab\" data-element_type=\"widget\" data-e-type=\"widget\" data-widget_type=\"text-editor.default\">\n\t\t\t\t<div class=\"elementor-widget-container\">\n\t\t\t\t\t\t\t\t\t<h3>Cong\u00e9lation<\/h3><p><strong>Il existe trois options de cong\u00e9lation qui peuvent aider \u00e0 pr\u00e9server la fertilit\u00e9 d&rsquo;une femme :<\/strong><\/p><ul><li>Cong\u00e9lation des ovules<\/li><li>Cong\u00e9lation d&#8217;embryons<\/li><li>Cong\u00e9lation du tissu ovarien<\/li><\/ul><p>Les ovules, les embryons et les tissus ovariens peuvent \u00eatre congel\u00e9s et conserv\u00e9s pendant plusieurs ann\u00e9es. Le moment venu, ils peuvent ensuite \u00eatre d\u00e9congel\u00e9s et utilis\u00e9s pour une grossesse une fois le traitement anticanc\u00e9reux termin\u00e9. <\/p><p>Diff\u00e9rentes m\u00e9thodes de cong\u00e9lation sont disponibles pour conserver les ovules, les embryons et le tissu ovarien. La cryoconservation est une m\u00e9thode de \u00ab cong\u00e9lation lente \u00bb. La vitrification est une nouvelle m\u00e9thode de \u00ab cong\u00e9lation rapide \u00bb Il a \u00e9t\u00e9 d\u00e9montr\u00e9 que cette m\u00e9thode am\u00e9liore les risques que les ovules et les embryons survivent au processus de d\u00e9cong\u00e9lation et augmente les risques du succ\u00e8s de grossesse.   <\/p><p>Certaines femmes, si elles ont un partenaire masculin, peuvent congeler \u00e0 la fois des ovules et des embryons. Elles auront plus d\u2019options de fertilit\u00e9 \u00e0 leur disposition apr\u00e8s le traitement anticanc\u00e9reux. <\/p><p>La cong\u00e9lation du tissu ovarien est une nouvelle m\u00e9thode de pr\u00e9servation de la fertilit\u00e9. Cela pourrait \u00eatre une autre option pour les femmes sans partenaire masculin. <\/p>\t\t\t\t\t\t\t\t<\/div>\n\t\t\t\t<\/div>\n\t\t\t\t<\/div>\n\t\t\t\t\t<\/details>\n\t\t\t\t\t<\/div>\n\t\t\t\t\t\t<\/div>\n\t\t\t\t<\/div>\n\t\t\t\t<div class=\"elementor-element elementor-element-1bc37fc6 elementor-widget elementor-widget-text-editor\" data-id=\"1bc37fc6\" data-element_type=\"widget\" data-e-type=\"widget\" data-widget_type=\"text-editor.default\">\n\t\t\t\t<div class=\"elementor-widget-container\">\n\t\t\t\t\t\t\t\t\t<h2>Cong\u00e9lation du tissu ovarien<\/h2><p><strong>Le tissu ovarien contenant un grand nombre d\u2019ovules immatures est pr\u00e9lev\u00e9 et congel\u00e9. Apr\u00e8s le traitement anticanc\u00e9reux, le tissu peut ensuite \u00eatre r\u00e9introduit dans le corps pour permettre aux ovules de se d\u00e9velopper. Il s\u2019agit d\u2019une m\u00e9thode plus r\u00e9cente de pr\u00e9servation de la fertilit\u00e9 qui n\u2019est pas encore disponible dans toutes les cliniques de fertilit\u00e9. Elle peut \u00eatre utilis\u00e9e imm\u00e9diatement avant et pendant la chimioth\u00e9rapie.   <\/strong><\/p><h3>A qui est-elle destin\u00e9e ?<\/h3><p>Aux femmes pub\u00e8res qui souhaitent pr\u00e9server leur fertilit\u00e9 et :<\/p><ul><li>N\u2019ont pas le temps de faire congeler leurs embryons ou leurs ovules.<\/li><li>Ne peuvent pas utiliser d\u2019hormones.<\/li><\/ul><p>Une fois le tissu ovarien greff\u00e9, il peut restaurer votre production et vos cycles ovariens, et peut vous permettre de concevoir naturellement. Cette m\u00e9thode convient \u00e9galement aux filles qui n\u2019ont pas atteint la pubert\u00e9. <\/p><p>Une attention particuli\u00e8re est requise chez les femmes atteintes d\u2019un cancer du sang tel que la leuc\u00e9mie \u00e0 cause du risque de r\u00e9introduction de cellules canc\u00e9reuses dans le corps avec le tissu ovarien congel\u00e9. <\/p><h3>Quelles sont les implications ?<\/h3><p>Vous devrez subir une intervention chirurgicale peu invasive sous anesth\u00e9sie g\u00e9n\u00e9rale. Un ovaire ou une partie de l\u2019ovaire sera retir\u00e9 afin que la couche externe (le cortex) qui contient les ovules immatures puisse \u00eatre congel\u00e9e. Les femmes peuvent rentrer chez elles le jour m\u00eame.  <\/p><p>\u00c9tant donn\u00e9 que la cong\u00e9lation du tissu ovarien n\u2019implique que la femme, il n\u2019est pas n\u00e9cessaire d\u2019obtenir le consentement de votre partenaire ou de vos parents pour l\u2019utilisation ult\u00e9rieure du tissu ovarien congel\u00e9. Il n\u2019y a pas de limite \u00e0 la dur\u00e9e de conservation du tissu ovarien congel\u00e9. <\/p><h3>Quelles sont les risques d\u2019avoir un b\u00e9b\u00e9 apr\u00e8s la cong\u00e9lation du tissu ovarien ?<\/h3><p>Il est difficile de d\u00e9terminer avec certitude la probabilit\u00e9 que la cong\u00e9lation des ovules entra\u00eene une naissance vivante. Comme il s\u2019agit d\u2019un traitement r\u00e9cent, le nombre de patientes atteintes d\u2019un cancer qui ont utilis\u00e9 leurs tissus congel\u00e9s pour avoir un enfant est faible. Ces donn\u00e9es montrent que la probabilit\u00e9 que la cong\u00e9lation du tissu ovarien aide une femme \u00e0 avoir un b\u00e9b\u00e9 est d\u2019environ 30 sur 100 (30 %). Pour plus d\u2019informations sur les taux de r\u00e9ussite moyens nationaux et le nombre de naissances vivantes r\u00e9ussies pour chaque clinique de fertilit\u00e9 agr\u00e9e, visitez le site Web www.hfea.gov.uk.   Pour plus d\u2019informations sur les taux de r\u00e9ussite moyens nationaux et le nombre de naissances vivantes r\u00e9ussies pour chaque clinique de fertilit\u00e9 agr\u00e9e, visitez le site Web <a href=\"http:\/\/www.hfea.gov.uk\" target=\"_blank\" rel=\"noopener\">www.hfea.gov.uk.<\/a><\/p><h3>Cette option affectera-t-elle la sant\u00e9 du b\u00e9b\u00e9 ?<\/h3><p>Non, les donn\u00e9es sugg\u00e8rent que la sant\u00e9 d\u2019un b\u00e9b\u00e9 n\u00e9 de tissu ovarien congel\u00e9 ne sera pas affect\u00e9e.<\/p><h3>Y a-t-il des effets secondaires du traitement utilis\u00e9 dans la cong\u00e9lation du tissu ovarien ?<\/h3><p>Il peut y avoir un risque de saignement et d\u2019infection et de plaie et\/ou perforation de la vessie et\/ou de l\u2019intestin pendant la chirurgie.<\/p><h3>Cette option retardera-t-elle le d\u00e9but de mon traitement anticanc\u00e9reux ?<\/h3><p>L\u2019intervention se d\u00e9roule g\u00e9n\u00e9ralement en ambulatoire, donc dans la journ\u00e9e (sans nuit\u00e9e \u00e0 l\u2019h\u00f4pital) et n\u2019entra\u00eene aucun retard dans le des traitements anticanc\u00e9reux.<\/p><h3>Cette option affectera-t-elle mes risques de r\u00e9cidive du cancer?<\/h3><p>Dans certains types de cancer, comme la leuc\u00e9mie, le tissu ovarien pourrait \u00eatre contamin\u00e9 par des cellules canc\u00e9reuses. Il n\u2019existe aucun cas connu de r\u00e9cidive de cancer suite \u00e0 l\u2019utilisation de tissu ovarien. <\/p>\t\t\t\t\t\t\t\t<\/div>\n\t\t\t\t<\/div>\n\t\t<div class=\"elementor-element elementor-element-1c6a33d8 e-con-full e-flex e-con e-child\" data-id=\"1c6a33d8\" data-element_type=\"container\" data-e-type=\"container\" data-settings=\"{&quot;background_background&quot;:&quot;classic&quot;}\">\n\t\t\t\t<div class=\"elementor-element elementor-element-6e5269c7 elementor-widget elementor-widget-text-editor\" data-id=\"6e5269c7\" data-element_type=\"widget\" data-e-type=\"widget\" data-widget_type=\"text-editor.default\">\n\t\t\t\t<div class=\"elementor-widget-container\">\n\t\t\t\t\t\t\t\t\t<p><strong>Vous trouverez peut-\u00eatre utile de faire une liste de ce qui vous pla\u00eet et de ce qui vous inqui\u00e8te au sujet de cette option.<\/strong><\/p><p>Ces notes pourraient vous aider \u00e0 d\u00e9terminer si cette option est la meilleure pour vous avec votre \u00e9quipe de soins anticanc\u00e9reux, votre \u00e9quipe de soins de fertilit\u00e9, votre partenaire, votre famille et vos amis .<\/p>\t\t\t\t\t\t\t\t<\/div>\n\t\t\t\t<\/div>\n\t\t\t\t<\/div>\n\t\t\t\t<\/div>\n\t\t<div class=\"elementor-element elementor-element-239af225 e-con-full e-flex e-con e-child\" data-id=\"239af225\" data-element_type=\"container\" data-e-type=\"container\">\n\t\t<div class=\"elementor-element elementor-element-323b58e4 e-con-full e-flex e-con e-child\" data-id=\"323b58e4\" data-element_type=\"container\" data-e-type=\"container\">\n\t\t\t\t<div class=\"elementor-element elementor-element-360f2909 elementor-widget elementor-widget-image\" data-id=\"360f2909\" data-element_type=\"widget\" data-e-type=\"widget\" data-widget_type=\"image.default\">\n\t\t\t\t<div class=\"elementor-widget-container\">\n\t\t\t\t\t\t\t\t\t\t\t\t\t\t\t\t<a href=\"http:\/\/.\/\">\n\t\t\t\t\t\t\t<img fetchpriority=\"high\" decoding=\"async\" width=\"400\" height=\"440\" src=\"https:\/\/cancerfertilityandme.org.uk\/wp-content\/uploads\/cancerfertilityandme-logo-column-adult-women.png\" class=\"attachment-full size-full wp-image-2280\" alt=\"\" srcset=\"https:\/\/cancerfertilityandme.org.uk\/wp-content\/uploads\/cancerfertilityandme-logo-column-adult-women.png 400w, https:\/\/cancerfertilityandme.org.uk\/wp-content\/uploads\/cancerfertilityandme-logo-column-adult-women-273x300.png 273w\" sizes=\"(max-width: 400px) 100vw, 400px\" \/>\t\t\t\t\t\t\t\t<\/a>\n\t\t\t\t\t\t\t\t\t\t\t\t\t\t\t<\/div>\n\t\t\t\t<\/div>\n\t\t\t\t<\/div>\n\t\t<div class=\"elementor-element elementor-element-6fa8bec9 e-con-full e-flex e-con e-child\" data-id=\"6fa8bec9\" data-element_type=\"container\" data-e-type=\"container\">\n\t\t\t\t<div class=\"elementor-element elementor-element-7bf99ddd elementor-widget elementor-widget-heading\" data-id=\"7bf99ddd\" data-element_type=\"widget\" data-e-type=\"widget\" data-widget_type=\"heading.default\">\n\t\t\t\t<div class=\"elementor-widget-container\">\n\t\t\t\t\t<h3 class=\"elementor-heading-title elementor-size-default\">Suivez ces liens pour plus d\u2019informations<\/h3>\t\t\t\t<\/div>\n\t\t\t\t<\/div>\n\t\t\t\t<div class=\"elementor-element elementor-element-1c7090a2 elementor-nav-menu--dropdown-none elementor-widget elementor-widget-nav-menu\" data-id=\"1c7090a2\" data-element_type=\"widget\" data-e-type=\"widget\" data-settings=\"{&quot;layout&quot;:&quot;vertical&quot;,&quot;submenu_icon&quot;:{&quot;value&quot;:&quot;&lt;svg aria-hidden=\\&quot;true\\&quot; class=\\&quot;e-font-icon-svg e-fas-caret-down\\&quot; viewBox=\\&quot;0 0 320 512\\&quot; xmlns=\\&quot;http:\\\/\\\/www.w3.org\\\/2000\\\/svg\\&quot;&gt;&lt;path d=\\&quot;M31.3 192h257.3c17.8 0 26.7 21.5 14.1 34.1L174.1 354.8c-7.8 7.8-20.5 7.8-28.3 0L17.2 226.1C4.6 213.5 13.5 192 31.3 192z\\&quot;&gt;&lt;\\\/path&gt;&lt;\\\/svg&gt;&quot;,&quot;library&quot;:&quot;fa-solid&quot;}}\" data-widget_type=\"nav-menu.default\">\n\t\t\t\t<div class=\"elementor-widget-container\">\n\t\t\t\t\t\t\t\t<nav aria-label=\"Menu\" class=\"elementor-nav-menu--main elementor-nav-menu__container elementor-nav-menu--layout-vertical e--pointer-none\">\n\t\t\t\t<ul id=\"menu-1-1c7090a2\" class=\"elementor-nav-menu sm-vertical\"><li class=\"menu-item menu-item-type-post_type menu-item-object-page menu-item-6985\"><a href=\"https:\/\/cancerfertilityandme.org.uk\/adult-women\/fertility-preservation-options\/\" class=\"elementor-item\">Les options de pr\u00e9servation de la fertilit\u00e9<\/a><\/li>\n<li class=\"menu-item menu-item-type-post_type menu-item-object-page menu-item-6994\"><a href=\"https:\/\/cancerfertilityandme.org.uk\/adult-women\/fertility-preservation-options\/summary-of-fertility-preservation-options\/\" class=\"elementor-item\">R\u00e9sum\u00e9 des options de pr\u00e9servation de la fertilit\u00e9.<\/a><\/li>\n<li class=\"menu-item menu-item-type-post_type menu-item-object-page menu-item-6990\"><a href=\"https:\/\/cancerfertilityandme.org.uk\/adult-women\/fertility-preservation-options\/no-fertility-preservation\/\" class=\"elementor-item\">Aucune pr\u00e9servation de la fertilit\u00e9<\/a><\/li>\n<li class=\"menu-item menu-item-type-post_type menu-item-object-page menu-item-6987\"><a href=\"https:\/\/cancerfertilityandme.org.uk\/adult-women\/fertility-preservation-options\/egg-freezing\/\" class=\"elementor-item\">Cong\u00e9lation des ovules<\/a><\/li>\n<li class=\"menu-item menu-item-type-post_type menu-item-object-page menu-item-6988\"><a href=\"https:\/\/cancerfertilityandme.org.uk\/adult-women\/fertility-preservation-options\/embryo-freezing\/\" class=\"elementor-item\">Cong\u00e9lation d&#8217;embryons<\/a><\/li>\n<li class=\"menu-item menu-item-type-post_type menu-item-object-page menu-item-6992\"><a href=\"https:\/\/cancerfertilityandme.org.uk\/adult-women\/fertility-preservation-options\/ovarian-tissue-freezing\/\" class=\"elementor-item\">Cong\u00e9lation du tissu ovarien<\/a><\/li>\n<li class=\"menu-item menu-item-type-post_type menu-item-object-page menu-item-6991\"><a href=\"https:\/\/cancerfertilityandme.org.uk\/adult-women\/fertility-preservation-options\/ovarian-suppression\/\" class=\"elementor-item\">Suppression de la fonction ovarienne<\/a><\/li>\n<li class=\"menu-item menu-item-type-post_type menu-item-object-page menu-item-6986\"><a href=\"https:\/\/cancerfertilityandme.org.uk\/adult-women\/fertility-preservation-options\/cancer-specific-fertility-sparing-options\/\" class=\"elementor-item\">Techniques \u00e9conomes en fertilit\u00e9 sp\u00e9cifiques \u00e0 certains cancers<\/a><\/li>\n<li class=\"menu-item menu-item-type-post_type menu-item-object-page menu-item-11368\"><a href=\"https:\/\/cancerfertilityandme.org.uk\/adult-women\/fertility-preservation-options\/other-cancer-treatments\/\" class=\"elementor-item\">Autres traitements anticanc\u00e9reux<\/a><\/li>\n<li class=\"menu-item menu-item-type-post_type menu-item-object-page menu-item-6993\"><a href=\"https:\/\/cancerfertilityandme.org.uk\/adult-women\/fertility-preservation-options\/questions-to-ask-your-cancer-fertility-care-teams\/\" class=\"elementor-item\">Questions \u00e0 poser \u00e0 votre \u00e9quipe de canc\u00e9rologie et \u00e0 votre \u00e9quipe de soins de fertilit\u00e9<\/a><\/li>\n<\/ul>\t\t\t<\/nav>\n\t\t\t\t\t\t<nav class=\"elementor-nav-menu--dropdown elementor-nav-menu__container\" aria-hidden=\"true\">\n\t\t\t\t<ul id=\"menu-2-1c7090a2\" class=\"elementor-nav-menu sm-vertical\"><li class=\"menu-item menu-item-type-post_type menu-item-object-page menu-item-6985\"><a href=\"https:\/\/cancerfertilityandme.org.uk\/adult-women\/fertility-preservation-options\/\" class=\"elementor-item\" tabindex=\"-1\">Les options de pr\u00e9servation de la fertilit\u00e9<\/a><\/li>\n<li class=\"menu-item menu-item-type-post_type menu-item-object-page menu-item-6994\"><a href=\"https:\/\/cancerfertilityandme.org.uk\/adult-women\/fertility-preservation-options\/summary-of-fertility-preservation-options\/\" class=\"elementor-item\" tabindex=\"-1\">R\u00e9sum\u00e9 des options de pr\u00e9servation de la fertilit\u00e9.<\/a><\/li>\n<li class=\"menu-item menu-item-type-post_type menu-item-object-page menu-item-6990\"><a href=\"https:\/\/cancerfertilityandme.org.uk\/adult-women\/fertility-preservation-options\/no-fertility-preservation\/\" class=\"elementor-item\" tabindex=\"-1\">Aucune pr\u00e9servation de la fertilit\u00e9<\/a><\/li>\n<li class=\"menu-item menu-item-type-post_type menu-item-object-page menu-item-6987\"><a href=\"https:\/\/cancerfertilityandme.org.uk\/adult-women\/fertility-preservation-options\/egg-freezing\/\" class=\"elementor-item\" tabindex=\"-1\">Cong\u00e9lation des ovules<\/a><\/li>\n<li class=\"menu-item menu-item-type-post_type menu-item-object-page menu-item-6988\"><a href=\"https:\/\/cancerfertilityandme.org.uk\/adult-women\/fertility-preservation-options\/embryo-freezing\/\" class=\"elementor-item\" tabindex=\"-1\">Cong\u00e9lation d&#8217;embryons<\/a><\/li>\n<li class=\"menu-item menu-item-type-post_type menu-item-object-page menu-item-6992\"><a href=\"https:\/\/cancerfertilityandme.org.uk\/adult-women\/fertility-preservation-options\/ovarian-tissue-freezing\/\" class=\"elementor-item\" tabindex=\"-1\">Cong\u00e9lation du tissu ovarien<\/a><\/li>\n<li class=\"menu-item menu-item-type-post_type menu-item-object-page menu-item-6991\"><a href=\"https:\/\/cancerfertilityandme.org.uk\/adult-women\/fertility-preservation-options\/ovarian-suppression\/\" class=\"elementor-item\" tabindex=\"-1\">Suppression de la fonction ovarienne<\/a><\/li>\n<li class=\"menu-item menu-item-type-post_type menu-item-object-page menu-item-6986\"><a href=\"https:\/\/cancerfertilityandme.org.uk\/adult-women\/fertility-preservation-options\/cancer-specific-fertility-sparing-options\/\" class=\"elementor-item\" tabindex=\"-1\">Techniques \u00e9conomes en fertilit\u00e9 sp\u00e9cifiques \u00e0 certains cancers<\/a><\/li>\n<li class=\"menu-item menu-item-type-post_type menu-item-object-page menu-item-11368\"><a href=\"https:\/\/cancerfertilityandme.org.uk\/adult-women\/fertility-preservation-options\/other-cancer-treatments\/\" class=\"elementor-item\" tabindex=\"-1\">Autres traitements anticanc\u00e9reux<\/a><\/li>\n<li class=\"menu-item menu-item-type-post_type menu-item-object-page menu-item-6993\"><a href=\"https:\/\/cancerfertilityandme.org.uk\/adult-women\/fertility-preservation-options\/questions-to-ask-your-cancer-fertility-care-teams\/\" class=\"elementor-item\" tabindex=\"-1\">Questions \u00e0 poser \u00e0 votre \u00e9quipe de canc\u00e9rologie et \u00e0 votre \u00e9quipe de soins de fertilit\u00e9<\/a><\/li>\n<\/ul>\t\t\t<\/nav>\n\t\t\t\t\t\t<\/div>\n\t\t\t\t<\/div>\n\t\t\t\t<\/div>\n\t\t\t\t<\/div>\n\t\t\t\t\t<\/div>\n\t\t\t\t<\/main>\n\t\t\t\t<\/div>\n\t\t","protected":false},"excerpt":{"rendered":"<p>Cong\u00e9lation &#8211; introduction Cong\u00e9lation Il existe trois options de cong\u00e9lation qui peuvent aider \u00e0 pr\u00e9server la fertilit\u00e9 d&#8217;une femme : Cong\u00e9lation des ovules Cong\u00e9lation d&#8217;embryons Cong\u00e9lation du tissu ovarien Les ovules, les embryons et les tissus ovariens peuvent \u00eatre congel\u00e9s et conserv\u00e9s pendant plusieurs ann\u00e9es. Le moment venu, ils peuvent ensuite \u00eatre d\u00e9congel\u00e9s et utilis\u00e9s [&hellip;]<\/p>\n","protected":false},"author":1,"featured_media":0,"parent":5822,"menu_order":0,"comment_status":"closed","ping_status":"open","template":"","meta":{"footnotes":""},"class_list":["post-5862","page","type-page","status-publish","hentry"],"_links":{"self":[{"href":"https:\/\/cancerfertilityandme.org.uk\/fr\/wp-json\/wp\/v2\/pages\/5862","targetHints":{"allow":["GET"]}}],"collection":[{"href":"https:\/\/cancerfertilityandme.org.uk\/fr\/wp-json\/wp\/v2\/pages"}],"about":[{"href":"https:\/\/cancerfertilityandme.org.uk\/fr\/wp-json\/wp\/v2\/types\/page"}],"author":[{"embeddable":true,"href":"https:\/\/cancerfertilityandme.org.uk\/fr\/wp-json\/wp\/v2\/users\/1"}],"replies":[{"embeddable":true,"href":"https:\/\/cancerfertilityandme.org.uk\/fr\/wp-json\/wp\/v2\/comments?post=5862"}],"version-history":[{"count":4,"href":"https:\/\/cancerfertilityandme.org.uk\/fr\/wp-json\/wp\/v2\/pages\/5862\/revisions"}],"predecessor-version":[{"id":9516,"href":"https:\/\/cancerfertilityandme.org.uk\/fr\/wp-json\/wp\/v2\/pages\/5862\/revisions\/9516"}],"up":[{"embeddable":true,"href":"https:\/\/cancerfertilityandme.org.uk\/fr\/wp-json\/wp\/v2\/pages\/5822"}],"wp:attachment":[{"href":"https:\/\/cancerfertilityandme.org.uk\/fr\/wp-json\/wp\/v2\/media?parent=5862"}],"curies":[{"name":"wp","href":"https:\/\/api.w.org\/{rel}","templated":true}]}}