{"id":5860,"date":"2018-11-21T09:23:31","date_gmt":"2018-11-21T09:23:31","guid":{"rendered":"https:\/\/cancerfertilityandme.org.uk\/congelation-dembryons\/"},"modified":"2025-11-17T10:58:27","modified_gmt":"2025-11-17T10:58:27","slug":"congelation-dembryons","status":"publish","type":"page","link":"https:\/\/cancerfertilityandme.org.uk\/fr\/femmes-adultes\/les-options-de-preservation-de-la-fertilite-2\/congelation-dembryons\/","title":{"rendered":"Cong\u00e9lation d&#8217;embryons"},"content":{"rendered":"\t\t<div data-elementor-type=\"wp-page\" data-elementor-id=\"5860\" class=\"elementor elementor-5860 elementor-5595\" data-elementor-post-type=\"page\">\n\t\t\t\t<main class=\"elementor-element elementor-element-7efa637e e-flex e-con-boxed e-con e-parent\" data-id=\"7efa637e\" data-element_type=\"container\" data-e-type=\"container\">\n\t\t\t\t\t<div class=\"e-con-inner\">\n\t\t<div class=\"elementor-element elementor-element-378bc36a e-con-full e-flex e-con e-child\" data-id=\"378bc36a\" data-element_type=\"container\" data-e-type=\"container\">\n\t\t\t\t<div class=\"elementor-element elementor-element-795788c4 elementor-widget elementor-widget-n-accordion\" data-id=\"795788c4\" data-element_type=\"widget\" data-e-type=\"widget\" data-settings=\"{&quot;default_state&quot;:&quot;all_collapsed&quot;,&quot;max_items_expended&quot;:&quot;one&quot;,&quot;n_accordion_animation_duration&quot;:{&quot;unit&quot;:&quot;ms&quot;,&quot;size&quot;:400,&quot;sizes&quot;:[]}}\" data-widget_type=\"nested-accordion.default\">\n\t\t\t\t<div class=\"elementor-widget-container\">\n\t\t\t\t\t\t\t<div class=\"e-n-accordion\" aria-label=\"Accordion. Open links with Enter or Space, close with Escape, and navigate with Arrow Keys\">\n\t\t\t\t\t\t<details id=\"e-n-accordion-item-2030\" class=\"e-n-accordion-item\" >\n\t\t\t\t<summary class=\"e-n-accordion-item-title\" data-accordion-index=\"1\" tabindex=\"0\" aria-expanded=\"false\" aria-controls=\"e-n-accordion-item-2030\" >\n\t\t\t\t\t<span class='e-n-accordion-item-title-header'><div class=\"e-n-accordion-item-title-text\"> Cong\u00e9lation - introduction <\/div><\/span>\n\t\t\t\t\t\t\t<span class='e-n-accordion-item-title-icon'>\n\t\t\t<span class='e-opened' ><svg aria-hidden=\"true\" class=\"e-font-icon-svg e-fas-minus\" viewBox=\"0 0 448 512\" xmlns=\"http:\/\/www.w3.org\/2000\/svg\"><path d=\"M416 208H32c-17.67 0-32 14.33-32 32v32c0 17.67 14.33 32 32 32h384c17.67 0 32-14.33 32-32v-32c0-17.67-14.33-32-32-32z\"><\/path><\/svg><\/span>\n\t\t\t<span class='e-closed'><svg aria-hidden=\"true\" class=\"e-font-icon-svg e-fas-plus\" viewBox=\"0 0 448 512\" xmlns=\"http:\/\/www.w3.org\/2000\/svg\"><path d=\"M416 208H272V64c0-17.67-14.33-32-32-32h-32c-17.67 0-32 14.33-32 32v144H32c-17.67 0-32 14.33-32 32v32c0 17.67 14.33 32 32 32h144v144c0 17.67 14.33 32 32 32h32c17.67 0 32-14.33 32-32V304h144c17.67 0 32-14.33 32-32v-32c0-17.67-14.33-32-32-32z\"><\/path><\/svg><\/span>\n\t\t<\/span>\n\n\t\t\t\t\t\t<\/summary>\n\t\t\t\t<div role=\"region\" aria-labelledby=\"e-n-accordion-item-2030\" class=\"elementor-element elementor-element-5516ae83 e-con-full e-flex e-con e-child\" data-id=\"5516ae83\" data-element_type=\"container\" data-e-type=\"container\" data-settings=\"{&quot;background_background&quot;:&quot;classic&quot;}\">\n\t\t\t\t<div class=\"elementor-element elementor-element-527e22d4 elementor-widget elementor-widget-text-editor\" data-id=\"527e22d4\" data-element_type=\"widget\" data-e-type=\"widget\" data-widget_type=\"text-editor.default\">\n\t\t\t\t<div class=\"elementor-widget-container\">\n\t\t\t\t\t\t\t\t\t<h3>Cong\u00e9lation<\/h3><p><strong>Il existe trois options de cong\u00e9lation qui peuvent aider \u00e0 pr\u00e9server la fertilit\u00e9 d&rsquo;une femme :<\/strong><\/p><ul><li>Cong\u00e9lation des ovules<\/li><li>Cong\u00e9lation d&#8217;embryons<\/li><li>Cong\u00e9lation du tissu ovarien<\/li><\/ul><p>Les ovules, les embryons et les tissus ovariens peuvent \u00eatre congel\u00e9s et conserv\u00e9s pendant plusieurs ann\u00e9es. Le moment venu, ils peuvent ensuite \u00eatre d\u00e9congel\u00e9s et utilis\u00e9s pour une grossesse une fois le traitement anticanc\u00e9reux termin\u00e9. <\/p><p>Diff\u00e9rentes m\u00e9thodes de cong\u00e9lation sont disponibles pour conserver les ovules, les embryons et le tissu ovarien. La cryoconservation est une m\u00e9thode de \u00ab cong\u00e9lation lente \u00bb. La vitrification est une nouvelle m\u00e9thode de \u00ab cong\u00e9lation rapide \u00bb Il a \u00e9t\u00e9 d\u00e9montr\u00e9 que cette m\u00e9thode am\u00e9liore les risques que les ovules et les embryons survivent au processus de d\u00e9cong\u00e9lation et augmente les risques du succ\u00e8s de grossesse.   <\/p><p>Certaines femmes, si elles ont un partenaire masculin, peuvent congeler \u00e0 la fois des ovules et des embryons. Elles auront plus d\u2019options de fertilit\u00e9 \u00e0 leur disposition apr\u00e8s le traitement anticanc\u00e9reux. <\/p><p>La cong\u00e9lation du tissu ovarien est une nouvelle m\u00e9thode de pr\u00e9servation de la fertilit\u00e9. Cela pourrait \u00eatre une autre option pour les femmes sans partenaire masculin. <\/p>\t\t\t\t\t\t\t\t<\/div>\n\t\t\t\t<\/div>\n\t\t\t\t<\/div>\n\t\t\t\t\t<\/details>\n\t\t\t\t\t<\/div>\n\t\t\t\t\t\t<\/div>\n\t\t\t\t<\/div>\n\t\t\t\t<div class=\"elementor-element elementor-element-7fab3355 elementor-widget elementor-widget-text-editor\" data-id=\"7fab3355\" data-element_type=\"widget\" data-e-type=\"widget\" data-widget_type=\"text-editor.default\">\n\t\t\t\t<div class=\"elementor-widget-container\">\n\t\t\t\t\t\t\t\t\t<h2>Cong\u00e9lation d&#8217;embryons<\/h2><p><strong>Cette option signifie que les ovules m\u00fbrs sont pr\u00e9lev\u00e9s dans l\u2019ovaire d\u2019une femme et f\u00e9cond\u00e9s avec du sperme par f\u00e9condation in vitro (FIV). C\u2019est un des r\u00f4les du laboratoire. Les ovules f\u00e9cond\u00e9s (embryons) sont ensuite congel\u00e9s et conserv\u00e9s pour une utilisation future. Lorsqu\u2019une femme souhaite avoir un enfant, les embryons contenus sont remis dans l\u2019ut\u00e9rus.   <\/strong><\/p><h3>A qui est-elle destin\u00e9e ?<\/h3><p>Aux jeunes femmes pub\u00e8res et qui:<\/p><ul><li>Soit ont le temps de suivre un cycle de traitement de stimulation ovarienne avant de commencer un traitement anticanc\u00e9reux<\/li><li>Ont un partenaire masculin, car il faut \u00e0 la fois des ovules et du sperme pour que l&rsquo;ovule soit f\u00e9cond\u00e9.<\/li><\/ul><h3>Quelles sont les implications ?<\/h3><p>Vous aurez besoin d\u2019injections hormonales pour stimuler les ovaires (stimulation ovarienne) pendant environ 2 semaines. Les ovules seront ensuite recueillis gr\u00e2ce \u00e0 une fine aiguille pass\u00e9e \u00e0 travers la paroi de votre vagin jusqu\u2019aux ovaires. Cette intervention se fait sous s\u00e9dation. Vous pourrez \u00e9ventuellement rentrer chez vous quelques heures plus tard.   <\/p><p>Si vous \u00eates en couple et que vous faites congeler des embryons avec votre partenaire masculin, vous aurez besoin de son consentement avant que les embryons puissent \u00eatre utilis\u00e9s. Ceci est un point important, car si vous vous s\u00e9parez plus tard, vous ne pourrez plus en disposer. <\/p><p> Si vous n\u2019avez pas de partenaire masculin, l\u2019utilisation de sperme de donneur est une option. Si vous d\u00e9cidez de choisir cette option, il est important de savoir que le donneur peut changer d\u2019avis et ne pas autoriser l\u2019utilisation d\u2019embryons fabriqu\u00e9s \u00e0 partir de son sperme. <\/p><p>Les ovules congel\u00e9s peuvent \u00eatre conserv\u00e9s pendant 10 ans. La conservation peut \u00eatre augment\u00e9e par p\u00e9riodes de 10 ans (jusqu\u2019\u00e0 55 ans au total) dans certaines situations. <\/p><h3>Quelles sont les chances d&rsquo;avoir un b\u00e9b\u00e9 apr\u00e8s la cong\u00e9lation des ovules ?<\/h3><p>Il est difficile de d\u00e9terminer avec certitude la probabilit\u00e9 que la cong\u00e9lation des ovules aboutisse \u00e0 une naissance vivante. Le nombre de patientes atteints de cancer qui ont utilis\u00e9 des ovules congel\u00e9s est faible. La plupart des donn\u00e9es proviennent de femmes sans cancer qui ont utilis\u00e9 un embryon congel\u00e9 pour avoir un b\u00e9b\u00e9.  <\/p><p>Ces donn\u00e9es montrent que la probabilit\u00e9 de conception apr\u00e8s cong\u00e9lation des ovules est de 30 sur 100 (environ 30 % ).<\/p><p>Les chances d\u2019avoir un b\u00e9b\u00e9 apr\u00e8s la cong\u00e9lation des ovules d\u00e9pendent d\u2019un certain nombre de facteurs, notamment: <\/p><ul><li>Votre \u00e2ge au moment de la ponction des ovocytes. Les chances seront plus \u00e9lev\u00e9es chez les femmes de moins de 35 ans \u2013 environ 40 sur 100 (40%). Les chances seront moindres chez les femmes de plus de 35 ans \u2013 20 sur 100 (20%).    <\/li><li>Le nombre d\u2019ovocytes recueillis.<\/li><li>La quantit\u00e9 et la qualit\u00e9 des embryons congel\u00e9s.<\/li><li>La sant\u00e9 du sperme de votre partenaire.<\/li><li>La clinique de fertilit\u00e9 o\u00f9 la cong\u00e9lation des ovules a \u00e9t\u00e9 effectu\u00e9e.<\/li><\/ul><p>Pour plus d\u2019informations sur les taux de r\u00e9ussite moyens nationaux et le nombre de naissances vivantes r\u00e9ussies pour chaque clinique de fertilit\u00e9 agr\u00e9e, visitez le site Web <a href=\"http:\/\/www.hfea.gov.uk\" target=\"_blank\" rel=\"noopener\">www.hfea.gov.uk.<\/a><\/p><h3>Cette option affectera-t-elle la sant\u00e9 du b\u00e9b\u00e9 ?<\/h3><p>Non, les donn\u00e9es sugg\u00e8rent que la sant\u00e9 d\u2019un b\u00e9b\u00e9 n\u00e9 avec du tissu ovarien congel\u00e9 ne sera pas affect\u00e9e.<\/p><h3>Y a-t-il des effets secondaires du traitement de fertilit\u00e9 utilis\u00e9 dans la cong\u00e9lation des ovules ?<\/h3><p>Les m\u00e9dicaments de fertilit\u00e9 utilis\u00e9s pour stimuler les ovaires peuvent provoquer des effets secondaires, tels que maux de t\u00eate, changements d\u2019humeur, bouff\u00e9es de chaleur et irritation de la peau. Les m\u00e9dicaments de fertilit\u00e9 peuvent \u00e9galement provoquer une r\u00e9ponse excessive des ovaires, ce qui peut entra\u00eener une maladie appel\u00e9e SHO. Une fois que vous avez commenc\u00e9 votre traitement, demandez \u00e0 votre \u00e9quipe de soins de fertilit\u00e9 quels sont les sympt\u00f4mes de cette maladie et comment les contacter si vous en avez besoin.  <\/p><p>Lorsque les ovaires sont stimul\u00e9s pour produire beaucoup d\u2019ovules, les niveaux de l\u2019hormone \u0153strog\u00e8ne augmentent. Cela peut pr\u00e9senter un risque pour les jeunes femmes qui ont un cancer du sein sensible aux \u0153strog\u00e8nes. Ces femmes peuvent recevoir un m\u00e9dicament appel\u00e9 L\u00e9trozole (Femara) qui abaisse les niveaux d\u2019\u0153strog\u00e8nes dans le sang.   <\/p><p>En essayant d\u2019obtenir des ovules, il existe un risque de saignement, d\u2019infection et de perforation de l\u2019intestin, mais ces cas restent rares.<\/p><p>Il peut y avoir une inqui\u00e9tude pour les femmes atteintes de cancers pelviens, o\u00f9 il pourrait se produire un d\u00e9versement de cellules canc\u00e9reuses de l\u2019ovaire dans l\u2019abdomen apr\u00e8s la collecte des ovules.<\/p><p>Si plus d\u2019un embryon est implant\u00e9, il existe un risque de naissances multiples (jumeaux, tripl\u00e9s). Toute grossess comporte \u00e9galement un risque de fausse couche et de grossesse extra-ut\u00e9rine (une grossesse en dehors de l\u2019ut\u00e9rus). <\/p><p>La FIV peut \u00eatre \u00e9puisante physiquement et \u00e9motionnellement et la grossesse peut ne pas se produire.<\/p><h3>Cette option retardera-t-elle le d\u00e9but de mon traitement anticanc\u00e9reux ?<\/h3><p>Il faut compter environ deux semaines entre le d\u00e9but de la stimulation ovarienne et le moment de la collecte des ovules. La dur\u00e9e d\u2019attente avant le d\u00e9but de la stimulation peut varier. Elle d\u00e9pend de facteurs tels que le d\u00e9roulement du cycle menstruel de la femme. Cette option peut ne pas convenir aux femmes atteintes de cancers tels que la leuc\u00e9mie, certains lymphomes et sarcomes, car elles peuvent n\u00e9cessiter un traitement imm\u00e9diat. Si vous souffrez de SHO, cela peut retarder le d\u00e9but du traitement anticanc\u00e9reux.    <\/p><h3>Cette option affectera-t-elle mes risques de r\u00e9cidive du cancer?<\/h3><p>Il n\u2019y a aucune donn\u00e9e sugg\u00e9rant que la cong\u00e9lation d\u2019embryons affecte les risques de croissance ou de r\u00e9apparition des cancers.<\/p>\t\t\t\t\t\t\t\t<\/div>\n\t\t\t\t<\/div>\n\t\t<div class=\"elementor-element elementor-element-43614ce8 e-con-full e-flex e-con e-child\" data-id=\"43614ce8\" data-element_type=\"container\" data-e-type=\"container\" data-settings=\"{&quot;background_background&quot;:&quot;classic&quot;}\">\n\t\t\t\t<div class=\"elementor-element elementor-element-70da4ea4 elementor-widget elementor-widget-text-editor\" data-id=\"70da4ea4\" data-element_type=\"widget\" data-e-type=\"widget\" data-widget_type=\"text-editor.default\">\n\t\t\t\t<div class=\"elementor-widget-container\">\n\t\t\t\t\t\t\t\t\t<p><strong>Vous trouverez peut-\u00eatre utile de faire une liste de ce qui vous pla\u00eet et de ce qui vous inqui\u00e8te au sujet de cette option.<\/strong><\/p><p>Ces notes pourraient vous aider \u00e0 d\u00e9terminer si cette option est la meilleure pour vous avec votre \u00e9quipe de soins anticanc\u00e9reux, votre \u00e9quipe de soins de fertilit\u00e9, votre partenaire, votre famille et vos amis .<\/p>\t\t\t\t\t\t\t\t<\/div>\n\t\t\t\t<\/div>\n\t\t\t\t<\/div>\n\t\t\t\t<\/div>\n\t\t<div class=\"elementor-element elementor-element-3afc403 e-con-full e-flex e-con e-child\" data-id=\"3afc403\" data-element_type=\"container\" data-e-type=\"container\">\n\t\t<div class=\"elementor-element elementor-element-48d7c580 e-con-full e-flex e-con e-child\" data-id=\"48d7c580\" data-element_type=\"container\" data-e-type=\"container\">\n\t\t\t\t<div class=\"elementor-element elementor-element-1873bc03 elementor-widget elementor-widget-image\" data-id=\"1873bc03\" data-element_type=\"widget\" data-e-type=\"widget\" data-widget_type=\"image.default\">\n\t\t\t\t<div class=\"elementor-widget-container\">\n\t\t\t\t\t\t\t\t\t\t\t\t\t\t\t\t<a href=\"http:\/\/.\/\">\n\t\t\t\t\t\t\t<img fetchpriority=\"high\" decoding=\"async\" width=\"400\" height=\"440\" src=\"https:\/\/cancerfertilityandme.org.uk\/wp-content\/uploads\/cancerfertilityandme-logo-column-adult-women.png\" class=\"attachment-full size-full wp-image-2280\" alt=\"\" srcset=\"https:\/\/cancerfertilityandme.org.uk\/wp-content\/uploads\/cancerfertilityandme-logo-column-adult-women.png 400w, https:\/\/cancerfertilityandme.org.uk\/wp-content\/uploads\/cancerfertilityandme-logo-column-adult-women-273x300.png 273w\" sizes=\"(max-width: 400px) 100vw, 400px\" \/>\t\t\t\t\t\t\t\t<\/a>\n\t\t\t\t\t\t\t\t\t\t\t\t\t\t\t<\/div>\n\t\t\t\t<\/div>\n\t\t\t\t<\/div>\n\t\t<div class=\"elementor-element elementor-element-14059c76 e-con-full e-flex e-con e-child\" data-id=\"14059c76\" data-element_type=\"container\" data-e-type=\"container\">\n\t\t\t\t<div class=\"elementor-element elementor-element-122ede8b elementor-widget elementor-widget-heading\" data-id=\"122ede8b\" data-element_type=\"widget\" data-e-type=\"widget\" data-widget_type=\"heading.default\">\n\t\t\t\t<div class=\"elementor-widget-container\">\n\t\t\t\t\t<h3 class=\"elementor-heading-title elementor-size-default\">Suivez ces liens pour plus d\u2019informations<\/h3>\t\t\t\t<\/div>\n\t\t\t\t<\/div>\n\t\t\t\t<div class=\"elementor-element elementor-element-4ebc2425 elementor-nav-menu--dropdown-none elementor-widget elementor-widget-nav-menu\" data-id=\"4ebc2425\" data-element_type=\"widget\" data-e-type=\"widget\" data-settings=\"{&quot;layout&quot;:&quot;vertical&quot;,&quot;submenu_icon&quot;:{&quot;value&quot;:&quot;&lt;svg aria-hidden=\\&quot;true\\&quot; class=\\&quot;e-font-icon-svg e-fas-caret-down\\&quot; viewBox=\\&quot;0 0 320 512\\&quot; xmlns=\\&quot;http:\\\/\\\/www.w3.org\\\/2000\\\/svg\\&quot;&gt;&lt;path d=\\&quot;M31.3 192h257.3c17.8 0 26.7 21.5 14.1 34.1L174.1 354.8c-7.8 7.8-20.5 7.8-28.3 0L17.2 226.1C4.6 213.5 13.5 192 31.3 192z\\&quot;&gt;&lt;\\\/path&gt;&lt;\\\/svg&gt;&quot;,&quot;library&quot;:&quot;fa-solid&quot;}}\" data-widget_type=\"nav-menu.default\">\n\t\t\t\t<div class=\"elementor-widget-container\">\n\t\t\t\t\t\t\t\t<nav aria-label=\"Menu\" class=\"elementor-nav-menu--main elementor-nav-menu__container elementor-nav-menu--layout-vertical e--pointer-none\">\n\t\t\t\t<ul id=\"menu-1-4ebc2425\" class=\"elementor-nav-menu sm-vertical\"><li class=\"menu-item menu-item-type-post_type menu-item-object-page menu-item-6985\"><a href=\"https:\/\/cancerfertilityandme.org.uk\/adult-women\/fertility-preservation-options\/\" class=\"elementor-item\">Les options de pr\u00e9servation de la fertilit\u00e9<\/a><\/li>\n<li class=\"menu-item menu-item-type-post_type menu-item-object-page menu-item-6994\"><a href=\"https:\/\/cancerfertilityandme.org.uk\/adult-women\/fertility-preservation-options\/summary-of-fertility-preservation-options\/\" class=\"elementor-item\">R\u00e9sum\u00e9 des options de pr\u00e9servation de la fertilit\u00e9.<\/a><\/li>\n<li class=\"menu-item menu-item-type-post_type menu-item-object-page menu-item-6990\"><a href=\"https:\/\/cancerfertilityandme.org.uk\/adult-women\/fertility-preservation-options\/no-fertility-preservation\/\" class=\"elementor-item\">Aucune pr\u00e9servation de la fertilit\u00e9<\/a><\/li>\n<li class=\"menu-item menu-item-type-post_type menu-item-object-page menu-item-6987\"><a href=\"https:\/\/cancerfertilityandme.org.uk\/adult-women\/fertility-preservation-options\/egg-freezing\/\" class=\"elementor-item\">Cong\u00e9lation des ovules<\/a><\/li>\n<li class=\"menu-item menu-item-type-post_type menu-item-object-page menu-item-6988\"><a href=\"https:\/\/cancerfertilityandme.org.uk\/adult-women\/fertility-preservation-options\/embryo-freezing\/\" class=\"elementor-item\">Cong\u00e9lation d&#8217;embryons<\/a><\/li>\n<li class=\"menu-item menu-item-type-post_type menu-item-object-page menu-item-6992\"><a href=\"https:\/\/cancerfertilityandme.org.uk\/adult-women\/fertility-preservation-options\/ovarian-tissue-freezing\/\" class=\"elementor-item\">Cong\u00e9lation du tissu ovarien<\/a><\/li>\n<li class=\"menu-item menu-item-type-post_type menu-item-object-page menu-item-6991\"><a href=\"https:\/\/cancerfertilityandme.org.uk\/adult-women\/fertility-preservation-options\/ovarian-suppression\/\" class=\"elementor-item\">Suppression de la fonction ovarienne<\/a><\/li>\n<li class=\"menu-item menu-item-type-post_type menu-item-object-page menu-item-6986\"><a href=\"https:\/\/cancerfertilityandme.org.uk\/adult-women\/fertility-preservation-options\/cancer-specific-fertility-sparing-options\/\" class=\"elementor-item\">Techniques \u00e9conomes en fertilit\u00e9 sp\u00e9cifiques \u00e0 certains cancers<\/a><\/li>\n<li class=\"menu-item menu-item-type-post_type menu-item-object-page menu-item-11368\"><a href=\"https:\/\/cancerfertilityandme.org.uk\/adult-women\/fertility-preservation-options\/other-cancer-treatments\/\" class=\"elementor-item\">Autres traitements anticanc\u00e9reux<\/a><\/li>\n<li class=\"menu-item menu-item-type-post_type menu-item-object-page menu-item-6993\"><a href=\"https:\/\/cancerfertilityandme.org.uk\/adult-women\/fertility-preservation-options\/questions-to-ask-your-cancer-fertility-care-teams\/\" class=\"elementor-item\">Questions \u00e0 poser \u00e0 votre \u00e9quipe de canc\u00e9rologie et \u00e0 votre \u00e9quipe de soins de fertilit\u00e9<\/a><\/li>\n<\/ul>\t\t\t<\/nav>\n\t\t\t\t\t\t<nav class=\"elementor-nav-menu--dropdown elementor-nav-menu__container\" aria-hidden=\"true\">\n\t\t\t\t<ul id=\"menu-2-4ebc2425\" class=\"elementor-nav-menu sm-vertical\"><li class=\"menu-item menu-item-type-post_type menu-item-object-page menu-item-6985\"><a href=\"https:\/\/cancerfertilityandme.org.uk\/adult-women\/fertility-preservation-options\/\" class=\"elementor-item\" tabindex=\"-1\">Les options de pr\u00e9servation de la fertilit\u00e9<\/a><\/li>\n<li class=\"menu-item menu-item-type-post_type menu-item-object-page menu-item-6994\"><a href=\"https:\/\/cancerfertilityandme.org.uk\/adult-women\/fertility-preservation-options\/summary-of-fertility-preservation-options\/\" class=\"elementor-item\" tabindex=\"-1\">R\u00e9sum\u00e9 des options de pr\u00e9servation de la fertilit\u00e9.<\/a><\/li>\n<li class=\"menu-item menu-item-type-post_type menu-item-object-page menu-item-6990\"><a href=\"https:\/\/cancerfertilityandme.org.uk\/adult-women\/fertility-preservation-options\/no-fertility-preservation\/\" class=\"elementor-item\" tabindex=\"-1\">Aucune pr\u00e9servation de la fertilit\u00e9<\/a><\/li>\n<li class=\"menu-item menu-item-type-post_type menu-item-object-page menu-item-6987\"><a href=\"https:\/\/cancerfertilityandme.org.uk\/adult-women\/fertility-preservation-options\/egg-freezing\/\" class=\"elementor-item\" tabindex=\"-1\">Cong\u00e9lation des ovules<\/a><\/li>\n<li class=\"menu-item menu-item-type-post_type menu-item-object-page menu-item-6988\"><a href=\"https:\/\/cancerfertilityandme.org.uk\/adult-women\/fertility-preservation-options\/embryo-freezing\/\" class=\"elementor-item\" tabindex=\"-1\">Cong\u00e9lation d&#8217;embryons<\/a><\/li>\n<li class=\"menu-item menu-item-type-post_type menu-item-object-page menu-item-6992\"><a href=\"https:\/\/cancerfertilityandme.org.uk\/adult-women\/fertility-preservation-options\/ovarian-tissue-freezing\/\" class=\"elementor-item\" tabindex=\"-1\">Cong\u00e9lation du tissu ovarien<\/a><\/li>\n<li class=\"menu-item menu-item-type-post_type menu-item-object-page menu-item-6991\"><a href=\"https:\/\/cancerfertilityandme.org.uk\/adult-women\/fertility-preservation-options\/ovarian-suppression\/\" class=\"elementor-item\" tabindex=\"-1\">Suppression de la fonction ovarienne<\/a><\/li>\n<li class=\"menu-item menu-item-type-post_type menu-item-object-page menu-item-6986\"><a href=\"https:\/\/cancerfertilityandme.org.uk\/adult-women\/fertility-preservation-options\/cancer-specific-fertility-sparing-options\/\" class=\"elementor-item\" tabindex=\"-1\">Techniques \u00e9conomes en fertilit\u00e9 sp\u00e9cifiques \u00e0 certains cancers<\/a><\/li>\n<li class=\"menu-item menu-item-type-post_type menu-item-object-page menu-item-11368\"><a href=\"https:\/\/cancerfertilityandme.org.uk\/adult-women\/fertility-preservation-options\/other-cancer-treatments\/\" class=\"elementor-item\" tabindex=\"-1\">Autres traitements anticanc\u00e9reux<\/a><\/li>\n<li class=\"menu-item menu-item-type-post_type menu-item-object-page menu-item-6993\"><a href=\"https:\/\/cancerfertilityandme.org.uk\/adult-women\/fertility-preservation-options\/questions-to-ask-your-cancer-fertility-care-teams\/\" class=\"elementor-item\" tabindex=\"-1\">Questions \u00e0 poser \u00e0 votre \u00e9quipe de canc\u00e9rologie et \u00e0 votre \u00e9quipe de soins de fertilit\u00e9<\/a><\/li>\n<\/ul>\t\t\t<\/nav>\n\t\t\t\t\t\t<\/div>\n\t\t\t\t<\/div>\n\t\t\t\t<\/div>\n\t\t\t\t<\/div>\n\t\t\t\t\t<\/div>\n\t\t\t\t<\/main>\n\t\t\t\t<\/div>\n\t\t","protected":false},"excerpt":{"rendered":"<p>Cong\u00e9lation &#8211; introduction Cong\u00e9lation Il existe trois options de cong\u00e9lation qui peuvent aider \u00e0 pr\u00e9server la fertilit\u00e9 d&#8217;une femme : Cong\u00e9lation des ovules Cong\u00e9lation d&#8217;embryons Cong\u00e9lation du tissu ovarien Les ovules, les embryons et les tissus ovariens peuvent \u00eatre congel\u00e9s et conserv\u00e9s pendant plusieurs ann\u00e9es. Le moment venu, ils peuvent ensuite \u00eatre d\u00e9congel\u00e9s et utilis\u00e9s [&hellip;]<\/p>\n","protected":false},"author":1,"featured_media":0,"parent":5822,"menu_order":0,"comment_status":"closed","ping_status":"open","template":"","meta":{"footnotes":""},"class_list":["post-5860","page","type-page","status-publish","hentry"],"_links":{"self":[{"href":"https:\/\/cancerfertilityandme.org.uk\/fr\/wp-json\/wp\/v2\/pages\/5860","targetHints":{"allow":["GET"]}}],"collection":[{"href":"https:\/\/cancerfertilityandme.org.uk\/fr\/wp-json\/wp\/v2\/pages"}],"about":[{"href":"https:\/\/cancerfertilityandme.org.uk\/fr\/wp-json\/wp\/v2\/types\/page"}],"author":[{"embeddable":true,"href":"https:\/\/cancerfertilityandme.org.uk\/fr\/wp-json\/wp\/v2\/users\/1"}],"replies":[{"embeddable":true,"href":"https:\/\/cancerfertilityandme.org.uk\/fr\/wp-json\/wp\/v2\/comments?post=5860"}],"version-history":[{"count":4,"href":"https:\/\/cancerfertilityandme.org.uk\/fr\/wp-json\/wp\/v2\/pages\/5860\/revisions"}],"predecessor-version":[{"id":9490,"href":"https:\/\/cancerfertilityandme.org.uk\/fr\/wp-json\/wp\/v2\/pages\/5860\/revisions\/9490"}],"up":[{"embeddable":true,"href":"https:\/\/cancerfertilityandme.org.uk\/fr\/wp-json\/wp\/v2\/pages\/5822"}],"wp:attachment":[{"href":"https:\/\/cancerfertilityandme.org.uk\/fr\/wp-json\/wp\/v2\/media?parent=5860"}],"curies":[{"name":"wp","href":"https:\/\/api.w.org\/{rel}","templated":true}]}}