{"id":5854,"date":"2018-11-07T09:47:04","date_gmt":"2018-11-07T09:47:04","guid":{"rendered":"https:\/\/cancerfertilityandme.org.uk\/resume-des-options-de-preservation-de-la-fertilite\/"},"modified":"2025-11-17T11:00:15","modified_gmt":"2025-11-17T11:00:15","slug":"resume-des-options-de-preservation-de-la-fertilite","status":"publish","type":"page","link":"https:\/\/cancerfertilityandme.org.uk\/fr\/femmes-adultes\/les-options-de-preservation-de-la-fertilite-2\/resume-des-options-de-preservation-de-la-fertilite\/","title":{"rendered":"R\u00e9sum\u00e9 des options de pr\u00e9servation de la fertilit\u00e9."},"content":{"rendered":"\t\t<div data-elementor-type=\"wp-page\" data-elementor-id=\"5854\" class=\"elementor elementor-5854 elementor-5589\" data-elementor-post-type=\"page\">\n\t\t\t\t<main class=\"elementor-element elementor-element-25a182d e-flex e-con-boxed e-con e-parent\" data-id=\"25a182d\" data-element_type=\"container\" data-e-type=\"container\">\n\t\t\t\t\t<div class=\"e-con-inner\">\n\t\t<div class=\"elementor-element elementor-element-3204df80 e-con-full e-flex e-con e-child\" data-id=\"3204df80\" data-element_type=\"container\" data-e-type=\"container\">\n\t\t\t\t<div class=\"elementor-element elementor-element-370f079b elementor-widget elementor-widget-text-editor\" data-id=\"370f079b\" data-element_type=\"widget\" data-e-type=\"widget\" data-widget_type=\"text-editor.default\">\n\t\t\t\t<div class=\"elementor-widget-container\">\n\t\t\t\t\t\t\t\t\t<h2>R\u00e9sum\u00e9 des options de pr\u00e9servation de la fertilit\u00e9.<\/h2>\t\t\t\t\t\t\t\t<\/div>\n\t\t\t\t<\/div>\n\t\t<div class=\"elementor-element elementor-element-781f8b5e e-con-full e-flex e-con e-child\" data-id=\"781f8b5e\" data-element_type=\"container\" data-e-type=\"container\" data-settings=\"{&quot;background_background&quot;:&quot;classic&quot;}\">\n\t\t\t\t<div class=\"elementor-element elementor-element-7f12b723 elementor-widget elementor-widget-text-editor\" data-id=\"7f12b723\" data-element_type=\"widget\" data-e-type=\"widget\" data-widget_type=\"text-editor.default\">\n\t\t\t\t<div class=\"elementor-widget-container\">\n\t\t\t\t\t\t\t\t\t<h3 style=\"text-align: center;\">Aucune pr\u00e9servation de la fertilit\u00e9<\/h3><hr><h3>A qui est-elle destin\u00e9e ?<\/h3><p>Aux femmes qui : veulent attendre et voir ; ont d\u00e9j\u00e0 une famille compl\u00e8te ; ne souhaitent pas avoir d\u2019enfant \u00e0 l\u2019issue des traitements anticanc\u00e9reux ; ont besoin de commencer un traitement anticanc\u00e9reux imm\u00e9diatement ; n\u2019ont aucune option de pr\u00e9servation de la fertilit\u00e9 \u00e0 leur disposition.<\/p><h3>Chances d&rsquo;avoir un b\u00e9b\u00e9<\/h3><p>Variables. Cela d\u00e9pend de la fa\u00e7on dont vos ovaires ont \u00e9t\u00e9 affect\u00e9s par votre traitement anticanc\u00e9reux. <\/p><h3>Effets secondaires du traitement de fertilit\u00e9<\/h3><p>Pas d&rsquo;effets secondaires des traitements de fertilit\u00e9.<\/p><h3>D\u00e9lai de commencement du traitement anticanc\u00e9reux<\/h3><p>Imm\u00e9diat<\/p><h3>Effet sur le retour du cancer<\/h3><p>Aucun effet<\/p>\t\t\t\t\t\t\t\t<\/div>\n\t\t\t\t<\/div>\n\t\t\t\t<\/div>\n\t\t<div class=\"elementor-element elementor-element-a6abaa5 e-con-full e-flex e-con e-child\" data-id=\"a6abaa5\" data-element_type=\"container\" data-e-type=\"container\" data-settings=\"{&quot;background_background&quot;:&quot;classic&quot;}\">\n\t\t\t\t<div class=\"elementor-element elementor-element-babb161 elementor-widget elementor-widget-text-editor\" data-id=\"babb161\" data-element_type=\"widget\" data-e-type=\"widget\" data-widget_type=\"text-editor.default\">\n\t\t\t\t<div class=\"elementor-widget-container\">\n\t\t\t\t\t\t\t\t\t<h3 style=\"text-align: center;\">Cong\u00e9lation des ovules<\/h3><hr><h3>A qui est-elle destin\u00e9e ?<\/h3><p>Aux femmes qui : n\u2019ont pas de partenaire ; ne veulent pas utiliser le sperme d\u2019un donneur ; ne veulent pas opter pour la cong\u00e9lation d\u2019embryons en raison de leurs croyances ; ont le temps de suivre un cycle de traitement de fertilit\u00e9 avant de commencer un traitement anticanc\u00e9reux.<\/p><h3>Chances d&rsquo;avoir un b\u00e9b\u00e9<\/h3><p>Variables. Les femmes de moins de 35 ans qui font stocker 10 ovules ont environ 4 chances sur 10 (40%) d&rsquo;avoir un b\u00e9b\u00e9. Les chances seront moindres chez les femmes de plus de 35 ans. Les femmes de moins de 35 ans ont de fortes chances de concevoir si suffisamment d\u2019ovules peuvent \u00eatre stock\u00e9s   <\/p><h3>Effets secondaires du traitement de fertilit\u00e9<\/h3><p>Maux de t\u00eate, changements d&rsquo;humeur, bouff\u00e9es de chaleur et irritation de la peau ; augmentation du niveau de l&rsquo;hormone \u0153strog\u00e8ne (potentiellement dangereux pour les femmes qui ont un cancer du sein sensible aux \u0153strog\u00e8nes); risque d&rsquo;infection ou de saignement; atteintes d&rsquo;autres structures pelviennes (potentiellement dangereux pour les femmes atteintes d&rsquo;un cancer pelvien).<\/p><h3>D\u00e9lai de commencement du traitement anticanc\u00e9reux<\/h3><p>Deux semaines.<\/p><h3>Effet sur le retour du cancer<\/h3><p>Aucune donn\u00e9e ne sugg\u00e8re que cela affecte les risques de r\u00e9apparition du cancer.<\/p>\t\t\t\t\t\t\t\t<\/div>\n\t\t\t\t<\/div>\n\t\t\t\t<\/div>\n\t\t<div class=\"elementor-element elementor-element-79c9e2a e-con-full e-flex e-con e-child\" data-id=\"79c9e2a\" data-element_type=\"container\" data-e-type=\"container\" data-settings=\"{&quot;background_background&quot;:&quot;classic&quot;}\">\n\t\t\t\t<div class=\"elementor-element elementor-element-f8413c2 elementor-widget elementor-widget-text-editor\" data-id=\"f8413c2\" data-element_type=\"widget\" data-e-type=\"widget\" data-widget_type=\"text-editor.default\">\n\t\t\t\t<div class=\"elementor-widget-container\">\n\t\t\t\t\t\t\t\t\t<h3 style=\"text-align: center;\">Cong\u00e9lation d&#8217;embryons<\/h3><hr><h3>A qui est-elle destin\u00e9e ?<\/h3><p>Aux femmes qui ont le temps de suivre un cycle de traitement de fertilit\u00e9 avant de commencer un traitement anticanc\u00e9reux ; aux femmes ayant un partenaire masculin, \u00e9tant donn\u00e9 que les ovules et le sperme sont n\u00e9cessaires \u00e0 la f\u00e9condation.<\/p><h3>Chances d&rsquo;avoir un b\u00e9b\u00e9<\/h3><p>Variable. Ces donn\u00e9es montrent que la probabilit\u00e9 d\u2019avoir un b\u00e9b\u00e9 \u00e0 l\u2019aide d\u2019un embryon congel\u00e9 \u00e0 la suite d\u2019un traitement anticanc\u00e9reux est d&rsquo;environ 30 sur 100 (environ 30 %). Les chances seront plus \u00e9lev\u00e9es chez les femmes de moins de 35 ans. Les chances seront moindres chez les femmes de plus de 35 ans.   <\/p><h3>Effets secondaires du traitement de fertilit\u00e9<\/h3><p>Maux de t\u00eate, changements d&rsquo;humeur, bouff\u00e9es de chaleur et irritation de la peau ; augmentation du niveau de l&rsquo;hormone \u0153strog\u00e8ne (potentiellement dangereux pour les femmes qui ont un cancer du sein sensible aux \u0153strog\u00e8nes); risque d&rsquo;infection ou de saignement; atteintes d&rsquo;autres structures pelviennes (potentiellement dangereux pour les femmes atteintes d&rsquo;un cancer pelvien).<\/p><h3>D\u00e9lai de commencement du traitement anticanc\u00e9reux<\/h3><p>Deux semaines.<\/p><h3>Effet sur le retour du cancer<\/h3><p>Aucune donn\u00e9e ne sugg\u00e8re que cela affecte les risques de r\u00e9apparition du cancer.<\/p>\t\t\t\t\t\t\t\t<\/div>\n\t\t\t\t<\/div>\n\t\t\t\t<\/div>\n\t\t<div class=\"elementor-element elementor-element-d2e018f e-con-full e-flex e-con e-child\" data-id=\"d2e018f\" data-element_type=\"container\" data-e-type=\"container\" data-settings=\"{&quot;background_background&quot;:&quot;classic&quot;}\">\n\t\t\t\t<div class=\"elementor-element elementor-element-9a7f7c3 elementor-widget elementor-widget-text-editor\" data-id=\"9a7f7c3\" data-element_type=\"widget\" data-e-type=\"widget\" data-widget_type=\"text-editor.default\">\n\t\t\t\t<div class=\"elementor-widget-container\">\n\t\t\t\t\t\t\t\t\t<h3 style=\"text-align: center;\">Cong\u00e9lation du tissu ovarien<\/h3><hr><h3>A qui est-elle destin\u00e9e ?<\/h3><p>Aux femmes qui : n&rsquo;ont pas le temps de faire congeler leurs embryons ou leurs ovules ; ne peuvent pas utiliser de m\u00e9dicaments pour la fertilit\u00e9 ; pr\u00e9f\u00e8rent la possibilit\u00e9 de concevoir naturellement par la suite ; aux filles qui n&rsquo;ont pas atteint la pubert\u00e9.<\/p><h3>Chances d&rsquo;avoir un b\u00e9b\u00e9<\/h3><p>Nouvelle m\u00e9thode de pr\u00e9servation de la fertilit\u00e9. Taux de naissances vivantes d&rsquo;environ 30 sur 100 (30 %) dans le monde. <\/p><h3>Effets secondaires du traitement de fertilit\u00e9<\/h3><p>Implique une intervention chirurgicale, donc des atteintes potentielles \u00e0 la vessie ou \u00e0 l&rsquo;intestin ; risque d&rsquo;infection ou de saignement. Risque de r\u00e9introduire des cellules canc\u00e9reuses dans le corps avec le tissu ovarien congel\u00e9 (potentiellement dangereux pour les femmes atteintes d&rsquo;un cancer du sang comme la leuc\u00e9mie). <\/p><h3>D\u00e9lai de commencement du traitement anticanc\u00e9reux<\/h3><p>Probablement aucun, ou seulement quelques jours.<\/p><h3>Effet sur le retour du cancer<\/h3><p>Aucune donn\u00e9e ne sugg\u00e8re que cela affecte les risques de r\u00e9apparition du cancer.<\/p>\t\t\t\t\t\t\t\t<\/div>\n\t\t\t\t<\/div>\n\t\t\t\t<\/div>\n\t\t<div class=\"elementor-element elementor-element-5013e21 e-con-full e-flex e-con e-child\" data-id=\"5013e21\" data-element_type=\"container\" data-e-type=\"container\" data-settings=\"{&quot;background_background&quot;:&quot;classic&quot;}\">\n\t\t\t\t<div class=\"elementor-element elementor-element-c3b7da8 elementor-widget elementor-widget-text-editor\" data-id=\"c3b7da8\" data-element_type=\"widget\" data-e-type=\"widget\" data-widget_type=\"text-editor.default\">\n\t\t\t\t<div class=\"elementor-widget-container\">\n\t\t\t\t\t\t\t\t\t<h3 style=\"text-align: center;\">Suppression de la fonction ovarienne<\/h3><hr><h3>A qui est-elle destin\u00e9e ?<\/h3><p>Aux femmes subissant une chimioth\u00e9rapie ; aux filles qui ont atteint la pubert\u00e9.<\/p><h3>Chances d&rsquo;avoir un b\u00e9b\u00e9<\/h3><p>Il est difficile de savoir si si cette m\u00e9thode augmente la probabilit\u00e9 que vous puissiez avoir un b\u00e9b\u00e9 apr\u00e8s le traitement.<\/p><h3>Effets secondaires du traitement de fertilit\u00e9<\/h3><p>Bouff\u00e9es de chaleur ; changements d\u2019humeur ; troubles du sommeil ; s\u00e9cheresse vaginale.<\/p><h3>D\u00e9lai de commencement du traitement anticanc\u00e9reux<\/h3><p>Probablement aucun<\/p><h3>Effet sur le retour du cancer<\/h3><p>Aucun effet<\/p>\t\t\t\t\t\t\t\t<\/div>\n\t\t\t\t<\/div>\n\t\t\t\t<\/div>\n\t\t\t\t<\/div>\n\t\t<div class=\"elementor-element elementor-element-78fd630d e-con-full e-flex e-con e-child\" data-id=\"78fd630d\" data-element_type=\"container\" data-e-type=\"container\">\n\t\t<div class=\"elementor-element elementor-element-1ec77f10 e-con-full e-flex e-con e-child\" data-id=\"1ec77f10\" data-element_type=\"container\" data-e-type=\"container\">\n\t\t\t\t<div class=\"elementor-element elementor-element-76a85363 elementor-widget elementor-widget-image\" data-id=\"76a85363\" data-element_type=\"widget\" data-e-type=\"widget\" data-widget_type=\"image.default\">\n\t\t\t\t<div class=\"elementor-widget-container\">\n\t\t\t\t\t\t\t\t\t\t\t\t\t\t\t\t<a href=\"http:\/\/.\/\">\n\t\t\t\t\t\t\t<img fetchpriority=\"high\" decoding=\"async\" width=\"400\" height=\"440\" src=\"https:\/\/cancerfertilityandme.org.uk\/wp-content\/uploads\/cancerfertilityandme-logo-column-adult-women.png\" class=\"attachment-full size-full wp-image-2280\" alt=\"\" srcset=\"https:\/\/cancerfertilityandme.org.uk\/wp-content\/uploads\/cancerfertilityandme-logo-column-adult-women.png 400w, https:\/\/cancerfertilityandme.org.uk\/wp-content\/uploads\/cancerfertilityandme-logo-column-adult-women-273x300.png 273w\" sizes=\"(max-width: 400px) 100vw, 400px\" \/>\t\t\t\t\t\t\t\t<\/a>\n\t\t\t\t\t\t\t\t\t\t\t\t\t\t\t<\/div>\n\t\t\t\t<\/div>\n\t\t\t\t<\/div>\n\t\t<div class=\"elementor-element elementor-element-643b0697 e-con-full e-flex e-con e-child\" data-id=\"643b0697\" data-element_type=\"container\" data-e-type=\"container\">\n\t\t\t\t<div class=\"elementor-element elementor-element-773233c4 elementor-widget elementor-widget-heading\" data-id=\"773233c4\" data-element_type=\"widget\" data-e-type=\"widget\" data-widget_type=\"heading.default\">\n\t\t\t\t<div class=\"elementor-widget-container\">\n\t\t\t\t\t<h3 class=\"elementor-heading-title elementor-size-default\">Suivez ces liens pour plus d\u2019informations<\/h3>\t\t\t\t<\/div>\n\t\t\t\t<\/div>\n\t\t\t\t<div class=\"elementor-element elementor-element-30636de4 elementor-nav-menu--dropdown-none elementor-widget elementor-widget-nav-menu\" data-id=\"30636de4\" data-element_type=\"widget\" data-e-type=\"widget\" data-settings=\"{&quot;layout&quot;:&quot;vertical&quot;,&quot;submenu_icon&quot;:{&quot;value&quot;:&quot;&lt;svg aria-hidden=\\&quot;true\\&quot; class=\\&quot;e-font-icon-svg e-fas-caret-down\\&quot; viewBox=\\&quot;0 0 320 512\\&quot; xmlns=\\&quot;http:\\\/\\\/www.w3.org\\\/2000\\\/svg\\&quot;&gt;&lt;path d=\\&quot;M31.3 192h257.3c17.8 0 26.7 21.5 14.1 34.1L174.1 354.8c-7.8 7.8-20.5 7.8-28.3 0L17.2 226.1C4.6 213.5 13.5 192 31.3 192z\\&quot;&gt;&lt;\\\/path&gt;&lt;\\\/svg&gt;&quot;,&quot;library&quot;:&quot;fa-solid&quot;}}\" data-widget_type=\"nav-menu.default\">\n\t\t\t\t<div class=\"elementor-widget-container\">\n\t\t\t\t\t\t\t\t<nav aria-label=\"Menu\" class=\"elementor-nav-menu--main elementor-nav-menu__container elementor-nav-menu--layout-vertical e--pointer-none\">\n\t\t\t\t<ul id=\"menu-1-30636de4\" class=\"elementor-nav-menu sm-vertical\"><li class=\"menu-item menu-item-type-post_type menu-item-object-page menu-item-6985\"><a href=\"https:\/\/cancerfertilityandme.org.uk\/adult-women\/fertility-preservation-options\/\" class=\"elementor-item\">Les options de pr\u00e9servation de la fertilit\u00e9<\/a><\/li>\n<li class=\"menu-item menu-item-type-post_type menu-item-object-page menu-item-6994\"><a href=\"https:\/\/cancerfertilityandme.org.uk\/adult-women\/fertility-preservation-options\/summary-of-fertility-preservation-options\/\" class=\"elementor-item\">R\u00e9sum\u00e9 des options de pr\u00e9servation de la fertilit\u00e9.<\/a><\/li>\n<li class=\"menu-item menu-item-type-post_type menu-item-object-page menu-item-6990\"><a href=\"https:\/\/cancerfertilityandme.org.uk\/adult-women\/fertility-preservation-options\/no-fertility-preservation\/\" class=\"elementor-item\">Aucune pr\u00e9servation de la fertilit\u00e9<\/a><\/li>\n<li class=\"menu-item menu-item-type-post_type menu-item-object-page menu-item-6987\"><a href=\"https:\/\/cancerfertilityandme.org.uk\/adult-women\/fertility-preservation-options\/egg-freezing\/\" class=\"elementor-item\">Cong\u00e9lation des ovules<\/a><\/li>\n<li class=\"menu-item menu-item-type-post_type menu-item-object-page menu-item-6988\"><a href=\"https:\/\/cancerfertilityandme.org.uk\/adult-women\/fertility-preservation-options\/embryo-freezing\/\" class=\"elementor-item\">Cong\u00e9lation d&#8217;embryons<\/a><\/li>\n<li class=\"menu-item menu-item-type-post_type menu-item-object-page menu-item-6992\"><a href=\"https:\/\/cancerfertilityandme.org.uk\/adult-women\/fertility-preservation-options\/ovarian-tissue-freezing\/\" class=\"elementor-item\">Cong\u00e9lation du tissu ovarien<\/a><\/li>\n<li class=\"menu-item menu-item-type-post_type menu-item-object-page menu-item-6991\"><a href=\"https:\/\/cancerfertilityandme.org.uk\/adult-women\/fertility-preservation-options\/ovarian-suppression\/\" class=\"elementor-item\">Suppression de la fonction ovarienne<\/a><\/li>\n<li class=\"menu-item menu-item-type-post_type menu-item-object-page menu-item-6986\"><a href=\"https:\/\/cancerfertilityandme.org.uk\/adult-women\/fertility-preservation-options\/cancer-specific-fertility-sparing-options\/\" class=\"elementor-item\">Techniques \u00e9conomes en fertilit\u00e9 sp\u00e9cifiques \u00e0 certains cancers<\/a><\/li>\n<li class=\"menu-item menu-item-type-post_type menu-item-object-page menu-item-11368\"><a href=\"https:\/\/cancerfertilityandme.org.uk\/adult-women\/fertility-preservation-options\/other-cancer-treatments\/\" class=\"elementor-item\">Autres traitements anticanc\u00e9reux<\/a><\/li>\n<li class=\"menu-item menu-item-type-post_type menu-item-object-page menu-item-6993\"><a href=\"https:\/\/cancerfertilityandme.org.uk\/adult-women\/fertility-preservation-options\/questions-to-ask-your-cancer-fertility-care-teams\/\" class=\"elementor-item\">Questions \u00e0 poser \u00e0 votre \u00e9quipe de canc\u00e9rologie et \u00e0 votre \u00e9quipe de soins de fertilit\u00e9<\/a><\/li>\n<\/ul>\t\t\t<\/nav>\n\t\t\t\t\t\t<nav class=\"elementor-nav-menu--dropdown elementor-nav-menu__container\" aria-hidden=\"true\">\n\t\t\t\t<ul id=\"menu-2-30636de4\" class=\"elementor-nav-menu sm-vertical\"><li class=\"menu-item menu-item-type-post_type menu-item-object-page menu-item-6985\"><a href=\"https:\/\/cancerfertilityandme.org.uk\/adult-women\/fertility-preservation-options\/\" class=\"elementor-item\" tabindex=\"-1\">Les options de pr\u00e9servation de la fertilit\u00e9<\/a><\/li>\n<li class=\"menu-item menu-item-type-post_type menu-item-object-page menu-item-6994\"><a href=\"https:\/\/cancerfertilityandme.org.uk\/adult-women\/fertility-preservation-options\/summary-of-fertility-preservation-options\/\" class=\"elementor-item\" tabindex=\"-1\">R\u00e9sum\u00e9 des options de pr\u00e9servation de la fertilit\u00e9.<\/a><\/li>\n<li class=\"menu-item menu-item-type-post_type menu-item-object-page menu-item-6990\"><a href=\"https:\/\/cancerfertilityandme.org.uk\/adult-women\/fertility-preservation-options\/no-fertility-preservation\/\" class=\"elementor-item\" tabindex=\"-1\">Aucune pr\u00e9servation de la fertilit\u00e9<\/a><\/li>\n<li class=\"menu-item menu-item-type-post_type menu-item-object-page menu-item-6987\"><a href=\"https:\/\/cancerfertilityandme.org.uk\/adult-women\/fertility-preservation-options\/egg-freezing\/\" class=\"elementor-item\" tabindex=\"-1\">Cong\u00e9lation des ovules<\/a><\/li>\n<li class=\"menu-item menu-item-type-post_type menu-item-object-page menu-item-6988\"><a href=\"https:\/\/cancerfertilityandme.org.uk\/adult-women\/fertility-preservation-options\/embryo-freezing\/\" class=\"elementor-item\" tabindex=\"-1\">Cong\u00e9lation d&#8217;embryons<\/a><\/li>\n<li class=\"menu-item menu-item-type-post_type menu-item-object-page menu-item-6992\"><a href=\"https:\/\/cancerfertilityandme.org.uk\/adult-women\/fertility-preservation-options\/ovarian-tissue-freezing\/\" class=\"elementor-item\" tabindex=\"-1\">Cong\u00e9lation du tissu ovarien<\/a><\/li>\n<li class=\"menu-item menu-item-type-post_type menu-item-object-page menu-item-6991\"><a href=\"https:\/\/cancerfertilityandme.org.uk\/adult-women\/fertility-preservation-options\/ovarian-suppression\/\" class=\"elementor-item\" tabindex=\"-1\">Suppression de la fonction ovarienne<\/a><\/li>\n<li class=\"menu-item menu-item-type-post_type menu-item-object-page menu-item-6986\"><a href=\"https:\/\/cancerfertilityandme.org.uk\/adult-women\/fertility-preservation-options\/cancer-specific-fertility-sparing-options\/\" class=\"elementor-item\" tabindex=\"-1\">Techniques \u00e9conomes en fertilit\u00e9 sp\u00e9cifiques \u00e0 certains cancers<\/a><\/li>\n<li class=\"menu-item menu-item-type-post_type menu-item-object-page menu-item-11368\"><a href=\"https:\/\/cancerfertilityandme.org.uk\/adult-women\/fertility-preservation-options\/other-cancer-treatments\/\" class=\"elementor-item\" tabindex=\"-1\">Autres traitements anticanc\u00e9reux<\/a><\/li>\n<li class=\"menu-item menu-item-type-post_type menu-item-object-page menu-item-6993\"><a href=\"https:\/\/cancerfertilityandme.org.uk\/adult-women\/fertility-preservation-options\/questions-to-ask-your-cancer-fertility-care-teams\/\" class=\"elementor-item\" tabindex=\"-1\">Questions \u00e0 poser \u00e0 votre \u00e9quipe de canc\u00e9rologie et \u00e0 votre \u00e9quipe de soins de fertilit\u00e9<\/a><\/li>\n<\/ul>\t\t\t<\/nav>\n\t\t\t\t\t\t<\/div>\n\t\t\t\t<\/div>\n\t\t\t\t<\/div>\n\t\t\t\t<\/div>\n\t\t\t\t\t<\/div>\n\t\t\t\t<\/main>\n\t\t\t\t<\/div>\n\t\t","protected":false},"excerpt":{"rendered":"<p>R\u00e9sum\u00e9 des options de pr\u00e9servation de la fertilit\u00e9. Aucune pr\u00e9servation de la fertilit\u00e9 A qui est-elle destin\u00e9e ? Aux femmes qui : veulent attendre et voir ; ont d\u00e9j\u00e0 une famille compl\u00e8te ; ne souhaitent pas avoir d\u2019enfant \u00e0 l\u2019issue des traitements anticanc\u00e9reux ; ont besoin de commencer un traitement anticanc\u00e9reux imm\u00e9diatement ; n\u2019ont aucune [&hellip;]<\/p>\n","protected":false},"author":1,"featured_media":0,"parent":5822,"menu_order":0,"comment_status":"closed","ping_status":"open","template":"","meta":{"footnotes":""},"class_list":["post-5854","page","type-page","status-publish","hentry"],"_links":{"self":[{"href":"https:\/\/cancerfertilityandme.org.uk\/fr\/wp-json\/wp\/v2\/pages\/5854","targetHints":{"allow":["GET"]}}],"collection":[{"href":"https:\/\/cancerfertilityandme.org.uk\/fr\/wp-json\/wp\/v2\/pages"}],"about":[{"href":"https:\/\/cancerfertilityandme.org.uk\/fr\/wp-json\/wp\/v2\/types\/page"}],"author":[{"embeddable":true,"href":"https:\/\/cancerfertilityandme.org.uk\/fr\/wp-json\/wp\/v2\/users\/1"}],"replies":[{"embeddable":true,"href":"https:\/\/cancerfertilityandme.org.uk\/fr\/wp-json\/wp\/v2\/comments?post=5854"}],"version-history":[{"count":4,"href":"https:\/\/cancerfertilityandme.org.uk\/fr\/wp-json\/wp\/v2\/pages\/5854\/revisions"}],"predecessor-version":[{"id":9536,"href":"https:\/\/cancerfertilityandme.org.uk\/fr\/wp-json\/wp\/v2\/pages\/5854\/revisions\/9536"}],"up":[{"embeddable":true,"href":"https:\/\/cancerfertilityandme.org.uk\/fr\/wp-json\/wp\/v2\/pages\/5822"}],"wp:attachment":[{"href":"https:\/\/cancerfertilityandme.org.uk\/fr\/wp-json\/wp\/v2\/media?parent=5854"}],"curies":[{"name":"wp","href":"https:\/\/api.w.org\/{rel}","templated":true}]}}